{"id":133151,"date":"2025-10-18T04:34:21","date_gmt":"2025-10-18T02:34:21","guid":{"rendered":"https:\/\/dachzeltnomaden.com\/shop\/?post_type=product&#038;p=133151"},"modified":"2025-11-10T02:44:23","modified_gmt":"2025-11-10T01:44:23","slug":"kingcamp-duschzelt","status":"publish","type":"product","link":"https:\/\/dachzeltnomaden.com\/shop\/produkt\/kingcamp-duschzelt\/","title":{"rendered":"KingCamp<br>Duschzelt"},"content":{"rendered":"\n<div class=\"wp-block-uagb-container uagb-block-be52fc24 default uagb-is-root-container\">\n<div class=\"wp-block-uagb-advanced-heading uagb-block-233add0f\"><h6 class=\"uagb-heading-text\">WERBUNG<\/h6><\/div>\n\n\n\n<p class=\"has-ast-global-color-5-color has-ast-global-color-2-background-color has-text-color has-background has-link-color wp-elements-f69613c4d78da4f224e546ecf1f74d0b\">Du suchst noch nach einem praktischen Duschzelt f\u00fcr deinen Dachzelt-Urlaub? Wie w\u00e4re es mit einem von KingCamp!<br><br>*Die Links sind Affiliate Links. Wenn du dich f\u00fcr den Kauf eines KingCamp Duschzelts entscheidest, erhalten die Dachzeltnomaden eine Provision. Damit unterst\u00fctzt du uns &amp; unsere Arbeit. F\u00fcr dich kostet das KingCamp Duschzelt deshalb nicht mehr.<\/p>\n\n\n\n<div class=\"wp-block-uagb-advanced-heading uagb-block-b21af034\"><p class=\"uagb-desc-text\">Gesch\u00fctzt duschen!<\/p><h2 class=\"uagb-heading-text\">Duschzelt Marasusa II<\/h2><div class=\"uagb-separator\"><\/div><\/div>\n\n\n\n<p>Das Multifunktions-Zelt Marasusa II mit 2,1 m Stehh\u00f6he kann von 2 Personen gleichzeitig genutzt werden. Es bietet diverse Befestigungsm\u00f6glichkeiten und komfortabel Raum um als Duschzelt, Lagerzelt, Angelzelt oder Umkleidekabine verwendet zu werden. Dank der Trennwand mit umlaufendem Rei\u00dfverschluss kann erst in einer Kabine geduscht werden um sich danach in der anderen Kabine in Ruhe anzuziehen. Pro Kabine erm\u00f6glichen 2 integrierte Haken das Anbringen einer Campingdusche o.\u00e4.. Die integrierte H\u00e4ngeleine bietet zudem Platz f\u00fcr Handt\u00fccher und weitere Dinge &#8211; ebenso wie das eingen\u00e4hte Staufach innen und die zus\u00e4tzliche Tasche au\u00dfen.<br><br>Durch die simple Konstruktionsweise und die praktischen Stangenclips ist das Marasusa II einfach auf- und wieder abzubauen. Dank seiner gro\u00dfen, mit Mesh oder komplett offen nutzbaren Fenster ist f\u00fcr optimale L\u00fcftung und Lichteinfall gesorgt. Zus\u00e4tzlich sorgt die gro\u00dfe Bel\u00fcftung an der Oberseite f\u00fcr eine gute Dauerventilation. Das UV-resistente Material ist rei\u00dffest und wasserabweisend mit einer Wassers\u00e4ule von 1500 mm. Der Boden aus Mesh h\u00e4lt K\u00e4fer, Spinnen und andere St\u00f6renfriede zuverl\u00e4ssig fern und erh\u00f6ht die Ventilation.<\/p>\n<\/div>\n\n\n\n<div class=\"wp-block-uagb-container uagb-block-ae00b476 default uagb-is-root-container\">\n<div class=\"wp-block-uagb-container uagb-block-3d544ad6\">\n<figure class=\"wp-block-gallery has-nested-images columns-2 is-cropped wp-block-gallery-1 is-layout-flex wp-block-gallery-is-layout-flex\">\n<figure class=\"wp-block-image alignright size-full has-custom-border is-style-default\"><img decoding=\"async\" width=\"800\" height=\"800\" data-id=\"133153\" src=\"https:\/\/dachzeltnomaden.com\/shop\/wp-content\/uploads\/2025\/10\/dachzeltnomaden-shop-zubehoer-waschen-toilette-kingcamp-duschzelt-marasusa-II-kaufen_4.webp\" alt=\"kingcamp duschzelt marasusa II kaufen\" class=\"wp-image-133153\" style=\"border-radius:10px\" srcset=\"https:\/\/dachzeltnomaden.com\/shop\/wp-content\/uploads\/2025\/10\/dachzeltnomaden-shop-zubehoer-waschen-toilette-kingcamp-duschzelt-marasusa-II-kaufen_4.webp 800w, https:\/\/dachzeltnomaden.com\/shop\/wp-content\/uploads\/2025\/10\/dachzeltnomaden-shop-zubehoer-waschen-toilette-kingcamp-duschzelt-marasusa-II-kaufen_4-300x300.webp 300w, https:\/\/dachzeltnomaden.com\/shop\/wp-content\/uploads\/2025\/10\/dachzeltnomaden-shop-zubehoer-waschen-toilette-kingcamp-duschzelt-marasusa-II-kaufen_4-512x512.webp 512w, https:\/\/dachzeltnomaden.com\/shop\/wp-content\/uploads\/2025\/10\/dachzeltnomaden-shop-zubehoer-waschen-toilette-kingcamp-duschzelt-marasusa-II-kaufen_4-600x600.webp 600w, https:\/\/dachzeltnomaden.com\/shop\/wp-content\/uploads\/2025\/10\/dachzeltnomaden-shop-zubehoer-waschen-toilette-kingcamp-duschzelt-marasusa-II-kaufen_4-768x768.webp 768w, https:\/\/dachzeltnomaden.com\/shop\/wp-content\/uploads\/2025\/10\/dachzeltnomaden-shop-zubehoer-waschen-toilette-kingcamp-duschzelt-marasusa-II-kaufen_4-100x100.webp 100w\" sizes=\"(max-width: 800px) 100vw, 800px\" \/><\/figure>\n\n\n\n<figure class=\"wp-block-image size-full has-custom-border\"><img decoding=\"async\" width=\"800\" height=\"800\" data-id=\"133154\" src=\"https:\/\/dachzeltnomaden.com\/shop\/wp-content\/uploads\/2025\/10\/dachzeltnomaden-shop-zubehoer-waschen-toilette-kingcamp-duschzelt-marasusa-II-kaufen_3.webp\" alt=\"kingcamp duschzelt marasusa II kaufen\" class=\"wp-image-133154\" style=\"border-radius:10px\" srcset=\"https:\/\/dachzeltnomaden.com\/shop\/wp-content\/uploads\/2025\/10\/dachzeltnomaden-shop-zubehoer-waschen-toilette-kingcamp-duschzelt-marasusa-II-kaufen_3.webp 800w, https:\/\/dachzeltnomaden.com\/shop\/wp-content\/uploads\/2025\/10\/dachzeltnomaden-shop-zubehoer-waschen-toilette-kingcamp-duschzelt-marasusa-II-kaufen_3-300x300.webp 300w, https:\/\/dachzeltnomaden.com\/shop\/wp-content\/uploads\/2025\/10\/dachzeltnomaden-shop-zubehoer-waschen-toilette-kingcamp-duschzelt-marasusa-II-kaufen_3-512x512.webp 512w, https:\/\/dachzeltnomaden.com\/shop\/wp-content\/uploads\/2025\/10\/dachzeltnomaden-shop-zubehoer-waschen-toilette-kingcamp-duschzelt-marasusa-II-kaufen_3-600x600.webp 600w, https:\/\/dachzeltnomaden.com\/shop\/wp-content\/uploads\/2025\/10\/dachzeltnomaden-shop-zubehoer-waschen-toilette-kingcamp-duschzelt-marasusa-II-kaufen_3-768x768.webp 768w, https:\/\/dachzeltnomaden.com\/shop\/wp-content\/uploads\/2025\/10\/dachzeltnomaden-shop-zubehoer-waschen-toilette-kingcamp-duschzelt-marasusa-II-kaufen_3-100x100.webp 100w\" sizes=\"(max-width: 800px) 100vw, 800px\" \/><\/figure>\n\n\n\n<figure class=\"wp-block-image size-full has-custom-border\"><img decoding=\"async\" width=\"800\" height=\"800\" data-id=\"133155\" src=\"https:\/\/dachzeltnomaden.com\/shop\/wp-content\/uploads\/2025\/10\/dachzeltnomaden-shop-zubehoer-waschen-toilette-kingcamp-duschzelt-marasusa-II-kaufen_2.webp\" alt=\"kingcamp duschzelt marasusa II kaufen\" class=\"wp-image-133155\" style=\"border-radius:10px\" srcset=\"https:\/\/dachzeltnomaden.com\/shop\/wp-content\/uploads\/2025\/10\/dachzeltnomaden-shop-zubehoer-waschen-toilette-kingcamp-duschzelt-marasusa-II-kaufen_2.webp 800w, https:\/\/dachzeltnomaden.com\/shop\/wp-content\/uploads\/2025\/10\/dachzeltnomaden-shop-zubehoer-waschen-toilette-kingcamp-duschzelt-marasusa-II-kaufen_2-300x300.webp 300w, https:\/\/dachzeltnomaden.com\/shop\/wp-content\/uploads\/2025\/10\/dachzeltnomaden-shop-zubehoer-waschen-toilette-kingcamp-duschzelt-marasusa-II-kaufen_2-512x512.webp 512w, https:\/\/dachzeltnomaden.com\/shop\/wp-content\/uploads\/2025\/10\/dachzeltnomaden-shop-zubehoer-waschen-toilette-kingcamp-duschzelt-marasusa-II-kaufen_2-600x600.webp 600w, https:\/\/dachzeltnomaden.com\/shop\/wp-content\/uploads\/2025\/10\/dachzeltnomaden-shop-zubehoer-waschen-toilette-kingcamp-duschzelt-marasusa-II-kaufen_2-768x768.webp 768w, https:\/\/dachzeltnomaden.com\/shop\/wp-content\/uploads\/2025\/10\/dachzeltnomaden-shop-zubehoer-waschen-toilette-kingcamp-duschzelt-marasusa-II-kaufen_2-100x100.webp 100w\" sizes=\"(max-width: 800px) 100vw, 800px\" \/><\/figure>\n\n\n\n<figure class=\"wp-block-image size-full has-custom-border\"><img decoding=\"async\" width=\"800\" height=\"800\" data-id=\"133156\" src=\"https:\/\/dachzeltnomaden.com\/shop\/wp-content\/uploads\/2025\/10\/dachzeltnomaden-shop-zubehoer-waschen-toilette-kingcamp-duschzelt-marasusa-II-kaufen.webp\" alt=\"kingcamp duschzelt marasusa II kaufen\" class=\"wp-image-133156\" style=\"border-radius:10px\" srcset=\"https:\/\/dachzeltnomaden.com\/shop\/wp-content\/uploads\/2025\/10\/dachzeltnomaden-shop-zubehoer-waschen-toilette-kingcamp-duschzelt-marasusa-II-kaufen.webp 800w, https:\/\/dachzeltnomaden.com\/shop\/wp-content\/uploads\/2025\/10\/dachzeltnomaden-shop-zubehoer-waschen-toilette-kingcamp-duschzelt-marasusa-II-kaufen-300x300.webp 300w, https:\/\/dachzeltnomaden.com\/shop\/wp-content\/uploads\/2025\/10\/dachzeltnomaden-shop-zubehoer-waschen-toilette-kingcamp-duschzelt-marasusa-II-kaufen-512x512.webp 512w, https:\/\/dachzeltnomaden.com\/shop\/wp-content\/uploads\/2025\/10\/dachzeltnomaden-shop-zubehoer-waschen-toilette-kingcamp-duschzelt-marasusa-II-kaufen-600x600.webp 600w, https:\/\/dachzeltnomaden.com\/shop\/wp-content\/uploads\/2025\/10\/dachzeltnomaden-shop-zubehoer-waschen-toilette-kingcamp-duschzelt-marasusa-II-kaufen-768x768.webp 768w, https:\/\/dachzeltnomaden.com\/shop\/wp-content\/uploads\/2025\/10\/dachzeltnomaden-shop-zubehoer-waschen-toilette-kingcamp-duschzelt-marasusa-II-kaufen-100x100.webp 100w\" sizes=\"(max-width: 800px) 100vw, 800px\" \/><\/figure>\n<\/figure>\n<\/div>\n\n\n\n<div class=\"wp-block-uagb-container uagb-block-76ea1ad4\">\n<h4 class=\"wp-block-heading\" style=\"margin-top:0px;margin-bottom:0px\">Eigenschaften<\/h4>\n\n\n\n<ul class=\"wp-block-list\">\n<li>2,10 m Standh\u00f6he<\/li>\n\n\n\n<li>2 getrennt nutzbare R\u00e4ume<\/li>\n\n\n\n<li>Raumwechsel durch Rei\u00dfverschluss-Trennwand m\u00f6glich<\/li>\n\n\n\n<li>Mit Mesh Boden gegen K\u00e4fer etc.<\/li>\n\n\n\n<li>Mesh Fenster mit Gardine<\/li>\n\n\n\n<li>Abnehmbarer Regenschutz<\/li>\n\n\n\n<li>Zus\u00e4tzliche Tasche an der Au\u00dfenseite<\/li>\n\n\n\n<li>UV-resistentes Material mit 1500 mm Wassers\u00e4ule<\/li>\n\n\n\n<li><strong>Funktionen:<\/strong> Bel\u00fcftete Oberseite, integrierte Leine &amp; 2 Haken zum Aufh\u00e4ngen<\/li>\n\n\n\n<li><strong>Material:<\/strong> 100 % Polyester (150D) &#8211; wasserabweisend mit 1500 mm Wassers\u00e4ule<\/li>\n\n\n\n<li><strong>Ma\u00dfe (LxBxH):<\/strong> 213 x 106 x 210 cm<\/li>\n\n\n\n<li><strong>Packma\u00df: <\/strong>\u00d820 x 58 cm<\/li>\n\n\n\n<li><strong>Gewicht:<\/strong> 7,6 kg<\/li>\n\n\n\n<li><strong>Lieferumfang:<\/strong> Inklusive 4 Stahlstangen, 5 Fiberglasstangen, 4 Abspannseile, 10 Stahln\u00e4gel<\/li>\n<\/ul>\n\n\n\n<div class=\"wp-block-buttons is-layout-flex wp-block-buttons-is-layout-flex\">\n<div class=\"wp-block-button\"><a class=\"wp-block-button__link wp-element-button\" href=\"https:\/\/t.adcell.com\/p\/click?promoId=382609&amp;slotId=92838&amp;param0=https%3A%2F%2Fkingcamp.de%2Fproducts%2Fkingcamp-marasusa-ii-1\" target=\"_blank\" rel=\"noreferrer noopener\">Zu Marasusa II schwarz<\/a><\/div>\n\n\n\n<div class=\"wp-block-button\"><a class=\"wp-block-button__link wp-element-button\" href=\"https:\/\/t.adcell.com\/p\/click?promoId=382609&amp;slotId=92838&amp;param0=https%3A%2F%2Fkingcamp.de%2Fproducts%2Fkingcamp-marasusa-ii\" target=\"_blank\" rel=\"noreferrer noopener\">Zu Marasusa II blau<\/a><\/div>\n<\/div>\n<\/div>\n<\/div>\n","protected":false},"excerpt":{"rendered":"<p>WERBUNG Du suchst noch nach einem praktischen Duschzelt f\u00fcr deinen Dachzelt-Urlaub? Wie w\u00e4re es mit einem von KingCamp! *Die Links [&hellip;]<\/p>\n","protected":false},"featured_media":133152,"template":"","meta":{"_uag_custom_page_level_css":"","site-sidebar-layout":"default","site-content-layout":"","ast-site-content-layout":"default","site-content-style":"default","site-sidebar-style":"default","ast-global-header-display":"","ast-banner-title-visibility":"","ast-main-header-display":"","ast-hfb-above-header-display":"","ast-hfb-below-header-display":"","ast-hfb-mobile-header-display":"","site-post-title":"","ast-breadcrumbs-content":"","ast-featured-img":"","footer-sml-layout":"","ast-disable-related-posts":"","theme-transparent-header-meta":"","adv-header-id-meta":"","stick-header-meta":"","header-above-stick-meta":"","header-main-stick-meta":"","header-below-stick-meta":"","astra-migrate-meta-layouts":"default","ast-page-background-enabled":"default","ast-page-background-meta":{"desktop":{"background-color":"var(--ast-global-color-4)","background-image":"","background-repeat":"repeat","background-position":"center center","background-size":"auto","background-attachment":"scroll","background-type":"","background-media":"","overlay-type":"","overlay-color":"","overlay-opacity":"","overlay-gradient":""},"tablet":{"background-color":"","background-image":"","background-repeat":"repeat","background-position":"center center","background-size":"auto","background-attachment":"scroll","background-type":"","background-media":"","overlay-type":"","overlay-color":"","overlay-opacity":"","overlay-gradient":""},"mobile":{"background-color":"","background-image":"","background-repeat":"repeat","background-position":"center center","background-size":"auto","background-attachment":"scroll","background-type":"","background-media":"","overlay-type":"","overlay-color":"","overlay-opacity":"","overlay-gradient":""}},"ast-content-background-meta":{"desktop":{"background-color":"var(--ast-global-color-5)","background-image":"","background-repeat":"repeat","background-position":"center center","background-size":"auto","background-attachment":"scroll","background-type":"","background-media":"","overlay-type":"","overlay-color":"","overlay-opacity":"","overlay-gradient":""},"tablet":{"background-color":"var(--ast-global-color-5)","background-image":"","background-repeat":"repeat","background-position":"center center","background-size":"auto","background-attachment":"scroll","background-type":"","background-media":"","overlay-type":"","overlay-color":"","overlay-opacity":"","overlay-gradient":""},"mobile":{"background-color":"var(--ast-global-color-5)","background-image":"","background-repeat":"repeat","background-position":"center center","background-size":"auto","background-attachment":"scroll","background-type":"","background-media":"","overlay-type":"","overlay-color":"","overlay-opacity":"","overlay-gradient":""}},"_themeisle_gutenberg_block_has_review":false},"product_brand":[],"product_cat":[101,102],"product_tag":[347,370],"class_list":{"0":"post-133151","1":"product","2":"type-product","3":"status-publish","4":"has-post-thumbnail","6":"product_cat-zubehoer","7":"product_cat-waschen-toilette","8":"product_tag-kingcamp","9":"product_tag-duschzelt","10":"desktop-align-left","11":"tablet-align-left","12":"mobile-align-left","13":"ast-product-gallery-layout-vertical-slider","14":"ast-product-tabs-layout-horizontal","16":"first","17":"instock","18":"taxable","19":"shipping-taxable","20":"purchasable","21":"product-type-external"},"exclude_global_add_ons":[],"addons":[],"uagb_featured_image_src":{"full":["https:\/\/dachzeltnomaden.com\/shop\/wp-content\/uploads\/2025\/10\/dachzeltnomaden-shop-zubehoer-waschen-toilette-kingcamp-duschzelt-marasusa-II-kaufen_5.webp",800,800,false],"thumbnail":["https:\/\/dachzeltnomaden.com\/shop\/wp-content\/uploads\/2025\/10\/dachzeltnomaden-shop-zubehoer-waschen-toilette-kingcamp-duschzelt-marasusa-II-kaufen_5-600x600.webp",600,600,true],"medium":["https:\/\/dachzeltnomaden.com\/shop\/wp-content\/uploads\/2025\/10\/dachzeltnomaden-shop-zubehoer-waschen-toilette-kingcamp-duschzelt-marasusa-II-kaufen_5-300x300.webp",300,300,true],"medium_large":["https:\/\/dachzeltnomaden.com\/shop\/wp-content\/uploads\/2025\/10\/dachzeltnomaden-shop-zubehoer-waschen-toilette-kingcamp-duschzelt-marasusa-II-kaufen_5-768x768.webp",768,768,true],"large":["https:\/\/dachzeltnomaden.com\/shop\/wp-content\/uploads\/2025\/10\/dachzeltnomaden-shop-zubehoer-waschen-toilette-kingcamp-duschzelt-marasusa-II-kaufen_5-512x512.webp",512,512,true],"1536x1536":["https:\/\/dachzeltnomaden.com\/shop\/wp-content\/uploads\/2025\/10\/dachzeltnomaden-shop-zubehoer-waschen-toilette-kingcamp-duschzelt-marasusa-II-kaufen_5.webp",800,800,false],"2048x2048":["https:\/\/dachzeltnomaden.com\/shop\/wp-content\/uploads\/2025\/10\/dachzeltnomaden-shop-zubehoer-waschen-toilette-kingcamp-duschzelt-marasusa-II-kaufen_5.webp",800,800,false],"woocommerce_thumbnail":["https:\/\/dachzeltnomaden.com\/shop\/wp-content\/uploads\/2025\/10\/dachzeltnomaden-shop-zubehoer-waschen-toilette-kingcamp-duschzelt-marasusa-II-kaufen_5-600x600.webp",600,600,true],"woocommerce_single":["https:\/\/dachzeltnomaden.com\/shop\/wp-content\/uploads\/2025\/10\/dachzeltnomaden-shop-zubehoer-waschen-toilette-kingcamp-duschzelt-marasusa-II-kaufen_5.webp",800,800,false],"woocommerce_gallery_thumbnail":["https:\/\/dachzeltnomaden.com\/shop\/wp-content\/uploads\/2025\/10\/dachzeltnomaden-shop-zubehoer-waschen-toilette-kingcamp-duschzelt-marasusa-II-kaufen_5-100x100.webp",100,100,true]},"uagb_author_info":{"display_name":"Jasmine","author_link":"https:\/\/dachzeltnomaden.com\/shop\/author\/"},"uagb_comment_info":0,"uagb_excerpt":"WERBUNG Du suchst noch nach einem praktischen Duschzelt f\u00fcr deinen Dachzelt-Urlaub? Wie w\u00e4re es mit einem von KingCamp! *Die Links [&hellip;]","_links":{"self":[{"href":"https:\/\/dachzeltnomaden.com\/shop\/wp-json\/wp\/v2\/product\/133151","targetHints":{"allow":["GET"]}}],"collection":[{"href":"https:\/\/dachzeltnomaden.com\/shop\/wp-json\/wp\/v2\/product"}],"about":[{"href":"https:\/\/dachzeltnomaden.com\/shop\/wp-json\/wp\/v2\/types\/product"}],"wp:featuredmedia":[{"embeddable":true,"href":"https:\/\/dachzeltnomaden.com\/shop\/wp-json\/wp\/v2\/media\/133152"}],"wp:attachment":[{"href":"https:\/\/dachzeltnomaden.com\/shop\/wp-json\/wp\/v2\/media?parent=133151"}],"wp:term":[{"taxonomy":"product_brand","embeddable":true,"href":"https:\/\/dachzeltnomaden.com\/shop\/wp-json\/wp\/v2\/product_brand?post=133151"},{"taxonomy":"product_cat","embeddable":true,"href":"https:\/\/dachzeltnomaden.com\/shop\/wp-json\/wp\/v2\/product_cat?post=133151"},{"taxonomy":"product_tag","embeddable":true,"href":"https:\/\/dachzeltnomaden.com\/shop\/wp-json\/wp\/v2\/product_tag?post=133151"}],"curies":[{"name":"wp","href":"https:\/\/api.w.org\/{rel}","templated":true}]}}