{"id":132996,"date":"2025-10-17T03:55:31","date_gmt":"2025-10-17T01:55:31","guid":{"rendered":"https:\/\/dachzeltnomaden.com\/shop\/?post_type=product&#038;p=132996"},"modified":"2025-10-17T10:17:55","modified_gmt":"2025-10-17T08:17:55","slug":"kingcamp-campinghocker","status":"publish","type":"product","link":"https:\/\/dachzeltnomaden.com\/shop\/produkt\/kingcamp-campinghocker\/","title":{"rendered":"KingCamp<br>Campinghocker"},"content":{"rendered":"\n<div class=\"wp-block-uagb-container uagb-block-be52fc24 default uagb-is-root-container\">\n<div class=\"wp-block-uagb-advanced-heading uagb-block-233add0f\"><h6 class=\"uagb-heading-text\">WERBUNG<\/h6><\/div>\n\n\n\n<p class=\"has-ast-global-color-5-color has-ast-global-color-2-background-color has-text-color has-background has-link-color wp-elements-847a1597bd354d772b78872e3e907693\">Du suchst noch nach einen praktischen Campinghocker? Wie w\u00e4re es mit einem von KingCamp!<br><br>*Die Links sind Affiliate Links. Wenn du dich f\u00fcr den Kauf eines KingCamp Campinghockers entscheidest, erhalten die Dachzeltnomaden eine Provision. Damit unterst\u00fctzt du uns &amp; unsere Arbeit. F\u00fcr dich kostet der KingCamp Campinghocker deshalb nicht mehr.<\/p>\n\n\n\n<div class=\"wp-block-uagb-advanced-heading uagb-block-b21af034\"><p class=\"uagb-desc-text\">Praktisch &amp; kompakt!<\/p><h2 class=\"uagb-heading-text\">Campinghocker Mini Stool<\/h2><div class=\"uagb-separator\"><\/div><\/div>\n\n\n\n<p>Dieser Mini-Campinghocker aus rei\u00dffestem 1200D\/600D Oxford-Polyester ist ein Leichtgewicht, das auf ein minimales Packma\u00dfe (38 x 12 cm) faltbar ist und gerade einmal 650 g auf die Waage bringt. Dank des robusten Gest\u00e4nges und verst\u00e4rkter Ecken ist er dabei mit bis zu 150 kg belastbar!<br><br>Der Hocker ist in Kombination mit einem Campingstuhl auch perfekt als Fu\u00dfablage zu verwenden. Nach Gebrauch l\u00e4sst sich der Hocker ganz einfach zusammenfalten und im mitgelieferten Packsack m\u00fchelos \u00fcberall mit hinnehmen.<\/p>\n<\/div>\n\n\n\n<div class=\"wp-block-uagb-container uagb-block-ae00b476 default uagb-is-root-container\">\n<div class=\"wp-block-uagb-container uagb-block-3d544ad6\">\n<figure class=\"wp-block-gallery has-nested-images columns-2 is-cropped wp-block-gallery-1 is-layout-flex wp-block-gallery-is-layout-flex\">\n<figure class=\"wp-block-image alignright size-full has-custom-border is-style-default\"><img decoding=\"async\" width=\"800\" height=\"800\" data-id=\"133000\" src=\"https:\/\/dachzeltnomaden.com\/shop\/wp-content\/uploads\/2025\/10\/dachzeltnomaden-shop-zubehoer-campingmoebel-kingcamp-campinghocker-mini-stool.webp\" alt=\"kingcamp campinghocker mini stool kaufen\" class=\"wp-image-133000\" style=\"border-radius:10px\" srcset=\"https:\/\/dachzeltnomaden.com\/shop\/wp-content\/uploads\/2025\/10\/dachzeltnomaden-shop-zubehoer-campingmoebel-kingcamp-campinghocker-mini-stool.webp 800w, https:\/\/dachzeltnomaden.com\/shop\/wp-content\/uploads\/2025\/10\/dachzeltnomaden-shop-zubehoer-campingmoebel-kingcamp-campinghocker-mini-stool-300x300.webp 300w, https:\/\/dachzeltnomaden.com\/shop\/wp-content\/uploads\/2025\/10\/dachzeltnomaden-shop-zubehoer-campingmoebel-kingcamp-campinghocker-mini-stool-512x512.webp 512w, https:\/\/dachzeltnomaden.com\/shop\/wp-content\/uploads\/2025\/10\/dachzeltnomaden-shop-zubehoer-campingmoebel-kingcamp-campinghocker-mini-stool-600x600.webp 600w, https:\/\/dachzeltnomaden.com\/shop\/wp-content\/uploads\/2025\/10\/dachzeltnomaden-shop-zubehoer-campingmoebel-kingcamp-campinghocker-mini-stool-768x768.webp 768w, https:\/\/dachzeltnomaden.com\/shop\/wp-content\/uploads\/2025\/10\/dachzeltnomaden-shop-zubehoer-campingmoebel-kingcamp-campinghocker-mini-stool-100x100.webp 100w\" sizes=\"(max-width: 800px) 100vw, 800px\" \/><\/figure>\n\n\n\n<figure class=\"wp-block-image size-full has-custom-border\"><img decoding=\"async\" width=\"800\" height=\"800\" data-id=\"132998\" src=\"https:\/\/dachzeltnomaden.com\/shop\/wp-content\/uploads\/2025\/10\/dachzeltnomaden-shop-zubehoer-campingmoebel-kingcamp-campinghocker-mini-stool-kaufen_2.webp\" alt=\"kingcamp campinghocker mini stool kaufen\" class=\"wp-image-132998\" style=\"border-radius:10px\" srcset=\"https:\/\/dachzeltnomaden.com\/shop\/wp-content\/uploads\/2025\/10\/dachzeltnomaden-shop-zubehoer-campingmoebel-kingcamp-campinghocker-mini-stool-kaufen_2.webp 800w, https:\/\/dachzeltnomaden.com\/shop\/wp-content\/uploads\/2025\/10\/dachzeltnomaden-shop-zubehoer-campingmoebel-kingcamp-campinghocker-mini-stool-kaufen_2-300x300.webp 300w, https:\/\/dachzeltnomaden.com\/shop\/wp-content\/uploads\/2025\/10\/dachzeltnomaden-shop-zubehoer-campingmoebel-kingcamp-campinghocker-mini-stool-kaufen_2-512x512.webp 512w, https:\/\/dachzeltnomaden.com\/shop\/wp-content\/uploads\/2025\/10\/dachzeltnomaden-shop-zubehoer-campingmoebel-kingcamp-campinghocker-mini-stool-kaufen_2-600x600.webp 600w, https:\/\/dachzeltnomaden.com\/shop\/wp-content\/uploads\/2025\/10\/dachzeltnomaden-shop-zubehoer-campingmoebel-kingcamp-campinghocker-mini-stool-kaufen_2-768x768.webp 768w, https:\/\/dachzeltnomaden.com\/shop\/wp-content\/uploads\/2025\/10\/dachzeltnomaden-shop-zubehoer-campingmoebel-kingcamp-campinghocker-mini-stool-kaufen_2-100x100.webp 100w\" sizes=\"(max-width: 800px) 100vw, 800px\" \/><\/figure>\n\n\n\n<figure class=\"wp-block-image size-full has-custom-border\"><img decoding=\"async\" width=\"800\" height=\"800\" data-id=\"132997\" src=\"https:\/\/dachzeltnomaden.com\/shop\/wp-content\/uploads\/2025\/10\/dachzeltnomaden-shop-zubehoer-campingmoebel-kingcamp-campinghocker-mini-stool-kaufen_4.webp\" alt=\"kingcamp campinghocker mini stool kaufen\" class=\"wp-image-132997\" style=\"border-radius:10px\" srcset=\"https:\/\/dachzeltnomaden.com\/shop\/wp-content\/uploads\/2025\/10\/dachzeltnomaden-shop-zubehoer-campingmoebel-kingcamp-campinghocker-mini-stool-kaufen_4.webp 800w, https:\/\/dachzeltnomaden.com\/shop\/wp-content\/uploads\/2025\/10\/dachzeltnomaden-shop-zubehoer-campingmoebel-kingcamp-campinghocker-mini-stool-kaufen_4-300x300.webp 300w, https:\/\/dachzeltnomaden.com\/shop\/wp-content\/uploads\/2025\/10\/dachzeltnomaden-shop-zubehoer-campingmoebel-kingcamp-campinghocker-mini-stool-kaufen_4-512x512.webp 512w, https:\/\/dachzeltnomaden.com\/shop\/wp-content\/uploads\/2025\/10\/dachzeltnomaden-shop-zubehoer-campingmoebel-kingcamp-campinghocker-mini-stool-kaufen_4-600x600.webp 600w, https:\/\/dachzeltnomaden.com\/shop\/wp-content\/uploads\/2025\/10\/dachzeltnomaden-shop-zubehoer-campingmoebel-kingcamp-campinghocker-mini-stool-kaufen_4-768x768.webp 768w, https:\/\/dachzeltnomaden.com\/shop\/wp-content\/uploads\/2025\/10\/dachzeltnomaden-shop-zubehoer-campingmoebel-kingcamp-campinghocker-mini-stool-kaufen_4-100x100.webp 100w\" sizes=\"(max-width: 800px) 100vw, 800px\" \/><\/figure>\n\n\n\n<figure class=\"wp-block-image size-full has-custom-border\"><img decoding=\"async\" width=\"800\" height=\"800\" data-id=\"132999\" src=\"https:\/\/dachzeltnomaden.com\/shop\/wp-content\/uploads\/2025\/10\/dachzeltnomaden-shop-zubehoer-campingmoebel-kingcamp-campinghocker-mini-stool-kaufen.webp\" alt=\"kingcamp campinghocker mini stool kaufen\" class=\"wp-image-132999\" style=\"border-radius:10px\" srcset=\"https:\/\/dachzeltnomaden.com\/shop\/wp-content\/uploads\/2025\/10\/dachzeltnomaden-shop-zubehoer-campingmoebel-kingcamp-campinghocker-mini-stool-kaufen.webp 800w, https:\/\/dachzeltnomaden.com\/shop\/wp-content\/uploads\/2025\/10\/dachzeltnomaden-shop-zubehoer-campingmoebel-kingcamp-campinghocker-mini-stool-kaufen-300x300.webp 300w, https:\/\/dachzeltnomaden.com\/shop\/wp-content\/uploads\/2025\/10\/dachzeltnomaden-shop-zubehoer-campingmoebel-kingcamp-campinghocker-mini-stool-kaufen-512x512.webp 512w, https:\/\/dachzeltnomaden.com\/shop\/wp-content\/uploads\/2025\/10\/dachzeltnomaden-shop-zubehoer-campingmoebel-kingcamp-campinghocker-mini-stool-kaufen-600x600.webp 600w, https:\/\/dachzeltnomaden.com\/shop\/wp-content\/uploads\/2025\/10\/dachzeltnomaden-shop-zubehoer-campingmoebel-kingcamp-campinghocker-mini-stool-kaufen-768x768.webp 768w, https:\/\/dachzeltnomaden.com\/shop\/wp-content\/uploads\/2025\/10\/dachzeltnomaden-shop-zubehoer-campingmoebel-kingcamp-campinghocker-mini-stool-kaufen-100x100.webp 100w\" sizes=\"(max-width: 800px) 100vw, 800px\" \/><\/figure>\n<\/figure>\n<\/div>\n\n\n\n<div class=\"wp-block-uagb-container uagb-block-76ea1ad4\">\n<h4 class=\"wp-block-heading\" style=\"margin-top:0px;margin-bottom:0px\">Eigenschaften<\/h4>\n\n\n\n<ul class=\"wp-block-list\">\n<li>Ultraleicht &amp; Mini-Packma\u00dfe<\/li>\n\n\n\n<li>Verst\u00e4rkte Ecken &amp; gro\u00dfe F\u00fc\u00dfe<\/li>\n\n\n\n<li>Besonders starker Rahmen<\/li>\n\n\n\n<li><strong>Funktionen:<\/strong> Gro\u00dfe Standf\u00fc\u00dfe, als Fu\u00dfablage verwendbar<\/li>\n\n\n\n<li>Bis 150 kg Belastung<\/li>\n\n\n\n<li><strong>Material Bezug:<\/strong> 100% Polyester (1200D\/600D Oxford)<\/li>\n\n\n\n<li><strong>Material Gest\u00e4nge:<\/strong> Stahl<\/li>\n\n\n\n<li><strong>Sitzh\u00f6he:<\/strong> 23 cm<\/li>\n\n\n\n<li><strong>Sitzbreite:<\/strong> 27 cm<\/li>\n\n\n\n<li><strong>Sitztiefe: <\/strong>27 cm<\/li>\n\n\n\n<li><strong>Packma\u00dfe:<\/strong> 38 x 12 x 12 cm<\/li>\n\n\n\n<li><strong>Gewicht:<\/strong> 650 g<\/li>\n\n\n\n<li><strong>Lieferumfang:<\/strong> Inkl.Transporttasche<\/li>\n<\/ul>\n\n\n\n<div class=\"wp-block-buttons is-layout-flex wp-block-buttons-is-layout-flex\">\n<div class=\"wp-block-button\"><a class=\"wp-block-button__link wp-element-button\" href=\"https:\/\/t.adcell.com\/p\/click?promoId=382609&amp;slotId=92838&amp;param0=https%3A%2F%2Fkingcamp.de%2Fproducts%2Fkingcamp-mini-stool-1\" target=\"_blank\" rel=\"noreferrer noopener\">Zum Campinghocker Mini Stool<\/a><\/div>\n<\/div>\n<\/div>\n<\/div>\n","protected":false},"excerpt":{"rendered":"<p>WERBUNG Du suchst noch nach einen praktischen Campinghocker? Wie w\u00e4re es mit einem von KingCamp! *Die Links sind Affiliate Links. [&hellip;]<\/p>\n","protected":false},"featured_media":133000,"template":"","meta":{"_uag_custom_page_level_css":"","site-sidebar-layout":"default","site-content-layout":"","ast-site-content-layout":"default","site-content-style":"default","site-sidebar-style":"default","ast-global-header-display":"","ast-banner-title-visibility":"","ast-main-header-display":"","ast-hfb-above-header-display":"","ast-hfb-below-header-display":"","ast-hfb-mobile-header-display":"","site-post-title":"","ast-breadcrumbs-content":"","ast-featured-img":"","footer-sml-layout":"","ast-disable-related-posts":"","theme-transparent-header-meta":"","adv-header-id-meta":"","stick-header-meta":"","header-above-stick-meta":"","header-main-stick-meta":"","header-below-stick-meta":"","astra-migrate-meta-layouts":"default","ast-page-background-enabled":"default","ast-page-background-meta":{"desktop":{"background-color":"var(--ast-global-color-4)","background-image":"","background-repeat":"repeat","background-position":"center center","background-size":"auto","background-attachment":"scroll","background-type":"","background-media":"","overlay-type":"","overlay-color":"","overlay-opacity":"","overlay-gradient":""},"tablet":{"background-color":"","background-image":"","background-repeat":"repeat","background-position":"center center","background-size":"auto","background-attachment":"scroll","background-type":"","background-media":"","overlay-type":"","overlay-color":"","overlay-opacity":"","overlay-gradient":""},"mobile":{"background-color":"","background-image":"","background-repeat":"repeat","background-position":"center center","background-size":"auto","background-attachment":"scroll","background-type":"","background-media":"","overlay-type":"","overlay-color":"","overlay-opacity":"","overlay-gradient":""}},"ast-content-background-meta":{"desktop":{"background-color":"var(--ast-global-color-5)","background-image":"","background-repeat":"repeat","background-position":"center center","background-size":"auto","background-attachment":"scroll","background-type":"","background-media":"","overlay-type":"","overlay-color":"","overlay-opacity":"","overlay-gradient":""},"tablet":{"background-color":"var(--ast-global-color-5)","background-image":"","background-repeat":"repeat","background-position":"center center","background-size":"auto","background-attachment":"scroll","background-type":"","background-media":"","overlay-type":"","overlay-color":"","overlay-opacity":"","overlay-gradient":""},"mobile":{"background-color":"var(--ast-global-color-5)","background-image":"","background-repeat":"repeat","background-position":"center center","background-size":"auto","background-attachment":"scroll","background-type":"","background-media":"","overlay-type":"","overlay-color":"","overlay-opacity":"","overlay-gradient":""}},"_themeisle_gutenberg_block_has_review":false},"product_brand":[],"product_cat":[101,157,343],"product_tag":[347,367],"class_list":{"0":"post-132996","1":"product","2":"type-product","3":"status-publish","4":"has-post-thumbnail","6":"product_cat-zubehoer","7":"product_cat-outdoor-gadgets-sport","8":"product_cat-campingmoebel","9":"product_tag-kingcamp","10":"product_tag-campinghocker","11":"desktop-align-left","12":"tablet-align-left","13":"mobile-align-left","14":"ast-product-gallery-layout-vertical-slider","15":"ast-product-tabs-layout-horizontal","17":"first","18":"instock","19":"taxable","20":"shipping-taxable","21":"purchasable","22":"product-type-external"},"exclude_global_add_ons":[],"addons":[],"uagb_featured_image_src":{"full":["https:\/\/dachzeltnomaden.com\/shop\/wp-content\/uploads\/2025\/10\/dachzeltnomaden-shop-zubehoer-campingmoebel-kingcamp-campinghocker-mini-stool.webp",800,800,false],"thumbnail":["https:\/\/dachzeltnomaden.com\/shop\/wp-content\/uploads\/2025\/10\/dachzeltnomaden-shop-zubehoer-campingmoebel-kingcamp-campinghocker-mini-stool-600x600.webp",600,600,true],"medium":["https:\/\/dachzeltnomaden.com\/shop\/wp-content\/uploads\/2025\/10\/dachzeltnomaden-shop-zubehoer-campingmoebel-kingcamp-campinghocker-mini-stool-300x300.webp",300,300,true],"medium_large":["https:\/\/dachzeltnomaden.com\/shop\/wp-content\/uploads\/2025\/10\/dachzeltnomaden-shop-zubehoer-campingmoebel-kingcamp-campinghocker-mini-stool-768x768.webp",768,768,true],"large":["https:\/\/dachzeltnomaden.com\/shop\/wp-content\/uploads\/2025\/10\/dachzeltnomaden-shop-zubehoer-campingmoebel-kingcamp-campinghocker-mini-stool-512x512.webp",512,512,true],"1536x1536":["https:\/\/dachzeltnomaden.com\/shop\/wp-content\/uploads\/2025\/10\/dachzeltnomaden-shop-zubehoer-campingmoebel-kingcamp-campinghocker-mini-stool.webp",800,800,false],"2048x2048":["https:\/\/dachzeltnomaden.com\/shop\/wp-content\/uploads\/2025\/10\/dachzeltnomaden-shop-zubehoer-campingmoebel-kingcamp-campinghocker-mini-stool.webp",800,800,false],"woocommerce_thumbnail":["https:\/\/dachzeltnomaden.com\/shop\/wp-content\/uploads\/2025\/10\/dachzeltnomaden-shop-zubehoer-campingmoebel-kingcamp-campinghocker-mini-stool-600x600.webp",600,600,true],"woocommerce_single":["https:\/\/dachzeltnomaden.com\/shop\/wp-content\/uploads\/2025\/10\/dachzeltnomaden-shop-zubehoer-campingmoebel-kingcamp-campinghocker-mini-stool.webp",800,800,false],"woocommerce_gallery_thumbnail":["https:\/\/dachzeltnomaden.com\/shop\/wp-content\/uploads\/2025\/10\/dachzeltnomaden-shop-zubehoer-campingmoebel-kingcamp-campinghocker-mini-stool-100x100.webp",100,100,true]},"uagb_author_info":{"display_name":"Jasmine","author_link":"https:\/\/dachzeltnomaden.com\/shop\/author\/"},"uagb_comment_info":0,"uagb_excerpt":"WERBUNG Du suchst noch nach einen praktischen Campinghocker? Wie w\u00e4re es mit einem von KingCamp! *Die Links sind Affiliate Links. [&hellip;]","_links":{"self":[{"href":"https:\/\/dachzeltnomaden.com\/shop\/wp-json\/wp\/v2\/product\/132996","targetHints":{"allow":["GET"]}}],"collection":[{"href":"https:\/\/dachzeltnomaden.com\/shop\/wp-json\/wp\/v2\/product"}],"about":[{"href":"https:\/\/dachzeltnomaden.com\/shop\/wp-json\/wp\/v2\/types\/product"}],"wp:featuredmedia":[{"embeddable":true,"href":"https:\/\/dachzeltnomaden.com\/shop\/wp-json\/wp\/v2\/media\/133000"}],"wp:attachment":[{"href":"https:\/\/dachzeltnomaden.com\/shop\/wp-json\/wp\/v2\/media?parent=132996"}],"wp:term":[{"taxonomy":"product_brand","embeddable":true,"href":"https:\/\/dachzeltnomaden.com\/shop\/wp-json\/wp\/v2\/product_brand?post=132996"},{"taxonomy":"product_cat","embeddable":true,"href":"https:\/\/dachzeltnomaden.com\/shop\/wp-json\/wp\/v2\/product_cat?post=132996"},{"taxonomy":"product_tag","embeddable":true,"href":"https:\/\/dachzeltnomaden.com\/shop\/wp-json\/wp\/v2\/product_tag?post=132996"}],"curies":[{"name":"wp","href":"https:\/\/api.w.org\/{rel}","templated":true}]}}