{"id":132986,"date":"2025-10-17T02:43:16","date_gmt":"2025-10-17T00:43:16","guid":{"rendered":"https:\/\/dachzeltnomaden.com\/shop\/?post_type=product&#038;p=132986"},"modified":"2025-11-10T05:55:40","modified_gmt":"2025-11-10T04:55:40","slug":"kingcamp-campingdusche","status":"publish","type":"product","link":"https:\/\/dachzeltnomaden.com\/shop\/produkt\/kingcamp-campingdusche\/","title":{"rendered":"KingCamp<br>Campingdusche"},"content":{"rendered":"\n<div class=\"wp-block-uagb-container uagb-block-be52fc24 default uagb-is-root-container\">\n<div class=\"wp-block-uagb-advanced-heading uagb-block-233add0f\"><h6 class=\"uagb-heading-text\">WERBUNG<\/h6><\/div>\n\n\n\n<p class=\"has-ast-global-color-5-color has-ast-global-color-2-background-color has-text-color has-background has-link-color wp-elements-0a629a013015dcb27eee4c3f55375176\">Du suchst noch nach einer Campingdusche? Wie w\u00e4re es mit einer von KingCamp!<br><br>*Die Links sind Affiliate Links. Wenn du dich f\u00fcr den Kauf einer KingCamp Campingdusche entscheidest, erhalten die Dachzeltnomaden eine Provision. Damit unterst\u00fctzt du uns &amp; unsere Arbeit. F\u00fcr dich kostet die KingCamp Campingdusche deshalb nicht mehr.<\/p>\n\n\n\n<div class=\"wp-block-uagb-advanced-heading uagb-block-b21af034\"><p class=\"uagb-desc-text\">Wasser marsch!<\/p><h2 class=\"uagb-heading-text\">Campingdusche<\/h2><div class=\"uagb-separator\"><\/div><\/div>\n\n\n\n<p>KingCamp hat folgende Campingduschen f\u00fcr unterwegs f\u00fcr dich im Sortiment:<\/p>\n\n\n\n<div class=\"wp-block-uagb-advanced-heading uagb-block-58d91c69\" id=\"kinderschlafsaecke\"><h3 class=\"uagb-heading-text\">Campingdusche Solar Shower<\/h3><\/div>\n\n\n\n<p>Mit dieser 20 Liter Solardusche m\u00fcsst du auch auf Campingreisen nicht auf warmes Wasser verzichten. Das Prinzip ist einfach: Den Sack mit Wasser f\u00fcllen und einige Zeit in die Sonne legen. Anschlie\u00dfend kann der Sack aufgeh\u00e4ngt und mit Hilfe des Brauseschlauchs warm geduscht werden &#8211; besonders praktisch ist dabei die Regulierung des Wassers direkt am Duschkopf.<br><br>Die ordentliche Verarbeitung und stabile Aufh\u00e4ngung mit Rohrstange sorgt f\u00fcr eine hohe Haltbarkeit. Unglaublich aber wahr &#8211; Das Wasser in der Solardusche kann bis zu 50\u00b0C erreichen.<br><br><strong><em>Noch ein Tipp:<\/em><\/strong> Wenn du auch morgens eine warme Dusche genie\u00dfen willst: Halte die W\u00e4rme Nachts durch eine Rettungsdecke, in der du die Solardusche einwickelst.<\/p>\n<\/div>\n\n\n\n<div class=\"wp-block-uagb-container uagb-block-ae00b476 default uagb-is-root-container\">\n<div class=\"wp-block-uagb-container uagb-block-3d544ad6\">\n<figure class=\"wp-block-gallery has-nested-images columns-2 is-cropped wp-block-gallery-1 is-layout-flex wp-block-gallery-is-layout-flex\">\n<figure class=\"wp-block-image alignright size-full has-custom-border is-style-default\"><img decoding=\"async\" width=\"800\" height=\"800\" data-id=\"132989\" src=\"https:\/\/dachzeltnomaden.com\/shop\/wp-content\/uploads\/2025\/10\/dachzeltnomaden-shop-zubehoer-campingdusche-kingcamp-solar-shower-kaufen_2.webp\" alt=\"kingcamp campingdusche solar shower kaufen\" class=\"wp-image-132989\" style=\"border-radius:10px\" srcset=\"https:\/\/dachzeltnomaden.com\/shop\/wp-content\/uploads\/2025\/10\/dachzeltnomaden-shop-zubehoer-campingdusche-kingcamp-solar-shower-kaufen_2.webp 800w, https:\/\/dachzeltnomaden.com\/shop\/wp-content\/uploads\/2025\/10\/dachzeltnomaden-shop-zubehoer-campingdusche-kingcamp-solar-shower-kaufen_2-300x300.webp 300w, https:\/\/dachzeltnomaden.com\/shop\/wp-content\/uploads\/2025\/10\/dachzeltnomaden-shop-zubehoer-campingdusche-kingcamp-solar-shower-kaufen_2-512x512.webp 512w, https:\/\/dachzeltnomaden.com\/shop\/wp-content\/uploads\/2025\/10\/dachzeltnomaden-shop-zubehoer-campingdusche-kingcamp-solar-shower-kaufen_2-600x600.webp 600w, https:\/\/dachzeltnomaden.com\/shop\/wp-content\/uploads\/2025\/10\/dachzeltnomaden-shop-zubehoer-campingdusche-kingcamp-solar-shower-kaufen_2-768x768.webp 768w, https:\/\/dachzeltnomaden.com\/shop\/wp-content\/uploads\/2025\/10\/dachzeltnomaden-shop-zubehoer-campingdusche-kingcamp-solar-shower-kaufen_2-100x100.webp 100w\" sizes=\"(max-width: 800px) 100vw, 800px\" \/><\/figure>\n\n\n\n<figure class=\"wp-block-image size-full has-custom-border\"><img decoding=\"async\" width=\"800\" height=\"800\" data-id=\"132988\" src=\"https:\/\/dachzeltnomaden.com\/shop\/wp-content\/uploads\/2025\/10\/dachzeltnomaden-shop-zubehoer-campingdusche-kingcamp-solar-shower-kaufen_3.webp\" alt=\"kingcamp campingdusche solar shower kaufen\" class=\"wp-image-132988\" style=\"border-radius:10px\" srcset=\"https:\/\/dachzeltnomaden.com\/shop\/wp-content\/uploads\/2025\/10\/dachzeltnomaden-shop-zubehoer-campingdusche-kingcamp-solar-shower-kaufen_3.webp 800w, https:\/\/dachzeltnomaden.com\/shop\/wp-content\/uploads\/2025\/10\/dachzeltnomaden-shop-zubehoer-campingdusche-kingcamp-solar-shower-kaufen_3-300x300.webp 300w, https:\/\/dachzeltnomaden.com\/shop\/wp-content\/uploads\/2025\/10\/dachzeltnomaden-shop-zubehoer-campingdusche-kingcamp-solar-shower-kaufen_3-512x512.webp 512w, https:\/\/dachzeltnomaden.com\/shop\/wp-content\/uploads\/2025\/10\/dachzeltnomaden-shop-zubehoer-campingdusche-kingcamp-solar-shower-kaufen_3-600x600.webp 600w, https:\/\/dachzeltnomaden.com\/shop\/wp-content\/uploads\/2025\/10\/dachzeltnomaden-shop-zubehoer-campingdusche-kingcamp-solar-shower-kaufen_3-768x768.webp 768w, https:\/\/dachzeltnomaden.com\/shop\/wp-content\/uploads\/2025\/10\/dachzeltnomaden-shop-zubehoer-campingdusche-kingcamp-solar-shower-kaufen_3-100x100.webp 100w\" sizes=\"(max-width: 800px) 100vw, 800px\" \/><\/figure>\n\n\n\n<figure class=\"wp-block-image size-full has-custom-border\"><img decoding=\"async\" width=\"800\" height=\"800\" data-id=\"132987\" src=\"https:\/\/dachzeltnomaden.com\/shop\/wp-content\/uploads\/2025\/10\/dachzeltnomaden-shop-zubehoer-campingdusche-kingcamp-solar-shower-kaufen_4.webp\" alt=\"kingcamp campingdusche solar shower kaufen\" class=\"wp-image-132987\" style=\"border-radius:10px\" srcset=\"https:\/\/dachzeltnomaden.com\/shop\/wp-content\/uploads\/2025\/10\/dachzeltnomaden-shop-zubehoer-campingdusche-kingcamp-solar-shower-kaufen_4.webp 800w, https:\/\/dachzeltnomaden.com\/shop\/wp-content\/uploads\/2025\/10\/dachzeltnomaden-shop-zubehoer-campingdusche-kingcamp-solar-shower-kaufen_4-300x300.webp 300w, https:\/\/dachzeltnomaden.com\/shop\/wp-content\/uploads\/2025\/10\/dachzeltnomaden-shop-zubehoer-campingdusche-kingcamp-solar-shower-kaufen_4-512x512.webp 512w, https:\/\/dachzeltnomaden.com\/shop\/wp-content\/uploads\/2025\/10\/dachzeltnomaden-shop-zubehoer-campingdusche-kingcamp-solar-shower-kaufen_4-600x600.webp 600w, https:\/\/dachzeltnomaden.com\/shop\/wp-content\/uploads\/2025\/10\/dachzeltnomaden-shop-zubehoer-campingdusche-kingcamp-solar-shower-kaufen_4-768x768.webp 768w, https:\/\/dachzeltnomaden.com\/shop\/wp-content\/uploads\/2025\/10\/dachzeltnomaden-shop-zubehoer-campingdusche-kingcamp-solar-shower-kaufen_4-100x100.webp 100w\" sizes=\"(max-width: 800px) 100vw, 800px\" \/><\/figure>\n\n\n\n<figure class=\"wp-block-image size-full has-custom-border\"><img decoding=\"async\" width=\"800\" height=\"800\" data-id=\"132990\" src=\"https:\/\/dachzeltnomaden.com\/shop\/wp-content\/uploads\/2025\/10\/dachzeltnomaden-shop-zubehoer-campingdusche-kingcamp-solar-shower-kaufen.webp\" alt=\"kingcamp campingdusche solar shower kaufen\" class=\"wp-image-132990\" style=\"border-radius:10px\" srcset=\"https:\/\/dachzeltnomaden.com\/shop\/wp-content\/uploads\/2025\/10\/dachzeltnomaden-shop-zubehoer-campingdusche-kingcamp-solar-shower-kaufen.webp 800w, https:\/\/dachzeltnomaden.com\/shop\/wp-content\/uploads\/2025\/10\/dachzeltnomaden-shop-zubehoer-campingdusche-kingcamp-solar-shower-kaufen-300x300.webp 300w, https:\/\/dachzeltnomaden.com\/shop\/wp-content\/uploads\/2025\/10\/dachzeltnomaden-shop-zubehoer-campingdusche-kingcamp-solar-shower-kaufen-512x512.webp 512w, https:\/\/dachzeltnomaden.com\/shop\/wp-content\/uploads\/2025\/10\/dachzeltnomaden-shop-zubehoer-campingdusche-kingcamp-solar-shower-kaufen-600x600.webp 600w, https:\/\/dachzeltnomaden.com\/shop\/wp-content\/uploads\/2025\/10\/dachzeltnomaden-shop-zubehoer-campingdusche-kingcamp-solar-shower-kaufen-768x768.webp 768w, https:\/\/dachzeltnomaden.com\/shop\/wp-content\/uploads\/2025\/10\/dachzeltnomaden-shop-zubehoer-campingdusche-kingcamp-solar-shower-kaufen-100x100.webp 100w\" sizes=\"(max-width: 800px) 100vw, 800px\" \/><\/figure>\n<\/figure>\n<\/div>\n\n\n\n<div class=\"wp-block-uagb-container uagb-block-76ea1ad4\">\n<h4 class=\"wp-block-heading\" style=\"margin-top:0px;margin-bottom:0px\">Eigenschaften<\/h4>\n\n\n\n<ul class=\"wp-block-list\">\n<li>Warm Duschen mit Hilfe der Sonnenenergie<\/li>\n\n\n\n<li>Wasser Regulierung direkt am Duschkopf<\/li>\n\n\n\n<li>Stabile Aufh\u00e4ngung mit Rohrstange<\/li>\n\n\n\n<li>Mit Aufh\u00e4nghaken<\/li>\n\n\n\n<li>Mit XL Einf\u00fcllstutzen<\/li>\n\n\n\n<li><strong>Material: <\/strong>PVC<\/li>\n\n\n\n<li><strong>Volumen:<\/strong> 20 Liter<\/li>\n\n\n\n<li><strong>Ma\u00dfe:<\/strong> 60 x 40 cm<\/li>\n\n\n\n<li><strong>Packma\u00dfe: <\/strong>32 x 15 x 5 cm<\/li>\n\n\n\n<li><strong>L\u00e4nge des Schlauchs: <\/strong>60 cm<\/li>\n\n\n\n<li><strong>Gewicht: <\/strong>360 g<\/li>\n<\/ul>\n\n\n\n<div class=\"wp-block-buttons is-layout-flex wp-block-buttons-is-layout-flex\">\n<div class=\"wp-block-button\"><a class=\"wp-block-button__link wp-element-button\" href=\"https:\/\/t.adcell.com\/p\/click?promoId=382609&amp;slotId=92838&amp;param0=https%3A%2F%2Fkingcamp.de%2Fproducts%2Fkingcamp-solar-shower\" target=\"_blank\" rel=\"noreferrer noopener\">Zur Campingdusche Solar Shower<\/a><\/div>\n<\/div>\n<\/div>\n<\/div>\n\n\n\n<div class=\"wp-block-uagb-container uagb-block-7a3cfd9b default uagb-is-root-container\">\n<h3 class=\"wp-block-heading\">Campingdusche Solar Shower Outback<\/h3>\n\n\n\n<p>Mit dieser 20 Liter Solardusche musst du auch auf Campingreisen nicht auf warmes Wasser verzichten. Das Prinzip ist einfach: Den Sack mit Wasser f\u00fcllen und einige Zeit in die Sonne legen. Anschlie\u00dfend kann der Sack aufgeh\u00e4ngt und mit Hilfe des Brauseschlauchs warm geduscht werden &#8211; besonders praktisch ist dabei die Regulierung des Wassers direkt am Duschkopf und das integrierte Thermometer. Durch die clevere Arretierungsfunktion des Duschkopfes flie\u00dft das Wasser einfach weiter.<br><br>Die hochwertige Verarbeitung und stabile Aufh\u00e4ngung sorgen f\u00fcr eine hohe Haltbarkeit. Unglaublich aber wahr &#8211; Das Wasser in der Solardusche kann bis zu 50\u00b0C erreichen.<br><br>Durch den robusten Tragegriff mit Schnellverschluss und die mitgelieferte Rolltop-Tasche wird der Transport der Solardusche so komfortabel wie noch nie. Tipp &#8211; wenn du auch morgens eine warme Dusche genie\u00dfen willst: Halte die W\u00e4rme Nachts durch eine Rettungsdecke, in der du die Solardusche einwickelst.<\/p>\n<\/div>\n\n\n\n<div class=\"wp-block-uagb-container uagb-block-e5daed0c default uagb-is-root-container\">\n<div class=\"wp-block-uagb-container uagb-block-ecfb967d\">\n<h4 class=\"wp-block-heading\" style=\"margin-top:0px;margin-bottom:0px\">Eigenschaften<\/h4>\n\n\n\n<ul class=\"wp-block-list\">\n<li>Warm Duschen mit Hilfe der Sonnenenergie<\/li>\n\n\n\n<li>Wasser-Regulierung direkt am Duschkopf<\/li>\n\n\n\n<li>Mit praktischem Thermometer<\/li>\n\n\n\n<li>Stabile Aufh\u00e4ngung mit Rohrstange &amp; Griff<\/li>\n\n\n\n<li>Gro\u00dfer Einf\u00fcllstutzen mit auslaufsicherem Design <\/li>\n\n\n\n<li>Mit Meshtasche f\u00fcr Dusch-Accessoires<\/li>\n\n\n\n<li><strong>Funktionen:<\/strong> Duschkopf arretierbar, Tragegriff f\u00fcr einfachen Transport<\/li>\n\n\n\n<li><strong>Material:<\/strong> PVC<\/li>\n\n\n\n<li><strong>Volumen:<\/strong> 20 Liter<\/li>\n\n\n\n<li><strong>Ma\u00dfe: <\/strong>47,5 x 45 cm<\/li>\n\n\n\n<li><strong>Packma\u00df:<\/strong> 31 x 18 x 8 cm<\/li>\n\n\n\n<li><strong>L\u00e4nge des Schlauchs:<\/strong> 100 cm<\/li>\n\n\n\n<li><strong>Gewicht: <\/strong>0,7 kg<\/li>\n\n\n\n<li><strong>Lieferumfang:<\/strong> Inklusive Rolltop-Tasche<\/li>\n<\/ul>\n\n\n\n<div class=\"wp-block-buttons is-layout-flex wp-block-buttons-is-layout-flex\" style=\"margin-top:0px\">\n<div class=\"wp-block-button\"><a class=\"wp-block-button__link wp-element-button\" href=\"https:\/\/t.adcell.com\/p\/click?promoId=382609&amp;slotId=92838&amp;param0=https%3A%2F%2Fkingcamp.de%2Fproducts%2Fsolardusche-camping-outdoor-reise-dusche-thermometer-solar-shower-20-l\" target=\"_blank\" rel=\"noreferrer noopener\">Zur Campingdusche Solar Shower Outback<\/a><\/div>\n<\/div>\n<\/div>\n\n\n\n<div class=\"wp-block-uagb-container uagb-block-e0136a5b\">\n<figure class=\"wp-block-gallery has-nested-images columns-2 is-cropped wp-block-gallery-2 is-layout-flex wp-block-gallery-is-layout-flex\">\n<figure class=\"wp-block-image alignright size-full has-custom-border is-style-default\"><img decoding=\"async\" width=\"800\" height=\"800\" data-id=\"132994\" src=\"https:\/\/dachzeltnomaden.com\/shop\/wp-content\/uploads\/2025\/10\/dachzeltnomaden-shop-zubehoer-campingdusche-kingcamp-solar-shower-outback-kaufen.webp\" alt=\"kingcamp campingdusche solar shower outback kaufen\" class=\"wp-image-132994\" style=\"border-radius:10px\" srcset=\"https:\/\/dachzeltnomaden.com\/shop\/wp-content\/uploads\/2025\/10\/dachzeltnomaden-shop-zubehoer-campingdusche-kingcamp-solar-shower-outback-kaufen.webp 800w, https:\/\/dachzeltnomaden.com\/shop\/wp-content\/uploads\/2025\/10\/dachzeltnomaden-shop-zubehoer-campingdusche-kingcamp-solar-shower-outback-kaufen-300x300.webp 300w, https:\/\/dachzeltnomaden.com\/shop\/wp-content\/uploads\/2025\/10\/dachzeltnomaden-shop-zubehoer-campingdusche-kingcamp-solar-shower-outback-kaufen-512x512.webp 512w, https:\/\/dachzeltnomaden.com\/shop\/wp-content\/uploads\/2025\/10\/dachzeltnomaden-shop-zubehoer-campingdusche-kingcamp-solar-shower-outback-kaufen-600x600.webp 600w, https:\/\/dachzeltnomaden.com\/shop\/wp-content\/uploads\/2025\/10\/dachzeltnomaden-shop-zubehoer-campingdusche-kingcamp-solar-shower-outback-kaufen-768x768.webp 768w, https:\/\/dachzeltnomaden.com\/shop\/wp-content\/uploads\/2025\/10\/dachzeltnomaden-shop-zubehoer-campingdusche-kingcamp-solar-shower-outback-kaufen-100x100.webp 100w\" sizes=\"(max-width: 800px) 100vw, 800px\" \/><\/figure>\n\n\n\n<figure class=\"wp-block-image size-full has-custom-border\"><img decoding=\"async\" width=\"800\" height=\"800\" data-id=\"132993\" src=\"https:\/\/dachzeltnomaden.com\/shop\/wp-content\/uploads\/2025\/10\/dachzeltnomaden-shop-zubehoer-campingdusche-kingcamp-solar-shower-outback-kaufen_1.webp\" alt=\"kingcamp campingdusche solar shower outback kaufen\" class=\"wp-image-132993\" style=\"border-radius:10px\" srcset=\"https:\/\/dachzeltnomaden.com\/shop\/wp-content\/uploads\/2025\/10\/dachzeltnomaden-shop-zubehoer-campingdusche-kingcamp-solar-shower-outback-kaufen_1.webp 800w, https:\/\/dachzeltnomaden.com\/shop\/wp-content\/uploads\/2025\/10\/dachzeltnomaden-shop-zubehoer-campingdusche-kingcamp-solar-shower-outback-kaufen_1-300x300.webp 300w, https:\/\/dachzeltnomaden.com\/shop\/wp-content\/uploads\/2025\/10\/dachzeltnomaden-shop-zubehoer-campingdusche-kingcamp-solar-shower-outback-kaufen_1-512x512.webp 512w, https:\/\/dachzeltnomaden.com\/shop\/wp-content\/uploads\/2025\/10\/dachzeltnomaden-shop-zubehoer-campingdusche-kingcamp-solar-shower-outback-kaufen_1-600x600.webp 600w, https:\/\/dachzeltnomaden.com\/shop\/wp-content\/uploads\/2025\/10\/dachzeltnomaden-shop-zubehoer-campingdusche-kingcamp-solar-shower-outback-kaufen_1-768x768.webp 768w, https:\/\/dachzeltnomaden.com\/shop\/wp-content\/uploads\/2025\/10\/dachzeltnomaden-shop-zubehoer-campingdusche-kingcamp-solar-shower-outback-kaufen_1-100x100.webp 100w\" sizes=\"(max-width: 800px) 100vw, 800px\" \/><\/figure>\n\n\n\n<figure class=\"wp-block-image size-full has-custom-border\"><img decoding=\"async\" width=\"800\" height=\"800\" data-id=\"132991\" src=\"https:\/\/dachzeltnomaden.com\/shop\/wp-content\/uploads\/2025\/10\/dachzeltnomaden-shop-zubehoer-campingdusche-kingcamp-solar-shower-outback-kaufen_2.webp\" alt=\"kingcamp campingdusche solar shower outback kaufen\" class=\"wp-image-132991\" style=\"border-radius:10px\" srcset=\"https:\/\/dachzeltnomaden.com\/shop\/wp-content\/uploads\/2025\/10\/dachzeltnomaden-shop-zubehoer-campingdusche-kingcamp-solar-shower-outback-kaufen_2.webp 800w, https:\/\/dachzeltnomaden.com\/shop\/wp-content\/uploads\/2025\/10\/dachzeltnomaden-shop-zubehoer-campingdusche-kingcamp-solar-shower-outback-kaufen_2-300x300.webp 300w, https:\/\/dachzeltnomaden.com\/shop\/wp-content\/uploads\/2025\/10\/dachzeltnomaden-shop-zubehoer-campingdusche-kingcamp-solar-shower-outback-kaufen_2-512x512.webp 512w, https:\/\/dachzeltnomaden.com\/shop\/wp-content\/uploads\/2025\/10\/dachzeltnomaden-shop-zubehoer-campingdusche-kingcamp-solar-shower-outback-kaufen_2-600x600.webp 600w, https:\/\/dachzeltnomaden.com\/shop\/wp-content\/uploads\/2025\/10\/dachzeltnomaden-shop-zubehoer-campingdusche-kingcamp-solar-shower-outback-kaufen_2-768x768.webp 768w, https:\/\/dachzeltnomaden.com\/shop\/wp-content\/uploads\/2025\/10\/dachzeltnomaden-shop-zubehoer-campingdusche-kingcamp-solar-shower-outback-kaufen_2-100x100.webp 100w\" sizes=\"(max-width: 800px) 100vw, 800px\" \/><\/figure>\n\n\n\n<figure class=\"wp-block-image size-full has-custom-border\"><img decoding=\"async\" width=\"800\" height=\"800\" data-id=\"132992\" src=\"https:\/\/dachzeltnomaden.com\/shop\/wp-content\/uploads\/2025\/10\/dachzeltnomaden-shop-zubehoer-campingdusche-kingcamp-solar-shower-outback-kaufen_masse.webp\" alt=\"kingcamp campingdusche solar shower outback kaufen\" class=\"wp-image-132992\" style=\"border-radius:10px\" srcset=\"https:\/\/dachzeltnomaden.com\/shop\/wp-content\/uploads\/2025\/10\/dachzeltnomaden-shop-zubehoer-campingdusche-kingcamp-solar-shower-outback-kaufen_masse.webp 800w, https:\/\/dachzeltnomaden.com\/shop\/wp-content\/uploads\/2025\/10\/dachzeltnomaden-shop-zubehoer-campingdusche-kingcamp-solar-shower-outback-kaufen_masse-300x300.webp 300w, https:\/\/dachzeltnomaden.com\/shop\/wp-content\/uploads\/2025\/10\/dachzeltnomaden-shop-zubehoer-campingdusche-kingcamp-solar-shower-outback-kaufen_masse-512x512.webp 512w, https:\/\/dachzeltnomaden.com\/shop\/wp-content\/uploads\/2025\/10\/dachzeltnomaden-shop-zubehoer-campingdusche-kingcamp-solar-shower-outback-kaufen_masse-600x600.webp 600w, https:\/\/dachzeltnomaden.com\/shop\/wp-content\/uploads\/2025\/10\/dachzeltnomaden-shop-zubehoer-campingdusche-kingcamp-solar-shower-outback-kaufen_masse-768x768.webp 768w, https:\/\/dachzeltnomaden.com\/shop\/wp-content\/uploads\/2025\/10\/dachzeltnomaden-shop-zubehoer-campingdusche-kingcamp-solar-shower-outback-kaufen_masse-100x100.webp 100w\" sizes=\"(max-width: 800px) 100vw, 800px\" \/><\/figure>\n<\/figure>\n<\/div>\n<\/div>\n","protected":false},"excerpt":{"rendered":"<p>WERBUNG Du suchst noch nach einer Campingdusche? Wie w\u00e4re es mit einer von KingCamp! *Die Links sind Affiliate Links. Wenn [&hellip;]<\/p>\n","protected":false},"featured_media":132988,"template":"","meta":{"_uag_custom_page_level_css":"","site-sidebar-layout":"default","site-content-layout":"","ast-site-content-layout":"default","site-content-style":"default","site-sidebar-style":"default","ast-global-header-display":"","ast-banner-title-visibility":"","ast-main-header-display":"","ast-hfb-above-header-display":"","ast-hfb-below-header-display":"","ast-hfb-mobile-header-display":"","site-post-title":"","ast-breadcrumbs-content":"","ast-featured-img":"","footer-sml-layout":"","ast-disable-related-posts":"","theme-transparent-header-meta":"","adv-header-id-meta":"","stick-header-meta":"","header-above-stick-meta":"","header-main-stick-meta":"","header-below-stick-meta":"","astra-migrate-meta-layouts":"default","ast-page-background-enabled":"default","ast-page-background-meta":{"desktop":{"background-color":"var(--ast-global-color-4)","background-image":"","background-repeat":"repeat","background-position":"center center","background-size":"auto","background-attachment":"scroll","background-type":"","background-media":"","overlay-type":"","overlay-color":"","overlay-opacity":"","overlay-gradient":""},"tablet":{"background-color":"","background-image":"","background-repeat":"repeat","background-position":"center center","background-size":"auto","background-attachment":"scroll","background-type":"","background-media":"","overlay-type":"","overlay-color":"","overlay-opacity":"","overlay-gradient":""},"mobile":{"background-color":"","background-image":"","background-repeat":"repeat","background-position":"center center","background-size":"auto","background-attachment":"scroll","background-type":"","background-media":"","overlay-type":"","overlay-color":"","overlay-opacity":"","overlay-gradient":""}},"ast-content-background-meta":{"desktop":{"background-color":"var(--ast-global-color-5)","background-image":"","background-repeat":"repeat","background-position":"center center","background-size":"auto","background-attachment":"scroll","background-type":"","background-media":"","overlay-type":"","overlay-color":"","overlay-opacity":"","overlay-gradient":""},"tablet":{"background-color":"var(--ast-global-color-5)","background-image":"","background-repeat":"repeat","background-position":"center center","background-size":"auto","background-attachment":"scroll","background-type":"","background-media":"","overlay-type":"","overlay-color":"","overlay-opacity":"","overlay-gradient":""},"mobile":{"background-color":"var(--ast-global-color-5)","background-image":"","background-repeat":"repeat","background-position":"center center","background-size":"auto","background-attachment":"scroll","background-type":"","background-media":"","overlay-type":"","overlay-color":"","overlay-opacity":"","overlay-gradient":""}},"_themeisle_gutenberg_block_has_review":false},"product_brand":[],"product_cat":[101,102],"product_tag":[347,365,366],"class_list":{"0":"post-132986","1":"product","2":"type-product","3":"status-publish","4":"has-post-thumbnail","6":"product_cat-zubehoer","7":"product_cat-waschen-toilette","8":"product_tag-kingcamp","9":"product_tag-campingdusche","10":"product_tag-solar-dusche","11":"desktop-align-left","12":"tablet-align-left","13":"mobile-align-left","14":"ast-product-gallery-layout-vertical-slider","15":"ast-product-tabs-layout-horizontal","17":"first","18":"instock","19":"taxable","20":"shipping-taxable","21":"purchasable","22":"product-type-external"},"exclude_global_add_ons":[],"addons":[],"uagb_featured_image_src":{"full":["https:\/\/dachzeltnomaden.com\/shop\/wp-content\/uploads\/2025\/10\/dachzeltnomaden-shop-zubehoer-campingdusche-kingcamp-solar-shower-kaufen_3.webp",800,800,false],"thumbnail":["https:\/\/dachzeltnomaden.com\/shop\/wp-content\/uploads\/2025\/10\/dachzeltnomaden-shop-zubehoer-campingdusche-kingcamp-solar-shower-kaufen_3-600x600.webp",600,600,true],"medium":["https:\/\/dachzeltnomaden.com\/shop\/wp-content\/uploads\/2025\/10\/dachzeltnomaden-shop-zubehoer-campingdusche-kingcamp-solar-shower-kaufen_3-300x300.webp",300,300,true],"medium_large":["https:\/\/dachzeltnomaden.com\/shop\/wp-content\/uploads\/2025\/10\/dachzeltnomaden-shop-zubehoer-campingdusche-kingcamp-solar-shower-kaufen_3-768x768.webp",768,768,true],"large":["https:\/\/dachzeltnomaden.com\/shop\/wp-content\/uploads\/2025\/10\/dachzeltnomaden-shop-zubehoer-campingdusche-kingcamp-solar-shower-kaufen_3-512x512.webp",512,512,true],"1536x1536":["https:\/\/dachzeltnomaden.com\/shop\/wp-content\/uploads\/2025\/10\/dachzeltnomaden-shop-zubehoer-campingdusche-kingcamp-solar-shower-kaufen_3.webp",800,800,false],"2048x2048":["https:\/\/dachzeltnomaden.com\/shop\/wp-content\/uploads\/2025\/10\/dachzeltnomaden-shop-zubehoer-campingdusche-kingcamp-solar-shower-kaufen_3.webp",800,800,false],"woocommerce_thumbnail":["https:\/\/dachzeltnomaden.com\/shop\/wp-content\/uploads\/2025\/10\/dachzeltnomaden-shop-zubehoer-campingdusche-kingcamp-solar-shower-kaufen_3-600x600.webp",600,600,true],"woocommerce_single":["https:\/\/dachzeltnomaden.com\/shop\/wp-content\/uploads\/2025\/10\/dachzeltnomaden-shop-zubehoer-campingdusche-kingcamp-solar-shower-kaufen_3.webp",800,800,false],"woocommerce_gallery_thumbnail":["https:\/\/dachzeltnomaden.com\/shop\/wp-content\/uploads\/2025\/10\/dachzeltnomaden-shop-zubehoer-campingdusche-kingcamp-solar-shower-kaufen_3-100x100.webp",100,100,true]},"uagb_author_info":{"display_name":"Jasmine","author_link":"https:\/\/dachzeltnomaden.com\/shop\/author\/"},"uagb_comment_info":0,"uagb_excerpt":"WERBUNG Du suchst noch nach einer Campingdusche? Wie w\u00e4re es mit einer von KingCamp! *Die Links sind Affiliate Links. Wenn [&hellip;]","_links":{"self":[{"href":"https:\/\/dachzeltnomaden.com\/shop\/wp-json\/wp\/v2\/product\/132986","targetHints":{"allow":["GET"]}}],"collection":[{"href":"https:\/\/dachzeltnomaden.com\/shop\/wp-json\/wp\/v2\/product"}],"about":[{"href":"https:\/\/dachzeltnomaden.com\/shop\/wp-json\/wp\/v2\/types\/product"}],"wp:featuredmedia":[{"embeddable":true,"href":"https:\/\/dachzeltnomaden.com\/shop\/wp-json\/wp\/v2\/media\/132988"}],"wp:attachment":[{"href":"https:\/\/dachzeltnomaden.com\/shop\/wp-json\/wp\/v2\/media?parent=132986"}],"wp:term":[{"taxonomy":"product_brand","embeddable":true,"href":"https:\/\/dachzeltnomaden.com\/shop\/wp-json\/wp\/v2\/product_brand?post=132986"},{"taxonomy":"product_cat","embeddable":true,"href":"https:\/\/dachzeltnomaden.com\/shop\/wp-json\/wp\/v2\/product_cat?post=132986"},{"taxonomy":"product_tag","embeddable":true,"href":"https:\/\/dachzeltnomaden.com\/shop\/wp-json\/wp\/v2\/product_tag?post=132986"}],"curies":[{"name":"wp","href":"https:\/\/api.w.org\/{rel}","templated":true}]}}