{"id":132949,"date":"2025-10-16T08:55:03","date_gmt":"2025-10-16T06:55:03","guid":{"rendered":"https:\/\/dachzeltnomaden.com\/shop\/?post_type=product&#038;p=132949"},"modified":"2025-10-17T10:17:55","modified_gmt":"2025-10-17T08:17:55","slug":"boxio-table-campingtisch","status":"publish","type":"product","link":"https:\/\/dachzeltnomaden.com\/shop\/produkt\/boxio-table-campingtisch\/","title":{"rendered":"BOXIO TABLE<br>Campingtisch"},"content":{"rendered":"\n<div class=\"wp-block-uagb-container uagb-block-be52fc24 default uagb-is-root-container\">\n<div class=\"wp-block-uagb-advanced-heading uagb-block-233add0f\"><h6 class=\"uagb-heading-text\">WERBUNG<\/h6><\/div>\n\n\n\n<p class=\"has-ast-global-color-5-color has-ast-global-color-2-background-color has-text-color has-background has-link-color wp-elements-e8b3481f1dc698cda9d8a53b1a1fff7c\">Du suchst noch nach einen Campingtisch f\u00fcr deine Dachzelt Setup? Wie w\u00e4re es mit einem von BOXIO!<br><br>*Die Links sind Affiliate Links. Wenn du dich f\u00fcr den Kauf eines BOXIO TABLE entscheidest, erhalten die Dachzeltnomaden eine Provision. Damit unterst\u00fctzt du uns &amp; unsere Arbeit. F\u00fcr dich kostet der BOXIO TABLE deshalb nicht mehr.<\/p>\n\n\n\n<div class=\"wp-block-uagb-advanced-heading uagb-block-b21af034\"><p class=\"uagb-desc-text\">Gem\u00fctlich dinnieren!<\/p><h2 class=\"uagb-heading-text\">Modularer Campingtisch<\/h2><div class=\"uagb-separator\"><\/div><\/div>\n\n\n\n<p>Der BOXIO TABLE ist die perfekte Erg\u00e4nzung zu deinem Outdoor Set-Up. Mit Platz f\u00fcr bis zu 3 BOXIOs kannst du drau\u00dfen Kochen, Schneiden und Sp\u00fclen &#8211; optimal geeignet f\u00fcr die BOXIO KITCHEN (nicht im Lieferumfang enthalten). Durch die segmentierten Einlegeplatten zauberst du danach einen gem\u00fctlichen Tisch zum Essen oder f\u00fcr den Spieleabend.<\/p>\n\n\n\n<ul class=\"wp-block-list\">\n<li>variable Stehh\u00f6he mit BOXIOs bis zu 90 cm -ideal zum Kochen<\/li>\n\n\n\n<li>Tr\u00e4gt 3 Euroboxen sicher &amp; formschl\u00fcssig<\/li>\n\n\n\n<li>stabil &amp; zuverl\u00e4ssig &#8211; belastbar bis 30 kg<\/li>\n<\/ul>\n<\/div>\n\n\n\n<div class=\"wp-block-uagb-container uagb-block-ae00b476 default uagb-is-root-container\">\n<div class=\"wp-block-uagb-container uagb-block-3d544ad6\">\n<figure class=\"wp-block-gallery has-nested-images columns-2 is-cropped wp-block-gallery-1 is-layout-flex wp-block-gallery-is-layout-flex\">\n<figure class=\"wp-block-image alignright size-full has-custom-border is-style-default\"><img decoding=\"async\" width=\"1000\" height=\"1000\" data-id=\"132952\" src=\"https:\/\/dachzeltnomaden.com\/shop\/wp-content\/uploads\/2025\/10\/dachzeltnomaden-shop-zubehoer-campingmoebel-boxio-table-campingtisch-kaufen_masse.webp\" alt=\"boxio table campingtisch kaufen\" class=\"wp-image-132952\" style=\"border-radius:10px\" srcset=\"https:\/\/dachzeltnomaden.com\/shop\/wp-content\/uploads\/2025\/10\/dachzeltnomaden-shop-zubehoer-campingmoebel-boxio-table-campingtisch-kaufen_masse.webp 1000w, https:\/\/dachzeltnomaden.com\/shop\/wp-content\/uploads\/2025\/10\/dachzeltnomaden-shop-zubehoer-campingmoebel-boxio-table-campingtisch-kaufen_masse-300x300.webp 300w, https:\/\/dachzeltnomaden.com\/shop\/wp-content\/uploads\/2025\/10\/dachzeltnomaden-shop-zubehoer-campingmoebel-boxio-table-campingtisch-kaufen_masse-512x512.webp 512w, https:\/\/dachzeltnomaden.com\/shop\/wp-content\/uploads\/2025\/10\/dachzeltnomaden-shop-zubehoer-campingmoebel-boxio-table-campingtisch-kaufen_masse-600x600.webp 600w, https:\/\/dachzeltnomaden.com\/shop\/wp-content\/uploads\/2025\/10\/dachzeltnomaden-shop-zubehoer-campingmoebel-boxio-table-campingtisch-kaufen_masse-768x768.webp 768w, https:\/\/dachzeltnomaden.com\/shop\/wp-content\/uploads\/2025\/10\/dachzeltnomaden-shop-zubehoer-campingmoebel-boxio-table-campingtisch-kaufen_masse-100x100.webp 100w\" sizes=\"(max-width: 1000px) 100vw, 1000px\" \/><\/figure>\n\n\n\n<figure class=\"wp-block-image size-full has-custom-border\"><img decoding=\"async\" width=\"1000\" height=\"1000\" data-id=\"132953\" src=\"https:\/\/dachzeltnomaden.com\/shop\/wp-content\/uploads\/2025\/10\/dachzeltnomaden-shop-zubehoer-campingmoebel-boxio-table-campingtisch-kaufen_beladen.webp\" alt=\"boxio table campingtisch kaufen\" class=\"wp-image-132953\" style=\"border-radius:10px\" srcset=\"https:\/\/dachzeltnomaden.com\/shop\/wp-content\/uploads\/2025\/10\/dachzeltnomaden-shop-zubehoer-campingmoebel-boxio-table-campingtisch-kaufen_beladen.webp 1000w, https:\/\/dachzeltnomaden.com\/shop\/wp-content\/uploads\/2025\/10\/dachzeltnomaden-shop-zubehoer-campingmoebel-boxio-table-campingtisch-kaufen_beladen-300x300.webp 300w, https:\/\/dachzeltnomaden.com\/shop\/wp-content\/uploads\/2025\/10\/dachzeltnomaden-shop-zubehoer-campingmoebel-boxio-table-campingtisch-kaufen_beladen-512x512.webp 512w, https:\/\/dachzeltnomaden.com\/shop\/wp-content\/uploads\/2025\/10\/dachzeltnomaden-shop-zubehoer-campingmoebel-boxio-table-campingtisch-kaufen_beladen-600x600.webp 600w, https:\/\/dachzeltnomaden.com\/shop\/wp-content\/uploads\/2025\/10\/dachzeltnomaden-shop-zubehoer-campingmoebel-boxio-table-campingtisch-kaufen_beladen-768x768.webp 768w, https:\/\/dachzeltnomaden.com\/shop\/wp-content\/uploads\/2025\/10\/dachzeltnomaden-shop-zubehoer-campingmoebel-boxio-table-campingtisch-kaufen_beladen-100x100.webp 100w\" sizes=\"(max-width: 1000px) 100vw, 1000px\" \/><\/figure>\n\n\n\n<figure class=\"wp-block-image size-full has-custom-border\"><img decoding=\"async\" width=\"1000\" height=\"1000\" data-id=\"132951\" src=\"https:\/\/dachzeltnomaden.com\/shop\/wp-content\/uploads\/2025\/10\/dachzeltnomaden-shop-zubehoer-campingmoebel-boxio-table-campingtisch-kaufen_beladen_2.webp\" alt=\"boxio table campingtisch kaufen\" class=\"wp-image-132951\" style=\"border-radius:10px\" srcset=\"https:\/\/dachzeltnomaden.com\/shop\/wp-content\/uploads\/2025\/10\/dachzeltnomaden-shop-zubehoer-campingmoebel-boxio-table-campingtisch-kaufen_beladen_2.webp 1000w, https:\/\/dachzeltnomaden.com\/shop\/wp-content\/uploads\/2025\/10\/dachzeltnomaden-shop-zubehoer-campingmoebel-boxio-table-campingtisch-kaufen_beladen_2-300x300.webp 300w, https:\/\/dachzeltnomaden.com\/shop\/wp-content\/uploads\/2025\/10\/dachzeltnomaden-shop-zubehoer-campingmoebel-boxio-table-campingtisch-kaufen_beladen_2-512x512.webp 512w, https:\/\/dachzeltnomaden.com\/shop\/wp-content\/uploads\/2025\/10\/dachzeltnomaden-shop-zubehoer-campingmoebel-boxio-table-campingtisch-kaufen_beladen_2-600x600.webp 600w, https:\/\/dachzeltnomaden.com\/shop\/wp-content\/uploads\/2025\/10\/dachzeltnomaden-shop-zubehoer-campingmoebel-boxio-table-campingtisch-kaufen_beladen_2-768x768.webp 768w, https:\/\/dachzeltnomaden.com\/shop\/wp-content\/uploads\/2025\/10\/dachzeltnomaden-shop-zubehoer-campingmoebel-boxio-table-campingtisch-kaufen_beladen_2-100x100.webp 100w\" sizes=\"(max-width: 1000px) 100vw, 1000px\" \/><\/figure>\n\n\n\n<figure class=\"wp-block-image size-full has-custom-border\"><img decoding=\"async\" width=\"1000\" height=\"1000\" data-id=\"132955\" src=\"https:\/\/dachzeltnomaden.com\/shop\/wp-content\/uploads\/2025\/10\/dachzeltnomaden-shop-zubehoer-campingmoebel-boxio-table-campingtisch-kaufen_masse_pack.webp\" alt=\"boxio table campingtisch kaufen\" class=\"wp-image-132955\" style=\"border-radius:10px\" srcset=\"https:\/\/dachzeltnomaden.com\/shop\/wp-content\/uploads\/2025\/10\/dachzeltnomaden-shop-zubehoer-campingmoebel-boxio-table-campingtisch-kaufen_masse_pack.webp 1000w, https:\/\/dachzeltnomaden.com\/shop\/wp-content\/uploads\/2025\/10\/dachzeltnomaden-shop-zubehoer-campingmoebel-boxio-table-campingtisch-kaufen_masse_pack-300x300.webp 300w, https:\/\/dachzeltnomaden.com\/shop\/wp-content\/uploads\/2025\/10\/dachzeltnomaden-shop-zubehoer-campingmoebel-boxio-table-campingtisch-kaufen_masse_pack-512x512.webp 512w, https:\/\/dachzeltnomaden.com\/shop\/wp-content\/uploads\/2025\/10\/dachzeltnomaden-shop-zubehoer-campingmoebel-boxio-table-campingtisch-kaufen_masse_pack-600x600.webp 600w, https:\/\/dachzeltnomaden.com\/shop\/wp-content\/uploads\/2025\/10\/dachzeltnomaden-shop-zubehoer-campingmoebel-boxio-table-campingtisch-kaufen_masse_pack-768x768.webp 768w, https:\/\/dachzeltnomaden.com\/shop\/wp-content\/uploads\/2025\/10\/dachzeltnomaden-shop-zubehoer-campingmoebel-boxio-table-campingtisch-kaufen_masse_pack-100x100.webp 100w\" sizes=\"(max-width: 1000px) 100vw, 1000px\" \/><\/figure>\n<\/figure>\n<\/div>\n\n\n\n<div class=\"wp-block-uagb-container uagb-block-76ea1ad4\">\n<h4 class=\"wp-block-heading\" style=\"margin-top:0px;margin-bottom:0px\">Eigenschaften<\/h4>\n\n\n\n<ul class=\"wp-block-list\">\n<li><strong>Breite aufgestellt:\u00a0<\/strong>88 cm<\/li>\n\n\n\n<li><strong>Tiefe aufgestellt:\u00a0<\/strong>40,5<strong>\u00a0<\/strong>cm<\/li>\n\n\n\n<li><strong>H\u00f6he aufgestellt:\u00a0<\/strong>40-62 cm (mit den BOXIOs kann eine maximale H\u00f6he von 90cm erreicht werden)<\/li>\n\n\n\n<li><strong>Packma\u00df (LxBxH):<\/strong> 90 x 10 x 18 cm<\/li>\n\n\n\n<li><strong>Gewicht:\u00a0<\/strong>3,9 kg (Gewicht Lamellen:\u00a01,6 kg; Gewicht Tischgestell:\u00a01,95 kg)<\/li>\n\n\n\n<li><strong>Material TABLE SOLO &amp; TABLE PLATES:<\/strong> pulverbeschichtetes Aluminium<\/li>\n\n\n\n<li><strong>Material TABLE BAG:<\/strong> Polyester<\/li>\n\n\n\n<li><strong>Lieferumfang:<\/strong> 1 x BOXIO TABLE (1 x Tischgestell, 4 x Lamellen, 1 x Tasche)<\/li>\n\n\n\n<li>Maximale Belastung vom 30 kg beachten<\/li>\n<\/ul>\n\n\n\n<div class=\"wp-block-buttons is-layout-flex wp-block-buttons-is-layout-flex\">\n<div class=\"wp-block-button\"><a class=\"wp-block-button__link wp-element-button\" href=\"https:\/\/www.awin1.com\/cread.php?awinmid=28359&amp;awinaffid=728701&amp;platform=dl&amp;ued=https%3A%2F%2Fboxio.nl%2Fde%2Fproducts%2Fboxio-table\" target=\"_blank\" rel=\"noreferrer noopener\">Zum BOXIO TABLE<\/a><\/div>\n<\/div>\n<\/div>\n<\/div>\n","protected":false},"excerpt":{"rendered":"<p>WERBUNG Du suchst noch nach einen Campingtisch f\u00fcr deine Dachzelt Setup? Wie w\u00e4re es mit einem von BOXIO! *Die Links [&hellip;]<\/p>\n","protected":false},"featured_media":132950,"template":"","meta":{"_uag_custom_page_level_css":"","site-sidebar-layout":"default","site-content-layout":"","ast-site-content-layout":"default","site-content-style":"default","site-sidebar-style":"default","ast-global-header-display":"","ast-banner-title-visibility":"","ast-main-header-display":"","ast-hfb-above-header-display":"","ast-hfb-below-header-display":"","ast-hfb-mobile-header-display":"","site-post-title":"","ast-breadcrumbs-content":"","ast-featured-img":"","footer-sml-layout":"","ast-disable-related-posts":"","theme-transparent-header-meta":"","adv-header-id-meta":"","stick-header-meta":"","header-above-stick-meta":"","header-main-stick-meta":"","header-below-stick-meta":"","astra-migrate-meta-layouts":"default","ast-page-background-enabled":"default","ast-page-background-meta":{"desktop":{"background-color":"var(--ast-global-color-4)","background-image":"","background-repeat":"repeat","background-position":"center center","background-size":"auto","background-attachment":"scroll","background-type":"","background-media":"","overlay-type":"","overlay-color":"","overlay-opacity":"","overlay-gradient":""},"tablet":{"background-color":"","background-image":"","background-repeat":"repeat","background-position":"center center","background-size":"auto","background-attachment":"scroll","background-type":"","background-media":"","overlay-type":"","overlay-color":"","overlay-opacity":"","overlay-gradient":""},"mobile":{"background-color":"","background-image":"","background-repeat":"repeat","background-position":"center center","background-size":"auto","background-attachment":"scroll","background-type":"","background-media":"","overlay-type":"","overlay-color":"","overlay-opacity":"","overlay-gradient":""}},"ast-content-background-meta":{"desktop":{"background-color":"var(--ast-global-color-5)","background-image":"","background-repeat":"repeat","background-position":"center center","background-size":"auto","background-attachment":"scroll","background-type":"","background-media":"","overlay-type":"","overlay-color":"","overlay-opacity":"","overlay-gradient":""},"tablet":{"background-color":"var(--ast-global-color-5)","background-image":"","background-repeat":"repeat","background-position":"center center","background-size":"auto","background-attachment":"scroll","background-type":"","background-media":"","overlay-type":"","overlay-color":"","overlay-opacity":"","overlay-gradient":""},"mobile":{"background-color":"var(--ast-global-color-5)","background-image":"","background-repeat":"repeat","background-position":"center center","background-size":"auto","background-attachment":"scroll","background-type":"","background-media":"","overlay-type":"","overlay-color":"","overlay-opacity":"","overlay-gradient":""}},"_themeisle_gutenberg_block_has_review":false},"product_brand":[],"product_cat":[101,343],"product_tag":[357,359,360],"class_list":{"0":"post-132949","1":"product","2":"type-product","3":"status-publish","4":"has-post-thumbnail","6":"product_cat-zubehoer","7":"product_cat-campingmoebel","8":"product_tag-boxio","9":"product_tag-tisch","10":"product_tag-campingtisch","11":"desktop-align-left","12":"tablet-align-left","13":"mobile-align-left","14":"ast-product-gallery-layout-vertical-slider","15":"ast-product-tabs-layout-horizontal","17":"first","18":"instock","19":"taxable","20":"shipping-taxable","21":"purchasable","22":"product-type-external"},"exclude_global_add_ons":[],"addons":[],"uagb_featured_image_src":{"full":["https:\/\/dachzeltnomaden.com\/shop\/wp-content\/uploads\/2025\/10\/dachzeltnomaden-shop-zubehoer-campingmoebel-boxio-table-campingtisch-kaufen.webp",1000,1000,false],"thumbnail":["https:\/\/dachzeltnomaden.com\/shop\/wp-content\/uploads\/2025\/10\/dachzeltnomaden-shop-zubehoer-campingmoebel-boxio-table-campingtisch-kaufen-600x600.webp",600,600,true],"medium":["https:\/\/dachzeltnomaden.com\/shop\/wp-content\/uploads\/2025\/10\/dachzeltnomaden-shop-zubehoer-campingmoebel-boxio-table-campingtisch-kaufen-300x300.webp",300,300,true],"medium_large":["https:\/\/dachzeltnomaden.com\/shop\/wp-content\/uploads\/2025\/10\/dachzeltnomaden-shop-zubehoer-campingmoebel-boxio-table-campingtisch-kaufen-768x768.webp",768,768,true],"large":["https:\/\/dachzeltnomaden.com\/shop\/wp-content\/uploads\/2025\/10\/dachzeltnomaden-shop-zubehoer-campingmoebel-boxio-table-campingtisch-kaufen-512x512.webp",512,512,true],"1536x1536":["https:\/\/dachzeltnomaden.com\/shop\/wp-content\/uploads\/2025\/10\/dachzeltnomaden-shop-zubehoer-campingmoebel-boxio-table-campingtisch-kaufen.webp",1000,1000,false],"2048x2048":["https:\/\/dachzeltnomaden.com\/shop\/wp-content\/uploads\/2025\/10\/dachzeltnomaden-shop-zubehoer-campingmoebel-boxio-table-campingtisch-kaufen.webp",1000,1000,false],"woocommerce_thumbnail":["https:\/\/dachzeltnomaden.com\/shop\/wp-content\/uploads\/2025\/10\/dachzeltnomaden-shop-zubehoer-campingmoebel-boxio-table-campingtisch-kaufen-600x600.webp",600,600,true],"woocommerce_single":["https:\/\/dachzeltnomaden.com\/shop\/wp-content\/uploads\/2025\/10\/dachzeltnomaden-shop-zubehoer-campingmoebel-boxio-table-campingtisch-kaufen.webp",1000,1000,false],"woocommerce_gallery_thumbnail":["https:\/\/dachzeltnomaden.com\/shop\/wp-content\/uploads\/2025\/10\/dachzeltnomaden-shop-zubehoer-campingmoebel-boxio-table-campingtisch-kaufen-100x100.webp",100,100,true]},"uagb_author_info":{"display_name":"Jasmine","author_link":"https:\/\/dachzeltnomaden.com\/shop\/author\/"},"uagb_comment_info":0,"uagb_excerpt":"WERBUNG Du suchst noch nach einen Campingtisch f\u00fcr deine Dachzelt Setup? Wie w\u00e4re es mit einem von BOXIO! *Die Links [&hellip;]","_links":{"self":[{"href":"https:\/\/dachzeltnomaden.com\/shop\/wp-json\/wp\/v2\/product\/132949","targetHints":{"allow":["GET"]}}],"collection":[{"href":"https:\/\/dachzeltnomaden.com\/shop\/wp-json\/wp\/v2\/product"}],"about":[{"href":"https:\/\/dachzeltnomaden.com\/shop\/wp-json\/wp\/v2\/types\/product"}],"wp:featuredmedia":[{"embeddable":true,"href":"https:\/\/dachzeltnomaden.com\/shop\/wp-json\/wp\/v2\/media\/132950"}],"wp:attachment":[{"href":"https:\/\/dachzeltnomaden.com\/shop\/wp-json\/wp\/v2\/media?parent=132949"}],"wp:term":[{"taxonomy":"product_brand","embeddable":true,"href":"https:\/\/dachzeltnomaden.com\/shop\/wp-json\/wp\/v2\/product_brand?post=132949"},{"taxonomy":"product_cat","embeddable":true,"href":"https:\/\/dachzeltnomaden.com\/shop\/wp-json\/wp\/v2\/product_cat?post=132949"},{"taxonomy":"product_tag","embeddable":true,"href":"https:\/\/dachzeltnomaden.com\/shop\/wp-json\/wp\/v2\/product_tag?post=132949"}],"curies":[{"name":"wp","href":"https:\/\/api.w.org\/{rel}","templated":true}]}}