{"id":132943,"date":"2025-10-16T06:47:14","date_gmt":"2025-10-16T04:47:14","guid":{"rendered":"https:\/\/dachzeltnomaden.com\/shop\/?post_type=product&#038;p=132943"},"modified":"2025-10-17T10:17:55","modified_gmt":"2025-10-17T08:17:55","slug":"boxio-board-schneidebrett","status":"publish","type":"product","link":"https:\/\/dachzeltnomaden.com\/shop\/produkt\/boxio-board-schneidebrett\/","title":{"rendered":"BOXIO BOARD<br>Schneidebrett"},"content":{"rendered":"\n<div class=\"wp-block-uagb-container uagb-block-be52fc24 default uagb-is-root-container\">\n<div class=\"wp-block-uagb-advanced-heading uagb-block-233add0f\"><h6 class=\"uagb-heading-text\">WERBUNG<\/h6><\/div>\n\n\n\n<p class=\"has-ast-global-color-5-color has-ast-global-color-2-background-color has-text-color has-background has-link-color wp-elements-502fcdc108cfddafce5e6a221170ab60\">Du suchst noch nach ein Schneidebrett f\u00fcr deine Outdoor-K\u00fcche? Wie w\u00e4re es mit einem von BOXIO!<br><br>*Die Links sind Affiliate Links. Wenn du dich f\u00fcr den Kauf eines BOXIO Schneidebrett entscheidest, erhalten die Dachzeltnomaden eine Provision. Damit unterst\u00fctzt du uns &amp; unsere Arbeit. F\u00fcr dich kostet das BOXIO Schneidebrett deshalb nicht mehr.<\/p>\n\n\n\n<div class=\"wp-block-uagb-advanced-heading uagb-block-b21af034\"><p class=\"uagb-desc-text\">So macht Schnippeln Spa\u00df!<\/p><h2 class=\"uagb-heading-text\">Bambus Schneidebrett f\u00fcr Deckel<\/h2><div class=\"uagb-separator\"><\/div><\/div>\n\n\n\n<p>Das BOXIO BOARD ist ein Schneidebrett aus Bambus und die ideale Erg\u00e4nzung f\u00fcr dein Camping Set-Up. Es passt perfekt in den Deckel der BOXIO COOL und in den Auflagedeckel deiner BOXIO. Das BOXIO BOARD eignet sich als Schneidebrett, Tisch, Sitzfl\u00e4che oder Tritt.<\/p>\n\n\n\n<ul class=\"wp-block-list\">\n<li>4-in-1 Nutzung: Schneidebrett, Tisch, Tritt, Sitz<\/li>\n\n\n\n<li>Passt perfekt in den Deckel der BOXIO COOL<\/li>\n\n\n\n<li>Aus hochwertigem Bambus &#8211; robust, nachhaltig &amp; wasserabweisend<\/li>\n<\/ul>\n<\/div>\n\n\n\n<div class=\"wp-block-uagb-container uagb-block-ae00b476 default uagb-is-root-container\">\n<div class=\"wp-block-uagb-container uagb-block-3d544ad6\">\n<figure class=\"wp-block-gallery has-nested-images columns-2 is-cropped wp-block-gallery-1 is-layout-flex wp-block-gallery-is-layout-flex\">\n<figure class=\"wp-block-image alignright size-full has-custom-border is-style-default\"><img decoding=\"async\" width=\"1000\" height=\"1000\" data-id=\"132948\" src=\"https:\/\/dachzeltnomaden.com\/shop\/wp-content\/uploads\/2025\/10\/dachzeltnomaden-shop-boxio-board-schneidebrett-kaufen.webp\" alt=\"boxio board schneidebrett bambus kaufen\" class=\"wp-image-132948\" style=\"border-radius:10px\" srcset=\"https:\/\/dachzeltnomaden.com\/shop\/wp-content\/uploads\/2025\/10\/dachzeltnomaden-shop-boxio-board-schneidebrett-kaufen.webp 1000w, https:\/\/dachzeltnomaden.com\/shop\/wp-content\/uploads\/2025\/10\/dachzeltnomaden-shop-boxio-board-schneidebrett-kaufen-300x300.webp 300w, https:\/\/dachzeltnomaden.com\/shop\/wp-content\/uploads\/2025\/10\/dachzeltnomaden-shop-boxio-board-schneidebrett-kaufen-512x512.webp 512w, https:\/\/dachzeltnomaden.com\/shop\/wp-content\/uploads\/2025\/10\/dachzeltnomaden-shop-boxio-board-schneidebrett-kaufen-600x600.webp 600w, https:\/\/dachzeltnomaden.com\/shop\/wp-content\/uploads\/2025\/10\/dachzeltnomaden-shop-boxio-board-schneidebrett-kaufen-768x768.webp 768w, https:\/\/dachzeltnomaden.com\/shop\/wp-content\/uploads\/2025\/10\/dachzeltnomaden-shop-boxio-board-schneidebrett-kaufen-100x100.webp 100w\" sizes=\"(max-width: 1000px) 100vw, 1000px\" \/><\/figure>\n\n\n\n<figure class=\"wp-block-image size-full has-custom-border\"><img decoding=\"async\" width=\"1000\" height=\"1000\" data-id=\"132947\" src=\"https:\/\/dachzeltnomaden.com\/shop\/wp-content\/uploads\/2025\/10\/dachzeltnomaden-shop-zubehoer-kochen-boxio-board-schneidebrett-kaufen_2.webp\" alt=\"boxio board schneidebrett bambus kaufen\" class=\"wp-image-132947\" style=\"border-radius:10px\" srcset=\"https:\/\/dachzeltnomaden.com\/shop\/wp-content\/uploads\/2025\/10\/dachzeltnomaden-shop-zubehoer-kochen-boxio-board-schneidebrett-kaufen_2.webp 1000w, https:\/\/dachzeltnomaden.com\/shop\/wp-content\/uploads\/2025\/10\/dachzeltnomaden-shop-zubehoer-kochen-boxio-board-schneidebrett-kaufen_2-300x300.webp 300w, https:\/\/dachzeltnomaden.com\/shop\/wp-content\/uploads\/2025\/10\/dachzeltnomaden-shop-zubehoer-kochen-boxio-board-schneidebrett-kaufen_2-512x512.webp 512w, https:\/\/dachzeltnomaden.com\/shop\/wp-content\/uploads\/2025\/10\/dachzeltnomaden-shop-zubehoer-kochen-boxio-board-schneidebrett-kaufen_2-600x600.webp 600w, https:\/\/dachzeltnomaden.com\/shop\/wp-content\/uploads\/2025\/10\/dachzeltnomaden-shop-zubehoer-kochen-boxio-board-schneidebrett-kaufen_2-768x768.webp 768w, https:\/\/dachzeltnomaden.com\/shop\/wp-content\/uploads\/2025\/10\/dachzeltnomaden-shop-zubehoer-kochen-boxio-board-schneidebrett-kaufen_2-100x100.webp 100w\" sizes=\"(max-width: 1000px) 100vw, 1000px\" \/><\/figure>\n\n\n\n<figure class=\"wp-block-image size-full has-custom-border\"><img decoding=\"async\" width=\"1000\" height=\"1000\" data-id=\"132945\" src=\"https:\/\/dachzeltnomaden.com\/shop\/wp-content\/uploads\/2025\/10\/dachzeltnomaden-shop-zubehoer-kochen-boxio-board-schneidebrett-kaufen_3.webp\" alt=\"boxio board schneidebrett bambus kaufen\" class=\"wp-image-132945\" style=\"border-radius:10px\" srcset=\"https:\/\/dachzeltnomaden.com\/shop\/wp-content\/uploads\/2025\/10\/dachzeltnomaden-shop-zubehoer-kochen-boxio-board-schneidebrett-kaufen_3.webp 1000w, https:\/\/dachzeltnomaden.com\/shop\/wp-content\/uploads\/2025\/10\/dachzeltnomaden-shop-zubehoer-kochen-boxio-board-schneidebrett-kaufen_3-300x300.webp 300w, https:\/\/dachzeltnomaden.com\/shop\/wp-content\/uploads\/2025\/10\/dachzeltnomaden-shop-zubehoer-kochen-boxio-board-schneidebrett-kaufen_3-512x512.webp 512w, https:\/\/dachzeltnomaden.com\/shop\/wp-content\/uploads\/2025\/10\/dachzeltnomaden-shop-zubehoer-kochen-boxio-board-schneidebrett-kaufen_3-600x600.webp 600w, https:\/\/dachzeltnomaden.com\/shop\/wp-content\/uploads\/2025\/10\/dachzeltnomaden-shop-zubehoer-kochen-boxio-board-schneidebrett-kaufen_3-768x768.webp 768w, https:\/\/dachzeltnomaden.com\/shop\/wp-content\/uploads\/2025\/10\/dachzeltnomaden-shop-zubehoer-kochen-boxio-board-schneidebrett-kaufen_3-100x100.webp 100w\" sizes=\"(max-width: 1000px) 100vw, 1000px\" \/><\/figure>\n\n\n\n<figure class=\"wp-block-image size-full has-custom-border\"><img decoding=\"async\" width=\"1000\" height=\"1000\" data-id=\"132946\" src=\"https:\/\/dachzeltnomaden.com\/shop\/wp-content\/uploads\/2025\/10\/dachzeltnomaden-shop-boxio-board-schneidebrett-bambus-kaufen.webp\" alt=\"boxio board schneidebrett bambus kaufen\" class=\"wp-image-132946\" style=\"border-radius:10px\" srcset=\"https:\/\/dachzeltnomaden.com\/shop\/wp-content\/uploads\/2025\/10\/dachzeltnomaden-shop-boxio-board-schneidebrett-bambus-kaufen.webp 1000w, https:\/\/dachzeltnomaden.com\/shop\/wp-content\/uploads\/2025\/10\/dachzeltnomaden-shop-boxio-board-schneidebrett-bambus-kaufen-300x300.webp 300w, https:\/\/dachzeltnomaden.com\/shop\/wp-content\/uploads\/2025\/10\/dachzeltnomaden-shop-boxio-board-schneidebrett-bambus-kaufen-512x512.webp 512w, https:\/\/dachzeltnomaden.com\/shop\/wp-content\/uploads\/2025\/10\/dachzeltnomaden-shop-boxio-board-schneidebrett-bambus-kaufen-600x600.webp 600w, https:\/\/dachzeltnomaden.com\/shop\/wp-content\/uploads\/2025\/10\/dachzeltnomaden-shop-boxio-board-schneidebrett-bambus-kaufen-768x768.webp 768w, https:\/\/dachzeltnomaden.com\/shop\/wp-content\/uploads\/2025\/10\/dachzeltnomaden-shop-boxio-board-schneidebrett-bambus-kaufen-100x100.webp 100w\" sizes=\"(max-width: 1000px) 100vw, 1000px\" \/><\/figure>\n<\/figure>\n<\/div>\n\n\n\n<div class=\"wp-block-uagb-container uagb-block-76ea1ad4\">\n<h4 class=\"wp-block-heading\" style=\"margin-top:0px;margin-bottom:0px\">Eigenschaften<\/h4>\n\n\n\n<ul class=\"wp-block-list\">\n<li><strong><strong>L\u00e4nge:\u00a0<\/strong><\/strong>36,4 cm<\/li>\n\n\n\n<li><strong>Breite:\u00a0<\/strong>26,4 cm<\/li>\n\n\n\n<li><strong>H\u00f6he:\u00a0<\/strong>1,5 cm<\/li>\n\n\n\n<li><strong>Gewicht:\u00a0<\/strong>1,2kg<\/li>\n\n\n\n<li><strong>Hauptmaterialien:<\/strong>\u00a0Bambus<\/li>\n\n\n\n<li><strong>Tragf\u00e4hig: <\/strong>geeignet als Tritt oder Sitzfl\u00e4che<\/li>\n\n\n\n<li>Nachhaltig hergestellt aus schnell nachwachsendem Bambus<\/li>\n\n\n\n<li>Leicht, robust und pflegeleicht<\/li>\n\n\n\n<li>Vor der ersten Nutzung mit warmem Wasser und mildem Sp\u00fclmittel reinigen.<\/li>\n\n\n\n<li>Nicht sp\u00fclmaschinenfest \u2013 Handw\u00e4sche erforderlich.<\/li>\n\n\n\n<li>Regelm\u00e4\u00dfige Pflege mit lebensmittelechtem \u00d6l (z. B. Lein\u00f6l) empfohlen, um die Lebensdauer zu verl\u00e4ngern.<\/li>\n\n\n\n<li>Passt in die Deckel aller BOXIO-Produkte (WASH, COOK, COOL, TOILET)<\/li>\n\n\n\n<li><strong>Lieferumfang:<\/strong> 1 x BOXIO &#8211; BOARD<\/li>\n<\/ul>\n\n\n\n<div class=\"wp-block-buttons is-layout-flex wp-block-buttons-is-layout-flex\">\n<div class=\"wp-block-button\"><a class=\"wp-block-button__link wp-element-button\" href=\"https:\/\/www.awin1.com\/cread.php?awinmid=28359&amp;awinaffid=728701&amp;platform=dl&amp;ued=https%3A%2F%2Fboxio.nl%2Fde%2Fproducts%2Fboxio-board\" target=\"_blank\" rel=\"noreferrer noopener\">Zum BOXIO BOARD<\/a><\/div>\n<\/div>\n<\/div>\n<\/div>\n","protected":false},"excerpt":{"rendered":"<p>WERBUNG Du suchst noch nach ein Schneidebrett f\u00fcr deine Outdoor-K\u00fcche? Wie w\u00e4re es mit einem von BOXIO! *Die Links sind [&hellip;]<\/p>\n","protected":false},"featured_media":132944,"template":"","meta":{"_uag_custom_page_level_css":"","site-sidebar-layout":"default","site-content-layout":"","ast-site-content-layout":"default","site-content-style":"default","site-sidebar-style":"default","ast-global-header-display":"","ast-banner-title-visibility":"","ast-main-header-display":"","ast-hfb-above-header-display":"","ast-hfb-below-header-display":"","ast-hfb-mobile-header-display":"","site-post-title":"","ast-breadcrumbs-content":"","ast-featured-img":"","footer-sml-layout":"","ast-disable-related-posts":"","theme-transparent-header-meta":"","adv-header-id-meta":"","stick-header-meta":"","header-above-stick-meta":"","header-main-stick-meta":"","header-below-stick-meta":"","astra-migrate-meta-layouts":"default","ast-page-background-enabled":"default","ast-page-background-meta":{"desktop":{"background-color":"var(--ast-global-color-4)","background-image":"","background-repeat":"repeat","background-position":"center center","background-size":"auto","background-attachment":"scroll","background-type":"","background-media":"","overlay-type":"","overlay-color":"","overlay-opacity":"","overlay-gradient":""},"tablet":{"background-color":"","background-image":"","background-repeat":"repeat","background-position":"center center","background-size":"auto","background-attachment":"scroll","background-type":"","background-media":"","overlay-type":"","overlay-color":"","overlay-opacity":"","overlay-gradient":""},"mobile":{"background-color":"","background-image":"","background-repeat":"repeat","background-position":"center center","background-size":"auto","background-attachment":"scroll","background-type":"","background-media":"","overlay-type":"","overlay-color":"","overlay-opacity":"","overlay-gradient":""}},"ast-content-background-meta":{"desktop":{"background-color":"var(--ast-global-color-5)","background-image":"","background-repeat":"repeat","background-position":"center center","background-size":"auto","background-attachment":"scroll","background-type":"","background-media":"","overlay-type":"","overlay-color":"","overlay-opacity":"","overlay-gradient":""},"tablet":{"background-color":"var(--ast-global-color-5)","background-image":"","background-repeat":"repeat","background-position":"center center","background-size":"auto","background-attachment":"scroll","background-type":"","background-media":"","overlay-type":"","overlay-color":"","overlay-opacity":"","overlay-gradient":""},"mobile":{"background-color":"var(--ast-global-color-5)","background-image":"","background-repeat":"repeat","background-position":"center center","background-size":"auto","background-attachment":"scroll","background-type":"","background-media":"","overlay-type":"","overlay-color":"","overlay-opacity":"","overlay-gradient":""}},"_themeisle_gutenberg_block_has_review":false},"product_brand":[],"product_cat":[101,342],"product_tag":[357,358],"class_list":{"0":"post-132943","1":"product","2":"type-product","3":"status-publish","4":"has-post-thumbnail","6":"product_cat-zubehoer","7":"product_cat-kochen","8":"product_tag-boxio","9":"product_tag-schneidebrett","10":"desktop-align-left","11":"tablet-align-left","12":"mobile-align-left","13":"ast-product-gallery-layout-vertical-slider","14":"ast-product-tabs-layout-horizontal","16":"first","17":"instock","18":"taxable","19":"shipping-taxable","20":"purchasable","21":"product-type-external"},"exclude_global_add_ons":[],"addons":[],"uagb_featured_image_src":{"full":["https:\/\/dachzeltnomaden.com\/shop\/wp-content\/uploads\/2025\/10\/dachzeltnomaden-shop-zubehoer-kochen-boxio-board-schneidebrett-kaufen.webp",800,800,false],"thumbnail":["https:\/\/dachzeltnomaden.com\/shop\/wp-content\/uploads\/2025\/10\/dachzeltnomaden-shop-zubehoer-kochen-boxio-board-schneidebrett-kaufen-600x600.webp",600,600,true],"medium":["https:\/\/dachzeltnomaden.com\/shop\/wp-content\/uploads\/2025\/10\/dachzeltnomaden-shop-zubehoer-kochen-boxio-board-schneidebrett-kaufen-300x300.webp",300,300,true],"medium_large":["https:\/\/dachzeltnomaden.com\/shop\/wp-content\/uploads\/2025\/10\/dachzeltnomaden-shop-zubehoer-kochen-boxio-board-schneidebrett-kaufen-768x768.webp",768,768,true],"large":["https:\/\/dachzeltnomaden.com\/shop\/wp-content\/uploads\/2025\/10\/dachzeltnomaden-shop-zubehoer-kochen-boxio-board-schneidebrett-kaufen-512x512.webp",512,512,true],"1536x1536":["https:\/\/dachzeltnomaden.com\/shop\/wp-content\/uploads\/2025\/10\/dachzeltnomaden-shop-zubehoer-kochen-boxio-board-schneidebrett-kaufen.webp",800,800,false],"2048x2048":["https:\/\/dachzeltnomaden.com\/shop\/wp-content\/uploads\/2025\/10\/dachzeltnomaden-shop-zubehoer-kochen-boxio-board-schneidebrett-kaufen.webp",800,800,false],"woocommerce_thumbnail":["https:\/\/dachzeltnomaden.com\/shop\/wp-content\/uploads\/2025\/10\/dachzeltnomaden-shop-zubehoer-kochen-boxio-board-schneidebrett-kaufen-600x600.webp",600,600,true],"woocommerce_single":["https:\/\/dachzeltnomaden.com\/shop\/wp-content\/uploads\/2025\/10\/dachzeltnomaden-shop-zubehoer-kochen-boxio-board-schneidebrett-kaufen.webp",800,800,false],"woocommerce_gallery_thumbnail":["https:\/\/dachzeltnomaden.com\/shop\/wp-content\/uploads\/2025\/10\/dachzeltnomaden-shop-zubehoer-kochen-boxio-board-schneidebrett-kaufen-100x100.webp",100,100,true]},"uagb_author_info":{"display_name":"Jasmine","author_link":"https:\/\/dachzeltnomaden.com\/shop\/author\/"},"uagb_comment_info":0,"uagb_excerpt":"WERBUNG Du suchst noch nach ein Schneidebrett f\u00fcr deine Outdoor-K\u00fcche? Wie w\u00e4re es mit einem von BOXIO! *Die Links sind [&hellip;]","_links":{"self":[{"href":"https:\/\/dachzeltnomaden.com\/shop\/wp-json\/wp\/v2\/product\/132943","targetHints":{"allow":["GET"]}}],"collection":[{"href":"https:\/\/dachzeltnomaden.com\/shop\/wp-json\/wp\/v2\/product"}],"about":[{"href":"https:\/\/dachzeltnomaden.com\/shop\/wp-json\/wp\/v2\/types\/product"}],"wp:featuredmedia":[{"embeddable":true,"href":"https:\/\/dachzeltnomaden.com\/shop\/wp-json\/wp\/v2\/media\/132944"}],"wp:attachment":[{"href":"https:\/\/dachzeltnomaden.com\/shop\/wp-json\/wp\/v2\/media?parent=132943"}],"wp:term":[{"taxonomy":"product_brand","embeddable":true,"href":"https:\/\/dachzeltnomaden.com\/shop\/wp-json\/wp\/v2\/product_brand?post=132943"},{"taxonomy":"product_cat","embeddable":true,"href":"https:\/\/dachzeltnomaden.com\/shop\/wp-json\/wp\/v2\/product_cat?post=132943"},{"taxonomy":"product_tag","embeddable":true,"href":"https:\/\/dachzeltnomaden.com\/shop\/wp-json\/wp\/v2\/product_tag?post=132943"}],"curies":[{"name":"wp","href":"https:\/\/api.w.org\/{rel}","templated":true}]}}