{"id":132722,"date":"2025-10-07T01:41:18","date_gmt":"2025-10-06T23:41:18","guid":{"rendered":"https:\/\/dachzeltnomaden.com\/shop\/?post_type=product&#038;p=132722"},"modified":"2025-10-17T10:17:52","modified_gmt":"2025-10-17T08:17:52","slug":"layzee-fenstertasche","status":"publish","type":"product","link":"https:\/\/dachzeltnomaden.com\/shop\/produkt\/layzee-fenstertasche\/","title":{"rendered":"LAYZEE<br>Fenstertasche"},"content":{"rendered":"\n<div class=\"wp-block-uagb-container uagb-block-be52fc24 default uagb-is-root-container\">\n<div class=\"wp-block-uagb-advanced-heading uagb-block-233add0f\"><h6 class=\"uagb-heading-text\">WERBUNG<\/h6><\/div>\n\n\n\n<p class=\"has-ast-global-color-5-color has-ast-global-color-2-background-color has-text-color has-background has-link-color wp-elements-5525b472f0ffda41baf79896f88b054c\">Du suchst noch nach eine praktische Fenstertasche f\u00fcr unterwegs? Wie w\u00e4re es mit einer von LAYZEE!<br><br>*Die Links sind Affiliate Links. Wenn du dich f\u00fcr den Kauf einer LAYZEE Fenstertasche entscheidest, erhalten die Dachzeltnomaden eine Provision. Damit unterst\u00fctzt du uns &amp; unsere Arbeit. F\u00fcr dich kostet die LAYZEE Fenstertasche deshalb nicht mehr.<\/p>\n\n\n\n<div class=\"wp-block-uagb-advanced-heading uagb-block-b21af034\"><p class=\"uagb-desc-text\">Ordnung im Auto!<\/p><h2 class=\"uagb-heading-text\">Dein mobiler Kleiderschrank f\u00fcr die hinteren Seitenfenster!<\/h2><div class=\"uagb-separator\"><\/div><\/div>\n\n\n\n<div class=\"wp-block-uagb-advanced-heading uagb-block-58d91c69\"><h3 class=\"uagb-heading-text\">LAYZEE Fenstertaschen<\/h3><\/div>\n\n\n\n<p style=\"margin-bottom:0px\"><strong>Kein Bohren, Kleben oder Schrauben<\/strong><br><br>Ohne Aufwand mehr Stauraum in deinem Fahrzeug? Egal, ob f\u00fcr deine Hobbys, Beruf, Camping oder die allt\u00e4glichen Dinge des Lebens die man sicher verstauen will. Mit der LAYZEE Fenstertasche schaffst du es mit Leichtigkeit Ordnung in deinem Fahrzeug zu halten. Vor allem beim Campen erleichtern dir die Fenstertaschen als mobiler Kleiderschrank das Leben und du verwandeln in 2 Minuten dein Alltagsfahrzeug in einen Minicamper.<br><br>Mit der Fenstertasche hast du Zugriff auf dein Gep\u00e4ck, auch wenn das Bett im Camper ausgeklappt ist. Wer kennt es nicht? Gerade das Bett vorbereitet und da f\u00e4llt einem auf, dass unter dem Bett das Buch, die Zahnb\u00fcrste oder Schlafklamotten verstaut sind.<br><br>Durch die schwarze R\u00fcckplatte&nbsp; hast du auch gleichzeitig einen Sichtschutz,&nbsp;solltest du die Taschen mal Zuhause lassen wollen oder abnehmen. F\u00fcr die Verbindung der R\u00fcckplatte und Tasche hat sich LAYZEE f\u00fcr das Magnetsystem von FIDLOCK SNAP entschieden. Das System ist extrem stabil und die Tasche bleibt sicher an der R\u00fcckplatte befestigt. Beide Magnete lassen sich bei Bedarf ganz einfach voneinander trennen und man kann die Fenstertasche von der R\u00fcckplatte entfernen. FIDLOCK SNAP Verschl\u00fcsse sind extrem vielseitig und ideal f\u00fcr diverse Anwendungsbereiche wie Taschen, Kleidung und modulare Systeme geeignet.<\/p>\n<\/div>\n\n\n\n<div class=\"wp-block-uagb-container uagb-block-ae00b476 default uagb-is-root-container\">\n<div class=\"wp-block-uagb-container uagb-block-3d544ad6\">\n<figure class=\"wp-block-gallery has-nested-images columns-2 is-cropped wp-block-gallery-1 is-layout-flex wp-block-gallery-is-layout-flex\">\n<figure class=\"wp-block-image alignright size-full has-custom-border is-style-default\"><img decoding=\"async\" width=\"800\" height=\"800\" data-id=\"132728\" src=\"https:\/\/dachzeltnomaden.com\/shop\/wp-content\/uploads\/2025\/10\/dachzeltnomaden-shop-zubehoer-aufbewahrung-ordnung-layzee-fenstertasche-kaufen.webp\" alt=\"LAYZEE Fenstertasche kaufen Ordnung Aufbewahrung\" class=\"wp-image-132728\" style=\"border-radius:10px\" srcset=\"https:\/\/dachzeltnomaden.com\/shop\/wp-content\/uploads\/2025\/10\/dachzeltnomaden-shop-zubehoer-aufbewahrung-ordnung-layzee-fenstertasche-kaufen.webp 800w, https:\/\/dachzeltnomaden.com\/shop\/wp-content\/uploads\/2025\/10\/dachzeltnomaden-shop-zubehoer-aufbewahrung-ordnung-layzee-fenstertasche-kaufen-300x300.webp 300w, https:\/\/dachzeltnomaden.com\/shop\/wp-content\/uploads\/2025\/10\/dachzeltnomaden-shop-zubehoer-aufbewahrung-ordnung-layzee-fenstertasche-kaufen-512x512.webp 512w, https:\/\/dachzeltnomaden.com\/shop\/wp-content\/uploads\/2025\/10\/dachzeltnomaden-shop-zubehoer-aufbewahrung-ordnung-layzee-fenstertasche-kaufen-600x600.webp 600w, https:\/\/dachzeltnomaden.com\/shop\/wp-content\/uploads\/2025\/10\/dachzeltnomaden-shop-zubehoer-aufbewahrung-ordnung-layzee-fenstertasche-kaufen-768x768.webp 768w, https:\/\/dachzeltnomaden.com\/shop\/wp-content\/uploads\/2025\/10\/dachzeltnomaden-shop-zubehoer-aufbewahrung-ordnung-layzee-fenstertasche-kaufen-100x100.webp 100w\" sizes=\"(max-width: 800px) 100vw, 800px\" \/><\/figure>\n\n\n\n<figure class=\"wp-block-image size-full has-custom-border\"><img decoding=\"async\" width=\"800\" height=\"800\" data-id=\"132726\" src=\"https:\/\/dachzeltnomaden.com\/shop\/wp-content\/uploads\/2025\/10\/dachzeltnomaden-shop-zubehoer-ordnung-layzee-fenstertasche-auto-stauraum-schluessel-schlaufe-kaufen.webp\" alt=\"LAYZEE Fenstertasche kaufen Ordnung Aufbewahrung\" class=\"wp-image-132726\" style=\"border-radius:10px\" srcset=\"https:\/\/dachzeltnomaden.com\/shop\/wp-content\/uploads\/2025\/10\/dachzeltnomaden-shop-zubehoer-ordnung-layzee-fenstertasche-auto-stauraum-schluessel-schlaufe-kaufen.webp 800w, https:\/\/dachzeltnomaden.com\/shop\/wp-content\/uploads\/2025\/10\/dachzeltnomaden-shop-zubehoer-ordnung-layzee-fenstertasche-auto-stauraum-schluessel-schlaufe-kaufen-300x300.webp 300w, https:\/\/dachzeltnomaden.com\/shop\/wp-content\/uploads\/2025\/10\/dachzeltnomaden-shop-zubehoer-ordnung-layzee-fenstertasche-auto-stauraum-schluessel-schlaufe-kaufen-512x512.webp 512w, https:\/\/dachzeltnomaden.com\/shop\/wp-content\/uploads\/2025\/10\/dachzeltnomaden-shop-zubehoer-ordnung-layzee-fenstertasche-auto-stauraum-schluessel-schlaufe-kaufen-600x600.webp 600w, https:\/\/dachzeltnomaden.com\/shop\/wp-content\/uploads\/2025\/10\/dachzeltnomaden-shop-zubehoer-ordnung-layzee-fenstertasche-auto-stauraum-schluessel-schlaufe-kaufen-768x768.webp 768w, https:\/\/dachzeltnomaden.com\/shop\/wp-content\/uploads\/2025\/10\/dachzeltnomaden-shop-zubehoer-ordnung-layzee-fenstertasche-auto-stauraum-schluessel-schlaufe-kaufen-100x100.webp 100w\" sizes=\"(max-width: 800px) 100vw, 800px\" \/><\/figure>\n\n\n\n<figure class=\"wp-block-image size-full has-custom-border\"><img decoding=\"async\" width=\"800\" height=\"800\" data-id=\"132725\" src=\"https:\/\/dachzeltnomaden.com\/shop\/wp-content\/uploads\/2025\/10\/dachzeltnomaden-shop-zubehoer-ordnung-aufbewahrung-layzee-fenstertaschen-handytasche-kaufen.webp\" alt=\"LAYZEE Fenstertasche kaufen Ordnung Aufbewahrung\" class=\"wp-image-132725\" style=\"border-radius:10px\" srcset=\"https:\/\/dachzeltnomaden.com\/shop\/wp-content\/uploads\/2025\/10\/dachzeltnomaden-shop-zubehoer-ordnung-aufbewahrung-layzee-fenstertaschen-handytasche-kaufen.webp 800w, https:\/\/dachzeltnomaden.com\/shop\/wp-content\/uploads\/2025\/10\/dachzeltnomaden-shop-zubehoer-ordnung-aufbewahrung-layzee-fenstertaschen-handytasche-kaufen-300x300.webp 300w, https:\/\/dachzeltnomaden.com\/shop\/wp-content\/uploads\/2025\/10\/dachzeltnomaden-shop-zubehoer-ordnung-aufbewahrung-layzee-fenstertaschen-handytasche-kaufen-512x512.webp 512w, https:\/\/dachzeltnomaden.com\/shop\/wp-content\/uploads\/2025\/10\/dachzeltnomaden-shop-zubehoer-ordnung-aufbewahrung-layzee-fenstertaschen-handytasche-kaufen-600x600.webp 600w, https:\/\/dachzeltnomaden.com\/shop\/wp-content\/uploads\/2025\/10\/dachzeltnomaden-shop-zubehoer-ordnung-aufbewahrung-layzee-fenstertaschen-handytasche-kaufen-768x768.webp 768w, https:\/\/dachzeltnomaden.com\/shop\/wp-content\/uploads\/2025\/10\/dachzeltnomaden-shop-zubehoer-ordnung-aufbewahrung-layzee-fenstertaschen-handytasche-kaufen-100x100.webp 100w\" sizes=\"(max-width: 800px) 100vw, 800px\" \/><\/figure>\n\n\n\n<figure class=\"wp-block-image size-full has-custom-border\"><img decoding=\"async\" width=\"800\" height=\"800\" data-id=\"132727\" src=\"https:\/\/dachzeltnomaden.com\/shop\/wp-content\/uploads\/2025\/10\/dachzeltnomaden-shop-zubehoer-aufbewahrung-layzee-fenstertasche-auto-stauraum-kleiderschrank.webp\" alt=\"LAYZEE Fenstertasche kaufen Ordnung Aufbewahrung\" class=\"wp-image-132727\" style=\"border-radius:10px\" srcset=\"https:\/\/dachzeltnomaden.com\/shop\/wp-content\/uploads\/2025\/10\/dachzeltnomaden-shop-zubehoer-aufbewahrung-layzee-fenstertasche-auto-stauraum-kleiderschrank.webp 800w, https:\/\/dachzeltnomaden.com\/shop\/wp-content\/uploads\/2025\/10\/dachzeltnomaden-shop-zubehoer-aufbewahrung-layzee-fenstertasche-auto-stauraum-kleiderschrank-300x300.webp 300w, https:\/\/dachzeltnomaden.com\/shop\/wp-content\/uploads\/2025\/10\/dachzeltnomaden-shop-zubehoer-aufbewahrung-layzee-fenstertasche-auto-stauraum-kleiderschrank-512x512.webp 512w, https:\/\/dachzeltnomaden.com\/shop\/wp-content\/uploads\/2025\/10\/dachzeltnomaden-shop-zubehoer-aufbewahrung-layzee-fenstertasche-auto-stauraum-kleiderschrank-600x600.webp 600w, https:\/\/dachzeltnomaden.com\/shop\/wp-content\/uploads\/2025\/10\/dachzeltnomaden-shop-zubehoer-aufbewahrung-layzee-fenstertasche-auto-stauraum-kleiderschrank-768x768.webp 768w, https:\/\/dachzeltnomaden.com\/shop\/wp-content\/uploads\/2025\/10\/dachzeltnomaden-shop-zubehoer-aufbewahrung-layzee-fenstertasche-auto-stauraum-kleiderschrank-100x100.webp 100w\" sizes=\"(max-width: 800px) 100vw, 800px\" \/><\/figure>\n\n\n\n<figure class=\"wp-block-image size-full has-custom-border\"><img decoding=\"async\" width=\"768\" height=\"768\" data-id=\"132730\" src=\"https:\/\/dachzeltnomaden.com\/shop\/wp-content\/uploads\/2025\/10\/dachzeltnomaden-shop-aufbewahrung-dachzeltnomaden-ordnung-layzee-volkswagen-rueckplatte-t5-t6-rechts-rueckplatte-fidlock-768x768-1.webp\" alt=\"layzee fenstertasche vw bus t5 t6 t6.1 rueckplatte fidlock\" class=\"wp-image-132730\" style=\"border-radius:10px\" srcset=\"https:\/\/dachzeltnomaden.com\/shop\/wp-content\/uploads\/2025\/10\/dachzeltnomaden-shop-aufbewahrung-dachzeltnomaden-ordnung-layzee-volkswagen-rueckplatte-t5-t6-rechts-rueckplatte-fidlock-768x768-1.webp 768w, https:\/\/dachzeltnomaden.com\/shop\/wp-content\/uploads\/2025\/10\/dachzeltnomaden-shop-aufbewahrung-dachzeltnomaden-ordnung-layzee-volkswagen-rueckplatte-t5-t6-rechts-rueckplatte-fidlock-768x768-1-300x300.webp 300w, https:\/\/dachzeltnomaden.com\/shop\/wp-content\/uploads\/2025\/10\/dachzeltnomaden-shop-aufbewahrung-dachzeltnomaden-ordnung-layzee-volkswagen-rueckplatte-t5-t6-rechts-rueckplatte-fidlock-768x768-1-512x512.webp 512w, https:\/\/dachzeltnomaden.com\/shop\/wp-content\/uploads\/2025\/10\/dachzeltnomaden-shop-aufbewahrung-dachzeltnomaden-ordnung-layzee-volkswagen-rueckplatte-t5-t6-rechts-rueckplatte-fidlock-768x768-1-600x600.webp 600w, https:\/\/dachzeltnomaden.com\/shop\/wp-content\/uploads\/2025\/10\/dachzeltnomaden-shop-aufbewahrung-dachzeltnomaden-ordnung-layzee-volkswagen-rueckplatte-t5-t6-rechts-rueckplatte-fidlock-768x768-1-100x100.webp 100w\" sizes=\"(max-width: 768px) 100vw, 768px\" \/><\/figure>\n\n\n\n<figure class=\"wp-block-image size-full has-custom-border\"><img decoding=\"async\" width=\"768\" height=\"768\" data-id=\"132729\" src=\"https:\/\/dachzeltnomaden.com\/shop\/wp-content\/uploads\/2025\/10\/dachzeltnomaden-shop-zubehoer-aufbewahrung-ordnung-layzee-fenstertasche-ford-tourneo-connect-kaufen.webp\" alt=\"layzee fenstertasche ford tourneo connect kaufen\" class=\"wp-image-132729\" style=\"border-radius:10px\" srcset=\"https:\/\/dachzeltnomaden.com\/shop\/wp-content\/uploads\/2025\/10\/dachzeltnomaden-shop-zubehoer-aufbewahrung-ordnung-layzee-fenstertasche-ford-tourneo-connect-kaufen.webp 768w, https:\/\/dachzeltnomaden.com\/shop\/wp-content\/uploads\/2025\/10\/dachzeltnomaden-shop-zubehoer-aufbewahrung-ordnung-layzee-fenstertasche-ford-tourneo-connect-kaufen-300x300.webp 300w, https:\/\/dachzeltnomaden.com\/shop\/wp-content\/uploads\/2025\/10\/dachzeltnomaden-shop-zubehoer-aufbewahrung-ordnung-layzee-fenstertasche-ford-tourneo-connect-kaufen-512x512.webp 512w, https:\/\/dachzeltnomaden.com\/shop\/wp-content\/uploads\/2025\/10\/dachzeltnomaden-shop-zubehoer-aufbewahrung-ordnung-layzee-fenstertasche-ford-tourneo-connect-kaufen-600x600.webp 600w, https:\/\/dachzeltnomaden.com\/shop\/wp-content\/uploads\/2025\/10\/dachzeltnomaden-shop-zubehoer-aufbewahrung-ordnung-layzee-fenstertasche-ford-tourneo-connect-kaufen-100x100.webp 100w\" sizes=\"(max-width: 768px) 100vw, 768px\" \/><\/figure>\n<\/figure>\n<\/div>\n\n\n\n<div class=\"wp-block-uagb-container uagb-block-76ea1ad4\">\n<h4 class=\"wp-block-heading\" style=\"margin-top:0px;margin-bottom:0px\">Eigenschaften<\/h4>\n\n\n\n<ul class=\"wp-block-list\">\n<li>einfache Befestigung mit dem patentierten FIDLOCK SNAP Befestigungssystem mit Magneten<\/li>\n\n\n\n<li>Die Fenstertaschen wurden auf die hinteren Seitenfenster von verschiedenen Fahrzeugmodellen genau angepasst.<\/li>\n\n\n\n<li>eingebaute Handytasche<\/li>\n\n\n\n<li>zus\u00e4tzliche Schlaufe f\u00fcr z. B. Schl\u00fcssel<\/li>\n\n\n\n<li>aus wasserfestem und abwaschbarem Polyester gefertigt<\/li>\n\n\n\n<li>TRIPLEX-Strukturkammerplatten aus robustem und leichten Polypropylen. MADE IN GERMANY<\/li>\n<\/ul>\n\n\n\n<div class=\"wp-block-buttons is-layout-flex wp-block-buttons-is-layout-flex\">\n<div class=\"wp-block-button\"><a class=\"wp-block-button__link wp-element-button\" href=\"https:\/\/t.adcell.com\/click.php?bid=266054-92838&amp;param0=https%3A%2F%2Flayzee.com%2Ffenstertaschen-varianten%2Fvw-caddy%2F\" target=\"_blank\" rel=\"noreferrer noopener\">Zur Fenstertasche f\u00fcr den VW Caddy<\/a><\/div>\n<\/div>\n\n\n\n<div class=\"wp-block-buttons is-layout-flex wp-block-buttons-is-layout-flex\">\n<div class=\"wp-block-button\"><a class=\"wp-block-button__link wp-element-button\" href=\"https:\/\/t.adcell.com\/click.php?bid=266054-92838&amp;param0=https%3A%2F%2Flayzee.com%2Ffenstertaschen-varianten%2Fford-custom%2F\" target=\"_blank\" rel=\"noreferrer noopener\">Zur Fenstertasche f\u00fcr den Ford Tourneo Custom<\/a><\/div>\n\n\n\n<div class=\"wp-block-button\"><a class=\"wp-block-button__link wp-element-button\" href=\"https:\/\/t.adcell.com\/click.php?bid=266054-92838&amp;param0=https%3A%2F%2Flayzee.com%2Ffenstertaschen-varianten%2Fford-connect%2F\" target=\"_blank\" rel=\"noreferrer noopener\">Zur Fenstertasche Ford Tourneo Connect<\/a><\/div>\n\n\n\n<div class=\"wp-block-button\"><a class=\"wp-block-button__link wp-element-button\" href=\"https:\/\/t.adcell.com\/click.php?bid=266054-92838&amp;param0=https%3A%2F%2Flayzee.com%2Ffenstertaschen-varianten%2Fvw-bus%2F\" target=\"_blank\" rel=\"noreferrer noopener\">Zur Fenstertasche f\u00fcr VW Bus T5\/ T6\/ T6.1<\/a><\/div>\n<\/div>\n<\/div>\n<\/div>\n","protected":false},"excerpt":{"rendered":"<p>WERBUNG Du suchst noch nach eine praktische Fenstertasche f\u00fcr unterwegs? Wie w\u00e4re es mit einer von LAYZEE! *Die Links sind [&hellip;]<\/p>\n","protected":false},"featured_media":132724,"template":"","meta":{"_uag_custom_page_level_css":"","site-sidebar-layout":"default","site-content-layout":"","ast-site-content-layout":"default","site-content-style":"default","site-sidebar-style":"default","ast-global-header-display":"","ast-banner-title-visibility":"","ast-main-header-display":"","ast-hfb-above-header-display":"","ast-hfb-below-header-display":"","ast-hfb-mobile-header-display":"","site-post-title":"","ast-breadcrumbs-content":"","ast-featured-img":"","footer-sml-layout":"","ast-disable-related-posts":"","theme-transparent-header-meta":"","adv-header-id-meta":"","stick-header-meta":"","header-above-stick-meta":"","header-main-stick-meta":"","header-below-stick-meta":"","astra-migrate-meta-layouts":"default","ast-page-background-enabled":"default","ast-page-background-meta":{"desktop":{"background-color":"var(--ast-global-color-4)","background-image":"","background-repeat":"repeat","background-position":"center center","background-size":"auto","background-attachment":"scroll","background-type":"","background-media":"","overlay-type":"","overlay-color":"","overlay-opacity":"","overlay-gradient":""},"tablet":{"background-color":"","background-image":"","background-repeat":"repeat","background-position":"center center","background-size":"auto","background-attachment":"scroll","background-type":"","background-media":"","overlay-type":"","overlay-color":"","overlay-opacity":"","overlay-gradient":""},"mobile":{"background-color":"","background-image":"","background-repeat":"repeat","background-position":"center center","background-size":"auto","background-attachment":"scroll","background-type":"","background-media":"","overlay-type":"","overlay-color":"","overlay-opacity":"","overlay-gradient":""}},"ast-content-background-meta":{"desktop":{"background-color":"var(--ast-global-color-5)","background-image":"","background-repeat":"repeat","background-position":"center center","background-size":"auto","background-attachment":"scroll","background-type":"","background-media":"","overlay-type":"","overlay-color":"","overlay-opacity":"","overlay-gradient":""},"tablet":{"background-color":"var(--ast-global-color-5)","background-image":"","background-repeat":"repeat","background-position":"center center","background-size":"auto","background-attachment":"scroll","background-type":"","background-media":"","overlay-type":"","overlay-color":"","overlay-opacity":"","overlay-gradient":""},"mobile":{"background-color":"var(--ast-global-color-5)","background-image":"","background-repeat":"repeat","background-position":"center center","background-size":"auto","background-attachment":"scroll","background-type":"","background-media":"","overlay-type":"","overlay-color":"","overlay-opacity":"","overlay-gradient":""}},"_themeisle_gutenberg_block_has_review":false},"product_brand":[],"product_cat":[101,225],"product_tag":[344,345],"class_list":{"0":"post-132722","1":"product","2":"type-product","3":"status-publish","4":"has-post-thumbnail","6":"product_cat-zubehoer","7":"product_cat-aufbewahrung-ordnung","8":"product_tag-fenstertasche","9":"product_tag-layzee","10":"desktop-align-left","11":"tablet-align-left","12":"mobile-align-left","13":"ast-product-gallery-layout-vertical-slider","14":"ast-product-tabs-layout-horizontal","16":"first","17":"instock","18":"taxable","19":"shipping-taxable","20":"purchasable","21":"product-type-external"},"exclude_global_add_ons":[],"addons":[],"uagb_featured_image_src":{"full":["https:\/\/dachzeltnomaden.com\/shop\/wp-content\/uploads\/2025\/10\/dachzeltnomaden-shop-zubehoer-ordnung-layzee-fenstertaschen-auto-stauraum-kaufen.webp",800,800,false],"thumbnail":["https:\/\/dachzeltnomaden.com\/shop\/wp-content\/uploads\/2025\/10\/dachzeltnomaden-shop-zubehoer-ordnung-layzee-fenstertaschen-auto-stauraum-kaufen-600x600.webp",600,600,true],"medium":["https:\/\/dachzeltnomaden.com\/shop\/wp-content\/uploads\/2025\/10\/dachzeltnomaden-shop-zubehoer-ordnung-layzee-fenstertaschen-auto-stauraum-kaufen-300x300.webp",300,300,true],"medium_large":["https:\/\/dachzeltnomaden.com\/shop\/wp-content\/uploads\/2025\/10\/dachzeltnomaden-shop-zubehoer-ordnung-layzee-fenstertaschen-auto-stauraum-kaufen-768x768.webp",768,768,true],"large":["https:\/\/dachzeltnomaden.com\/shop\/wp-content\/uploads\/2025\/10\/dachzeltnomaden-shop-zubehoer-ordnung-layzee-fenstertaschen-auto-stauraum-kaufen-512x512.webp",512,512,true],"1536x1536":["https:\/\/dachzeltnomaden.com\/shop\/wp-content\/uploads\/2025\/10\/dachzeltnomaden-shop-zubehoer-ordnung-layzee-fenstertaschen-auto-stauraum-kaufen.webp",800,800,false],"2048x2048":["https:\/\/dachzeltnomaden.com\/shop\/wp-content\/uploads\/2025\/10\/dachzeltnomaden-shop-zubehoer-ordnung-layzee-fenstertaschen-auto-stauraum-kaufen.webp",800,800,false],"woocommerce_thumbnail":["https:\/\/dachzeltnomaden.com\/shop\/wp-content\/uploads\/2025\/10\/dachzeltnomaden-shop-zubehoer-ordnung-layzee-fenstertaschen-auto-stauraum-kaufen-600x600.webp",600,600,true],"woocommerce_single":["https:\/\/dachzeltnomaden.com\/shop\/wp-content\/uploads\/2025\/10\/dachzeltnomaden-shop-zubehoer-ordnung-layzee-fenstertaschen-auto-stauraum-kaufen.webp",800,800,false],"woocommerce_gallery_thumbnail":["https:\/\/dachzeltnomaden.com\/shop\/wp-content\/uploads\/2025\/10\/dachzeltnomaden-shop-zubehoer-ordnung-layzee-fenstertaschen-auto-stauraum-kaufen-100x100.webp",100,100,true]},"uagb_author_info":{"display_name":"admin","author_link":"https:\/\/dachzeltnomaden.com\/shop\/author\/"},"uagb_comment_info":0,"uagb_excerpt":"WERBUNG Du suchst noch nach eine praktische Fenstertasche f\u00fcr unterwegs? Wie w\u00e4re es mit einer von LAYZEE! *Die Links sind [&hellip;]","_links":{"self":[{"href":"https:\/\/dachzeltnomaden.com\/shop\/wp-json\/wp\/v2\/product\/132722","targetHints":{"allow":["GET"]}}],"collection":[{"href":"https:\/\/dachzeltnomaden.com\/shop\/wp-json\/wp\/v2\/product"}],"about":[{"href":"https:\/\/dachzeltnomaden.com\/shop\/wp-json\/wp\/v2\/types\/product"}],"wp:featuredmedia":[{"embeddable":true,"href":"https:\/\/dachzeltnomaden.com\/shop\/wp-json\/wp\/v2\/media\/132724"}],"wp:attachment":[{"href":"https:\/\/dachzeltnomaden.com\/shop\/wp-json\/wp\/v2\/media?parent=132722"}],"wp:term":[{"taxonomy":"product_brand","embeddable":true,"href":"https:\/\/dachzeltnomaden.com\/shop\/wp-json\/wp\/v2\/product_brand?post=132722"},{"taxonomy":"product_cat","embeddable":true,"href":"https:\/\/dachzeltnomaden.com\/shop\/wp-json\/wp\/v2\/product_cat?post=132722"},{"taxonomy":"product_tag","embeddable":true,"href":"https:\/\/dachzeltnomaden.com\/shop\/wp-json\/wp\/v2\/product_tag?post=132722"}],"curies":[{"name":"wp","href":"https:\/\/api.w.org\/{rel}","templated":true}]}}