{"id":1324,"date":"2024-01-12T14:04:25","date_gmt":"2024-01-12T13:04:25","guid":{"rendered":"https:\/\/shop.dachzeltnomaden.com\/?post_type=product&#038;p=1324"},"modified":"2025-10-17T10:17:02","modified_gmt":"2025-10-17T08:17:02","slug":"tillhall-short-dachzelt","status":"publish","type":"product","link":"https:\/\/dachzeltnomaden.com\/shop\/produkt\/tillhall-short-dachzelt\/","title":{"rendered":"TILLH\u00c5LL Short Dachzelt"},"content":{"rendered":"<p>*** <strong>Wir schenken dir<\/strong> zum Dachzelt 2 Karten f\u00fcr ein DACHZELT EVENT deiner Wahl!*** <a href=\"https:\/\/tickets-dachzeltnomaden.com\" target=\"_blank\" rel=\"noopener\">Hier findest du die n\u00e4chsten DACHZELT EVENTS.&nbsp;<\/a><\/p>\n<h2>KONSTRUKTION<\/h2>\n<ul>\n<li>Gewichtsparende, aufklappbare Konstruktion, durch die das aufgeklappte Dachzelt ein gro\u00dfes Platzangebot bietet und w\u00e4hrend der Reise und f\u00fcr die Lagerung kompakt verstaut werden kann.<\/li>\n<li>Sichere und einfache Installation und Deinstallation auf dem Autodach durch schnell zu l\u00f6sende Handschrauben.<\/li>\n<li>Gr\u00f6\u00dfere Scharniere, damit deine Bettw\u00e4sche und Kissen im geschlossenen Zustand und auf Reisen dauerhaft im Zelt verstaut werden k\u00f6nnen und du wertvollen Platz in deinem Kofferraum einsparst.<\/li>\n<li>Der Unterschied zum&nbsp;<a href=\"https:\/\/dachzeltnomaden.com\/nbtp\" target=\"_blank\" rel=\"noopener\">TILLH\u00c5LL EXTENDED<\/a>&nbsp;besteht darin, dass das TILLH\u00c5LL SHORT keinen \u00fcberdachten Einstieg hat und du somit nicht die Option hast, das&nbsp;<a href=\"https:\/\/dachzeltnomaden.com\/tl4q\" target=\"_blank\" rel=\"noopener\">TILLH\u00c5LL Vorzelt<\/a>&nbsp;zu erg\u00e4nzen. Daf\u00fcr l\u00e4sst sich das TILLH\u00c5LL SHORT jedoch schneller auf- und abbauen und ist leichter.<\/li>\n<li>Die Fenster lassen sich ab sofort nicht nur mithilfe der Federstangen aufspannen \u2013 Wenn du m\u00f6chtest, kannst du die Federstangen jetzt auch einfach weglassen und die Fenster aufrollen, sodass sich dein TILLH\u00c5LL Dachzelt noch schneller auf- und abbauen l\u00e4sst.<\/li>\n<\/ul>\n<p>&nbsp;<\/p>\n<p><img decoding=\"async\" class=\"alignnone wp-image-2397 size-full\" src=\"https:\/\/www.tillhall.eu\/wp-content\/uploads\/2021\/12\/tillhall-shop-features-short-02.png\" sizes=\"(max-width: 2800px) 100vw, 2800px\" srcset=\"https:\/\/www.tillhall.eu\/wp-content\/uploads\/2021\/12\/tillhall-shop-features-short-02.png 2800w, https:\/\/www.tillhall.eu\/wp-content\/uploads\/2021\/12\/tillhall-shop-features-short-02-300x92.png 300w, https:\/\/www.tillhall.eu\/wp-content\/uploads\/2021\/12\/tillhall-shop-features-short-02-1024x315.png 1024w, https:\/\/www.tillhall.eu\/wp-content\/uploads\/2021\/12\/tillhall-shop-features-short-02-768x236.png 768w, https:\/\/www.tillhall.eu\/wp-content\/uploads\/2021\/12\/tillhall-shop-features-short-02-1536x472.png 1536w, https:\/\/www.tillhall.eu\/wp-content\/uploads\/2021\/12\/tillhall-shop-features-short-02-2048x629.png 2048w, https:\/\/www.tillhall.eu\/wp-content\/uploads\/2021\/12\/tillhall-shop-features-short-02-600x184.png 600w\" alt=\"Dachzelt aufrollbare Fenster\" width=\"2800\" height=\"860\"><\/p>\n<p>&nbsp;<\/p>\n<h2>VERARBEITUNG<\/h2>\n<ul>\n<li>1,40m x 2,40m gro\u00dfe, 6,3cm dicke ErgoCell-Schaumstoffmatratze mit abnehmbarem Baumwollbezug.<\/li>\n<li>Wasserdichter Zeltstoff und versiegelte N\u00e4hte \u2013 damit dein Dachzelt immer gem\u00fctlich und trocken bleibt.<\/li>\n<li>Besonders robust durch durchgehende Doppeln\u00e4hte.<\/li>\n<li>Zeltbasis aus Aluminium-Wabenplatten \u2013 leicht und gleichzeitig sehr robust.<\/li>\n<li>Innenger\u00fcst aus Aluminium und Scharniere aus Edelstahl in Marinequalit\u00e4t gew\u00e4hrleisten eine lange Lebensdauer.<\/li>\n<li>Robuste Teleskopleiter aus Aluminium, die optimal an Fahrzeugh\u00f6hen von bis zu 2,30m angepasst werden kann.<\/li>\n<li>Luftpolster zwischen Regencover und Dachzelt bildet eine nat\u00fcrliche Isolationsschicht und sorgt auch bei hohen Au\u00dfentemperaturen f\u00fcr ein angenehmes Raumklima.<\/li>\n<li>Robuste, aufrollbare PVC-Reiseabdeckung \u2013 sch\u00fctzt das Dachzelt bei der Fahrt &amp; w\u00e4hrend der Lagerung und ist durch die Aufroll-Funktion beim Campen nicht im Weg.<\/li>\n<\/ul>\n<h2>&nbsp;<\/h2>\n<h2>DETAILS<\/h2>\n<ul>\n<li>3D-Mesh Anti-Kondensationsmatte unter der Matratze minimiert die Bildung von Kondensation.<\/li>\n<li>Verschlie\u00dfbare Fenster mit Moskitonetz-Eins\u00e4tzen an allen Seitenw\u00e4nden \u2013 zum Genie\u00dfen der Aussicht und zur optimalen Bel\u00fcftung.<\/li>\n<li>Zus\u00e4tzliches verschlie\u00dfbares Dachfenster, durch das du nachts den Sternenhimmel betrachten kannst.<\/li>\n<li>Aufbewahrungstaschen im Zeltinneren f\u00fcr die sichere Aufbewahrung deines Smartphones oder anderer Gadgets.<\/li>\n<li>Aufbewahrungsnetz unter der Zeltbasis, in dem von au\u00dfen Gegenst\u00e4nde verstaut werden k\u00f6nnen.<\/li>\n<li>Schuhe k\u00f6nnen drau\u00dfen und \u00fcber dem Boden in bel\u00fcfteten Taschen aufbewahrt werden.<\/li>\n<li>Mit Klettverschluss verschlie\u00dfbare Zug\u00e4nge f\u00fcr Stromkabel.<\/li>\n<li>Rei\u00dfverschl\u00fcsse mit Kordeln minimieren Klapperger\u00e4usche bei steifen Brisen.<\/li>\n<\/ul>\n<p>&nbsp;<\/p>\n<h2>MATERIAL<\/h2>\n<p><strong>ZELT:<\/strong>&nbsp;420D Ripstop-Polyester mit versiegelten N\u00e4hten. Wasserfest, schimmelresistent und UV-best\u00e4ndig. Hochwertige Moskitonetz-Eins\u00e4tze<\/p>\n<p><strong>REGENCOVER:<\/strong>&nbsp;420D Oxford-Polyester mit versiegelten N\u00e4hten. Wasserfest, schimmelresistent und UV-best\u00e4ndig.<\/p>\n<p><strong>REISEABDECKUNG:<\/strong>&nbsp;1200D Heavy-Duty PVC. Wasserfest, schimmelresistent und UV-best\u00e4ndig.<\/p>\n<p><strong>BASIS:<\/strong>&nbsp;Basiskonstruktion aus robusten Aluminium-Wabenplatten.<\/p>\n<p>&nbsp;<\/p>\n<h2>ABMESSUNGEN<\/h2>\n<p><strong>OFFEN:<\/strong>&nbsp;142cm B x 240cm L x 127cm H<\/p>\n<p><strong>GESCHLOSSEN:<\/strong>&nbsp;142cm B x 120cm L x 40cm H<\/p>\n<p><strong>MATRATZENGR\u00d6SSE:<\/strong>&nbsp;140cm B x 240cm L<\/p>\n<p><strong>GEWICHT:<\/strong>&nbsp;60kg<\/p>\n<p><img decoding=\"async\" class=\"aligncenter wp-image-3728 size-full\" src=\"https:\/\/www.tillhall.eu\/wp-content\/uploads\/2022\/06\/tillhall-short-abmessungen-4.png\" sizes=\"(max-width: 2800px) 100vw, 2800px\" srcset=\"https:\/\/www.tillhall.eu\/wp-content\/uploads\/2022\/06\/tillhall-short-abmessungen-4.png 1280w, https:\/\/www.tillhall.eu\/wp-content\/uploads\/2022\/06\/tillhall-short-abmessungen-4-300x117.png 300w, https:\/\/www.tillhall.eu\/wp-content\/uploads\/2022\/06\/tillhall-short-abmessungen-4-1024x399.png 1024w, https:\/\/www.tillhall.eu\/wp-content\/uploads\/2022\/06\/tillhall-short-abmessungen-4-150x59.png 150w, https:\/\/www.tillhall.eu\/wp-content\/uploads\/2022\/06\/tillhall-short-abmessungen-4-768x300.png 768w, https:\/\/www.tillhall.eu\/wp-content\/uploads\/2022\/06\/tillhall-short-abmessungen-4-1536x599.png 1536w, https:\/\/www.tillhall.eu\/wp-content\/uploads\/2022\/06\/tillhall-short-abmessungen-4-2048x799.png 2048w, https:\/\/www.tillhall.eu\/wp-content\/uploads\/2022\/06\/tillhall-short-abmessungen-4-600x234.png 600w\" alt=\"TILLH\u00c5LL SHORT Dachzelt Abmessungen\" width=\"2800\" height=\"1092\"><\/p>\n<p>&nbsp;<\/p>\n<h2>LIEFERUMFANG<\/h2>\n<p><strong>1<\/strong>&nbsp;Aufbewahrungsnetz f\u00fcr Zeltbasis (1x)<\/p>\n<p><strong>2<\/strong>&nbsp;PVC-Reiseabdeckung (1x)<\/p>\n<p><strong>3<\/strong>&nbsp;Dachzelt mit Regencover (1x)<\/p>\n<p><strong>4<\/strong>&nbsp;Schuh-\/Aufbewahrungstaschen (2x)<\/p>\n<p><strong>5<\/strong>&nbsp;Befestigungsschienen mit schwarzen Endkappen (2x)<\/p>\n<p><strong>6<\/strong>&nbsp;Installations-Kit (1x)<\/p>\n<p><strong>7<\/strong>&nbsp;Federstangen mit Beutel (6x)<\/p>\n<p><strong>8<\/strong>&nbsp;Teleskopleiter (1x)<\/p>\n<p>&nbsp;<\/p>\n<p><img decoding=\"async\" class=\"aligncenter wp-image-2399 size-full\" src=\"https:\/\/www.tillhall.eu\/wp-content\/uploads\/2021\/12\/tillhall-shop-Lieferumfang-short.png\" sizes=\"(max-width: 2800px) 100vw, 2800px\" srcset=\"https:\/\/www.tillhall.eu\/wp-content\/uploads\/2021\/12\/tillhall-shop-Lieferumfang-short.png 2800w, https:\/\/www.tillhall.eu\/wp-content\/uploads\/2021\/12\/tillhall-shop-Lieferumfang-short-300x125.png 300w, https:\/\/www.tillhall.eu\/wp-content\/uploads\/2021\/12\/tillhall-shop-Lieferumfang-short-1024x425.png 1024w, https:\/\/www.tillhall.eu\/wp-content\/uploads\/2021\/12\/tillhall-shop-Lieferumfang-short-768x319.png 768w, https:\/\/www.tillhall.eu\/wp-content\/uploads\/2021\/12\/tillhall-shop-Lieferumfang-short-1536x638.png 1536w, https:\/\/www.tillhall.eu\/wp-content\/uploads\/2021\/12\/tillhall-shop-Lieferumfang-short-2048x851.png 2048w, https:\/\/www.tillhall.eu\/wp-content\/uploads\/2021\/12\/tillhall-shop-Lieferumfang-short-600x249.png 600w\" alt=\"\" width=\"2800\" height=\"1163\"><\/p>\n<p>&nbsp;<\/p>\n<h2>ANFORDERUNGEN<\/h2>\n<p><strong>FAHRZEUG<\/strong>: Das Dachzelt kann so ziemlich auf jedem Fahrzeug montiert werden (ausgenommen Cabrios). Achte jedoch darauf, dass das zul\u00e4ssige Gesamtgewicht deines Fahrzeugs durch die Montage des Dachzelts nicht \u00fcberschritten wird und stell sicher, dass dein Fahrzeug eine ausreichende dynamische Dachlast aufweist. Die dynamische Dachlast ist das maximale Gewicht, das das Dach w\u00e4hrend der Fahrt tragen kann. Bei den meisten Fahrzeugen liegt die maximale dynamische Dachlast zwischen 75kg und 100kg, jedoch bezieht sich diese Angabe auf die Belastung w\u00e4hrend des Fahrbetriebs. Im Stand darf das Gewicht, das auf das Dach einwirkt, deutlich h\u00f6her sein.<\/p>\n<p><strong>DACHTR\u00c4GERSYSTEM<\/strong>: Die wichtigste Voraussetzung f\u00fcr die Installation deines Dachzelts ist ein Dachtr\u00e4gersystem mit Quertr\u00e4gern, die eine ausreichende dynamischen Traglast aufweisen. Der Abstand zwischen den beiden Quertr\u00e4gern deines Dachtr\u00e4gersystems sollte ca. zwischen 80cm und 120cm betragen. Der ideale Abstand liegt bei ca. 100cm. Der Abstand zwischen den beiden Lastentr\u00e4gerf\u00fc\u00dfen der einzelnen Quertr\u00e4ger sollte mindestens 70cm betragen, damit das Dachzelt mittig montiert werden kann.<\/p>\n<p>&nbsp;<\/p>\n<h2>MONTAGE<\/h2>\n<p>Die Montage des Dachzelts ist einfach und kann problemlos mithilfe des mitgelieferten Installations-Kits von zwei kr\u00e4ftigen Personen bewerkstelligt werden.<\/p>\n<p>Unsere Dachzelte sind darauf ausgelegt, zu einer der beiden Fahrzeugseiten hin ge\u00f6ffnet zu werden. Bevor du das Dachzelt auf deinem Autodach montierst, musst du daher entscheiden, ob du den Zelteingang lieber auf der rechten oder auf der linken Fahrzeugseite h\u00e4ttest.<\/p>\n<p>Grunds\u00e4tzlich ist es auch m\u00f6glich, das Dachzelt so zu montieren, dass du es vom Heck deines Fahrzeugs aus \u00f6ffnen kannst, jedoch ist diese Ausrichtung nur f\u00fcr Fahrzeuge geeignet, deren Kofferraumt\u00fcren zur Seite hin ge\u00f6ffnet werden. Bei Kofferraumt\u00fcren, die sich \u00fcber die Dachlinie deines Fahrzeugs hinaus nach oben hin \u00f6ffnen, muss das Dachzelt seitlich ausgerichtet werden. Zudem sollte das Fahrzeug bei der Ausrichtung hin zum Heck sehr breit sein, damit das geschlossene Dachzelt w\u00e4hrend des Transports nicht \u00fcber die Kanten des Autodachs hinausragt.<\/p>\n<p>&nbsp;<\/p>\n<h2>LAGERUNG<\/h2>\n<p>Bitte lagere dein nasses bzw. feuchtes Dachzelt niemals l\u00e4nger als 2-3 Tage. Wenn du dein Dachzelt doch einmal bei N\u00e4sse wegpacken musst, schlie\u00dfe alle Eing\u00e4nge und Fenster, um das Innere des Dachzelts zu sch\u00fctzen. \u00d6ffne das Dachzelt innerhalb von 2-3 Tagen wieder und lass es vollst\u00e4ndig trocknen.<\/p>\n<p>Wenn du dein Dachzelt f\u00fcr l\u00e4ngere Zeit auf einem Fahrzeug montierst, solltest du sicherstellen, dass du das Zelt gelegentlich \u00f6ffnest, damit Feuchtigkeit unter der Abdeckung entweichen kann.<\/p>\n<p>Wenn das Zelt geschlossen und \u00fcber einen l\u00e4ngeren Zeitraum gelagert werden soll, ist es sehr wichtig, dass das Zelt und die Matratze vor der Lagerung vollst\u00e4ndig trocken und sauber sind, da ansonsten Schimmel, Korrosion oder andere Feuchtigkeitssch\u00e4den entstehen k\u00f6nnen. Das Dachzelt sollte au\u00dferdem in trockenen, ausreichend warmen R\u00e4umen gelagert werden.<\/p>\n","protected":false},"excerpt":{"rendered":"<p>Das TILLH\u00c5LL SHORT ist der kleine Bruder vom\u00a0TILLH\u00c5LL EXTENDED Dachzelt. Es kommt mit allen Features, die du bereits vom TILLH\u00c5LL EXTENDED kennst und hat trotz seines kompakten Designs eine Liegefl\u00e4che von 1,40m x 2,40m. Zwar hat das TILLH\u00c5LL SHORT keinen \u00fcberdachten Einstieg, daf\u00fcr l\u00e4sst es sich noch schneller auf- und abbauen, bringt weniger Gewicht auf die Waage und ist somit insbesondere f\u00fcr Kleinwagen besonders gut geeignet.<\/p>\n","protected":false},"featured_media":647,"template":"","meta":{"_uag_custom_page_level_css":"","site-sidebar-layout":"default","site-content-layout":"","ast-site-content-layout":"default","site-content-style":"default","site-sidebar-style":"default","ast-global-header-display":"","ast-banner-title-visibility":"","ast-main-header-display":"","ast-hfb-above-header-display":"","ast-hfb-below-header-display":"","ast-hfb-mobile-header-display":"","site-post-title":"","ast-breadcrumbs-content":"","ast-featured-img":"","footer-sml-layout":"","ast-disable-related-posts":"","theme-transparent-header-meta":"","adv-header-id-meta":"","stick-header-meta":"","header-above-stick-meta":"","header-main-stick-meta":"","header-below-stick-meta":"","astra-migrate-meta-layouts":"default","ast-page-background-enabled":"default","ast-page-background-meta":{"desktop":{"background-color":"var(--ast-global-color-4)","background-image":"","background-repeat":"repeat","background-position":"center center","background-size":"auto","background-attachment":"scroll","background-type":"","background-media":"","overlay-type":"","overlay-color":"","overlay-opacity":"","overlay-gradient":""},"tablet":{"background-color":"","background-image":"","background-repeat":"repeat","background-position":"center center","background-size":"auto","background-attachment":"scroll","background-type":"","background-media":"","overlay-type":"","overlay-color":"","overlay-opacity":"","overlay-gradient":""},"mobile":{"background-color":"","background-image":"","background-repeat":"repeat","background-position":"center center","background-size":"auto","background-attachment":"scroll","background-type":"","background-media":"","overlay-type":"","overlay-color":"","overlay-opacity":"","overlay-gradient":""}},"ast-content-background-meta":{"desktop":{"background-color":"var(--ast-global-color-5)","background-image":"","background-repeat":"repeat","background-position":"center center","background-size":"auto","background-attachment":"scroll","background-type":"","background-media":"","overlay-type":"","overlay-color":"","overlay-opacity":"","overlay-gradient":""},"tablet":{"background-color":"var(--ast-global-color-5)","background-image":"","background-repeat":"repeat","background-position":"center center","background-size":"auto","background-attachment":"scroll","background-type":"","background-media":"","overlay-type":"","overlay-color":"","overlay-opacity":"","overlay-gradient":""},"mobile":{"background-color":"var(--ast-global-color-5)","background-image":"","background-repeat":"repeat","background-position":"center center","background-size":"auto","background-attachment":"scroll","background-type":"","background-media":"","overlay-type":"","overlay-color":"","overlay-opacity":"","overlay-gradient":""}},"_themeisle_gutenberg_block_has_review":false},"product_brand":[],"product_cat":[127],"product_tag":[],"class_list":{"0":"post-1324","1":"product","2":"type-product","3":"status-publish","4":"has-post-thumbnail","6":"product_cat-neue-dachzelte-kaufen","7":"product_shipping_class-tillhall-dachzelte","8":"desktop-align-left","9":"tablet-align-left","10":"mobile-align-left","11":"ast-product-gallery-layout-vertical-slider","12":"ast-product-single-variable","13":"ast-product-tabs-layout-horizontal","15":"first","16":"instock","17":"taxable","18":"shipping-taxable","19":"purchasable","20":"product-type-variable"},"exclude_global_add_ons":[],"addons":[],"uagb_featured_image_src":{"full":["https:\/\/dachzeltnomaden.com\/shop\/wp-content\/uploads\/2024\/01\/tillhall-dachzelt-short-03.jpg",1280,1280,false],"thumbnail":["https:\/\/dachzeltnomaden.com\/shop\/wp-content\/uploads\/2024\/01\/tillhall-dachzelt-short-03-150x150.jpg",150,150,true],"medium":["https:\/\/dachzeltnomaden.com\/shop\/wp-content\/uploads\/2024\/01\/tillhall-dachzelt-short-03-300x300.jpg",300,300,true],"medium_large":["https:\/\/dachzeltnomaden.com\/shop\/wp-content\/uploads\/2024\/01\/tillhall-dachzelt-short-03-768x768.jpg",768,768,true],"large":["https:\/\/dachzeltnomaden.com\/shop\/wp-content\/uploads\/2024\/01\/tillhall-dachzelt-short-03-1024x1024.jpg",512,512,true],"1536x1536":["https:\/\/dachzeltnomaden.com\/shop\/wp-content\/uploads\/2024\/01\/tillhall-dachzelt-short-03.jpg",1280,1280,false],"2048x2048":["https:\/\/dachzeltnomaden.com\/shop\/wp-content\/uploads\/2024\/01\/tillhall-dachzelt-short-03.jpg",1280,1280,false],"woocommerce_thumbnail":["https:\/\/dachzeltnomaden.com\/shop\/wp-content\/uploads\/2024\/01\/tillhall-dachzelt-short-03-600x600.jpg",600,600,true],"woocommerce_single":["https:\/\/dachzeltnomaden.com\/shop\/wp-content\/uploads\/2024\/01\/tillhall-dachzelt-short-03-1024x1024.jpg",1024,1024,true],"woocommerce_gallery_thumbnail":["https:\/\/dachzeltnomaden.com\/shop\/wp-content\/uploads\/2024\/01\/tillhall-dachzelt-short-03-100x100.jpg",100,100,true]},"uagb_author_info":{"display_name":"Jasmine","author_link":"https:\/\/dachzeltnomaden.com\/shop\/author\/"},"uagb_comment_info":0,"uagb_excerpt":"Das TILLH\u00c5LL SHORT ist der kleine Bruder vom\u00a0TILLH\u00c5LL EXTENDED Dachzelt. Es kommt mit allen Features, die du bereits vom TILLH\u00c5LL EXTENDED kennst und hat trotz seines kompakten Designs eine Liegefl\u00e4che von 1,40m x 2,40m. Zwar hat das TILLH\u00c5LL SHORT keinen \u00fcberdachten Einstieg, daf\u00fcr l\u00e4sst es sich noch schneller auf- und abbauen, bringt weniger Gewicht auf&hellip;","_links":{"self":[{"href":"https:\/\/dachzeltnomaden.com\/shop\/wp-json\/wp\/v2\/product\/1324","targetHints":{"allow":["GET"]}}],"collection":[{"href":"https:\/\/dachzeltnomaden.com\/shop\/wp-json\/wp\/v2\/product"}],"about":[{"href":"https:\/\/dachzeltnomaden.com\/shop\/wp-json\/wp\/v2\/types\/product"}],"wp:featuredmedia":[{"embeddable":true,"href":"https:\/\/dachzeltnomaden.com\/shop\/wp-json\/wp\/v2\/media\/647"}],"wp:attachment":[{"href":"https:\/\/dachzeltnomaden.com\/shop\/wp-json\/wp\/v2\/media?parent=1324"}],"wp:term":[{"taxonomy":"product_brand","embeddable":true,"href":"https:\/\/dachzeltnomaden.com\/shop\/wp-json\/wp\/v2\/product_brand?post=1324"},{"taxonomy":"product_cat","embeddable":true,"href":"https:\/\/dachzeltnomaden.com\/shop\/wp-json\/wp\/v2\/product_cat?post=1324"},{"taxonomy":"product_tag","embeddable":true,"href":"https:\/\/dachzeltnomaden.com\/shop\/wp-json\/wp\/v2\/product_tag?post=1324"}],"curies":[{"name":"wp","href":"https:\/\/api.w.org\/{rel}","templated":true}]}}