{"id":132399,"date":"2025-08-11T07:41:28","date_gmt":"2025-08-11T05:41:28","guid":{"rendered":"https:\/\/dachzeltnomaden.com\/shop\/?post_type=product&#038;p=132399"},"modified":"2025-11-10T05:53:34","modified_gmt":"2025-11-10T04:53:34","slug":"squiq-hangematte","status":"publish","type":"product","link":"https:\/\/dachzeltnomaden.com\/shop\/produkt\/squiq-hangematte\/","title":{"rendered":"squiq <br>H\u00e4ngematte"},"content":{"rendered":"\n<div class=\"wp-block-uagb-container uagb-block-be52fc24 default uagb-is-root-container\">\n<div class=\"wp-block-uagb-advanced-heading uagb-block-233add0f\"><h6 class=\"uagb-heading-text\">WERBUNG<\/h6><\/div>\n\n\n\n<p class=\"has-ast-global-color-5-color has-ast-global-color-2-background-color has-text-color has-background has-link-color wp-elements-6335ff5214cc137b3ab34f1a808b874f\">Du suchst noch nach eine coole H\u00e4ngematte f\u00fcr unterwegs? Wie w\u00e4re es mit einer von squiq!<br><br>*Die Links sind Affiliate Links. Wenn du dich f\u00fcr den Kauf einer squiq H\u00e4ngematte entscheidest, erhalten die Dachzeltnomaden eine Provision. Damit unterst\u00fctzt du uns &amp; unsere Arbeit. F\u00fcr dich kostet die squiq H\u00e4ngematte deshalb nicht mehr.<\/p>\n\n\n\n<div class=\"wp-block-uagb-advanced-heading uagb-block-b21af034\"><p class=\"uagb-desc-text\">Gechillt!<\/p><h2 class=\"uagb-heading-text\">H\u00e4ngematte<\/h2><div class=\"uagb-separator\"><\/div><\/div>\n\n\n\n<div class=\"wp-block-uagb-advanced-heading uagb-block-58d91c69\"><h3 class=\"uagb-heading-text\">squiq-&#8220;Hammock for two&#8221;<\/h3><\/div>\n\n\n\n<p style=\"margin-bottom:0px\"><strong>Extra gro\u00df und extra leicht &#8211; simple, quick, quality<\/strong><\/p>\n\n\n\n<p>Dank ihres kompakten Designs ist sie clever verstaubar und in wenigen Sekunden einsatzbereit. Die robuste, aber angenehm weiche Materialqualit\u00e4t sorgt f\u00fcr maximalen Komfort und ein sicheres Gef\u00fchl \u2013 egal, ob du chillst, liest oder den Sonnenuntergang genie\u00dft.<br><br><strong>Mach\u2019s dir gem\u00fctlich \u2013\u00a0 Mit SQUIQ.<\/strong><\/p>\n<\/div>\n\n\n\n<div class=\"wp-block-uagb-container uagb-block-ae00b476 default uagb-is-root-container\">\n<div class=\"wp-block-uagb-container uagb-block-3d544ad6\">\n<figure class=\"wp-block-gallery has-nested-images columns-2 is-cropped wp-block-gallery-1 is-layout-flex wp-block-gallery-is-layout-flex\">\n<figure class=\"wp-block-image alignright size-full has-custom-border is-style-default\"><img decoding=\"async\" width=\"800\" height=\"800\" data-id=\"132401\" src=\"https:\/\/dachzeltnomaden.com\/shop\/wp-content\/uploads\/2025\/08\/dachzeltnomaden-shop-zubehoer-outdoor-gadget-squiq-haengematte-fuer-zwei.webp\" alt=\"squiq haengematte 2 personen kaufen\" class=\"wp-image-132401\" style=\"border-radius:10px\" srcset=\"https:\/\/dachzeltnomaden.com\/shop\/wp-content\/uploads\/2025\/08\/dachzeltnomaden-shop-zubehoer-outdoor-gadget-squiq-haengematte-fuer-zwei.webp 800w, https:\/\/dachzeltnomaden.com\/shop\/wp-content\/uploads\/2025\/08\/dachzeltnomaden-shop-zubehoer-outdoor-gadget-squiq-haengematte-fuer-zwei-300x300.webp 300w, https:\/\/dachzeltnomaden.com\/shop\/wp-content\/uploads\/2025\/08\/dachzeltnomaden-shop-zubehoer-outdoor-gadget-squiq-haengematte-fuer-zwei-512x512.webp 512w, https:\/\/dachzeltnomaden.com\/shop\/wp-content\/uploads\/2025\/08\/dachzeltnomaden-shop-zubehoer-outdoor-gadget-squiq-haengematte-fuer-zwei-600x600.webp 600w, https:\/\/dachzeltnomaden.com\/shop\/wp-content\/uploads\/2025\/08\/dachzeltnomaden-shop-zubehoer-outdoor-gadget-squiq-haengematte-fuer-zwei-768x768.webp 768w, https:\/\/dachzeltnomaden.com\/shop\/wp-content\/uploads\/2025\/08\/dachzeltnomaden-shop-zubehoer-outdoor-gadget-squiq-haengematte-fuer-zwei-100x100.webp 100w\" sizes=\"(max-width: 800px) 100vw, 800px\" \/><\/figure>\n\n\n\n<figure class=\"wp-block-image size-full has-custom-border\"><img decoding=\"async\" width=\"800\" height=\"800\" data-id=\"132402\" src=\"https:\/\/dachzeltnomaden.com\/shop\/wp-content\/uploads\/2025\/08\/dachzeltnomaden-shop-zubehoer-gadgets-outdoor-squiq-haengematte-gruen-fuer-zwei-squiq.webp\" alt=\"squiq haengematte 2 personen kaufen\" class=\"wp-image-132402\" style=\"border-radius:10px\" srcset=\"https:\/\/dachzeltnomaden.com\/shop\/wp-content\/uploads\/2025\/08\/dachzeltnomaden-shop-zubehoer-gadgets-outdoor-squiq-haengematte-gruen-fuer-zwei-squiq.webp 800w, https:\/\/dachzeltnomaden.com\/shop\/wp-content\/uploads\/2025\/08\/dachzeltnomaden-shop-zubehoer-gadgets-outdoor-squiq-haengematte-gruen-fuer-zwei-squiq-300x300.webp 300w, https:\/\/dachzeltnomaden.com\/shop\/wp-content\/uploads\/2025\/08\/dachzeltnomaden-shop-zubehoer-gadgets-outdoor-squiq-haengematte-gruen-fuer-zwei-squiq-512x512.webp 512w, https:\/\/dachzeltnomaden.com\/shop\/wp-content\/uploads\/2025\/08\/dachzeltnomaden-shop-zubehoer-gadgets-outdoor-squiq-haengematte-gruen-fuer-zwei-squiq-600x600.webp 600w, https:\/\/dachzeltnomaden.com\/shop\/wp-content\/uploads\/2025\/08\/dachzeltnomaden-shop-zubehoer-gadgets-outdoor-squiq-haengematte-gruen-fuer-zwei-squiq-768x768.webp 768w, https:\/\/dachzeltnomaden.com\/shop\/wp-content\/uploads\/2025\/08\/dachzeltnomaden-shop-zubehoer-gadgets-outdoor-squiq-haengematte-gruen-fuer-zwei-squiq-100x100.webp 100w\" sizes=\"(max-width: 800px) 100vw, 800px\" \/><\/figure>\n\n\n\n<figure class=\"wp-block-image size-full has-custom-border\"><img decoding=\"async\" width=\"800\" height=\"800\" data-id=\"132403\" src=\"https:\/\/dachzeltnomaden.com\/shop\/wp-content\/uploads\/2025\/08\/dachzeltnomaden-shop-gadet-outdoor-Squiq-haengematte-farben.webp\" alt=\"squiq haengematte 2 personen kaufen\" class=\"wp-image-132403\" style=\"border-radius:10px\" srcset=\"https:\/\/dachzeltnomaden.com\/shop\/wp-content\/uploads\/2025\/08\/dachzeltnomaden-shop-gadet-outdoor-Squiq-haengematte-farben.webp 800w, https:\/\/dachzeltnomaden.com\/shop\/wp-content\/uploads\/2025\/08\/dachzeltnomaden-shop-gadet-outdoor-Squiq-haengematte-farben-300x300.webp 300w, https:\/\/dachzeltnomaden.com\/shop\/wp-content\/uploads\/2025\/08\/dachzeltnomaden-shop-gadet-outdoor-Squiq-haengematte-farben-512x512.webp 512w, https:\/\/dachzeltnomaden.com\/shop\/wp-content\/uploads\/2025\/08\/dachzeltnomaden-shop-gadet-outdoor-Squiq-haengematte-farben-600x600.webp 600w, https:\/\/dachzeltnomaden.com\/shop\/wp-content\/uploads\/2025\/08\/dachzeltnomaden-shop-gadet-outdoor-Squiq-haengematte-farben-768x768.webp 768w, https:\/\/dachzeltnomaden.com\/shop\/wp-content\/uploads\/2025\/08\/dachzeltnomaden-shop-gadet-outdoor-Squiq-haengematte-farben-100x100.webp 100w\" sizes=\"(max-width: 800px) 100vw, 800px\" \/><\/figure>\n\n\n\n<figure class=\"wp-block-image size-full has-custom-border\"><img decoding=\"async\" width=\"800\" height=\"800\" data-id=\"132400\" src=\"https:\/\/dachzeltnomaden.com\/shop\/wp-content\/uploads\/2025\/08\/dachzeltnomaden-shop-zubehoer-outdoor-gadget-squiq-haengematte-fuer-zwei_2.webp\" alt=\"squiq haengematte 2 personen kaufen\" class=\"wp-image-132400\" style=\"border-radius:10px\" srcset=\"https:\/\/dachzeltnomaden.com\/shop\/wp-content\/uploads\/2025\/08\/dachzeltnomaden-shop-zubehoer-outdoor-gadget-squiq-haengematte-fuer-zwei_2.webp 800w, https:\/\/dachzeltnomaden.com\/shop\/wp-content\/uploads\/2025\/08\/dachzeltnomaden-shop-zubehoer-outdoor-gadget-squiq-haengematte-fuer-zwei_2-300x300.webp 300w, https:\/\/dachzeltnomaden.com\/shop\/wp-content\/uploads\/2025\/08\/dachzeltnomaden-shop-zubehoer-outdoor-gadget-squiq-haengematte-fuer-zwei_2-512x512.webp 512w, https:\/\/dachzeltnomaden.com\/shop\/wp-content\/uploads\/2025\/08\/dachzeltnomaden-shop-zubehoer-outdoor-gadget-squiq-haengematte-fuer-zwei_2-600x600.webp 600w, https:\/\/dachzeltnomaden.com\/shop\/wp-content\/uploads\/2025\/08\/dachzeltnomaden-shop-zubehoer-outdoor-gadget-squiq-haengematte-fuer-zwei_2-768x768.webp 768w, https:\/\/dachzeltnomaden.com\/shop\/wp-content\/uploads\/2025\/08\/dachzeltnomaden-shop-zubehoer-outdoor-gadget-squiq-haengematte-fuer-zwei_2-100x100.webp 100w\" sizes=\"(max-width: 800px) 100vw, 800px\" \/><\/figure>\n<\/figure>\n<\/div>\n\n\n\n<div class=\"wp-block-uagb-container uagb-block-76ea1ad4\">\n<h4 class=\"wp-block-heading\" style=\"margin-top:0px;margin-bottom:0px\">Abmessungen<\/h4>\n\n\n\n<ul class=\"wp-block-list\">\n<li>620g leicht\u00a0<\/li>\n\n\n\n<li>100 % recyclebares Nylon\u00a0<\/li>\n\n\n\n<li>extra gro\u00df f\u00fcr maximale Gem\u00fctlichkeit 2 x 3 m<\/li>\n\n\n\n<li>h\u00e4lt easy f\u00fcr 2 Personen (200 kg)<\/li>\n\n\n\n<li>Befestigung ohne Knoten\u00a0<\/li>\n\n\n\n<li>durch 10 Einh\u00e4ngepunkte je Gurt, in der L\u00e4nge flexibel nutzbar<\/li>\n\n\n\n<li>in wenigen Sekunden einsatzbereit<\/li>\n\n\n\n<li>Kleines Packma\u00df &#8211; gro\u00dfer Komfort!<\/li>\n<\/ul>\n\n\n\n<div class=\"wp-block-buttons is-layout-flex wp-block-buttons-is-layout-flex\">\n<div class=\"wp-block-button\"><a class=\"wp-block-button__link wp-element-button\" href=\"https:\/\/www.squiq.de\/collections\/hangematten\/products\/squiq-hammock-for-two?ref=DACHZELTNOMADEN\" target=\"_blank\" rel=\"noreferrer noopener\">Zum H\u00e4ngematte for two<\/a><\/div>\n<\/div>\n<\/div>\n<\/div>\n","protected":false},"excerpt":{"rendered":"<p>WERBUNG Du suchst noch nach eine coole H\u00e4ngematte f\u00fcr unterwegs? Wie w\u00e4re es mit einer von squiq! *Die Links sind [&hellip;]<\/p>\n","protected":false},"featured_media":132400,"template":"","meta":{"_uag_custom_page_level_css":"","site-sidebar-layout":"default","site-content-layout":"","ast-site-content-layout":"default","site-content-style":"default","site-sidebar-style":"default","ast-global-header-display":"","ast-banner-title-visibility":"","ast-main-header-display":"","ast-hfb-above-header-display":"","ast-hfb-below-header-display":"","ast-hfb-mobile-header-display":"","site-post-title":"","ast-breadcrumbs-content":"","ast-featured-img":"","footer-sml-layout":"","ast-disable-related-posts":"","theme-transparent-header-meta":"","adv-header-id-meta":"","stick-header-meta":"","header-above-stick-meta":"","header-main-stick-meta":"","header-below-stick-meta":"","astra-migrate-meta-layouts":"default","ast-page-background-enabled":"default","ast-page-background-meta":{"desktop":{"background-color":"var(--ast-global-color-4)","background-image":"","background-repeat":"repeat","background-position":"center center","background-size":"auto","background-attachment":"scroll","background-type":"","background-media":"","overlay-type":"","overlay-color":"","overlay-opacity":"","overlay-gradient":""},"tablet":{"background-color":"","background-image":"","background-repeat":"repeat","background-position":"center center","background-size":"auto","background-attachment":"scroll","background-type":"","background-media":"","overlay-type":"","overlay-color":"","overlay-opacity":"","overlay-gradient":""},"mobile":{"background-color":"","background-image":"","background-repeat":"repeat","background-position":"center center","background-size":"auto","background-attachment":"scroll","background-type":"","background-media":"","overlay-type":"","overlay-color":"","overlay-opacity":"","overlay-gradient":""}},"ast-content-background-meta":{"desktop":{"background-color":"var(--ast-global-color-5)","background-image":"","background-repeat":"repeat","background-position":"center center","background-size":"auto","background-attachment":"scroll","background-type":"","background-media":"","overlay-type":"","overlay-color":"","overlay-opacity":"","overlay-gradient":""},"tablet":{"background-color":"var(--ast-global-color-5)","background-image":"","background-repeat":"repeat","background-position":"center center","background-size":"auto","background-attachment":"scroll","background-type":"","background-media":"","overlay-type":"","overlay-color":"","overlay-opacity":"","overlay-gradient":""},"mobile":{"background-color":"var(--ast-global-color-5)","background-image":"","background-repeat":"repeat","background-position":"center center","background-size":"auto","background-attachment":"scroll","background-type":"","background-media":"","overlay-type":"","overlay-color":"","overlay-opacity":"","overlay-gradient":""}},"_themeisle_gutenberg_block_has_review":false},"product_brand":[],"product_cat":[101,157],"product_tag":[339,341],"class_list":{"0":"post-132399","1":"product","2":"type-product","3":"status-publish","4":"has-post-thumbnail","6":"product_cat-zubehoer","7":"product_cat-outdoor-gadgets-sport","8":"product_tag-haengematte-2","9":"product_tag-squiq","10":"desktop-align-left","11":"tablet-align-left","12":"mobile-align-left","13":"ast-product-gallery-layout-vertical-slider","14":"ast-product-tabs-layout-horizontal","16":"first","17":"instock","18":"taxable","19":"shipping-taxable","20":"purchasable","21":"product-type-external"},"exclude_global_add_ons":[],"addons":[],"uagb_featured_image_src":{"full":["https:\/\/dachzeltnomaden.com\/shop\/wp-content\/uploads\/2025\/08\/dachzeltnomaden-shop-zubehoer-outdoor-gadget-squiq-haengematte-fuer-zwei_2.webp",800,800,false],"thumbnail":["https:\/\/dachzeltnomaden.com\/shop\/wp-content\/uploads\/2025\/08\/dachzeltnomaden-shop-zubehoer-outdoor-gadget-squiq-haengematte-fuer-zwei_2-600x600.webp",600,600,true],"medium":["https:\/\/dachzeltnomaden.com\/shop\/wp-content\/uploads\/2025\/08\/dachzeltnomaden-shop-zubehoer-outdoor-gadget-squiq-haengematte-fuer-zwei_2-300x300.webp",300,300,true],"medium_large":["https:\/\/dachzeltnomaden.com\/shop\/wp-content\/uploads\/2025\/08\/dachzeltnomaden-shop-zubehoer-outdoor-gadget-squiq-haengematte-fuer-zwei_2-768x768.webp",768,768,true],"large":["https:\/\/dachzeltnomaden.com\/shop\/wp-content\/uploads\/2025\/08\/dachzeltnomaden-shop-zubehoer-outdoor-gadget-squiq-haengematte-fuer-zwei_2-512x512.webp",512,512,true],"1536x1536":["https:\/\/dachzeltnomaden.com\/shop\/wp-content\/uploads\/2025\/08\/dachzeltnomaden-shop-zubehoer-outdoor-gadget-squiq-haengematte-fuer-zwei_2.webp",800,800,false],"2048x2048":["https:\/\/dachzeltnomaden.com\/shop\/wp-content\/uploads\/2025\/08\/dachzeltnomaden-shop-zubehoer-outdoor-gadget-squiq-haengematte-fuer-zwei_2.webp",800,800,false],"woocommerce_thumbnail":["https:\/\/dachzeltnomaden.com\/shop\/wp-content\/uploads\/2025\/08\/dachzeltnomaden-shop-zubehoer-outdoor-gadget-squiq-haengematte-fuer-zwei_2-600x600.webp",600,600,true],"woocommerce_single":["https:\/\/dachzeltnomaden.com\/shop\/wp-content\/uploads\/2025\/08\/dachzeltnomaden-shop-zubehoer-outdoor-gadget-squiq-haengematte-fuer-zwei_2.webp",800,800,false],"woocommerce_gallery_thumbnail":["https:\/\/dachzeltnomaden.com\/shop\/wp-content\/uploads\/2025\/08\/dachzeltnomaden-shop-zubehoer-outdoor-gadget-squiq-haengematte-fuer-zwei_2-100x100.webp",100,100,true]},"uagb_author_info":{"display_name":"Jasmine","author_link":"https:\/\/dachzeltnomaden.com\/shop\/author\/"},"uagb_comment_info":0,"uagb_excerpt":"WERBUNG Du suchst noch nach eine coole H\u00e4ngematte f\u00fcr unterwegs? Wie w\u00e4re es mit einer von squiq! *Die Links sind [&hellip;]","_links":{"self":[{"href":"https:\/\/dachzeltnomaden.com\/shop\/wp-json\/wp\/v2\/product\/132399","targetHints":{"allow":["GET"]}}],"collection":[{"href":"https:\/\/dachzeltnomaden.com\/shop\/wp-json\/wp\/v2\/product"}],"about":[{"href":"https:\/\/dachzeltnomaden.com\/shop\/wp-json\/wp\/v2\/types\/product"}],"wp:featuredmedia":[{"embeddable":true,"href":"https:\/\/dachzeltnomaden.com\/shop\/wp-json\/wp\/v2\/media\/132400"}],"wp:attachment":[{"href":"https:\/\/dachzeltnomaden.com\/shop\/wp-json\/wp\/v2\/media?parent=132399"}],"wp:term":[{"taxonomy":"product_brand","embeddable":true,"href":"https:\/\/dachzeltnomaden.com\/shop\/wp-json\/wp\/v2\/product_brand?post=132399"},{"taxonomy":"product_cat","embeddable":true,"href":"https:\/\/dachzeltnomaden.com\/shop\/wp-json\/wp\/v2\/product_cat?post=132399"},{"taxonomy":"product_tag","embeddable":true,"href":"https:\/\/dachzeltnomaden.com\/shop\/wp-json\/wp\/v2\/product_tag?post=132399"}],"curies":[{"name":"wp","href":"https:\/\/api.w.org\/{rel}","templated":true}]}}