{"id":132359,"date":"2025-08-08T07:15:49","date_gmt":"2025-08-08T05:15:49","guid":{"rendered":"https:\/\/dachzeltnomaden.com\/shop\/?post_type=product&#038;p=132359"},"modified":"2026-04-03T04:36:31","modified_gmt":"2026-04-03T02:36:31","slug":"punii-campingmoebel","status":"publish","type":"product","link":"https:\/\/dachzeltnomaden.com\/shop\/produkt\/punii-campingmoebel\/","title":{"rendered":"punii<br>Campingm\u00f6bel"},"content":{"rendered":"\n<div class=\"wp-block-uagb-container uagb-block-be52fc24 default uagb-is-root-container\">\n<div class=\"wp-block-uagb-advanced-heading uagb-block-233add0f\"><h6 class=\"uagb-heading-text\">WERBUNG<\/h6><\/div>\n\n\n\n<p class=\"has-ast-global-color-5-color has-ast-global-color-2-background-color has-text-color has-background has-link-color wp-elements-57405fab46c1470f37d02ce29a27ee21\">Du suchst noch nach eine coole Sitzgelegenheit f\u00fcr unterwegs? Wie w\u00e4re es mit einer von punii!<br><br>*Die Links sind Affiliate Links. Wenn du dich f\u00fcr den Kauf einer punii Sitzgelegenheit entscheidest, erhalten die Dachzeltnomaden eine Provision. Damit unterst\u00fctzt du uns &amp; unsere Arbeit. F\u00fcr dich kosten die punii Campingm\u00f6bel deshalb nicht mehr.<\/p>\n\n\n\n<div class=\"wp-block-uagb-advanced-heading uagb-block-b21af034\"><p class=\"uagb-desc-text\">Klein, handlich und praktisch!<\/p><h2 class=\"uagb-heading-text\">Tische und St\u00fchle<\/h2><div class=\"uagb-separator\"><\/div><\/div>\n\n\n\n<div class=\"wp-block-uagb-advanced-heading uagb-block-58d91c69\"><h3 class=\"uagb-heading-text\">tepu &#8211; Campingtisch<\/h3><\/div>\n\n\n\n<p style=\"margin-bottom:0px\">Der tepu Campingtisch ist kompakt, stabil und passt ideal zu deinem Setup unter freiem Himmel. Vier Personen finden bequem Platz. Das Tischgestell l\u00e4sst sich zusammenklappen und die Tischplatte rollt man einfach ein. Die Tischbeine lassen sich einzeln anpassen &#8211; so steht tepu auch auf unebenem Boden sicher. Der Tisch h\u00e4lt Wind, Wetter und dem Campingalltag zuverl\u00e4\u00dfig stand. Neu als den h\u00f6heren tepui II.<\/p>\n<\/div>\n\n\n\n<div class=\"wp-block-uagb-container uagb-block-ae00b476 default uagb-is-root-container\">\n<div class=\"wp-block-uagb-container uagb-block-3d544ad6\">\n<figure class=\"wp-block-gallery has-nested-images columns-2 is-cropped wp-block-gallery-1 is-layout-flex wp-block-gallery-is-layout-flex\">\n<figure class=\"wp-block-image alignright size-full has-custom-border is-style-default\"><img decoding=\"async\" width=\"800\" height=\"609\" data-id=\"132360\" src=\"https:\/\/dachzeltnomaden.com\/shop\/wp-content\/uploads\/2025\/08\/dachzeltnomaden-campingmoebel-punii-campingtisch-tepu-kaufen.webp\" alt=\"tepu campingtisch punii kaufen camping moebel outdoor tisch\" class=\"wp-image-132360\" style=\"border-radius:10px\" srcset=\"https:\/\/dachzeltnomaden.com\/shop\/wp-content\/uploads\/2025\/08\/dachzeltnomaden-campingmoebel-punii-campingtisch-tepu-kaufen.webp 800w, https:\/\/dachzeltnomaden.com\/shop\/wp-content\/uploads\/2025\/08\/dachzeltnomaden-campingmoebel-punii-campingtisch-tepu-kaufen-300x228.webp 300w, https:\/\/dachzeltnomaden.com\/shop\/wp-content\/uploads\/2025\/08\/dachzeltnomaden-campingmoebel-punii-campingtisch-tepu-kaufen-673x512.webp 673w, https:\/\/dachzeltnomaden.com\/shop\/wp-content\/uploads\/2025\/08\/dachzeltnomaden-campingmoebel-punii-campingtisch-tepu-kaufen-768x585.webp 768w\" sizes=\"(max-width: 800px) 100vw, 800px\" \/><\/figure>\n\n\n\n<figure class=\"wp-block-image size-full has-custom-border\"><img decoding=\"async\" width=\"800\" height=\"602\" data-id=\"132361\" src=\"https:\/\/dachzeltnomaden.com\/shop\/wp-content\/uploads\/2025\/08\/dachzeltnomaden-campingmoebel-punii-campingtisch-tepu-kaufen_2.webp\" alt=\"tepu campingtisch punii kaufen camping moebel outdoor tisch\" class=\"wp-image-132361\" style=\"border-radius:10px\" srcset=\"https:\/\/dachzeltnomaden.com\/shop\/wp-content\/uploads\/2025\/08\/dachzeltnomaden-campingmoebel-punii-campingtisch-tepu-kaufen_2.webp 800w, https:\/\/dachzeltnomaden.com\/shop\/wp-content\/uploads\/2025\/08\/dachzeltnomaden-campingmoebel-punii-campingtisch-tepu-kaufen_2-300x226.webp 300w, https:\/\/dachzeltnomaden.com\/shop\/wp-content\/uploads\/2025\/08\/dachzeltnomaden-campingmoebel-punii-campingtisch-tepu-kaufen_2-680x512.webp 680w, https:\/\/dachzeltnomaden.com\/shop\/wp-content\/uploads\/2025\/08\/dachzeltnomaden-campingmoebel-punii-campingtisch-tepu-kaufen_2-768x578.webp 768w\" sizes=\"(max-width: 800px) 100vw, 800px\" \/><\/figure>\n\n\n\n<figure class=\"wp-block-image size-full has-custom-border\"><img decoding=\"async\" width=\"1636\" height=\"1252\" data-id=\"132362\" src=\"https:\/\/dachzeltnomaden.com\/shop\/wp-content\/uploads\/2025\/08\/dachzeltnomaden-campingmoebel-punii-campingtisch-tepu-kaufen_3.webp\" alt=\"tepu campingtisch punii kaufen camping moebel outdoor tisch\" class=\"wp-image-132362\" style=\"border-radius:10px\" srcset=\"https:\/\/dachzeltnomaden.com\/shop\/wp-content\/uploads\/2025\/08\/dachzeltnomaden-campingmoebel-punii-campingtisch-tepu-kaufen_3.webp 1636w, https:\/\/dachzeltnomaden.com\/shop\/wp-content\/uploads\/2025\/08\/dachzeltnomaden-campingmoebel-punii-campingtisch-tepu-kaufen_3-300x230.webp 300w, https:\/\/dachzeltnomaden.com\/shop\/wp-content\/uploads\/2025\/08\/dachzeltnomaden-campingmoebel-punii-campingtisch-tepu-kaufen_3-669x512.webp 669w, https:\/\/dachzeltnomaden.com\/shop\/wp-content\/uploads\/2025\/08\/dachzeltnomaden-campingmoebel-punii-campingtisch-tepu-kaufen_3-768x588.webp 768w, https:\/\/dachzeltnomaden.com\/shop\/wp-content\/uploads\/2025\/08\/dachzeltnomaden-campingmoebel-punii-campingtisch-tepu-kaufen_3-1536x1175.webp 1536w, https:\/\/dachzeltnomaden.com\/shop\/wp-content\/uploads\/2025\/08\/dachzeltnomaden-campingmoebel-punii-campingtisch-tepu-kaufen_3-1024x784.webp 1024w\" sizes=\"(max-width: 1636px) 100vw, 1636px\" \/><\/figure>\n\n\n\n<figure class=\"wp-block-image size-full has-custom-border\"><img decoding=\"async\" width=\"800\" height=\"640\" data-id=\"132363\" src=\"https:\/\/dachzeltnomaden.com\/shop\/wp-content\/uploads\/2025\/08\/dachzeltnomaden-campingmoebel-punii-campingtisch-tepu-kaufen_4.webp\" alt=\"tepu campingtisch punii kaufen camping moebel outdoor tisch\" class=\"wp-image-132363\" style=\"border-radius:10px\" srcset=\"https:\/\/dachzeltnomaden.com\/shop\/wp-content\/uploads\/2025\/08\/dachzeltnomaden-campingmoebel-punii-campingtisch-tepu-kaufen_4.webp 800w, https:\/\/dachzeltnomaden.com\/shop\/wp-content\/uploads\/2025\/08\/dachzeltnomaden-campingmoebel-punii-campingtisch-tepu-kaufen_4-300x240.webp 300w, https:\/\/dachzeltnomaden.com\/shop\/wp-content\/uploads\/2025\/08\/dachzeltnomaden-campingmoebel-punii-campingtisch-tepu-kaufen_4-640x512.webp 640w, https:\/\/dachzeltnomaden.com\/shop\/wp-content\/uploads\/2025\/08\/dachzeltnomaden-campingmoebel-punii-campingtisch-tepu-kaufen_4-768x614.webp 768w\" sizes=\"(max-width: 800px) 100vw, 800px\" \/><\/figure>\n<\/figure>\n<\/div>\n\n\n\n<div class=\"wp-block-uagb-container uagb-block-76ea1ad4\">\n<h4 class=\"wp-block-heading\" style=\"margin-top:0px;margin-bottom:0px\">Abmessungen<\/h4>\n\n\n\n<ul class=\"wp-block-list\">\n<li><strong>Abmessung (LxBxH):<\/strong> 119,5 x 70,5 x 71 cm<\/li>\n\n\n\n<li><strong>Packma\u00df (LxBxH): <\/strong>74 x 24 x 19 cm<\/li>\n\n\n\n<li><strong>Gewicht:<\/strong> 7kg<\/li>\n\n\n\n<li><strong>Material:<\/strong> Aluminium<\/li>\n\n\n\n<li><strong>Farbe:<\/strong> Schwarz<\/li>\n\n\n\n<li><strong>Fl\u00e4che: <\/strong>Platz f\u00fcr 4 Personen<\/li>\n\n\n\n<li><strong>Funktionen:<\/strong> Einrollbar, Jeder Fu\u00df individuell einstellbar<\/li>\n<\/ul>\n\n\n\n<div class=\"wp-block-buttons is-layout-flex wp-block-buttons-is-layout-flex\">\n<div class=\"wp-block-button\"><a class=\"wp-block-button__link wp-element-button\" href=\"https:\/\/punii.de\/products\/tepu-ii-campingtisch?ref=DZN\" target=\"_blank\" rel=\"noreferrer noopener\">Zum tepu II Campingtisch<\/a><\/div>\n<\/div>\n<\/div>\n<\/div>\n\n\n\n<div class=\"wp-block-uagb-container uagb-block-ab46628b default uagb-is-root-container\">\n<div class=\"wp-block-uagb-advanced-heading uagb-block-f68de046\"><h3 class=\"uagb-heading-text\">turu &#8211; Campingstuhl<\/h3><\/div>\n\n\n\n<p>Der Campingstuhl turu bietet Komfort bei geringem Packma\u00df. Die faltbare Konstruktion passt in jedes Fahrzeug und l\u00e4sst sich einfach verstauen. Dank robuster Materialien und durchdachter Form sitzt man stabil &#8211; beim Fr\u00fchst\u00fcck am See genauso wie beim Ausklang am Feuer. turu eignet sich f\u00fcr kurze Ausfl\u00fcge ebenso wie f\u00fcr l\u00e4ngere Touren.<\/p>\n\n\n\n<div class=\"wp-block-uagb-container uagb-block-e5daed0c\">\n<div class=\"wp-block-uagb-container uagb-block-ecfb967d\">\n<h4 class=\"wp-block-heading\" style=\"margin-top:0px;margin-bottom:0px\">Eigenschaften<\/h4>\n\n\n\n<ul class=\"wp-block-list\">\n<li><strong>Abmessung:<\/strong> 61 x 70 x 95 cm (TxBxH)<\/li>\n\n\n\n<li><strong>Packma\u00df: <\/strong>25 x 20 x 101 cm (TxBxH)<\/li>\n\n\n\n<li><strong>Gewicht:<\/strong> 6,3 kg<\/li>\n\n\n\n<li><strong>Stoff:<\/strong> 600D Oxford mit Baumwolle<\/li>\n\n\n\n<li><strong>Stangen:<\/strong> Stahl, 28 x 20 x 1.0 mm<\/li>\n\n\n\n<li><strong>Farbe:<\/strong> Schwarz\/ Grau<\/li>\n\n\n\n<li><strong>Komfort: <\/strong>Verstellbare R\u00fcckenlehne, Getr\u00e4nkehalter, Seitentasche<\/li>\n\n\n\n<li><strong>Funktionen:<\/strong> faltbar<\/li>\n<\/ul>\n\n\n\n<div class=\"wp-block-buttons is-layout-flex wp-block-buttons-is-layout-flex\" style=\"margin-top:0px\">\n<div class=\"wp-block-button\"><a class=\"wp-block-button__link wp-element-button\" href=\"https:\/\/punii.de\/products\/turu-campingstuhl?ref=DZN\" target=\"_blank\" rel=\"noreferrer noopener\">Zum turu Campingstuhl<\/a><\/div>\n<\/div>\n<\/div>\n\n\n\n<div class=\"wp-block-uagb-container uagb-block-e0136a5b\">\n<figure class=\"wp-block-gallery has-nested-images columns-2 is-cropped wp-block-gallery-2 is-layout-flex wp-block-gallery-is-layout-flex\">\n<figure class=\"wp-block-image alignright size-full has-custom-border is-style-default\"><img decoding=\"async\" width=\"800\" height=\"609\" data-id=\"132366\" src=\"https:\/\/dachzeltnomaden.com\/shop\/wp-content\/uploads\/2025\/08\/dachzeltnomaden-campingmoebel-punii-campingstuhl-turu-3.webp\" alt=\"puni campingstuhl turu kaufen campingmoebel outdoor stuhl\" class=\"wp-image-132366\" style=\"border-radius:10px\" srcset=\"https:\/\/dachzeltnomaden.com\/shop\/wp-content\/uploads\/2025\/08\/dachzeltnomaden-campingmoebel-punii-campingstuhl-turu-3.webp 800w, https:\/\/dachzeltnomaden.com\/shop\/wp-content\/uploads\/2025\/08\/dachzeltnomaden-campingmoebel-punii-campingstuhl-turu-3-300x228.webp 300w, https:\/\/dachzeltnomaden.com\/shop\/wp-content\/uploads\/2025\/08\/dachzeltnomaden-campingmoebel-punii-campingstuhl-turu-3-673x512.webp 673w, https:\/\/dachzeltnomaden.com\/shop\/wp-content\/uploads\/2025\/08\/dachzeltnomaden-campingmoebel-punii-campingstuhl-turu-3-768x585.webp 768w\" sizes=\"(max-width: 800px) 100vw, 800px\" \/><\/figure>\n\n\n\n<figure class=\"wp-block-image size-full has-custom-border\"><img decoding=\"async\" width=\"800\" height=\"640\" data-id=\"132365\" src=\"https:\/\/dachzeltnomaden.com\/shop\/wp-content\/uploads\/2025\/08\/dachzeltnomaden-campingmoebel-punii-campingstuhl-turu-aufgestellt.webp\" alt=\"puni campingstuhl turu kaufen campingmoebel outdoor stuhl\" class=\"wp-image-132365\" style=\"border-radius:10px\" srcset=\"https:\/\/dachzeltnomaden.com\/shop\/wp-content\/uploads\/2025\/08\/dachzeltnomaden-campingmoebel-punii-campingstuhl-turu-aufgestellt.webp 800w, https:\/\/dachzeltnomaden.com\/shop\/wp-content\/uploads\/2025\/08\/dachzeltnomaden-campingmoebel-punii-campingstuhl-turu-aufgestellt-300x240.webp 300w, https:\/\/dachzeltnomaden.com\/shop\/wp-content\/uploads\/2025\/08\/dachzeltnomaden-campingmoebel-punii-campingstuhl-turu-aufgestellt-640x512.webp 640w, https:\/\/dachzeltnomaden.com\/shop\/wp-content\/uploads\/2025\/08\/dachzeltnomaden-campingmoebel-punii-campingstuhl-turu-aufgestellt-768x614.webp 768w\" sizes=\"(max-width: 800px) 100vw, 800px\" \/><\/figure>\n\n\n\n<figure class=\"wp-block-image size-full has-custom-border\"><img decoding=\"async\" width=\"800\" height=\"640\" data-id=\"132364\" src=\"https:\/\/dachzeltnomaden.com\/shop\/wp-content\/uploads\/2025\/08\/dachzeltnomaden-campingmoebel-punii-campingstuhl-turu-verpackt-kaufen.webp\" alt=\"puni campingstuhl turu kaufen campingmoebel outdoor stuhl\" class=\"wp-image-132364\" style=\"border-radius:10px\" srcset=\"https:\/\/dachzeltnomaden.com\/shop\/wp-content\/uploads\/2025\/08\/dachzeltnomaden-campingmoebel-punii-campingstuhl-turu-verpackt-kaufen.webp 800w, https:\/\/dachzeltnomaden.com\/shop\/wp-content\/uploads\/2025\/08\/dachzeltnomaden-campingmoebel-punii-campingstuhl-turu-verpackt-kaufen-300x240.webp 300w, https:\/\/dachzeltnomaden.com\/shop\/wp-content\/uploads\/2025\/08\/dachzeltnomaden-campingmoebel-punii-campingstuhl-turu-verpackt-kaufen-640x512.webp 640w, https:\/\/dachzeltnomaden.com\/shop\/wp-content\/uploads\/2025\/08\/dachzeltnomaden-campingmoebel-punii-campingstuhl-turu-verpackt-kaufen-768x614.webp 768w\" sizes=\"(max-width: 800px) 100vw, 800px\" \/><\/figure>\n\n\n\n<figure class=\"wp-block-image size-full has-custom-border\"><img decoding=\"async\" width=\"800\" height=\"604\" data-id=\"132367\" src=\"https:\/\/dachzeltnomaden.com\/shop\/wp-content\/uploads\/2025\/08\/dachzeltnomaden-campingmoebel-punii-campingstuhl-turu-2.webp\" alt=\"puni campingstuhl turu kaufen campingmoebel outdoor stuhl\" class=\"wp-image-132367\" style=\"border-radius:10px\" srcset=\"https:\/\/dachzeltnomaden.com\/shop\/wp-content\/uploads\/2025\/08\/dachzeltnomaden-campingmoebel-punii-campingstuhl-turu-2.webp 800w, https:\/\/dachzeltnomaden.com\/shop\/wp-content\/uploads\/2025\/08\/dachzeltnomaden-campingmoebel-punii-campingstuhl-turu-2-300x227.webp 300w, https:\/\/dachzeltnomaden.com\/shop\/wp-content\/uploads\/2025\/08\/dachzeltnomaden-campingmoebel-punii-campingstuhl-turu-2-678x512.webp 678w, https:\/\/dachzeltnomaden.com\/shop\/wp-content\/uploads\/2025\/08\/dachzeltnomaden-campingmoebel-punii-campingstuhl-turu-2-768x580.webp 768w\" sizes=\"(max-width: 800px) 100vw, 800px\" \/><\/figure>\n<\/figure>\n<\/div>\n<\/div>\n<\/div>\n","protected":false},"excerpt":{"rendered":"<p>WERBUNG Du suchst noch nach eine coole Sitzgelegenheit f\u00fcr unterwegs? Wie w\u00e4re es mit einer von punii! *Die Links sind [&hellip;]<\/p>\n","protected":false},"featured_media":132366,"template":"","meta":{"_uag_custom_page_level_css":"","site-sidebar-layout":"default","site-content-layout":"","ast-site-content-layout":"default","site-content-style":"default","site-sidebar-style":"default","ast-global-header-display":"","ast-banner-title-visibility":"","ast-main-header-display":"","ast-hfb-above-header-display":"","ast-hfb-below-header-display":"","ast-hfb-mobile-header-display":"","site-post-title":"","ast-breadcrumbs-content":"","ast-featured-img":"","footer-sml-layout":"","ast-disable-related-posts":"","theme-transparent-header-meta":"","adv-header-id-meta":"","stick-header-meta":"","header-above-stick-meta":"","header-main-stick-meta":"","header-below-stick-meta":"","astra-migrate-meta-layouts":"default","ast-page-background-enabled":"default","ast-page-background-meta":{"desktop":{"background-color":"var(--ast-global-color-4)","background-image":"","background-repeat":"repeat","background-position":"center center","background-size":"auto","background-attachment":"scroll","background-type":"","background-media":"","overlay-type":"","overlay-color":"","overlay-opacity":"","overlay-gradient":""},"tablet":{"background-color":"","background-image":"","background-repeat":"repeat","background-position":"center center","background-size":"auto","background-attachment":"scroll","background-type":"","background-media":"","overlay-type":"","overlay-color":"","overlay-opacity":"","overlay-gradient":""},"mobile":{"background-color":"","background-image":"","background-repeat":"repeat","background-position":"center center","background-size":"auto","background-attachment":"scroll","background-type":"","background-media":"","overlay-type":"","overlay-color":"","overlay-opacity":"","overlay-gradient":""}},"ast-content-background-meta":{"desktop":{"background-color":"var(--ast-global-color-5)","background-image":"","background-repeat":"repeat","background-position":"center center","background-size":"auto","background-attachment":"scroll","background-type":"","background-media":"","overlay-type":"","overlay-color":"","overlay-opacity":"","overlay-gradient":""},"tablet":{"background-color":"var(--ast-global-color-5)","background-image":"","background-repeat":"repeat","background-position":"center center","background-size":"auto","background-attachment":"scroll","background-type":"","background-media":"","overlay-type":"","overlay-color":"","overlay-opacity":"","overlay-gradient":""},"mobile":{"background-color":"var(--ast-global-color-5)","background-image":"","background-repeat":"repeat","background-position":"center center","background-size":"auto","background-attachment":"scroll","background-type":"","background-media":"","overlay-type":"","overlay-color":"","overlay-opacity":"","overlay-gradient":""}},"_themeisle_gutenberg_block_has_review":false},"product_brand":[],"product_cat":[101,157,343],"product_tag":[258,271,272,335],"class_list":{"0":"post-132359","1":"product","2":"type-product","3":"status-publish","4":"has-post-thumbnail","6":"product_cat-zubehoer","7":"product_cat-outdoor-gadgets-sport","8":"product_cat-campingmoebel","9":"product_tag-outdoor-tisch-und-stuhl","10":"product_tag-faltbarer-tisch","11":"product_tag-faltbarer-stuhl","12":"product_tag-punii-campingmoebel","13":"desktop-align-left","14":"tablet-align-left","15":"mobile-align-left","16":"ast-product-gallery-layout-vertical-slider","17":"ast-product-tabs-layout-horizontal","19":"first","20":"instock","21":"taxable","22":"shipping-taxable","23":"purchasable","24":"product-type-external"},"exclude_global_add_ons":[],"addons":[],"uagb_featured_image_src":{"full":["https:\/\/dachzeltnomaden.com\/shop\/wp-content\/uploads\/2025\/08\/dachzeltnomaden-campingmoebel-punii-campingstuhl-turu-3.webp",800,609,false],"thumbnail":["https:\/\/dachzeltnomaden.com\/shop\/wp-content\/uploads\/2025\/08\/dachzeltnomaden-campingmoebel-punii-campingstuhl-turu-3-600x600.webp",600,600,true],"medium":["https:\/\/dachzeltnomaden.com\/shop\/wp-content\/uploads\/2025\/08\/dachzeltnomaden-campingmoebel-punii-campingstuhl-turu-3-300x228.webp",300,228,true],"medium_large":["https:\/\/dachzeltnomaden.com\/shop\/wp-content\/uploads\/2025\/08\/dachzeltnomaden-campingmoebel-punii-campingstuhl-turu-3-768x585.webp",768,585,true],"large":["https:\/\/dachzeltnomaden.com\/shop\/wp-content\/uploads\/2025\/08\/dachzeltnomaden-campingmoebel-punii-campingstuhl-turu-3-673x512.webp",673,512,true],"1536x1536":["https:\/\/dachzeltnomaden.com\/shop\/wp-content\/uploads\/2025\/08\/dachzeltnomaden-campingmoebel-punii-campingstuhl-turu-3.webp",800,609,false],"2048x2048":["https:\/\/dachzeltnomaden.com\/shop\/wp-content\/uploads\/2025\/08\/dachzeltnomaden-campingmoebel-punii-campingstuhl-turu-3.webp",800,609,false],"woocommerce_thumbnail":["https:\/\/dachzeltnomaden.com\/shop\/wp-content\/uploads\/2025\/08\/dachzeltnomaden-campingmoebel-punii-campingstuhl-turu-3-600x600.webp",600,600,true],"woocommerce_single":["https:\/\/dachzeltnomaden.com\/shop\/wp-content\/uploads\/2025\/08\/dachzeltnomaden-campingmoebel-punii-campingstuhl-turu-3.webp",800,609,false],"woocommerce_gallery_thumbnail":["https:\/\/dachzeltnomaden.com\/shop\/wp-content\/uploads\/2025\/08\/dachzeltnomaden-campingmoebel-punii-campingstuhl-turu-3-100x100.webp",100,100,true]},"uagb_author_info":{"display_name":"Jasmine","author_link":"https:\/\/dachzeltnomaden.com\/shop\/author\/"},"uagb_comment_info":0,"uagb_excerpt":"WERBUNG Du suchst noch nach eine coole Sitzgelegenheit f\u00fcr unterwegs? Wie w\u00e4re es mit einer von punii! *Die Links sind [&hellip;]","_links":{"self":[{"href":"https:\/\/dachzeltnomaden.com\/shop\/wp-json\/wp\/v2\/product\/132359","targetHints":{"allow":["GET"]}}],"collection":[{"href":"https:\/\/dachzeltnomaden.com\/shop\/wp-json\/wp\/v2\/product"}],"about":[{"href":"https:\/\/dachzeltnomaden.com\/shop\/wp-json\/wp\/v2\/types\/product"}],"wp:featuredmedia":[{"embeddable":true,"href":"https:\/\/dachzeltnomaden.com\/shop\/wp-json\/wp\/v2\/media\/132366"}],"wp:attachment":[{"href":"https:\/\/dachzeltnomaden.com\/shop\/wp-json\/wp\/v2\/media?parent=132359"}],"wp:term":[{"taxonomy":"product_brand","embeddable":true,"href":"https:\/\/dachzeltnomaden.com\/shop\/wp-json\/wp\/v2\/product_brand?post=132359"},{"taxonomy":"product_cat","embeddable":true,"href":"https:\/\/dachzeltnomaden.com\/shop\/wp-json\/wp\/v2\/product_cat?post=132359"},{"taxonomy":"product_tag","embeddable":true,"href":"https:\/\/dachzeltnomaden.com\/shop\/wp-json\/wp\/v2\/product_tag?post=132359"}],"curies":[{"name":"wp","href":"https:\/\/api.w.org\/{rel}","templated":true}]}}