{"id":132349,"date":"2025-08-08T05:50:54","date_gmt":"2025-08-08T03:50:54","guid":{"rendered":"https:\/\/dachzeltnomaden.com\/shop\/?post_type=product&#038;p=132349"},"modified":"2025-11-10T05:31:37","modified_gmt":"2025-11-10T04:31:37","slug":"punii-markisen","status":"publish","type":"product","link":"https:\/\/dachzeltnomaden.com\/shop\/produkt\/punii-markisen\/","title":{"rendered":"punii<br>Markisen"},"content":{"rendered":"\n<div class=\"wp-block-uagb-container uagb-block-be52fc24 default uagb-is-root-container\">\n<div class=\"wp-block-uagb-advanced-heading uagb-block-233add0f\"><h6 class=\"uagb-heading-text\">WERBUNG<\/h6><\/div>\n\n\n\n<p class=\"has-ast-global-color-5-color has-ast-global-color-2-background-color has-text-color has-background has-link-color wp-elements-88dfc9954450ae28288b4b21f78095df\">Du suchst noch nach eine Markise f\u00fcr dein Dachzelt Setup? Wie w\u00e4re es mit einer von punii!<br><br>*Die Links sind Affiliate Links. Wenn du dich f\u00fcr den Kauf einer punii Markise entscheidest, erhalten die Dachzeltnomaden eine Provision. Damit unterst\u00fctzt du uns &amp; unsere Arbeit. F\u00fcr dich kostet die Markise deshalb nicht mehr.<\/p>\n\n\n\n<div class=\"wp-block-uagb-advanced-heading uagb-block-b21af034\"><p class=\"uagb-desc-text\">Schattenpl\u00e4tzchen<\/p><h2 class=\"uagb-heading-text\"><strong>Markisen<\/strong><\/h2><div class=\"uagb-separator\"><\/div><\/div>\n\n\n\n<p>Neben ihren Klappdachzelten bieten punii auch die passenden Markisen an. Folgende punii Markisen sind momentan erh\u00e4ltlich:<\/p>\n\n\n\n<div class=\"wp-block-uagb-advanced-heading uagb-block-f3c5114e\"><h3 class=\"uagb-heading-text\">komaru 200 &#8211; Markise<\/h3><\/div>\n\n\n\n<p style=\"margin-bottom:0px\">Die komaru 200 ist eine robuste Markise mit 2 Metern Breite \u2013 ideal f\u00fcr Kombi, Van oder Offroader. Sie ist wasserdicht, UV-best\u00e4ndig und mit einer Antischimmel-Beschichtung ausgestattet. Schnell montiert an allen g\u00e4ngigen Quertr\u00e4gern, bietet sie zuverl\u00e4ssigen Sonnen- und Regenschutz bei jedem Wetter. Kompakt im Packma\u00df, stabil im Einsatz \u2013 komaru begleitet dich zuverl\u00e4ssig auf jedem Abenteuer. Hier findest du ein<a href=\"http:\/\/<iframe width=&quot;1536&quot; height=&quot;864&quot; src=&quot;https:\/\/www.youtube.com\/embed\/RQ8hnqwmlqQ&quot; title=&quot;Komaru 200 aufbauen in unter 3 Minuten \u2013 Anleitung f\u00fcr deine Camping-Markise&quot; frameborder=&quot;0&quot; allow=&quot;accelerometer; autoplay; clipboard-write; encrypted-media; gyroscope; picture-in-picture; web-share&quot; referrerpolicy=&quot;strict-origin-when-cross-origin&quot; allowfullscreen&gt;<\/iframe&gt;\" target=\"_blank\" rel=\"noreferrer noopener\"> <span class=\"wp-rich-text-font-awesome-icon wp-font-awesome-icon\"><svg aria-hidden=\"true\" focusable=\"false\" data-prefix=\"fas\" data-icon=\"arrow-up-right-from-square\" class=\"svg-inline--fa fa-arrow-up-right-from-square \" role=\"img\" xmlns=\"http:\/\/www.w3.org\/2000\/svg\" viewBox=\"0 0 512 512\"><path fill=\"currentColor\" d=\"M320 0c-17.7 0-32 14.3-32 32s14.3 32 32 32l82.7 0L201.4 265.4c-12.5 12.5-12.5 32.8 0 45.3s32.8 12.5 45.3 0L448 109.3l0 82.7c0 17.7 14.3 32 32 32s32-14.3 32-32l0-160c0-17.7-14.3-32-32-32L320 0zM80 32C35.8 32 0 67.8 0 112L0 432c0 44.2 35.8 80 80 80l320 0c44.2 0 80-35.8 80-80l0-112c0-17.7-14.3-32-32-32s-32 14.3-32 32l0 112c0 8.8-7.2 16-16 16L80 448c-8.8 0-16-7.2-16-16l0-320c0-8.8 7.2-16 16-16l112 0c17.7 0 32-14.3 32-32s-14.3-32-32-32L80 32z\"><\/path><\/svg><\/span> Vorstellungsvideo<\/a>.<\/p>\n<\/div>\n\n\n\n<div class=\"wp-block-uagb-container uagb-block-ae00b476 default uagb-is-root-container\">\n<div class=\"wp-block-uagb-container uagb-block-3d544ad6\">\n<figure class=\"wp-block-gallery has-nested-images columns-2 is-cropped wp-block-gallery-1 is-layout-flex wp-block-gallery-is-layout-flex\">\n<figure class=\"wp-block-image alignright size-full has-custom-border is-style-default\"><img decoding=\"async\" width=\"2000\" height=\"1600\" data-id=\"132350\" src=\"https:\/\/dachzeltnomaden.com\/shop\/wp-content\/uploads\/2025\/08\/dachzeltnomaden-markisen-punii-komaru-200-sackmarkise-seitenmarkise.webp\" alt=\"punii komaru 200 seitenmarkise kaufen\" class=\"wp-image-132350\" style=\"border-radius:10px\" srcset=\"https:\/\/dachzeltnomaden.com\/shop\/wp-content\/uploads\/2025\/08\/dachzeltnomaden-markisen-punii-komaru-200-sackmarkise-seitenmarkise.webp 2000w, https:\/\/dachzeltnomaden.com\/shop\/wp-content\/uploads\/2025\/08\/dachzeltnomaden-markisen-punii-komaru-200-sackmarkise-seitenmarkise-300x240.webp 300w, https:\/\/dachzeltnomaden.com\/shop\/wp-content\/uploads\/2025\/08\/dachzeltnomaden-markisen-punii-komaru-200-sackmarkise-seitenmarkise-640x512.webp 640w, https:\/\/dachzeltnomaden.com\/shop\/wp-content\/uploads\/2025\/08\/dachzeltnomaden-markisen-punii-komaru-200-sackmarkise-seitenmarkise-768x614.webp 768w, https:\/\/dachzeltnomaden.com\/shop\/wp-content\/uploads\/2025\/08\/dachzeltnomaden-markisen-punii-komaru-200-sackmarkise-seitenmarkise-1536x1229.webp 1536w, https:\/\/dachzeltnomaden.com\/shop\/wp-content\/uploads\/2025\/08\/dachzeltnomaden-markisen-punii-komaru-200-sackmarkise-seitenmarkise-1024x819.webp 1024w\" sizes=\"(max-width: 2000px) 100vw, 2000px\" \/><\/figure>\n\n\n\n<figure class=\"wp-block-image size-full has-custom-border\"><img decoding=\"async\" width=\"2000\" height=\"1600\" data-id=\"132351\" src=\"https:\/\/dachzeltnomaden.com\/shop\/wp-content\/uploads\/2025\/08\/dachzeltnomaden-markisen-punii-komaru-200-offen-pkw-kaufen.webp\" alt=\"punii komaru 200 seitenmarkise kaufen\" class=\"wp-image-132351\" style=\"border-radius:10px\" srcset=\"https:\/\/dachzeltnomaden.com\/shop\/wp-content\/uploads\/2025\/08\/dachzeltnomaden-markisen-punii-komaru-200-offen-pkw-kaufen.webp 2000w, https:\/\/dachzeltnomaden.com\/shop\/wp-content\/uploads\/2025\/08\/dachzeltnomaden-markisen-punii-komaru-200-offen-pkw-kaufen-300x240.webp 300w, https:\/\/dachzeltnomaden.com\/shop\/wp-content\/uploads\/2025\/08\/dachzeltnomaden-markisen-punii-komaru-200-offen-pkw-kaufen-640x512.webp 640w, https:\/\/dachzeltnomaden.com\/shop\/wp-content\/uploads\/2025\/08\/dachzeltnomaden-markisen-punii-komaru-200-offen-pkw-kaufen-768x614.webp 768w, https:\/\/dachzeltnomaden.com\/shop\/wp-content\/uploads\/2025\/08\/dachzeltnomaden-markisen-punii-komaru-200-offen-pkw-kaufen-1536x1229.webp 1536w, https:\/\/dachzeltnomaden.com\/shop\/wp-content\/uploads\/2025\/08\/dachzeltnomaden-markisen-punii-komaru-200-offen-pkw-kaufen-1024x819.webp 1024w\" sizes=\"(max-width: 2000px) 100vw, 2000px\" \/><\/figure>\n<\/figure>\n<\/div>\n\n\n\n<div class=\"wp-block-uagb-container uagb-block-76ea1ad4\">\n<h4 class=\"wp-block-heading\" style=\"margin-top:0px;margin-bottom:0px\">Eigenschaften<\/h4>\n\n\n\n<ul class=\"wp-block-list\">\n<li><strong>Fl\u00e4che:<\/strong> 200 x 250 x 190 cm (BxLxH)<\/li>\n\n\n\n<li><strong>Gesamtgewicht: <\/strong>10 kg<\/li>\n\n\n\n<li><strong>Stangen:<\/strong> Aluminium, 22\/ 25 mm<\/li>\n\n\n\n<li><strong>Stoff:<\/strong> 420D Rip-Stop Oxford, 100% Wasserdicht, Schimmelresistent<\/li>\n\n\n\n<li><strong>Transportcover:<\/strong> Strapazierf\u00e4higes 680g PVC, UV 50+<\/li>\n\n\n\n<li><strong>Montage:<\/strong> Passend an allen g\u00e4ngigen Dachtr\u00e4gern<\/li>\n\n\n\n<li><strong>Lieferumfang:<\/strong> Markise, Befestigungsmaterial, Transportcover<\/li>\n<\/ul>\n\n\n\n<div class=\"wp-block-buttons is-layout-flex wp-block-buttons-is-layout-flex\">\n<div class=\"wp-block-button\"><a class=\"wp-block-button__link wp-element-button\" href=\"https:\/\/punii.de\/collections\/markisen\/products\/markise-komaru?ref=DZN\" target=\"_blank\" rel=\"noreferrer noopener\">Zur komaru 200 &#8211; Markise<\/a><\/div>\n<\/div>\n<\/div>\n<\/div>\n\n\n\n<div class=\"wp-block-uagb-container uagb-block-ab46628b default uagb-is-root-container\">\n<div class=\"wp-block-uagb-advanced-heading uagb-block-f68de046\"><h3 class=\"uagb-heading-text\">komaru 270 &#8211; Markise 270 Grad<\/h3><\/div>\n\n\n\n<p style=\"margin-bottom:0px\">Die Markise komaru 270 bietet gro\u00dfz\u00fcgigen Schatten und Regenschutz rund ums Fahrzeug. Sie kommt mit nur einer St\u00fctze aus und bleibt auch bei Wind stabil. Das geringe Gewicht und hochwertige Materialien machen sie zur passenden L\u00f6sung f\u00fcr alle, die viel Fl\u00e4che bei wenig Aufwand suchen \u2013 vom Wochenendtrip bis zur langen Reise.<br><br>Die komaru 270\u00b0-Sackmarkise hat bereits ein Beleuchtungssystem integriert und l\u00e4sst sich auf allen g\u00e4ngigen Dachtr\u00e4gern ganz einfach montieren.<\/p>\n\n\n\n<div class=\"wp-block-uagb-container uagb-block-e5daed0c\">\n<div class=\"wp-block-uagb-container uagb-block-ecfb967d\">\n<h4 class=\"wp-block-heading\" style=\"margin-top:0px;margin-bottom:0px\">Eigenschaften<\/h4>\n\n\n\n<ul class=\"wp-block-list\">\n<li><strong>Fahrzeugseite:<\/strong> Fahrer- oder Beifahrerseite, Variante ausw\u00e4hlbar<\/li>\n\n\n\n<li><strong>Fl\u00e4che:<\/strong> 250 x 245 x 210 cm (BxLxH)<\/li>\n\n\n\n<li><strong>Gesamtgewicht:<\/strong> 23 kg<\/li>\n\n\n\n<li><strong>Stange:<\/strong> Aluminium, 22\/25 mm<\/li>\n\n\n\n<li><strong>Stoff:<\/strong> 420D Rip-Stop Oxford, 100% Wasserdicht, Schimmelresistent<\/li>\n\n\n\n<li><strong>Transportcover:<\/strong> Strapazierf\u00e4higes 680g PVC, UV 50+<\/li>\n\n\n\n<li>Mit einem Handgriff l\u00e4sst sich die Markise aufklappen.<\/li>\n\n\n\n<li>Durch die zus\u00e4tzliche Stange findest du auch Schutz bei st\u00e4rkerem Wind unter deiner Markise. Ein wesentlicher Vorteil zu vergleichbaren freistehenden Markisen.<\/li>\n\n\n\n<li><strong>Optionales Zubeh\u00f6r: <\/strong>Bei schlechtem Wetter sch\u00fctzt dich das Vorzelt vor Wind und Wasser.<\/li>\n\n\n\n<li><strong>Lieferumfang:<\/strong> Markise, Befestigungsmaterial, 1 Stange, Transportcover<\/li>\n<\/ul>\n\n\n\n<div class=\"wp-block-buttons is-layout-flex wp-block-buttons-is-layout-flex\" style=\"margin-top:0px\">\n<div class=\"wp-block-button\"><a class=\"wp-block-button__link wp-element-button\" href=\"https:\/\/punii.de\/collections\/markisen\/products\/markise-komaru-270?ref=DZN\" target=\"_blank\" rel=\"noreferrer noopener\">Zur komaru 270 &#8211; Markise<\/a><\/div>\n<\/div>\n<\/div>\n\n\n\n<div class=\"wp-block-uagb-container uagb-block-e0136a5b\">\n<figure class=\"wp-block-gallery has-nested-images columns-2 is-cropped wp-block-gallery-2 is-layout-flex wp-block-gallery-is-layout-flex\">\n<figure class=\"wp-block-image alignright size-full has-custom-border is-style-default\"><img decoding=\"async\" width=\"800\" height=\"615\" data-id=\"132353\" src=\"https:\/\/dachzeltnomaden.com\/shop\/wp-content\/uploads\/2025\/08\/dachzeltnomaden-markisen-punii-komaru-270-sackmarkise-kaufen.webp\" alt=\"punii komaru 270 grad sackmarkise kaufen\" class=\"wp-image-132353\" style=\"border-radius:10px\" srcset=\"https:\/\/dachzeltnomaden.com\/shop\/wp-content\/uploads\/2025\/08\/dachzeltnomaden-markisen-punii-komaru-270-sackmarkise-kaufen.webp 800w, https:\/\/dachzeltnomaden.com\/shop\/wp-content\/uploads\/2025\/08\/dachzeltnomaden-markisen-punii-komaru-270-sackmarkise-kaufen-300x231.webp 300w, https:\/\/dachzeltnomaden.com\/shop\/wp-content\/uploads\/2025\/08\/dachzeltnomaden-markisen-punii-komaru-270-sackmarkise-kaufen-666x512.webp 666w, https:\/\/dachzeltnomaden.com\/shop\/wp-content\/uploads\/2025\/08\/dachzeltnomaden-markisen-punii-komaru-270-sackmarkise-kaufen-768x590.webp 768w\" sizes=\"(max-width: 800px) 100vw, 800px\" \/><\/figure>\n\n\n\n<figure class=\"wp-block-image size-full has-custom-border\"><img decoding=\"async\" width=\"800\" height=\"640\" data-id=\"132356\" src=\"https:\/\/dachzeltnomaden.com\/shop\/wp-content\/uploads\/2025\/08\/dachzeltnomaden-markisen-punii-komaru-270-sackmarkise-verpackung-kaufen.webp\" alt=\"punii markise komaru 270 grad sackmarkise kaufen\" class=\"wp-image-132356\" style=\"border-radius:10px\" srcset=\"https:\/\/dachzeltnomaden.com\/shop\/wp-content\/uploads\/2025\/08\/dachzeltnomaden-markisen-punii-komaru-270-sackmarkise-verpackung-kaufen.webp 800w, https:\/\/dachzeltnomaden.com\/shop\/wp-content\/uploads\/2025\/08\/dachzeltnomaden-markisen-punii-komaru-270-sackmarkise-verpackung-kaufen-300x240.webp 300w, https:\/\/dachzeltnomaden.com\/shop\/wp-content\/uploads\/2025\/08\/dachzeltnomaden-markisen-punii-komaru-270-sackmarkise-verpackung-kaufen-640x512.webp 640w, https:\/\/dachzeltnomaden.com\/shop\/wp-content\/uploads\/2025\/08\/dachzeltnomaden-markisen-punii-komaru-270-sackmarkise-verpackung-kaufen-768x614.webp 768w\" sizes=\"(max-width: 800px) 100vw, 800px\" \/><\/figure>\n\n\n\n<figure class=\"wp-block-image size-full has-custom-border\"><img decoding=\"async\" width=\"800\" height=\"640\" data-id=\"132355\" src=\"https:\/\/dachzeltnomaden.com\/shop\/wp-content\/uploads\/2025\/08\/dachzeltnomaden-markisen-punii-komaru-270-geschlossen-pkw-kaufen.webp\" alt=\"punii komaru 270 grad markise sackmarkise kaufen\" class=\"wp-image-132355\" style=\"border-radius:10px\" srcset=\"https:\/\/dachzeltnomaden.com\/shop\/wp-content\/uploads\/2025\/08\/dachzeltnomaden-markisen-punii-komaru-270-geschlossen-pkw-kaufen.webp 800w, https:\/\/dachzeltnomaden.com\/shop\/wp-content\/uploads\/2025\/08\/dachzeltnomaden-markisen-punii-komaru-270-geschlossen-pkw-kaufen-300x240.webp 300w, https:\/\/dachzeltnomaden.com\/shop\/wp-content\/uploads\/2025\/08\/dachzeltnomaden-markisen-punii-komaru-270-geschlossen-pkw-kaufen-640x512.webp 640w, https:\/\/dachzeltnomaden.com\/shop\/wp-content\/uploads\/2025\/08\/dachzeltnomaden-markisen-punii-komaru-270-geschlossen-pkw-kaufen-768x614.webp 768w\" sizes=\"(max-width: 800px) 100vw, 800px\" \/><\/figure>\n\n\n\n<figure class=\"wp-block-image size-full has-custom-border\"><img decoding=\"async\" width=\"800\" height=\"640\" data-id=\"132354\" src=\"https:\/\/dachzeltnomaden.com\/shop\/wp-content\/uploads\/2025\/08\/dachzeltnomaden-markisen-punii-komaru-270-oben-kaufen.webp\" alt=\"punii komaru 270 grad sackmarkise kaufen\" class=\"wp-image-132354\" style=\"border-radius:10px\" srcset=\"https:\/\/dachzeltnomaden.com\/shop\/wp-content\/uploads\/2025\/08\/dachzeltnomaden-markisen-punii-komaru-270-oben-kaufen.webp 800w, https:\/\/dachzeltnomaden.com\/shop\/wp-content\/uploads\/2025\/08\/dachzeltnomaden-markisen-punii-komaru-270-oben-kaufen-300x240.webp 300w, https:\/\/dachzeltnomaden.com\/shop\/wp-content\/uploads\/2025\/08\/dachzeltnomaden-markisen-punii-komaru-270-oben-kaufen-640x512.webp 640w, https:\/\/dachzeltnomaden.com\/shop\/wp-content\/uploads\/2025\/08\/dachzeltnomaden-markisen-punii-komaru-270-oben-kaufen-768x614.webp 768w\" sizes=\"(max-width: 800px) 100vw, 800px\" \/><\/figure>\n<\/figure>\n<\/div>\n<\/div>\n<\/div>\n\n\n\n<div class=\"wp-block-uagb-container uagb-block-4e207270 default uagb-is-root-container\">\n<div class=\"wp-block-uagb-container uagb-block-754c70c4\">\n<div class=\"wp-block-group is-layout-constrained wp-container-core-group-is-layout-bdcbbb17 wp-block-group-is-layout-constrained\">\n<div class=\"wp-block-uagb-advanced-heading uagb-block-66f0d31e\"><h2 class=\"uagb-heading-text\">wahi komaru 270 &#8211; Vorzelt<\/h2><div class=\"uagb-separator\"><\/div><p class=\"uagb-desc-text\"><strong>Seitenw\u00e4nde zum Allwetterschutz<\/strong><\/p><\/div>\n\n\n\n<div class=\"wp-block-uagb-image uagb-block-2bfd98ee wp-block-uagb-image--layout-default wp-block-uagb-image--effect-static wp-block-uagb-image--align-none\"><figure class=\"wp-block-uagb-image__figure\"><img decoding=\"async\" srcset=\"https:\/\/dachzeltnomaden.com\/shop\/wp-content\/uploads\/2025\/08\/dachzeltnomaden-markisen-punii-komaru-270-vorzelt-seitenwaende-543x512.webp ,https:\/\/dachzeltnomaden.com\/shop\/wp-content\/uploads\/2025\/08\/dachzeltnomaden-markisen-punii-komaru-270-vorzelt-seitenwaende.webp 780w, https:\/\/dachzeltnomaden.com\/shop\/wp-content\/uploads\/2025\/08\/dachzeltnomaden-markisen-punii-komaru-270-vorzelt-seitenwaende.webp 360w\" sizes=\"auto, (max-width: 480px) 150px\" src=\"https:\/\/dachzeltnomaden.com\/shop\/wp-content\/uploads\/2025\/08\/dachzeltnomaden-markisen-punii-komaru-270-vorzelt-seitenwaende-543x512.webp\" alt=\"punii komaru 270 grad sackmarkise vorzelt seitenwaende kaufen\" class=\"uag-image-132358\" width=\"1024\" height=\"250\" title=\"dachzeltnomaden-markisen-punii-komaru-270-vorzelt-seitenwaende\" loading=\"lazy\" role=\"img\"\/><\/figure><\/div>\n\n\n\n<p class=\"has-ast-global-color-2-color has-text-color has-link-color wp-elements-edf9cd7616604f3e9852d7da122ada39\">Das modulare Vorzelt wahi komaru 270 erg\u00e4nzt die Markise komaru 270 und schafft bei Bedarf gesch\u00fctzten Raum. Jede Seitenwand l\u00e4sst sich einzeln mit Klett befestigen. Eine einzelne Wand sch\u00fctzt vor Sonne oder Wind, alle Seiten zusammen bilden ein geschlossenes Vorzelt. Das System passt sich flexibel an Wetter, Ort und Nutzung an.<\/p>\n\n\n\n<hr class=\"wp-block-separator has-text-color has-ast-global-color-2-color has-alpha-channel-opacity has-ast-global-color-2-background-color has-background\"\/>\n\n\n\n<ul style=\"font-size:15px\" class=\"wp-block-list has-ast-global-color-2-color has-text-color has-link-color wp-elements-46575485327741ae64fe5dc6b4fe3677\">\n<li>Fl\u00e4che: 250 x 215 x 190 cm (BxLxH)<\/li>\n\n\n\n<li>Gewicht: 13,5 kg<\/li>\n\n\n\n<li>Zeltstoff: 420D Rip-Stop Polyester Oxford, 2500 mm Wassers\u00e4ule, Schimmelresistent<\/li>\n\n\n\n<li>Lieferumfang: Vorzelt, Befestigungsmaterial, Transporttasche<\/li>\n<\/ul>\n<\/div>\n\n\n\n<div class=\"wp-block-uagb-buttons uagb-buttons__outer-wrap uagb-btn__default-btn uagb-btn-tablet__default-btn uagb-btn-mobile__default-btn uagb-block-c48bea8a\"><div class=\"uagb-buttons__wrap uagb-buttons-layout-wrap \">\n<div class=\"wp-block-uagb-buttons-child uagb-buttons__outer-wrap uagb-block-560a85a0 wp-block-button\"><div class=\"uagb-button__wrapper\"><a class=\"uagb-buttons-repeater wp-block-button__link\" aria-label=\"\" href=\"#\" rel=\"follow noopener\" target=\"_self\" role=\"button\"><div class=\"uagb-button__link\">Zum wahi komaru 270 &#8211; Vorzelt<\/div><\/a><\/div><\/div>\n<\/div><\/div>\n<a class=\"spectra-container-link-overlay\" rel=\"noopener\" target=\"_blank\" href=\"https:\/\/punii.de\/collections\/markisen\/products\/wahi-komaru-270-vorzelt?ref=DZN\"> <\/a><\/div>\n\n\n\n<div class=\"wp-block-uagb-container uag-hide-mob uagb-block-751e462b\"><a class=\"spectra-container-link-overlay\" rel=\"noopener\" target=\"_blank\" href=\"https:\/\/dachzelte-kaufen.de\/produkt\/anees-seitenwand-270-grad-markise-freitragend\/?ref=dzn\"> <\/a><\/div>\n\n\n\n<div class=\"wp-block-uagb-container uag-hide-mob uagb-block-626bd2ce\"><a class=\"spectra-container-link-overlay\" rel=\"noopener\" target=\"_blank\" href=\"https:\/\/dachzelte-kaufen.de\/produkt\/anees-270-grad-markise-freitragend\/?ref=dzn\"> <\/a><\/div>\n<\/div>\n\n\n\n<p><\/p>\n","protected":false},"excerpt":{"rendered":"<p>WERBUNG Du suchst noch nach eine Markise f\u00fcr dein Dachzelt Setup? Wie w\u00e4re es mit einer von punii! *Die Links [&hellip;]<\/p>\n","protected":false},"featured_media":132352,"template":"","meta":{"_uag_custom_page_level_css":"","site-sidebar-layout":"default","site-content-layout":"","ast-site-content-layout":"","site-content-style":"default","site-sidebar-style":"default","ast-global-header-display":"","ast-banner-title-visibility":"","ast-main-header-display":"","ast-hfb-above-header-display":"","ast-hfb-below-header-display":"","ast-hfb-mobile-header-display":"","site-post-title":"","ast-breadcrumbs-content":"","ast-featured-img":"","footer-sml-layout":"","ast-disable-related-posts":"","theme-transparent-header-meta":"","adv-header-id-meta":"","stick-header-meta":"","header-above-stick-meta":"","header-main-stick-meta":"","header-below-stick-meta":"","astra-migrate-meta-layouts":"default","ast-page-background-enabled":"default","ast-page-background-meta":{"desktop":{"background-color":"var(--ast-global-color-4)","background-image":"","background-repeat":"repeat","background-position":"center center","background-size":"auto","background-attachment":"scroll","background-type":"","background-media":"","overlay-type":"","overlay-color":"","overlay-opacity":"","overlay-gradient":""},"tablet":{"background-color":"","background-image":"","background-repeat":"repeat","background-position":"center center","background-size":"auto","background-attachment":"scroll","background-type":"","background-media":"","overlay-type":"","overlay-color":"","overlay-opacity":"","overlay-gradient":""},"mobile":{"background-color":"","background-image":"","background-repeat":"repeat","background-position":"center center","background-size":"auto","background-attachment":"scroll","background-type":"","background-media":"","overlay-type":"","overlay-color":"","overlay-opacity":"","overlay-gradient":""}},"ast-content-background-meta":{"desktop":{"background-color":"var(--ast-global-color-5)","background-image":"","background-repeat":"repeat","background-position":"center center","background-size":"auto","background-attachment":"scroll","background-type":"","background-media":"","overlay-type":"","overlay-color":"","overlay-opacity":"","overlay-gradient":""},"tablet":{"background-color":"var(--ast-global-color-5)","background-image":"","background-repeat":"repeat","background-position":"center center","background-size":"auto","background-attachment":"scroll","background-type":"","background-media":"","overlay-type":"","overlay-color":"","overlay-opacity":"","overlay-gradient":""},"mobile":{"background-color":"var(--ast-global-color-5)","background-image":"","background-repeat":"repeat","background-position":"center center","background-size":"auto","background-attachment":"scroll","background-type":"","background-media":"","overlay-type":"","overlay-color":"","overlay-opacity":"","overlay-gradient":""}},"_themeisle_gutenberg_block_has_review":false},"product_brand":[],"product_cat":[101,246],"product_tag":[285,332,333,334],"class_list":{"0":"post-132349","1":"product","2":"type-product","3":"status-publish","4":"has-post-thumbnail","6":"product_cat-zubehoer","7":"product_cat-markisen","8":"product_tag-seitenmarkise","9":"product_tag-punii-markisen","10":"product_tag-sackmarkise","11":"product_tag-270-grad-markise","12":"desktop-align-left","13":"tablet-align-left","14":"mobile-align-left","15":"ast-product-gallery-layout-vertical-slider","16":"ast-product-tabs-layout-horizontal","18":"first","19":"instock","20":"taxable","21":"shipping-taxable","22":"purchasable","23":"product-type-external"},"exclude_global_add_ons":[],"addons":[],"uagb_featured_image_src":{"full":["https:\/\/dachzeltnomaden.com\/shop\/wp-content\/uploads\/2025\/08\/dachzeltnomaden-markisen-punii-komaru-270-kaufen.webp",800,593,false],"thumbnail":["https:\/\/dachzeltnomaden.com\/shop\/wp-content\/uploads\/2025\/08\/dachzeltnomaden-markisen-punii-komaru-270-kaufen-600x593.webp",600,593,true],"medium":["https:\/\/dachzeltnomaden.com\/shop\/wp-content\/uploads\/2025\/08\/dachzeltnomaden-markisen-punii-komaru-270-kaufen-300x222.webp",300,222,true],"medium_large":["https:\/\/dachzeltnomaden.com\/shop\/wp-content\/uploads\/2025\/08\/dachzeltnomaden-markisen-punii-komaru-270-kaufen-768x569.webp",768,569,true],"large":["https:\/\/dachzeltnomaden.com\/shop\/wp-content\/uploads\/2025\/08\/dachzeltnomaden-markisen-punii-komaru-270-kaufen-691x512.webp",691,512,true],"1536x1536":["https:\/\/dachzeltnomaden.com\/shop\/wp-content\/uploads\/2025\/08\/dachzeltnomaden-markisen-punii-komaru-270-kaufen.webp",800,593,false],"2048x2048":["https:\/\/dachzeltnomaden.com\/shop\/wp-content\/uploads\/2025\/08\/dachzeltnomaden-markisen-punii-komaru-270-kaufen.webp",800,593,false],"woocommerce_thumbnail":["https:\/\/dachzeltnomaden.com\/shop\/wp-content\/uploads\/2025\/08\/dachzeltnomaden-markisen-punii-komaru-270-kaufen-600x593.webp",600,593,true],"woocommerce_single":["https:\/\/dachzeltnomaden.com\/shop\/wp-content\/uploads\/2025\/08\/dachzeltnomaden-markisen-punii-komaru-270-kaufen.webp",800,593,false],"woocommerce_gallery_thumbnail":["https:\/\/dachzeltnomaden.com\/shop\/wp-content\/uploads\/2025\/08\/dachzeltnomaden-markisen-punii-komaru-270-kaufen-100x100.webp",100,100,true]},"uagb_author_info":{"display_name":"Jasmine","author_link":"https:\/\/dachzeltnomaden.com\/shop\/author\/"},"uagb_comment_info":0,"uagb_excerpt":"WERBUNG Du suchst noch nach eine Markise f\u00fcr dein Dachzelt Setup? Wie w\u00e4re es mit einer von punii! *Die Links [&hellip;]","_links":{"self":[{"href":"https:\/\/dachzeltnomaden.com\/shop\/wp-json\/wp\/v2\/product\/132349","targetHints":{"allow":["GET"]}}],"collection":[{"href":"https:\/\/dachzeltnomaden.com\/shop\/wp-json\/wp\/v2\/product"}],"about":[{"href":"https:\/\/dachzeltnomaden.com\/shop\/wp-json\/wp\/v2\/types\/product"}],"wp:featuredmedia":[{"embeddable":true,"href":"https:\/\/dachzeltnomaden.com\/shop\/wp-json\/wp\/v2\/media\/132352"}],"wp:attachment":[{"href":"https:\/\/dachzeltnomaden.com\/shop\/wp-json\/wp\/v2\/media?parent=132349"}],"wp:term":[{"taxonomy":"product_brand","embeddable":true,"href":"https:\/\/dachzeltnomaden.com\/shop\/wp-json\/wp\/v2\/product_brand?post=132349"},{"taxonomy":"product_cat","embeddable":true,"href":"https:\/\/dachzeltnomaden.com\/shop\/wp-json\/wp\/v2\/product_cat?post=132349"},{"taxonomy":"product_tag","embeddable":true,"href":"https:\/\/dachzeltnomaden.com\/shop\/wp-json\/wp\/v2\/product_tag?post=132349"}],"curies":[{"name":"wp","href":"https:\/\/api.w.org\/{rel}","templated":true}]}}