{"id":132200,"date":"2025-07-10T06:05:40","date_gmt":"2025-07-10T04:05:40","guid":{"rendered":"https:\/\/dachzeltnomaden.com\/shop\/?post_type=product&#038;p=132200"},"modified":"2025-10-17T10:17:48","modified_gmt":"2025-10-17T08:17:48","slug":"fjaellvila-markisen","status":"publish","type":"product","link":"https:\/\/dachzeltnomaden.com\/shop\/produkt\/fjaellvila-markisen\/","title":{"rendered":"Fj\u00e4llVila<br>Markisen"},"content":{"rendered":"\n<div class=\"wp-block-uagb-container uagb-block-be52fc24 default uagb-is-root-container\">\n<div class=\"wp-block-uagb-advanced-heading uagb-block-233add0f\"><h6 class=\"uagb-heading-text\">WERBUNG<\/h6><\/div>\n\n\n\n<p class=\"has-ast-global-color-5-color has-ast-global-color-2-background-color has-text-color has-background has-link-color wp-elements-76e7fd33c8b6452ce4626fd9fdb1cf2d\">Du suchst noch nach eine Markise f\u00fcr dein Dachzelt Setup? Wie w\u00e4re es mit einer von Fj\u00e4llVila!<br><br>*Die Links sind Affiliate Links. Wenn du dich f\u00fcr den Kauf einer Fj\u00e4llVila Markise entscheidest, erhalten die Dachzeltnomaden eine Provision. Damit unterst\u00fctzt du uns &amp; unsere Arbeit. F\u00fcr dich kostet die Markise deshalb nicht mehr.<\/p>\n\n\n\n<div class=\"wp-block-uagb-advanced-heading uagb-block-b21af034\"><p class=\"uagb-desc-text\">Schattenpl\u00e4tzchen<\/p><h2 class=\"uagb-heading-text\"><strong>Markisen<\/strong><\/h2><div class=\"uagb-separator\"><\/div><\/div>\n\n\n\n<p>Fj\u00e4llVila bieten neben ihren Dachzelten auch gleich die passenden Markisen an.<br><br>Die Markisen von Fj\u00e4llVila sind ganz spezifisch auf ihre Dachzelte zugeschnitten und werden direkt am Dachzelt selbst eingezippt.<br><br>Diese Fj\u00e4llVila Markisen sind erh\u00e4ltlich:<\/p>\n\n\n\n<div class=\"wp-block-uagb-advanced-heading uagb-block-f3c5114e\"><h3 class=\"uagb-heading-text\">Markise f\u00fcr Fj\u00e4llVila UppResa<\/h3><\/div>\n\n\n\n<p style=\"margin-bottom:0px\">Erweitere dein Fj\u00e4llVila UppResa ganz einfach mit einer Markise, die du \u00fcber einen Rei\u00dfverschluss direkt mit deinem Dachzelt verbindest. So sch\u00fctzt du dich vor Sonne und Regen und schaffst dir gleichzeitig einen bequemen und trockenen Platz zum Entspannen, Kochen oder zum Verstauen deiner Habseligkeiten. <\/p>\n<\/div>\n\n\n\n<div class=\"wp-block-uagb-container uagb-block-ae00b476 default uagb-is-root-container\">\n<div class=\"wp-block-uagb-container uagb-block-3d544ad6\">\n<figure class=\"wp-block-gallery has-nested-images columns-2 is-cropped wp-block-gallery-1 is-layout-flex wp-block-gallery-is-layout-flex\">\n<figure class=\"wp-block-image alignright size-full has-custom-border is-style-default\"><img decoding=\"async\" width=\"800\" height=\"533\" data-id=\"132203\" src=\"https:\/\/dachzeltnomaden.com\/shop\/wp-content\/uploads\/2025\/07\/dachzeltnomaden-shop-markisen-fjaellvila-uppresa.webp\" alt=\"Fjaellvila markise fuer uppresa dachzelt kaufen\" class=\"wp-image-132203\" style=\"border-radius:10px\" srcset=\"https:\/\/dachzeltnomaden.com\/shop\/wp-content\/uploads\/2025\/07\/dachzeltnomaden-shop-markisen-fjaellvila-uppresa.webp 800w, https:\/\/dachzeltnomaden.com\/shop\/wp-content\/uploads\/2025\/07\/dachzeltnomaden-shop-markisen-fjaellvila-uppresa-300x200.webp 300w, https:\/\/dachzeltnomaden.com\/shop\/wp-content\/uploads\/2025\/07\/dachzeltnomaden-shop-markisen-fjaellvila-uppresa-768x512.webp 768w\" sizes=\"(max-width: 800px) 100vw, 800px\" \/><\/figure>\n\n\n\n<figure class=\"wp-block-image size-full has-custom-border\"><img decoding=\"async\" width=\"800\" height=\"581\" data-id=\"132202\" src=\"https:\/\/dachzeltnomaden.com\/shop\/wp-content\/uploads\/2025\/07\/dachzeltnomaden-shop-markisen-fjaellvila-uppresa_heckansicht.webp\" alt=\"Fjaellvila markise fuer uppresa dachzelt kaufen\" class=\"wp-image-132202\" style=\"border-radius:10px\" srcset=\"https:\/\/dachzeltnomaden.com\/shop\/wp-content\/uploads\/2025\/07\/dachzeltnomaden-shop-markisen-fjaellvila-uppresa_heckansicht.webp 800w, https:\/\/dachzeltnomaden.com\/shop\/wp-content\/uploads\/2025\/07\/dachzeltnomaden-shop-markisen-fjaellvila-uppresa_heckansicht-300x218.webp 300w, https:\/\/dachzeltnomaden.com\/shop\/wp-content\/uploads\/2025\/07\/dachzeltnomaden-shop-markisen-fjaellvila-uppresa_heckansicht-768x558.webp 768w\" sizes=\"(max-width: 800px) 100vw, 800px\" \/><\/figure>\n\n\n\n<figure class=\"wp-block-image size-full has-custom-border\"><img decoding=\"async\" width=\"800\" height=\"547\" data-id=\"132201\" src=\"https:\/\/dachzeltnomaden.com\/shop\/wp-content\/uploads\/2025\/07\/dachzeltnomaden-shop-markisen-fjaellvila-uppresa_2.webp\" alt=\"Fjaellvila markise fuer uppresa dachzelt kaufen\" class=\"wp-image-132201\" style=\"border-radius:10px\" srcset=\"https:\/\/dachzeltnomaden.com\/shop\/wp-content\/uploads\/2025\/07\/dachzeltnomaden-shop-markisen-fjaellvila-uppresa_2.webp 800w, https:\/\/dachzeltnomaden.com\/shop\/wp-content\/uploads\/2025\/07\/dachzeltnomaden-shop-markisen-fjaellvila-uppresa_2-300x205.webp 300w, https:\/\/dachzeltnomaden.com\/shop\/wp-content\/uploads\/2025\/07\/dachzeltnomaden-shop-markisen-fjaellvila-uppresa_2-768x525.webp 768w\" sizes=\"(max-width: 800px) 100vw, 800px\" \/><\/figure>\n<\/figure>\n<\/div>\n\n\n\n<div class=\"wp-block-uagb-container uagb-block-76ea1ad4\">\n<h4 class=\"wp-block-heading\" style=\"margin-top:0px;margin-bottom:0px\">Eigenschaften<\/h4>\n\n\n\n<ul class=\"wp-block-list\">\n<li><strong>Einfache Befestigung<\/strong>: Kinderleichte Installation dank des praktischen Rei\u00dfverschlusses. In wenigen Minuten ist das Sonnensegel sicher am Dachzelt befestigt.<\/li>\n\n\n\n<li><strong>Wetterfestes Material<\/strong>: Aus hochwertigem, wasserdichtem und UV-best\u00e4ndigem Stoff gefertigt.<\/li>\n\n\n\n<li><strong>Ger\u00e4umig &amp; praktisch<\/strong>: Egal, ob eine gem\u00fctliche Sitzecke oder einen praktischen Platz zum Kochen, diese Markise bietet den zus\u00e4tzlichen Platz.<\/li>\n\n\n\n<li><strong>Kompakt und leicht<\/strong>: Mit Blick auf Einfachheit entwickelt. Leicht und kompakt, so dass du sie einfach verstauen und transportieren kannst. <\/li>\n<\/ul>\n\n\n\n<div class=\"wp-block-buttons is-layout-flex wp-block-buttons-is-layout-flex\">\n<div class=\"wp-block-button\"><a class=\"wp-block-button__link wp-element-button\" href=\"https:\/\/fjallvila.de\/produkt\/vorzelt-mit-reissverschluss-fjaellvila-uppresa-130-dachzelt\/?ref=dzn\" target=\"_blank\" rel=\"noreferrer noopener\">Zur Markise f\u00fcr das UppResa<\/a><\/div>\n<\/div>\n<\/div>\n<\/div>\n\n\n\n<div class=\"wp-block-uagb-container uagb-block-ab46628b default uagb-is-root-container\">\n<div class=\"wp-block-uagb-advanced-heading uagb-block-f68de046\"><h3 class=\"uagb-heading-text\">Fj\u00e4llVila Markise f\u00fcr UppV\u00e4rme<\/h3><\/div>\n\n\n\n<p style=\"margin-bottom:0px\">F\u00fcr das Hybriddachzelt UppV\u00e4rme hat Fj\u00e4llVila eine Markise mit dem gleichen Rei\u00dfverschlusssystem entwickelt. Einfach einzippen und den Schatten genie\u00dfen.<\/p>\n\n\n\n<div class=\"wp-block-uagb-container uagb-block-e5daed0c\">\n<div class=\"wp-block-uagb-container uagb-block-ecfb967d\">\n<h4 class=\"wp-block-heading\" style=\"margin-top:0px;margin-bottom:0px\">Eigenschaften<\/h4>\n\n\n\n<ul class=\"wp-block-list\">\n<li><strong>Einfache Anbringung<\/strong> &#8211; Befestige das Vordach mit einem Rei\u00dfverschluss an deinem Dachzelt, um einen stabilen und zuverl\u00e4ssigen Schutz zu gew\u00e4hrleisten.<\/li>\n\n\n\n<li><strong>Wetterfestes Material<\/strong> &#8211; Hergestellt aus strapazierf\u00e4higem, wasserdichtem und UV-best\u00e4ndigem Segeltuch, perfekt f\u00fcr alle Wetterbedingungen.<\/li>\n\n\n\n<li><strong>Ger\u00e4umig &amp; praktisch<\/strong> &#8211; Schaff dir im Handumdrehen einen zus\u00e4tzlichen \u00fcberdachten Wohnraum.<\/li>\n\n\n\n<li><strong>Kompakt und leicht<\/strong> &#8211; Leicht zu verstauen und zu transportieren.<\/li>\n<\/ul>\n\n\n\n<div class=\"wp-block-buttons is-layout-flex wp-block-buttons-is-layout-flex\" style=\"margin-top:0px\">\n<div class=\"wp-block-button\"><a class=\"wp-block-button__link wp-element-button\" href=\"https:\/\/fjallvila.de\/produkt\/vorzelt-mit-reissverschluss-fuer-fjaellvila-uppvaerme-dachzelt\/?ref=dzn\" target=\"_blank\" rel=\"noreferrer noopener\">Zur Markise f\u00fcr das UppV\u00e4rme<\/a><\/div>\n<\/div>\n<\/div>\n\n\n\n<div class=\"wp-block-uagb-container uagb-block-e0136a5b\">\n<figure class=\"wp-block-gallery has-nested-images columns-1 is-cropped wp-block-gallery-2 is-layout-flex wp-block-gallery-is-layout-flex\">\n<figure class=\"wp-block-image alignright size-full has-custom-border is-style-default\"><img decoding=\"async\" width=\"800\" height=\"533\" data-id=\"132205\" src=\"https:\/\/dachzeltnomaden.com\/shop\/wp-content\/uploads\/2025\/07\/dachzeltnomaden-shop-markisen-fjaellvila-uppvaerme_1.webp\" alt=\"fjaellvila markise dachzelt uppvaerme kaufen\" class=\"wp-image-132205\" style=\"border-radius:10px\" srcset=\"https:\/\/dachzeltnomaden.com\/shop\/wp-content\/uploads\/2025\/07\/dachzeltnomaden-shop-markisen-fjaellvila-uppvaerme_1.webp 800w, https:\/\/dachzeltnomaden.com\/shop\/wp-content\/uploads\/2025\/07\/dachzeltnomaden-shop-markisen-fjaellvila-uppvaerme_1-300x200.webp 300w, https:\/\/dachzeltnomaden.com\/shop\/wp-content\/uploads\/2025\/07\/dachzeltnomaden-shop-markisen-fjaellvila-uppvaerme_1-768x512.webp 768w\" sizes=\"(max-width: 800px) 100vw, 800px\" \/><\/figure>\n\n\n\n<figure class=\"wp-block-image size-full has-custom-border\"><img decoding=\"async\" width=\"800\" height=\"533\" data-id=\"132204\" src=\"https:\/\/dachzeltnomaden.com\/shop\/wp-content\/uploads\/2025\/07\/dachzeltnomaden-shop-markisen-fjaellvila-uppvaerme.webp\" alt=\"fjaellvila markise dachzelt uppvaerme kaufen\" class=\"wp-image-132204\" style=\"border-radius:10px\" srcset=\"https:\/\/dachzeltnomaden.com\/shop\/wp-content\/uploads\/2025\/07\/dachzeltnomaden-shop-markisen-fjaellvila-uppvaerme.webp 800w, https:\/\/dachzeltnomaden.com\/shop\/wp-content\/uploads\/2025\/07\/dachzeltnomaden-shop-markisen-fjaellvila-uppvaerme-300x200.webp 300w, https:\/\/dachzeltnomaden.com\/shop\/wp-content\/uploads\/2025\/07\/dachzeltnomaden-shop-markisen-fjaellvila-uppvaerme-768x512.webp 768w\" sizes=\"(max-width: 800px) 100vw, 800px\" \/><\/figure>\n<\/figure>\n<\/div>\n<\/div>\n<\/div>\n","protected":false},"excerpt":{"rendered":"<p>WERBUNG Du suchst noch nach eine Markise f\u00fcr dein Dachzelt Setup? Wie w\u00e4re es mit einer von Fj\u00e4llVila! *Die Links [&hellip;]<\/p>\n","protected":false},"featured_media":132203,"template":"","meta":{"_uag_custom_page_level_css":"","site-sidebar-layout":"default","site-content-layout":"","ast-site-content-layout":"","site-content-style":"default","site-sidebar-style":"default","ast-global-header-display":"","ast-banner-title-visibility":"","ast-main-header-display":"","ast-hfb-above-header-display":"","ast-hfb-below-header-display":"","ast-hfb-mobile-header-display":"","site-post-title":"","ast-breadcrumbs-content":"","ast-featured-img":"","footer-sml-layout":"","ast-disable-related-posts":"","theme-transparent-header-meta":"","adv-header-id-meta":"","stick-header-meta":"","header-above-stick-meta":"","header-main-stick-meta":"","header-below-stick-meta":"","astra-migrate-meta-layouts":"default","ast-page-background-enabled":"default","ast-page-background-meta":{"desktop":{"background-color":"var(--ast-global-color-4)","background-image":"","background-repeat":"repeat","background-position":"center center","background-size":"auto","background-attachment":"scroll","background-type":"","background-media":"","overlay-type":"","overlay-color":"","overlay-opacity":"","overlay-gradient":""},"tablet":{"background-color":"","background-image":"","background-repeat":"repeat","background-position":"center center","background-size":"auto","background-attachment":"scroll","background-type":"","background-media":"","overlay-type":"","overlay-color":"","overlay-opacity":"","overlay-gradient":""},"mobile":{"background-color":"","background-image":"","background-repeat":"repeat","background-position":"center center","background-size":"auto","background-attachment":"scroll","background-type":"","background-media":"","overlay-type":"","overlay-color":"","overlay-opacity":"","overlay-gradient":""}},"ast-content-background-meta":{"desktop":{"background-color":"var(--ast-global-color-5)","background-image":"","background-repeat":"repeat","background-position":"center center","background-size":"auto","background-attachment":"scroll","background-type":"","background-media":"","overlay-type":"","overlay-color":"","overlay-opacity":"","overlay-gradient":""},"tablet":{"background-color":"var(--ast-global-color-5)","background-image":"","background-repeat":"repeat","background-position":"center center","background-size":"auto","background-attachment":"scroll","background-type":"","background-media":"","overlay-type":"","overlay-color":"","overlay-opacity":"","overlay-gradient":""},"mobile":{"background-color":"var(--ast-global-color-5)","background-image":"","background-repeat":"repeat","background-position":"center center","background-size":"auto","background-attachment":"scroll","background-type":"","background-media":"","overlay-type":"","overlay-color":"","overlay-opacity":"","overlay-gradient":""}},"_themeisle_gutenberg_block_has_review":false},"product_brand":[],"product_cat":[101,246],"product_tag":[316,317],"class_list":{"0":"post-132200","1":"product","2":"type-product","3":"status-publish","4":"has-post-thumbnail","6":"product_cat-zubehoer","7":"product_cat-markisen","8":"product_tag-fjaellvila-markise","9":"product_tag-dachzelt-markise","10":"desktop-align-left","11":"tablet-align-left","12":"mobile-align-left","13":"ast-product-gallery-layout-vertical-slider","14":"ast-product-tabs-layout-horizontal","16":"first","17":"instock","18":"taxable","19":"shipping-taxable","20":"purchasable","21":"product-type-external"},"exclude_global_add_ons":[],"addons":[],"uagb_featured_image_src":{"full":["https:\/\/dachzeltnomaden.com\/shop\/wp-content\/uploads\/2025\/07\/dachzeltnomaden-shop-markisen-fjaellvila-uppresa.webp",800,533,false],"thumbnail":["https:\/\/dachzeltnomaden.com\/shop\/wp-content\/uploads\/2025\/07\/dachzeltnomaden-shop-markisen-fjaellvila-uppresa-600x533.webp",600,533,true],"medium":["https:\/\/dachzeltnomaden.com\/shop\/wp-content\/uploads\/2025\/07\/dachzeltnomaden-shop-markisen-fjaellvila-uppresa-300x200.webp",300,200,true],"medium_large":["https:\/\/dachzeltnomaden.com\/shop\/wp-content\/uploads\/2025\/07\/dachzeltnomaden-shop-markisen-fjaellvila-uppresa-768x512.webp",768,512,true],"large":["https:\/\/dachzeltnomaden.com\/shop\/wp-content\/uploads\/2025\/07\/dachzeltnomaden-shop-markisen-fjaellvila-uppresa.webp",768,512,false],"1536x1536":["https:\/\/dachzeltnomaden.com\/shop\/wp-content\/uploads\/2025\/07\/dachzeltnomaden-shop-markisen-fjaellvila-uppresa.webp",800,533,false],"2048x2048":["https:\/\/dachzeltnomaden.com\/shop\/wp-content\/uploads\/2025\/07\/dachzeltnomaden-shop-markisen-fjaellvila-uppresa.webp",800,533,false],"woocommerce_thumbnail":["https:\/\/dachzeltnomaden.com\/shop\/wp-content\/uploads\/2025\/07\/dachzeltnomaden-shop-markisen-fjaellvila-uppresa-600x533.webp",600,533,true],"woocommerce_single":["https:\/\/dachzeltnomaden.com\/shop\/wp-content\/uploads\/2025\/07\/dachzeltnomaden-shop-markisen-fjaellvila-uppresa.webp",800,533,false],"woocommerce_gallery_thumbnail":["https:\/\/dachzeltnomaden.com\/shop\/wp-content\/uploads\/2025\/07\/dachzeltnomaden-shop-markisen-fjaellvila-uppresa-100x100.webp",100,100,true]},"uagb_author_info":{"display_name":"Jasmine","author_link":"https:\/\/dachzeltnomaden.com\/shop\/author\/"},"uagb_comment_info":0,"uagb_excerpt":"WERBUNG Du suchst noch nach eine Markise f\u00fcr dein Dachzelt Setup? Wie w\u00e4re es mit einer von Fj\u00e4llVila! *Die Links [&hellip;]","_links":{"self":[{"href":"https:\/\/dachzeltnomaden.com\/shop\/wp-json\/wp\/v2\/product\/132200","targetHints":{"allow":["GET"]}}],"collection":[{"href":"https:\/\/dachzeltnomaden.com\/shop\/wp-json\/wp\/v2\/product"}],"about":[{"href":"https:\/\/dachzeltnomaden.com\/shop\/wp-json\/wp\/v2\/types\/product"}],"wp:featuredmedia":[{"embeddable":true,"href":"https:\/\/dachzeltnomaden.com\/shop\/wp-json\/wp\/v2\/media\/132203"}],"wp:attachment":[{"href":"https:\/\/dachzeltnomaden.com\/shop\/wp-json\/wp\/v2\/media?parent=132200"}],"wp:term":[{"taxonomy":"product_brand","embeddable":true,"href":"https:\/\/dachzeltnomaden.com\/shop\/wp-json\/wp\/v2\/product_brand?post=132200"},{"taxonomy":"product_cat","embeddable":true,"href":"https:\/\/dachzeltnomaden.com\/shop\/wp-json\/wp\/v2\/product_cat?post=132200"},{"taxonomy":"product_tag","embeddable":true,"href":"https:\/\/dachzeltnomaden.com\/shop\/wp-json\/wp\/v2\/product_tag?post=132200"}],"curies":[{"name":"wp","href":"https:\/\/api.w.org\/{rel}","templated":true}]}}