{"id":132103,"date":"2025-06-18T12:08:10","date_gmt":"2025-06-18T10:08:10","guid":{"rendered":"https:\/\/dachzeltnomaden.com\/shop\/?post_type=product&#038;p=132103"},"modified":"2025-10-17T10:17:47","modified_gmt":"2025-10-17T08:17:47","slug":"femkesrooftoptents-femkes-khosi-ruff","status":"publish","type":"product","link":"https:\/\/dachzeltnomaden.com\/shop\/produkt\/femkesrooftoptents-femkes-khosi-ruff\/","title":{"rendered":"femkesrooftoptents &#8211; Femkes Khosi Ruff"},"content":{"rendered":"\n<h2 class=\"wp-block-heading\">Spezifikationen:<\/h2>\n\n\n\n<ul class=\"wp-block-list\">\n<li>Gr\u00f6\u00dfe harte Aluminiumschale: 151x123x35 cm, d.h. geschlossen<\/li>\n\n\n\n<li>Innenma\u00dfe: 150x215x113 cm, d.h. ge\u00f6ffnet<\/li>\n\n\n\n<li>Gewicht der Box: ca. 75 kg einschlie\u00dflich Leiter und Matratze<\/li>\n\n\n\n<li>Material der Box: Aluminium, wasserdicht<\/li>\n\n\n\n<li>Material Zelt: Polyester-Mix mit Baumwolle 200 g Stoff, wasserdicht und feuerhemmend<\/li>\n\n\n\n<li>Material Vordach: Oxford 210D mit Silberbeschichtung, 300% wasserdicht und PVC<\/li>\n\n\n\n<li>Selbsttragender Aluminium-Wabenboden: einfach auf Dachtr\u00e4ger zu montieren<\/li>\n<\/ul>\n\n\n\n<h2 class=\"wp-block-heading\">Enth\u00e4lt:<\/h2>\n\n\n\n<ul class=\"wp-block-list\">\n<li>Das Zelt ist mit Moskitonetz, Matratze und Leiter ausgestattet<\/li>\n\n\n\n<li>Unter der 5 cm dicken Matratze befindet sich eine 1 cm dicke 3D-Antikondensationsmatte<\/li>\n\n\n\n<li>Das Zelt hat ein festes und ein zus\u00e4tzliches Sonnensegel mit Rei\u00dfverschluss<\/li>\n\n\n\n<li>Die Gr\u00f6\u00dfe dieses Vorzeltes betr\u00e4gt ca. 300&#215;350 cm<\/li>\n\n\n\n<li>Das separate Vorzelt erweitert das feste Vorzelt (Au\u00dfenzelt) durch Anzippen und wird mit 4 Teleskopstangen und 6 Abspannleinen geliefert<\/li>\n\n\n\n<li>F\u00fcr dein pers\u00f6nliches Hab und Gut liefern wir 2 &#8220;Taschen&#8221;, die in eine Schiene unter dem Zelt geschoben werden k\u00f6nnen.  Zum Beispiel f\u00fcr deine Schuhe oder andere Campingutensilien.<\/li>\n\n\n\n<li>Haken f\u00fcr deine Lampe<\/li>\n\n\n\n<li>2x Vorderdach aus verschiedenen Materialien, PVC und Oxford<\/li>\n\n\n\n<li>Rei\u00dfverschl\u00fcsse zum Anbringen der Winterdecke<\/li>\n\n\n\n<li>Das Zelt hat eine gro\u00dfe T\u00fcr mit einer Innent\u00fcr aus sehr feiner Moskito-Gaze und zwei Fenster auf beiden Seiten des Zeltes, ebenfalls mit Moskito-Gaze<\/li>\n\n\n\n<li>Doppelmatratze mit Baumwollbezug, mit Rei\u00dfverschluss zum Waschen<\/li>\n\n\n\n<li>Staufach auf beiden Seiten unter den Fenstern<\/li>\n\n\n\n<li>Satz Aluminiumrohre zum Arretieren der Gasfeder<\/li>\n<\/ul>\n\n\n\n<h2 class=\"wp-block-heading\">Optional:<\/h2>\n\n\n\n<ul class=\"wp-block-list\">\n<li>Separate zus\u00e4tzliche Khosi Aufbewahrungstaschen, 2 St\u00fcck 59,95 Euro<\/li>\n\n\n\n<li>Khosi Winter Liner 250 euro. Beim Kauf eines Zeltes bieten wir 15% Rabatt auf ein Innenzelt<\/li>\n\n\n\n<li>Teleskopische Leiter 2.6 m (f\u00fcr Khosi Standard 2.3 m) 169,95 euro<\/li>\n\n\n\n<li>Extra Befestigungssatz M8, 4 St\u00fcck 59,95 euro<\/li>\n\n\n\n<li>Anti-Diebstahl-Kit M8, 4 St\u00fcck55 euro<\/li>\n\n\n\n<li>Montageschienen f\u00fcr den Deckel k\u00f6nnen nach Absprache geliefert werden, mailen Sie uns f\u00fcr weitere Informationen<\/li>\n<\/ul>\n\n\n\n<h2 class=\"wp-block-heading\">Funktionen:<\/h2>\n\n\n\n<ul class=\"wp-block-list\">\n<li>Da das Zelt unter einem Vordach versteckt ist, kann ein (Dach-)Fenster zur Bel\u00fcftung jederzeit ge\u00f6ffnet werden.<\/li>\n\n\n\n<li>Dieses Vordach kann auch \u00fcber einen Rei\u00dfverschluss unter dem Deckel abgenommen werden. An einem warmen Ort in die Sterne schauen<\/li>\n\n\n\n<li>Du \u00f6ffnest das Khosi neben dem Auto, in diesem Fall schl\u00e4fst du quer auf dem Autodach. Auf diese Weise entsteht ein gro\u00dfes Bett, aber die harte Schale bleibt sch\u00f6n klein.<\/li>\n\n\n\n<li>An der Vorderseite des Zeltes kann die feste Markise ge\u00f6ffnet oder geschlossen werden (mit Klettband befestigt), was wir als Wind\/Winter- bzw. Sonnen\/Sommer-Position bezeichnen. <\/li>\n\n\n\n<li>Die empfohlene H\u00f6chstgeschwindigkeit mit einem Dachzelt auf dem Auto betr\u00e4gt 120 Stundenkilometer.<\/li>\n\n\n\n<li>Dachgep\u00e4cktr\u00e4ger: statisches Gewicht max. 300 kg. Dynamisches Gewicht max. 80 kg. Die statische Dachlast (im Stand, bei Verwendung des Dachzeltes) betr\u00e4gt maximal das Drei- bis Vierfache der dynamischen Dachlast<\/li>\n\n\n\n<li>Weitere Informationen \u00fcber Dachlasten findest du auf unserer Homepage unter <a href=\"https:\/\/dachzeltnomaden.com\/dachzelte-und-die-zulaessige-dachlast\/\" target=\"_blank\" rel=\"noreferrer noopener\">https:\/\/dachzeltnomaden.com\/dachzelte-und-die-zulaessige-dachlast\/<\/a><\/li>\n<\/ul>\n\n\n\n<h3 class=\"wp-block-heading\">Gut zu wissen:<\/h3>\n\n\n\n<p>EINE FARBE DES ZELTSTOFFS ENTH\u00c4LT MEHR PIGMENTE ALS EINE ANDERE. DIESES PIGMENT VERF\u00c4RBT SICH BEI L\u00c4NGERER SONNENEINSTRAHLUNG UND DIE FARBE VERBLASST.<\/p>\n\n\n\n<p>Auch Dachzelte brauchen Pflege, deshalb unser Rat: Legen Sie die Plane regelm\u00e4\u00dfig in 303 Aerospace Protectant, ein Spray, das vor UV-Strahlung sch\u00fctzt. Und halten Sie die Schrauben und Bolzen mit WD40 sauber.<\/p>\n","protected":false},"excerpt":{"rendered":"<p>Spezifikationen: Enth\u00e4lt: Optional: Funktionen: Gut zu wissen: EINE FARBE DES ZELTSTOFFS ENTH\u00c4LT MEHR PIGMENTE ALS EINE ANDERE. DIESES PIGMENT VERF\u00c4RBT [&hellip;]<\/p>\n","protected":false},"featured_media":132104,"template":"","meta":{"_uag_custom_page_level_css":"","site-sidebar-layout":"default","site-content-layout":"","ast-site-content-layout":"","site-content-style":"default","site-sidebar-style":"default","ast-global-header-display":"","ast-banner-title-visibility":"","ast-main-header-display":"","ast-hfb-above-header-display":"","ast-hfb-below-header-display":"","ast-hfb-mobile-header-display":"","site-post-title":"","ast-breadcrumbs-content":"","ast-featured-img":"","footer-sml-layout":"","ast-disable-related-posts":"","theme-transparent-header-meta":"","adv-header-id-meta":"","stick-header-meta":"","header-above-stick-meta":"","header-main-stick-meta":"","header-below-stick-meta":"","astra-migrate-meta-layouts":"default","ast-page-background-enabled":"default","ast-page-background-meta":{"desktop":{"background-color":"var(--ast-global-color-4)","background-image":"","background-repeat":"repeat","background-position":"center center","background-size":"auto","background-attachment":"scroll","background-type":"","background-media":"","overlay-type":"","overlay-color":"","overlay-opacity":"","overlay-gradient":""},"tablet":{"background-color":"","background-image":"","background-repeat":"repeat","background-position":"center center","background-size":"auto","background-attachment":"scroll","background-type":"","background-media":"","overlay-type":"","overlay-color":"","overlay-opacity":"","overlay-gradient":""},"mobile":{"background-color":"","background-image":"","background-repeat":"repeat","background-position":"center center","background-size":"auto","background-attachment":"scroll","background-type":"","background-media":"","overlay-type":"","overlay-color":"","overlay-opacity":"","overlay-gradient":""}},"ast-content-background-meta":{"desktop":{"background-color":"var(--ast-global-color-5)","background-image":"","background-repeat":"repeat","background-position":"center center","background-size":"auto","background-attachment":"scroll","background-type":"","background-media":"","overlay-type":"","overlay-color":"","overlay-opacity":"","overlay-gradient":""},"tablet":{"background-color":"var(--ast-global-color-5)","background-image":"","background-repeat":"repeat","background-position":"center center","background-size":"auto","background-attachment":"scroll","background-type":"","background-media":"","overlay-type":"","overlay-color":"","overlay-opacity":"","overlay-gradient":""},"mobile":{"background-color":"var(--ast-global-color-5)","background-image":"","background-repeat":"repeat","background-position":"center center","background-size":"auto","background-attachment":"scroll","background-type":"","background-media":"","overlay-type":"","overlay-color":"","overlay-opacity":"","overlay-gradient":""}},"_themeisle_gutenberg_block_has_review":false},"product_brand":[],"product_cat":[127],"product_tag":[],"class_list":{"0":"post-132103","1":"product","2":"type-product","3":"status-publish","4":"has-post-thumbnail","6":"product_cat-neue-dachzelte-kaufen","7":"product_shipping_class-femkesroftoptents","8":"desktop-align-left","9":"tablet-align-left","10":"mobile-align-left","11":"ast-product-gallery-layout-vertical-slider","12":"ast-product-gallery-with-no-image","13":"ast-product-tabs-layout-horizontal","15":"first","16":"outofstock","17":"taxable","18":"shipping-taxable","19":"purchasable","20":"product-type-simple"},"exclude_global_add_ons":[],"addons":[],"uagb_featured_image_src":{"full":["https:\/\/dachzeltnomaden.com\/shop\/wp-content\/uploads\/2025\/06\/femkesrooftoptents-femkes_Khosi_Ruff-Dachzelt-DZN.webp",1200,1200,false],"thumbnail":["https:\/\/dachzeltnomaden.com\/shop\/wp-content\/uploads\/2025\/06\/femkesrooftoptents-femkes_Khosi_Ruff-Dachzelt-DZN-600x600.webp",600,600,true],"medium":["https:\/\/dachzeltnomaden.com\/shop\/wp-content\/uploads\/2025\/06\/femkesrooftoptents-femkes_Khosi_Ruff-Dachzelt-DZN-300x300.webp",300,300,true],"medium_large":["https:\/\/dachzeltnomaden.com\/shop\/wp-content\/uploads\/2025\/06\/femkesrooftoptents-femkes_Khosi_Ruff-Dachzelt-DZN-768x768.webp",768,768,true],"large":["https:\/\/dachzeltnomaden.com\/shop\/wp-content\/uploads\/2025\/06\/femkesrooftoptents-femkes_Khosi_Ruff-Dachzelt-DZN-1024x1024.webp",512,512,true],"1536x1536":["https:\/\/dachzeltnomaden.com\/shop\/wp-content\/uploads\/2025\/06\/femkesrooftoptents-femkes_Khosi_Ruff-Dachzelt-DZN.webp",1200,1200,false],"2048x2048":["https:\/\/dachzeltnomaden.com\/shop\/wp-content\/uploads\/2025\/06\/femkesrooftoptents-femkes_Khosi_Ruff-Dachzelt-DZN.webp",1200,1200,false],"woocommerce_thumbnail":["https:\/\/dachzeltnomaden.com\/shop\/wp-content\/uploads\/2025\/06\/femkesrooftoptents-femkes_Khosi_Ruff-Dachzelt-DZN-600x600.webp",600,600,true],"woocommerce_single":["https:\/\/dachzeltnomaden.com\/shop\/wp-content\/uploads\/2025\/06\/femkesrooftoptents-femkes_Khosi_Ruff-Dachzelt-DZN-1024x1024.webp",1024,1024,true],"woocommerce_gallery_thumbnail":["https:\/\/dachzeltnomaden.com\/shop\/wp-content\/uploads\/2025\/06\/femkesrooftoptents-femkes_Khosi_Ruff-Dachzelt-DZN-100x100.webp",100,100,true]},"uagb_author_info":{"display_name":"Jasmine","author_link":"https:\/\/dachzeltnomaden.com\/shop\/author\/"},"uagb_comment_info":0,"uagb_excerpt":"Spezifikationen: Enth\u00e4lt: Optional: Funktionen: Gut zu wissen: EINE FARBE DES ZELTSTOFFS ENTH\u00c4LT MEHR PIGMENTE ALS EINE ANDERE. DIESES PIGMENT VERF\u00c4RBT [&hellip;]","_links":{"self":[{"href":"https:\/\/dachzeltnomaden.com\/shop\/wp-json\/wp\/v2\/product\/132103","targetHints":{"allow":["GET"]}}],"collection":[{"href":"https:\/\/dachzeltnomaden.com\/shop\/wp-json\/wp\/v2\/product"}],"about":[{"href":"https:\/\/dachzeltnomaden.com\/shop\/wp-json\/wp\/v2\/types\/product"}],"wp:featuredmedia":[{"embeddable":true,"href":"https:\/\/dachzeltnomaden.com\/shop\/wp-json\/wp\/v2\/media\/132104"}],"wp:attachment":[{"href":"https:\/\/dachzeltnomaden.com\/shop\/wp-json\/wp\/v2\/media?parent=132103"}],"wp:term":[{"taxonomy":"product_brand","embeddable":true,"href":"https:\/\/dachzeltnomaden.com\/shop\/wp-json\/wp\/v2\/product_brand?post=132103"},{"taxonomy":"product_cat","embeddable":true,"href":"https:\/\/dachzeltnomaden.com\/shop\/wp-json\/wp\/v2\/product_cat?post=132103"},{"taxonomy":"product_tag","embeddable":true,"href":"https:\/\/dachzeltnomaden.com\/shop\/wp-json\/wp\/v2\/product_tag?post=132103"}],"curies":[{"name":"wp","href":"https:\/\/api.w.org\/{rel}","templated":true}]}}