{"id":132080,"date":"2025-06-18T10:44:34","date_gmt":"2025-06-18T08:44:34","guid":{"rendered":"https:\/\/dachzeltnomaden.com\/shop\/?post_type=product&#038;p=132080"},"modified":"2025-11-10T07:58:20","modified_gmt":"2025-11-10T06:58:20","slug":"femkesrooftoptents-femkes-miles-starling-140","status":"publish","type":"product","link":"https:\/\/dachzeltnomaden.com\/shop\/produkt\/femkesrooftoptents-femkes-miles-starling-140\/","title":{"rendered":"femkesrooftoptents &#8211; Femkes Miles Starling 140"},"content":{"rendered":"\n<h2 class=\"wp-block-heading\">Spezifikationen:<\/h2>\n\n\n\n<ul class=\"wp-block-list\">\n<li>Gr\u00f6\u00dfe ABS-Hartschale: 214x142x31 cm, d.h. geschlossen<\/li>\n\n\n\n<li>Innenma\u00dfe: 206x136x98 cm, d.h. ge\u00f6ffnet<\/li>\n\n\n\n<li>Gewicht: ca. 74 kg einschlie\u00dflich Leiter und Matratze<\/li>\n\n\n\n<li>Material Zelt: Polyester-Mix mit Baumwolle 280 g Stoff, wasserdicht und feuerhemmend<\/li>\n\n\n\n<li>Material Box: aerodynamisches ABS, wasserdicht und Boden mit Abdeckung<\/li>\n<\/ul>\n\n\n\n<h2 class=\"wp-block-heading\">Enth\u00e4lt:<\/h2>\n\n\n\n<ul class=\"wp-block-list\">\n<li>Unter der Matratze befindet sich eine 3D-Mesh-Bel\u00fcftungsmatte<\/li>\n\n\n\n<li>Das Zelt ist mit 2x langen Caravanschienen und 1 Vorzelt (Kajto) ausgestattet. Das Vorzelt kann an 1 Seite des Zeltes befestigt und mit 2 Teleskopstangen aufgestellt werden<\/li>\n\n\n\n<li>Doppelmatratze mit Baumwollbezug mit Rei\u00dfverschluss zum Waschen<\/li>\n\n\n\n<li>Aufbewahrungstaschen und Dachnetz f\u00fcr pers\u00f6nliche Gegenst\u00e4nde<\/li>\n\n\n\n<li>Das Zelt ist mit einem Moskitonetz, einer Matratze und einer Teleskopleiter ausgestattet, die gegen die &#8220;Decke&#8221; abdeckt<\/li>\n<\/ul>\n\n\n\n<h2 class=\"wp-block-heading\">Optional:<\/h2>\n\n\n\n<ul class=\"wp-block-list\">\n<li>Aufbewahrungsh\u00fclle, um das Zelt w\u00e4hrend der Winterlagerung besser vor Kratzern zu sch\u00fctzen 65 Euro<\/li>\n\n\n\n<li>Anti-Diebstahl-Kit M8, 4 St\u00fcck 55 Euro<\/li>\n\n\n\n<li>Extra Montageset M8, 4 St\u00fcck 59,95 Euro<\/li>\n\n\n\n<li>Ein zus\u00e4tzlicher Kajto, f\u00fcr die andere Seite des Zeltes 75 Euro, ohne Staben<\/li>\n\n\n\n<li>Teleskopleiter 2,6 m (Standard 2,3 m) 169,95 Euro<\/li>\n\n\n\n<li>NASA-Memoryschaum-Matratze, 3,5 cm dick mit Frotteebezug, Gr\u00f6\u00dfe 117&#215;200 cm (kleiner als die Grundmatratze wegen der Aussparungen f\u00fcr die Gasfedern) Leider liefern wir diese nicht mehr, aber IKEA oder Jysk tun es noch. Eine obere Matratze kann im geschlossenen Zustand im Zelt bleiben.<\/li>\n<\/ul>\n\n\n\n<h2 class=\"wp-block-heading\">Funktionen:<\/h2>\n\n\n\n<ul class=\"wp-block-list\">\n<li>Der Miles Starling wird mit vier Gasfedern aufgerichtet, so dass man im Zelt nur auf dem Ges\u00e4\u00df sitzen kann<\/li>\n\n\n\n<li>Miles Starling ist in gr\u00fcn oder grau erh\u00e4ltlich<\/li>\n\n\n\n<li>Es gibt gen\u00fcgend Platz, um Bettzeug und Kissen w\u00e4hrend der Reise im Zelt zu lassen<\/li>\n\n\n\n<li>Selbsttragender Boden: l\u00e4sst sich leicht auf Dachtr\u00e4ger montieren<\/li>\n\n\n\n<li>Bel\u00fcftung: immer einen Spalt offen lassen, Fenster oder T\u00fcr<\/li>\n\n\n\n<li>Das Zelt hat zwei T\u00fcren mit einer Innent\u00fcr aus sehr feiner Moskito-Gaze und zwei supergro\u00dfe Fenster am Kopf- und Fu\u00dfende, ebenfalls mit Moskito-Gaze<\/li>\n\n\n\n<li>Auf beiden Seiten k\u00f6nnen die T\u00fcren als festes Vorzelt, diagonal zueinander, aufgestellt werden. Das Kajto kann dar\u00fcber angebracht werden, so dass du immer trocken in dein Zelt gelangen kannst<\/li>\n\n\n\n<li>Empfohlene H\u00f6chstgeschwindigkeit mit einem Dachzelt auf dem Auto ist 120 km\/h<\/li>\n\n\n\n<li>Dachgep\u00e4cktr\u00e4ger: statisches Gewicht max. 300 kg. Dynamisches Gewicht max. 80 kg. Die statische Dachlast (im Stand, bei Verwendung des Dachzeltes) betr\u00e4gt maximal das Drei- bis Vierfache der dynamischen Dachlast<\/li>\n\n\n\n<li>Weitere Informationen \u00fcber Dachlasten findest du bei uns auf der Homepage unter <a href=\"https:\/\/dachzeltnomaden.com\/dachzelte-und-die-zulaessige-dachlast\/\" target=\"_blank\" rel=\"noreferrer noopener\">https:\/\/dachzeltnomaden.com\/dachzelte-und-die-zulaessige-dachlast\/<\/a><\/li>\n<\/ul>\n\n\n\n<p>Achtung! F\u00fcr fast alle Camper unter uns ist die mitgelieferte Grundmatratze von 6 cm ausreichend. F\u00fcr einige von uns ist sie nur ein wenig zu hart oder zu d\u00fcnn. Femkes liefert eine Basismatratze, es liegt an dir, diese gegebenenfalls durch eine Matratze Ihrer Wahl zu ersetzen oder eine Anpassung vorzunehmen, indem du beispielsweise eine aufblasbare Matratze darunter legst. Du kannst auch eine 3,5 cm dicke Memory-Foam-Matratze kaufen. Schlafen, wie eine Prinzessin auf der Erbse.<\/p>\n\n\n\n<h3 class=\"wp-block-heading\">Gut zu wissen:<\/h3>\n\n\n\n<p>EINE FARBE DES ZELTSTOFFS ENTH\u00c4LT MEHR PIGMENTE ALS EINE ANDERE. DIESES PIGMENT VERF\u00c4RBT SICH BEI L\u00c4NGERER SONNENEINSTRAHLUNG UND DIE FARBE VERBLASST.<\/p>\n\n\n\n<p>Auch Dachzelte brauchen Pflege, deshalb unser Rat: Legen Sie die Plane regelm\u00e4\u00dfig in 303 Aerospace Protectant, ein Spray, das vor UV-Strahlung sch\u00fctzt. Und halten Sie die Schrauben und Bolzen mit WD40 sauber.<\/p>\n","protected":false},"excerpt":{"rendered":"<p>Spezifikationen: Enth\u00e4lt: Optional: Funktionen: Achtung! F\u00fcr fast alle Camper unter uns ist die mitgelieferte Grundmatratze von 6 cm ausreichend. F\u00fcr [&hellip;]<\/p>\n","protected":false},"featured_media":132082,"template":"","meta":{"_uag_custom_page_level_css":"","site-sidebar-layout":"default","site-content-layout":"","ast-site-content-layout":"","site-content-style":"default","site-sidebar-style":"default","ast-global-header-display":"","ast-banner-title-visibility":"","ast-main-header-display":"","ast-hfb-above-header-display":"","ast-hfb-below-header-display":"","ast-hfb-mobile-header-display":"","site-post-title":"","ast-breadcrumbs-content":"","ast-featured-img":"","footer-sml-layout":"","ast-disable-related-posts":"","theme-transparent-header-meta":"","adv-header-id-meta":"","stick-header-meta":"","header-above-stick-meta":"","header-main-stick-meta":"","header-below-stick-meta":"","astra-migrate-meta-layouts":"default","ast-page-background-enabled":"default","ast-page-background-meta":{"desktop":{"background-color":"var(--ast-global-color-4)","background-image":"","background-repeat":"repeat","background-position":"center center","background-size":"auto","background-attachment":"scroll","background-type":"","background-media":"","overlay-type":"","overlay-color":"","overlay-opacity":"","overlay-gradient":""},"tablet":{"background-color":"","background-image":"","background-repeat":"repeat","background-position":"center center","background-size":"auto","background-attachment":"scroll","background-type":"","background-media":"","overlay-type":"","overlay-color":"","overlay-opacity":"","overlay-gradient":""},"mobile":{"background-color":"","background-image":"","background-repeat":"repeat","background-position":"center center","background-size":"auto","background-attachment":"scroll","background-type":"","background-media":"","overlay-type":"","overlay-color":"","overlay-opacity":"","overlay-gradient":""}},"ast-content-background-meta":{"desktop":{"background-color":"var(--ast-global-color-5)","background-image":"","background-repeat":"repeat","background-position":"center center","background-size":"auto","background-attachment":"scroll","background-type":"","background-media":"","overlay-type":"","overlay-color":"","overlay-opacity":"","overlay-gradient":""},"tablet":{"background-color":"var(--ast-global-color-5)","background-image":"","background-repeat":"repeat","background-position":"center center","background-size":"auto","background-attachment":"scroll","background-type":"","background-media":"","overlay-type":"","overlay-color":"","overlay-opacity":"","overlay-gradient":""},"mobile":{"background-color":"var(--ast-global-color-5)","background-image":"","background-repeat":"repeat","background-position":"center center","background-size":"auto","background-attachment":"scroll","background-type":"","background-media":"","overlay-type":"","overlay-color":"","overlay-opacity":"","overlay-gradient":""}},"_themeisle_gutenberg_block_has_review":false},"product_brand":[],"product_cat":[127],"product_tag":[],"class_list":{"0":"post-132080","1":"product","2":"type-product","3":"status-publish","4":"has-post-thumbnail","6":"product_cat-neue-dachzelte-kaufen","7":"product_shipping_class-femkesroftoptents","8":"desktop-align-left","9":"tablet-align-left","10":"mobile-align-left","11":"ast-product-gallery-layout-vertical-slider","12":"ast-product-gallery-with-no-image","13":"ast-product-tabs-layout-horizontal","15":"first","16":"instock","17":"taxable","18":"shipping-taxable","19":"purchasable","20":"product-type-simple"},"exclude_global_add_ons":[],"addons":[],"uagb_featured_image_src":{"full":["https:\/\/dachzeltnomaden.com\/shop\/wp-content\/uploads\/2025\/06\/femkesrooftoptents-femkes_miles_starling-Dachzelt-DZN.webp",1200,812,false],"thumbnail":["https:\/\/dachzeltnomaden.com\/shop\/wp-content\/uploads\/2025\/06\/femkesrooftoptents-femkes_miles_starling-Dachzelt-DZN-600x600.webp",600,600,true],"medium":["https:\/\/dachzeltnomaden.com\/shop\/wp-content\/uploads\/2025\/06\/femkesrooftoptents-femkes_miles_starling-Dachzelt-DZN-300x203.webp",300,203,true],"medium_large":["https:\/\/dachzeltnomaden.com\/shop\/wp-content\/uploads\/2025\/06\/femkesrooftoptents-femkes_miles_starling-Dachzelt-DZN-768x520.webp",768,520,true],"large":["https:\/\/dachzeltnomaden.com\/shop\/wp-content\/uploads\/2025\/06\/femkesrooftoptents-femkes_miles_starling-Dachzelt-DZN-1024x693.webp",757,512,true],"1536x1536":["https:\/\/dachzeltnomaden.com\/shop\/wp-content\/uploads\/2025\/06\/femkesrooftoptents-femkes_miles_starling-Dachzelt-DZN.webp",1200,812,false],"2048x2048":["https:\/\/dachzeltnomaden.com\/shop\/wp-content\/uploads\/2025\/06\/femkesrooftoptents-femkes_miles_starling-Dachzelt-DZN.webp",1200,812,false],"woocommerce_thumbnail":["https:\/\/dachzeltnomaden.com\/shop\/wp-content\/uploads\/2025\/06\/femkesrooftoptents-femkes_miles_starling-Dachzelt-DZN-600x600.webp",600,600,true],"woocommerce_single":["https:\/\/dachzeltnomaden.com\/shop\/wp-content\/uploads\/2025\/06\/femkesrooftoptents-femkes_miles_starling-Dachzelt-DZN-1024x693.webp",1024,693,true],"woocommerce_gallery_thumbnail":["https:\/\/dachzeltnomaden.com\/shop\/wp-content\/uploads\/2025\/06\/femkesrooftoptents-femkes_miles_starling-Dachzelt-DZN-100x100.webp",100,100,true]},"uagb_author_info":{"display_name":"Jasmine","author_link":"https:\/\/dachzeltnomaden.com\/shop\/author\/"},"uagb_comment_info":0,"uagb_excerpt":"Spezifikationen: Enth\u00e4lt: Optional: Funktionen: Achtung! F\u00fcr fast alle Camper unter uns ist die mitgelieferte Grundmatratze von 6 cm ausreichend. F\u00fcr [&hellip;]","_links":{"self":[{"href":"https:\/\/dachzeltnomaden.com\/shop\/wp-json\/wp\/v2\/product\/132080","targetHints":{"allow":["GET"]}}],"collection":[{"href":"https:\/\/dachzeltnomaden.com\/shop\/wp-json\/wp\/v2\/product"}],"about":[{"href":"https:\/\/dachzeltnomaden.com\/shop\/wp-json\/wp\/v2\/types\/product"}],"wp:featuredmedia":[{"embeddable":true,"href":"https:\/\/dachzeltnomaden.com\/shop\/wp-json\/wp\/v2\/media\/132082"}],"wp:attachment":[{"href":"https:\/\/dachzeltnomaden.com\/shop\/wp-json\/wp\/v2\/media?parent=132080"}],"wp:term":[{"taxonomy":"product_brand","embeddable":true,"href":"https:\/\/dachzeltnomaden.com\/shop\/wp-json\/wp\/v2\/product_brand?post=132080"},{"taxonomy":"product_cat","embeddable":true,"href":"https:\/\/dachzeltnomaden.com\/shop\/wp-json\/wp\/v2\/product_cat?post=132080"},{"taxonomy":"product_tag","embeddable":true,"href":"https:\/\/dachzeltnomaden.com\/shop\/wp-json\/wp\/v2\/product_tag?post=132080"}],"curies":[{"name":"wp","href":"https:\/\/api.w.org\/{rel}","templated":true}]}}