{"id":131940,"date":"2025-05-27T06:16:50","date_gmt":"2025-05-27T04:16:50","guid":{"rendered":"https:\/\/dachzeltnomaden.com\/shop\/?post_type=product&#038;p=131940"},"modified":"2025-10-17T10:17:41","modified_gmt":"2025-10-17T08:17:41","slug":"naturbummlermarkisen","status":"publish","type":"product","link":"https:\/\/dachzeltnomaden.com\/shop\/produkt\/naturbummlermarkisen\/","title":{"rendered":"Naturbummler<br>Markisen"},"content":{"rendered":"\n<div class=\"wp-block-uagb-container uagb-block-be52fc24 default uagb-is-root-container\">\n<div class=\"wp-block-uagb-advanced-heading uagb-block-233add0f\"><h6 class=\"uagb-heading-text\">WERBUNG<\/h6><\/div>\n\n\n\n<p class=\"has-ast-global-color-5-color has-ast-global-color-2-background-color has-text-color has-background has-link-color wp-elements-83c38faa42b3207b0b973b60ec0ac94a\">Du suchst noch nach eine Markise f\u00fcr dein Dachzelt Setup? Wie w\u00e4re es mit einer von Naturbummler!<br><br>*Die Links sind Affiliate Links. Wenn du dich f\u00fcr den Kauf einer Naturbummler Markise entscheidest, erhalten die Dachzeltnomaden eine Provision. Damit unterst\u00fctzt du uns &amp; unsere Arbeit. F\u00fcr dich kostet die Markise deshalb nicht mehr.<\/p>\n\n\n\n<div class=\"wp-block-uagb-advanced-heading uagb-block-b21af034\"><p class=\"uagb-desc-text\">Schattenpl\u00e4tzchen<\/p><h2 class=\"uagb-heading-text\"><strong>Markisen<\/strong><\/h2><div class=\"uagb-separator\"><\/div><\/div>\n\n\n\n<p>Diese Markisen sind bei Naturbummler momentan erh\u00e4ltlich:<\/p>\n\n\n\n<div class=\"wp-block-uagb-advanced-heading uagb-block-f3c5114e\"><h3 class=\"uagb-heading-text\">180\u00b0 Seitenmarkise<\/h3><\/div>\n\n\n\n<p style=\"margin-bottom:0px\">Naturbummler 180\u00b0 freitragende Seitenmarkise bringt ein robustes Aluminiumger\u00fcst mit, das dir bei jedem Wetter &#8211; ob Regen, Sonne oder Wind &#8211; einen gesch\u00fctzen R\u00fcckzugsort bietet. Der Aufbau ist kinderleicht und blitzschnell, perfekt f\u00fcr spontane Tripps und Stopps. Mit einer gro\u00dfz\u00fcgigen Fl\u00e4che von 7m<sup>2<\/sup> hast du bequem Platz f\u00fcr bis zu 4 Personen.<\/p>\n<\/div>\n\n\n\n<div class=\"wp-block-uagb-container uagb-block-ae00b476 default uagb-is-root-container\">\n<div class=\"wp-block-uagb-container uagb-block-3d544ad6\">\n<figure class=\"wp-block-gallery has-nested-images columns-2 is-cropped wp-block-gallery-1 is-layout-flex wp-block-gallery-is-layout-flex\">\n<figure class=\"wp-block-image alignright size-full has-custom-border is-style-default\"><img decoding=\"async\" width=\"720\" height=\"720\" data-id=\"131941\" src=\"https:\/\/dachzeltnomaden.com\/shop\/wp-content\/uploads\/2025\/05\/dachzeltnomaden-shop-markisen-naturbummler-180-grad-seitenmarkise.webp\" alt=\"naturbummler 180 grad seitenmarkise freitragend kaufen\" class=\"wp-image-131941\" style=\"border-radius:10px\" srcset=\"https:\/\/dachzeltnomaden.com\/shop\/wp-content\/uploads\/2025\/05\/dachzeltnomaden-shop-markisen-naturbummler-180-grad-seitenmarkise.webp 720w, https:\/\/dachzeltnomaden.com\/shop\/wp-content\/uploads\/2025\/05\/dachzeltnomaden-shop-markisen-naturbummler-180-grad-seitenmarkise-300x300.webp 300w, https:\/\/dachzeltnomaden.com\/shop\/wp-content\/uploads\/2025\/05\/dachzeltnomaden-shop-markisen-naturbummler-180-grad-seitenmarkise-600x600.webp 600w, https:\/\/dachzeltnomaden.com\/shop\/wp-content\/uploads\/2025\/05\/dachzeltnomaden-shop-markisen-naturbummler-180-grad-seitenmarkise-100x100.webp 100w\" sizes=\"(max-width: 720px) 100vw, 720px\" \/><\/figure>\n\n\n\n<figure class=\"wp-block-image size-full has-custom-border\"><img decoding=\"async\" width=\"720\" height=\"720\" data-id=\"131942\" src=\"https:\/\/dachzeltnomaden.com\/shop\/wp-content\/uploads\/2025\/05\/dachzeltnomaden-shop-markisen-naturbummler-180-grad-seitenmarkise_frontansicht.webp\" alt=\"naturbummler 180 grad seitenmarkise freitragend kaufen\" class=\"wp-image-131942\" style=\"border-radius:10px\" srcset=\"https:\/\/dachzeltnomaden.com\/shop\/wp-content\/uploads\/2025\/05\/dachzeltnomaden-shop-markisen-naturbummler-180-grad-seitenmarkise_frontansicht.webp 720w, https:\/\/dachzeltnomaden.com\/shop\/wp-content\/uploads\/2025\/05\/dachzeltnomaden-shop-markisen-naturbummler-180-grad-seitenmarkise_frontansicht-300x300.webp 300w, https:\/\/dachzeltnomaden.com\/shop\/wp-content\/uploads\/2025\/05\/dachzeltnomaden-shop-markisen-naturbummler-180-grad-seitenmarkise_frontansicht-600x600.webp 600w, https:\/\/dachzeltnomaden.com\/shop\/wp-content\/uploads\/2025\/05\/dachzeltnomaden-shop-markisen-naturbummler-180-grad-seitenmarkise_frontansicht-100x100.webp 100w\" sizes=\"(max-width: 720px) 100vw, 720px\" \/><\/figure>\n\n\n\n<figure class=\"wp-block-image size-full has-custom-border\"><img decoding=\"async\" width=\"720\" height=\"720\" data-id=\"131943\" src=\"https:\/\/dachzeltnomaden.com\/shop\/wp-content\/uploads\/2025\/05\/dachzeltnomaden-shop-markisen-naturbummler-180-grad-seitenmarkise_montageset.webp\" alt=\"naturbummler 180 grad seitenmarkise freitragend kaufen\" class=\"wp-image-131943\" style=\"border-radius:10px\" srcset=\"https:\/\/dachzeltnomaden.com\/shop\/wp-content\/uploads\/2025\/05\/dachzeltnomaden-shop-markisen-naturbummler-180-grad-seitenmarkise_montageset.webp 720w, https:\/\/dachzeltnomaden.com\/shop\/wp-content\/uploads\/2025\/05\/dachzeltnomaden-shop-markisen-naturbummler-180-grad-seitenmarkise_montageset-300x300.webp 300w, https:\/\/dachzeltnomaden.com\/shop\/wp-content\/uploads\/2025\/05\/dachzeltnomaden-shop-markisen-naturbummler-180-grad-seitenmarkise_montageset-600x600.webp 600w, https:\/\/dachzeltnomaden.com\/shop\/wp-content\/uploads\/2025\/05\/dachzeltnomaden-shop-markisen-naturbummler-180-grad-seitenmarkise_montageset-100x100.webp 100w\" sizes=\"(max-width: 720px) 100vw, 720px\" \/><\/figure>\n\n\n\n<figure class=\"wp-block-image size-full has-custom-border\"><img decoding=\"async\" width=\"720\" height=\"720\" data-id=\"131944\" src=\"https:\/\/dachzeltnomaden.com\/shop\/wp-content\/uploads\/2025\/05\/dachzeltnomaden-shop-markisen-naturbummler-180-grad-seitenmarkise_freitragend.webp\" alt=\"naturbummler 180 grad seitenmarkise freitragend kaufen\" class=\"wp-image-131944\" style=\"border-radius:10px\" srcset=\"https:\/\/dachzeltnomaden.com\/shop\/wp-content\/uploads\/2025\/05\/dachzeltnomaden-shop-markisen-naturbummler-180-grad-seitenmarkise_freitragend.webp 720w, https:\/\/dachzeltnomaden.com\/shop\/wp-content\/uploads\/2025\/05\/dachzeltnomaden-shop-markisen-naturbummler-180-grad-seitenmarkise_freitragend-300x300.webp 300w, https:\/\/dachzeltnomaden.com\/shop\/wp-content\/uploads\/2025\/05\/dachzeltnomaden-shop-markisen-naturbummler-180-grad-seitenmarkise_freitragend-600x600.webp 600w, https:\/\/dachzeltnomaden.com\/shop\/wp-content\/uploads\/2025\/05\/dachzeltnomaden-shop-markisen-naturbummler-180-grad-seitenmarkise_freitragend-100x100.webp 100w\" sizes=\"(max-width: 720px) 100vw, 720px\" \/><\/figure>\n<\/figure>\n<\/div>\n\n\n\n<div class=\"wp-block-uagb-container uagb-block-76ea1ad4\">\n<h4 class=\"wp-block-heading\" style=\"margin-top:0px;margin-bottom:0px\">Eigenschaften<\/h4>\n\n\n\n<ul class=\"wp-block-list\">\n<li><strong>Ma\u00dfe geschlossen:<\/strong> 240 x 16 x 11 cm<\/li>\n\n\n\n<li><strong>Ma\u00dfe ge\u00f6ffnet:<\/strong> 460 x 225 x 200 cm<\/li>\n\n\n\n<li><strong>Nettogewicht:<\/strong> 18 kg<\/li>\n\n\n\n<li><strong>Schattenfl\u00e4che:<\/strong> 7 m\u00b2<\/li>\n\n\n\n<li><strong>Lieferumfang:<\/strong> Aufbewahrungstasche, Seitenmarkise, Montageset<\/li>\n\n\n\n<li>Erh\u00e4ltlich f\u00fcr linke oder rechte Fahrzeugseite<\/li>\n<\/ul>\n\n\n\n<div class=\"wp-block-buttons is-vertical is-layout-flex wp-container-core-buttons-is-layout-fe9cc265 wp-block-buttons-is-layout-flex\">\n<div class=\"wp-block-button\"><a class=\"wp-block-button__link wp-element-button\" href=\"https:\/\/naturbummler.ch\/collections\/outdoor-zubehor\/products\/180-seitenmarkise?ref=AvUktuNk\" target=\"_blank\" rel=\"noreferrer noopener\">Zur 180\u00b0 Seitenmarkise<\/a><\/div>\n<\/div>\n<\/div>\n<\/div>\n","protected":false},"excerpt":{"rendered":"<p>WERBUNG Du suchst noch nach eine Markise f\u00fcr dein Dachzelt Setup? Wie w\u00e4re es mit einer von Naturbummler! *Die Links [&hellip;]<\/p>\n","protected":false},"featured_media":131941,"template":"","meta":{"_uag_custom_page_level_css":"","site-sidebar-layout":"default","site-content-layout":"","ast-site-content-layout":"default","site-content-style":"default","site-sidebar-style":"default","ast-global-header-display":"","ast-banner-title-visibility":"","ast-main-header-display":"","ast-hfb-above-header-display":"","ast-hfb-below-header-display":"","ast-hfb-mobile-header-display":"","site-post-title":"","ast-breadcrumbs-content":"","ast-featured-img":"","footer-sml-layout":"","ast-disable-related-posts":"","theme-transparent-header-meta":"","adv-header-id-meta":"","stick-header-meta":"","header-above-stick-meta":"","header-main-stick-meta":"","header-below-stick-meta":"","astra-migrate-meta-layouts":"default","ast-page-background-enabled":"default","ast-page-background-meta":{"desktop":{"background-color":"var(--ast-global-color-4)","background-image":"","background-repeat":"repeat","background-position":"center center","background-size":"auto","background-attachment":"scroll","background-type":"","background-media":"","overlay-type":"","overlay-color":"","overlay-opacity":"","overlay-gradient":""},"tablet":{"background-color":"","background-image":"","background-repeat":"repeat","background-position":"center center","background-size":"auto","background-attachment":"scroll","background-type":"","background-media":"","overlay-type":"","overlay-color":"","overlay-opacity":"","overlay-gradient":""},"mobile":{"background-color":"","background-image":"","background-repeat":"repeat","background-position":"center center","background-size":"auto","background-attachment":"scroll","background-type":"","background-media":"","overlay-type":"","overlay-color":"","overlay-opacity":"","overlay-gradient":""}},"ast-content-background-meta":{"desktop":{"background-color":"var(--ast-global-color-5)","background-image":"","background-repeat":"repeat","background-position":"center center","background-size":"auto","background-attachment":"scroll","background-type":"","background-media":"","overlay-type":"","overlay-color":"","overlay-opacity":"","overlay-gradient":""},"tablet":{"background-color":"var(--ast-global-color-5)","background-image":"","background-repeat":"repeat","background-position":"center center","background-size":"auto","background-attachment":"scroll","background-type":"","background-media":"","overlay-type":"","overlay-color":"","overlay-opacity":"","overlay-gradient":""},"mobile":{"background-color":"var(--ast-global-color-5)","background-image":"","background-repeat":"repeat","background-position":"center center","background-size":"auto","background-attachment":"scroll","background-type":"","background-media":"","overlay-type":"","overlay-color":"","overlay-opacity":"","overlay-gradient":""}},"_themeisle_gutenberg_block_has_review":false},"product_brand":[],"product_cat":[101,246],"product_tag":[130,282,284,285],"class_list":{"0":"post-131940","1":"product","2":"type-product","3":"status-publish","4":"has-post-thumbnail","6":"product_cat-zubehoer","7":"product_cat-markisen","8":"product_tag-naturbummler","9":"product_tag-freitragende-markise","10":"product_tag-180-markise","11":"product_tag-seitenmarkise","12":"desktop-align-left","13":"tablet-align-left","14":"mobile-align-left","15":"ast-product-gallery-layout-vertical-slider","16":"ast-product-tabs-layout-horizontal","18":"first","19":"instock","20":"taxable","21":"shipping-taxable","22":"purchasable","23":"product-type-external"},"exclude_global_add_ons":[],"addons":[],"uagb_featured_image_src":{"full":["https:\/\/dachzeltnomaden.com\/shop\/wp-content\/uploads\/2025\/05\/dachzeltnomaden-shop-markisen-naturbummler-180-grad-seitenmarkise.webp",720,720,false],"thumbnail":["https:\/\/dachzeltnomaden.com\/shop\/wp-content\/uploads\/2025\/05\/dachzeltnomaden-shop-markisen-naturbummler-180-grad-seitenmarkise-600x600.webp",600,600,true],"medium":["https:\/\/dachzeltnomaden.com\/shop\/wp-content\/uploads\/2025\/05\/dachzeltnomaden-shop-markisen-naturbummler-180-grad-seitenmarkise-300x300.webp",300,300,true],"medium_large":["https:\/\/dachzeltnomaden.com\/shop\/wp-content\/uploads\/2025\/05\/dachzeltnomaden-shop-markisen-naturbummler-180-grad-seitenmarkise.webp",720,720,false],"large":["https:\/\/dachzeltnomaden.com\/shop\/wp-content\/uploads\/2025\/05\/dachzeltnomaden-shop-markisen-naturbummler-180-grad-seitenmarkise.webp",512,512,false],"1536x1536":["https:\/\/dachzeltnomaden.com\/shop\/wp-content\/uploads\/2025\/05\/dachzeltnomaden-shop-markisen-naturbummler-180-grad-seitenmarkise.webp",720,720,false],"2048x2048":["https:\/\/dachzeltnomaden.com\/shop\/wp-content\/uploads\/2025\/05\/dachzeltnomaden-shop-markisen-naturbummler-180-grad-seitenmarkise.webp",720,720,false],"woocommerce_thumbnail":["https:\/\/dachzeltnomaden.com\/shop\/wp-content\/uploads\/2025\/05\/dachzeltnomaden-shop-markisen-naturbummler-180-grad-seitenmarkise-600x600.webp",600,600,true],"woocommerce_single":["https:\/\/dachzeltnomaden.com\/shop\/wp-content\/uploads\/2025\/05\/dachzeltnomaden-shop-markisen-naturbummler-180-grad-seitenmarkise.webp",720,720,false],"woocommerce_gallery_thumbnail":["https:\/\/dachzeltnomaden.com\/shop\/wp-content\/uploads\/2025\/05\/dachzeltnomaden-shop-markisen-naturbummler-180-grad-seitenmarkise-100x100.webp",100,100,true]},"uagb_author_info":{"display_name":"Jasmine","author_link":"https:\/\/dachzeltnomaden.com\/shop\/author\/"},"uagb_comment_info":0,"uagb_excerpt":"WERBUNG Du suchst noch nach eine Markise f\u00fcr dein Dachzelt Setup? Wie w\u00e4re es mit einer von Naturbummler! *Die Links [&hellip;]","_links":{"self":[{"href":"https:\/\/dachzeltnomaden.com\/shop\/wp-json\/wp\/v2\/product\/131940","targetHints":{"allow":["GET"]}}],"collection":[{"href":"https:\/\/dachzeltnomaden.com\/shop\/wp-json\/wp\/v2\/product"}],"about":[{"href":"https:\/\/dachzeltnomaden.com\/shop\/wp-json\/wp\/v2\/types\/product"}],"wp:featuredmedia":[{"embeddable":true,"href":"https:\/\/dachzeltnomaden.com\/shop\/wp-json\/wp\/v2\/media\/131941"}],"wp:attachment":[{"href":"https:\/\/dachzeltnomaden.com\/shop\/wp-json\/wp\/v2\/media?parent=131940"}],"wp:term":[{"taxonomy":"product_brand","embeddable":true,"href":"https:\/\/dachzeltnomaden.com\/shop\/wp-json\/wp\/v2\/product_brand?post=131940"},{"taxonomy":"product_cat","embeddable":true,"href":"https:\/\/dachzeltnomaden.com\/shop\/wp-json\/wp\/v2\/product_cat?post=131940"},{"taxonomy":"product_tag","embeddable":true,"href":"https:\/\/dachzeltnomaden.com\/shop\/wp-json\/wp\/v2\/product_tag?post=131940"}],"curies":[{"name":"wp","href":"https:\/\/api.w.org\/{rel}","templated":true}]}}