{"id":131629,"date":"2025-04-17T10:51:26","date_gmt":"2025-04-17T08:51:26","guid":{"rendered":"https:\/\/dachzeltnomaden.com\/shop\/?post_type=product&#038;p=131629"},"modified":"2025-10-17T10:17:36","modified_gmt":"2025-10-17T08:17:36","slug":"frnkhalterungen","status":"publish","type":"product","link":"https:\/\/dachzeltnomaden.com\/shop\/produkt\/frnkhalterungen\/","title":{"rendered":"FRNK<br>Halterungen"},"content":{"rendered":"\n<div class=\"wp-block-uagb-container uagb-block-be52fc24 default uagb-is-root-container\">\n<div class=\"wp-block-uagb-advanced-heading uagb-block-233add0f\"><h6 class=\"uagb-heading-text\">WERBUNG<\/h6><\/div>\n\n\n\n<p class=\"has-ast-global-color-5-color has-ast-global-color-2-background-color has-text-color has-background has-link-color wp-elements-e2313d7fcf64964867952417a9231acc\">Du suchst noch nach eine praktische Halterung f\u00fcr dein Handy oder \u00c4hnliches in deinem Auto? Wie w\u00e4re es mit einer von FRNK!<br><br>*Die Links sind Affiliate Links. Wenn du dich f\u00fcr den Kauf einer FRNK Halterung entscheidest, erhalten die Dachzeltnomaden eine Provision. Damit unterst\u00fctzt du uns &amp; unsere Arbeit. F\u00fcr dich kostet die FRNK Halterung deshalb nicht mehr.<\/p>\n\n\n\n<div class=\"wp-block-uagb-advanced-heading uagb-block-b21af034\"><p class=\"uagb-desc-text\">H\u00e4nde frei, gut verstaut!<\/p><h2 class=\"uagb-heading-text\">Halterungen<\/h2><div class=\"uagb-separator\"><\/div><\/div>\n<\/div>\n\n\n\n<div class=\"wp-block-uagb-container uagb-block-ab46628b default uagb-is-root-container\">\n<div class=\"wp-block-uagb-advanced-heading uagb-block-f68de046\"><h3 class=\"uagb-heading-text\">WEDO\u00ae Dock-IT KfZ Magnet<\/h3><\/div>\n\n\n\n<p>Starke Magnethaftung trifft auf einfache Montage \u2013 inklusive drei Metallpl\u00e4ttchen f\u00fcr diverse Befestigungsoptionen, ohne die Smartphone-Funktionen zu beeintr\u00e4chtigen.<br><br>Wedo DOCK-IT, schwenkbarer Smartphone-Magnethalter f\u00fcr KFZ-L\u00fcftungsschlitze. Die clevere Mini-Halterung f\u00fcr alle Smartphones mit frei einstellbarem Blickwinkel dank 360\u00b0-Kugelgelenk! Schnell anzubringen \u2013 Der gummierte Stecker mit Kippschalter l\u00e4sst sich in 2 Stufen (1, 5 &#8211; 2, 5 mm und 2, 5 &#8211; 3, 5 mm) auf die Dicke der L\u00fcftungslamelle einstellen und sorgt so f\u00fcr eine sichere und stabile Fixierung der Smartphone-Halterung. Der starke Magnet mit Soft-Touch-Oberfl\u00e4che h\u00e4lt jedes Smartphone in der gew\u00fcnschten Position. Alle Funktionen des Smartphones sind frei zug\u00e4nglich, auch das Laden w\u00e4hrend der Fahrt \u00fcber ein USB-Ladeger\u00e4t f\u00fcr Zigarettenanz\u00fcnder ist m\u00f6glich. Drei d\u00fcnne Metallpl\u00e4ttchen mit unterschiedlichen Fixierungsm\u00f6glichkeiten am Smartphone werden mitgeliefert: Mit Gel-Pad-Haftung f\u00fcr r\u00fcckstandsfreies entfernen, selbstklebend oder ohne Klebstoff zum Einlegen zwischen Smartphone und Hardcase. Die Haftkraft des Gel-Pads l\u00e4sst sich durch S\u00e4ubern unter flie\u00dfendem Wasser wieder reaktivieren (Oberfl\u00e4che nicht abtrocknen oder abwischen). Magnethalter-Ma\u00dfe: Durchmesser 3, 8 cm, L\u00e4nge 6, 5 cm, Farbe: schwarz. Hinweis zur Nutzung mit Samsung S4 und S4 mini: das im Lieferumfang enthaltene Metallpl\u00e4ttchen unbedingt in gr\u00f6\u00dftm\u00f6glichem Abstand zum HALL-Sensor des Telefons montieren. Das verhindert, dass das S4 auf die Magnethalterung reagiert und in den Standby-Modus wechselt.<\/p>\n\n\n\n<div class=\"wp-block-uagb-container uagb-block-e5daed0c\">\n<div class=\"wp-block-uagb-container uagb-block-ecfb967d\">\n<h4 class=\"wp-block-heading\" style=\"margin-top:0px;margin-bottom:0px\">Eigenschaften<\/h4>\n\n\n\n<ul class=\"wp-block-list\">\n<li><strong>Ma\u00dfe<\/strong>: ca. 3,8 x 6,5 cm<\/li>\n\n\n\n<li><strong>Zusatzinformationen:<\/strong> Inklusive drei Metallpl\u00e4ttchen f\u00fcr diverse Befestigungsoptionen, ohne die Smartphone-Funktionen zu beeintr\u00e4chtigen.<\/li>\n\n\n\n<li><strong>360\u00b0 Flexibilit\u00e4t:<\/strong> Genie\u00dfe uneingeschr\u00e4nkte Sicht aus jedem Winkel dank des innovativen 360\u00b0-Kugelgelenks \u2013 perfekt f\u00fcr die Navigation unterwegs.<\/li>\n\n\n\n<li><strong>Sicher und stabil: <\/strong>Der ma\u00dfgeschneiderte, gummierte Stecker passt sich an jede L\u00fcftungslamelle an, f\u00fcr einen festen Halt ohne Verrutschen.<\/li>\n<\/ul>\n\n\n\n<div class=\"wp-block-buttons is-layout-flex wp-block-buttons-is-layout-flex\" style=\"margin-top:0px\">\n<div class=\"wp-block-button\"><a class=\"wp-block-button__link wp-element-button\" href=\"https:\/\/frnk-shop.de\/collections\/alle-produkte\/products\/wedo-dock-it-kfz-magnet?ref=DACHZELTNOMADEN\" target=\"_blank\" rel=\"noreferrer noopener\">Zum WEDO\u00ae Dock-IT KfZ Magnet<\/a><\/div>\n<\/div>\n<\/div>\n\n\n\n<div class=\"wp-block-uagb-container uagb-block-e0136a5b\">\n<figure class=\"wp-block-gallery has-nested-images columns-2 is-cropped uag-masonry uagb-block-68f12afb wp-block-gallery-1 is-layout-flex wp-block-gallery-is-layout-flex\">\n<figure class=\"wp-block-image alignright size-full has-custom-border is-style-default\"><img decoding=\"async\" width=\"540\" height=\"509\" data-id=\"131637\" src=\"https:\/\/dachzeltnomaden.com\/shop\/wp-content\/uploads\/2025\/04\/dachzeltnomaden-dachzelt-zubehoer-aufbewahrung-ordnung-frnk-wedo-6006001-dock-it-kfz-smartphone-halterung_magnetisch.webp\" alt=\"frnk WEDO\u00ae Dock-IT KfZ Magnet smartphone halterung kaufen\" class=\"wp-image-131637\" style=\"border-radius:10px\" srcset=\"https:\/\/dachzeltnomaden.com\/shop\/wp-content\/uploads\/2025\/04\/dachzeltnomaden-dachzelt-zubehoer-aufbewahrung-ordnung-frnk-wedo-6006001-dock-it-kfz-smartphone-halterung_magnetisch.webp 540w, https:\/\/dachzeltnomaden.com\/shop\/wp-content\/uploads\/2025\/04\/dachzeltnomaden-dachzelt-zubehoer-aufbewahrung-ordnung-frnk-wedo-6006001-dock-it-kfz-smartphone-halterung_magnetisch-300x283.webp 300w\" sizes=\"(max-width: 540px) 100vw, 540px\" \/><\/figure>\n\n\n\n<figure class=\"wp-block-image size-full has-custom-border\"><img decoding=\"async\" width=\"540\" height=\"360\" data-id=\"131640\" src=\"https:\/\/dachzeltnomaden.com\/shop\/wp-content\/uploads\/2025\/04\/dachzeltnomaden-dachzelt-zubehoer-aufbewahrung-ordnung-frnk-dock-it-auto-schwarz-01_540x.webp\" alt=\"frnk WEDO\u00ae Dock-IT KfZ Magnet smartphone halterung kaufen\" class=\"wp-image-131640\" style=\"border-radius:10px\" srcset=\"https:\/\/dachzeltnomaden.com\/shop\/wp-content\/uploads\/2025\/04\/dachzeltnomaden-dachzelt-zubehoer-aufbewahrung-ordnung-frnk-dock-it-auto-schwarz-01_540x.webp 540w, https:\/\/dachzeltnomaden.com\/shop\/wp-content\/uploads\/2025\/04\/dachzeltnomaden-dachzelt-zubehoer-aufbewahrung-ordnung-frnk-dock-it-auto-schwarz-01_540x-300x200.webp 300w\" sizes=\"(max-width: 540px) 100vw, 540px\" \/><\/figure>\n\n\n\n<figure class=\"wp-block-image size-full has-custom-border\"><img decoding=\"async\" width=\"666\" height=\"1154\" data-id=\"131647\" src=\"https:\/\/dachzeltnomaden.com\/shop\/wp-content\/uploads\/2025\/04\/wedo-6006001-dock-it-kfz-smartphone-halterung-07_720x.webp\" alt=\"frnk WEDO\u00ae Dock-IT KfZ Magnet smartphone halterung kaufen\" class=\"wp-image-131647\" style=\"border-radius:10px\" srcset=\"https:\/\/dachzeltnomaden.com\/shop\/wp-content\/uploads\/2025\/04\/wedo-6006001-dock-it-kfz-smartphone-halterung-07_720x.webp 666w, https:\/\/dachzeltnomaden.com\/shop\/wp-content\/uploads\/2025\/04\/wedo-6006001-dock-it-kfz-smartphone-halterung-07_720x-173x300.webp 173w, https:\/\/dachzeltnomaden.com\/shop\/wp-content\/uploads\/2025\/04\/wedo-6006001-dock-it-kfz-smartphone-halterung-07_720x-591x1024.webp 591w\" sizes=\"(max-width: 666px) 100vw, 666px\" \/><\/figure>\n\n\n\n<figure class=\"wp-block-image size-full has-custom-border\"><img decoding=\"async\" width=\"211\" height=\"300\" data-id=\"131646\" src=\"https:\/\/dachzeltnomaden.com\/shop\/wp-content\/uploads\/2025\/04\/dachzeltnomaden-dachzelt-zubehoer-aufbewahrung-ordnung-frnk-wedo-6006001-dock-it-kfz-smartphone-halterung-06_300x.webp\" alt=\"frnk WEDO\u00ae Dock-IT KfZ Magnet smartphone halterung kaufen\" class=\"wp-image-131646\" style=\"border-radius:10px\"\/><\/figure>\n<\/figure>\n<\/div>\n<\/div>\n<\/div>\n\n\n\n<div class=\"wp-block-uagb-container uagb-block-39831343 default uagb-is-root-container\">\n<div class=\"wp-block-uagb-advanced-heading uagb-block-661bc6b1\"><h3 class=\"uagb-heading-text\">WEDO\u00ae Clip-It Plus<\/h3><\/div>\n\n\n\n<p>Mit dem WEDO\u00ae Clip-It+ wird jede Fahrt zum Erlebnis \u2013 schnelle Montage, perfekter Halt, voller Durchblick!<br><br>Der Ursprung der WEDO\u00ae CLIP-IT-Reihe: der WEDO\u00ae Clip-It+ &#8211; deine neue Smartphone-Autohalterung.<br><br>Der clevere Smartphone-Klemmhalter f\u00fcr alle 4&#8243;-6&#8243;-Smartphones l\u00e4sst sich durch das 360\u00b0-Grad-Kugelgelenk einfach und flexibel auf den eigenen Blickkomfort ohne Einschr\u00e4nkungen einstellen. Der gummierte Stecker mit Kippschalter kann in 2 Stufen (1,5-2,5 mm und 2,5-3,5 mm) auf die Dicke der L\u00fcftungslamellen eingestellt werden. Durch einfaches Dr\u00fccken und mit Hilfe des Soft-Touch-B\u00fcgels kann der Griff im Handumdrehen fixiert werden. Jedes Smartphone mit einer Breite von 5,5-8,5 cm passt sicher und fest in die Halterung, w\u00e4hrend alle Funktionen frei zug\u00e4nglich bleiben &#8211; markenunabh\u00e4ngig. Wenn es dennoch schnell gehen muss, l\u00e4sst sich das Smartphone durch einen kurzen Druck auf die Quick-Out-Taste entriegeln.<\/p>\n\n\n\n<div class=\"wp-block-uagb-container uagb-block-4add72e0\">\n<div class=\"wp-block-uagb-container uagb-block-920be787\">\n<h4 class=\"wp-block-heading\" style=\"margin-top:0px;margin-bottom:0px\">Eigenschaften<\/h4>\n\n\n\n<ul class=\"wp-block-list\">\n<li><strong>Smartphone-Halterung<\/strong>: schwarzes Polyester<\/li>\n\n\n\n<li><strong>Ma\u00dfe<\/strong>: ca. 13 x 91 mm<\/li>\n\n\n\n<li><strong>Passform:<\/strong>&nbsp;markenunabh\u00e4ngig jedes Smartphone mit einer Breite von 5,5 \u2013 8,5 cm<\/li>\n\n\n\n<li><strong>Cleverer Smartphone Halter:<\/strong> F\u00fcr alle 4&#8243;-6&#8243;-Smartphones l\u00e4sst sich durch das 360\u00b0-Grad-Kugelgelenk einfach und flexibel auf den eigenen Blickkomfort ohne Einschr\u00e4nkungen einstellen.<\/li>\n\n\n\n<li><strong>Kinderleichtes anbringen<\/strong>: Der gummierte Stecker mit Kippschalter kann in 2 Stufen (1,5-2,5 mm und 2,5-3,5 mm) auf die Dicke der L\u00fcftungslamellen eingestellt werden.<\/li>\n<\/ul>\n\n\n\n<div class=\"wp-block-buttons is-layout-flex wp-block-buttons-is-layout-flex\" style=\"margin-top:0px\">\n<div class=\"wp-block-button\"><a class=\"wp-block-button__link wp-element-button\" href=\"https:\/\/frnk-shop.de\/collections\/alle-produkte\/products\/wedo-clip-it?ref=DACHZELTNOMADEN\" target=\"_blank\" rel=\"noreferrer noopener\">Zum WEDO\u00ae Clip-It Plust<\/a><\/div>\n<\/div>\n<\/div>\n\n\n\n<div class=\"wp-block-uagb-container uagb-block-a2f319a8\">\n<figure class=\"wp-block-gallery has-nested-images columns-2 is-cropped wp-block-gallery-2 is-layout-flex wp-block-gallery-is-layout-flex\">\n<figure class=\"wp-block-image size-full has-custom-border\"><img decoding=\"async\" width=\"540\" height=\"540\" data-id=\"131659\" src=\"https:\/\/dachzeltnomaden.com\/shop\/wp-content\/uploads\/2025\/04\/dachzeltnomaden-dachzelt-zubehoer-smartphone-halterung-frnk-clip-it-auto-schwarz-01_540x.webp\" alt=\"frnk WEDO\u00ae Clip-It Plus smartphone halterung auto kaufen\" class=\"wp-image-131659\" style=\"border-radius:10px\" srcset=\"https:\/\/dachzeltnomaden.com\/shop\/wp-content\/uploads\/2025\/04\/dachzeltnomaden-dachzelt-zubehoer-smartphone-halterung-frnk-clip-it-auto-schwarz-01_540x.webp 540w, https:\/\/dachzeltnomaden.com\/shop\/wp-content\/uploads\/2025\/04\/dachzeltnomaden-dachzelt-zubehoer-smartphone-halterung-frnk-clip-it-auto-schwarz-01_540x-300x300.webp 300w, https:\/\/dachzeltnomaden.com\/shop\/wp-content\/uploads\/2025\/04\/dachzeltnomaden-dachzelt-zubehoer-smartphone-halterung-frnk-clip-it-auto-schwarz-01_540x-100x100.webp 100w\" sizes=\"(max-width: 540px) 100vw, 540px\" \/><\/figure>\n\n\n\n<figure class=\"wp-block-image alignright size-full has-custom-border is-style-default\"><img decoding=\"async\" width=\"720\" height=\"720\" data-id=\"131658\" src=\"https:\/\/dachzeltnomaden.com\/shop\/wp-content\/uploads\/2025\/04\/dachzeltnomaden-dachzelt-zubehoer-smartphone-halterung-frnk-clip-it-auto-schwarz-06_720x.webp\" alt=\"frnk WEDO\u00ae Clip-It Plus smartphone halterung auto kaufen\" class=\"wp-image-131658\" style=\"border-radius:10px\" srcset=\"https:\/\/dachzeltnomaden.com\/shop\/wp-content\/uploads\/2025\/04\/dachzeltnomaden-dachzelt-zubehoer-smartphone-halterung-frnk-clip-it-auto-schwarz-06_720x.webp 720w, https:\/\/dachzeltnomaden.com\/shop\/wp-content\/uploads\/2025\/04\/dachzeltnomaden-dachzelt-zubehoer-smartphone-halterung-frnk-clip-it-auto-schwarz-06_720x-300x300.webp 300w, https:\/\/dachzeltnomaden.com\/shop\/wp-content\/uploads\/2025\/04\/dachzeltnomaden-dachzelt-zubehoer-smartphone-halterung-frnk-clip-it-auto-schwarz-06_720x-600x600.webp 600w, https:\/\/dachzeltnomaden.com\/shop\/wp-content\/uploads\/2025\/04\/dachzeltnomaden-dachzelt-zubehoer-smartphone-halterung-frnk-clip-it-auto-schwarz-06_720x-100x100.webp 100w\" sizes=\"(max-width: 720px) 100vw, 720px\" \/><\/figure>\n\n\n\n<figure class=\"wp-block-image size-full has-custom-border\"><img decoding=\"async\" width=\"720\" height=\"508\" data-id=\"131656\" src=\"https:\/\/dachzeltnomaden.com\/shop\/wp-content\/uploads\/2025\/04\/dachzeltnomaden-dachzelt-zubehoer-smartphone-halterung-frnk-wedo-6006101-car-smartphone-holder-clip-it-plus-01_2048x.webp\" alt=\"frnk WEDO\u00ae Clip-It Plus smartphone halterung auto kaufen\" class=\"wp-image-131656\" style=\"border-radius:10px\" srcset=\"https:\/\/dachzeltnomaden.com\/shop\/wp-content\/uploads\/2025\/04\/dachzeltnomaden-dachzelt-zubehoer-smartphone-halterung-frnk-wedo-6006101-car-smartphone-holder-clip-it-plus-01_2048x.webp 720w, https:\/\/dachzeltnomaden.com\/shop\/wp-content\/uploads\/2025\/04\/dachzeltnomaden-dachzelt-zubehoer-smartphone-halterung-frnk-wedo-6006101-car-smartphone-holder-clip-it-plus-01_2048x-300x212.webp 300w\" sizes=\"(max-width: 720px) 100vw, 720px\" \/><\/figure>\n\n\n\n<figure class=\"wp-block-image size-full has-custom-border\"><img decoding=\"async\" width=\"720\" height=\"720\" data-id=\"131657\" src=\"https:\/\/dachzeltnomaden.com\/shop\/wp-content\/uploads\/2025\/04\/dachzeltnomaden-dachzelt-zubehoer-smartphone-halterung-frnk-clip-it-auto-schwarz-02_720x.webp\" alt=\"frnk WEDO\u00ae Clip-It Plus smartphone halterung auto kaufen\" class=\"wp-image-131657\" style=\"border-radius:10px\" srcset=\"https:\/\/dachzeltnomaden.com\/shop\/wp-content\/uploads\/2025\/04\/dachzeltnomaden-dachzelt-zubehoer-smartphone-halterung-frnk-clip-it-auto-schwarz-02_720x.webp 720w, https:\/\/dachzeltnomaden.com\/shop\/wp-content\/uploads\/2025\/04\/dachzeltnomaden-dachzelt-zubehoer-smartphone-halterung-frnk-clip-it-auto-schwarz-02_720x-300x300.webp 300w, https:\/\/dachzeltnomaden.com\/shop\/wp-content\/uploads\/2025\/04\/dachzeltnomaden-dachzelt-zubehoer-smartphone-halterung-frnk-clip-it-auto-schwarz-02_720x-600x600.webp 600w, https:\/\/dachzeltnomaden.com\/shop\/wp-content\/uploads\/2025\/04\/dachzeltnomaden-dachzelt-zubehoer-smartphone-halterung-frnk-clip-it-auto-schwarz-02_720x-100x100.webp 100w\" sizes=\"(max-width: 720px) 100vw, 720px\" \/><\/figure>\n<\/figure>\n<\/div>\n<\/div>\n<\/div>\n\n\n\n<p><\/p>\n","protected":false},"excerpt":{"rendered":"<p>WERBUNG Du suchst noch nach eine praktische Halterung f\u00fcr dein Handy oder \u00c4hnliches in deinem Auto? Wie w\u00e4re es mit [&hellip;]<\/p>\n","protected":false},"featured_media":131659,"template":"","meta":{"_uag_custom_page_level_css":"","site-sidebar-layout":"default","site-content-layout":"","ast-site-content-layout":"default","site-content-style":"default","site-sidebar-style":"default","ast-global-header-display":"","ast-banner-title-visibility":"","ast-main-header-display":"","ast-hfb-above-header-display":"","ast-hfb-below-header-display":"","ast-hfb-mobile-header-display":"","site-post-title":"","ast-breadcrumbs-content":"","ast-featured-img":"","footer-sml-layout":"","ast-disable-related-posts":"","theme-transparent-header-meta":"","adv-header-id-meta":"","stick-header-meta":"","header-above-stick-meta":"","header-main-stick-meta":"","header-below-stick-meta":"","astra-migrate-meta-layouts":"default","ast-page-background-enabled":"default","ast-page-background-meta":{"desktop":{"background-color":"var(--ast-global-color-4)","background-image":"","background-repeat":"repeat","background-position":"center center","background-size":"auto","background-attachment":"scroll","background-type":"","background-media":"","overlay-type":"","overlay-color":"","overlay-opacity":"","overlay-gradient":""},"tablet":{"background-color":"","background-image":"","background-repeat":"repeat","background-position":"center center","background-size":"auto","background-attachment":"scroll","background-type":"","background-media":"","overlay-type":"","overlay-color":"","overlay-opacity":"","overlay-gradient":""},"mobile":{"background-color":"","background-image":"","background-repeat":"repeat","background-position":"center center","background-size":"auto","background-attachment":"scroll","background-type":"","background-media":"","overlay-type":"","overlay-color":"","overlay-opacity":"","overlay-gradient":""}},"ast-content-background-meta":{"desktop":{"background-color":"var(--ast-global-color-5)","background-image":"","background-repeat":"repeat","background-position":"center center","background-size":"auto","background-attachment":"scroll","background-type":"","background-media":"","overlay-type":"","overlay-color":"","overlay-opacity":"","overlay-gradient":""},"tablet":{"background-color":"var(--ast-global-color-5)","background-image":"","background-repeat":"repeat","background-position":"center center","background-size":"auto","background-attachment":"scroll","background-type":"","background-media":"","overlay-type":"","overlay-color":"","overlay-opacity":"","overlay-gradient":""},"mobile":{"background-color":"var(--ast-global-color-5)","background-image":"","background-repeat":"repeat","background-position":"center center","background-size":"auto","background-attachment":"scroll","background-type":"","background-media":"","overlay-type":"","overlay-color":"","overlay-opacity":"","overlay-gradient":""}},"_themeisle_gutenberg_block_has_review":false},"product_brand":[],"product_cat":[101,157,225],"product_tag":[265,275,276,277],"class_list":{"0":"post-131629","1":"product","2":"type-product","3":"status-publish","4":"has-post-thumbnail","6":"product_cat-zubehoer","7":"product_cat-outdoor-gadgets-sport","8":"product_cat-aufbewahrung-ordnung","9":"product_tag-frnk","10":"product_tag-smartphone-halterung","11":"product_tag-kfz-halterung-smartphone","12":"product_tag-kfz-halterung-smartphone-2","13":"desktop-align-left","14":"tablet-align-left","15":"mobile-align-left","16":"ast-product-gallery-layout-vertical-slider","17":"ast-product-tabs-layout-horizontal","19":"first","20":"instock","21":"taxable","22":"shipping-taxable","23":"purchasable","24":"product-type-external"},"exclude_global_add_ons":[],"addons":[],"uagb_featured_image_src":{"full":["https:\/\/dachzeltnomaden.com\/shop\/wp-content\/uploads\/2025\/04\/dachzeltnomaden-dachzelt-zubehoer-smartphone-halterung-frnk-clip-it-auto-schwarz-01_540x.webp",540,540,false],"thumbnail":["https:\/\/dachzeltnomaden.com\/shop\/wp-content\/uploads\/2025\/04\/dachzeltnomaden-dachzelt-zubehoer-smartphone-halterung-frnk-clip-it-auto-schwarz-01_540x.webp",540,540,false],"medium":["https:\/\/dachzeltnomaden.com\/shop\/wp-content\/uploads\/2025\/04\/dachzeltnomaden-dachzelt-zubehoer-smartphone-halterung-frnk-clip-it-auto-schwarz-01_540x-300x300.webp",300,300,true],"medium_large":["https:\/\/dachzeltnomaden.com\/shop\/wp-content\/uploads\/2025\/04\/dachzeltnomaden-dachzelt-zubehoer-smartphone-halterung-frnk-clip-it-auto-schwarz-01_540x.webp",540,540,false],"large":["https:\/\/dachzeltnomaden.com\/shop\/wp-content\/uploads\/2025\/04\/dachzeltnomaden-dachzelt-zubehoer-smartphone-halterung-frnk-clip-it-auto-schwarz-01_540x.webp",512,512,false],"1536x1536":["https:\/\/dachzeltnomaden.com\/shop\/wp-content\/uploads\/2025\/04\/dachzeltnomaden-dachzelt-zubehoer-smartphone-halterung-frnk-clip-it-auto-schwarz-01_540x.webp",540,540,false],"2048x2048":["https:\/\/dachzeltnomaden.com\/shop\/wp-content\/uploads\/2025\/04\/dachzeltnomaden-dachzelt-zubehoer-smartphone-halterung-frnk-clip-it-auto-schwarz-01_540x.webp",540,540,false],"woocommerce_thumbnail":["https:\/\/dachzeltnomaden.com\/shop\/wp-content\/uploads\/2025\/04\/dachzeltnomaden-dachzelt-zubehoer-smartphone-halterung-frnk-clip-it-auto-schwarz-01_540x.webp",540,540,false],"woocommerce_single":["https:\/\/dachzeltnomaden.com\/shop\/wp-content\/uploads\/2025\/04\/dachzeltnomaden-dachzelt-zubehoer-smartphone-halterung-frnk-clip-it-auto-schwarz-01_540x.webp",540,540,false],"woocommerce_gallery_thumbnail":["https:\/\/dachzeltnomaden.com\/shop\/wp-content\/uploads\/2025\/04\/dachzeltnomaden-dachzelt-zubehoer-smartphone-halterung-frnk-clip-it-auto-schwarz-01_540x-100x100.webp",100,100,true]},"uagb_author_info":{"display_name":"Jasmine","author_link":"https:\/\/dachzeltnomaden.com\/shop\/author\/"},"uagb_comment_info":0,"uagb_excerpt":"WERBUNG Du suchst noch nach eine praktische Halterung f\u00fcr dein Handy oder \u00c4hnliches in deinem Auto? Wie w\u00e4re es mit [&hellip;]","_links":{"self":[{"href":"https:\/\/dachzeltnomaden.com\/shop\/wp-json\/wp\/v2\/product\/131629","targetHints":{"allow":["GET"]}}],"collection":[{"href":"https:\/\/dachzeltnomaden.com\/shop\/wp-json\/wp\/v2\/product"}],"about":[{"href":"https:\/\/dachzeltnomaden.com\/shop\/wp-json\/wp\/v2\/types\/product"}],"wp:featuredmedia":[{"embeddable":true,"href":"https:\/\/dachzeltnomaden.com\/shop\/wp-json\/wp\/v2\/media\/131659"}],"wp:attachment":[{"href":"https:\/\/dachzeltnomaden.com\/shop\/wp-json\/wp\/v2\/media?parent=131629"}],"wp:term":[{"taxonomy":"product_brand","embeddable":true,"href":"https:\/\/dachzeltnomaden.com\/shop\/wp-json\/wp\/v2\/product_brand?post=131629"},{"taxonomy":"product_cat","embeddable":true,"href":"https:\/\/dachzeltnomaden.com\/shop\/wp-json\/wp\/v2\/product_cat?post=131629"},{"taxonomy":"product_tag","embeddable":true,"href":"https:\/\/dachzeltnomaden.com\/shop\/wp-json\/wp\/v2\/product_tag?post=131629"}],"curies":[{"name":"wp","href":"https:\/\/api.w.org\/{rel}","templated":true}]}}