{"id":131603,"date":"2025-04-17T09:13:40","date_gmt":"2025-04-17T07:13:40","guid":{"rendered":"https:\/\/dachzeltnomaden.com\/shop\/?post_type=product&#038;p=131603"},"modified":"2025-10-17T10:17:35","modified_gmt":"2025-10-17T08:17:35","slug":"frnkwedo-bigbox-shopper","status":"publish","type":"product","link":"https:\/\/dachzeltnomaden.com\/shop\/produkt\/frnkwedo-bigbox-shopper\/","title":{"rendered":"FRNK<br>WEDO\u00ae Bigbox Shopper"},"content":{"rendered":"\n<div class=\"wp-block-uagb-container uagb-block-be52fc24 default uagb-is-root-container\">\n<div class=\"wp-block-uagb-advanced-heading uagb-block-233add0f\"><h6 class=\"uagb-heading-text\">WERBUNG<\/h6><\/div>\n\n\n\n<p class=\"has-ast-global-color-5-color has-ast-global-color-2-background-color has-text-color has-background has-link-color wp-elements-1f08d4776efcc47ddccd503fb395c750\">Du suchst noch nach einen multifunktionalen Staurauml\u00f6sung f\u00fcr deinen Kofferraum? Wie w\u00e4re es mit einer von FRNK!<br><br>*Die Links sind Affiliate Links. Wenn du dich f\u00fcr den Kauf eines WEDO\u00ae Bigbox Shoppers entscheidest, erhalten die Dachzeltnomaden eine Provision. Damit unterst\u00fctzt du uns &amp; unsere Arbeit. F\u00fcr dich kostet der WEDO\u00ae Bigbox Shopper deshalb nicht mehr.<\/p>\n\n\n\n<div class=\"wp-block-uagb-advanced-heading uagb-block-b21af034\"><p class=\"uagb-desc-text\">Praktische Ordnung im Kofferraum<\/p><h2 class=\"uagb-heading-text\"><strong>WEDO\u00ae Bigbox Shopper<\/strong><\/h2><div class=\"uagb-separator\"><\/div><\/div>\n\n\n\n<p style=\"margin-bottom:0px\">Der Tragekomfort einer Tasche trifft auf die Standfestigkeit einer Kofferraumbox. D\u00fcrfen wir vorstellen: FRNKs WEDO BigBox Shopper! Durch die verst\u00e4rkten Tragegriffe und das strapazierf\u00e4hige Polyester kann der Shopper bis zu 25 kg tragen und eignet sich somit auch f\u00fcr gro\u00dfe Eink\u00e4ufe und Umzugsprojekte. Um eine gezielte Organisation von kleineren Einzelteilen zu gew\u00e4hrleisten, verf\u00fcgt der Shopper \u00fcber zus\u00e4tzlichen Stauraum in Form von au\u00dfen angen\u00e4hten Netz- und Gummizugtaschen. Sag&#8217; Tsch\u00fcss zum Einkaufs- und Umr\u00e4umchaos!<br><br>Erh\u00e4ltlich in zwei verschiedenen Gr\u00f6\u00dfen &#8211; L und XL &#8211; ist kein Einkauf zu klein oder gro\u00df, um ihn direkt in den Einsatz zu bringen.\u00a0Perfekt f\u00fcr die Ausnutzung des Stauraums in deinem Kofferraum!<\/p>\n<\/div>\n\n\n\n<div class=\"wp-block-uagb-container uagb-block-ae00b476 default uagb-is-root-container\">\n<div class=\"wp-block-uagb-container uagb-block-3d544ad6\">\n<figure class=\"wp-block-gallery has-nested-images columns-2 is-cropped wp-block-gallery-1 is-layout-flex wp-block-gallery-is-layout-flex\">\n<figure class=\"wp-block-image alignright size-full has-custom-border is-style-default\"><img decoding=\"async\" width=\"540\" height=\"540\" data-id=\"131610\" src=\"https:\/\/dachzeltnomaden.com\/shop\/wp-content\/uploads\/2025\/04\/dachzeltnomaden-dachzelt-zubehoer-ordnung-aufbewahrung-frnk-big-box-shopper-auto-1-1-019_540x.webp\" alt=\"FRNK WEDO\u00ae Bigbox Shopper Tasche und Kofferraumorganizer kaufen\" class=\"wp-image-131610\" style=\"border-radius:10px\" srcset=\"https:\/\/dachzeltnomaden.com\/shop\/wp-content\/uploads\/2025\/04\/dachzeltnomaden-dachzelt-zubehoer-ordnung-aufbewahrung-frnk-big-box-shopper-auto-1-1-019_540x.webp 540w, https:\/\/dachzeltnomaden.com\/shop\/wp-content\/uploads\/2025\/04\/dachzeltnomaden-dachzelt-zubehoer-ordnung-aufbewahrung-frnk-big-box-shopper-auto-1-1-019_540x-300x300.webp 300w, https:\/\/dachzeltnomaden.com\/shop\/wp-content\/uploads\/2025\/04\/dachzeltnomaden-dachzelt-zubehoer-ordnung-aufbewahrung-frnk-big-box-shopper-auto-1-1-019_540x-100x100.webp 100w\" sizes=\"(max-width: 540px) 100vw, 540px\" \/><\/figure>\n\n\n\n<figure class=\"wp-block-image size-full has-custom-border\"><img decoding=\"async\" width=\"720\" height=\"910\" data-id=\"131607\" src=\"https:\/\/dachzeltnomaden.com\/shop\/wp-content\/uploads\/2025\/04\/dachzeltnomaden-dachzelt-zubehoer-ordnung-aufbewahrung-FRNK_wedo-582521-kofferraumtasche-big-box-shopper-grosse_L.webp\" alt=\"FRNK WEDO\u00ae Bigbox Shopper Tasche und Kofferraumorganizer kaufen\" class=\"wp-image-131607\" style=\"border-radius:10px\" srcset=\"https:\/\/dachzeltnomaden.com\/shop\/wp-content\/uploads\/2025\/04\/dachzeltnomaden-dachzelt-zubehoer-ordnung-aufbewahrung-FRNK_wedo-582521-kofferraumtasche-big-box-shopper-grosse_L.webp 720w, https:\/\/dachzeltnomaden.com\/shop\/wp-content\/uploads\/2025\/04\/dachzeltnomaden-dachzelt-zubehoer-ordnung-aufbewahrung-FRNK_wedo-582521-kofferraumtasche-big-box-shopper-grosse_L-237x300.webp 237w\" sizes=\"(max-width: 720px) 100vw, 720px\" \/><\/figure>\n\n\n\n<figure class=\"wp-block-image size-full has-custom-border\"><img decoding=\"async\" width=\"720\" height=\"772\" data-id=\"131604\" src=\"https:\/\/dachzeltnomaden.com\/shop\/wp-content\/uploads\/2025\/04\/dachzeltnomaden-dachzelt-zubehoer-ordnung-aufbewahrung-FRNK_wedo-582521-kofferraumtasche-big-box-shopper-grosse-l-05_720x.webp\" alt=\"FRNK WEDO\u00ae Bigbox Shopper Tasche und Kofferraumorganizer kaufen\" class=\"wp-image-131604\" style=\"border-radius:10px\" srcset=\"https:\/\/dachzeltnomaden.com\/shop\/wp-content\/uploads\/2025\/04\/dachzeltnomaden-dachzelt-zubehoer-ordnung-aufbewahrung-FRNK_wedo-582521-kofferraumtasche-big-box-shopper-grosse-l-05_720x.webp 720w, https:\/\/dachzeltnomaden.com\/shop\/wp-content\/uploads\/2025\/04\/dachzeltnomaden-dachzelt-zubehoer-ordnung-aufbewahrung-FRNK_wedo-582521-kofferraumtasche-big-box-shopper-grosse-l-05_720x-280x300.webp 280w\" sizes=\"(max-width: 720px) 100vw, 720px\" \/><\/figure>\n\n\n\n<figure class=\"wp-block-image size-full has-custom-border\"><img decoding=\"async\" width=\"540\" height=\"540\" data-id=\"131608\" src=\"https:\/\/dachzeltnomaden.com\/shop\/wp-content\/uploads\/2025\/04\/dachzeltnomaden-dachzelt-zubehoer-ordnung-aufbewahrung-frnk-big-box-shopper-schwarz-03_540x.webp\" alt=\"FRNK WEDO\u00ae Bigbox Shopper Tasche und Kofferraumorganizer kaufen\" class=\"wp-image-131608\" style=\"border-radius:10px\" srcset=\"https:\/\/dachzeltnomaden.com\/shop\/wp-content\/uploads\/2025\/04\/dachzeltnomaden-dachzelt-zubehoer-ordnung-aufbewahrung-frnk-big-box-shopper-schwarz-03_540x.webp 540w, https:\/\/dachzeltnomaden.com\/shop\/wp-content\/uploads\/2025\/04\/dachzeltnomaden-dachzelt-zubehoer-ordnung-aufbewahrung-frnk-big-box-shopper-schwarz-03_540x-300x300.webp 300w, https:\/\/dachzeltnomaden.com\/shop\/wp-content\/uploads\/2025\/04\/dachzeltnomaden-dachzelt-zubehoer-ordnung-aufbewahrung-frnk-big-box-shopper-schwarz-03_540x-100x100.webp 100w\" sizes=\"(max-width: 540px) 100vw, 540px\" \/><\/figure>\n<\/figure>\n<\/div>\n\n\n\n<div class=\"wp-block-uagb-container uagb-block-76ea1ad4\">\n<h4 class=\"wp-block-heading\" style=\"margin-top:0px;margin-bottom:0px\">Eigenschaften<\/h4>\n\n\n\n<ul class=\"wp-block-list\">\n<li><strong>Farbe und Materialien<\/strong>: Tasche innen &amp; aussen schwarzes Polyester<\/li>\n\n\n\n<li><strong>Ma\u00dfe<\/strong>: ca. 45 x 35 x 30 cm (Gr\u00f6\u00dfe L) \/ ca. 60 x 40 x 30 cm<\/li>\n\n\n\n<li><strong>Tragelast:<\/strong>\u00a0max. 25 kg<\/li>\n\n\n\n<li><strong>Gr\u00f6\u00dfe L<\/strong> <strong>Ausstattung innen:<\/strong>\u00a02 F\u00e4cher und 3 Gummiz\u00fcge zur Fixierung von Flaschen o.\u00e4.<\/li>\n\n\n\n<li><strong>Gr\u00f6\u00dfe L<\/strong> <strong>Ausstattung au\u00dfen:<\/strong>\u00a04 Netztaschen und 2 Gummizugtaschen<\/li>\n\n\n\n<li><strong>Gr\u00f6\u00dfe XL<\/strong> <strong>Ausstattung innen:<\/strong>\u00a03 F\u00e4cher und 3 Gummiz\u00fcge zur Fixierung von Flaschen o.\u00e4.<\/li>\n\n\n\n<li><strong>Gr\u00f6\u00dfe XL<\/strong> <strong>Ausstattung au\u00dfen:<\/strong>\u00a04 Netztaschen und 2 Gummizugtaschen<\/li>\n<\/ul>\n\n\n\n<div class=\"wp-block-buttons is-layout-flex wp-block-buttons-is-layout-flex\">\n<div class=\"wp-block-button\"><a class=\"wp-block-button__link wp-element-button\" href=\"https:\/\/frnk-shop.de\/collections\/alle-produkte\/products\/wedo-bigbox-shopper?variant=44434652954942?ref=DACHZELTNOMADEN\" target=\"_blank\" rel=\"noreferrer noopener\">Zum WEDO\u00ae Bigbox Shopper in L und XL<\/a><\/div>\n<\/div>\n<\/div>\n<\/div>\n\n\n\n<p><\/p>\n","protected":false},"excerpt":{"rendered":"<p>WERBUNG Du suchst noch nach einen multifunktionalen Staurauml\u00f6sung f\u00fcr deinen Kofferraum? Wie w\u00e4re es mit einer von FRNK! *Die Links [&hellip;]<\/p>\n","protected":false},"featured_media":131609,"template":"","meta":{"_uag_custom_page_level_css":"","site-sidebar-layout":"default","site-content-layout":"","ast-site-content-layout":"default","site-content-style":"default","site-sidebar-style":"default","ast-global-header-display":"","ast-banner-title-visibility":"","ast-main-header-display":"","ast-hfb-above-header-display":"","ast-hfb-below-header-display":"","ast-hfb-mobile-header-display":"","site-post-title":"","ast-breadcrumbs-content":"","ast-featured-img":"","footer-sml-layout":"","ast-disable-related-posts":"","theme-transparent-header-meta":"","adv-header-id-meta":"","stick-header-meta":"","header-above-stick-meta":"","header-main-stick-meta":"","header-below-stick-meta":"","astra-migrate-meta-layouts":"default","ast-page-background-enabled":"default","ast-page-background-meta":{"desktop":{"background-color":"var(--ast-global-color-4)","background-image":"","background-repeat":"repeat","background-position":"center center","background-size":"auto","background-attachment":"scroll","background-type":"","background-media":"","overlay-type":"","overlay-color":"","overlay-opacity":"","overlay-gradient":""},"tablet":{"background-color":"","background-image":"","background-repeat":"repeat","background-position":"center center","background-size":"auto","background-attachment":"scroll","background-type":"","background-media":"","overlay-type":"","overlay-color":"","overlay-opacity":"","overlay-gradient":""},"mobile":{"background-color":"","background-image":"","background-repeat":"repeat","background-position":"center center","background-size":"auto","background-attachment":"scroll","background-type":"","background-media":"","overlay-type":"","overlay-color":"","overlay-opacity":"","overlay-gradient":""}},"ast-content-background-meta":{"desktop":{"background-color":"var(--ast-global-color-5)","background-image":"","background-repeat":"repeat","background-position":"center center","background-size":"auto","background-attachment":"scroll","background-type":"","background-media":"","overlay-type":"","overlay-color":"","overlay-opacity":"","overlay-gradient":""},"tablet":{"background-color":"var(--ast-global-color-5)","background-image":"","background-repeat":"repeat","background-position":"center center","background-size":"auto","background-attachment":"scroll","background-type":"","background-media":"","overlay-type":"","overlay-color":"","overlay-opacity":"","overlay-gradient":""},"mobile":{"background-color":"var(--ast-global-color-5)","background-image":"","background-repeat":"repeat","background-position":"center center","background-size":"auto","background-attachment":"scroll","background-type":"","background-media":"","overlay-type":"","overlay-color":"","overlay-opacity":"","overlay-gradient":""}},"_themeisle_gutenberg_block_has_review":false},"product_brand":[],"product_cat":[101,225],"product_tag":[265,268,269,270],"class_list":{"0":"post-131603","1":"product","2":"type-product","3":"status-publish","4":"has-post-thumbnail","6":"product_cat-zubehoer","7":"product_cat-aufbewahrung-ordnung","8":"product_tag-frnk","9":"product_tag-tasche","10":"product_tag-kofferraum-box","11":"product_tag-organizer","12":"desktop-align-left","13":"tablet-align-left","14":"mobile-align-left","15":"ast-product-gallery-layout-vertical-slider","16":"ast-product-tabs-layout-horizontal","18":"first","19":"instock","20":"taxable","21":"shipping-taxable","22":"purchasable","23":"product-type-external"},"exclude_global_add_ons":[],"addons":[],"uagb_featured_image_src":{"full":["https:\/\/dachzeltnomaden.com\/shop\/wp-content\/uploads\/2025\/04\/dachzeltnomaden-dachzelt-zubehoer-ordnung-aufbewahrung-frnk-big-box-shopper-auto-1-1-037_540x.webp",540,540,false],"thumbnail":["https:\/\/dachzeltnomaden.com\/shop\/wp-content\/uploads\/2025\/04\/dachzeltnomaden-dachzelt-zubehoer-ordnung-aufbewahrung-frnk-big-box-shopper-auto-1-1-037_540x.webp",540,540,false],"medium":["https:\/\/dachzeltnomaden.com\/shop\/wp-content\/uploads\/2025\/04\/dachzeltnomaden-dachzelt-zubehoer-ordnung-aufbewahrung-frnk-big-box-shopper-auto-1-1-037_540x-300x300.webp",300,300,true],"medium_large":["https:\/\/dachzeltnomaden.com\/shop\/wp-content\/uploads\/2025\/04\/dachzeltnomaden-dachzelt-zubehoer-ordnung-aufbewahrung-frnk-big-box-shopper-auto-1-1-037_540x.webp",540,540,false],"large":["https:\/\/dachzeltnomaden.com\/shop\/wp-content\/uploads\/2025\/04\/dachzeltnomaden-dachzelt-zubehoer-ordnung-aufbewahrung-frnk-big-box-shopper-auto-1-1-037_540x.webp",512,512,false],"1536x1536":["https:\/\/dachzeltnomaden.com\/shop\/wp-content\/uploads\/2025\/04\/dachzeltnomaden-dachzelt-zubehoer-ordnung-aufbewahrung-frnk-big-box-shopper-auto-1-1-037_540x.webp",540,540,false],"2048x2048":["https:\/\/dachzeltnomaden.com\/shop\/wp-content\/uploads\/2025\/04\/dachzeltnomaden-dachzelt-zubehoer-ordnung-aufbewahrung-frnk-big-box-shopper-auto-1-1-037_540x.webp",540,540,false],"woocommerce_thumbnail":["https:\/\/dachzeltnomaden.com\/shop\/wp-content\/uploads\/2025\/04\/dachzeltnomaden-dachzelt-zubehoer-ordnung-aufbewahrung-frnk-big-box-shopper-auto-1-1-037_540x.webp",540,540,false],"woocommerce_single":["https:\/\/dachzeltnomaden.com\/shop\/wp-content\/uploads\/2025\/04\/dachzeltnomaden-dachzelt-zubehoer-ordnung-aufbewahrung-frnk-big-box-shopper-auto-1-1-037_540x.webp",540,540,false],"woocommerce_gallery_thumbnail":["https:\/\/dachzeltnomaden.com\/shop\/wp-content\/uploads\/2025\/04\/dachzeltnomaden-dachzelt-zubehoer-ordnung-aufbewahrung-frnk-big-box-shopper-auto-1-1-037_540x-100x100.webp",100,100,true]},"uagb_author_info":{"display_name":"Jasmine","author_link":"https:\/\/dachzeltnomaden.com\/shop\/author\/"},"uagb_comment_info":0,"uagb_excerpt":"WERBUNG Du suchst noch nach einen multifunktionalen Staurauml\u00f6sung f\u00fcr deinen Kofferraum? Wie w\u00e4re es mit einer von FRNK! *Die Links [&hellip;]","_links":{"self":[{"href":"https:\/\/dachzeltnomaden.com\/shop\/wp-json\/wp\/v2\/product\/131603","targetHints":{"allow":["GET"]}}],"collection":[{"href":"https:\/\/dachzeltnomaden.com\/shop\/wp-json\/wp\/v2\/product"}],"about":[{"href":"https:\/\/dachzeltnomaden.com\/shop\/wp-json\/wp\/v2\/types\/product"}],"wp:featuredmedia":[{"embeddable":true,"href":"https:\/\/dachzeltnomaden.com\/shop\/wp-json\/wp\/v2\/media\/131609"}],"wp:attachment":[{"href":"https:\/\/dachzeltnomaden.com\/shop\/wp-json\/wp\/v2\/media?parent=131603"}],"wp:term":[{"taxonomy":"product_brand","embeddable":true,"href":"https:\/\/dachzeltnomaden.com\/shop\/wp-json\/wp\/v2\/product_brand?post=131603"},{"taxonomy":"product_cat","embeddable":true,"href":"https:\/\/dachzeltnomaden.com\/shop\/wp-json\/wp\/v2\/product_cat?post=131603"},{"taxonomy":"product_tag","embeddable":true,"href":"https:\/\/dachzeltnomaden.com\/shop\/wp-json\/wp\/v2\/product_tag?post=131603"}],"curies":[{"name":"wp","href":"https:\/\/api.w.org\/{rel}","templated":true}]}}