{"id":131592,"date":"2025-04-17T07:54:01","date_gmt":"2025-04-17T05:54:01","guid":{"rendered":"https:\/\/dachzeltnomaden.com\/shop\/?post_type=product&#038;p=131592"},"modified":"2025-10-17T10:17:35","modified_gmt":"2025-10-17T08:17:35","slug":"frnkwedo-tischstaubsauger","status":"publish","type":"product","link":"https:\/\/dachzeltnomaden.com\/shop\/produkt\/frnkwedo-tischstaubsauger\/","title":{"rendered":"FRNK WEDO\u00ae <br>Tischstaubsauger"},"content":{"rendered":"\n<div class=\"wp-block-uagb-container uagb-block-be52fc24 default uagb-is-root-container\">\n<div class=\"wp-block-uagb-advanced-heading uagb-block-233add0f\"><h6 class=\"uagb-heading-text\">WERBUNG<\/h6><\/div>\n\n\n\n<p class=\"has-ast-global-color-5-color has-ast-global-color-2-background-color has-text-color has-background has-link-color wp-elements-05a2034099437280016d23b8f7dd53da\">Du suchst noch nach einen kleine Tischstaubsauger f\u00fcr unterwegs? Wie w\u00e4re es mit einem von FRNK!<br><br>*Die Links sind Affiliate Links. Wenn du dich f\u00fcr den Kauf eines <strong>WEDO\u00ae Tischstaubsaugers<\/strong> entscheidest, erhalten die Dachzeltnomaden eine Provision. Damit unterst\u00fctzt du uns &amp; unsere Arbeit. F\u00fcr dich kostet der <strong>WEDO\u00ae Tischstaubsauger<\/strong> deshalb nicht mehr.<\/p>\n\n\n\n<div class=\"wp-block-uagb-advanced-heading uagb-block-b21af034\"><p class=\"uagb-desc-text\">Kr\u00fcmelfrei in K\u00fcche und Dachzelt<\/p><h2 class=\"uagb-heading-text\"><strong>Tischstaubsauger<\/strong><\/h2><div class=\"uagb-separator\"><\/div><\/div>\n\n\n\n<div class=\"wp-block-uagb-advanced-heading uagb-block-f3c5114e\"><h3 class=\"uagb-heading-text\"><strong>WEDO\u00ae Tischstaubsauger W2D2<\/strong><\/h3><\/div>\n\n\n\n<p style=\"margin-bottom:0px\">FRNKs galaktischer, aufladbarer Helfer gegen Kr\u00fcmeln, Fusseln und Staub: der&nbsp;<strong>Mini-Tischstaubsauger W2D2<\/strong>. <br><br>Aufladbar per USB-Ladekabel ist der kompakte Mini-Tischstaubsauger zeitsparend und praktisch, und die perfekte Alternative zum umst\u00e4ndlichen Fegen und Aufsammeln mit der Hand.&nbsp;In seinem schlichten, edlen Wei\u00df und einer futuristischen Verpackung im stylishen Weltraum-Design sieht er originell aus und zieht sowohl Kr\u00fcmel als auch Aufmerksamkeit begierig auf sich. Dennoch ist er ein Lautst\u00e4rke-Wunder und kaum h\u00f6rbar, sodass er sich neben dem Einsatz in den eigenen vier W\u00e4nden und im Auto, auch perfekt f\u00fcr einen Einsatz im B\u00fcro oder dem Dachzelt eignet.&nbsp;<br><br>Ganz nach dem Vorbild aus Star-Wars: dieser batterielose Staubsauger sagt&nbsp;l\u00e4stigen Kr\u00fcmeln, Fusseln und Staub im Handumdrehen den Kampf an!&nbsp;<\/p>\n<\/div>\n\n\n\n<div class=\"wp-block-uagb-container uagb-block-ae00b476 default uagb-is-root-container\">\n<div class=\"wp-block-uagb-container uagb-block-3d544ad6\">\n<figure class=\"wp-block-gallery has-nested-images columns-2 is-cropped wp-block-gallery-1 is-layout-flex wp-block-gallery-is-layout-flex\">\n<figure class=\"wp-block-image alignright size-full has-custom-border is-style-default\"><img decoding=\"async\" width=\"720\" height=\"720\" data-id=\"131596\" src=\"https:\/\/dachzeltnomaden.com\/shop\/wp-content\/uploads\/2025\/04\/dachzeltnomaden-dachzelt-zubehoer-ordnung-frnk-tischstaubsauger-w2d2_Hand.webp\" alt=\"FRNK WEDO Tischstaubsauger W2D2 kaufen USB betrieben\" class=\"wp-image-131596\" style=\"border-radius:10px\" srcset=\"https:\/\/dachzeltnomaden.com\/shop\/wp-content\/uploads\/2025\/04\/dachzeltnomaden-dachzelt-zubehoer-ordnung-frnk-tischstaubsauger-w2d2_Hand.webp 720w, https:\/\/dachzeltnomaden.com\/shop\/wp-content\/uploads\/2025\/04\/dachzeltnomaden-dachzelt-zubehoer-ordnung-frnk-tischstaubsauger-w2d2_Hand-300x300.webp 300w, https:\/\/dachzeltnomaden.com\/shop\/wp-content\/uploads\/2025\/04\/dachzeltnomaden-dachzelt-zubehoer-ordnung-frnk-tischstaubsauger-w2d2_Hand-600x600.webp 600w, https:\/\/dachzeltnomaden.com\/shop\/wp-content\/uploads\/2025\/04\/dachzeltnomaden-dachzelt-zubehoer-ordnung-frnk-tischstaubsauger-w2d2_Hand-100x100.webp 100w\" sizes=\"(max-width: 720px) 100vw, 720px\" \/><\/figure>\n\n\n\n<figure class=\"wp-block-image size-full has-custom-border\"><img decoding=\"async\" width=\"720\" height=\"720\" data-id=\"131595\" src=\"https:\/\/dachzeltnomaden.com\/shop\/wp-content\/uploads\/2025\/04\/dachzeltnomaden-dachzelt-zubehoer-ordnung-frnk-tischstaubsauger-w2d2_kruemel.webp\" alt=\"FRNK WEDO Tischstaubsauger W2D2 kaufen USB betrieben\" class=\"wp-image-131595\" style=\"border-radius:10px\" srcset=\"https:\/\/dachzeltnomaden.com\/shop\/wp-content\/uploads\/2025\/04\/dachzeltnomaden-dachzelt-zubehoer-ordnung-frnk-tischstaubsauger-w2d2_kruemel.webp 720w, https:\/\/dachzeltnomaden.com\/shop\/wp-content\/uploads\/2025\/04\/dachzeltnomaden-dachzelt-zubehoer-ordnung-frnk-tischstaubsauger-w2d2_kruemel-300x300.webp 300w, https:\/\/dachzeltnomaden.com\/shop\/wp-content\/uploads\/2025\/04\/dachzeltnomaden-dachzelt-zubehoer-ordnung-frnk-tischstaubsauger-w2d2_kruemel-600x600.webp 600w, https:\/\/dachzeltnomaden.com\/shop\/wp-content\/uploads\/2025\/04\/dachzeltnomaden-dachzelt-zubehoer-ordnung-frnk-tischstaubsauger-w2d2_kruemel-100x100.webp 100w\" sizes=\"(max-width: 720px) 100vw, 720px\" \/><\/figure>\n\n\n\n<figure class=\"wp-block-image size-full has-custom-border\"><img decoding=\"async\" width=\"720\" height=\"720\" data-id=\"131597\" src=\"https:\/\/dachzeltnomaden.com\/shop\/wp-content\/uploads\/2025\/04\/dachzeltnomaden-dachzelt-zubehoer-ordnung-frnk-tischstaubsauger-w2d2.webp\" alt=\"FRNK WEDO Tischstaubsauger W2D2 kaufen USB betrieben\" class=\"wp-image-131597\" style=\"border-radius:10px\" srcset=\"https:\/\/dachzeltnomaden.com\/shop\/wp-content\/uploads\/2025\/04\/dachzeltnomaden-dachzelt-zubehoer-ordnung-frnk-tischstaubsauger-w2d2.webp 720w, https:\/\/dachzeltnomaden.com\/shop\/wp-content\/uploads\/2025\/04\/dachzeltnomaden-dachzelt-zubehoer-ordnung-frnk-tischstaubsauger-w2d2-300x300.webp 300w, https:\/\/dachzeltnomaden.com\/shop\/wp-content\/uploads\/2025\/04\/dachzeltnomaden-dachzelt-zubehoer-ordnung-frnk-tischstaubsauger-w2d2-600x600.webp 600w, https:\/\/dachzeltnomaden.com\/shop\/wp-content\/uploads\/2025\/04\/dachzeltnomaden-dachzelt-zubehoer-ordnung-frnk-tischstaubsauger-w2d2-100x100.webp 100w\" sizes=\"(max-width: 720px) 100vw, 720px\" \/><\/figure>\n\n\n\n<figure class=\"wp-block-image size-full has-custom-border\"><img decoding=\"async\" width=\"720\" height=\"720\" data-id=\"131594\" src=\"https:\/\/dachzeltnomaden.com\/shop\/wp-content\/uploads\/2025\/04\/dachzeltnomaden-dachzelt-zubehoer-ordnung-frnk-tischstaubsauger-w2d2_ansicht-unten.webp\" alt=\"FRNK WEDO Tischstaubsauger W2D2 kaufen USB betrieben\" class=\"wp-image-131594\" style=\"border-radius:10px\" srcset=\"https:\/\/dachzeltnomaden.com\/shop\/wp-content\/uploads\/2025\/04\/dachzeltnomaden-dachzelt-zubehoer-ordnung-frnk-tischstaubsauger-w2d2_ansicht-unten.webp 720w, https:\/\/dachzeltnomaden.com\/shop\/wp-content\/uploads\/2025\/04\/dachzeltnomaden-dachzelt-zubehoer-ordnung-frnk-tischstaubsauger-w2d2_ansicht-unten-300x300.webp 300w, https:\/\/dachzeltnomaden.com\/shop\/wp-content\/uploads\/2025\/04\/dachzeltnomaden-dachzelt-zubehoer-ordnung-frnk-tischstaubsauger-w2d2_ansicht-unten-600x600.webp 600w, https:\/\/dachzeltnomaden.com\/shop\/wp-content\/uploads\/2025\/04\/dachzeltnomaden-dachzelt-zubehoer-ordnung-frnk-tischstaubsauger-w2d2_ansicht-unten-100x100.webp 100w\" sizes=\"(max-width: 720px) 100vw, 720px\" \/><\/figure>\n<\/figure>\n<\/div>\n\n\n\n<div class=\"wp-block-uagb-container uagb-block-76ea1ad4\">\n<h4 class=\"wp-block-heading\" style=\"margin-top:0px;margin-bottom:0px\">Eigenschaften<\/h4>\n\n\n\n<ul class=\"wp-block-list\">\n<li><strong>Farbe:<\/strong> wei\u00df.<\/li>\n\n\n\n<li><strong>Abmessungen:<\/strong> 7,7 x 8,3 cm<\/li>\n\n\n\n<li><strong>Aufladen:<\/strong> per mitgeliefertem USB-Kabel<\/li>\n<\/ul>\n\n\n\n<div class=\"wp-block-buttons is-layout-flex wp-block-buttons-is-layout-flex\">\n<div class=\"wp-block-button\"><a class=\"wp-block-button__link wp-element-button\" href=\"https:\/\/frnk-shop.de\/collections\/alle-produkte\/products\/wedo-tischstaubsauger-w2d2?ref=DACHZELTNOMADEN\" target=\"_blank\" rel=\"noreferrer noopener\">Zum WEDO\u00ae Tischstaubsauger W2D2<\/a><\/div>\n<\/div>\n<\/div>\n<\/div>\n\n\n\n<div class=\"wp-block-uagb-container uagb-block-ab46628b default uagb-is-root-container\">\n<div class=\"wp-block-uagb-advanced-heading uagb-block-f68de046\"><h3 class=\"uagb-heading-text\">WEDO\u00ae Mini Tischstaubsauger<\/h3><\/div>\n\n\n\n<p>Die&nbsp;<strong>batteriebetriebene Mini-Tischstaubsauger<\/strong>&nbsp;sagt l\u00e4stigen Kr\u00fcmeln, Fusseln und Staub im Handumdrehen den Kampf an!<br><br>Der batteriebetriebene (enthalten), kompakte Mini-Tischstaubsauger ist zeitsparend und praktisch, und somit die perfekte Alternative zum umst\u00e4ndlichen Fegen und perfekt f\u00fcr Orte an denen nicht mal eben eine Steckdose verf\u00fcgbar ist. Der handliche Helfer mit kleinen B\u00fcrsten an der Unterseite ist einfach zu pflegen und leise, sodass er perfekt geeignet f\u00fcr den Einsatz im Auto, in der K\u00fcche oder auch im B\u00fcro ist.<\/p>\n\n\n\n<div class=\"wp-block-uagb-container uagb-block-e5daed0c\">\n<div class=\"wp-block-uagb-container uagb-block-ecfb967d\">\n<h4 class=\"wp-block-heading\" style=\"margin-top:0px;margin-bottom:0px\">Eigenschaften<\/h4>\n\n\n\n<ul class=\"wp-block-list\">\n<li><strong>Farbe:<\/strong> schwarz, wei\u00df<\/li>\n\n\n\n<li><strong>H\u00f6he<\/strong>: ca. 6,3 cm<\/li>\n\n\n\n<li><strong>Durchmesser<\/strong>: ca. 8,5 cm<\/li>\n\n\n\n<li><strong>Batterie-Format:<\/strong>\u00a02 x 1,5 V AA Mignon-Batterien<\/li>\n<\/ul>\n\n\n\n<div class=\"wp-block-buttons is-layout-flex wp-block-buttons-is-layout-flex\" style=\"margin-top:0px\">\n<div class=\"wp-block-button\"><a class=\"wp-block-button__link wp-element-button\" href=\"https:\/\/frnk-shop.de\/products\/wedo-mini-tischstaubsauger?ref=DACHZELTNOMADEN\" target=\"_blank\" rel=\"noreferrer noopener\">Zum WEDO\u00ae Mini Tischstaubsauger<\/a><\/div>\n<\/div>\n<\/div>\n\n\n\n<div class=\"wp-block-uagb-container uagb-block-e0136a5b\">\n<figure class=\"wp-block-gallery has-nested-images columns-2 is-cropped wp-block-gallery-2 is-layout-flex wp-block-gallery-is-layout-flex\">\n<figure class=\"wp-block-image alignright size-full has-custom-border is-style-default\"><img decoding=\"async\" width=\"720\" height=\"720\" data-id=\"131601\" src=\"https:\/\/dachzeltnomaden.com\/shop\/wp-content\/uploads\/2025\/04\/dachzeltnomaden-dachzelt-zubehoer-ordnung-frnk-tischstaubsauger-schwarz-hand-016_720x.webp\" alt=\"frnk wedo mini tischstaubsauger kaufen\" class=\"wp-image-131601\" style=\"border-radius:10px\" srcset=\"https:\/\/dachzeltnomaden.com\/shop\/wp-content\/uploads\/2025\/04\/dachzeltnomaden-dachzelt-zubehoer-ordnung-frnk-tischstaubsauger-schwarz-hand-016_720x.webp 720w, https:\/\/dachzeltnomaden.com\/shop\/wp-content\/uploads\/2025\/04\/dachzeltnomaden-dachzelt-zubehoer-ordnung-frnk-tischstaubsauger-schwarz-hand-016_720x-300x300.webp 300w, https:\/\/dachzeltnomaden.com\/shop\/wp-content\/uploads\/2025\/04\/dachzeltnomaden-dachzelt-zubehoer-ordnung-frnk-tischstaubsauger-schwarz-hand-016_720x-600x600.webp 600w, https:\/\/dachzeltnomaden.com\/shop\/wp-content\/uploads\/2025\/04\/dachzeltnomaden-dachzelt-zubehoer-ordnung-frnk-tischstaubsauger-schwarz-hand-016_720x-100x100.webp 100w\" sizes=\"(max-width: 720px) 100vw, 720px\" \/><\/figure>\n\n\n\n<figure class=\"wp-block-image size-full has-custom-border\"><img decoding=\"async\" width=\"720\" height=\"720\" data-id=\"131599\" src=\"https:\/\/dachzeltnomaden.com\/shop\/wp-content\/uploads\/2025\/04\/dachzeltnomaden-dachzelt-zubehoer-ordnung-frnk-tischstaubsauger-schwarz-hand-sofa-016_720x.webp\" alt=\"frnk wedo mini tischstaubsauger kaufen\" class=\"wp-image-131599\" style=\"border-radius:10px\" srcset=\"https:\/\/dachzeltnomaden.com\/shop\/wp-content\/uploads\/2025\/04\/dachzeltnomaden-dachzelt-zubehoer-ordnung-frnk-tischstaubsauger-schwarz-hand-sofa-016_720x.webp 720w, https:\/\/dachzeltnomaden.com\/shop\/wp-content\/uploads\/2025\/04\/dachzeltnomaden-dachzelt-zubehoer-ordnung-frnk-tischstaubsauger-schwarz-hand-sofa-016_720x-300x300.webp 300w, https:\/\/dachzeltnomaden.com\/shop\/wp-content\/uploads\/2025\/04\/dachzeltnomaden-dachzelt-zubehoer-ordnung-frnk-tischstaubsauger-schwarz-hand-sofa-016_720x-600x600.webp 600w, https:\/\/dachzeltnomaden.com\/shop\/wp-content\/uploads\/2025\/04\/dachzeltnomaden-dachzelt-zubehoer-ordnung-frnk-tischstaubsauger-schwarz-hand-sofa-016_720x-100x100.webp 100w\" sizes=\"(max-width: 720px) 100vw, 720px\" \/><\/figure>\n\n\n\n<figure class=\"wp-block-image size-full has-custom-border\"><img decoding=\"async\" width=\"1080\" height=\"1080\" data-id=\"131602\" src=\"https:\/\/dachzeltnomaden.com\/shop\/wp-content\/uploads\/2025\/04\/dachzeltnomaden-dachzelt-zubehoer-ordnung-frnk-tischstaubsauger_schwarz-weiss-kruemmel-01_2048x.webp\" alt=\"frnk wedo mini tischstaubsauger kaufen\" class=\"wp-image-131602\" style=\"border-radius:10px\" srcset=\"https:\/\/dachzeltnomaden.com\/shop\/wp-content\/uploads\/2025\/04\/dachzeltnomaden-dachzelt-zubehoer-ordnung-frnk-tischstaubsauger_schwarz-weiss-kruemmel-01_2048x.webp 1080w, https:\/\/dachzeltnomaden.com\/shop\/wp-content\/uploads\/2025\/04\/dachzeltnomaden-dachzelt-zubehoer-ordnung-frnk-tischstaubsauger_schwarz-weiss-kruemmel-01_2048x-300x300.webp 300w, https:\/\/dachzeltnomaden.com\/shop\/wp-content\/uploads\/2025\/04\/dachzeltnomaden-dachzelt-zubehoer-ordnung-frnk-tischstaubsauger_schwarz-weiss-kruemmel-01_2048x-1024x1024.webp 1024w, https:\/\/dachzeltnomaden.com\/shop\/wp-content\/uploads\/2025\/04\/dachzeltnomaden-dachzelt-zubehoer-ordnung-frnk-tischstaubsauger_schwarz-weiss-kruemmel-01_2048x-600x600.webp 600w, https:\/\/dachzeltnomaden.com\/shop\/wp-content\/uploads\/2025\/04\/dachzeltnomaden-dachzelt-zubehoer-ordnung-frnk-tischstaubsauger_schwarz-weiss-kruemmel-01_2048x-768x768.webp 768w, https:\/\/dachzeltnomaden.com\/shop\/wp-content\/uploads\/2025\/04\/dachzeltnomaden-dachzelt-zubehoer-ordnung-frnk-tischstaubsauger_schwarz-weiss-kruemmel-01_2048x-100x100.webp 100w\" sizes=\"(max-width: 1080px) 100vw, 1080px\" \/><\/figure>\n\n\n\n<figure class=\"wp-block-image size-full has-custom-border\"><img decoding=\"async\" width=\"720\" height=\"720\" data-id=\"131600\" src=\"https:\/\/dachzeltnomaden.com\/shop\/wp-content\/uploads\/2025\/04\/dachzeltnomaden-dachzelt-zubehoer-ordnung-frnk-tischstaubsauger-schwarz-weiss-05_720x.webp\" alt=\"frnk wedo mini tischstaubsauger kaufen\" class=\"wp-image-131600\" style=\"border-radius:10px\" srcset=\"https:\/\/dachzeltnomaden.com\/shop\/wp-content\/uploads\/2025\/04\/dachzeltnomaden-dachzelt-zubehoer-ordnung-frnk-tischstaubsauger-schwarz-weiss-05_720x.webp 720w, https:\/\/dachzeltnomaden.com\/shop\/wp-content\/uploads\/2025\/04\/dachzeltnomaden-dachzelt-zubehoer-ordnung-frnk-tischstaubsauger-schwarz-weiss-05_720x-300x300.webp 300w, https:\/\/dachzeltnomaden.com\/shop\/wp-content\/uploads\/2025\/04\/dachzeltnomaden-dachzelt-zubehoer-ordnung-frnk-tischstaubsauger-schwarz-weiss-05_720x-600x600.webp 600w, https:\/\/dachzeltnomaden.com\/shop\/wp-content\/uploads\/2025\/04\/dachzeltnomaden-dachzelt-zubehoer-ordnung-frnk-tischstaubsauger-schwarz-weiss-05_720x-100x100.webp 100w\" sizes=\"(max-width: 720px) 100vw, 720px\" \/><\/figure>\n<\/figure>\n<\/div>\n<\/div>\n<\/div>\n\n\n\n<p><\/p>\n","protected":false},"excerpt":{"rendered":"<p>WERBUNG Du suchst noch nach einen kleine Tischstaubsauger f\u00fcr unterwegs? Wie w\u00e4re es mit einem von FRNK! *Die Links sind [&hellip;]<\/p>\n","protected":false},"featured_media":131598,"template":"","meta":{"_uag_custom_page_level_css":"","site-sidebar-layout":"default","site-content-layout":"","ast-site-content-layout":"default","site-content-style":"default","site-sidebar-style":"default","ast-global-header-display":"","ast-banner-title-visibility":"","ast-main-header-display":"","ast-hfb-above-header-display":"","ast-hfb-below-header-display":"","ast-hfb-mobile-header-display":"","site-post-title":"","ast-breadcrumbs-content":"","ast-featured-img":"","footer-sml-layout":"","ast-disable-related-posts":"","theme-transparent-header-meta":"","adv-header-id-meta":"","stick-header-meta":"","header-above-stick-meta":"","header-main-stick-meta":"","header-below-stick-meta":"","astra-migrate-meta-layouts":"default","ast-page-background-enabled":"default","ast-page-background-meta":{"desktop":{"background-color":"var(--ast-global-color-4)","background-image":"","background-repeat":"repeat","background-position":"center center","background-size":"auto","background-attachment":"scroll","background-type":"","background-media":"","overlay-type":"","overlay-color":"","overlay-opacity":"","overlay-gradient":""},"tablet":{"background-color":"","background-image":"","background-repeat":"repeat","background-position":"center center","background-size":"auto","background-attachment":"scroll","background-type":"","background-media":"","overlay-type":"","overlay-color":"","overlay-opacity":"","overlay-gradient":""},"mobile":{"background-color":"","background-image":"","background-repeat":"repeat","background-position":"center center","background-size":"auto","background-attachment":"scroll","background-type":"","background-media":"","overlay-type":"","overlay-color":"","overlay-opacity":"","overlay-gradient":""}},"ast-content-background-meta":{"desktop":{"background-color":"var(--ast-global-color-5)","background-image":"","background-repeat":"repeat","background-position":"center center","background-size":"auto","background-attachment":"scroll","background-type":"","background-media":"","overlay-type":"","overlay-color":"","overlay-opacity":"","overlay-gradient":""},"tablet":{"background-color":"var(--ast-global-color-5)","background-image":"","background-repeat":"repeat","background-position":"center center","background-size":"auto","background-attachment":"scroll","background-type":"","background-media":"","overlay-type":"","overlay-color":"","overlay-opacity":"","overlay-gradient":""},"mobile":{"background-color":"var(--ast-global-color-5)","background-image":"","background-repeat":"repeat","background-position":"center center","background-size":"auto","background-attachment":"scroll","background-type":"","background-media":"","overlay-type":"","overlay-color":"","overlay-opacity":"","overlay-gradient":""}},"_themeisle_gutenberg_block_has_review":false},"product_brand":[],"product_cat":[101,225],"product_tag":[267],"class_list":{"0":"post-131592","1":"product","2":"type-product","3":"status-publish","4":"has-post-thumbnail","6":"product_cat-zubehoer","7":"product_cat-aufbewahrung-ordnung","8":"product_tag-mini-staubsauger","9":"desktop-align-left","10":"tablet-align-left","11":"mobile-align-left","12":"ast-product-gallery-layout-vertical-slider","13":"ast-product-tabs-layout-horizontal","15":"first","16":"instock","17":"taxable","18":"shipping-taxable","19":"purchasable","20":"product-type-external"},"exclude_global_add_ons":[],"addons":[],"uagb_featured_image_src":{"full":["https:\/\/dachzeltnomaden.com\/shop\/wp-content\/uploads\/2025\/04\/dachzeltnomaden-dachzelt-zubehoer-ordnung-frnk-tischstaubsauger-hand-w2d2.webp",720,720,false],"thumbnail":["https:\/\/dachzeltnomaden.com\/shop\/wp-content\/uploads\/2025\/04\/dachzeltnomaden-dachzelt-zubehoer-ordnung-frnk-tischstaubsauger-hand-w2d2-600x600.webp",600,600,true],"medium":["https:\/\/dachzeltnomaden.com\/shop\/wp-content\/uploads\/2025\/04\/dachzeltnomaden-dachzelt-zubehoer-ordnung-frnk-tischstaubsauger-hand-w2d2-300x300.webp",300,300,true],"medium_large":["https:\/\/dachzeltnomaden.com\/shop\/wp-content\/uploads\/2025\/04\/dachzeltnomaden-dachzelt-zubehoer-ordnung-frnk-tischstaubsauger-hand-w2d2.webp",720,720,false],"large":["https:\/\/dachzeltnomaden.com\/shop\/wp-content\/uploads\/2025\/04\/dachzeltnomaden-dachzelt-zubehoer-ordnung-frnk-tischstaubsauger-hand-w2d2.webp",512,512,false],"1536x1536":["https:\/\/dachzeltnomaden.com\/shop\/wp-content\/uploads\/2025\/04\/dachzeltnomaden-dachzelt-zubehoer-ordnung-frnk-tischstaubsauger-hand-w2d2.webp",720,720,false],"2048x2048":["https:\/\/dachzeltnomaden.com\/shop\/wp-content\/uploads\/2025\/04\/dachzeltnomaden-dachzelt-zubehoer-ordnung-frnk-tischstaubsauger-hand-w2d2.webp",720,720,false],"woocommerce_thumbnail":["https:\/\/dachzeltnomaden.com\/shop\/wp-content\/uploads\/2025\/04\/dachzeltnomaden-dachzelt-zubehoer-ordnung-frnk-tischstaubsauger-hand-w2d2-600x600.webp",600,600,true],"woocommerce_single":["https:\/\/dachzeltnomaden.com\/shop\/wp-content\/uploads\/2025\/04\/dachzeltnomaden-dachzelt-zubehoer-ordnung-frnk-tischstaubsauger-hand-w2d2.webp",720,720,false],"woocommerce_gallery_thumbnail":["https:\/\/dachzeltnomaden.com\/shop\/wp-content\/uploads\/2025\/04\/dachzeltnomaden-dachzelt-zubehoer-ordnung-frnk-tischstaubsauger-hand-w2d2-100x100.webp",100,100,true]},"uagb_author_info":{"display_name":"Jasmine","author_link":"https:\/\/dachzeltnomaden.com\/shop\/author\/"},"uagb_comment_info":0,"uagb_excerpt":"WERBUNG Du suchst noch nach einen kleine Tischstaubsauger f\u00fcr unterwegs? Wie w\u00e4re es mit einem von FRNK! *Die Links sind [&hellip;]","_links":{"self":[{"href":"https:\/\/dachzeltnomaden.com\/shop\/wp-json\/wp\/v2\/product\/131592","targetHints":{"allow":["GET"]}}],"collection":[{"href":"https:\/\/dachzeltnomaden.com\/shop\/wp-json\/wp\/v2\/product"}],"about":[{"href":"https:\/\/dachzeltnomaden.com\/shop\/wp-json\/wp\/v2\/types\/product"}],"wp:featuredmedia":[{"embeddable":true,"href":"https:\/\/dachzeltnomaden.com\/shop\/wp-json\/wp\/v2\/media\/131598"}],"wp:attachment":[{"href":"https:\/\/dachzeltnomaden.com\/shop\/wp-json\/wp\/v2\/media?parent=131592"}],"wp:term":[{"taxonomy":"product_brand","embeddable":true,"href":"https:\/\/dachzeltnomaden.com\/shop\/wp-json\/wp\/v2\/product_brand?post=131592"},{"taxonomy":"product_cat","embeddable":true,"href":"https:\/\/dachzeltnomaden.com\/shop\/wp-json\/wp\/v2\/product_cat?post=131592"},{"taxonomy":"product_tag","embeddable":true,"href":"https:\/\/dachzeltnomaden.com\/shop\/wp-json\/wp\/v2\/product_tag?post=131592"}],"curies":[{"name":"wp","href":"https:\/\/api.w.org\/{rel}","templated":true}]}}