{"id":131576,"date":"2025-04-17T06:57:58","date_gmt":"2025-04-17T04:57:58","guid":{"rendered":"https:\/\/dachzeltnomaden.com\/shop\/?post_type=product&#038;p=131576"},"modified":"2025-10-17T10:17:34","modified_gmt":"2025-10-17T08:17:34","slug":"frnkwedo-bagtogo","status":"publish","type":"product","link":"https:\/\/dachzeltnomaden.com\/shop\/produkt\/frnkwedo-bagtogo\/","title":{"rendered":"FRNK<br>WEDO\u00ae BagToGo"},"content":{"rendered":"\n<div class=\"wp-block-uagb-container uagb-block-be52fc24 default uagb-is-root-container\">\n<div class=\"wp-block-uagb-advanced-heading uagb-block-233add0f\"><h6 class=\"uagb-heading-text\">WERBUNG<\/h6><\/div>\n\n\n\n<p class=\"has-ast-global-color-5-color has-ast-global-color-2-background-color has-text-color has-background has-link-color wp-elements-97b89fbdead9af5763bea04619f55a62\">Du suchst noch nach einen praktischen Tasche f\u00fcr unterwegs? Wie w\u00e4re es mit einer von FRNK!<br><br>*Die Links sind Affiliate Links. Wenn du dich f\u00fcr den Kauf eines WEDO\u00ae BagToGo entscheidest, erhalten die Dachzeltnomaden eine Provision. Damit unterst\u00fctzt du uns &amp; unsere Arbeit. F\u00fcr dich kostet das WEDO\u00ae BagToGo deshalb nicht mehr.<\/p>\n\n\n\n<div class=\"wp-block-uagb-advanced-heading uagb-block-b21af034\"><p class=\"uagb-desc-text\">Gross, kompakt und praktisch<\/p><h2 class=\"uagb-heading-text\">WEDO\u00ae BagToGo<\/h2><div class=\"uagb-separator\"><\/div><\/div>\n\n\n\n<p style=\"margin-bottom:0px\">Ob als faltbare Einkaufstasche, Handgep\u00e4ck oder Sporttasche \u2013 BAGTOGO passt gefaltet in jede Handtasche und entfaltet sich zu einem ger\u00e4umigen Allrounder f\u00fcr unterwegs! Erh\u00e4ltlich in brau, rot oder blau!<br><br>&#8220;<strong>H\u00e4tte ich doch mal eine gr\u00f6\u00dfere Tasche mitgenommen!<\/strong>&#8221;\u00a0Wer kennt das nicht?\u00a0<br>Man steht an der Kasse mit mehr Eink\u00e4ufen als geplant, der Koffer l\u00e4sst sich kaum noch schlie\u00dfen oder die Sporttasche im Fitnessstudio platzt fast aus allen N\u00e4hten. Und dann der Klassiker: die Wahl ist auf die kleine Handtasche gefallen, in die doch eigentlich nur das N\u00f6tigste passen sollte &#8211;\u00a0 Handy, Portemonnaie und vielleicht noch ein Lippenstift &#8211;\u00a0<em>Pustekuchen!<\/em>\u00a0Am Ende reicht der Platz vorne und hinten nicht.<br><br>Damit aus einem kurzen Moment der Frustration ein kleines Erfolgserlebnis wird, hat FRNK die <strong>BAGTOGO Falttasche <\/strong>entwickelt. Leicht, kompakt und immer griffbereit \u2013 perfekt als Notfalltasche, faltbare Einkaufstasche oder Handgep\u00e4ck-Tasche. <strong>Tipp: <\/strong>Die BAGTOGO ist auch f\u00fcr das Fitnessstudio eine clevere Alternative zur gro\u00dfen Sporttasche!<\/p>\n\n\n\n<ul class=\"wp-block-list\">\n<li>Verstellbare Tragegurte erm\u00f6glichen ein bequemes Tragen, egal ob \u00fcber der Schulter oder in der Hand.<\/li>\n\n\n\n<li>Separates Frontfach mit Rei\u00dfverschluss sorgt f\u00fcr schnellen Zugriff auf wichtige Dinge wie Schl\u00fcssel, Geldb\u00f6rse oder Reisedokumente.<\/li>\n\n\n\n<li>Integriertes Kofferband auf der R\u00fcckseite erm\u00f6glicht eine m\u00fchelose Befestigung am Trolley oder Koffer \u2013 perfekt f\u00fcr Reisen.<\/li>\n\n\n\n<li>Praktische Aufh\u00e4ngschlaufe f\u00fcr flexible Nutzung \u2013 sei es im Fitnessstudio, beim Einkaufen oder auf Reisen.<\/li>\n<\/ul>\n<\/div>\n\n\n\n<div class=\"wp-block-uagb-container uagb-block-ae00b476 default uagb-is-root-container\">\n<div class=\"wp-block-uagb-container uagb-block-3d544ad6\">\n<figure class=\"wp-block-gallery has-nested-images columns-2 is-cropped wp-block-gallery-1 is-layout-flex wp-block-gallery-is-layout-flex\">\n<figure class=\"wp-block-image alignright size-full has-custom-border is-style-default\"><img decoding=\"async\" width=\"720\" height=\"720\" data-id=\"131583\" src=\"https:\/\/dachzeltnomaden.com\/shop\/wp-content\/uploads\/2025\/04\/Dachzeltnomaden-dachzelt-zubehoer-aufbewahrung-ordnung-frnk-WEDO\u00ae-BagToGo_Tasche.webp\" alt=\"FRNK Falttasche WEDO\u00ae BagToGo kaufen\" class=\"wp-image-131583\" style=\"border-radius:10px\" srcset=\"https:\/\/dachzeltnomaden.com\/shop\/wp-content\/uploads\/2025\/04\/Dachzeltnomaden-dachzelt-zubehoer-aufbewahrung-ordnung-frnk-WEDO\u00ae-BagToGo_Tasche.webp 720w, https:\/\/dachzeltnomaden.com\/shop\/wp-content\/uploads\/2025\/04\/Dachzeltnomaden-dachzelt-zubehoer-aufbewahrung-ordnung-frnk-WEDO\u00ae-BagToGo_Tasche-300x300.webp 300w, https:\/\/dachzeltnomaden.com\/shop\/wp-content\/uploads\/2025\/04\/Dachzeltnomaden-dachzelt-zubehoer-aufbewahrung-ordnung-frnk-WEDO\u00ae-BagToGo_Tasche-600x600.webp 600w, https:\/\/dachzeltnomaden.com\/shop\/wp-content\/uploads\/2025\/04\/Dachzeltnomaden-dachzelt-zubehoer-aufbewahrung-ordnung-frnk-WEDO\u00ae-BagToGo_Tasche-100x100.webp 100w\" sizes=\"(max-width: 720px) 100vw, 720px\" \/><\/figure>\n\n\n\n<figure class=\"wp-block-image size-full has-custom-border\"><img decoding=\"async\" width=\"720\" height=\"720\" data-id=\"131578\" src=\"https:\/\/dachzeltnomaden.com\/shop\/wp-content\/uploads\/2025\/04\/Dachzeltnomaden-dachzelt-zubehoer-aufbewahrung-ordnung-frnk-WEDO\u00ae-BagToGo_Tasche_seitenansicht_rot.webp\" alt=\"FRNK Falttasche WEDO\u00ae BagToGo kaufen\" class=\"wp-image-131578\" style=\"border-radius:10px\" srcset=\"https:\/\/dachzeltnomaden.com\/shop\/wp-content\/uploads\/2025\/04\/Dachzeltnomaden-dachzelt-zubehoer-aufbewahrung-ordnung-frnk-WEDO\u00ae-BagToGo_Tasche_seitenansicht_rot.webp 720w, https:\/\/dachzeltnomaden.com\/shop\/wp-content\/uploads\/2025\/04\/Dachzeltnomaden-dachzelt-zubehoer-aufbewahrung-ordnung-frnk-WEDO\u00ae-BagToGo_Tasche_seitenansicht_rot-300x300.webp 300w, https:\/\/dachzeltnomaden.com\/shop\/wp-content\/uploads\/2025\/04\/Dachzeltnomaden-dachzelt-zubehoer-aufbewahrung-ordnung-frnk-WEDO\u00ae-BagToGo_Tasche_seitenansicht_rot-600x600.webp 600w, https:\/\/dachzeltnomaden.com\/shop\/wp-content\/uploads\/2025\/04\/Dachzeltnomaden-dachzelt-zubehoer-aufbewahrung-ordnung-frnk-WEDO\u00ae-BagToGo_Tasche_seitenansicht_rot-100x100.webp 100w\" sizes=\"(max-width: 720px) 100vw, 720px\" \/><\/figure>\n\n\n\n<figure class=\"wp-block-image size-full has-custom-border\"><img decoding=\"async\" width=\"540\" height=\"515\" data-id=\"131581\" src=\"https:\/\/dachzeltnomaden.com\/shop\/wp-content\/uploads\/2025\/04\/Dachzeltnomaden-dachzelt-zubehoer-aufbewahrung-ordnung-frnk-WEDO\u00ae-BagToGo_Tasche_zoom_reissverschluss_grau.webp\" alt=\"FRNK Falttasche WEDO\u00ae BagToGo kaufen\" class=\"wp-image-131581\" style=\"border-radius:10px\" srcset=\"https:\/\/dachzeltnomaden.com\/shop\/wp-content\/uploads\/2025\/04\/Dachzeltnomaden-dachzelt-zubehoer-aufbewahrung-ordnung-frnk-WEDO\u00ae-BagToGo_Tasche_zoom_reissverschluss_grau.webp 540w, https:\/\/dachzeltnomaden.com\/shop\/wp-content\/uploads\/2025\/04\/Dachzeltnomaden-dachzelt-zubehoer-aufbewahrung-ordnung-frnk-WEDO\u00ae-BagToGo_Tasche_zoom_reissverschluss_grau-300x286.webp 300w\" sizes=\"(max-width: 540px) 100vw, 540px\" \/><\/figure>\n\n\n\n<figure class=\"wp-block-image size-full has-custom-border\"><img decoding=\"async\" width=\"720\" height=\"720\" data-id=\"131580\" src=\"https:\/\/dachzeltnomaden.com\/shop\/wp-content\/uploads\/2025\/04\/Dachzeltnomaden-dachzelt-zubehoer-aufbewahrung-ordnung-frnk-WEDO\u00ae-BagToGo_falttascheasche_blau.webp\" alt=\"FRNK Falttasche WEDO\u00ae BagToGo kaufen\" class=\"wp-image-131580\" style=\"border-radius:10px\" srcset=\"https:\/\/dachzeltnomaden.com\/shop\/wp-content\/uploads\/2025\/04\/Dachzeltnomaden-dachzelt-zubehoer-aufbewahrung-ordnung-frnk-WEDO\u00ae-BagToGo_falttascheasche_blau.webp 720w, https:\/\/dachzeltnomaden.com\/shop\/wp-content\/uploads\/2025\/04\/Dachzeltnomaden-dachzelt-zubehoer-aufbewahrung-ordnung-frnk-WEDO\u00ae-BagToGo_falttascheasche_blau-300x300.webp 300w, https:\/\/dachzeltnomaden.com\/shop\/wp-content\/uploads\/2025\/04\/Dachzeltnomaden-dachzelt-zubehoer-aufbewahrung-ordnung-frnk-WEDO\u00ae-BagToGo_falttascheasche_blau-600x600.webp 600w, https:\/\/dachzeltnomaden.com\/shop\/wp-content\/uploads\/2025\/04\/Dachzeltnomaden-dachzelt-zubehoer-aufbewahrung-ordnung-frnk-WEDO\u00ae-BagToGo_falttascheasche_blau-100x100.webp 100w\" sizes=\"(max-width: 720px) 100vw, 720px\" \/><\/figure>\n<\/figure>\n<\/div>\n\n\n\n<div class=\"wp-block-uagb-container uagb-block-76ea1ad4\">\n<h4 class=\"wp-block-heading\" style=\"margin-top:0px;margin-bottom:0px\">Eigenschaften<\/h4>\n\n\n\n<ul class=\"wp-block-list\">\n<li><strong>Platzsparend und kompakt: <\/strong>Zusammengefaltet misst die BAGTOGO Falttasche nur 20 x 20 x 3 cm und passt damit problemlos in jede Handtasche oder ins Handgep\u00e4ck. Nach dem Entfalten wird die kompakte Aufbewahrungstasche zur praktischen Fronttasche mit Rei\u00dfverschluss, in der kleine Gegenst\u00e4nde sicher verstaut werden k\u00f6nnen.<\/li>\n\n\n\n<li><strong>Ger\u00e4umig und belastbar:<\/strong> Mit einer Gr\u00f6\u00dfe von 48 x 22 x 35 cm bietet die Tasche ausreichend Platz f\u00fcr Eink\u00e4ufe, Reisen, Fitness oder spontane Mitbringsel. Trotz ihres leichten Gewichts ist sie besonders strapazierf\u00e4hig und bleibt auch bei voller Beladung angenehm zu tragen.<\/li>\n\n\n\n<li><strong>Wetterfest und robust:<\/strong> Hergestellt aus 100 % wasserabweisendem, extra strapazierf\u00e4higem Nylon, sch\u00fctzt die Tasche den Inhalt zuverl\u00e4ssig vor N\u00e4sse und Schmutz. Die wassergesch\u00fctzten Rei\u00dfverschl\u00fcsse sorgen daf\u00fcr, dass Gegenst\u00e4nde sicher verstaut bleiben \u2013 egal ob beim Reisen, Sport oder im Alltag.<\/li>\n\n\n\n<li><strong>Materialien:<\/strong> 100% wasserabweisendes Nylon<\/li>\n\n\n\n<li><strong>Zusammengefaltet<\/strong>: 20 cm x 20 cm x 3 cm<\/li>\n\n\n\n<li><strong>Offen:\u00a0<\/strong>48 cm x 22 cm x 35 cm<\/li>\n<\/ul>\n\n\n\n<div class=\"wp-block-buttons is-layout-flex wp-block-buttons-is-layout-flex\">\n<div class=\"wp-block-button\"><a class=\"wp-block-button__link wp-element-button\" href=\"https:\/\/frnk-shop.de\/collections\/alle-produkte\/products\/wedo%C2%AE-bagtogo?ref=DACHZELTNOMADEN\" target=\"_blank\" rel=\"noreferrer noopener\">Zum WEDO\u00ae BagToGo<\/a><\/div>\n<\/div>\n<\/div>\n<\/div>\n\n\n\n<p><\/p>\n","protected":false},"excerpt":{"rendered":"<p>WERBUNG Du suchst noch nach einen praktischen Tasche f\u00fcr unterwegs? Wie w\u00e4re es mit einer von FRNK! *Die Links sind [&hellip;]<\/p>\n","protected":false},"featured_media":131577,"template":"","meta":{"_uag_custom_page_level_css":"","site-sidebar-layout":"default","site-content-layout":"","ast-site-content-layout":"default","site-content-style":"default","site-sidebar-style":"default","ast-global-header-display":"","ast-banner-title-visibility":"","ast-main-header-display":"","ast-hfb-above-header-display":"","ast-hfb-below-header-display":"","ast-hfb-mobile-header-display":"","site-post-title":"","ast-breadcrumbs-content":"","ast-featured-img":"","footer-sml-layout":"","ast-disable-related-posts":"","theme-transparent-header-meta":"","adv-header-id-meta":"","stick-header-meta":"","header-above-stick-meta":"","header-main-stick-meta":"","header-below-stick-meta":"","astra-migrate-meta-layouts":"default","ast-page-background-enabled":"default","ast-page-background-meta":{"desktop":{"background-color":"var(--ast-global-color-4)","background-image":"","background-repeat":"repeat","background-position":"center center","background-size":"auto","background-attachment":"scroll","background-type":"","background-media":"","overlay-type":"","overlay-color":"","overlay-opacity":"","overlay-gradient":""},"tablet":{"background-color":"","background-image":"","background-repeat":"repeat","background-position":"center center","background-size":"auto","background-attachment":"scroll","background-type":"","background-media":"","overlay-type":"","overlay-color":"","overlay-opacity":"","overlay-gradient":""},"mobile":{"background-color":"","background-image":"","background-repeat":"repeat","background-position":"center center","background-size":"auto","background-attachment":"scroll","background-type":"","background-media":"","overlay-type":"","overlay-color":"","overlay-opacity":"","overlay-gradient":""}},"ast-content-background-meta":{"desktop":{"background-color":"var(--ast-global-color-5)","background-image":"","background-repeat":"repeat","background-position":"center center","background-size":"auto","background-attachment":"scroll","background-type":"","background-media":"","overlay-type":"","overlay-color":"","overlay-opacity":"","overlay-gradient":""},"tablet":{"background-color":"var(--ast-global-color-5)","background-image":"","background-repeat":"repeat","background-position":"center center","background-size":"auto","background-attachment":"scroll","background-type":"","background-media":"","overlay-type":"","overlay-color":"","overlay-opacity":"","overlay-gradient":""},"mobile":{"background-color":"var(--ast-global-color-5)","background-image":"","background-repeat":"repeat","background-position":"center center","background-size":"auto","background-attachment":"scroll","background-type":"","background-media":"","overlay-type":"","overlay-color":"","overlay-opacity":"","overlay-gradient":""}},"_themeisle_gutenberg_block_has_review":false},"product_brand":[],"product_cat":[101,157,225],"product_tag":[262,263],"class_list":{"0":"post-131576","1":"product","2":"type-product","3":"status-publish","4":"has-post-thumbnail","6":"product_cat-zubehoer","7":"product_cat-outdoor-gadgets-sport","8":"product_cat-aufbewahrung-ordnung","9":"product_tag-falttasche","10":"product_tag-frnk-wedo-bagtogo","11":"desktop-align-left","12":"tablet-align-left","13":"mobile-align-left","14":"ast-product-gallery-layout-vertical-slider","15":"ast-product-tabs-layout-horizontal","17":"first","18":"instock","19":"taxable","20":"shipping-taxable","21":"purchasable","22":"product-type-external"},"exclude_global_add_ons":[],"addons":[],"uagb_featured_image_src":{"full":["https:\/\/dachzeltnomaden.com\/shop\/wp-content\/uploads\/2025\/04\/Dachzeltnomaden-dachzelt-zubehoer-aufbewahrung-ordnung-frnk-WEDO\u00ae-BagToGo_Tasche_blau.webp",720,720,false],"thumbnail":["https:\/\/dachzeltnomaden.com\/shop\/wp-content\/uploads\/2025\/04\/Dachzeltnomaden-dachzelt-zubehoer-aufbewahrung-ordnung-frnk-WEDO\u00ae-BagToGo_Tasche_blau-600x600.webp",600,600,true],"medium":["https:\/\/dachzeltnomaden.com\/shop\/wp-content\/uploads\/2025\/04\/Dachzeltnomaden-dachzelt-zubehoer-aufbewahrung-ordnung-frnk-WEDO\u00ae-BagToGo_Tasche_blau-300x300.webp",300,300,true],"medium_large":["https:\/\/dachzeltnomaden.com\/shop\/wp-content\/uploads\/2025\/04\/Dachzeltnomaden-dachzelt-zubehoer-aufbewahrung-ordnung-frnk-WEDO\u00ae-BagToGo_Tasche_blau.webp",720,720,false],"large":["https:\/\/dachzeltnomaden.com\/shop\/wp-content\/uploads\/2025\/04\/Dachzeltnomaden-dachzelt-zubehoer-aufbewahrung-ordnung-frnk-WEDO\u00ae-BagToGo_Tasche_blau.webp",512,512,false],"1536x1536":["https:\/\/dachzeltnomaden.com\/shop\/wp-content\/uploads\/2025\/04\/Dachzeltnomaden-dachzelt-zubehoer-aufbewahrung-ordnung-frnk-WEDO\u00ae-BagToGo_Tasche_blau.webp",720,720,false],"2048x2048":["https:\/\/dachzeltnomaden.com\/shop\/wp-content\/uploads\/2025\/04\/Dachzeltnomaden-dachzelt-zubehoer-aufbewahrung-ordnung-frnk-WEDO\u00ae-BagToGo_Tasche_blau.webp",720,720,false],"woocommerce_thumbnail":["https:\/\/dachzeltnomaden.com\/shop\/wp-content\/uploads\/2025\/04\/Dachzeltnomaden-dachzelt-zubehoer-aufbewahrung-ordnung-frnk-WEDO\u00ae-BagToGo_Tasche_blau-600x600.webp",600,600,true],"woocommerce_single":["https:\/\/dachzeltnomaden.com\/shop\/wp-content\/uploads\/2025\/04\/Dachzeltnomaden-dachzelt-zubehoer-aufbewahrung-ordnung-frnk-WEDO\u00ae-BagToGo_Tasche_blau.webp",720,720,false],"woocommerce_gallery_thumbnail":["https:\/\/dachzeltnomaden.com\/shop\/wp-content\/uploads\/2025\/04\/Dachzeltnomaden-dachzelt-zubehoer-aufbewahrung-ordnung-frnk-WEDO\u00ae-BagToGo_Tasche_blau-100x100.webp",100,100,true]},"uagb_author_info":{"display_name":"Jasmine","author_link":"https:\/\/dachzeltnomaden.com\/shop\/author\/"},"uagb_comment_info":0,"uagb_excerpt":"WERBUNG Du suchst noch nach einen praktischen Tasche f\u00fcr unterwegs? Wie w\u00e4re es mit einer von FRNK! *Die Links sind [&hellip;]","_links":{"self":[{"href":"https:\/\/dachzeltnomaden.com\/shop\/wp-json\/wp\/v2\/product\/131576","targetHints":{"allow":["GET"]}}],"collection":[{"href":"https:\/\/dachzeltnomaden.com\/shop\/wp-json\/wp\/v2\/product"}],"about":[{"href":"https:\/\/dachzeltnomaden.com\/shop\/wp-json\/wp\/v2\/types\/product"}],"wp:featuredmedia":[{"embeddable":true,"href":"https:\/\/dachzeltnomaden.com\/shop\/wp-json\/wp\/v2\/media\/131577"}],"wp:attachment":[{"href":"https:\/\/dachzeltnomaden.com\/shop\/wp-json\/wp\/v2\/media?parent=131576"}],"wp:term":[{"taxonomy":"product_brand","embeddable":true,"href":"https:\/\/dachzeltnomaden.com\/shop\/wp-json\/wp\/v2\/product_brand?post=131576"},{"taxonomy":"product_cat","embeddable":true,"href":"https:\/\/dachzeltnomaden.com\/shop\/wp-json\/wp\/v2\/product_cat?post=131576"},{"taxonomy":"product_tag","embeddable":true,"href":"https:\/\/dachzeltnomaden.com\/shop\/wp-json\/wp\/v2\/product_tag?post=131576"}],"curies":[{"name":"wp","href":"https:\/\/api.w.org\/{rel}","templated":true}]}}