{"id":131567,"date":"2025-04-17T06:22:06","date_gmt":"2025-04-17T04:22:06","guid":{"rendered":"https:\/\/dachzeltnomaden.com\/shop\/?post_type=product&#038;p=131567"},"modified":"2025-10-17T10:17:34","modified_gmt":"2025-10-17T08:17:34","slug":"frnkwedo-packtogo","status":"publish","type":"product","link":"https:\/\/dachzeltnomaden.com\/shop\/produkt\/frnkwedo-packtogo\/","title":{"rendered":"FRNK<br>WEDO\u00ae PackToGo"},"content":{"rendered":"\n<div class=\"wp-block-uagb-container uagb-block-be52fc24 default uagb-is-root-container\">\n<div class=\"wp-block-uagb-advanced-heading uagb-block-233add0f\"><h6 class=\"uagb-heading-text\">WERBUNG<\/h6><\/div>\n\n\n\n<p class=\"has-ast-global-color-5-color has-ast-global-color-2-background-color has-text-color has-background has-link-color wp-elements-73f6e770b43c73d5bd8ece39cee7a5b2\">Du suchst noch nach einen praktischen Rucksack f\u00fcr unterwegs? Wie w\u00e4re es mit einem von FRNK!<br><br>*Die Links sind Affiliate Links. Wenn du dich f\u00fcr den Kauf eines WEDO\u00ae PackToGo entscheidest, erhalten die Dachzeltnomaden eine Provision. Damit unterst\u00fctzt du uns &amp; unsere Arbeit. F\u00fcr dich kostet das WEDO\u00ae PackToGo deshalb nicht mehr.<\/p>\n\n\n\n<div class=\"wp-block-uagb-advanced-heading uagb-block-b21af034\"><p class=\"uagb-desc-text\">Geschultert und los!<\/p><h2 class=\"uagb-heading-text\">WEDO\u00ae PackToGo<\/h2><div class=\"uagb-separator\"><\/div><\/div>\n\n\n\n<p style=\"margin-bottom:0px\">Kompakt, leicht und wetterfest: Der PACKTOGO passt gefaltet in jede Tasche und entfaltet sich zu einem ger\u00e4umigen gro\u00dfen Rucksack. Ideal f\u00fcr Reisen, Shopping und spontane Abenteuer!<br>Erh\u00e4ltlich in drei Farben: blau, grau oder rot.<\/p>\n\n\n\n<ul class=\"wp-block-list\">\n<li>Verstellbare gepolsterte Trageriemen f\u00fcr maximalen Komfort<\/li>\n\n\n\n<li>Separates Frontfach mit Rei\u00dfverschluss f\u00fcr schnellen Zugriff<\/li>\n\n\n\n<li>Seitliche Netzeins\u00e4tze f\u00fcr Wasserflaschen oder kleine Utensilien<\/li>\n\n\n\n<li>Kofferband auf der R\u00fcckseite f\u00fcr die einfache Befestigung am Trolley\/ Koffer<\/li>\n\n\n\n<li>Aufh\u00e4ngschlaufe f\u00fcr flexible Nutzung &#8211; ideal f\u00fcr Camping, Festival, oder St\u00e4dtetrips<\/li>\n<\/ul>\n<\/div>\n\n\n\n<div class=\"wp-block-uagb-container uagb-block-ae00b476 default uagb-is-root-container\">\n<div class=\"wp-block-uagb-container uagb-block-3d544ad6\">\n<figure class=\"wp-block-gallery has-nested-images columns-2 is-cropped wp-block-gallery-1 is-layout-flex wp-block-gallery-is-layout-flex\">\n<figure class=\"wp-block-image alignright size-full has-custom-border is-style-default\"><img decoding=\"async\" width=\"720\" height=\"777\" data-id=\"131573\" src=\"https:\/\/dachzeltnomaden.com\/shop\/wp-content\/uploads\/2025\/04\/Dachzeltnomaden-dachzelt-zubehoer-aufbewahrung-frnk-wedo-pack-to-go-panorama_frau.webp\" alt=\"FRNK WEDO\u00ae PackToGo Rucksack zusammenfaltbar kaufen\" class=\"wp-image-131573\" style=\"border-radius:10px\" srcset=\"https:\/\/dachzeltnomaden.com\/shop\/wp-content\/uploads\/2025\/04\/Dachzeltnomaden-dachzelt-zubehoer-aufbewahrung-frnk-wedo-pack-to-go-panorama_frau.webp 720w, https:\/\/dachzeltnomaden.com\/shop\/wp-content\/uploads\/2025\/04\/Dachzeltnomaden-dachzelt-zubehoer-aufbewahrung-frnk-wedo-pack-to-go-panorama_frau-278x300.webp 278w\" sizes=\"(max-width: 720px) 100vw, 720px\" \/><\/figure>\n\n\n\n<figure class=\"wp-block-image size-full has-custom-border\"><img decoding=\"async\" width=\"540\" height=\"540\" data-id=\"131575\" src=\"https:\/\/dachzeltnomaden.com\/shop\/wp-content\/uploads\/2025\/04\/Dachzeltnomaden-dachzelt-zubehoer-aufbewahrung-frnk-wedo-pack-to-go-grau-frontansicht.webp\" alt=\"FRNK WEDO\u00ae PackToGo Rucksack zusammenfaltbar kaufen\" class=\"wp-image-131575\" style=\"border-radius:10px\" srcset=\"https:\/\/dachzeltnomaden.com\/shop\/wp-content\/uploads\/2025\/04\/Dachzeltnomaden-dachzelt-zubehoer-aufbewahrung-frnk-wedo-pack-to-go-grau-frontansicht.webp 540w, https:\/\/dachzeltnomaden.com\/shop\/wp-content\/uploads\/2025\/04\/Dachzeltnomaden-dachzelt-zubehoer-aufbewahrung-frnk-wedo-pack-to-go-grau-frontansicht-300x300.webp 300w, https:\/\/dachzeltnomaden.com\/shop\/wp-content\/uploads\/2025\/04\/Dachzeltnomaden-dachzelt-zubehoer-aufbewahrung-frnk-wedo-pack-to-go-grau-frontansicht-100x100.webp 100w\" sizes=\"(max-width: 540px) 100vw, 540px\" \/><\/figure>\n\n\n\n<figure class=\"wp-block-image size-full has-custom-border\"><img decoding=\"async\" width=\"540\" height=\"540\" data-id=\"131569\" src=\"https:\/\/dachzeltnomaden.com\/shop\/wp-content\/uploads\/2025\/04\/Dachzeltnomaden-dachzelt-zubehoer-aufbewahrung-frnk-wedo-pack-to-go-rot_geoeffnet.webp\" alt=\"FRNK WEDO\u00ae PackToGo Rucksack zusammenfaltbar kaufen\" class=\"wp-image-131569\" style=\"border-radius:10px\" srcset=\"https:\/\/dachzeltnomaden.com\/shop\/wp-content\/uploads\/2025\/04\/Dachzeltnomaden-dachzelt-zubehoer-aufbewahrung-frnk-wedo-pack-to-go-rot_geoeffnet.webp 540w, https:\/\/dachzeltnomaden.com\/shop\/wp-content\/uploads\/2025\/04\/Dachzeltnomaden-dachzelt-zubehoer-aufbewahrung-frnk-wedo-pack-to-go-rot_geoeffnet-300x300.webp 300w, https:\/\/dachzeltnomaden.com\/shop\/wp-content\/uploads\/2025\/04\/Dachzeltnomaden-dachzelt-zubehoer-aufbewahrung-frnk-wedo-pack-to-go-rot_geoeffnet-100x100.webp 100w\" sizes=\"(max-width: 540px) 100vw, 540px\" \/><\/figure>\n\n\n\n<figure class=\"wp-block-image size-full has-custom-border\"><img decoding=\"async\" width=\"540\" height=\"540\" data-id=\"131570\" src=\"https:\/\/dachzeltnomaden.com\/shop\/wp-content\/uploads\/2025\/04\/Dachzeltnomaden-dachzelt-zubehoer-aufbewahrung-frnk-wedo-pack-to-go-rot_seitenansicht.webp\" alt=\"FRNK WEDO\u00ae PackToGo Rucksack zusammenfaltbar kaufen\" class=\"wp-image-131570\" style=\"border-radius:10px\" srcset=\"https:\/\/dachzeltnomaden.com\/shop\/wp-content\/uploads\/2025\/04\/Dachzeltnomaden-dachzelt-zubehoer-aufbewahrung-frnk-wedo-pack-to-go-rot_seitenansicht.webp 540w, https:\/\/dachzeltnomaden.com\/shop\/wp-content\/uploads\/2025\/04\/Dachzeltnomaden-dachzelt-zubehoer-aufbewahrung-frnk-wedo-pack-to-go-rot_seitenansicht-300x300.webp 300w, https:\/\/dachzeltnomaden.com\/shop\/wp-content\/uploads\/2025\/04\/Dachzeltnomaden-dachzelt-zubehoer-aufbewahrung-frnk-wedo-pack-to-go-rot_seitenansicht-100x100.webp 100w\" sizes=\"(max-width: 540px) 100vw, 540px\" \/><\/figure>\n<\/figure>\n<\/div>\n\n\n\n<div class=\"wp-block-uagb-container uagb-block-76ea1ad4\">\n<h4 class=\"wp-block-heading\" style=\"margin-top:0px;margin-bottom:0px\">Features<\/h4>\n\n\n\n<ul class=\"wp-block-list\">\n<li><strong>Platzsparend:<\/strong> Zusammengefaltet auf nur 20 x 20 x 3 cm passt der leichte Rucksack in jede Handtasche \u2013 nach dem Entfalten wird die Aufbewahrungstasche zur praktischen Innentasche mit Rei\u00dfverschluss.<\/li>\n\n\n\n<li><strong>Ger\u00e4umig und belastbar:<\/strong> Einmal entfaltet, bietet er mit 36 x 20 x 44 cm ausreichend Stauraum f\u00fcr Eink\u00e4ufe, Tagesausfl\u00fcge oder spontane Abenteuer \u2013 und bleibt dabei angenehm zu tragen.<\/li>\n\n\n\n<li><strong>Wetterfest und robust:<\/strong> Hergestellt aus 100 % wasserabweisendem, extra strapazierf\u00e4higem Nylon, mit wassergesch\u00fctzten Rei\u00dfverschl\u00fcssen, h\u00e4lt er Wind und Wetter stand.<\/li>\n<\/ul>\n\n\n\n<div class=\"wp-block-buttons is-layout-flex wp-block-buttons-is-layout-flex\">\n<div class=\"wp-block-button\"><a class=\"wp-block-button__link wp-element-button\" href=\"https:\/\/frnk-shop.de\/collections\/alle-produkte\/products\/wedo%C2%AE-pack-to-go?ref=DACHZELTNOMADEN\" target=\"_blank\" rel=\"noreferrer noopener\">Zum WEDO\u00ae PackToGo<\/a><\/div>\n<\/div>\n<\/div>\n<\/div>\n\n\n\n<p><\/p>\n","protected":false},"excerpt":{"rendered":"<p>WERBUNG Du suchst noch nach einen praktischen Rucksack f\u00fcr unterwegs? Wie w\u00e4re es mit einem von FRNK! *Die Links sind [&hellip;]<\/p>\n","protected":false},"featured_media":131568,"template":"","meta":{"_uag_custom_page_level_css":"","site-sidebar-layout":"default","site-content-layout":"","ast-site-content-layout":"default","site-content-style":"default","site-sidebar-style":"default","ast-global-header-display":"","ast-banner-title-visibility":"","ast-main-header-display":"","ast-hfb-above-header-display":"","ast-hfb-below-header-display":"","ast-hfb-mobile-header-display":"","site-post-title":"","ast-breadcrumbs-content":"","ast-featured-img":"","footer-sml-layout":"","ast-disable-related-posts":"","theme-transparent-header-meta":"","adv-header-id-meta":"","stick-header-meta":"","header-above-stick-meta":"","header-main-stick-meta":"","header-below-stick-meta":"","astra-migrate-meta-layouts":"default","ast-page-background-enabled":"default","ast-page-background-meta":{"desktop":{"background-color":"var(--ast-global-color-4)","background-image":"","background-repeat":"repeat","background-position":"center center","background-size":"auto","background-attachment":"scroll","background-type":"","background-media":"","overlay-type":"","overlay-color":"","overlay-opacity":"","overlay-gradient":""},"tablet":{"background-color":"","background-image":"","background-repeat":"repeat","background-position":"center center","background-size":"auto","background-attachment":"scroll","background-type":"","background-media":"","overlay-type":"","overlay-color":"","overlay-opacity":"","overlay-gradient":""},"mobile":{"background-color":"","background-image":"","background-repeat":"repeat","background-position":"center center","background-size":"auto","background-attachment":"scroll","background-type":"","background-media":"","overlay-type":"","overlay-color":"","overlay-opacity":"","overlay-gradient":""}},"ast-content-background-meta":{"desktop":{"background-color":"var(--ast-global-color-5)","background-image":"","background-repeat":"repeat","background-position":"center center","background-size":"auto","background-attachment":"scroll","background-type":"","background-media":"","overlay-type":"","overlay-color":"","overlay-opacity":"","overlay-gradient":""},"tablet":{"background-color":"var(--ast-global-color-5)","background-image":"","background-repeat":"repeat","background-position":"center center","background-size":"auto","background-attachment":"scroll","background-type":"","background-media":"","overlay-type":"","overlay-color":"","overlay-opacity":"","overlay-gradient":""},"mobile":{"background-color":"var(--ast-global-color-5)","background-image":"","background-repeat":"repeat","background-position":"center center","background-size":"auto","background-attachment":"scroll","background-type":"","background-media":"","overlay-type":"","overlay-color":"","overlay-opacity":"","overlay-gradient":""}},"_themeisle_gutenberg_block_has_review":false},"product_brand":[],"product_cat":[101,157,225],"product_tag":[260,261],"class_list":{"0":"post-131567","1":"product","2":"type-product","3":"status-publish","4":"has-post-thumbnail","6":"product_cat-zubehoer","7":"product_cat-outdoor-gadgets-sport","8":"product_cat-aufbewahrung-ordnung","9":"product_tag-frnk-frnk-wedo-packtogo","10":"product_tag-faltbarer-rucksack","11":"desktop-align-left","12":"tablet-align-left","13":"mobile-align-left","14":"ast-product-gallery-layout-vertical-slider","15":"ast-product-tabs-layout-horizontal","17":"first","18":"instock","19":"taxable","20":"shipping-taxable","21":"purchasable","22":"product-type-external"},"exclude_global_add_ons":[],"addons":[],"uagb_featured_image_src":{"full":["https:\/\/dachzeltnomaden.com\/shop\/wp-content\/uploads\/2025\/04\/Dachzeltnomaden-dachzelt-zubehoer-aufbewahrung-frnk-wedo-pack-to-go-panorama.webp",720,720,false],"thumbnail":["https:\/\/dachzeltnomaden.com\/shop\/wp-content\/uploads\/2025\/04\/Dachzeltnomaden-dachzelt-zubehoer-aufbewahrung-frnk-wedo-pack-to-go-panorama-600x600.webp",600,600,true],"medium":["https:\/\/dachzeltnomaden.com\/shop\/wp-content\/uploads\/2025\/04\/Dachzeltnomaden-dachzelt-zubehoer-aufbewahrung-frnk-wedo-pack-to-go-panorama-300x300.webp",300,300,true],"medium_large":["https:\/\/dachzeltnomaden.com\/shop\/wp-content\/uploads\/2025\/04\/Dachzeltnomaden-dachzelt-zubehoer-aufbewahrung-frnk-wedo-pack-to-go-panorama.webp",720,720,false],"large":["https:\/\/dachzeltnomaden.com\/shop\/wp-content\/uploads\/2025\/04\/Dachzeltnomaden-dachzelt-zubehoer-aufbewahrung-frnk-wedo-pack-to-go-panorama.webp",512,512,false],"1536x1536":["https:\/\/dachzeltnomaden.com\/shop\/wp-content\/uploads\/2025\/04\/Dachzeltnomaden-dachzelt-zubehoer-aufbewahrung-frnk-wedo-pack-to-go-panorama.webp",720,720,false],"2048x2048":["https:\/\/dachzeltnomaden.com\/shop\/wp-content\/uploads\/2025\/04\/Dachzeltnomaden-dachzelt-zubehoer-aufbewahrung-frnk-wedo-pack-to-go-panorama.webp",720,720,false],"woocommerce_thumbnail":["https:\/\/dachzeltnomaden.com\/shop\/wp-content\/uploads\/2025\/04\/Dachzeltnomaden-dachzelt-zubehoer-aufbewahrung-frnk-wedo-pack-to-go-panorama-600x600.webp",600,600,true],"woocommerce_single":["https:\/\/dachzeltnomaden.com\/shop\/wp-content\/uploads\/2025\/04\/Dachzeltnomaden-dachzelt-zubehoer-aufbewahrung-frnk-wedo-pack-to-go-panorama.webp",720,720,false],"woocommerce_gallery_thumbnail":["https:\/\/dachzeltnomaden.com\/shop\/wp-content\/uploads\/2025\/04\/Dachzeltnomaden-dachzelt-zubehoer-aufbewahrung-frnk-wedo-pack-to-go-panorama-100x100.webp",100,100,true]},"uagb_author_info":{"display_name":"Jasmine","author_link":"https:\/\/dachzeltnomaden.com\/shop\/author\/"},"uagb_comment_info":0,"uagb_excerpt":"WERBUNG Du suchst noch nach einen praktischen Rucksack f\u00fcr unterwegs? Wie w\u00e4re es mit einem von FRNK! *Die Links sind [&hellip;]","_links":{"self":[{"href":"https:\/\/dachzeltnomaden.com\/shop\/wp-json\/wp\/v2\/product\/131567","targetHints":{"allow":["GET"]}}],"collection":[{"href":"https:\/\/dachzeltnomaden.com\/shop\/wp-json\/wp\/v2\/product"}],"about":[{"href":"https:\/\/dachzeltnomaden.com\/shop\/wp-json\/wp\/v2\/types\/product"}],"wp:featuredmedia":[{"embeddable":true,"href":"https:\/\/dachzeltnomaden.com\/shop\/wp-json\/wp\/v2\/media\/131568"}],"wp:attachment":[{"href":"https:\/\/dachzeltnomaden.com\/shop\/wp-json\/wp\/v2\/media?parent=131567"}],"wp:term":[{"taxonomy":"product_brand","embeddable":true,"href":"https:\/\/dachzeltnomaden.com\/shop\/wp-json\/wp\/v2\/product_brand?post=131567"},{"taxonomy":"product_cat","embeddable":true,"href":"https:\/\/dachzeltnomaden.com\/shop\/wp-json\/wp\/v2\/product_cat?post=131567"},{"taxonomy":"product_tag","embeddable":true,"href":"https:\/\/dachzeltnomaden.com\/shop\/wp-json\/wp\/v2\/product_tag?post=131567"}],"curies":[{"name":"wp","href":"https:\/\/api.w.org\/{rel}","templated":true}]}}