{"id":131492,"date":"2025-04-09T04:58:12","date_gmt":"2025-04-09T02:58:12","guid":{"rendered":"https:\/\/dachzeltnomaden.com\/shop\/?post_type=product&#038;p=131492"},"modified":"2025-10-17T10:17:33","modified_gmt":"2025-10-17T08:17:33","slug":"gordigeardachtraeger","status":"publish","type":"product","link":"https:\/\/dachzeltnomaden.com\/shop\/produkt\/gordigeardachtraeger\/","title":{"rendered":"Gordigear<br>Dachtr\u00e4ger"},"content":{"rendered":"\n<div class=\"wp-block-uagb-container uagb-block-be52fc24 default uagb-is-root-container\">\n<div class=\"wp-block-uagb-advanced-heading uagb-block-233add0f\"><h6 class=\"uagb-heading-text\">WERBUNG<\/h6><\/div>\n\n\n\n<p class=\"has-ast-global-color-5-color has-ast-global-color-2-background-color has-text-color has-background has-link-color wp-elements-a421b490330c108dd616614f34050b79\">Du suchst noch nach eine Dachtr\u00e4ger f\u00fcr dein Alu Dachzelt? Wie w\u00e4re es mit einer von Gordigear!<br><br>*Die Links sind Affiliate Links. Wenn du dich f\u00fcr den Kauf eines Gordigear Dachtr\u00e4gers entscheidest, erhalten die Dachzeltnomaden eine Provision. Damit unterst\u00fctzt du uns &amp; unsere Arbeit. F\u00fcr dich kostet der Grodigear Dachtr\u00e4ger deshalb nicht mehr.<\/p>\n\n\n\n<div class=\"wp-block-uagb-advanced-heading uagb-block-b21af034\"><p class=\"uagb-desc-text\">Noch mehr Platz auf dem Dach<\/p><h2 class=\"uagb-heading-text\">Dachtr\u00e4ger<\/h2><div class=\"uagb-separator\"><\/div><\/div>\n\n\n\n<p style=\"margin-bottom:0px\">Gordigear hat f\u00fcr seine Alu Dachzelte Hapuku, Mulloway und Mahi-Mahi sowie f\u00fcr sein Alu-Hybriddachzelt Bonito optionale Quertr\u00e4ger f\u00fcr die Alu-Hartschale im Sortiment. Somit kannst du auf die Alu-Hartschale noch einiges an zus\u00e4tzlichem Gep\u00e4ck packen.<\/p>\n\n\n\n<p style=\"margin-bottom:0px\">Diese Gordigear Dachtr\u00e4ger sind erh\u00e4ltlich:<\/p>\n<\/div>\n\n\n\n<div class=\"wp-block-uagb-container uagb-block-cdf3a634 default uagb-is-root-container\">\n<div class=\"wp-block-uagb-advanced-heading uagb-block-0d6231af\"><h3 class=\"uagb-heading-text\">Alu Hartschalendachzelt Dachtr\u00e4ger<\/h3><\/div>\n\n\n\n<div class=\"wp-block-uagb-container uagb-block-913b1664\">\n<div class=\"wp-block-uagb-container uagb-block-9cadf054\">\n<h4 class=\"wp-block-heading\" style=\"margin-top:0px;margin-bottom:0px\">Dachtr\u00e4ger f\u00fcr Mulloway<\/h4>\n\n\n\n<div class=\"wp-block-buttons is-layout-flex wp-block-buttons-is-layout-flex\">\n<div class=\"wp-block-button\"><a class=\"wp-block-button__link wp-element-button\" href=\"https:\/\/www.gordigear.com\/products\/mulloway-dachtrager-1?variant=49640759591246?ref=DACHZELTNOMADEN\" target=\"_blank\" rel=\"noreferrer noopener\">Zum Dachtr\u00e4ger f\u00fcr Mulloway<\/a><\/div>\n<\/div>\n\n\n\n<h4 class=\"wp-block-heading\" style=\"margin-top:0px;margin-bottom:0px\">Dachtr\u00e4ger f\u00fcr Mahi-Mahi<\/h4>\n\n\n\n<div class=\"wp-block-buttons is-layout-flex wp-block-buttons-is-layout-flex\">\n<div class=\"wp-block-button\"><a class=\"wp-block-button__link wp-element-button\" href=\"https:\/\/www.gordigear.com\/products\/mahi-mahi-dachtrager-1?ref=DACHZELTNOMADEN\" target=\"_blank\" rel=\"noreferrer noopener\">Zum Dachtr\u00e4ger f\u00fcr Mahi-Mahi<\/a><\/div>\n<\/div>\n\n\n\n<h4 class=\"wp-block-heading\" style=\"margin-top:0px;margin-bottom:0px\">Dachtr\u00e4ger f\u00fcr Hapuku<\/h4>\n\n\n\n<div class=\"wp-block-buttons is-layout-flex wp-block-buttons-is-layout-flex\">\n<div class=\"wp-block-button\"><a class=\"wp-block-button__link wp-element-button\" href=\"https:\/\/www.gordigear.com\/products\/hapuku-dachtrager?ref=DACHZELTNOMADEN\" target=\"_blank\" rel=\"noreferrer noopener\">Zum Dachtr\u00e4ger f\u00fcr Hapuku<\/a><\/div>\n<\/div>\n<\/div>\n\n\n\n<div class=\"wp-block-uagb-container uagb-block-50b42cfe\">\n<figure class=\"wp-block-gallery has-nested-images columns-2 is-cropped wp-block-gallery-1 is-layout-flex wp-block-gallery-is-layout-flex\">\n<figure class=\"wp-block-image alignright size-full has-custom-border is-style-default\"><img decoding=\"async\" width=\"750\" height=\"475\" data-id=\"131493\" src=\"https:\/\/dachzeltnomaden.com\/shop\/wp-content\/uploads\/2025\/04\/dachzeltnomaden-dachzelt-zubehoer-racks-gordigear-dachtraeger-mahi-mahi_hartschalenzelt-toyota.webp\" alt=\"gordigear dachtraeger f\u00fcr alu dachzelt mahi-mahi kaufen\" class=\"wp-image-131493\" style=\"border-radius:10px\" srcset=\"https:\/\/dachzeltnomaden.com\/shop\/wp-content\/uploads\/2025\/04\/dachzeltnomaden-dachzelt-zubehoer-racks-gordigear-dachtraeger-mahi-mahi_hartschalenzelt-toyota.webp 750w, https:\/\/dachzeltnomaden.com\/shop\/wp-content\/uploads\/2025\/04\/dachzeltnomaden-dachzelt-zubehoer-racks-gordigear-dachtraeger-mahi-mahi_hartschalenzelt-toyota-300x190.webp 300w\" sizes=\"(max-width: 750px) 100vw, 750px\" \/><\/figure>\n\n\n\n<figure class=\"wp-block-image size-full has-custom-border\"><img decoding=\"async\" width=\"600\" height=\"360\" data-id=\"131494\" src=\"https:\/\/dachzeltnomaden.com\/shop\/wp-content\/uploads\/2025\/04\/dachzeltnomaden-dachzelt-zubehoer-racks-gordigear-dachtraeger-hartschalenzelt-mulloway.webp\" alt=\"gordigear dachtraeger kaufen\" class=\"wp-image-131494\" style=\"border-radius:10px\" srcset=\"https:\/\/dachzeltnomaden.com\/shop\/wp-content\/uploads\/2025\/04\/dachzeltnomaden-dachzelt-zubehoer-racks-gordigear-dachtraeger-hartschalenzelt-mulloway.webp 600w, https:\/\/dachzeltnomaden.com\/shop\/wp-content\/uploads\/2025\/04\/dachzeltnomaden-dachzelt-zubehoer-racks-gordigear-dachtraeger-hartschalenzelt-mulloway-300x180.webp 300w\" sizes=\"(max-width: 600px) 100vw, 600px\" \/><\/figure>\n\n\n\n<figure class=\"wp-block-image size-full has-custom-border\"><img decoding=\"async\" width=\"600\" height=\"401\" data-id=\"131495\" src=\"https:\/\/dachzeltnomaden.com\/shop\/wp-content\/uploads\/2025\/04\/dachzeltnomaden-dachzelt-zubehoer-racks-gordigear-dachtraeger-hartschalenzelt-mulloway-7_a396cd32-8d78-4289-80b7-3729f45d313d.webp\" alt=\"gordigear dachtraeger fuer mulloway kaufen\" class=\"wp-image-131495\" style=\"border-radius:10px\" srcset=\"https:\/\/dachzeltnomaden.com\/shop\/wp-content\/uploads\/2025\/04\/dachzeltnomaden-dachzelt-zubehoer-racks-gordigear-dachtraeger-hartschalenzelt-mulloway-7_a396cd32-8d78-4289-80b7-3729f45d313d.webp 600w, https:\/\/dachzeltnomaden.com\/shop\/wp-content\/uploads\/2025\/04\/dachzeltnomaden-dachzelt-zubehoer-racks-gordigear-dachtraeger-hartschalenzelt-mulloway-7_a396cd32-8d78-4289-80b7-3729f45d313d-300x201.webp 300w\" sizes=\"(max-width: 600px) 100vw, 600px\" \/><\/figure>\n\n\n\n<figure class=\"wp-block-image size-full has-custom-border\"><img decoding=\"async\" width=\"600\" height=\"338\" data-id=\"131496\" src=\"https:\/\/dachzeltnomaden.com\/shop\/wp-content\/uploads\/2025\/04\/dachzeltnomaden-dachzelt-zubehoer-racks-dachtraeger-hartschalenzelt-alu-hapuku-vw-6_a5544493-6e6f-4100-b9cc-3acf379bc092.webp\" alt=\"gordigear dachtraeger fuer alu hartschalendachzelt hapuku kaufen\" class=\"wp-image-131496\" style=\"border-radius:10px\" srcset=\"https:\/\/dachzeltnomaden.com\/shop\/wp-content\/uploads\/2025\/04\/dachzeltnomaden-dachzelt-zubehoer-racks-dachtraeger-hartschalenzelt-alu-hapuku-vw-6_a5544493-6e6f-4100-b9cc-3acf379bc092.webp 600w, https:\/\/dachzeltnomaden.com\/shop\/wp-content\/uploads\/2025\/04\/dachzeltnomaden-dachzelt-zubehoer-racks-dachtraeger-hartschalenzelt-alu-hapuku-vw-6_a5544493-6e6f-4100-b9cc-3acf379bc092-300x169.webp 300w\" sizes=\"(max-width: 600px) 100vw, 600px\" \/><\/figure>\n<\/figure>\n<\/div>\n<\/div>\n<\/div>\n\n\n\n<div class=\"wp-block-uagb-container uagb-block-e9db9bfc default uagb-is-root-container\">\n<div class=\"wp-block-uagb-advanced-heading uagb-block-91fe06ee\"><h3 class=\"uagb-heading-text\">Alu Hybriddachzelt Dachtr\u00e4ger<\/h3><\/div>\n\n\n\n<div class=\"wp-block-uagb-container uagb-block-2469a3b7\">\n<div class=\"wp-block-uagb-container uagb-block-e6d295c4\">\n<h4 class=\"wp-block-heading\" style=\"margin-top:0px;margin-bottom:0px\">Dachtr\u00e4ger f\u00fcr Bonito<\/h4>\n\n\n\n<div class=\"wp-block-buttons is-layout-flex wp-block-buttons-is-layout-flex\" style=\"margin-top:0px\">\n<div class=\"wp-block-button\"><a class=\"wp-block-button__link wp-element-button\" href=\"https:\/\/www.gordigear.com\/products\/bonito-dachtrager?ref=DACHZELTNOMADEN\" target=\"_blank\" rel=\"noreferrer noopener\">Zum Dachtr\u00e4ger f\u00fcr Bonito<\/a><\/div>\n<\/div>\n<\/div>\n\n\n\n<div class=\"wp-block-uagb-container uagb-block-4bdfbe0f\">\n<figure class=\"wp-block-gallery has-nested-images columns-2 is-cropped wp-block-gallery-2 is-layout-flex wp-block-gallery-is-layout-flex\">\n<figure class=\"wp-block-image size-full has-custom-border\"><img decoding=\"async\" width=\"600\" height=\"401\" data-id=\"131497\" src=\"https:\/\/dachzeltnomaden.com\/shop\/wp-content\/uploads\/2025\/04\/dachzeltnomaden-dachzelt-zubehoer-racks-gordigear-dachtraeger-bonito-alu-hybrid.webp\" alt=\"gordigear dachtraeger bonito alu hybrid kaufen\" class=\"wp-image-131497\" style=\"border-radius:10px\" srcset=\"https:\/\/dachzeltnomaden.com\/shop\/wp-content\/uploads\/2025\/04\/dachzeltnomaden-dachzelt-zubehoer-racks-gordigear-dachtraeger-bonito-alu-hybrid.webp 600w, https:\/\/dachzeltnomaden.com\/shop\/wp-content\/uploads\/2025\/04\/dachzeltnomaden-dachzelt-zubehoer-racks-gordigear-dachtraeger-bonito-alu-hybrid-300x201.webp 300w\" sizes=\"(max-width: 600px) 100vw, 600px\" \/><\/figure>\n\n\n\n<figure class=\"wp-block-image size-full has-custom-border\"><img decoding=\"async\" width=\"1100\" height=\"825\" data-id=\"130889\" src=\"https:\/\/dachzeltnomaden.com\/shop\/wp-content\/uploads\/2024\/12\/Dachzeltnomaden_Shop-Gordigear-Hybrid-Bonito.webp\" alt=\"Dachzeltnomaden Shop Dachzelt kaufen Gordigear Bonito\" class=\"wp-image-130889\" style=\"border-radius:10px\" srcset=\"https:\/\/dachzeltnomaden.com\/shop\/wp-content\/uploads\/2024\/12\/Dachzeltnomaden_Shop-Gordigear-Hybrid-Bonito.webp 1100w, https:\/\/dachzeltnomaden.com\/shop\/wp-content\/uploads\/2024\/12\/Dachzeltnomaden_Shop-Gordigear-Hybrid-Bonito-300x225.webp 300w, https:\/\/dachzeltnomaden.com\/shop\/wp-content\/uploads\/2024\/12\/Dachzeltnomaden_Shop-Gordigear-Hybrid-Bonito-1024x768.webp 1024w, https:\/\/dachzeltnomaden.com\/shop\/wp-content\/uploads\/2024\/12\/Dachzeltnomaden_Shop-Gordigear-Hybrid-Bonito-768x576.webp 768w\" sizes=\"(max-width: 1100px) 100vw, 1100px\" \/><\/figure>\n<\/figure>\n<\/div>\n<\/div>\n<\/div>\n","protected":false},"excerpt":{"rendered":"<p>WERBUNG Du suchst noch nach eine Dachtr\u00e4ger f\u00fcr dein Alu Dachzelt? Wie w\u00e4re es mit einer von Gordigear! *Die Links [&hellip;]<\/p>\n","protected":false},"featured_media":131493,"template":"","meta":{"_uag_custom_page_level_css":"","site-sidebar-layout":"default","site-content-layout":"","ast-site-content-layout":"default","site-content-style":"default","site-sidebar-style":"default","ast-global-header-display":"","ast-banner-title-visibility":"","ast-main-header-display":"","ast-hfb-above-header-display":"","ast-hfb-below-header-display":"","ast-hfb-mobile-header-display":"","site-post-title":"","ast-breadcrumbs-content":"","ast-featured-img":"","footer-sml-layout":"","ast-disable-related-posts":"","theme-transparent-header-meta":"","adv-header-id-meta":"","stick-header-meta":"","header-above-stick-meta":"","header-main-stick-meta":"","header-below-stick-meta":"","astra-migrate-meta-layouts":"default","ast-page-background-enabled":"default","ast-page-background-meta":{"desktop":{"background-color":"var(--ast-global-color-4)","background-image":"","background-repeat":"repeat","background-position":"center center","background-size":"auto","background-attachment":"scroll","background-type":"","background-media":"","overlay-type":"","overlay-color":"","overlay-opacity":"","overlay-gradient":""},"tablet":{"background-color":"","background-image":"","background-repeat":"repeat","background-position":"center center","background-size":"auto","background-attachment":"scroll","background-type":"","background-media":"","overlay-type":"","overlay-color":"","overlay-opacity":"","overlay-gradient":""},"mobile":{"background-color":"","background-image":"","background-repeat":"repeat","background-position":"center center","background-size":"auto","background-attachment":"scroll","background-type":"","background-media":"","overlay-type":"","overlay-color":"","overlay-opacity":"","overlay-gradient":""}},"ast-content-background-meta":{"desktop":{"background-color":"var(--ast-global-color-5)","background-image":"","background-repeat":"repeat","background-position":"center center","background-size":"auto","background-attachment":"scroll","background-type":"","background-media":"","overlay-type":"","overlay-color":"","overlay-opacity":"","overlay-gradient":""},"tablet":{"background-color":"var(--ast-global-color-5)","background-image":"","background-repeat":"repeat","background-position":"center center","background-size":"auto","background-attachment":"scroll","background-type":"","background-media":"","overlay-type":"","overlay-color":"","overlay-opacity":"","overlay-gradient":""},"mobile":{"background-color":"var(--ast-global-color-5)","background-image":"","background-repeat":"repeat","background-position":"center center","background-size":"auto","background-attachment":"scroll","background-type":"","background-media":"","overlay-type":"","overlay-color":"","overlay-opacity":"","overlay-gradient":""}},"_themeisle_gutenberg_block_has_review":false},"product_brand":[],"product_cat":[101,223],"product_tag":[255],"class_list":{"0":"post-131492","1":"product","2":"type-product","3":"status-publish","4":"has-post-thumbnail","6":"product_cat-zubehoer","7":"product_cat-racks","8":"product_tag-gordigear-dachtraeger","9":"desktop-align-left","10":"tablet-align-left","11":"mobile-align-left","12":"ast-product-gallery-layout-vertical-slider","13":"ast-product-tabs-layout-horizontal","15":"first","16":"instock","17":"taxable","18":"shipping-taxable","19":"purchasable","20":"product-type-external"},"exclude_global_add_ons":[],"addons":[],"uagb_featured_image_src":{"full":["https:\/\/dachzeltnomaden.com\/shop\/wp-content\/uploads\/2025\/04\/dachzeltnomaden-dachzelt-zubehoer-racks-gordigear-dachtraeger-mahi-mahi_hartschalenzelt-toyota.webp",750,475,false],"thumbnail":["https:\/\/dachzeltnomaden.com\/shop\/wp-content\/uploads\/2025\/04\/dachzeltnomaden-dachzelt-zubehoer-racks-gordigear-dachtraeger-mahi-mahi_hartschalenzelt-toyota-600x475.webp",600,475,true],"medium":["https:\/\/dachzeltnomaden.com\/shop\/wp-content\/uploads\/2025\/04\/dachzeltnomaden-dachzelt-zubehoer-racks-gordigear-dachtraeger-mahi-mahi_hartschalenzelt-toyota-300x190.webp",300,190,true],"medium_large":["https:\/\/dachzeltnomaden.com\/shop\/wp-content\/uploads\/2025\/04\/dachzeltnomaden-dachzelt-zubehoer-racks-gordigear-dachtraeger-mahi-mahi_hartschalenzelt-toyota.webp",750,475,false],"large":["https:\/\/dachzeltnomaden.com\/shop\/wp-content\/uploads\/2025\/04\/dachzeltnomaden-dachzelt-zubehoer-racks-gordigear-dachtraeger-mahi-mahi_hartschalenzelt-toyota.webp",750,475,false],"1536x1536":["https:\/\/dachzeltnomaden.com\/shop\/wp-content\/uploads\/2025\/04\/dachzeltnomaden-dachzelt-zubehoer-racks-gordigear-dachtraeger-mahi-mahi_hartschalenzelt-toyota.webp",750,475,false],"2048x2048":["https:\/\/dachzeltnomaden.com\/shop\/wp-content\/uploads\/2025\/04\/dachzeltnomaden-dachzelt-zubehoer-racks-gordigear-dachtraeger-mahi-mahi_hartschalenzelt-toyota.webp",750,475,false],"woocommerce_thumbnail":["https:\/\/dachzeltnomaden.com\/shop\/wp-content\/uploads\/2025\/04\/dachzeltnomaden-dachzelt-zubehoer-racks-gordigear-dachtraeger-mahi-mahi_hartschalenzelt-toyota-600x475.webp",600,475,true],"woocommerce_single":["https:\/\/dachzeltnomaden.com\/shop\/wp-content\/uploads\/2025\/04\/dachzeltnomaden-dachzelt-zubehoer-racks-gordigear-dachtraeger-mahi-mahi_hartschalenzelt-toyota.webp",750,475,false],"woocommerce_gallery_thumbnail":["https:\/\/dachzeltnomaden.com\/shop\/wp-content\/uploads\/2025\/04\/dachzeltnomaden-dachzelt-zubehoer-racks-gordigear-dachtraeger-mahi-mahi_hartschalenzelt-toyota-100x100.webp",100,100,true]},"uagb_author_info":{"display_name":"Jasmine","author_link":"https:\/\/dachzeltnomaden.com\/shop\/author\/"},"uagb_comment_info":0,"uagb_excerpt":"WERBUNG Du suchst noch nach eine Dachtr\u00e4ger f\u00fcr dein Alu Dachzelt? Wie w\u00e4re es mit einer von Gordigear! *Die Links [&hellip;]","_links":{"self":[{"href":"https:\/\/dachzeltnomaden.com\/shop\/wp-json\/wp\/v2\/product\/131492","targetHints":{"allow":["GET"]}}],"collection":[{"href":"https:\/\/dachzeltnomaden.com\/shop\/wp-json\/wp\/v2\/product"}],"about":[{"href":"https:\/\/dachzeltnomaden.com\/shop\/wp-json\/wp\/v2\/types\/product"}],"wp:featuredmedia":[{"embeddable":true,"href":"https:\/\/dachzeltnomaden.com\/shop\/wp-json\/wp\/v2\/media\/131493"}],"wp:attachment":[{"href":"https:\/\/dachzeltnomaden.com\/shop\/wp-json\/wp\/v2\/media?parent=131492"}],"wp:term":[{"taxonomy":"product_brand","embeddable":true,"href":"https:\/\/dachzeltnomaden.com\/shop\/wp-json\/wp\/v2\/product_brand?post=131492"},{"taxonomy":"product_cat","embeddable":true,"href":"https:\/\/dachzeltnomaden.com\/shop\/wp-json\/wp\/v2\/product_cat?post=131492"},{"taxonomy":"product_tag","embeddable":true,"href":"https:\/\/dachzeltnomaden.com\/shop\/wp-json\/wp\/v2\/product_tag?post=131492"}],"curies":[{"name":"wp","href":"https:\/\/api.w.org\/{rel}","templated":true}]}}