{"id":131418,"date":"2025-04-07T18:14:15","date_gmt":"2025-04-07T16:14:15","guid":{"rendered":"https:\/\/dachzeltnomaden.com\/shop\/?post_type=product&#038;p=131418"},"modified":"2025-10-17T10:17:30","modified_gmt":"2025-10-17T08:17:30","slug":"aneesdachtraegersystem","status":"publish","type":"product","link":"https:\/\/dachzeltnomaden.com\/shop\/produkt\/aneesdachtraegersystem\/","title":{"rendered":"ANEES<br>Dachtr\u00e4gersystem"},"content":{"rendered":"\n<div class=\"wp-block-uagb-container uagb-block-be52fc24 default uagb-is-root-container\">\n<div class=\"wp-block-uagb-advanced-heading uagb-block-233add0f\"><h6 class=\"uagb-heading-text\">WERBUNG<\/h6><\/div>\n\n\n\n<p class=\"has-ast-global-color-5-color has-ast-global-color-2-background-color has-text-color has-background has-link-color wp-elements-bf40eb77b380cb9405b8cf9be39338cb\">Du suchst noch nach einen Dachtr\u00e4gersystem f\u00fcr dein Dachzelt? Wie w\u00e4re es mit einem von ANEES!<br><br>*Die Links sind Affiliate Links. Wenn du dich f\u00fcr den Kauf eines ANEES Dachtr\u00e4gersystems entscheidest, erhalten die Dachzeltnomaden eine Provision. Damit unterst\u00fctzt du uns &amp; unsere Arbeit. F\u00fcr dich kostet das ANEES Dachtr\u00e4gersystem deshalb nicht mehr.<\/p>\n\n\n\n<div class=\"wp-block-uagb-advanced-heading uagb-block-b21af034\"><p class=\"uagb-desc-text\">F\u00fcr dein Dachgep\u00e4ck<\/p><h2 class=\"uagb-heading-text\">Dachtr\u00e4gersystem<\/h2><div class=\"uagb-separator\"><\/div><\/div>\n\n\n\n<p style=\"margin-bottom:0px\">ANEES bietet f\u00fcr ANEES Alu Square und das ANEES Alu Triangle ein optionales Dachtr\u00e4gersystem an. Die Dachtr\u00e4ger sind im geschlossenen Zustand mit bis zu 40kg belastbar.<br><br>Diese ANEES Dachtr\u00e4gersysteme sind erh\u00e4ltlich:<\/p>\n\n\n\n<div class=\"wp-block-uagb-container uagb-block-cdf3a634 default uagb-is-root-container\">\n<div class=\"wp-block-uagb-advanced-heading uagb-block-0d6231af\"><h3 class=\"uagb-heading-text\">Dachtr\u00e4gersystem<\/h3><\/div>\n\n\n\n<p>Das Dachtr\u00e4gersystem ist in zwei unterschiedlichen Gr\u00f6\u00dfen Medium und Big erh\u00e4ltlich, passend zu Gr\u00f6\u00dfen der ANEES Dachzelte.<\/p>\n\n\n\n<div class=\"wp-block-uagb-container uagb-block-913b1664\">\n<div class=\"wp-block-uagb-container uagb-block-9cadf054\">\n<h4 class=\"wp-block-heading\" style=\"margin-top:0px;margin-bottom:0px\">Eigenschaften<\/h4>\n\n\n\n<ul class=\"wp-block-list\">\n<li>Dachtr\u00e4gersystem auf der Hartschale bis zu 100 kg belastbar<\/li>\n\n\n\n<li>f\u00fcr z.B. Solarpanel, Stand-up-paddle, Fahrrad<\/li>\n\n\n\n<li><strong>Ma\u00dfe:<\/strong> LxBxH: 134 \u00d7 5,5 \u00d72,5 cm (Medium) und LxBxH: 146 \u00d7 5,5 \u00d7 2,5cm (Big)<\/li>\n\n\n\n<li><strong>Gewicht:<\/strong> 3,2 kg (Medium) und 3,5 kg (Big)<\/li>\n<\/ul>\n\n\n\n<div class=\"wp-block-buttons is-layout-flex wp-block-buttons-is-layout-flex\">\n<div class=\"wp-block-button\"><a class=\"wp-block-button__link wp-element-button\" href=\"https:\/\/dachzelte-kaufen.de\/produkt\/anees-dachtraegersystem\/?ref=dzn\" target=\"_blank\" rel=\"noreferrer noopener\">Zum Dachtr\u00e4gersystem<\/a><\/div>\n<\/div>\n<\/div>\n\n\n\n<div class=\"wp-block-uagb-container uagb-block-50b42cfe\">\n<figure class=\"wp-block-gallery has-nested-images columns-2 is-cropped wp-block-gallery-1 is-layout-flex wp-block-gallery-is-layout-flex\">\n<figure class=\"wp-block-image alignright size-full has-custom-border is-style-default\"><img decoding=\"async\" width=\"600\" height=\"400\" data-id=\"131419\" src=\"https:\/\/dachzeltnomaden.com\/shop\/wp-content\/uploads\/2025\/04\/dachzeltnomaden-dachzelt-zubhoer-racks-Anees_Alu-triangle-dachtraegersystem.webp\" alt=\"Anees alu triangle mit dachtraegersystem\" class=\"wp-image-131419\" style=\"border-radius:10px\" srcset=\"https:\/\/dachzeltnomaden.com\/shop\/wp-content\/uploads\/2025\/04\/dachzeltnomaden-dachzelt-zubhoer-racks-Anees_Alu-triangle-dachtraegersystem.webp 600w, https:\/\/dachzeltnomaden.com\/shop\/wp-content\/uploads\/2025\/04\/dachzeltnomaden-dachzelt-zubhoer-racks-Anees_Alu-triangle-dachtraegersystem-300x200.webp 300w\" sizes=\"(max-width: 600px) 100vw, 600px\" \/><\/figure>\n\n\n\n<figure class=\"wp-block-image size-full has-custom-border\"><img decoding=\"async\" width=\"600\" height=\"451\" data-id=\"131420\" src=\"https:\/\/dachzeltnomaden.com\/shop\/wp-content\/uploads\/2025\/04\/dachzeltnomaden-dachzelt-zubehoer-racks-Anees-Dachtraegersystem.webp\" alt=\"Anees dachtraegersystem kaufen produktbild\" class=\"wp-image-131420\" style=\"border-radius:10px\" srcset=\"https:\/\/dachzeltnomaden.com\/shop\/wp-content\/uploads\/2025\/04\/dachzeltnomaden-dachzelt-zubehoer-racks-Anees-Dachtraegersystem.webp 600w, https:\/\/dachzeltnomaden.com\/shop\/wp-content\/uploads\/2025\/04\/dachzeltnomaden-dachzelt-zubehoer-racks-Anees-Dachtraegersystem-300x226.webp 300w\" sizes=\"(max-width: 600px) 100vw, 600px\" \/><\/figure>\n\n\n\n<figure class=\"wp-block-image size-full has-custom-border\"><img decoding=\"async\" width=\"600\" height=\"451\" data-id=\"131421\" src=\"https:\/\/dachzeltnomaden.com\/shop\/wp-content\/uploads\/2025\/04\/dachzeltnomaden-dachzelt-zubehoer-racks-Anees-Dachtraeger2.webp\" alt=\"anees dachtraegersystem kaufen produktbild\" class=\"wp-image-131421\" style=\"border-radius:10px\" srcset=\"https:\/\/dachzeltnomaden.com\/shop\/wp-content\/uploads\/2025\/04\/dachzeltnomaden-dachzelt-zubehoer-racks-Anees-Dachtraeger2.webp 600w, https:\/\/dachzeltnomaden.com\/shop\/wp-content\/uploads\/2025\/04\/dachzeltnomaden-dachzelt-zubehoer-racks-Anees-Dachtraeger2-300x226.webp 300w\" sizes=\"(max-width: 600px) 100vw, 600px\" \/><\/figure>\n\n\n\n<figure class=\"wp-block-image size-full has-custom-border\"><img decoding=\"async\" width=\"600\" height=\"400\" data-id=\"131422\" src=\"https:\/\/dachzeltnomaden.com\/shop\/wp-content\/uploads\/2025\/04\/dachzeltnomaden-dachzelt-zubehoer-racks-anees-dachtraegersystem-alu-triangle-dachzelt-ohne-traeger.webp\" alt=\"anees alu triangle dachzelt ohne dachtraegersystem\" class=\"wp-image-131422\" style=\"border-radius:10px\" srcset=\"https:\/\/dachzeltnomaden.com\/shop\/wp-content\/uploads\/2025\/04\/dachzeltnomaden-dachzelt-zubehoer-racks-anees-dachtraegersystem-alu-triangle-dachzelt-ohne-traeger.webp 600w, https:\/\/dachzeltnomaden.com\/shop\/wp-content\/uploads\/2025\/04\/dachzeltnomaden-dachzelt-zubehoer-racks-anees-dachtraegersystem-alu-triangle-dachzelt-ohne-traeger-300x200.webp 300w\" sizes=\"(max-width: 600px) 100vw, 600px\" \/><\/figure>\n<\/figure>\n<\/div>\n<\/div>\n<\/div>\n\n\n\n<p style=\"margin-bottom:0px\"><\/p>\n<\/div>\n","protected":false},"excerpt":{"rendered":"<p>WERBUNG Du suchst noch nach einen Dachtr\u00e4gersystem f\u00fcr dein Dachzelt? Wie w\u00e4re es mit einem von ANEES! *Die Links sind [&hellip;]<\/p>\n","protected":false},"featured_media":131419,"template":"","meta":{"_uag_custom_page_level_css":"","site-sidebar-layout":"default","site-content-layout":"","ast-site-content-layout":"default","site-content-style":"default","site-sidebar-style":"default","ast-global-header-display":"","ast-banner-title-visibility":"","ast-main-header-display":"","ast-hfb-above-header-display":"","ast-hfb-below-header-display":"","ast-hfb-mobile-header-display":"","site-post-title":"","ast-breadcrumbs-content":"","ast-featured-img":"","footer-sml-layout":"","ast-disable-related-posts":"","theme-transparent-header-meta":"","adv-header-id-meta":"","stick-header-meta":"","header-above-stick-meta":"","header-main-stick-meta":"","header-below-stick-meta":"","astra-migrate-meta-layouts":"default","ast-page-background-enabled":"default","ast-page-background-meta":{"desktop":{"background-color":"var(--ast-global-color-4)","background-image":"","background-repeat":"repeat","background-position":"center center","background-size":"auto","background-attachment":"scroll","background-type":"","background-media":"","overlay-type":"","overlay-color":"","overlay-opacity":"","overlay-gradient":""},"tablet":{"background-color":"","background-image":"","background-repeat":"repeat","background-position":"center center","background-size":"auto","background-attachment":"scroll","background-type":"","background-media":"","overlay-type":"","overlay-color":"","overlay-opacity":"","overlay-gradient":""},"mobile":{"background-color":"","background-image":"","background-repeat":"repeat","background-position":"center center","background-size":"auto","background-attachment":"scroll","background-type":"","background-media":"","overlay-type":"","overlay-color":"","overlay-opacity":"","overlay-gradient":""}},"ast-content-background-meta":{"desktop":{"background-color":"var(--ast-global-color-5)","background-image":"","background-repeat":"repeat","background-position":"center center","background-size":"auto","background-attachment":"scroll","background-type":"","background-media":"","overlay-type":"","overlay-color":"","overlay-opacity":"","overlay-gradient":""},"tablet":{"background-color":"var(--ast-global-color-5)","background-image":"","background-repeat":"repeat","background-position":"center center","background-size":"auto","background-attachment":"scroll","background-type":"","background-media":"","overlay-type":"","overlay-color":"","overlay-opacity":"","overlay-gradient":""},"mobile":{"background-color":"var(--ast-global-color-5)","background-image":"","background-repeat":"repeat","background-position":"center center","background-size":"auto","background-attachment":"scroll","background-type":"","background-media":"","overlay-type":"","overlay-color":"","overlay-opacity":"","overlay-gradient":""}},"_themeisle_gutenberg_block_has_review":false},"product_brand":[],"product_cat":[101,223],"product_tag":[248,249],"class_list":{"0":"post-131418","1":"product","2":"type-product","3":"status-publish","4":"has-post-thumbnail","6":"product_cat-zubehoer","7":"product_cat-racks","8":"product_tag-anees-dachtraeger","9":"product_tag-anees-dachtraegersystem","10":"desktop-align-left","11":"tablet-align-left","12":"mobile-align-left","13":"ast-product-gallery-layout-vertical-slider","14":"ast-product-tabs-layout-horizontal","16":"first","17":"instock","18":"taxable","19":"shipping-taxable","20":"purchasable","21":"product-type-external"},"exclude_global_add_ons":[],"addons":[],"uagb_featured_image_src":{"full":["https:\/\/dachzeltnomaden.com\/shop\/wp-content\/uploads\/2025\/04\/dachzeltnomaden-dachzelt-zubhoer-racks-Anees_Alu-triangle-dachtraegersystem.webp",600,400,false],"thumbnail":["https:\/\/dachzeltnomaden.com\/shop\/wp-content\/uploads\/2025\/04\/dachzeltnomaden-dachzelt-zubhoer-racks-Anees_Alu-triangle-dachtraegersystem.webp",600,400,false],"medium":["https:\/\/dachzeltnomaden.com\/shop\/wp-content\/uploads\/2025\/04\/dachzeltnomaden-dachzelt-zubhoer-racks-Anees_Alu-triangle-dachtraegersystem-300x200.webp",300,200,true],"medium_large":["https:\/\/dachzeltnomaden.com\/shop\/wp-content\/uploads\/2025\/04\/dachzeltnomaden-dachzelt-zubhoer-racks-Anees_Alu-triangle-dachtraegersystem.webp",600,400,false],"large":["https:\/\/dachzeltnomaden.com\/shop\/wp-content\/uploads\/2025\/04\/dachzeltnomaden-dachzelt-zubhoer-racks-Anees_Alu-triangle-dachtraegersystem.webp",600,400,false],"1536x1536":["https:\/\/dachzeltnomaden.com\/shop\/wp-content\/uploads\/2025\/04\/dachzeltnomaden-dachzelt-zubhoer-racks-Anees_Alu-triangle-dachtraegersystem.webp",600,400,false],"2048x2048":["https:\/\/dachzeltnomaden.com\/shop\/wp-content\/uploads\/2025\/04\/dachzeltnomaden-dachzelt-zubhoer-racks-Anees_Alu-triangle-dachtraegersystem.webp",600,400,false],"woocommerce_thumbnail":["https:\/\/dachzeltnomaden.com\/shop\/wp-content\/uploads\/2025\/04\/dachzeltnomaden-dachzelt-zubhoer-racks-Anees_Alu-triangle-dachtraegersystem.webp",600,400,false],"woocommerce_single":["https:\/\/dachzeltnomaden.com\/shop\/wp-content\/uploads\/2025\/04\/dachzeltnomaden-dachzelt-zubhoer-racks-Anees_Alu-triangle-dachtraegersystem.webp",600,400,false],"woocommerce_gallery_thumbnail":["https:\/\/dachzeltnomaden.com\/shop\/wp-content\/uploads\/2025\/04\/dachzeltnomaden-dachzelt-zubhoer-racks-Anees_Alu-triangle-dachtraegersystem-100x100.webp",100,100,true]},"uagb_author_info":{"display_name":"Jasmine","author_link":"https:\/\/dachzeltnomaden.com\/shop\/author\/"},"uagb_comment_info":0,"uagb_excerpt":"WERBUNG Du suchst noch nach einen Dachtr\u00e4gersystem f\u00fcr dein Dachzelt? Wie w\u00e4re es mit einem von ANEES! *Die Links sind [&hellip;]","_links":{"self":[{"href":"https:\/\/dachzeltnomaden.com\/shop\/wp-json\/wp\/v2\/product\/131418","targetHints":{"allow":["GET"]}}],"collection":[{"href":"https:\/\/dachzeltnomaden.com\/shop\/wp-json\/wp\/v2\/product"}],"about":[{"href":"https:\/\/dachzeltnomaden.com\/shop\/wp-json\/wp\/v2\/types\/product"}],"wp:featuredmedia":[{"embeddable":true,"href":"https:\/\/dachzeltnomaden.com\/shop\/wp-json\/wp\/v2\/media\/131419"}],"wp:attachment":[{"href":"https:\/\/dachzeltnomaden.com\/shop\/wp-json\/wp\/v2\/media?parent=131418"}],"wp:term":[{"taxonomy":"product_brand","embeddable":true,"href":"https:\/\/dachzeltnomaden.com\/shop\/wp-json\/wp\/v2\/product_brand?post=131418"},{"taxonomy":"product_cat","embeddable":true,"href":"https:\/\/dachzeltnomaden.com\/shop\/wp-json\/wp\/v2\/product_cat?post=131418"},{"taxonomy":"product_tag","embeddable":true,"href":"https:\/\/dachzeltnomaden.com\/shop\/wp-json\/wp\/v2\/product_tag?post=131418"}],"curies":[{"name":"wp","href":"https:\/\/api.w.org\/{rel}","templated":true}]}}