{"id":131053,"date":"2025-02-25T09:50:53","date_gmt":"2025-02-25T08:50:53","guid":{"rendered":"https:\/\/dachzeltnomaden.com\/shop\/?post_type=product&#038;p=131053"},"modified":"2025-11-10T03:12:27","modified_gmt":"2025-11-10T02:12:27","slug":"trelino-trockentrenntoilette-evo","status":"publish","type":"product","link":"https:\/\/dachzeltnomaden.com\/shop\/produkt\/trelino-trockentrenntoilette-evo\/","title":{"rendered":"Trelino\u00ae Trockentrenntoilette Evo"},"content":{"rendered":"\n<div class=\"wp-block-uagb-container uagb-block-be52fc24 alignwide uagb-is-root-container\">\n<div class=\"wp-block-uagb-advanced-heading uagb-block-233add0f\"><h6 class=\"uagb-heading-text\">WERBUNG<\/h6><\/div>\n\n\n\n<p class=\"has-ast-global-color-5-color has-ast-global-color-2-background-color has-text-color has-background has-link-color wp-elements-b37ea60282c258da279329e30d232f04\">Du suchst noch nach einer praktischen und hochwertigen Trockentrenntoilette? Wie w\u00e4re es mit einer TTT von Trelino\u00ae!<br><br>*Die Links sind Affiliate Links. Wenn du dich f\u00fcr den Kauf einer Trelino\u00ae Toilette entscheidest, erhalten die Dachzeltnomaden eine Provision. Damit unterst\u00fctzt du uns &amp; unsere Arbeit. F\u00fcr dich kostet die Trelino\u00ae Toilette deshalb nicht mehr.<\/p>\n\n\n\n<div class=\"wp-block-uagb-advanced-heading uagb-block-b21af034\"><p class=\"uagb-desc-text\">Deine Trenntoilette Evo von Trelino\u00ae<\/p><h2 class=\"uagb-heading-text\">Die neue Definition von Leichtigkeit und Sitzkomfort<\/h2><div class=\"uagb-separator\"><\/div><\/div>\n\n\n\n<p><strong>Die Trenntoilette f\u00fcr kompromisslose Freiheit<\/strong><br><br>Trelino\u00ae Evo ist die optimale L\u00f6sung f\u00fcr alle, die sich eine unkomplizierte mobile Trenntoilette w\u00fcnschen und dabei nicht auf den Sitzkomfort des heimischen WCs verzichten m\u00f6chten. Mit einem ergonomischen Sitz und Deckel mit Soft-Close-Automatik setzt das Ultraleichtgewicht Trelino\u00ae Evo neue Ma\u00dfst\u00e4be f\u00fcr das \u201eWie zu Hause\u201c-Gef\u00fchl.<br><br><strong>Die neue Definition von Leichtigkeit und Sitzkomfort<\/strong><br><br>Wenn im Fahrzeug jedes Gramm z\u00e4hlt, ist die luftig-leichte Trelino\u00ae Evo die perfekte Reisebegleitung. Gerade mal 5 kg Leergewicht bringt die Trockentrenntoilette auf die Waage \u2013 und \u00fcberzeugt trotz ihrer schlanken Figur mit einer au\u00dfergew\u00f6hnlichen Widerstandsf\u00e4higkeit.<br><br>F\u00fcr Bruchsicherheit sorgen die optimierte Statik und die Verwendung hochwertiger Materialien wie ABS. Egal, welche Bedingungen die Stra\u00dfe f\u00fcr Dich bereith\u00e4lt, auf die Traglast der Trelino\u00ae Evo kannst Du Dich jederzeit verlassen.<br><br>Der wasserresistente Korpus punktet mit einem zeitlos cleanen Design und leichter Reinigung. F\u00fcr einen v\u00f6llig neuen Sitzkomfort sorgt der ergonomische Toilettensitz, der durch einen Deckel mit Soft-Close-Automatik komplettiert wird<br><br>Mit ihrer unkomplizierten Leichtigkeit ist die Trelino\u00ae Evo die perfekte Begleitung f\u00fcr ein Zeltwochenende mit der ganzen Familie, beim Offroad-Abenteuer mit Schlagloch-Gaudi oder beim Erkunden der sch\u00f6nsten Orte der Welt mit Deinem Van.<\/p>\n<\/div>\n\n\n\n<div class=\"wp-block-uagb-container uagb-block-ae00b476 alignwide uagb-is-root-container\">\n<div class=\"wp-block-uagb-container uagb-block-3d544ad6\"><style type=\"text\/css\">.otter-masonry .blocks-gallery-grid .blocks-gallery-item img{ width:100% }<\/style><div class=\"otter-masonry\" data-margin=\"10\">\n<figure class=\"wp-block-gallery has-nested-images columns-2 is-cropped wp-block-gallery-1 is-layout-flex wp-block-gallery-is-layout-flex\">\n<figure class=\"wp-block-image size-full has-custom-border\"><img decoding=\"async\" width=\"1000\" height=\"1000\" data-id=\"131055\" src=\"https:\/\/dachzeltnomaden.com\/shop\/wp-content\/uploads\/2025\/02\/Trelino-Evo-Serie.webp\" alt=\"Dachzeltnomaden Shop Zubehoer Toilette Trelino  Evo-Serie Trockentrenntoilette kaufen\" class=\"wp-image-131055\" style=\"border-radius:10px\" srcset=\"https:\/\/dachzeltnomaden.com\/shop\/wp-content\/uploads\/2025\/02\/Trelino-Evo-Serie.webp 1000w, https:\/\/dachzeltnomaden.com\/shop\/wp-content\/uploads\/2025\/02\/Trelino-Evo-Serie-300x300.webp 300w, https:\/\/dachzeltnomaden.com\/shop\/wp-content\/uploads\/2025\/02\/Trelino-Evo-Serie-600x600.webp 600w, https:\/\/dachzeltnomaden.com\/shop\/wp-content\/uploads\/2025\/02\/Trelino-Evo-Serie-768x768.webp 768w, https:\/\/dachzeltnomaden.com\/shop\/wp-content\/uploads\/2025\/02\/Trelino-Evo-Serie-100x100.webp 100w\" sizes=\"(max-width: 1000px) 100vw, 1000px\" \/><\/figure>\n\n\n\n<figure class=\"wp-block-image size-full has-custom-border\"><img decoding=\"async\" width=\"2500\" height=\"1667\" data-id=\"131054\" src=\"https:\/\/dachzeltnomaden.com\/shop\/wp-content\/uploads\/2025\/02\/Trelino_Trenntoilette_Wueste.webp\" alt=\"Dachzeltnomaden Shop Zubehoer Toilette Trelino Trockentrenntoilette kaufen\" class=\"wp-image-131054\" style=\"border-radius:10px\" srcset=\"https:\/\/dachzeltnomaden.com\/shop\/wp-content\/uploads\/2025\/02\/Trelino_Trenntoilette_Wueste.webp 2500w, https:\/\/dachzeltnomaden.com\/shop\/wp-content\/uploads\/2025\/02\/Trelino_Trenntoilette_Wueste-300x200.webp 300w, https:\/\/dachzeltnomaden.com\/shop\/wp-content\/uploads\/2025\/02\/Trelino_Trenntoilette_Wueste-1024x683.webp 1024w, https:\/\/dachzeltnomaden.com\/shop\/wp-content\/uploads\/2025\/02\/Trelino_Trenntoilette_Wueste-768x512.webp 768w, https:\/\/dachzeltnomaden.com\/shop\/wp-content\/uploads\/2025\/02\/Trelino_Trenntoilette_Wueste-1536x1024.webp 1536w, https:\/\/dachzeltnomaden.com\/shop\/wp-content\/uploads\/2025\/02\/Trelino_Trenntoilette_Wueste-2048x1366.webp 2048w\" sizes=\"(max-width: 2500px) 100vw, 2500px\" \/><\/figure>\n\n\n\n<figure class=\"wp-block-image size-full has-custom-border\"><img decoding=\"async\" width=\"1000\" height=\"1000\" data-id=\"131057\" src=\"https:\/\/dachzeltnomaden.com\/shop\/wp-content\/uploads\/2025\/02\/Trelino-Evo-S.webp\" alt=\"Dachzeltnomaden Shop Zubehoer Toilette Trelino  Evo-Serie Trockentrenntoilette kaufen\" class=\"wp-image-131057\" style=\"border-radius:10px\" srcset=\"https:\/\/dachzeltnomaden.com\/shop\/wp-content\/uploads\/2025\/02\/Trelino-Evo-S.webp 1000w, https:\/\/dachzeltnomaden.com\/shop\/wp-content\/uploads\/2025\/02\/Trelino-Evo-S-300x300.webp 300w, https:\/\/dachzeltnomaden.com\/shop\/wp-content\/uploads\/2025\/02\/Trelino-Evo-S-600x600.webp 600w, https:\/\/dachzeltnomaden.com\/shop\/wp-content\/uploads\/2025\/02\/Trelino-Evo-S-768x768.webp 768w, https:\/\/dachzeltnomaden.com\/shop\/wp-content\/uploads\/2025\/02\/Trelino-Evo-S-100x100.webp 100w\" sizes=\"(max-width: 1000px) 100vw, 1000px\" \/><\/figure>\n\n\n\n<figure class=\"wp-block-image size-full has-custom-border\"><img decoding=\"async\" width=\"567\" height=\"567\" data-id=\"131056\" src=\"https:\/\/dachzeltnomaden.com\/shop\/wp-content\/uploads\/2025\/02\/Trelino-Evo-L-Design-Award.webp\" alt=\"trockentrenntoilette evo kaufen trelino\" class=\"wp-image-131056\" style=\"border-radius:10px\" srcset=\"https:\/\/dachzeltnomaden.com\/shop\/wp-content\/uploads\/2025\/02\/Trelino-Evo-L-Design-Award.webp 567w, https:\/\/dachzeltnomaden.com\/shop\/wp-content\/uploads\/2025\/02\/Trelino-Evo-L-Design-Award-300x300.webp 300w, https:\/\/dachzeltnomaden.com\/shop\/wp-content\/uploads\/2025\/02\/Trelino-Evo-L-Design-Award-100x100.webp 100w\" sizes=\"(max-width: 567px) 100vw, 567px\" \/><\/figure>\n<\/figure>\n<\/div><\/div>\n\n\n\n<div class=\"wp-block-uagb-container uagb-block-76ea1ad4\">\n<h2 class=\"wp-block-heading\">Das bietet dir die Evo Line von Trelino\u00ae:<\/h2>\n\n\n\n<p>Eine leichte Trenntoilette aus hochwertigem ABS findet in nahezu jedem Van, Wohnmobil und Kofferraum seinen Platz.<\/p>\n\n\n\n<ul class=\"wp-block-list\">\n<li>Fassungsverm\u00f6gen f\u00fcr etwa 6 -20&nbsp;Toiletteng\u00e4nge&nbsp;(je nach Modell)<\/li>\n\n\n\n<li>Ein&nbsp;hygienischer Feststoffbeh\u00e4lter  mit Deckel<\/li>\n\n\n\n<li>Ein auslaufsicherer Urinkanister<\/li>\n\n\n\n<li>Produktion ausschlie\u00dflich in Deutschland und aus recyclebarem Kunststoff<\/li>\n\n\n\n<li>Umweltfreundliche Alternative zum Chemieklo<\/li>\n<\/ul>\n\n\n\n<div class=\"wp-block-buttons is-layout-flex wp-block-buttons-is-layout-flex\">\n<div class=\"wp-block-button\"><a class=\"wp-block-button__link wp-element-button\" href=\"https:\/\/www.awin1.com\/cread.php?awinmid=27475&amp;awinaffid=728701&amp;clickref=Shop&amp;ued=https%3A%2F%2Fwww.trelino.com%2Fde%2Fcollections%2Fevo\" target=\"_blank\" rel=\"noreferrer noopener\">Zur Trelino\u00ae Evo-Serie<\/a><\/div>\n<\/div>\n<\/div>\n<\/div>\n","protected":false},"excerpt":{"rendered":"<p>Trelino\u00ae Evo<\/p>\n<p>F\u00fcr die, die alles wollen: Cleanes Design, geringes Gewicht, h\u00f6chster Komfort<\/p>\n<p><a class=\"button\" href=\"https:\/\/www.awin1.com\/cread.php?awinmid=27475&#038;awinaffid=728701&#038;clickref=Shop&#038;ued=https%3A%2F%2Fwww.trelino.com%2Fde%2Fcollections%2Fevo\" target=\"_blank\" rel=\"noopener\">Hier gehts zu den Toiletten von Trelino\u00ae<\/a><\/p>\n","protected":false},"featured_media":131058,"template":"","meta":{"_uag_custom_page_level_css":"","site-sidebar-layout":"default","site-content-layout":"","ast-site-content-layout":"default","site-content-style":"default","site-sidebar-style":"default","ast-global-header-display":"","ast-banner-title-visibility":"","ast-main-header-display":"","ast-hfb-above-header-display":"","ast-hfb-below-header-display":"","ast-hfb-mobile-header-display":"","site-post-title":"","ast-breadcrumbs-content":"","ast-featured-img":"","footer-sml-layout":"","ast-disable-related-posts":"","theme-transparent-header-meta":"default","adv-header-id-meta":"","stick-header-meta":"default","header-above-stick-meta":"","header-main-stick-meta":"","header-below-stick-meta":"","astra-migrate-meta-layouts":"set","ast-page-background-enabled":"default","ast-page-background-meta":{"desktop":{"background-color":"var(--ast-global-color-4)","background-image":"","background-repeat":"repeat","background-position":"center center","background-size":"auto","background-attachment":"scroll","background-type":"","background-media":"","overlay-type":"","overlay-color":"","overlay-opacity":"","overlay-gradient":""},"tablet":{"background-color":"","background-image":"","background-repeat":"repeat","background-position":"center center","background-size":"auto","background-attachment":"scroll","background-type":"","background-media":"","overlay-type":"","overlay-color":"","overlay-opacity":"","overlay-gradient":""},"mobile":{"background-color":"","background-image":"","background-repeat":"repeat","background-position":"center center","background-size":"auto","background-attachment":"scroll","background-type":"","background-media":"","overlay-type":"","overlay-color":"","overlay-opacity":"","overlay-gradient":""}},"ast-content-background-meta":{"desktop":{"background-color":"var(--ast-global-color-5)","background-image":"","background-repeat":"repeat","background-position":"center center","background-size":"auto","background-attachment":"scroll","background-type":"","background-media":"","overlay-type":"","overlay-color":"","overlay-opacity":"","overlay-gradient":""},"tablet":{"background-color":"var(--ast-global-color-5)","background-image":"","background-repeat":"repeat","background-position":"center center","background-size":"auto","background-attachment":"scroll","background-type":"","background-media":"","overlay-type":"","overlay-color":"","overlay-opacity":"","overlay-gradient":""},"mobile":{"background-color":"var(--ast-global-color-5)","background-image":"","background-repeat":"repeat","background-position":"center center","background-size":"auto","background-attachment":"scroll","background-type":"","background-media":"","overlay-type":"","overlay-color":"","overlay-opacity":"","overlay-gradient":""}},"_themeisle_gutenberg_block_has_review":false},"product_brand":[],"product_cat":[101,102],"product_tag":[],"class_list":{"0":"post-131053","1":"product","2":"type-product","3":"status-publish","4":"has-post-thumbnail","6":"product_cat-zubehoer","7":"product_cat-waschen-toilette","8":"desktop-align-left","9":"tablet-align-left","10":"mobile-align-left","11":"ast-product-gallery-layout-vertical-slider","12":"ast-product-tabs-layout-horizontal","14":"first","15":"instock","16":"purchasable","17":"product-type-external"},"exclude_global_add_ons":[],"addons":[],"uagb_featured_image_src":{"full":["https:\/\/dachzeltnomaden.com\/shop\/wp-content\/uploads\/2025\/02\/Portfolio_Triole_1080x.webp",482,321,false],"thumbnail":["https:\/\/dachzeltnomaden.com\/shop\/wp-content\/uploads\/2025\/02\/Portfolio_Triole_1080x.webp",482,321,false],"medium":["https:\/\/dachzeltnomaden.com\/shop\/wp-content\/uploads\/2025\/02\/Portfolio_Triole_1080x-300x200.webp",300,200,true],"medium_large":["https:\/\/dachzeltnomaden.com\/shop\/wp-content\/uploads\/2025\/02\/Portfolio_Triole_1080x.webp",482,321,false],"large":["https:\/\/dachzeltnomaden.com\/shop\/wp-content\/uploads\/2025\/02\/Portfolio_Triole_1080x.webp",482,321,false],"1536x1536":["https:\/\/dachzeltnomaden.com\/shop\/wp-content\/uploads\/2025\/02\/Portfolio_Triole_1080x.webp",482,321,false],"2048x2048":["https:\/\/dachzeltnomaden.com\/shop\/wp-content\/uploads\/2025\/02\/Portfolio_Triole_1080x.webp",482,321,false],"woocommerce_thumbnail":["https:\/\/dachzeltnomaden.com\/shop\/wp-content\/uploads\/2025\/02\/Portfolio_Triole_1080x.webp",482,321,false],"woocommerce_single":["https:\/\/dachzeltnomaden.com\/shop\/wp-content\/uploads\/2025\/02\/Portfolio_Triole_1080x.webp",482,321,false],"woocommerce_gallery_thumbnail":["https:\/\/dachzeltnomaden.com\/shop\/wp-content\/uploads\/2025\/02\/Portfolio_Triole_1080x-100x100.webp",100,100,true]},"uagb_author_info":{"display_name":"Jasmine","author_link":"https:\/\/dachzeltnomaden.com\/shop\/author\/"},"uagb_comment_info":0,"uagb_excerpt":"Trelino\u00ae Evo F\u00fcr die, die alles wollen: Cleanes Design, geringes Gewicht, h\u00f6chster Komfort Hier gehts zu den Toiletten von Trelino\u00ae","_links":{"self":[{"href":"https:\/\/dachzeltnomaden.com\/shop\/wp-json\/wp\/v2\/product\/131053","targetHints":{"allow":["GET"]}}],"collection":[{"href":"https:\/\/dachzeltnomaden.com\/shop\/wp-json\/wp\/v2\/product"}],"about":[{"href":"https:\/\/dachzeltnomaden.com\/shop\/wp-json\/wp\/v2\/types\/product"}],"wp:featuredmedia":[{"embeddable":true,"href":"https:\/\/dachzeltnomaden.com\/shop\/wp-json\/wp\/v2\/media\/131058"}],"wp:attachment":[{"href":"https:\/\/dachzeltnomaden.com\/shop\/wp-json\/wp\/v2\/media?parent=131053"}],"wp:term":[{"taxonomy":"product_brand","embeddable":true,"href":"https:\/\/dachzeltnomaden.com\/shop\/wp-json\/wp\/v2\/product_brand?post=131053"},{"taxonomy":"product_cat","embeddable":true,"href":"https:\/\/dachzeltnomaden.com\/shop\/wp-json\/wp\/v2\/product_cat?post=131053"},{"taxonomy":"product_tag","embeddable":true,"href":"https:\/\/dachzeltnomaden.com\/shop\/wp-json\/wp\/v2\/product_tag?post=131053"}],"curies":[{"name":"wp","href":"https:\/\/api.w.org\/{rel}","templated":true}]}}