{"id":130863,"date":"2024-12-13T08:32:05","date_gmt":"2024-12-13T07:32:05","guid":{"rendered":"https:\/\/dachzeltnomaden.com\/shop\/?post_type=product&#038;p=130863"},"modified":"2025-11-10T07:29:31","modified_gmt":"2025-11-10T06:29:31","slug":"bia-outdoor-willi-extended-campingkocher-set","status":"publish","type":"product","link":"https:\/\/dachzeltnomaden.com\/shop\/produkt\/bia-outdoor-willi-extended-campingkocher-set\/","title":{"rendered":"BIA Outdoor Willi Extended Campingkocher-Set\u00a0"},"content":{"rendered":"\n<div class=\"wp-block-uagb-container uagb-block-be52fc24 alignwide uagb-is-root-container\">\n<div class=\"wp-block-uagb-advanced-heading uagb-block-233add0f\"><h6 class=\"uagb-heading-text\">WERBUNG<\/h6><\/div>\n\n\n\n<p class=\"has-ast-global-color-5-color has-ast-global-color-2-background-color has-text-color has-background has-link-color wp-elements-b5cabbe6cd584ef7fd4bfc61903d2b4c\">Du suchst noch nach einem praktischen Campingkocher-Set f\u00fcr unterwegs? Wie w\u00e4re es mit Willi von BIA Outdoor!<br><br>*Die Links sind Affiliate Links. Wenn du dich f\u00fcr den Kauf eines BIA Outdoor Sets entscheidest, erhalten die Dachzeltnomaden eine Provision. Damit unterst\u00fctzt du uns &amp; unsere Arbeit. F\u00fcr dich kostet der Campingkocher deshalb nicht mehr.<\/p>\n\n\n\n<div class=\"wp-block-uagb-advanced-heading uagb-block-b21af034\"><p class=\"uagb-desc-text\">Ideal f\u00fcr kleine und gro\u00dfe Outdoor-Abenteuer<\/p><h2 class=\"uagb-heading-text\"><strong>Campingkocher-Set Willi<\/strong><\/h2><div class=\"uagb-separator\"><\/div><\/div>\n\n\n\n<p>Egal, ob Du auf Expedition gehst, eine Bike-Tour planst, ein Wochenende im Zelt verbringst oder auf einem Roadtrip mit dem Dachzelt bist \u2013 das&nbsp;<strong>Extended Campingkocher-Set Willi<\/strong>&nbsp;von&nbsp;<strong>BIA Outdoor<\/strong>&nbsp;passt sich m\u00fchelos jeder Situation an.<br><br><strong>Leistungsstark und sicher:<\/strong>&nbsp;Das Herzst\u00fcck dieses hochwertigen Gaskocher-Sets ist der&nbsp;<strong>1800-Watt-Brenner<\/strong>&nbsp;mit&nbsp;<strong>Instant-Pot-Technologie<\/strong>, der durch seinen&nbsp;<strong>integrierten Piezo-Anz\u00fcnder<\/strong>&nbsp;und die&nbsp;<strong>stufenlose Brennregulierung<\/strong>&nbsp;optimalen Kochkomfort bietet. Dank der innovativen&nbsp;<strong>No-Leakage-Technologie<\/strong>&nbsp;f\u00fcr aufgeschraubte Gaskartuschen kannst du dich auf maximale Sicherheit verlassen.<br><br><strong>Zuverl\u00e4ssig bei jedem Wetter:<\/strong>&nbsp;Der windgesch\u00fctzte Brenner sorgt f\u00fcr gleichbleibende Leistung bei allen Wetterbedingungen \u2013 vom st\u00fcrmischen Berggipfel bis zum gem\u00fctlichen Lager am See.<br><br>Ob f\u00fcr l\u00e4ngere Roadtrips, entspannte Campingausfl\u00fcge oder minimalistische Wanderungen \u2013 mit Willi entscheidest du, welche Komponenten du brauchst. F\u00fcr l\u00e4ngere Abenteuer kannst du das gesamte Set nutzen, w\u00e4hrend f\u00fcr Wanderungen der Kocher allein oder mit wenigen Komponenten ausreicht.<br><\/p>\n<\/div>\n\n\n\n<div class=\"wp-block-uagb-container uagb-block-ae00b476 alignwide uagb-is-root-container\">\n<div class=\"wp-block-uagb-container uagb-block-3d544ad6\">\n<figure class=\"wp-block-gallery has-nested-images columns-2 is-cropped wp-block-gallery-1 is-layout-flex wp-block-gallery-is-layout-flex\">\n<figure class=\"wp-block-image size-medium\"><img decoding=\"async\" width=\"240\" height=\"300\" data-id=\"130869\" src=\"https:\/\/dachzeltnomaden.com\/shop\/wp-content\/uploads\/2024\/12\/Dachzeltnomaden-BIAOutdoor-Campingkocher_Set_Willi-Overview-10-240x300.webp\" alt=\"Dachzeltnomaden Shop BIA Outdoor Campingkocher-Set Willi kaufen\" class=\"wp-image-130869\" srcset=\"https:\/\/dachzeltnomaden.com\/shop\/wp-content\/uploads\/2024\/12\/Dachzeltnomaden-BIAOutdoor-Campingkocher_Set_Willi-Overview-10-240x300.webp 240w, https:\/\/dachzeltnomaden.com\/shop\/wp-content\/uploads\/2024\/12\/Dachzeltnomaden-BIAOutdoor-Campingkocher_Set_Willi-Overview-10-819x1024.webp 819w, https:\/\/dachzeltnomaden.com\/shop\/wp-content\/uploads\/2024\/12\/Dachzeltnomaden-BIAOutdoor-Campingkocher_Set_Willi-Overview-10-768x960.webp 768w, https:\/\/dachzeltnomaden.com\/shop\/wp-content\/uploads\/2024\/12\/Dachzeltnomaden-BIAOutdoor-Campingkocher_Set_Willi-Overview-10-1229x1536.webp 1229w, https:\/\/dachzeltnomaden.com\/shop\/wp-content\/uploads\/2024\/12\/Dachzeltnomaden-BIAOutdoor-Campingkocher_Set_Willi-Overview-10-1638x2048.webp 1638w, https:\/\/dachzeltnomaden.com\/shop\/wp-content\/uploads\/2024\/12\/Dachzeltnomaden-BIAOutdoor-Campingkocher_Set_Willi-Overview-10-1024x1280.webp 1024w, https:\/\/dachzeltnomaden.com\/shop\/wp-content\/uploads\/2024\/12\/Dachzeltnomaden-BIAOutdoor-Campingkocher_Set_Willi-Overview-10-scaled.webp 2048w\" sizes=\"(max-width: 240px) 100vw, 240px\" \/><\/figure>\n\n\n\n<figure class=\"wp-block-image size-medium\"><img decoding=\"async\" width=\"300\" height=\"300\" data-id=\"134116\" src=\"https:\/\/dachzeltnomaden.com\/shop\/wp-content\/uploads\/2024\/12\/Dachzeltnomaden-BIAOutdoor-Campingkocher_Set_Willi-Gaskocher-300x300.webp\" alt=\"campingkocher set willi gaskocher bia outdoor kaufen\" class=\"wp-image-134116\" srcset=\"https:\/\/dachzeltnomaden.com\/shop\/wp-content\/uploads\/2024\/12\/Dachzeltnomaden-BIAOutdoor-Campingkocher_Set_Willi-Gaskocher-300x300.webp 300w, https:\/\/dachzeltnomaden.com\/shop\/wp-content\/uploads\/2024\/12\/Dachzeltnomaden-BIAOutdoor-Campingkocher_Set_Willi-Gaskocher-100x100.webp 100w, https:\/\/dachzeltnomaden.com\/shop\/wp-content\/uploads\/2024\/12\/Dachzeltnomaden-BIAOutdoor-Campingkocher_Set_Willi-Gaskocher.webp 400w\" sizes=\"(max-width: 300px) 100vw, 300px\" \/><\/figure>\n\n\n\n<figure class=\"wp-block-image size-medium\"><img decoding=\"async\" width=\"300\" height=\"300\" data-id=\"130866\" src=\"https:\/\/dachzeltnomaden.com\/shop\/wp-content\/uploads\/2024\/12\/Dachzeltnomaden-BIAOutdoor-Campingkocher_Set_Willi-10-300x300.webp\" alt=\"Dachzeltnomaden Shop BIA Outdoor Campingkocher-Set Willi kaufen\" class=\"wp-image-130866\" srcset=\"https:\/\/dachzeltnomaden.com\/shop\/wp-content\/uploads\/2024\/12\/Dachzeltnomaden-BIAOutdoor-Campingkocher_Set_Willi-10-300x300.webp 300w, https:\/\/dachzeltnomaden.com\/shop\/wp-content\/uploads\/2024\/12\/Dachzeltnomaden-BIAOutdoor-Campingkocher_Set_Willi-10-1024x1024.webp 1024w, https:\/\/dachzeltnomaden.com\/shop\/wp-content\/uploads\/2024\/12\/Dachzeltnomaden-BIAOutdoor-Campingkocher_Set_Willi-10-768x768.webp 768w, https:\/\/dachzeltnomaden.com\/shop\/wp-content\/uploads\/2024\/12\/Dachzeltnomaden-BIAOutdoor-Campingkocher_Set_Willi-10-1536x1536.webp 1536w, https:\/\/dachzeltnomaden.com\/shop\/wp-content\/uploads\/2024\/12\/Dachzeltnomaden-BIAOutdoor-Campingkocher_Set_Willi-10-600x600.webp 600w, https:\/\/dachzeltnomaden.com\/shop\/wp-content\/uploads\/2024\/12\/Dachzeltnomaden-BIAOutdoor-Campingkocher_Set_Willi-10-100x100.webp 100w, https:\/\/dachzeltnomaden.com\/shop\/wp-content\/uploads\/2024\/12\/Dachzeltnomaden-BIAOutdoor-Campingkocher_Set_Willi-10.webp 2048w\" sizes=\"(max-width: 300px) 100vw, 300px\" \/><\/figure>\n\n\n\n<figure class=\"wp-block-image size-medium\"><img decoding=\"async\" width=\"240\" height=\"300\" data-id=\"130868\" src=\"https:\/\/dachzeltnomaden.com\/shop\/wp-content\/uploads\/2024\/12\/Dachzeltnomaden-BIAOutdoor-Campingkocher_Set_Willi-Stufenlos-10-240x300.webp\" alt=\"Dachzeltnomaden Shop BIA Outdoor Campingkocher-Set Willi kaufen\" class=\"wp-image-130868\" srcset=\"https:\/\/dachzeltnomaden.com\/shop\/wp-content\/uploads\/2024\/12\/Dachzeltnomaden-BIAOutdoor-Campingkocher_Set_Willi-Stufenlos-10-240x300.webp 240w, https:\/\/dachzeltnomaden.com\/shop\/wp-content\/uploads\/2024\/12\/Dachzeltnomaden-BIAOutdoor-Campingkocher_Set_Willi-Stufenlos-10-819x1024.webp 819w, https:\/\/dachzeltnomaden.com\/shop\/wp-content\/uploads\/2024\/12\/Dachzeltnomaden-BIAOutdoor-Campingkocher_Set_Willi-Stufenlos-10-768x960.webp 768w, https:\/\/dachzeltnomaden.com\/shop\/wp-content\/uploads\/2024\/12\/Dachzeltnomaden-BIAOutdoor-Campingkocher_Set_Willi-Stufenlos-10-1229x1536.webp 1229w, https:\/\/dachzeltnomaden.com\/shop\/wp-content\/uploads\/2024\/12\/Dachzeltnomaden-BIAOutdoor-Campingkocher_Set_Willi-Stufenlos-10-1638x2048.webp 1638w, https:\/\/dachzeltnomaden.com\/shop\/wp-content\/uploads\/2024\/12\/Dachzeltnomaden-BIAOutdoor-Campingkocher_Set_Willi-Stufenlos-10-1024x1280.webp 1024w, https:\/\/dachzeltnomaden.com\/shop\/wp-content\/uploads\/2024\/12\/Dachzeltnomaden-BIAOutdoor-Campingkocher_Set_Willi-Stufenlos-10-scaled.webp 2048w\" sizes=\"(max-width: 240px) 100vw, 240px\" \/><\/figure>\n<\/figure>\n<\/div>\n\n\n\n<div class=\"wp-block-uagb-container uagb-block-76ea1ad4\">\n<h3 class=\"wp-block-heading\">Lieferumfang:<\/h3>\n\n\n\n<ul class=\"wp-block-list\">\n<li>1 Packtasche0,25l-Topf mit Griff<\/li>\n\n\n\n<li>Topf-Deckel<\/li>\n\n\n\n<li>0,75l-Topf mit Griff und Handschutz<\/li>\n\n\n\n<li>Edelstahl Pot Support<\/li>\n\n\n\n<li>Gasbrenner mit Regler<\/li>\n\n\n\n<li>Giftgr\u00fcner Dreifu\u00df f\u00fcr bessere Sichtbarkeit<\/li>\n\n\n\n<li>Camping-Besteckset mit Sack<\/li>\n\n\n\n<li>Transportnetz f\u00fcr das gesamte extended Set<\/li>\n<\/ul>\n\n\n\n<div class=\"wp-block-buttons is-layout-flex wp-block-buttons-is-layout-flex\">\n<div class=\"wp-block-button\"><a class=\"wp-block-button__link wp-element-button\" href=\"https:\/\/bia-outdoor.com\/products\/campingkocher-set-willi?ref=dachzeltnomaden\" target=\"_blank\" rel=\"noreferrer noopener\">Zum Campingkocher-Set Willi<\/a><\/div>\n<\/div>\n<\/div>\n<\/div>\n","protected":false},"excerpt":{"rendered":"<p><strong style=\"color: rgba(18, 18, 18, 0.75); font-family: Assistant, sans-serif; font-size: 16px; font-style: normal; letter-spacing: 0.6px;\">Willi Extended Campingkocher-Set von BIA Outdoor \u2013 Dein flexibler Begleiter f\u00fcr jedes Outdoor-Abenteuer<\/strong><\/p>\n<p><!-- wp:buttons --><\/p>\n<div class=\"wp-block-buttons\"><!-- wp:button --><\/p>\n<div class=\"wp-block-button\"><a class=\"wp-block-button__link wp-element-button\" href=\"https:\/\/bia-outdoor.com\/products\/campingkocher-set-willi?ref=dachzeltnomaden\" target=\"_blank\" rel=\"noreferrer noopener\">Zum Campingkocher-Set Willi<\/a><\/div>\n<p><!-- \/wp:button --><\/div>\n<p><!-- \/wp:buttons --><\/p>\n","protected":false},"featured_media":130870,"template":"","meta":{"_uag_custom_page_level_css":"","site-sidebar-layout":"default","site-content-layout":"","ast-site-content-layout":"default","site-content-style":"default","site-sidebar-style":"default","ast-global-header-display":"","ast-banner-title-visibility":"","ast-main-header-display":"","ast-hfb-above-header-display":"","ast-hfb-below-header-display":"","ast-hfb-mobile-header-display":"","site-post-title":"","ast-breadcrumbs-content":"","ast-featured-img":"","footer-sml-layout":"","ast-disable-related-posts":"","theme-transparent-header-meta":"","adv-header-id-meta":"","stick-header-meta":"","header-above-stick-meta":"","header-main-stick-meta":"","header-below-stick-meta":"","astra-migrate-meta-layouts":"default","ast-page-background-enabled":"default","ast-page-background-meta":{"desktop":{"background-color":"var(--ast-global-color-4)","background-image":"","background-repeat":"repeat","background-position":"center center","background-size":"auto","background-attachment":"scroll","background-type":"","background-media":"","overlay-type":"","overlay-color":"","overlay-opacity":"","overlay-gradient":""},"tablet":{"background-color":"","background-image":"","background-repeat":"repeat","background-position":"center center","background-size":"auto","background-attachment":"scroll","background-type":"","background-media":"","overlay-type":"","overlay-color":"","overlay-opacity":"","overlay-gradient":""},"mobile":{"background-color":"","background-image":"","background-repeat":"repeat","background-position":"center center","background-size":"auto","background-attachment":"scroll","background-type":"","background-media":"","overlay-type":"","overlay-color":"","overlay-opacity":"","overlay-gradient":""}},"ast-content-background-meta":{"desktop":{"background-color":"var(--ast-global-color-5)","background-image":"","background-repeat":"repeat","background-position":"center center","background-size":"auto","background-attachment":"scroll","background-type":"","background-media":"","overlay-type":"","overlay-color":"","overlay-opacity":"","overlay-gradient":""},"tablet":{"background-color":"var(--ast-global-color-5)","background-image":"","background-repeat":"repeat","background-position":"center center","background-size":"auto","background-attachment":"scroll","background-type":"","background-media":"","overlay-type":"","overlay-color":"","overlay-opacity":"","overlay-gradient":""},"mobile":{"background-color":"var(--ast-global-color-5)","background-image":"","background-repeat":"repeat","background-position":"center center","background-size":"auto","background-attachment":"scroll","background-type":"","background-media":"","overlay-type":"","overlay-color":"","overlay-opacity":"","overlay-gradient":""}},"_themeisle_gutenberg_block_has_review":false},"product_brand":[],"product_cat":[101,342],"product_tag":[],"class_list":{"0":"post-130863","1":"product","2":"type-product","3":"status-publish","4":"has-post-thumbnail","6":"product_cat-zubehoer","7":"product_cat-kochen","8":"desktop-align-left","9":"tablet-align-left","10":"mobile-align-left","11":"ast-product-gallery-layout-vertical-slider","12":"ast-product-tabs-layout-horizontal","14":"first","15":"instock","16":"taxable","17":"shipping-taxable","18":"purchasable","19":"product-type-external"},"exclude_global_add_ons":[],"addons":[],"uagb_featured_image_src":{"full":["https:\/\/dachzeltnomaden.com\/shop\/wp-content\/uploads\/2024\/12\/Dachzeltnomaden-BIAOutdoor-Campingkocher_Set_Willi-Jagdhuette.webp",1206,1809,false],"thumbnail":["https:\/\/dachzeltnomaden.com\/shop\/wp-content\/uploads\/2024\/12\/Dachzeltnomaden-BIAOutdoor-Campingkocher_Set_Willi-Jagdhuette-1024x1024.webp",600,600,true],"medium":["https:\/\/dachzeltnomaden.com\/shop\/wp-content\/uploads\/2024\/12\/Dachzeltnomaden-BIAOutdoor-Campingkocher_Set_Willi-Jagdhuette-200x300.webp",200,300,true],"medium_large":["https:\/\/dachzeltnomaden.com\/shop\/wp-content\/uploads\/2024\/12\/Dachzeltnomaden-BIAOutdoor-Campingkocher_Set_Willi-Jagdhuette-768x1152.webp",768,1152,true],"large":["https:\/\/dachzeltnomaden.com\/shop\/wp-content\/uploads\/2024\/12\/Dachzeltnomaden-BIAOutdoor-Campingkocher_Set_Willi-Jagdhuette-683x1024.webp",342,512,true],"1536x1536":["https:\/\/dachzeltnomaden.com\/shop\/wp-content\/uploads\/2024\/12\/Dachzeltnomaden-BIAOutdoor-Campingkocher_Set_Willi-Jagdhuette-1024x1536.webp",1024,1536,true],"2048x2048":["https:\/\/dachzeltnomaden.com\/shop\/wp-content\/uploads\/2024\/12\/Dachzeltnomaden-BIAOutdoor-Campingkocher_Set_Willi-Jagdhuette.webp",1206,1809,false],"woocommerce_thumbnail":["https:\/\/dachzeltnomaden.com\/shop\/wp-content\/uploads\/2024\/12\/Dachzeltnomaden-BIAOutdoor-Campingkocher_Set_Willi-Jagdhuette-600x600.webp",600,600,true],"woocommerce_single":["https:\/\/dachzeltnomaden.com\/shop\/wp-content\/uploads\/2024\/12\/Dachzeltnomaden-BIAOutdoor-Campingkocher_Set_Willi-Jagdhuette-1024x1536.webp",1024,1536,true],"woocommerce_gallery_thumbnail":["https:\/\/dachzeltnomaden.com\/shop\/wp-content\/uploads\/2024\/12\/Dachzeltnomaden-BIAOutdoor-Campingkocher_Set_Willi-Jagdhuette-100x100.webp",100,100,true]},"uagb_author_info":{"display_name":"Jasmine","author_link":"https:\/\/dachzeltnomaden.com\/shop\/author\/"},"uagb_comment_info":0,"uagb_excerpt":"Willi Extended Campingkocher-Set von BIA Outdoor \u2013 Dein flexibler Begleiter f\u00fcr jedes Outdoor-Abenteuer Zum Campingkocher-Set Willi","_links":{"self":[{"href":"https:\/\/dachzeltnomaden.com\/shop\/wp-json\/wp\/v2\/product\/130863","targetHints":{"allow":["GET"]}}],"collection":[{"href":"https:\/\/dachzeltnomaden.com\/shop\/wp-json\/wp\/v2\/product"}],"about":[{"href":"https:\/\/dachzeltnomaden.com\/shop\/wp-json\/wp\/v2\/types\/product"}],"wp:featuredmedia":[{"embeddable":true,"href":"https:\/\/dachzeltnomaden.com\/shop\/wp-json\/wp\/v2\/media\/130870"}],"wp:attachment":[{"href":"https:\/\/dachzeltnomaden.com\/shop\/wp-json\/wp\/v2\/media?parent=130863"}],"wp:term":[{"taxonomy":"product_brand","embeddable":true,"href":"https:\/\/dachzeltnomaden.com\/shop\/wp-json\/wp\/v2\/product_brand?post=130863"},{"taxonomy":"product_cat","embeddable":true,"href":"https:\/\/dachzeltnomaden.com\/shop\/wp-json\/wp\/v2\/product_cat?post=130863"},{"taxonomy":"product_tag","embeddable":true,"href":"https:\/\/dachzeltnomaden.com\/shop\/wp-json\/wp\/v2\/product_tag?post=130863"}],"curies":[{"name":"wp","href":"https:\/\/api.w.org\/{rel}","templated":true}]}}