{"id":130754,"date":"2024-11-27T14:44:35","date_gmt":"2024-11-27T13:44:35","guid":{"rendered":"https:\/\/dachzeltnomaden.com\/shop\/?post_type=product&#038;p=130754"},"modified":"2025-11-10T07:40:53","modified_gmt":"2025-11-10T06:40:53","slug":"maentum-icecubex-25-50-liter-kompressor-kuehlbox","status":"publish","type":"product","link":"https:\/\/dachzeltnomaden.com\/shop\/produkt\/maentum-icecubex-25-50-liter-kompressor-kuehlbox\/","title":{"rendered":"MAENTUM IceCubeX 25-50 Liter Kompressor-K\u00fchlbox"},"content":{"rendered":"\n<div class=\"wp-block-uagb-container uagb-block-be52fc24 alignwide uagb-is-root-container\">\n<div class=\"wp-block-uagb-advanced-heading uagb-block-233add0f\"><h6 class=\"uagb-heading-text\">WERBUNG<\/h6><\/div>\n\n\n\n<p class=\"has-ast-global-color-5-color has-ast-global-color-2-background-color has-text-color has-background has-link-color wp-elements-e292056c03cd3542221b93cac2610c5c\">Zum Kochen brauchst du frische Lebensmittel und im Sommer ein k\u00fchles Getr\u00e4nk! Mit den Kompressor-K\u00fchlboxen von&nbsp;<a href=\"https:\/\/pluginfestivals.de\/?wpam_id=26\" target=\"_blank\" rel=\"noreferrer noopener\">MAENTUM<\/a>&nbsp;kein Problem:<br><br>*Die Links sind Affiliate Links. Wenn du dich f\u00fcr den Kauf einer MAENTUM Kompressor-K\u00fchlbox entscheidest, erhalten die Dachzeltnomaden eine Provision. Damit unterst\u00fctzt du uns &amp; unsere Arbeit. F\u00fcr dich kostet die MAENTUM Kompressor-K\u00fchlbox deshalb nicht mehr.<\/p>\n\n\n\n<div class=\"wp-block-uagb-advanced-heading uagb-block-b21af034\"><p class=\"uagb-desc-text\">Der Effizienteste, Leiseste und Coolste unter uns.<\/p><h2 class=\"uagb-heading-text\">IceCubeX &#8211; die neue Kompressor K\u00fchlbox von MAENTUM <\/h2><div class=\"uagb-separator\"><\/div><\/div>\n\n\n\n<p>Geboren auf Festivals, nun ist der IceCube zu einer Legende geworden. Mittlerweile ist der IceCube einer der bekanntesten Kompressor-K\u00fchlboxen in Deutschland. Er h\u00e4lt funktionell mit der obersten Liga mit und ist trotzdem auf einem geringen Preisniveau. St\u00e4ndige Weiterentwicklung, harte Erprobungen auf Festivals in ganz Europa und pers\u00f6nliche Ansprechpartner runden ein einzigartiges Produktangebot ab.<br><br>MAENTUM hat nun eine neue Generation ihrer altbew\u00e4hrten Kompressor &#8211; K\u00fchlbox herausgebracht, die MAENTUM IceCubeX.<br>Noch effizienter, cooler und leiser. Aber lies selbst:<\/p>\n<\/div>\n\n\n\n<div class=\"wp-block-uagb-container uagb-block-141ca434 alignwide uagb-is-root-container\">\n<div class=\"wp-block-uagb-container uagb-block-86687a67\">\n<div class=\"wp-block-uagb-advanced-heading uagb-block-a12a44bc\"><h3 class=\"uagb-heading-text\">IceCubeX<\/h3><\/div>\n\n\n\n<ul class=\"wp-block-list\">\n<li>1 Zone Kompressor-K\u00fchlung<\/li>\n\n\n\n<li>5 Gr\u00f6\u00dfen (25, 30, 40, 50 oder 65 Liter)<\/li>\n<\/ul>\n<\/div>\n\n\n\n<div class=\"wp-block-uagb-image uagb-block-194e4e96 wp-block-uagb-image--layout-default wp-block-uagb-image--effect-static wp-block-uagb-image--align-none\"><figure class=\"wp-block-uagb-image__figure\"><img decoding=\"async\" srcset=\"https:\/\/dachzeltnomaden.com\/shop\/wp-content\/uploads\/2024\/11\/Dachzeltnomaden_Shop-Kompressorkuehlbox-MAENTUM_ICX40-1024x1024.webp ,https:\/\/dachzeltnomaden.com\/shop\/wp-content\/uploads\/2024\/11\/Dachzeltnomaden_Shop-Kompressorkuehlbox-MAENTUM_ICX40.webp 780w, https:\/\/dachzeltnomaden.com\/shop\/wp-content\/uploads\/2024\/11\/Dachzeltnomaden_Shop-Kompressorkuehlbox-MAENTUM_ICX40.webp 360w\" sizes=\"auto, (max-width: 480px) 150px\" src=\"https:\/\/dachzeltnomaden.com\/shop\/wp-content\/uploads\/2024\/11\/Dachzeltnomaden_Shop-Kompressorkuehlbox-MAENTUM_ICX40-1024x1024.webp\" alt=\"Dachzeltnomaden Shop MAENTUM IceCubeX Kompressork\u00fchlbox kaufen\" class=\"uag-image-130755\" width=\"800\" height=\"350\" title=\"Dachzeltnomaden_Shop-Kompressorku\u0308hlbox-MAENTUM_ICX40\" loading=\"lazy\" role=\"img\"\/><\/figure><\/div>\n\n\n\n<div class=\"wp-block-uagb-image uagb-block-8a30feb0 wp-block-uagb-image--layout-default wp-block-uagb-image--effect-static wp-block-uagb-image--align-none\"><figure class=\"wp-block-uagb-image__figure\"><img decoding=\"async\" srcset=\"https:\/\/dachzeltnomaden.com\/shop\/wp-content\/uploads\/2024\/11\/Dachzeltnomaden_Shop-Kompressorkuehlbox-MAENTUM_ICX40-Uebersicht-1024x1024.webp ,https:\/\/dachzeltnomaden.com\/shop\/wp-content\/uploads\/2024\/11\/Dachzeltnomaden_Shop-Kompressorkuehlbox-MAENTUM_ICX40-Uebersicht.webp 780w, https:\/\/dachzeltnomaden.com\/shop\/wp-content\/uploads\/2024\/11\/Dachzeltnomaden_Shop-Kompressorkuehlbox-MAENTUM_ICX40-Uebersicht.webp 360w\" sizes=\"auto, (max-width: 480px) 150px\" src=\"https:\/\/dachzeltnomaden.com\/shop\/wp-content\/uploads\/2024\/11\/Dachzeltnomaden_Shop-Kompressorkuehlbox-MAENTUM_ICX40-Uebersicht-1024x1024.webp\" alt=\"Dachzeltnomaden Shop MAENTUM IceCubeX Kompressork\u00fchlbox kaufen\" class=\"uag-image-130756\" width=\"800\" height=\"350\" title=\"Dachzeltnomaden_Shop-Kompressorku\u0308hlbox-MAENTUM_ICX40-U\u0308bersicht\" loading=\"lazy\" role=\"img\"\/><\/figure><\/div>\n<\/div>\n\n\n\n<div class=\"wp-block-uagb-container uagb-block-ae00b476 alignwide uagb-is-root-container\">\n<div class=\"wp-block-uagb-container uagb-block-3d544ad6\"><style type=\"text\/css\">.otter-masonry .blocks-gallery-grid .blocks-gallery-item img{ width:100% }<\/style><div class=\"otter-masonry\" data-margin=\"10\">\n<figure class=\"wp-block-gallery aligncenter has-nested-images columns-2 is-cropped uag-masonry uagb-block-e119cf87 wp-block-gallery-1 is-layout-flex wp-block-gallery-is-layout-flex\">\n<figure class=\"wp-block-image size-full has-custom-border\"><img decoding=\"async\" width=\"1800\" height=\"1800\" data-id=\"130759\" src=\"https:\/\/dachzeltnomaden.com\/shop\/wp-content\/uploads\/2024\/11\/Dachzeltnomaden_Shop-Kompressorkuehlbox-MAENTUM_ICX40-Lifestyle.webp\" alt=\"Dachzeltnomaden Shop MAENTUM IceCubeX Kompressork\u00fchlbox kaufen\" class=\"wp-image-130759\" style=\"border-radius:10px\" srcset=\"https:\/\/dachzeltnomaden.com\/shop\/wp-content\/uploads\/2024\/11\/Dachzeltnomaden_Shop-Kompressorkuehlbox-MAENTUM_ICX40-Lifestyle.webp 1800w, https:\/\/dachzeltnomaden.com\/shop\/wp-content\/uploads\/2024\/11\/Dachzeltnomaden_Shop-Kompressorkuehlbox-MAENTUM_ICX40-Lifestyle-300x300.webp 300w, https:\/\/dachzeltnomaden.com\/shop\/wp-content\/uploads\/2024\/11\/Dachzeltnomaden_Shop-Kompressorkuehlbox-MAENTUM_ICX40-Lifestyle-1024x1024.webp 1024w, https:\/\/dachzeltnomaden.com\/shop\/wp-content\/uploads\/2024\/11\/Dachzeltnomaden_Shop-Kompressorkuehlbox-MAENTUM_ICX40-Lifestyle-768x768.webp 768w, https:\/\/dachzeltnomaden.com\/shop\/wp-content\/uploads\/2024\/11\/Dachzeltnomaden_Shop-Kompressorkuehlbox-MAENTUM_ICX40-Lifestyle-1536x1536.webp 1536w, https:\/\/dachzeltnomaden.com\/shop\/wp-content\/uploads\/2024\/11\/Dachzeltnomaden_Shop-Kompressorkuehlbox-MAENTUM_ICX40-Lifestyle-600x600.webp 600w, https:\/\/dachzeltnomaden.com\/shop\/wp-content\/uploads\/2024\/11\/Dachzeltnomaden_Shop-Kompressorkuehlbox-MAENTUM_ICX40-Lifestyle-100x100.webp 100w\" sizes=\"(max-width: 1800px) 100vw, 1800px\" \/><\/figure>\n\n\n\n<figure class=\"wp-block-image size-full has-custom-border\"><img decoding=\"async\" width=\"1800\" height=\"1800\" data-id=\"130758\" src=\"https:\/\/dachzeltnomaden.com\/shop\/wp-content\/uploads\/2024\/11\/Dachzeltnomaden_Shop-Kompressorkuehlbox-MAENTUM_ICX40-Groessen.webp\" alt=\"Dachzeltnomaden Shop MAENTUM IceCubeX Kompressork\u00fchlbox kaufen\" class=\"wp-image-130758\" style=\"border-radius:10px\" srcset=\"https:\/\/dachzeltnomaden.com\/shop\/wp-content\/uploads\/2024\/11\/Dachzeltnomaden_Shop-Kompressorkuehlbox-MAENTUM_ICX40-Groessen.webp 1800w, https:\/\/dachzeltnomaden.com\/shop\/wp-content\/uploads\/2024\/11\/Dachzeltnomaden_Shop-Kompressorkuehlbox-MAENTUM_ICX40-Groessen-300x300.webp 300w, https:\/\/dachzeltnomaden.com\/shop\/wp-content\/uploads\/2024\/11\/Dachzeltnomaden_Shop-Kompressorkuehlbox-MAENTUM_ICX40-Groessen-1024x1024.webp 1024w, https:\/\/dachzeltnomaden.com\/shop\/wp-content\/uploads\/2024\/11\/Dachzeltnomaden_Shop-Kompressorkuehlbox-MAENTUM_ICX40-Groessen-768x768.webp 768w, https:\/\/dachzeltnomaden.com\/shop\/wp-content\/uploads\/2024\/11\/Dachzeltnomaden_Shop-Kompressorkuehlbox-MAENTUM_ICX40-Groessen-1536x1536.webp 1536w, https:\/\/dachzeltnomaden.com\/shop\/wp-content\/uploads\/2024\/11\/Dachzeltnomaden_Shop-Kompressorkuehlbox-MAENTUM_ICX40-Groessen-600x600.webp 600w, https:\/\/dachzeltnomaden.com\/shop\/wp-content\/uploads\/2024\/11\/Dachzeltnomaden_Shop-Kompressorkuehlbox-MAENTUM_ICX40-Groessen-100x100.webp 100w\" sizes=\"(max-width: 1800px) 100vw, 1800px\" \/><\/figure>\n\n\n\n<figure class=\"wp-block-image size-full has-custom-border\"><img decoding=\"async\" width=\"1800\" height=\"1800\" data-id=\"130757\" src=\"https:\/\/dachzeltnomaden.com\/shop\/wp-content\/uploads\/2024\/11\/Dachzeltnomaden_Shop-Kompressorkuehlbox-MAENTUM_ICX40-App_Steuerung.webp\" alt=\"Dachzeltnomaden Shop MAENTUM IceCubeX Kompressork\u00fchlbox kaufen\" class=\"wp-image-130757\" style=\"border-radius:10px\" srcset=\"https:\/\/dachzeltnomaden.com\/shop\/wp-content\/uploads\/2024\/11\/Dachzeltnomaden_Shop-Kompressorkuehlbox-MAENTUM_ICX40-App_Steuerung.webp 1800w, https:\/\/dachzeltnomaden.com\/shop\/wp-content\/uploads\/2024\/11\/Dachzeltnomaden_Shop-Kompressorkuehlbox-MAENTUM_ICX40-App_Steuerung-300x300.webp 300w, https:\/\/dachzeltnomaden.com\/shop\/wp-content\/uploads\/2024\/11\/Dachzeltnomaden_Shop-Kompressorkuehlbox-MAENTUM_ICX40-App_Steuerung-1024x1024.webp 1024w, https:\/\/dachzeltnomaden.com\/shop\/wp-content\/uploads\/2024\/11\/Dachzeltnomaden_Shop-Kompressorkuehlbox-MAENTUM_ICX40-App_Steuerung-768x768.webp 768w, https:\/\/dachzeltnomaden.com\/shop\/wp-content\/uploads\/2024\/11\/Dachzeltnomaden_Shop-Kompressorkuehlbox-MAENTUM_ICX40-App_Steuerung-1536x1536.webp 1536w, https:\/\/dachzeltnomaden.com\/shop\/wp-content\/uploads\/2024\/11\/Dachzeltnomaden_Shop-Kompressorkuehlbox-MAENTUM_ICX40-App_Steuerung-600x600.webp 600w, https:\/\/dachzeltnomaden.com\/shop\/wp-content\/uploads\/2024\/11\/Dachzeltnomaden_Shop-Kompressorkuehlbox-MAENTUM_ICX40-App_Steuerung-100x100.webp 100w\" sizes=\"(max-width: 1800px) 100vw, 1800px\" \/><\/figure>\n\n\n\n<figure class=\"wp-block-image size-full has-custom-border\"><img decoding=\"async\" width=\"1600\" height=\"1600\" data-id=\"130760\" src=\"https:\/\/dachzeltnomaden.com\/shop\/wp-content\/uploads\/2024\/11\/Dachzeltnomaden_Shop-Kompressorkuehlbox-MAENTUM_ICX40-Magnetfunktion.webp\" alt=\"Dachzeltnomaden Shop MAENTUM IceCubeX Kompressork\u00fchlbox kaufen\" class=\"wp-image-130760\" style=\"border-radius:10px\" srcset=\"https:\/\/dachzeltnomaden.com\/shop\/wp-content\/uploads\/2024\/11\/Dachzeltnomaden_Shop-Kompressorkuehlbox-MAENTUM_ICX40-Magnetfunktion.webp 1600w, https:\/\/dachzeltnomaden.com\/shop\/wp-content\/uploads\/2024\/11\/Dachzeltnomaden_Shop-Kompressorkuehlbox-MAENTUM_ICX40-Magnetfunktion-300x300.webp 300w, https:\/\/dachzeltnomaden.com\/shop\/wp-content\/uploads\/2024\/11\/Dachzeltnomaden_Shop-Kompressorkuehlbox-MAENTUM_ICX40-Magnetfunktion-1024x1024.webp 1024w, https:\/\/dachzeltnomaden.com\/shop\/wp-content\/uploads\/2024\/11\/Dachzeltnomaden_Shop-Kompressorkuehlbox-MAENTUM_ICX40-Magnetfunktion-768x768.webp 768w, https:\/\/dachzeltnomaden.com\/shop\/wp-content\/uploads\/2024\/11\/Dachzeltnomaden_Shop-Kompressorkuehlbox-MAENTUM_ICX40-Magnetfunktion-1536x1536.webp 1536w, https:\/\/dachzeltnomaden.com\/shop\/wp-content\/uploads\/2024\/11\/Dachzeltnomaden_Shop-Kompressorkuehlbox-MAENTUM_ICX40-Magnetfunktion-600x600.webp 600w, https:\/\/dachzeltnomaden.com\/shop\/wp-content\/uploads\/2024\/11\/Dachzeltnomaden_Shop-Kompressorkuehlbox-MAENTUM_ICX40-Magnetfunktion-100x100.webp 100w\" sizes=\"(max-width: 1600px) 100vw, 1600px\" \/><\/figure>\n<\/figure>\n<\/div><\/div>\n\n\n\n<div class=\"wp-block-uagb-container uagb-block-76ea1ad4\">\n<div class=\"wp-block-uagb-advanced-heading uagb-block-6ae496a8\"><h2 class=\"uagb-heading-text\">KEY FACTS<\/h2><\/div>\n\n\n\n<ul class=\"wp-block-list\">\n<li>High End Vakuum-Isolierung&nbsp;15 % weniger Energieverbrauch<\/li>\n\n\n\n<li>Ultra leise \u2013 qAIR 2.0&nbsp;effizienteres System des qAIR<\/li>\n\n\n\n<li>Effizientes Touch Display&nbsp;mit automatischem Turnoff<\/li>\n\n\n\n<li>Turbo&nbsp;Power: In 30 Minuten von 25 Grad auf 0 Grad<\/li>\n\n\n\n<li>Per App steuerbar&nbsp;mit USB und USB-C Ladeanschl\u00fcssen<\/li>\n\n\n\n<li>Temperatur einstellbar bis -20 Grad<\/li>\n\n\n\n<li>Stehh\u00f6he 1,5 Liter Flasche<\/li>\n\n\n\n<li>Entwickelt und designed in M\u00fcnchen<\/li>\n<\/ul>\n\n\n\n<div class=\"wp-block-buttons is-layout-flex wp-block-buttons-is-layout-flex\">\n<div class=\"wp-block-button\"><a class=\"wp-block-button__link wp-element-button\" href=\"https:\/\/maentum.de\/products\/icecubex-40-kompressor-kuehlbox-12-24-230v-40l?sca_ref=7333186.05SYnCeDvQ0Km92\" target=\"_blank\" rel=\"noreferrer noopener\">Zur IceCubeX<\/a><\/div>\n<\/div>\n<\/div>\n<\/div>\n","protected":false},"excerpt":{"rendered":"<p>WERBUNG Zum Kochen brauchst du frische Lebensmittel und im Sommer ein k\u00fchles Getr\u00e4nk! Mit den Kompressor-K\u00fchlboxen von&nbsp;MAENTUM&nbsp;kein Problem: *Die Links [&hellip;]<\/p>\n","protected":false},"featured_media":130755,"template":"","meta":{"_uag_custom_page_level_css":"","site-sidebar-layout":"default","site-content-layout":"","ast-site-content-layout":"default","site-content-style":"default","site-sidebar-style":"default","ast-global-header-display":"","ast-banner-title-visibility":"","ast-main-header-display":"","ast-hfb-above-header-display":"","ast-hfb-below-header-display":"","ast-hfb-mobile-header-display":"","site-post-title":"","ast-breadcrumbs-content":"","ast-featured-img":"","footer-sml-layout":"","ast-disable-related-posts":"","theme-transparent-header-meta":"","adv-header-id-meta":"","stick-header-meta":"","header-above-stick-meta":"","header-main-stick-meta":"","header-below-stick-meta":"","astra-migrate-meta-layouts":"default","ast-page-background-enabled":"default","ast-page-background-meta":{"desktop":{"background-color":"var(--ast-global-color-4)","background-image":"","background-repeat":"repeat","background-position":"center center","background-size":"auto","background-attachment":"scroll","background-type":"","background-media":"","overlay-type":"","overlay-color":"","overlay-opacity":"","overlay-gradient":""},"tablet":{"background-color":"","background-image":"","background-repeat":"repeat","background-position":"center center","background-size":"auto","background-attachment":"scroll","background-type":"","background-media":"","overlay-type":"","overlay-color":"","overlay-opacity":"","overlay-gradient":""},"mobile":{"background-color":"","background-image":"","background-repeat":"repeat","background-position":"center center","background-size":"auto","background-attachment":"scroll","background-type":"","background-media":"","overlay-type":"","overlay-color":"","overlay-opacity":"","overlay-gradient":""}},"ast-content-background-meta":{"desktop":{"background-color":"var(--ast-global-color-5)","background-image":"","background-repeat":"repeat","background-position":"center center","background-size":"auto","background-attachment":"scroll","background-type":"","background-media":"","overlay-type":"","overlay-color":"","overlay-opacity":"","overlay-gradient":""},"tablet":{"background-color":"var(--ast-global-color-5)","background-image":"","background-repeat":"repeat","background-position":"center center","background-size":"auto","background-attachment":"scroll","background-type":"","background-media":"","overlay-type":"","overlay-color":"","overlay-opacity":"","overlay-gradient":""},"mobile":{"background-color":"var(--ast-global-color-5)","background-image":"","background-repeat":"repeat","background-position":"center center","background-size":"auto","background-attachment":"scroll","background-type":"","background-media":"","overlay-type":"","overlay-color":"","overlay-opacity":"","overlay-gradient":""}},"_themeisle_gutenberg_block_has_review":false},"product_brand":[],"product_cat":[101,115],"product_tag":[],"class_list":{"0":"post-130754","1":"product","2":"type-product","3":"status-publish","4":"has-post-thumbnail","6":"product_cat-zubehoer","7":"product_cat-kuehlen","8":"desktop-align-left","9":"tablet-align-left","10":"mobile-align-left","11":"ast-product-gallery-layout-vertical-slider","12":"ast-product-tabs-layout-horizontal","14":"first","15":"instock","16":"taxable","17":"shipping-taxable","18":"purchasable","19":"product-type-external"},"exclude_global_add_ons":[],"addons":[],"uagb_featured_image_src":{"full":["https:\/\/dachzeltnomaden.com\/shop\/wp-content\/uploads\/2024\/11\/Dachzeltnomaden_Shop-Kompressorkuehlbox-MAENTUM_ICX40.webp",1800,1800,false],"thumbnail":["https:\/\/dachzeltnomaden.com\/shop\/wp-content\/uploads\/2024\/11\/Dachzeltnomaden_Shop-Kompressorkuehlbox-MAENTUM_ICX40-1024x1024.webp",600,600,true],"medium":["https:\/\/dachzeltnomaden.com\/shop\/wp-content\/uploads\/2024\/11\/Dachzeltnomaden_Shop-Kompressorkuehlbox-MAENTUM_ICX40-300x300.webp",300,300,true],"medium_large":["https:\/\/dachzeltnomaden.com\/shop\/wp-content\/uploads\/2024\/11\/Dachzeltnomaden_Shop-Kompressorkuehlbox-MAENTUM_ICX40-768x768.webp",768,768,true],"large":["https:\/\/dachzeltnomaden.com\/shop\/wp-content\/uploads\/2024\/11\/Dachzeltnomaden_Shop-Kompressorkuehlbox-MAENTUM_ICX40-1024x1024.webp",512,512,true],"1536x1536":["https:\/\/dachzeltnomaden.com\/shop\/wp-content\/uploads\/2024\/11\/Dachzeltnomaden_Shop-Kompressorkuehlbox-MAENTUM_ICX40-1536x1536.webp",1536,1536,true],"2048x2048":["https:\/\/dachzeltnomaden.com\/shop\/wp-content\/uploads\/2024\/11\/Dachzeltnomaden_Shop-Kompressorkuehlbox-MAENTUM_ICX40.webp",1800,1800,false],"woocommerce_thumbnail":["https:\/\/dachzeltnomaden.com\/shop\/wp-content\/uploads\/2024\/11\/Dachzeltnomaden_Shop-Kompressorkuehlbox-MAENTUM_ICX40-600x600.webp",600,600,true],"woocommerce_single":["https:\/\/dachzeltnomaden.com\/shop\/wp-content\/uploads\/2024\/11\/Dachzeltnomaden_Shop-Kompressorkuehlbox-MAENTUM_ICX40-1024x1024.webp",1024,1024,true],"woocommerce_gallery_thumbnail":["https:\/\/dachzeltnomaden.com\/shop\/wp-content\/uploads\/2024\/11\/Dachzeltnomaden_Shop-Kompressorkuehlbox-MAENTUM_ICX40-100x100.webp",100,100,true]},"uagb_author_info":{"display_name":"Jasmine","author_link":"https:\/\/dachzeltnomaden.com\/shop\/author\/"},"uagb_comment_info":0,"uagb_excerpt":"WERBUNG Zum Kochen brauchst du frische Lebensmittel und im Sommer ein k\u00fchles Getr\u00e4nk! Mit den Kompressor-K\u00fchlboxen von&nbsp;MAENTUM&nbsp;kein Problem: *Die Links [&hellip;]","_links":{"self":[{"href":"https:\/\/dachzeltnomaden.com\/shop\/wp-json\/wp\/v2\/product\/130754","targetHints":{"allow":["GET"]}}],"collection":[{"href":"https:\/\/dachzeltnomaden.com\/shop\/wp-json\/wp\/v2\/product"}],"about":[{"href":"https:\/\/dachzeltnomaden.com\/shop\/wp-json\/wp\/v2\/types\/product"}],"wp:featuredmedia":[{"embeddable":true,"href":"https:\/\/dachzeltnomaden.com\/shop\/wp-json\/wp\/v2\/media\/130755"}],"wp:attachment":[{"href":"https:\/\/dachzeltnomaden.com\/shop\/wp-json\/wp\/v2\/media?parent=130754"}],"wp:term":[{"taxonomy":"product_brand","embeddable":true,"href":"https:\/\/dachzeltnomaden.com\/shop\/wp-json\/wp\/v2\/product_brand?post=130754"},{"taxonomy":"product_cat","embeddable":true,"href":"https:\/\/dachzeltnomaden.com\/shop\/wp-json\/wp\/v2\/product_cat?post=130754"},{"taxonomy":"product_tag","embeddable":true,"href":"https:\/\/dachzeltnomaden.com\/shop\/wp-json\/wp\/v2\/product_tag?post=130754"}],"curies":[{"name":"wp","href":"https:\/\/api.w.org\/{rel}","templated":true}]}}