{"id":130070,"date":"2024-11-13T12:38:55","date_gmt":"2024-11-13T11:38:55","guid":{"rendered":"https:\/\/dachzeltnomaden.com\/shop\/?post_type=product&#038;p=130070"},"modified":"2026-04-11T06:34:44","modified_gmt":"2026-04-11T04:34:44","slug":"dachzeltnomaden-privatverkauf-autohome-maggiolina-airlander-plus-medium","status":"publish","type":"product","link":"https:\/\/dachzeltnomaden.com\/shop\/produkt\/dachzeltnomaden-privatverkauf-autohome-maggiolina-airlander-plus-medium\/","title":{"rendered":"Autohome Maggiolina Airlander Plus Medium"},"content":{"rendered":"\n<p>Hol dir das Autohome Dachzelt direkt bei Rebecca (Privatverkauf)!<\/p>\n\n\n\n<p>Das Autohome Maggiolina Airlander Plus Medium hat Rebecca auf ihren Reisen begleitet. Du kannst es im Westerwald besichtigen und abholen, vereinbare dazu am besten einen Termin per WhatsApp\u00a0<a href=\"https:\/\/wa.me\/message\/Q54MFHJUCCR6G1\" target=\"_blank\" rel=\"noopener\">(+49 1516 2475553)<\/a>\u00a0oder per Mail (mail@dachzeltnomaden.com) mit Rebecca!<br><br>Das Dachzelt ist ein Autohome Maggiolina Airlander Plus Medium Hartschalen Dachzelt aus 2018 und in gutem Zustand. Der Neupreis liegt bei 3.539 Euro. Das Dachzelt ist voll funktionsf\u00e4hig und hat keine gro\u00dfen M\u00e4ngel.<\/p>\n\n\n\n<p><strong>Details zum Dachzelt:<\/strong><\/p>\n\n\n\n<ul class=\"wp-block-list\">\n<li>L\u00e4nge: 210 cm<\/li>\n\n\n\n<li>Breite: 145 cm<\/li>\n\n\n\n<li>H\u00f6he geschlossen: 30 cm<\/li>\n\n\n\n<li>H\u00f6he ge\u00f6ffnet: 110 cm (du kannst im Dachzelt sitzen!)<\/li>\n\n\n\n<li>Liegefl\u00e4che: ca. 140 x 190 cm (bis 185 cm K\u00f6rpergr\u00f6\u00dfe passend)<\/li>\n\n\n\n<li>Gewicht: ca. 68 Kg (mit Dachtr\u00e4gern und Bettw\u00e4sche passend bei 75kg Dachlast des Autos)<\/li>\n\n\n\n<li>Farbe GFK Hartschale: schwarz<\/li>\n\n\n\n<li>Farbe Stoff: dunkelgrau (es ist dunkel im Dachzelt &#8211; auch nach Sonnenaufgang)<\/li>\n\n\n\n<li>Gr\u00f6\u00dfe: medium (F\u00fcr 2 Erwachsene + 1 Kind geeignet)<\/li>\n\n\n\n<li>Zubeh\u00f6r: Mesh-Unterlage, Matratze, Befestigungs-Set f\u00fcr Dachgep\u00e4cktr\u00e4ger (neu!), Aufbewahrungsnetz im Dachzelt, Lampe im Dachzelt, Handkurbel, Alu-Leiter<\/li>\n\n\n\n<li>Das Dachzelt ist in 1 Minute aufgebaut und in 2-3 Minuten komplett abgebaut. Also auch bei schlechtem Wetter kein Problem &#8211; ein klarer Vorteil gegen\u00fcber den g\u00fcnstigeren Klappdachzelten.<\/li>\n<\/ul>\n\n\n\n<p><strong>Zustand des Dachzelt:<\/strong><\/p>\n\n\n\n<p>Der Stoff sieht auf den Bildern so \u201ekrumpelig\u201c aus, weil er neu ist. \ud83d\ude09<\/p>\n\n\n\n<p>Die Matratze des Dachzeltes wurde 2023 erneuert. Der komplette Stoff ist neu und unbenutzt. Wir haben den Stoff neu bestellt und im M\u00e4rz 2024 auf das Dachzelt aufgezogen. Damit sind auch die Fliegengitter komplett neu &#8211; diese sind leider h\u00e4ufig gerissen bei den \u00e4lteren Modellen dieses Dachzeltes.<\/p>\n\n\n\n<p>Bettw\u00e4sche und Schlaf-Klamotten kann man auch w\u00e4hrend der Fahrt im Dachzelt lassen.<\/p>\n\n\n\n<p>Ich mag bei dem Dachzelt ganz besonders die tolle Haptik des Stoffes. Der Stoff des Dachzeltes hat einen hohen Baumwollanteil und f\u00fchlt sich richtig gut an. Auch bei Feuchtigkeit ist der Stoff und das Raumklima noch angenehm &#8211; egal ob Kondenswasser von innen oder Regenwasser von au\u00dfen.<\/p>\n\n\n\n<p>Das Dachzelt hat keine gro\u00dfen M\u00e4ngel, die beeintr\u00e4chtigen w\u00fcrden, aber nat\u00fcrlich ein paar kleine Gebrauchsspuren. Die Schnallen sind ein wenig rostig und die Kurbel sieht recht mitgenommen aus. Der Stoff ist wie beschrieben neu und auch die Matratze neuwertig. Einzig bei der Oberschale ist noch zu erkennen, dass wir einmal ein Solarpanel darauf geklebt haben.<\/p>\n\n\n\n<p>++++++<\/p>\n\n\n\n<p><strong>Hast du Fragen?<\/strong><br>Dann schreibe uns eine Nachricht auf WhatsApp&nbsp;<a href=\"https:\/\/wa.me\/message\/Q54MFHJUCCR6G1\" target=\"_blank\" rel=\"noopener\">(+49 1516 2475553)<\/a>&nbsp;oder per Mail (mail@dachzeltnomaden.com).&nbsp;<br>Wir melden uns von Mo-Fr innerhalb von 24 Stunden zur\u00fcck!&nbsp;<\/p>\n\n\n\n<p>++++++<\/p>\n\n\n\n<p>Du willst das&nbsp;<strong>Dachzelt direkt kaufen<\/strong>? Eine Besichtigung und Abholung ist im Westerwald m\u00f6glich.<\/p>\n\n\n\n<p>*Dies ist ein Privatverkauf von Rebecca. Die Ware wird wie gesehen und unter Ausschluss jeglicher Gew\u00e4hrleistung verkauft.*<\/p>\n","protected":false},"excerpt":{"rendered":"<p>Hol dir das Autohome Dachzelt direkt bei Rebecca (Privatverkauf)! Das Autohome Maggiolina Airlander Plus Medium hat Rebecca auf ihren Reisen [&hellip;]<\/p>\n","protected":false},"featured_media":130087,"template":"","meta":{"_uag_custom_page_level_css":"","site-sidebar-layout":"default","site-content-layout":"","ast-site-content-layout":"default","site-content-style":"default","site-sidebar-style":"default","ast-global-header-display":"","ast-banner-title-visibility":"","ast-main-header-display":"","ast-hfb-above-header-display":"","ast-hfb-below-header-display":"","ast-hfb-mobile-header-display":"","site-post-title":"","ast-breadcrumbs-content":"","ast-featured-img":"","footer-sml-layout":"","ast-disable-related-posts":"","theme-transparent-header-meta":"","adv-header-id-meta":"","stick-header-meta":"","header-above-stick-meta":"","header-main-stick-meta":"","header-below-stick-meta":"","astra-migrate-meta-layouts":"default","ast-page-background-enabled":"default","ast-page-background-meta":{"desktop":{"background-color":"var(--ast-global-color-4)","background-image":"","background-repeat":"repeat","background-position":"center center","background-size":"auto","background-attachment":"scroll","background-type":"","background-media":"","overlay-type":"","overlay-color":"","overlay-opacity":"","overlay-gradient":""},"tablet":{"background-color":"","background-image":"","background-repeat":"repeat","background-position":"center center","background-size":"auto","background-attachment":"scroll","background-type":"","background-media":"","overlay-type":"","overlay-color":"","overlay-opacity":"","overlay-gradient":""},"mobile":{"background-color":"","background-image":"","background-repeat":"repeat","background-position":"center center","background-size":"auto","background-attachment":"scroll","background-type":"","background-media":"","overlay-type":"","overlay-color":"","overlay-opacity":"","overlay-gradient":""}},"ast-content-background-meta":{"desktop":{"background-color":"var(--ast-global-color-5)","background-image":"","background-repeat":"repeat","background-position":"center center","background-size":"auto","background-attachment":"scroll","background-type":"","background-media":"","overlay-type":"","overlay-color":"","overlay-opacity":"","overlay-gradient":""},"tablet":{"background-color":"var(--ast-global-color-5)","background-image":"","background-repeat":"repeat","background-position":"center center","background-size":"auto","background-attachment":"scroll","background-type":"","background-media":"","overlay-type":"","overlay-color":"","overlay-opacity":"","overlay-gradient":""},"mobile":{"background-color":"var(--ast-global-color-5)","background-image":"","background-repeat":"repeat","background-position":"center center","background-size":"auto","background-attachment":"scroll","background-type":"","background-media":"","overlay-type":"","overlay-color":"","overlay-opacity":"","overlay-gradient":""}},"_themeisle_gutenberg_block_has_review":false},"product_brand":[],"product_cat":[100],"product_tag":[],"class_list":{"0":"post-130070","1":"product","2":"type-product","3":"status-publish","4":"has-post-thumbnail","6":"product_cat-rabatte","7":"product_shipping_class-abholung-im-dachzelt-dorf","8":"desktop-align-left","9":"tablet-align-left","10":"mobile-align-left","11":"ast-product-gallery-layout-vertical-slider","12":"ast-product-tabs-layout-horizontal","14":"first","15":"outofstock","16":"sale","17":"taxable","18":"shipping-taxable","19":"purchasable","20":"product-type-simple"},"exclude_global_add_ons":[],"addons":[],"uagb_featured_image_src":{"full":["https:\/\/dachzeltnomaden.com\/shop\/wp-content\/uploads\/2024\/11\/Dachzelt-Autohome-Rebecca-1_1024_5.webp",1024,768,false],"thumbnail":["https:\/\/dachzeltnomaden.com\/shop\/wp-content\/uploads\/2024\/11\/Dachzelt-Autohome-Rebecca-1_1024_5.webp",600,450,false],"medium":["https:\/\/dachzeltnomaden.com\/shop\/wp-content\/uploads\/2024\/11\/Dachzelt-Autohome-Rebecca-1_1024_5-300x225.webp",300,225,true],"medium_large":["https:\/\/dachzeltnomaden.com\/shop\/wp-content\/uploads\/2024\/11\/Dachzelt-Autohome-Rebecca-1_1024_5-768x576.webp",768,576,true],"large":["https:\/\/dachzeltnomaden.com\/shop\/wp-content\/uploads\/2024\/11\/Dachzelt-Autohome-Rebecca-1_1024_5.webp",683,512,false],"1536x1536":["https:\/\/dachzeltnomaden.com\/shop\/wp-content\/uploads\/2024\/11\/Dachzelt-Autohome-Rebecca-1_1024_5.webp",1024,768,false],"2048x2048":["https:\/\/dachzeltnomaden.com\/shop\/wp-content\/uploads\/2024\/11\/Dachzelt-Autohome-Rebecca-1_1024_5.webp",1024,768,false],"woocommerce_thumbnail":["https:\/\/dachzeltnomaden.com\/shop\/wp-content\/uploads\/2024\/11\/Dachzelt-Autohome-Rebecca-1_1024_5-600x600.webp",600,600,true],"woocommerce_single":["https:\/\/dachzeltnomaden.com\/shop\/wp-content\/uploads\/2024\/11\/Dachzelt-Autohome-Rebecca-1_1024_5.webp",1024,768,false],"woocommerce_gallery_thumbnail":["https:\/\/dachzeltnomaden.com\/shop\/wp-content\/uploads\/2024\/11\/Dachzelt-Autohome-Rebecca-1_1024_5-100x100.webp",100,100,true]},"uagb_author_info":{"display_name":"Jasmine","author_link":"https:\/\/dachzeltnomaden.com\/shop\/author\/"},"uagb_comment_info":0,"uagb_excerpt":"Hol dir das Autohome Dachzelt direkt bei Rebecca (Privatverkauf)! Das Autohome Maggiolina Airlander Plus Medium hat Rebecca auf ihren Reisen [&hellip;]","_links":{"self":[{"href":"https:\/\/dachzeltnomaden.com\/shop\/wp-json\/wp\/v2\/product\/130070","targetHints":{"allow":["GET"]}}],"collection":[{"href":"https:\/\/dachzeltnomaden.com\/shop\/wp-json\/wp\/v2\/product"}],"about":[{"href":"https:\/\/dachzeltnomaden.com\/shop\/wp-json\/wp\/v2\/types\/product"}],"wp:featuredmedia":[{"embeddable":true,"href":"https:\/\/dachzeltnomaden.com\/shop\/wp-json\/wp\/v2\/media\/130087"}],"wp:attachment":[{"href":"https:\/\/dachzeltnomaden.com\/shop\/wp-json\/wp\/v2\/media?parent=130070"}],"wp:term":[{"taxonomy":"product_brand","embeddable":true,"href":"https:\/\/dachzeltnomaden.com\/shop\/wp-json\/wp\/v2\/product_brand?post=130070"},{"taxonomy":"product_cat","embeddable":true,"href":"https:\/\/dachzeltnomaden.com\/shop\/wp-json\/wp\/v2\/product_cat?post=130070"},{"taxonomy":"product_tag","embeddable":true,"href":"https:\/\/dachzeltnomaden.com\/shop\/wp-json\/wp\/v2\/product_tag?post=130070"}],"curies":[{"name":"wp","href":"https:\/\/api.w.org\/{rel}","templated":true}]}}