{"id":129707,"date":"2024-09-27T10:03:02","date_gmt":"2024-09-27T08:03:02","guid":{"rendered":"https:\/\/dachzeltnomaden.com\/shop\/?post_type=product&#038;p=129707"},"modified":"2026-04-11T06:35:19","modified_gmt":"2026-04-11T04:35:19","slug":"dachzelt-dorf-thulba-qeedo-freedom-slim","status":"publish","type":"product","link":"https:\/\/dachzeltnomaden.com\/shop\/produkt\/dachzelt-dorf-thulba-qeedo-freedom-slim\/","title":{"rendered":"DACHZELT DORF Thulba &#8211; qeedo Freedom Slim"},"content":{"rendered":"\n<p>Hol dir das qeedo Freedom Slim Dachzelt direkt bei uns!<\/p>\n\n\n\n<p>Das qeedo Freedom Slim steht derzeit im <a href=\"https:\/\/dachzelt-dorf.com\/thulba\/\" data-type=\"link\" data-id=\"https:\/\/dachzelt-dorf.com\/thulba\/\" target=\"_blank\" rel=\"noreferrer noopener\">DACHZELT DORF Thulba<\/a>. Es kam mittlerweile zu einem Sturmschaden, weswegen wir das Dachzelt an Bastler zu einem superg\u00fcnstigen Preis abgeben!<\/p>\n\n\n\n<p><strong>Details zum Dachzelt:<\/strong><\/p>\n\n\n\n<ul class=\"wp-block-list\">\n<li>Matratze: 140 x 210x  5cm Schaumstoffmatratze inkl. Mesh<\/li>\n\n\n\n<li>Zelt-Stoff: blickdichter 210D Polycotton Ripstop Polyester<\/li>\n\n\n\n<li>Abdeckung: pulverbeschichtetes Aluminium<\/li>\n\n\n\n<li>Geschlossen: 224 x 155 x 18 cm<\/li>\n\n\n\n<li>Gewicht: ca. 67,7 kg<\/li>\n<\/ul>\n\n\n\n<p><strong>Zustand des Dachzeltes:<\/strong><\/p>\n\n\n\n<p>Bei einem Sturm ist ein Baum auf das Dachzelt gefallen, weswegen die Hartschale leicht demoliert und das innenliegende Zeltgest\u00e4nge leicht verbogen ist. Ein  Rei\u00dfverschluss ist defekt. Au\u00dferdem ist der Stoff durch die Sonne etwas ausgeblichen. Das Dachzelt ist mit ein paar geschickten H\u00e4nden definitiv wieder in Ordnung zu bringen und nutzbar!<\/p>\n\n\n\n<p>++++++<\/p>\n\n\n\n<p><strong>Hast du Fragen?<\/strong><br>Dann schreibe uns eine Nachricht auf WhatsApp&nbsp;<a href=\"https:\/\/wa.me\/message\/Q54MFHJUCCR6G1\" target=\"_blank\" rel=\"noreferrer noopener\">(+49 1516 2475553)<\/a>&nbsp;oder per Mail (mail@dachzeltnomaden.com).&nbsp;<br>Wir melden uns von Mo-Fr innerhalb von 24 Stunden zur\u00fcck!&nbsp;<\/p>\n\n\n\n<p>++++++<\/p>\n\n\n\n<p>Du willst das&nbsp;<strong>Dachzelt direkt kaufen<\/strong>? Du kannst ab sofort das Dachzelt direkt kaufen und mit uns einen Abholtermin im DACHZELT DORF vereinbaren.<\/p>\n\n\n\n<p>Du willst genau dieses <strong>qeedo Dachzelt lieber neu kaufen und dir liefern lassen?<\/strong> <a href=\"https:\/\/dachzeltnomaden.com\/dachzelte-bei-qeedo\/\" data-type=\"link\" data-id=\"https:\/\/dachzeltnomaden.com\/dachzelte-bei-qeedo\/\" target=\"_blank\" rel=\"noreferrer noopener\">Dann gehts f\u00fcr dich hier entlang.<\/a><\/p>\n\n\n\n<p>&nbsp;<\/p>\n\n\n\n<p><\/p>\n","protected":false},"excerpt":{"rendered":"<p>Hol dir das qeedo Freedom Slim Dachzelt direkt bei uns! Das qeedo Freedom Slim steht derzeit im DACHZELT DORF Thulba. [&hellip;]<\/p>\n","protected":false},"featured_media":130778,"template":"","meta":{"_uag_custom_page_level_css":"","site-sidebar-layout":"default","site-content-layout":"","ast-site-content-layout":"default","site-content-style":"default","site-sidebar-style":"default","ast-global-header-display":"","ast-banner-title-visibility":"","ast-main-header-display":"","ast-hfb-above-header-display":"","ast-hfb-below-header-display":"","ast-hfb-mobile-header-display":"","site-post-title":"","ast-breadcrumbs-content":"","ast-featured-img":"","footer-sml-layout":"","ast-disable-related-posts":"","theme-transparent-header-meta":"default","adv-header-id-meta":"","stick-header-meta":"default","header-above-stick-meta":"","header-main-stick-meta":"","header-below-stick-meta":"","astra-migrate-meta-layouts":"set","ast-page-background-enabled":"default","ast-page-background-meta":{"desktop":{"background-color":"var(--ast-global-color-4)","background-image":"","background-repeat":"repeat","background-position":"center center","background-size":"auto","background-attachment":"scroll","background-type":"","background-media":"","overlay-type":"","overlay-color":"","overlay-opacity":"","overlay-gradient":""},"tablet":{"background-color":"","background-image":"","background-repeat":"repeat","background-position":"center center","background-size":"auto","background-attachment":"scroll","background-type":"","background-media":"","overlay-type":"","overlay-color":"","overlay-opacity":"","overlay-gradient":""},"mobile":{"background-color":"","background-image":"","background-repeat":"repeat","background-position":"center center","background-size":"auto","background-attachment":"scroll","background-type":"","background-media":"","overlay-type":"","overlay-color":"","overlay-opacity":"","overlay-gradient":""}},"ast-content-background-meta":{"desktop":{"background-color":"var(--ast-global-color-5)","background-image":"","background-repeat":"repeat","background-position":"center center","background-size":"auto","background-attachment":"scroll","background-type":"","background-media":"","overlay-type":"","overlay-color":"","overlay-opacity":"","overlay-gradient":""},"tablet":{"background-color":"var(--ast-global-color-5)","background-image":"","background-repeat":"repeat","background-position":"center center","background-size":"auto","background-attachment":"scroll","background-type":"","background-media":"","overlay-type":"","overlay-color":"","overlay-opacity":"","overlay-gradient":""},"mobile":{"background-color":"var(--ast-global-color-5)","background-image":"","background-repeat":"repeat","background-position":"center center","background-size":"auto","background-attachment":"scroll","background-type":"","background-media":"","overlay-type":"","overlay-color":"","overlay-opacity":"","overlay-gradient":""}},"_themeisle_gutenberg_block_has_review":false},"product_brand":[],"product_cat":[100],"product_tag":[],"class_list":{"0":"post-129707","1":"product","2":"type-product","3":"status-publish","4":"has-post-thumbnail","6":"product_cat-rabatte","7":"product_shipping_class-abholung-im-dachzelt-dorf","8":"desktop-align-left","9":"tablet-align-left","10":"mobile-align-left","11":"ast-product-gallery-layout-vertical-slider","12":"ast-product-tabs-layout-horizontal","14":"first","15":"outofstock","16":"sale","17":"taxable","18":"shipping-taxable","19":"purchasable","20":"product-type-simple"},"exclude_global_add_ons":[],"addons":[],"uagb_featured_image_src":{"full":["https:\/\/dachzeltnomaden.com\/shop\/wp-content\/uploads\/2024\/09\/Dachzelt-Dorf-Thulba-qeedo_freedom_slim_2023-22-1536x1152-1-1024x768_25.webp",1024,768,false],"thumbnail":["https:\/\/dachzeltnomaden.com\/shop\/wp-content\/uploads\/2024\/09\/Dachzelt-Dorf-Thulba-qeedo_freedom_slim_2023-22-1536x1152-1-1024x768_25.webp",600,450,false],"medium":["https:\/\/dachzeltnomaden.com\/shop\/wp-content\/uploads\/2024\/09\/Dachzelt-Dorf-Thulba-qeedo_freedom_slim_2023-22-1536x1152-1-1024x768_25-300x225.webp",300,225,true],"medium_large":["https:\/\/dachzeltnomaden.com\/shop\/wp-content\/uploads\/2024\/09\/Dachzelt-Dorf-Thulba-qeedo_freedom_slim_2023-22-1536x1152-1-1024x768_25-768x576.webp",768,576,true],"large":["https:\/\/dachzeltnomaden.com\/shop\/wp-content\/uploads\/2024\/09\/Dachzelt-Dorf-Thulba-qeedo_freedom_slim_2023-22-1536x1152-1-1024x768_25.webp",683,512,false],"1536x1536":["https:\/\/dachzeltnomaden.com\/shop\/wp-content\/uploads\/2024\/09\/Dachzelt-Dorf-Thulba-qeedo_freedom_slim_2023-22-1536x1152-1-1024x768_25.webp",1024,768,false],"2048x2048":["https:\/\/dachzeltnomaden.com\/shop\/wp-content\/uploads\/2024\/09\/Dachzelt-Dorf-Thulba-qeedo_freedom_slim_2023-22-1536x1152-1-1024x768_25.webp",1024,768,false],"woocommerce_thumbnail":["https:\/\/dachzeltnomaden.com\/shop\/wp-content\/uploads\/2024\/09\/Dachzelt-Dorf-Thulba-qeedo_freedom_slim_2023-22-1536x1152-1-1024x768_25-600x600.webp",600,600,true],"woocommerce_single":["https:\/\/dachzeltnomaden.com\/shop\/wp-content\/uploads\/2024\/09\/Dachzelt-Dorf-Thulba-qeedo_freedom_slim_2023-22-1536x1152-1-1024x768_25.webp",1024,768,false],"woocommerce_gallery_thumbnail":["https:\/\/dachzeltnomaden.com\/shop\/wp-content\/uploads\/2024\/09\/Dachzelt-Dorf-Thulba-qeedo_freedom_slim_2023-22-1536x1152-1-1024x768_25-100x100.webp",100,100,true]},"uagb_author_info":{"display_name":"Jasmine","author_link":"https:\/\/dachzeltnomaden.com\/shop\/author\/"},"uagb_comment_info":0,"uagb_excerpt":"Hol dir das qeedo Freedom Slim Dachzelt direkt bei uns! Das qeedo Freedom Slim steht derzeit im DACHZELT DORF Thulba. [&hellip;]","_links":{"self":[{"href":"https:\/\/dachzeltnomaden.com\/shop\/wp-json\/wp\/v2\/product\/129707","targetHints":{"allow":["GET"]}}],"collection":[{"href":"https:\/\/dachzeltnomaden.com\/shop\/wp-json\/wp\/v2\/product"}],"about":[{"href":"https:\/\/dachzeltnomaden.com\/shop\/wp-json\/wp\/v2\/types\/product"}],"wp:featuredmedia":[{"embeddable":true,"href":"https:\/\/dachzeltnomaden.com\/shop\/wp-json\/wp\/v2\/media\/130778"}],"wp:attachment":[{"href":"https:\/\/dachzeltnomaden.com\/shop\/wp-json\/wp\/v2\/media?parent=129707"}],"wp:term":[{"taxonomy":"product_brand","embeddable":true,"href":"https:\/\/dachzeltnomaden.com\/shop\/wp-json\/wp\/v2\/product_brand?post=129707"},{"taxonomy":"product_cat","embeddable":true,"href":"https:\/\/dachzeltnomaden.com\/shop\/wp-json\/wp\/v2\/product_cat?post=129707"},{"taxonomy":"product_tag","embeddable":true,"href":"https:\/\/dachzeltnomaden.com\/shop\/wp-json\/wp\/v2\/product_tag?post=129707"}],"curies":[{"name":"wp","href":"https:\/\/api.w.org\/{rel}","templated":true}]}}