{"id":129519,"date":"2024-08-26T13:18:38","date_gmt":"2024-08-26T11:18:38","guid":{"rendered":"https:\/\/dachzeltnomaden.com\/shop\/?post_type=product&#038;p=129519"},"modified":"2026-04-11T06:13:36","modified_gmt":"2026-04-11T04:13:36","slug":"dachzelt-dorf-freilingen-vickywood-cumaru-light","status":"publish","type":"product","link":"https:\/\/dachzeltnomaden.com\/shop\/produkt\/dachzelt-dorf-freilingen-vickywood-cumaru-light\/","title":{"rendered":"DACHZELT DORF Freilingen &#8211; VICKYWOOD CUMARU LIGHT 152"},"content":{"rendered":"\n<div class=\"wp-block-uagb-advanced-heading uagb-block-a1a7c15c\"><h2 class=\"uagb-heading-text\"><strong>Sichere dir jetzt dein gebrauchtes VICKYWOOD CUMARU LIGHT 152 mit 30% Rabatt!<\/strong><\/h2><\/div>\n\n\n\n<p><strong>Hol dir das VICKYWOOD CUMARU LIGHT Dachzelt direkt bei uns \u2013 getestet, gepflegt und bereit f\u00fcr dein n\u00e4chstes Abenteuer!<\/strong><\/p>\n\n\n\n<p>Das Dachzelt ist im April 2025 fabrikneu im <strong><a href=\"https:\/\/dachzelt-dorf.com\/freilingen\/\" target=\"_blank\" rel=\"noopener\">DACHZELT DORF Freilingen<\/a><\/strong> auf der Plattform <strong><a href=\"https:\/\/dachzelt-dorf.com\/accommodation\/strandhaus\/\" data-type=\"link\" data-id=\"https:\/\/dachzelt-dorf.com\/accommodation\/muscheltraum\/\" target=\"_blank\" rel=\"noopener\">Enteneck<\/a> eingezogen. <\/strong>Seither wird es dort von unseren G\u00e4sten Probe geschlafen und war bis zum Ende der Saison etwa 50 N\u00e4chte im Einsatz.&nbsp;<\/p>\n\n\n\n<p><strong>Besichtigen<\/strong><br>Du m\u00f6chtest das Zelt vor dem Kauf live sehen und anfassen? Kein Problem! Du kannst das CUMARU LIGHT nach Absprache im DACHZELT DORF Sandstedt <strong>besichtigen<\/strong> und bei Gefallen direkt kaufen.<\/p>\n\n\n\n<p><strong>Testen<\/strong><br>Du willst ausf\u00fchrlicher <strong>testen<\/strong>, ob das VICKYWOOD CUMARU LIGHT 152 das Dachzelt deiner Tr\u00e4ume ist? Dann komm zum Probeschlafen vorbei! <strong><a href=\"https:\/\/dachzelt-dorf.com\/freilingen\/\" target=\"_blank\" rel=\"noopener\">Buche dir hier deine Testnacht im DACHZELT DORF Freilingen<\/a><\/strong> und finde heraus, ob das CUMARU LIGHT dein neues Zuhause auf dem Autodach wird.&nbsp;<\/p>\n\n\n\n<div class=\"wp-block-uagb-advanced-heading uagb-block-fe0d0cc0\"><h3 class=\"uagb-heading-text\"><strong>Testen lohnt sich doppelt: Deine \u00dcbernachtung wird zum <\/strong>zus\u00e4tzlichen<strong> Rabatt!<\/strong><\/h3><\/div>\n\n\n\n<p>Als Gast im DACHZELT DORF bekommst du beim Kauf dieses Dachzelts einen <strong>zus\u00e4tzlichen Rabatt von 100<\/strong>\u20ac auf den Kaufpreis!<br>Wie das genau funktioniert, erf\u00e4hrst du bei der <strong><a href=\"https:\/\/dachzelt-dorf.com\/\" target=\"_blank\" rel=\"noopener\">Buchung deines Aufenthalts<\/a><\/strong>.<\/p>\n\n\n\n<hr class=\"wp-block-separator has-alpha-channel-opacity\"\/>\n\n\n\n<div class=\"wp-block-uagb-advanced-heading uagb-block-d5111666\"><h3 class=\"uagb-heading-text\"><strong>Kauf &amp; Abholung<\/strong><\/h3><\/div>\n\n\n\n<p>So kommst du an dein neues Dachzelt.&nbsp;<\/p>\n\n\n\n<ol class=\"wp-block-list\">\n<li>Nach deinem erfolgreichen Kauf melden wir uns bei dir und vereinbaren gemeinsam die Abholung deines Dachzeltes. Die Abholung ist regul\u00e4r mit Saisonende ab dem <strong>06.10.2025<\/strong> und nach Absprache auch etwas fr\u00fcher ab Mitte September m\u00f6glich.&nbsp;<\/li>\n\n\n\n<li>Wir sorgen daf\u00fcr, dass das Dachzelt im DACHZELT DORF abholbereit zur Verf\u00fcgung steht.&nbsp;<\/li>\n\n\n\n<li>Du kommst am vereinbarten Abholtermin vorbei und montierst das Dachzelte auf dein Autodach.<\/li>\n\n\n\n<li>Du freust dich auf die Abenteuer mit deinem neuen Dachzelt.<\/li>\n<\/ol>\n\n\n\n<p><strong>Wichtig: Nur Selbstabholung m\u00f6glich. Kein Versand.<\/strong><\/p>\n\n\n\n<hr class=\"wp-block-separator has-alpha-channel-opacity\"\/>\n\n\n\n<div class=\"wp-block-uagb-advanced-heading uagb-block-60608f0e\"><h3 class=\"uagb-heading-text\"><strong>Details zum VICKYWOOD CUMARU LIGHT 152<\/strong><\/h3><\/div>\n\n\n\n<p><strong>Abmessungen:<\/strong><\/p>\n\n\n\n<ul class=\"wp-block-list\">\n<li><strong>Liegefl\u00e4che:<\/strong>&nbsp;210 x 145cm<\/li>\n\n\n\n<li><strong>Matratzendicke<\/strong>: 6 cm<\/li>\n\n\n\n<li><strong>Zeltau\u00dfenma\u00dfe ge\u00f6ffnet:&nbsp;<\/strong>225 x 152 x 135cm<\/li>\n\n\n\n<li><strong>Zeltma\u00dfe geschlossen:<\/strong>&nbsp;225 x 152 x 15,7cm<\/li>\n\n\n\n<li><strong>Gewicht (exkl. Leiter)* :<\/strong>&nbsp;ca. 83 kg<\/li>\n<\/ul>\n\n\n\n<p><sub>*Abweichungen von ca. 5 % sind produktionsbedingt m\u00f6glich.<\/sub><\/p>\n\n\n\n<p><strong>Material:<\/strong><\/p>\n\n\n\n<ul class=\"wp-block-list\">\n<li>Schale: Aluminium 6 Series&nbsp;<\/li>\n\n\n\n<li>Regenschutz: 600D-Polyester-Oxford, PU-Beschichtung, W\/P, W\/R 3.000 mm, UV50+<\/li>\n\n\n\n<li>Zeltstoff: Recyceltes 320 g\/m<sup>2<\/sup>&nbsp;Ripstop-Polyestergewebe, PU-Beschichtung, W\/R 5.000 mm<\/li>\n\n\n\n<li>Farbe Regenschutz: schwarz<\/li>\n\n\n\n<li>Farbe Zeltstoff: grau<\/li>\n\n\n\n<li>Rei\u00dfverschluss: SBS<\/li>\n\n\n\n<li>Boden: Extrem leichtes Wabenbrett<\/li>\n<\/ul>\n\n\n\n<p><strong>Zustand:<\/strong> <\/p>\n\n\n\n<ul class=\"wp-block-list\">\n<li>Gebraucht, in sehr gutem Zustand und mit geringen Gebrauchsspuren<\/li>\n<\/ul>\n\n\n\n<hr class=\"wp-block-separator has-alpha-channel-opacity\"\/>\n\n\n\n<div class=\"wp-block-uagb-advanced-heading uagb-block-c0606b9c\"><h3 class=\"uagb-heading-text\"><strong>Hast du Fragen?<\/strong><\/h3><\/div>\n\n\n\n<p>Dann melde dich gern bei uns:<br>\ud83d\udcf1 WhatsApp: [ <a href=\"https:\/\/wa.me\/4915124118335\" data-type=\"link\" data-id=\"https:\/\/wa.me\/4915124118335\" target=\"_blank\" rel=\"noopener\">+49 1512 4118335<\/a> ]<br>\ud83d\udce7 E-Mail: [ <a href=\"mailto:mail@dachzelt-dorf.com\">mail@dachzelt-dorf.com<\/a> ]<br>Wir beraten dich gern beim Dachzeltkauf und antworten dir von <strong>Montag bis Freitag innerhalb von 24 Stunden<\/strong>.<\/p>\n\n\n\n<hr class=\"wp-block-separator has-alpha-channel-opacity\"\/>\n\n\n\n<div class=\"wp-block-uagb-advanced-heading uagb-block-65de7599\"><h3 class=\"uagb-heading-text\"><strong>Lieber neu &amp; geliefert?<\/strong><\/h3><\/div>\n\n\n\n<p>Du m\u00f6chtest das <strong>VICKYWOOD Dachzelt lieber neu und direkt zu dir nach Hause<\/strong> geliefert bekommen?<\/p>\n\n\n\n<div class=\"wp-block-uagb-buttons uagb-buttons__outer-wrap uagb-btn__default-btn uagb-btn-tablet__default-btn uagb-btn-mobile__default-btn uagb-block-d2a277df\"><div class=\"uagb-buttons__wrap uagb-buttons-layout-wrap \">\n<div class=\"wp-block-uagb-buttons-child uagb-buttons__outer-wrap uagb-block-49629f86 wp-block-button\"><div class=\"uagb-button__wrapper\"><a class=\"uagb-buttons-repeater wp-block-button__link\" aria-label=\"\" href=\"https:\/\/dachzeltnomaden.com\/shop\/produkt\/vickywood-dachzelte\/\" rel=\"follow noopener\" target=\"_self\" role=\"button\"><div class=\"uagb-button__link\">Zum CUMARU LIGHT &#8211; Hier entlang!<\/div><\/a><\/div><\/div>\n<\/div><\/div>\n\n\n\n<hr class=\"wp-block-separator has-alpha-channel-opacity\"\/>\n\n\n\n<div class=\"wp-block-uagb-advanced-heading uagb-block-d4664a29\"><h4 class=\"uagb-heading-text\"><strong>Gew\u00e4hrleistung &amp; Bedingungen<\/strong><\/h4><\/div>\n\n\n\n<ul class=\"wp-block-list\">\n<li>Die Kaufvereinbarung gilt unter dem Vorbehalt, dass sich das Dachzelt zum Zeitpunkt der \u00dcbergabe in einem <strong>gebrauchten, aber technisch einwandfreien Zustand<\/strong> befindet.<br><\/li>\n\n\n\n<li>12 Monate Gew\u00e4hrleistung gem\u00e4\u00df \u00a7\u00a7434ff. BGB<br><\/li>\n\n\n\n<li>Es gelten die allgemeinen <strong>Garantiebedingungen des Herstellers<\/strong>.<br><\/li>\n<\/ul>\n","protected":false},"excerpt":{"rendered":"<p>Sichere dir jetzt dein gebrauchtes VICKYWOOD CUMARU LIGHT 152 mit 30% Rabatt! Hol dir das VICKYWOOD CUMARU LIGHT Dachzelt direkt [&hellip;]<\/p>\n","protected":false},"featured_media":132517,"template":"","meta":{"_uag_custom_page_level_css":"","site-sidebar-layout":"default","site-content-layout":"","ast-site-content-layout":"default","site-content-style":"default","site-sidebar-style":"default","ast-global-header-display":"","ast-banner-title-visibility":"","ast-main-header-display":"","ast-hfb-above-header-display":"","ast-hfb-below-header-display":"","ast-hfb-mobile-header-display":"","site-post-title":"","ast-breadcrumbs-content":"","ast-featured-img":"","footer-sml-layout":"","ast-disable-related-posts":"","theme-transparent-header-meta":"default","adv-header-id-meta":"","stick-header-meta":"default","header-above-stick-meta":"","header-main-stick-meta":"","header-below-stick-meta":"","astra-migrate-meta-layouts":"set","ast-page-background-enabled":"default","ast-page-background-meta":{"desktop":{"background-color":"var(--ast-global-color-4)","background-image":"","background-repeat":"repeat","background-position":"center center","background-size":"auto","background-attachment":"scroll","background-type":"","background-media":"","overlay-type":"","overlay-color":"","overlay-opacity":"","overlay-gradient":""},"tablet":{"background-color":"","background-image":"","background-repeat":"repeat","background-position":"center center","background-size":"auto","background-attachment":"scroll","background-type":"","background-media":"","overlay-type":"","overlay-color":"","overlay-opacity":"","overlay-gradient":""},"mobile":{"background-color":"","background-image":"","background-repeat":"repeat","background-position":"center center","background-size":"auto","background-attachment":"scroll","background-type":"","background-media":"","overlay-type":"","overlay-color":"","overlay-opacity":"","overlay-gradient":""}},"ast-content-background-meta":{"desktop":{"background-color":"var(--ast-global-color-5)","background-image":"","background-repeat":"repeat","background-position":"center center","background-size":"auto","background-attachment":"scroll","background-type":"","background-media":"","overlay-type":"","overlay-color":"","overlay-opacity":"","overlay-gradient":""},"tablet":{"background-color":"var(--ast-global-color-5)","background-image":"","background-repeat":"repeat","background-position":"center center","background-size":"auto","background-attachment":"scroll","background-type":"","background-media":"","overlay-type":"","overlay-color":"","overlay-opacity":"","overlay-gradient":""},"mobile":{"background-color":"var(--ast-global-color-5)","background-image":"","background-repeat":"repeat","background-position":"center center","background-size":"auto","background-attachment":"scroll","background-type":"","background-media":"","overlay-type":"","overlay-color":"","overlay-opacity":"","overlay-gradient":""}},"_themeisle_gutenberg_block_has_review":false},"product_brand":[],"product_cat":[100],"product_tag":[],"class_list":{"0":"post-129519","1":"product","2":"type-product","3":"status-publish","4":"has-post-thumbnail","6":"product_cat-rabatte","7":"product_shipping_class-abholung-im-dachzelt-dorf","8":"desktop-align-left","9":"tablet-align-left","10":"mobile-align-left","11":"ast-product-gallery-layout-vertical-slider","12":"ast-product-tabs-layout-horizontal","14":"first","15":"outofstock","16":"sale","17":"taxable","18":"shipping-taxable","19":"purchasable","20":"product-type-simple"},"exclude_global_add_ons":[],"addons":[],"uagb_featured_image_src":{"full":["https:\/\/dachzeltnomaden.com\/shop\/wp-content\/uploads\/2024\/08\/20250522_Dachzelt-Dorf_DZD_Freilingen_Alexander-Gaevert_Enteneck__1.webp",2048,1365,false],"thumbnail":["https:\/\/dachzeltnomaden.com\/shop\/wp-content\/uploads\/2024\/08\/20250522_Dachzelt-Dorf_DZD_Freilingen_Alexander-Gaevert_Enteneck__1-600x600.webp",600,600,true],"medium":["https:\/\/dachzeltnomaden.com\/shop\/wp-content\/uploads\/2024\/08\/20250522_Dachzelt-Dorf_DZD_Freilingen_Alexander-Gaevert_Enteneck__1-300x200.webp",300,200,true],"medium_large":["https:\/\/dachzeltnomaden.com\/shop\/wp-content\/uploads\/2024\/08\/20250522_Dachzelt-Dorf_DZD_Freilingen_Alexander-Gaevert_Enteneck__1-768x512.webp",768,512,true],"large":["https:\/\/dachzeltnomaden.com\/shop\/wp-content\/uploads\/2024\/08\/20250522_Dachzelt-Dorf_DZD_Freilingen_Alexander-Gaevert_Enteneck__1-768x512.webp",768,512,true],"1536x1536":["https:\/\/dachzeltnomaden.com\/shop\/wp-content\/uploads\/2024\/08\/20250522_Dachzelt-Dorf_DZD_Freilingen_Alexander-Gaevert_Enteneck__1-1536x1024.webp",1536,1024,true],"2048x2048":["https:\/\/dachzeltnomaden.com\/shop\/wp-content\/uploads\/2024\/08\/20250522_Dachzelt-Dorf_DZD_Freilingen_Alexander-Gaevert_Enteneck__1.webp",2048,1365,false],"woocommerce_thumbnail":["https:\/\/dachzeltnomaden.com\/shop\/wp-content\/uploads\/2024\/08\/20250522_Dachzelt-Dorf_DZD_Freilingen_Alexander-Gaevert_Enteneck__1-600x600.webp",600,600,true],"woocommerce_single":["https:\/\/dachzeltnomaden.com\/shop\/wp-content\/uploads\/2024\/08\/20250522_Dachzelt-Dorf_DZD_Freilingen_Alexander-Gaevert_Enteneck__1-1024x683.webp",1024,683,true],"woocommerce_gallery_thumbnail":["https:\/\/dachzeltnomaden.com\/shop\/wp-content\/uploads\/2024\/08\/20250522_Dachzelt-Dorf_DZD_Freilingen_Alexander-Gaevert_Enteneck__1-100x100.webp",100,100,true]},"uagb_author_info":{"display_name":"Jasmine","author_link":"https:\/\/dachzeltnomaden.com\/shop\/author\/"},"uagb_comment_info":0,"uagb_excerpt":"Sichere dir jetzt dein gebrauchtes VICKYWOOD CUMARU LIGHT 152 mit 30% Rabatt! Hol dir das VICKYWOOD CUMARU LIGHT Dachzelt direkt [&hellip;]","_links":{"self":[{"href":"https:\/\/dachzeltnomaden.com\/shop\/wp-json\/wp\/v2\/product\/129519","targetHints":{"allow":["GET"]}}],"collection":[{"href":"https:\/\/dachzeltnomaden.com\/shop\/wp-json\/wp\/v2\/product"}],"about":[{"href":"https:\/\/dachzeltnomaden.com\/shop\/wp-json\/wp\/v2\/types\/product"}],"wp:featuredmedia":[{"embeddable":true,"href":"https:\/\/dachzeltnomaden.com\/shop\/wp-json\/wp\/v2\/media\/132517"}],"wp:attachment":[{"href":"https:\/\/dachzeltnomaden.com\/shop\/wp-json\/wp\/v2\/media?parent=129519"}],"wp:term":[{"taxonomy":"product_brand","embeddable":true,"href":"https:\/\/dachzeltnomaden.com\/shop\/wp-json\/wp\/v2\/product_brand?post=129519"},{"taxonomy":"product_cat","embeddable":true,"href":"https:\/\/dachzeltnomaden.com\/shop\/wp-json\/wp\/v2\/product_cat?post=129519"},{"taxonomy":"product_tag","embeddable":true,"href":"https:\/\/dachzeltnomaden.com\/shop\/wp-json\/wp\/v2\/product_tag?post=129519"}],"curies":[{"name":"wp","href":"https:\/\/api.w.org\/{rel}","templated":true}]}}