{"id":129471,"date":"2024-08-19T12:37:20","date_gmt":"2024-08-19T10:37:20","guid":{"rendered":"https:\/\/dachzeltnomaden.com\/shop\/?post_type=product&#038;p=129471"},"modified":"2025-11-10T07:42:51","modified_gmt":"2025-11-10T06:42:51","slug":"plug-in-festivals-icecube-25-65-liter-kompressor-kuehlbox","status":"publish","type":"product","link":"https:\/\/dachzeltnomaden.com\/shop\/produkt\/plug-in-festivals-icecube-25-65-liter-kompressor-kuehlbox\/","title":{"rendered":"Plug-in Festivals IceCube 25-65 Liter Kompressor-K\u00fchlbox"},"content":{"rendered":"\n<div class=\"wp-block-uagb-container uagb-block-be52fc24 alignwide uagb-is-root-container\">\n<div class=\"wp-block-uagb-advanced-heading uagb-block-233add0f\"><h6 class=\"uagb-heading-text\">WERBUNG<\/h6><\/div>\n\n\n\n<p class=\"has-ast-global-color-5-color has-ast-global-color-2-background-color has-text-color has-background has-link-color wp-elements-a078141428987416f1f39c4e07deb562\">Zum Kochen brauchst du frische Lebensmittel und im Sommer ein k\u00fchles Getr\u00e4nk! Mit den Kompressor-K\u00fchlboxen von&nbsp;<a href=\"https:\/\/pluginfestivals.de\/?wpam_id=26\" target=\"_blank\" rel=\"noreferrer noopener\">Plug-in Festivals<\/a>&nbsp;kein Problem:<br><br>*Die Links sind Affiliate Links. Wenn du dich f\u00fcr den Kauf einer Plug-in Festivals Kompressor-K\u00fchlbox entscheidest, erhalten die Dachzeltnomaden eine Provision. Damit unterst\u00fctzt du uns &amp; unsere Arbeit. F\u00fcr dich kostet die Plug-in Festivals Kompressor-K\u00fchlbox deshalb nicht mehr.<\/p>\n\n\n\n<div class=\"wp-block-uagb-advanced-heading uagb-block-b21af034\"><p class=\"uagb-desc-text\">Geboren auf Festivals<\/p><h2 class=\"uagb-heading-text\"><strong>IceCube &#8211; eine der bekanntesten K\u00fchlboxen Deutschlands <\/strong><\/h2><div class=\"uagb-separator\"><\/div><\/div>\n\n\n\n<p>Geboren auf Festivals, nun ist der IceCube zu einer Legende geworden. Mittlerweile ist der IceCube einer der bekanntesten Kompressor-K\u00fchlboxen in Deutschland. Er h\u00e4lt funktionell mit der obersten Liga mit und ist trotzdem auf einem geringen Preisniveau. St\u00e4ndige Weiterentwicklung, harte Erprobungen auf Festivals in ganz Europa und pers\u00f6nliche Ansprechpartner runden ein einzigartiges Produktangebot ab.<\/p>\n<\/div>\n\n\n\n<div class=\"wp-block-uagb-container uagb-block-141ca434 alignwide uagb-is-root-container\">\n<div class=\"wp-block-uagb-container uagb-block-86687a67\">\n<div class=\"wp-block-uagb-advanced-heading uagb-block-a12a44bc\"><h3 class=\"uagb-heading-text\">IceCube<\/h3><\/div>\n\n\n\n<ul class=\"wp-block-list\">\n<li>1 Zone Kompressor-K\u00fchlung<\/li>\n\n\n\n<li>5 Gr\u00f6\u00dfen (25, 30, 40, 50 oder 65 Liter)<\/li>\n<\/ul>\n<\/div>\n\n\n\n<div class=\"wp-block-uagb-image uagb-block-194e4e96 wp-block-uagb-image--layout-default wp-block-uagb-image--effect-static wp-block-uagb-image--align-none\"><figure class=\"wp-block-uagb-image__figure\"><img decoding=\"async\" srcset=\"https:\/\/dachzeltnomaden.com\/shop\/wp-content\/uploads\/2024\/08\/Dachzeltnomaden_Shop_Zubehoer_Kochen_Plug-in_Festivals_IceCube_25_65L_Kompressor_Kuehlbox_4_Siegel.webp ,https:\/\/dachzeltnomaden.com\/shop\/wp-content\/uploads\/2024\/08\/Dachzeltnomaden_Shop_Zubehoer_Kochen_Plug-in_Festivals_IceCube_25_65L_Kompressor_Kuehlbox_4_Siegel.webp 780w, https:\/\/dachzeltnomaden.com\/shop\/wp-content\/uploads\/2024\/08\/Dachzeltnomaden_Shop_Zubehoer_Kochen_Plug-in_Festivals_IceCube_25_65L_Kompressor_Kuehlbox_4_Siegel.webp 360w\" sizes=\"auto, (max-width: 480px) 150px\" src=\"https:\/\/dachzeltnomaden.com\/shop\/wp-content\/uploads\/2024\/08\/Dachzeltnomaden_Shop_Zubehoer_Kochen_Plug-in_Festivals_IceCube_25_65L_Kompressor_Kuehlbox_4_Siegel.webp\" alt=\"Dachzeltnomaden Shop Zubehoer Kochen Kompressor Kuehlbox Plug-In Festivals IceCube 25-65L kaufen\" class=\"uag-image-130403\" width=\"800\" height=\"350\" title=\"Dachzeltnomaden_Shop_Zubehoer_Kochen_Plug-in_Festivals_IceCube_25_65L_Kompressor_Kuehlbox_4_Siegel\" loading=\"lazy\" role=\"img\"\/><\/figure><\/div>\n\n\n\n<div class=\"wp-block-uagb-image uagb-block-8a30feb0 wp-block-uagb-image--layout-default wp-block-uagb-image--effect-static wp-block-uagb-image--align-none\"><figure class=\"wp-block-uagb-image__figure\"><img decoding=\"async\" srcset=\"https:\/\/dachzeltnomaden.com\/shop\/wp-content\/uploads\/2024\/08\/Dachzeltnomaden_Shop_Zubehoer_Kochen_Plug-in_Festivals_IceCube_25_65L_Kompressor_Kuehlbox_3_Kacheln.webp ,https:\/\/dachzeltnomaden.com\/shop\/wp-content\/uploads\/2024\/08\/Dachzeltnomaden_Shop_Zubehoer_Kochen_Plug-in_Festivals_IceCube_25_65L_Kompressor_Kuehlbox_3_Kacheln.webp 780w, https:\/\/dachzeltnomaden.com\/shop\/wp-content\/uploads\/2024\/08\/Dachzeltnomaden_Shop_Zubehoer_Kochen_Plug-in_Festivals_IceCube_25_65L_Kompressor_Kuehlbox_3_Kacheln.webp 360w\" sizes=\"auto, (max-width: 480px) 150px\" src=\"https:\/\/dachzeltnomaden.com\/shop\/wp-content\/uploads\/2024\/08\/Dachzeltnomaden_Shop_Zubehoer_Kochen_Plug-in_Festivals_IceCube_25_65L_Kompressor_Kuehlbox_3_Kacheln.webp\" alt=\"Dachzeltnomaden Shop Zubehoer Kochen Kompressor Kuehlbox Plug-In Festivals IceCube 25-65L kaufen\" class=\"uag-image-130402\" width=\"800\" height=\"350\" title=\"Dachzeltnomaden_Shop_Zubehoer_Kochen_Plug-in_Festivals_IceCube_25_65L_Kompressor_Kuehlbox_3_Kacheln\" loading=\"lazy\" role=\"img\"\/><\/figure><\/div>\n<\/div>\n\n\n\n<div class=\"wp-block-uagb-container uagb-block-ae00b476 alignwide uagb-is-root-container\">\n<div class=\"wp-block-uagb-container uagb-block-3d544ad6\"><style type=\"text\/css\">.otter-masonry .blocks-gallery-grid .blocks-gallery-item img{ width:100% }<\/style><div class=\"otter-masonry\" data-margin=\"10\">\n<figure class=\"wp-block-gallery has-nested-images columns-2 is-cropped wp-block-gallery-1 is-layout-flex wp-block-gallery-is-layout-flex\">\n<figure class=\"wp-block-image size-full has-custom-border\"><img decoding=\"async\" width=\"538\" height=\"538\" data-id=\"130406\" src=\"https:\/\/dachzeltnomaden.com\/shop\/wp-content\/uploads\/2024\/08\/Dachzeltnomaden_Shop_Zubehoer_Kochen_Plug-in_Festivals_IceCube_25_65L_Kompressor_Kuehlbox_7.webp\" alt=\"Dachzeltnomaden Shop Zubehoer Kochen Kompressor Kuehlbox Plug-In Festivals IceCube 25-65L kaufen\" class=\"wp-image-130406\" style=\"border-radius:10px\" srcset=\"https:\/\/dachzeltnomaden.com\/shop\/wp-content\/uploads\/2024\/08\/Dachzeltnomaden_Shop_Zubehoer_Kochen_Plug-in_Festivals_IceCube_25_65L_Kompressor_Kuehlbox_7.webp 538w, https:\/\/dachzeltnomaden.com\/shop\/wp-content\/uploads\/2024\/08\/Dachzeltnomaden_Shop_Zubehoer_Kochen_Plug-in_Festivals_IceCube_25_65L_Kompressor_Kuehlbox_7-300x300.webp 300w, https:\/\/dachzeltnomaden.com\/shop\/wp-content\/uploads\/2024\/08\/Dachzeltnomaden_Shop_Zubehoer_Kochen_Plug-in_Festivals_IceCube_25_65L_Kompressor_Kuehlbox_7-100x100.webp 100w\" sizes=\"(max-width: 538px) 100vw, 538px\" \/><\/figure>\n\n\n\n<figure class=\"wp-block-image size-full has-custom-border\"><img decoding=\"async\" width=\"400\" height=\"400\" data-id=\"130404\" src=\"https:\/\/dachzeltnomaden.com\/shop\/wp-content\/uploads\/2024\/08\/Dachzeltnomaden_Shop_Zubehoer_Kochen_Plug-in_Festivals_IceCube_25_65L_Kompressor_Kuehlbox_5.webp\" alt=\"Dachzeltnomaden Shop Zubehoer Kochen Kompressor Kuehlbox Plug-In Festivals IceCube 25-65L kaufen\" class=\"wp-image-130404\" style=\"border-radius:10px\" srcset=\"https:\/\/dachzeltnomaden.com\/shop\/wp-content\/uploads\/2024\/08\/Dachzeltnomaden_Shop_Zubehoer_Kochen_Plug-in_Festivals_IceCube_25_65L_Kompressor_Kuehlbox_5.webp 400w, https:\/\/dachzeltnomaden.com\/shop\/wp-content\/uploads\/2024\/08\/Dachzeltnomaden_Shop_Zubehoer_Kochen_Plug-in_Festivals_IceCube_25_65L_Kompressor_Kuehlbox_5-300x300.webp 300w, https:\/\/dachzeltnomaden.com\/shop\/wp-content\/uploads\/2024\/08\/Dachzeltnomaden_Shop_Zubehoer_Kochen_Plug-in_Festivals_IceCube_25_65L_Kompressor_Kuehlbox_5-100x100.webp 100w\" sizes=\"(max-width: 400px) 100vw, 400px\" \/><\/figure>\n\n\n\n<figure class=\"wp-block-image size-full has-custom-border\"><img decoding=\"async\" width=\"1024\" height=\"1566\" data-id=\"130401\" src=\"https:\/\/dachzeltnomaden.com\/shop\/wp-content\/uploads\/2024\/08\/Dachzeltnomaden_Shop_Zubehoer_Kochen_Plug-in_Festivals_IceCube_25_65L_Kompressor_Kuehlbox_2_1024x1566_50.webp\" alt=\"Dachzeltnomaden Shop Zubehoer Kochen Kompressor Kuehlbox Plug-In Festivals IceCube 25-65L kaufen\" class=\"wp-image-130401\" style=\"border-radius:10px\" srcset=\"https:\/\/dachzeltnomaden.com\/shop\/wp-content\/uploads\/2024\/08\/Dachzeltnomaden_Shop_Zubehoer_Kochen_Plug-in_Festivals_IceCube_25_65L_Kompressor_Kuehlbox_2_1024x1566_50.webp 1024w, https:\/\/dachzeltnomaden.com\/shop\/wp-content\/uploads\/2024\/08\/Dachzeltnomaden_Shop_Zubehoer_Kochen_Plug-in_Festivals_IceCube_25_65L_Kompressor_Kuehlbox_2_1024x1566_50-196x300.webp 196w, https:\/\/dachzeltnomaden.com\/shop\/wp-content\/uploads\/2024\/08\/Dachzeltnomaden_Shop_Zubehoer_Kochen_Plug-in_Festivals_IceCube_25_65L_Kompressor_Kuehlbox_2_1024x1566_50-670x1024.webp 670w, https:\/\/dachzeltnomaden.com\/shop\/wp-content\/uploads\/2024\/08\/Dachzeltnomaden_Shop_Zubehoer_Kochen_Plug-in_Festivals_IceCube_25_65L_Kompressor_Kuehlbox_2_1024x1566_50-768x1175.webp 768w, https:\/\/dachzeltnomaden.com\/shop\/wp-content\/uploads\/2024\/08\/Dachzeltnomaden_Shop_Zubehoer_Kochen_Plug-in_Festivals_IceCube_25_65L_Kompressor_Kuehlbox_2_1024x1566_50-1004x1536.webp 1004w\" sizes=\"(max-width: 1024px) 100vw, 1024px\" \/><\/figure>\n\n\n\n<figure class=\"wp-block-image size-full has-custom-border\"><img decoding=\"async\" width=\"400\" height=\"400\" data-id=\"130405\" src=\"https:\/\/dachzeltnomaden.com\/shop\/wp-content\/uploads\/2024\/08\/Dachzeltnomaden_Shop_Zubehoer_Kochen_Plug-in_Festivals_IceCube_25_65L_Kompressor_Kuehlbox_6_Korb.webp\" alt=\"Dachzeltnomaden Shop Zubehoer Kochen Kompressor Kuehlbox Plug-In Festivals IceCube 25-65L kaufen\" class=\"wp-image-130405\" style=\"border-radius:10px\" srcset=\"https:\/\/dachzeltnomaden.com\/shop\/wp-content\/uploads\/2024\/08\/Dachzeltnomaden_Shop_Zubehoer_Kochen_Plug-in_Festivals_IceCube_25_65L_Kompressor_Kuehlbox_6_Korb.webp 400w, https:\/\/dachzeltnomaden.com\/shop\/wp-content\/uploads\/2024\/08\/Dachzeltnomaden_Shop_Zubehoer_Kochen_Plug-in_Festivals_IceCube_25_65L_Kompressor_Kuehlbox_6_Korb-300x300.webp 300w, https:\/\/dachzeltnomaden.com\/shop\/wp-content\/uploads\/2024\/08\/Dachzeltnomaden_Shop_Zubehoer_Kochen_Plug-in_Festivals_IceCube_25_65L_Kompressor_Kuehlbox_6_Korb-100x100.webp 100w\" sizes=\"(max-width: 400px) 100vw, 400px\" \/><\/figure>\n<\/figure>\n<\/div><\/div>\n\n\n\n<div class=\"wp-block-uagb-container uagb-block-76ea1ad4\">\n<div class=\"wp-block-uagb-advanced-heading uagb-block-6ae496a8\"><h2 class=\"uagb-heading-text\"><strong>KEY FACTS<\/strong><\/h2><\/div>\n\n\n\n<ul class=\"wp-block-list\">\n<li>optimale Raumaufteilung<\/li>\n\n\n\n<li>robustes &amp; schlichtes Design<\/li>\n\n\n\n<li>abmontierbare Handgriffe<\/li>\n\n\n\n<li>Einstellbarer Temperaturbereich zwischen 20 und minus 20 Grad<\/li>\n\n\n\n<li>H\u00f6chstleistungs-Betrieb und Eco-Mode (12, 24, 230 V)<\/li>\n\n\n\n<li>Batterieschutzsystem (niedrig, mittel, hoch)<\/li>\n\n\n\n<li>LC-Display zur Kontrolle und Einstellungen<\/li>\n\n\n\n<li>Niedriger Anlaufstrom bei 12 V und 230 V<\/li>\n\n\n\n<li>LED-Innenbeleuchtung<\/li>\n\n\n\n<li>magnetischer Schlie\u00dfmechanismus<\/li>\n\n\n\n<li>APP Steuerung: Bei Android Ger\u00e4ten ist mindestens die Software Version 10.0.0 erforderlich (Bei \u00e4lteren Software Versionen ist die Kompatibilit\u00e4t nicht gew\u00e4hrleistet)<\/li>\n\n\n\n<li>qAIR \u2013 leise und stark<\/li>\n<\/ul>\n\n\n\n<div class=\"wp-block-buttons is-layout-flex wp-block-buttons-is-layout-flex\">\n<div class=\"wp-block-button\"><a class=\"wp-block-button__link wp-element-button\" href=\"https:\/\/dachzeltnomaden.com\/pif-ice-b\" target=\"_blank\" rel=\"noreferrer noopener\">Zur IceCube<\/a><\/div>\n<\/div>\n<\/div>\n<\/div>\n","protected":false},"excerpt":{"rendered":"<ul>\n<li>Effiziente Kompressor-Technologie<\/li>\n<li>qAIR \u2013 System \u2013 extra leise<\/li>\n<li>Praktisches Magnet-Geh\u00e4use<\/li>\n<li>Turbo K\u00fchlung<\/li>\n<li>Super stromsparend<\/li>\n<li>Per App steuerbar<\/li>\n<li>Beste Qualit\u00e4t<\/li>\n<\/ul>\n<div class=\"wp-block-button\"><a class=\"wp-block-button__link wp-element-button\" href=\"https:\/\/dachzeltnomaden.com\/pif-ice-b\" target=\"_blank\" rel=\"noreferrer noopener\">Zur IceCube<\/a><\/div>\n","protected":false},"featured_media":130399,"template":"","meta":{"_uag_custom_page_level_css":"","site-sidebar-layout":"default","site-content-layout":"","ast-site-content-layout":"default","site-content-style":"default","site-sidebar-style":"default","ast-global-header-display":"","ast-banner-title-visibility":"","ast-main-header-display":"","ast-hfb-above-header-display":"","ast-hfb-below-header-display":"","ast-hfb-mobile-header-display":"","site-post-title":"","ast-breadcrumbs-content":"","ast-featured-img":"","footer-sml-layout":"","ast-disable-related-posts":"","theme-transparent-header-meta":"","adv-header-id-meta":"","stick-header-meta":"","header-above-stick-meta":"","header-main-stick-meta":"","header-below-stick-meta":"","astra-migrate-meta-layouts":"default","ast-page-background-enabled":"default","ast-page-background-meta":{"desktop":{"background-color":"var(--ast-global-color-4)","background-image":"","background-repeat":"repeat","background-position":"center center","background-size":"auto","background-attachment":"scroll","background-type":"","background-media":"","overlay-type":"","overlay-color":"","overlay-opacity":"","overlay-gradient":""},"tablet":{"background-color":"","background-image":"","background-repeat":"repeat","background-position":"center center","background-size":"auto","background-attachment":"scroll","background-type":"","background-media":"","overlay-type":"","overlay-color":"","overlay-opacity":"","overlay-gradient":""},"mobile":{"background-color":"","background-image":"","background-repeat":"repeat","background-position":"center center","background-size":"auto","background-attachment":"scroll","background-type":"","background-media":"","overlay-type":"","overlay-color":"","overlay-opacity":"","overlay-gradient":""}},"ast-content-background-meta":{"desktop":{"background-color":"var(--ast-global-color-5)","background-image":"","background-repeat":"repeat","background-position":"center center","background-size":"auto","background-attachment":"scroll","background-type":"","background-media":"","overlay-type":"","overlay-color":"","overlay-opacity":"","overlay-gradient":""},"tablet":{"background-color":"var(--ast-global-color-5)","background-image":"","background-repeat":"repeat","background-position":"center center","background-size":"auto","background-attachment":"scroll","background-type":"","background-media":"","overlay-type":"","overlay-color":"","overlay-opacity":"","overlay-gradient":""},"mobile":{"background-color":"var(--ast-global-color-5)","background-image":"","background-repeat":"repeat","background-position":"center center","background-size":"auto","background-attachment":"scroll","background-type":"","background-media":"","overlay-type":"","overlay-color":"","overlay-opacity":"","overlay-gradient":""}},"_themeisle_gutenberg_block_has_review":false},"product_brand":[],"product_cat":[101,115],"product_tag":[],"class_list":{"0":"post-129471","1":"product","2":"type-product","3":"status-publish","4":"has-post-thumbnail","6":"product_cat-zubehoer","7":"product_cat-kuehlen","8":"desktop-align-left","9":"tablet-align-left","10":"mobile-align-left","11":"ast-product-gallery-layout-vertical-slider","12":"ast-product-tabs-layout-horizontal","14":"first","15":"instock","16":"taxable","17":"shipping-taxable","18":"purchasable","19":"product-type-external"},"exclude_global_add_ons":[],"addons":[],"uagb_featured_image_src":{"full":["https:\/\/dachzeltnomaden.com\/shop\/wp-content\/uploads\/2024\/08\/Dachzeltnomaden_Shop_Zubehoer_Kochen_Plug-In_Festival_IceCube_Kompressor_Kuehlbox_25-65L_1_1024_75.webp",1024,1024,false],"thumbnail":["https:\/\/dachzeltnomaden.com\/shop\/wp-content\/uploads\/2024\/08\/Dachzeltnomaden_Shop_Zubehoer_Kochen_Plug-In_Festival_IceCube_Kompressor_Kuehlbox_25-65L_1_1024_75.webp",600,600,false],"medium":["https:\/\/dachzeltnomaden.com\/shop\/wp-content\/uploads\/2024\/08\/Dachzeltnomaden_Shop_Zubehoer_Kochen_Plug-In_Festival_IceCube_Kompressor_Kuehlbox_25-65L_1_1024_75-300x300.webp",300,300,true],"medium_large":["https:\/\/dachzeltnomaden.com\/shop\/wp-content\/uploads\/2024\/08\/Dachzeltnomaden_Shop_Zubehoer_Kochen_Plug-In_Festival_IceCube_Kompressor_Kuehlbox_25-65L_1_1024_75-768x768.webp",768,768,true],"large":["https:\/\/dachzeltnomaden.com\/shop\/wp-content\/uploads\/2024\/08\/Dachzeltnomaden_Shop_Zubehoer_Kochen_Plug-In_Festival_IceCube_Kompressor_Kuehlbox_25-65L_1_1024_75.webp",512,512,false],"1536x1536":["https:\/\/dachzeltnomaden.com\/shop\/wp-content\/uploads\/2024\/08\/Dachzeltnomaden_Shop_Zubehoer_Kochen_Plug-In_Festival_IceCube_Kompressor_Kuehlbox_25-65L_1_1024_75.webp",1024,1024,false],"2048x2048":["https:\/\/dachzeltnomaden.com\/shop\/wp-content\/uploads\/2024\/08\/Dachzeltnomaden_Shop_Zubehoer_Kochen_Plug-In_Festival_IceCube_Kompressor_Kuehlbox_25-65L_1_1024_75.webp",1024,1024,false],"woocommerce_thumbnail":["https:\/\/dachzeltnomaden.com\/shop\/wp-content\/uploads\/2024\/08\/Dachzeltnomaden_Shop_Zubehoer_Kochen_Plug-In_Festival_IceCube_Kompressor_Kuehlbox_25-65L_1_1024_75-600x600.webp",600,600,true],"woocommerce_single":["https:\/\/dachzeltnomaden.com\/shop\/wp-content\/uploads\/2024\/08\/Dachzeltnomaden_Shop_Zubehoer_Kochen_Plug-In_Festival_IceCube_Kompressor_Kuehlbox_25-65L_1_1024_75.webp",1024,1024,false],"woocommerce_gallery_thumbnail":["https:\/\/dachzeltnomaden.com\/shop\/wp-content\/uploads\/2024\/08\/Dachzeltnomaden_Shop_Zubehoer_Kochen_Plug-In_Festival_IceCube_Kompressor_Kuehlbox_25-65L_1_1024_75-100x100.webp",100,100,true]},"uagb_author_info":{"display_name":"Jasmine","author_link":"https:\/\/dachzeltnomaden.com\/shop\/author\/"},"uagb_comment_info":0,"uagb_excerpt":"Effiziente Kompressor-Technologie qAIR \u2013 System \u2013 extra leise Praktisches Magnet-Geh\u00e4use Turbo K\u00fchlung Super stromsparend Per App steuerbar Beste Qualit\u00e4t Zur IceCube","_links":{"self":[{"href":"https:\/\/dachzeltnomaden.com\/shop\/wp-json\/wp\/v2\/product\/129471","targetHints":{"allow":["GET"]}}],"collection":[{"href":"https:\/\/dachzeltnomaden.com\/shop\/wp-json\/wp\/v2\/product"}],"about":[{"href":"https:\/\/dachzeltnomaden.com\/shop\/wp-json\/wp\/v2\/types\/product"}],"wp:featuredmedia":[{"embeddable":true,"href":"https:\/\/dachzeltnomaden.com\/shop\/wp-json\/wp\/v2\/media\/130399"}],"wp:attachment":[{"href":"https:\/\/dachzeltnomaden.com\/shop\/wp-json\/wp\/v2\/media?parent=129471"}],"wp:term":[{"taxonomy":"product_brand","embeddable":true,"href":"https:\/\/dachzeltnomaden.com\/shop\/wp-json\/wp\/v2\/product_brand?post=129471"},{"taxonomy":"product_cat","embeddable":true,"href":"https:\/\/dachzeltnomaden.com\/shop\/wp-json\/wp\/v2\/product_cat?post=129471"},{"taxonomy":"product_tag","embeddable":true,"href":"https:\/\/dachzeltnomaden.com\/shop\/wp-json\/wp\/v2\/product_tag?post=129471"}],"curies":[{"name":"wp","href":"https:\/\/api.w.org\/{rel}","templated":true}]}}