{"id":129460,"date":"2024-08-15T13:44:59","date_gmt":"2024-08-15T11:44:59","guid":{"rendered":"https:\/\/dachzeltnomaden.com\/shop\/?post_type=product&#038;p=129460"},"modified":"2026-04-02T07:20:31","modified_gmt":"2026-04-02T05:20:31","slug":"dzn-becher","status":"publish","type":"product","link":"https:\/\/dachzeltnomaden.com\/shop\/produkt\/dzn-becher\/","title":{"rendered":"DZN Becher"},"content":{"rendered":"\n<p>Sommer Zeit ist Festival Zeit! Ab sofort bekommst du den stylischen <strong>Dachzeltnomaden<\/strong> <strong>Becher<\/strong> mit dem beliebten Landschafts-Logo!&nbsp;<br>Ein <strong>Must-have<\/strong> f\u00fcr jeden Dachzeltnomaden!<\/p>\n\n\n\n<p>Eigenschaften:<\/p>\n\n\n\n<ul class=\"wp-block-list\">\n<li><strong>PP-Mehrwegbecher transparent\/ leicht milchig 0,30 l<\/strong><\/li>\n\n\n\n<li><strong>BPA-frei, 100 % recycelbar<\/strong><\/li>\n\n\n\n<li><strong>bruch- &amp; sp\u00fclmaschinenbest\u00e4ndig<\/strong><\/li>\n<\/ul>\n\n\n\n<p>Genie\u00dfe dein Lieblingsgetr\u00e4nk aus deinem pers\u00f6nlichen <strong>Dachzeltnomaden Becher<\/strong>!<\/p>\n","protected":false},"excerpt":{"rendered":"<p>Sommer Zeit ist Festival Zeit! Ab sofort bekommst du den stylischen Dachzeltnomaden Becher mit dem beliebten Landschafts-Logo!&nbsp;Ein Must-have f\u00fcr jeden [&hellip;]<\/p>\n","protected":false},"featured_media":130339,"template":"","meta":{"_uag_custom_page_level_css":"","site-sidebar-layout":"default","site-content-layout":"","ast-site-content-layout":"default","site-content-style":"default","site-sidebar-style":"default","ast-global-header-display":"","ast-banner-title-visibility":"","ast-main-header-display":"","ast-hfb-above-header-display":"","ast-hfb-below-header-display":"","ast-hfb-mobile-header-display":"","site-post-title":"","ast-breadcrumbs-content":"","ast-featured-img":"","footer-sml-layout":"","ast-disable-related-posts":"","theme-transparent-header-meta":"default","adv-header-id-meta":"","stick-header-meta":"default","header-above-stick-meta":"","header-main-stick-meta":"","header-below-stick-meta":"","astra-migrate-meta-layouts":"set","ast-page-background-enabled":"default","ast-page-background-meta":{"desktop":{"background-color":"var(--ast-global-color-4)","background-image":"","background-repeat":"repeat","background-position":"center center","background-size":"auto","background-attachment":"scroll","background-type":"","background-media":"","overlay-type":"","overlay-color":"","overlay-opacity":"","overlay-gradient":""},"tablet":{"background-color":"","background-image":"","background-repeat":"repeat","background-position":"center center","background-size":"auto","background-attachment":"scroll","background-type":"","background-media":"","overlay-type":"","overlay-color":"","overlay-opacity":"","overlay-gradient":""},"mobile":{"background-color":"","background-image":"","background-repeat":"repeat","background-position":"center center","background-size":"auto","background-attachment":"scroll","background-type":"","background-media":"","overlay-type":"","overlay-color":"","overlay-opacity":"","overlay-gradient":""}},"ast-content-background-meta":{"desktop":{"background-color":"var(--ast-global-color-5)","background-image":"","background-repeat":"repeat","background-position":"center center","background-size":"auto","background-attachment":"scroll","background-type":"","background-media":"","overlay-type":"","overlay-color":"","overlay-opacity":"","overlay-gradient":""},"tablet":{"background-color":"var(--ast-global-color-5)","background-image":"","background-repeat":"repeat","background-position":"center center","background-size":"auto","background-attachment":"scroll","background-type":"","background-media":"","overlay-type":"","overlay-color":"","overlay-opacity":"","overlay-gradient":""},"mobile":{"background-color":"var(--ast-global-color-5)","background-image":"","background-repeat":"repeat","background-position":"center center","background-size":"auto","background-attachment":"scroll","background-type":"","background-media":"","overlay-type":"","overlay-color":"","overlay-opacity":"","overlay-gradient":""}},"_themeisle_gutenberg_block_has_review":false},"product_brand":[],"product_cat":[18],"product_tag":[],"class_list":{"0":"post-129460","1":"product","2":"type-product","3":"status-publish","4":"has-post-thumbnail","6":"product_cat-dzn-merch","7":"product_shipping_class-versand-s","8":"desktop-align-left","9":"tablet-align-left","10":"mobile-align-left","11":"ast-product-gallery-layout-vertical-slider","12":"ast-product-tabs-layout-horizontal","14":"first","15":"instock","16":"taxable","17":"shipping-taxable","18":"purchasable","19":"product-type-simple"},"exclude_global_add_ons":[],"addons":[],"uagb_featured_image_src":{"full":["https:\/\/dachzeltnomaden.com\/shop\/wp-content\/uploads\/2024\/08\/Dachzeltnomaden_Shop_DZN_Merch_Becher_1024_10.webp",1024,1028,false],"thumbnail":["https:\/\/dachzeltnomaden.com\/shop\/wp-content\/uploads\/2024\/08\/Dachzeltnomaden_Shop_DZN_Merch_Becher_1024_10-1024x1024.webp",600,600,true],"medium":["https:\/\/dachzeltnomaden.com\/shop\/wp-content\/uploads\/2024\/08\/Dachzeltnomaden_Shop_DZN_Merch_Becher_1024_10-300x300.webp",300,300,true],"medium_large":["https:\/\/dachzeltnomaden.com\/shop\/wp-content\/uploads\/2024\/08\/Dachzeltnomaden_Shop_DZN_Merch_Becher_1024_10-768x771.webp",768,771,true],"large":["https:\/\/dachzeltnomaden.com\/shop\/wp-content\/uploads\/2024\/08\/Dachzeltnomaden_Shop_DZN_Merch_Becher_1024_10-1020x1024.webp",510,512,true],"1536x1536":["https:\/\/dachzeltnomaden.com\/shop\/wp-content\/uploads\/2024\/08\/Dachzeltnomaden_Shop_DZN_Merch_Becher_1024_10.webp",1024,1028,false],"2048x2048":["https:\/\/dachzeltnomaden.com\/shop\/wp-content\/uploads\/2024\/08\/Dachzeltnomaden_Shop_DZN_Merch_Becher_1024_10.webp",1024,1028,false],"woocommerce_thumbnail":["https:\/\/dachzeltnomaden.com\/shop\/wp-content\/uploads\/2024\/08\/Dachzeltnomaden_Shop_DZN_Merch_Becher_1024_10-600x600.webp",600,600,true],"woocommerce_single":["https:\/\/dachzeltnomaden.com\/shop\/wp-content\/uploads\/2024\/08\/Dachzeltnomaden_Shop_DZN_Merch_Becher_1024_10.webp",1024,1028,false],"woocommerce_gallery_thumbnail":["https:\/\/dachzeltnomaden.com\/shop\/wp-content\/uploads\/2024\/08\/Dachzeltnomaden_Shop_DZN_Merch_Becher_1024_10-100x100.webp",100,100,true]},"uagb_author_info":{"display_name":"admin","author_link":"https:\/\/dachzeltnomaden.com\/shop\/author\/"},"uagb_comment_info":0,"uagb_excerpt":"Sommer Zeit ist Festival Zeit! Ab sofort bekommst du den stylischen Dachzeltnomaden Becher mit dem beliebten Landschafts-Logo!&nbsp;Ein Must-have f\u00fcr jeden [&hellip;]","_links":{"self":[{"href":"https:\/\/dachzeltnomaden.com\/shop\/wp-json\/wp\/v2\/product\/129460","targetHints":{"allow":["GET"]}}],"collection":[{"href":"https:\/\/dachzeltnomaden.com\/shop\/wp-json\/wp\/v2\/product"}],"about":[{"href":"https:\/\/dachzeltnomaden.com\/shop\/wp-json\/wp\/v2\/types\/product"}],"wp:featuredmedia":[{"embeddable":true,"href":"https:\/\/dachzeltnomaden.com\/shop\/wp-json\/wp\/v2\/media\/130339"}],"wp:attachment":[{"href":"https:\/\/dachzeltnomaden.com\/shop\/wp-json\/wp\/v2\/media?parent=129460"}],"wp:term":[{"taxonomy":"product_brand","embeddable":true,"href":"https:\/\/dachzeltnomaden.com\/shop\/wp-json\/wp\/v2\/product_brand?post=129460"},{"taxonomy":"product_cat","embeddable":true,"href":"https:\/\/dachzeltnomaden.com\/shop\/wp-json\/wp\/v2\/product_cat?post=129460"},{"taxonomy":"product_tag","embeddable":true,"href":"https:\/\/dachzeltnomaden.com\/shop\/wp-json\/wp\/v2\/product_tag?post=129460"}],"curies":[{"name":"wp","href":"https:\/\/api.w.org\/{rel}","templated":true}]}}