{"id":129429,"date":"2024-08-13T11:34:46","date_gmt":"2024-08-13T09:34:46","guid":{"rendered":"https:\/\/dachzeltnomaden.com\/shop\/?post_type=product&#038;p=129429"},"modified":"2025-10-17T10:17:23","modified_gmt":"2025-10-17T08:17:23","slug":"chanori-clapp","status":"publish","type":"product","link":"https:\/\/dachzeltnomaden.com\/shop\/produkt\/chanori-clapp\/","title":{"rendered":"CHANORI Clapp"},"content":{"rendered":"\n<div class=\"wp-block-uagb-container uagb-block-be52fc24 alignwide uagb-is-root-container\">\n<div class=\"wp-block-uagb-advanced-heading uagb-block-233add0f\"><h6 class=\"uagb-heading-text\">WERBUNG<\/h6><\/div>\n\n\n\n<p class=\"has-ast-global-color-5-color has-ast-global-color-2-background-color has-text-color has-background has-link-color wp-elements-fd360d7d156cbf3f3f1f7d08e30e5e68\">Du suchst noch nach einem praktischen Stuhl f\u00fcr unterwegs? Wie w\u00e4re es mit dem CHANORI Clapp!<br>*Die Links sind Affiliate Links. Wenn du dich f\u00fcr den Kauf eines CHANORI Clapps entscheidest, erhalten die Dachzeltnomaden eine Provision. Damit unterst\u00fctzt du uns &amp; unsere Arbeit. F\u00fcr dich kostet der CHANORI CLAPP deshalb nicht mehr.<\/p>\n\n\n\n<div class=\"wp-block-uagb-advanced-heading uagb-block-b21af034\"><p class=\"uagb-desc-text\">Modern, Flexibel, Bequem<\/p><h2 class=\"uagb-heading-text\"><strong>Der erste Bodenstuhl f\u00fcr den Outdoor Bereich<\/strong><\/h2><div class=\"uagb-separator\"><\/div><\/div>\n\n\n\n<p>Ob am Strand, beim Grillen im Garten, auf dem Campingplatz oder im heimischen Wohnzimmer:<\/p>\n\n\n\n<p>Das Sitzen auf dem Boden erm\u00f6glicht uns einen ganz neuen Blickwinkel. Wir sind mittendrin, nehmen unsere Umgebung unmittelbar wahr und verschmelzen f\u00f6rmlich mit der Natur: Sp\u00fcren das Wasser an unseren F\u00fc\u00dfen, den Sand zwischen den Zehen und das Gras an unseren Fingerspitzen. Unser CHANORI Clapp ist f\u00fcr Weltenbummler und Entdecker, f\u00fcr Naturliebhaber und Sonnenanbeter und f\u00fcr alle, die gerne drau\u00dfen sind. Genau das ist es, was wir an unserem Produkt so lieben.<\/p>\n<\/div>\n\n\n\n<div class=\"wp-block-uagb-container uagb-block-ae00b476 alignwide uagb-is-root-container\">\n<div class=\"wp-block-uagb-container uagb-block-3d544ad6\">\n<h3 class=\"wp-block-heading\">WASSERFESTES DESIGN<\/h3>\n\n\n\n<p>Ob am Pool, am Strand, auf dem Boot oder beim Picknick mit unbest\u00e4ndigem Wetter, der CHANORI Clapp bietet dir auch bei N\u00e4sse einen komfortablen Sitzkomfort.&nbsp;<\/p>\n\n\n<style type=\"text\/css\">.otter-masonry .blocks-gallery-grid .blocks-gallery-item img{ width:100% }<\/style><div class=\"otter-masonry\" data-margin=\"10\">\n<figure class=\"wp-block-gallery has-nested-images columns-2 is-cropped wp-block-gallery-1 is-layout-flex wp-block-gallery-is-layout-flex\">\n<figure class=\"wp-block-image size-full has-custom-border\"><img decoding=\"async\" width=\"1024\" height=\"656\" data-id=\"130431\" src=\"https:\/\/dachzeltnomaden.com\/shop\/wp-content\/uploads\/2024\/08\/Dachzeltnomaden_Shop_Zubehoer_Outdoor_Gadgets-Chanori_Clapp_Bodenstuhl_-wasserfest_1024_50.webp\" alt=\"Dachzeltnomaden Shop Zubehoer Outdoor Gadgets Chanori Clapp Bodenstuhl kaufen\" class=\"wp-image-130431\" style=\"border-radius:10px\" srcset=\"https:\/\/dachzeltnomaden.com\/shop\/wp-content\/uploads\/2024\/08\/Dachzeltnomaden_Shop_Zubehoer_Outdoor_Gadgets-Chanori_Clapp_Bodenstuhl_-wasserfest_1024_50.webp 1024w, https:\/\/dachzeltnomaden.com\/shop\/wp-content\/uploads\/2024\/08\/Dachzeltnomaden_Shop_Zubehoer_Outdoor_Gadgets-Chanori_Clapp_Bodenstuhl_-wasserfest_1024_50-300x192.webp 300w, https:\/\/dachzeltnomaden.com\/shop\/wp-content\/uploads\/2024\/08\/Dachzeltnomaden_Shop_Zubehoer_Outdoor_Gadgets-Chanori_Clapp_Bodenstuhl_-wasserfest_1024_50-768x492.webp 768w\" sizes=\"(max-width: 1024px) 100vw, 1024px\" \/><\/figure>\n\n\n\n<figure class=\"wp-block-image size-full has-custom-border\"><img decoding=\"async\" width=\"735\" height=\"735\" data-id=\"130432\" src=\"https:\/\/dachzeltnomaden.com\/shop\/wp-content\/uploads\/2024\/08\/Dachzeltnomaden_Shop_Zubehoer_Outdoor_Gadgets-Chanori-Clapp-edited.webp\" alt=\"Dachzeltnomaden Shop Zubehoer Outdoor Gadgets Chanori Clapp Bodenstuhl kaufen\" class=\"wp-image-130432\" style=\"border-radius:10px\" srcset=\"https:\/\/dachzeltnomaden.com\/shop\/wp-content\/uploads\/2024\/08\/Dachzeltnomaden_Shop_Zubehoer_Outdoor_Gadgets-Chanori-Clapp-edited.webp 735w, https:\/\/dachzeltnomaden.com\/shop\/wp-content\/uploads\/2024\/08\/Dachzeltnomaden_Shop_Zubehoer_Outdoor_Gadgets-Chanori-Clapp-edited-300x300.webp 300w, https:\/\/dachzeltnomaden.com\/shop\/wp-content\/uploads\/2024\/08\/Dachzeltnomaden_Shop_Zubehoer_Outdoor_Gadgets-Chanori-Clapp-edited-600x600.webp 600w, https:\/\/dachzeltnomaden.com\/shop\/wp-content\/uploads\/2024\/08\/Dachzeltnomaden_Shop_Zubehoer_Outdoor_Gadgets-Chanori-Clapp-edited-100x100.webp 100w\" sizes=\"(max-width: 735px) 100vw, 735px\" \/><\/figure>\n\n\n\n<figure class=\"wp-block-image size-full has-custom-border\"><img decoding=\"async\" width=\"735\" height=\"1102\" data-id=\"130424\" src=\"https:\/\/dachzeltnomaden.com\/shop\/wp-content\/uploads\/2024\/08\/Dachzeltnomaden_Shop_Zubehoer_Outdoor_Gadgets-Chanori_Clapp_Bodenstuhl_1_50.webp\" alt=\"Dachzeltnomaden Shop Zubehoer Outdoor Gadgets Chanori Clapp Bodenstuhl kaufen\" class=\"wp-image-130424\" style=\"border-radius:10px\" srcset=\"https:\/\/dachzeltnomaden.com\/shop\/wp-content\/uploads\/2024\/08\/Dachzeltnomaden_Shop_Zubehoer_Outdoor_Gadgets-Chanori_Clapp_Bodenstuhl_1_50.webp 735w, https:\/\/dachzeltnomaden.com\/shop\/wp-content\/uploads\/2024\/08\/Dachzeltnomaden_Shop_Zubehoer_Outdoor_Gadgets-Chanori_Clapp_Bodenstuhl_1_50-200x300.webp 200w, https:\/\/dachzeltnomaden.com\/shop\/wp-content\/uploads\/2024\/08\/Dachzeltnomaden_Shop_Zubehoer_Outdoor_Gadgets-Chanori_Clapp_Bodenstuhl_1_50-683x1024.webp 683w\" sizes=\"(max-width: 735px) 100vw, 735px\" \/><\/figure>\n\n\n\n<figure class=\"wp-block-image size-full has-custom-border\"><img decoding=\"async\" width=\"1024\" height=\"655\" data-id=\"130433\" src=\"https:\/\/dachzeltnomaden.com\/shop\/wp-content\/uploads\/2024\/08\/DDachzeltnomaden_Shop_Zubehoer_Outdoor_Gadgets-Chanori_Clapp_Bodenstuhl_-waschbar_1024_75.webp\" alt=\"Dachzeltnomaden Shop Zubehoer Outdoor Gadgets Chanori Clapp Bodenstuhl kaufen\" class=\"wp-image-130433\" style=\"border-radius:10px\" srcset=\"https:\/\/dachzeltnomaden.com\/shop\/wp-content\/uploads\/2024\/08\/DDachzeltnomaden_Shop_Zubehoer_Outdoor_Gadgets-Chanori_Clapp_Bodenstuhl_-waschbar_1024_75.webp 1024w, https:\/\/dachzeltnomaden.com\/shop\/wp-content\/uploads\/2024\/08\/DDachzeltnomaden_Shop_Zubehoer_Outdoor_Gadgets-Chanori_Clapp_Bodenstuhl_-waschbar_1024_75-300x192.webp 300w, https:\/\/dachzeltnomaden.com\/shop\/wp-content\/uploads\/2024\/08\/DDachzeltnomaden_Shop_Zubehoer_Outdoor_Gadgets-Chanori_Clapp_Bodenstuhl_-waschbar_1024_75-768x491.webp 768w\" sizes=\"(max-width: 1024px) 100vw, 1024px\" \/><\/figure>\n<\/figure>\n<\/div><\/div>\n\n\n\n<div class=\"wp-block-uagb-container uagb-block-76ea1ad4\">\n<h3 class=\"wp-block-heading\">WASCHBARER BEZUG<\/h3>\n\n\n\n<p>Naturliebhaber rechnen damit, dass ihr Clapp auch mal dreckig wird. Kein Problem, denn der Bezug vom Chanori Clapp ist abnehmbar und kann bei bis zu 30 Grad in der Waschmaschine gewaschen werden und bereit f\u00fcr das n\u00e4chste Abenteuer<\/p>\n\n\n\n<h3 class=\"wp-block-heading\">F\u00dcNF-WEGE-R\u00dcCKENLEHNE<\/h3>\n\n\n\n<p>Der Chanori Clapp sorgt f\u00fcr einfachen und flexiblen Sitzkomfort. Seine F\u00fcnf-Wege-R\u00fcckenlehne l\u00e4sst sich vom aufrechten Sitz bis zur Liegefl\u00e4che im Handumdrehen an pers\u00f6nliche Bed\u00fcrfnisse anpassen. So erm\u00f6glicht der Chanori Clapp r\u00fcckenschonendes und entspanntes Sitzen \u2013 jederzeit und \u00fcberall.<\/p>\n\n\n\n<div class=\"wp-block-buttons is-layout-flex wp-block-buttons-is-layout-flex\">\n<div class=\"wp-block-button\"><a class=\"wp-block-button__link wp-element-button\" href=\"https:\/\/goaff.pro\/tcryej\" target=\"_blank\" rel=\"noreferrer noopener\">Zum Chanori Clapp<\/a><\/div>\n<\/div>\n<\/div>\n<\/div>\n","protected":false},"excerpt":{"rendered":"<ul>\n<li>schnell sitzbereit<\/li>\n<li>weich &#038; komfortabel<\/li>\n<li>Leichtgewicht mit 3 kg<\/li>\n<li>waschbarer Bezug bis 30\u00b0<\/li>\n<li>wasserfestes Design<\/li>\n<li>belastbar bis 120kg<\/li>\n<\/ul>\n<div class=\"wp-block-button\"><a class=\"wp-block-button__link wp-element-button\" href=\"https:\/\/goaff.pro\/tcryej\" target=\"_blank\" rel=\"noreferrer noopener\">Zum Chanori Clapp<\/a><\/div>\n","protected":false},"featured_media":130422,"template":"","meta":{"_uag_custom_page_level_css":"","site-sidebar-layout":"default","site-content-layout":"","ast-site-content-layout":"default","site-content-style":"default","site-sidebar-style":"default","ast-global-header-display":"","ast-banner-title-visibility":"","ast-main-header-display":"","ast-hfb-above-header-display":"","ast-hfb-below-header-display":"","ast-hfb-mobile-header-display":"","site-post-title":"","ast-breadcrumbs-content":"","ast-featured-img":"","footer-sml-layout":"","ast-disable-related-posts":"","theme-transparent-header-meta":"","adv-header-id-meta":"","stick-header-meta":"","header-above-stick-meta":"","header-main-stick-meta":"","header-below-stick-meta":"","astra-migrate-meta-layouts":"default","ast-page-background-enabled":"default","ast-page-background-meta":{"desktop":{"background-color":"var(--ast-global-color-4)","background-image":"","background-repeat":"repeat","background-position":"center center","background-size":"auto","background-attachment":"scroll","background-type":"","background-media":"","overlay-type":"","overlay-color":"","overlay-opacity":"","overlay-gradient":""},"tablet":{"background-color":"","background-image":"","background-repeat":"repeat","background-position":"center center","background-size":"auto","background-attachment":"scroll","background-type":"","background-media":"","overlay-type":"","overlay-color":"","overlay-opacity":"","overlay-gradient":""},"mobile":{"background-color":"","background-image":"","background-repeat":"repeat","background-position":"center center","background-size":"auto","background-attachment":"scroll","background-type":"","background-media":"","overlay-type":"","overlay-color":"","overlay-opacity":"","overlay-gradient":""}},"ast-content-background-meta":{"desktop":{"background-color":"var(--ast-global-color-5)","background-image":"","background-repeat":"repeat","background-position":"center center","background-size":"auto","background-attachment":"scroll","background-type":"","background-media":"","overlay-type":"","overlay-color":"","overlay-opacity":"","overlay-gradient":""},"tablet":{"background-color":"var(--ast-global-color-5)","background-image":"","background-repeat":"repeat","background-position":"center center","background-size":"auto","background-attachment":"scroll","background-type":"","background-media":"","overlay-type":"","overlay-color":"","overlay-opacity":"","overlay-gradient":""},"mobile":{"background-color":"var(--ast-global-color-5)","background-image":"","background-repeat":"repeat","background-position":"center center","background-size":"auto","background-attachment":"scroll","background-type":"","background-media":"","overlay-type":"","overlay-color":"","overlay-opacity":"","overlay-gradient":""}},"_themeisle_gutenberg_block_has_review":false},"product_brand":[],"product_cat":[101,157,343],"product_tag":[],"class_list":{"0":"post-129429","1":"product","2":"type-product","3":"status-publish","4":"has-post-thumbnail","6":"product_cat-zubehoer","7":"product_cat-outdoor-gadgets-sport","8":"product_cat-campingmoebel","9":"desktop-align-left","10":"tablet-align-left","11":"mobile-align-left","12":"ast-product-gallery-layout-vertical-slider","13":"ast-product-tabs-layout-horizontal","15":"first","16":"instock","17":"taxable","18":"shipping-taxable","19":"purchasable","20":"product-type-external"},"exclude_global_add_ons":[],"addons":[],"uagb_featured_image_src":{"full":["https:\/\/dachzeltnomaden.com\/shop\/wp-content\/uploads\/2024\/08\/Dachzeltnomaden_Shop_Zubehoer_Outdoor_Gadgets-Chanori_Clapp_Bodenstuhl_1024_50.webp",1024,566,false],"thumbnail":["https:\/\/dachzeltnomaden.com\/shop\/wp-content\/uploads\/2024\/08\/Dachzeltnomaden_Shop_Zubehoer_Outdoor_Gadgets-Chanori_Clapp_Bodenstuhl_1024_50.webp",600,332,false],"medium":["https:\/\/dachzeltnomaden.com\/shop\/wp-content\/uploads\/2024\/08\/Dachzeltnomaden_Shop_Zubehoer_Outdoor_Gadgets-Chanori_Clapp_Bodenstuhl_1024_50-300x166.webp",300,166,true],"medium_large":["https:\/\/dachzeltnomaden.com\/shop\/wp-content\/uploads\/2024\/08\/Dachzeltnomaden_Shop_Zubehoer_Outdoor_Gadgets-Chanori_Clapp_Bodenstuhl_1024_50-768x425.webp",768,425,true],"large":["https:\/\/dachzeltnomaden.com\/shop\/wp-content\/uploads\/2024\/08\/Dachzeltnomaden_Shop_Zubehoer_Outdoor_Gadgets-Chanori_Clapp_Bodenstuhl_1024_50.webp",926,512,false],"1536x1536":["https:\/\/dachzeltnomaden.com\/shop\/wp-content\/uploads\/2024\/08\/Dachzeltnomaden_Shop_Zubehoer_Outdoor_Gadgets-Chanori_Clapp_Bodenstuhl_1024_50.webp",1024,566,false],"2048x2048":["https:\/\/dachzeltnomaden.com\/shop\/wp-content\/uploads\/2024\/08\/Dachzeltnomaden_Shop_Zubehoer_Outdoor_Gadgets-Chanori_Clapp_Bodenstuhl_1024_50.webp",1024,566,false],"woocommerce_thumbnail":["https:\/\/dachzeltnomaden.com\/shop\/wp-content\/uploads\/2024\/08\/Dachzeltnomaden_Shop_Zubehoer_Outdoor_Gadgets-Chanori_Clapp_Bodenstuhl_1024_50-600x566.webp",600,566,true],"woocommerce_single":["https:\/\/dachzeltnomaden.com\/shop\/wp-content\/uploads\/2024\/08\/Dachzeltnomaden_Shop_Zubehoer_Outdoor_Gadgets-Chanori_Clapp_Bodenstuhl_1024_50.webp",1024,566,false],"woocommerce_gallery_thumbnail":["https:\/\/dachzeltnomaden.com\/shop\/wp-content\/uploads\/2024\/08\/Dachzeltnomaden_Shop_Zubehoer_Outdoor_Gadgets-Chanori_Clapp_Bodenstuhl_1024_50-100x100.webp",100,100,true]},"uagb_author_info":{"display_name":"Jasmine","author_link":"https:\/\/dachzeltnomaden.com\/shop\/author\/"},"uagb_comment_info":0,"uagb_excerpt":"schnell sitzbereit weich & komfortabel Leichtgewicht mit 3 kg waschbarer Bezug bis 30\u00b0 wasserfestes Design belastbar bis 120kg Zum Chanori Clapp","_links":{"self":[{"href":"https:\/\/dachzeltnomaden.com\/shop\/wp-json\/wp\/v2\/product\/129429","targetHints":{"allow":["GET"]}}],"collection":[{"href":"https:\/\/dachzeltnomaden.com\/shop\/wp-json\/wp\/v2\/product"}],"about":[{"href":"https:\/\/dachzeltnomaden.com\/shop\/wp-json\/wp\/v2\/types\/product"}],"wp:featuredmedia":[{"embeddable":true,"href":"https:\/\/dachzeltnomaden.com\/shop\/wp-json\/wp\/v2\/media\/130422"}],"wp:attachment":[{"href":"https:\/\/dachzeltnomaden.com\/shop\/wp-json\/wp\/v2\/media?parent=129429"}],"wp:term":[{"taxonomy":"product_brand","embeddable":true,"href":"https:\/\/dachzeltnomaden.com\/shop\/wp-json\/wp\/v2\/product_brand?post=129429"},{"taxonomy":"product_cat","embeddable":true,"href":"https:\/\/dachzeltnomaden.com\/shop\/wp-json\/wp\/v2\/product_cat?post=129429"},{"taxonomy":"product_tag","embeddable":true,"href":"https:\/\/dachzeltnomaden.com\/shop\/wp-json\/wp\/v2\/product_tag?post=129429"}],"curies":[{"name":"wp","href":"https:\/\/api.w.org\/{rel}","templated":true}]}}