{"id":129392,"date":"2024-08-09T13:19:21","date_gmt":"2024-08-09T11:19:21","guid":{"rendered":"https:\/\/dachzeltnomaden.com\/shop\/?post_type=product&#038;p=129392"},"modified":"2026-03-11T05:58:32","modified_gmt":"2026-03-11T04:58:32","slug":"dzn-tanktop","status":"publish","type":"product","link":"https:\/\/dachzeltnomaden.com\/shop\/produkt\/dzn-tanktop\/","title":{"rendered":"DZN Tanktop"},"content":{"rendered":"\n<p>Ganz neu haben wir, passend zum Sommer, endlich ein <strong>Dachzeltnomaden Tanktop<\/strong>!<\/p>\n\n\n\n<p>Du magst mehr \u00fcber das Tanktop wissen? Hier hast du alle Infos:<\/p>\n\n\n\n<ul class=\"wp-block-list\">\n<li>Material: Zertifizierung als Bio-Baumwolle in Arbeit, ringgesponnen und gek\u00e4mmt\u00a0<\/li>\n\n\n\n<li>Tragekomfort: Single Jersey | Geschwungener Saum | Schmale Einfassung an Hals-und Armausschnitt | Saum mit Zwillingsnadel | Abrei\u00dfbares Gr\u00f6\u00dfenetikett im Nacken<\/li>\n\n\n\n<li>angenehm leichte Stoffqualit\u00e4t: 125 g\/m\u00b2<\/li>\n\n\n\n<li>Schnitt: Moderne, legere Passform\u00a0<\/li>\n\n\n\n<li>Farbe: schwarz<\/li>\n<\/ul>\n\n\n\n<figure class=\"wp-block-table\"><table class=\"has-fixed-layout\"><tbody><tr><td>Gr\u00f6\u00dfe<\/td><td>S<\/td><td>M<\/td><td>L<\/td><td>XL<\/td><td>XXL<\/td><\/tr><tr><td>Brustumfang<\/td><td>91cm<\/td><td>96cm<\/td><td>101cm<\/td><td>106cm<\/td><td>111cm<\/td><\/tr><tr><td>L\u00e4nge vorne<\/td><td>64cm<\/td><td>68cm<\/td><td>70cm<\/td><td>72cm<\/td><td>74cm<\/td><\/tr><tr><td>L\u00e4nge hinten<\/td><td>66cm<\/td><td>70cm<\/td><td>72cm<\/td><td>74cm<\/td><td>76cm<\/td><\/tr><\/tbody><\/table><\/figure>\n\n\n\n<p>Unsere Tanktops kommen von Mantis<\/p>\n","protected":false},"excerpt":{"rendered":"<p>Ganz neu haben wir, passend zum Sommer, endlich ein Dachzeltnomaden Tanktop! Du magst mehr \u00fcber das Tanktop wissen? Hier hast [&hellip;]<\/p>\n","protected":false},"featured_media":130305,"template":"","meta":{"_uag_custom_page_level_css":"","site-sidebar-layout":"default","site-content-layout":"","ast-site-content-layout":"default","site-content-style":"default","site-sidebar-style":"default","ast-global-header-display":"","ast-banner-title-visibility":"","ast-main-header-display":"","ast-hfb-above-header-display":"","ast-hfb-below-header-display":"","ast-hfb-mobile-header-display":"","site-post-title":"","ast-breadcrumbs-content":"","ast-featured-img":"","footer-sml-layout":"","ast-disable-related-posts":"","theme-transparent-header-meta":"","adv-header-id-meta":"","stick-header-meta":"","header-above-stick-meta":"","header-main-stick-meta":"","header-below-stick-meta":"","astra-migrate-meta-layouts":"default","ast-page-background-enabled":"default","ast-page-background-meta":{"desktop":{"background-color":"var(--ast-global-color-4)","background-image":"","background-repeat":"repeat","background-position":"center center","background-size":"auto","background-attachment":"scroll","background-type":"","background-media":"","overlay-type":"","overlay-color":"","overlay-opacity":"","overlay-gradient":""},"tablet":{"background-color":"","background-image":"","background-repeat":"repeat","background-position":"center center","background-size":"auto","background-attachment":"scroll","background-type":"","background-media":"","overlay-type":"","overlay-color":"","overlay-opacity":"","overlay-gradient":""},"mobile":{"background-color":"","background-image":"","background-repeat":"repeat","background-position":"center center","background-size":"auto","background-attachment":"scroll","background-type":"","background-media":"","overlay-type":"","overlay-color":"","overlay-opacity":"","overlay-gradient":""}},"ast-content-background-meta":{"desktop":{"background-color":"var(--ast-global-color-5)","background-image":"","background-repeat":"repeat","background-position":"center center","background-size":"auto","background-attachment":"scroll","background-type":"","background-media":"","overlay-type":"","overlay-color":"","overlay-opacity":"","overlay-gradient":""},"tablet":{"background-color":"var(--ast-global-color-5)","background-image":"","background-repeat":"repeat","background-position":"center center","background-size":"auto","background-attachment":"scroll","background-type":"","background-media":"","overlay-type":"","overlay-color":"","overlay-opacity":"","overlay-gradient":""},"mobile":{"background-color":"var(--ast-global-color-5)","background-image":"","background-repeat":"repeat","background-position":"center center","background-size":"auto","background-attachment":"scroll","background-type":"","background-media":"","overlay-type":"","overlay-color":"","overlay-opacity":"","overlay-gradient":""}},"_themeisle_gutenberg_block_has_review":false},"product_brand":[],"product_cat":[18],"product_tag":[],"class_list":{"0":"post-129392","1":"product","2":"type-product","3":"status-publish","4":"has-post-thumbnail","6":"product_cat-dzn-merch","7":"product_shipping_class-versand-s","8":"desktop-align-left","9":"tablet-align-left","10":"mobile-align-left","11":"ast-product-gallery-layout-vertical-slider","12":"ast-product-single-variable","13":"ast-product-tabs-layout-horizontal","15":"first","16":"instock","17":"taxable","18":"shipping-taxable","19":"purchasable","20":"product-type-variable"},"exclude_global_add_ons":[],"addons":[],"uagb_featured_image_src":{"full":["https:\/\/dachzeltnomaden.com\/shop\/wp-content\/uploads\/2024\/08\/Dachzeltnomaden_Shop_DZN-Tanktop_schwarz.webp",1024,1024,false],"thumbnail":["https:\/\/dachzeltnomaden.com\/shop\/wp-content\/uploads\/2024\/08\/Dachzeltnomaden_Shop_DZN-Tanktop_schwarz.webp",600,600,false],"medium":["https:\/\/dachzeltnomaden.com\/shop\/wp-content\/uploads\/2024\/08\/Dachzeltnomaden_Shop_DZN-Tanktop_schwarz-300x300.webp",300,300,true],"medium_large":["https:\/\/dachzeltnomaden.com\/shop\/wp-content\/uploads\/2024\/08\/Dachzeltnomaden_Shop_DZN-Tanktop_schwarz-768x768.webp",768,768,true],"large":["https:\/\/dachzeltnomaden.com\/shop\/wp-content\/uploads\/2024\/08\/Dachzeltnomaden_Shop_DZN-Tanktop_schwarz.webp",512,512,false],"1536x1536":["https:\/\/dachzeltnomaden.com\/shop\/wp-content\/uploads\/2024\/08\/Dachzeltnomaden_Shop_DZN-Tanktop_schwarz.webp",1024,1024,false],"2048x2048":["https:\/\/dachzeltnomaden.com\/shop\/wp-content\/uploads\/2024\/08\/Dachzeltnomaden_Shop_DZN-Tanktop_schwarz.webp",1024,1024,false],"woocommerce_thumbnail":["https:\/\/dachzeltnomaden.com\/shop\/wp-content\/uploads\/2024\/08\/Dachzeltnomaden_Shop_DZN-Tanktop_schwarz-600x600.webp",600,600,true],"woocommerce_single":["https:\/\/dachzeltnomaden.com\/shop\/wp-content\/uploads\/2024\/08\/Dachzeltnomaden_Shop_DZN-Tanktop_schwarz.webp",1024,1024,false],"woocommerce_gallery_thumbnail":["https:\/\/dachzeltnomaden.com\/shop\/wp-content\/uploads\/2024\/08\/Dachzeltnomaden_Shop_DZN-Tanktop_schwarz-100x100.webp",100,100,true]},"uagb_author_info":{"display_name":"admin","author_link":"https:\/\/dachzeltnomaden.com\/shop\/author\/"},"uagb_comment_info":0,"uagb_excerpt":"Ganz neu haben wir, passend zum Sommer, endlich ein Dachzeltnomaden Tanktop! Du magst mehr \u00fcber das Tanktop wissen? Hier hast [&hellip;]","_links":{"self":[{"href":"https:\/\/dachzeltnomaden.com\/shop\/wp-json\/wp\/v2\/product\/129392","targetHints":{"allow":["GET"]}}],"collection":[{"href":"https:\/\/dachzeltnomaden.com\/shop\/wp-json\/wp\/v2\/product"}],"about":[{"href":"https:\/\/dachzeltnomaden.com\/shop\/wp-json\/wp\/v2\/types\/product"}],"wp:featuredmedia":[{"embeddable":true,"href":"https:\/\/dachzeltnomaden.com\/shop\/wp-json\/wp\/v2\/media\/130305"}],"wp:attachment":[{"href":"https:\/\/dachzeltnomaden.com\/shop\/wp-json\/wp\/v2\/media?parent=129392"}],"wp:term":[{"taxonomy":"product_brand","embeddable":true,"href":"https:\/\/dachzeltnomaden.com\/shop\/wp-json\/wp\/v2\/product_brand?post=129392"},{"taxonomy":"product_cat","embeddable":true,"href":"https:\/\/dachzeltnomaden.com\/shop\/wp-json\/wp\/v2\/product_cat?post=129392"},{"taxonomy":"product_tag","embeddable":true,"href":"https:\/\/dachzeltnomaden.com\/shop\/wp-json\/wp\/v2\/product_tag?post=129392"}],"curies":[{"name":"wp","href":"https:\/\/api.w.org\/{rel}","templated":true}]}}