{"id":129275,"date":"2024-08-05T12:20:18","date_gmt":"2024-08-05T10:20:18","guid":{"rendered":"https:\/\/dachzeltnomaden.com\/shop\/?post_type=product&#038;p=129275"},"modified":"2025-10-17T10:17:17","modified_gmt":"2025-10-17T08:17:17","slug":"boxio-cook-gaskocher","status":"publish","type":"product","link":"https:\/\/dachzeltnomaden.com\/shop\/produkt\/boxio-cook-gaskocher\/","title":{"rendered":"BOXIO COOK &#8211; Gaskocher"},"content":{"rendered":"\n<div class=\"wp-block-uagb-container uagb-block-be52fc24 alignwide uagb-is-root-container\">\n<div class=\"wp-block-uagb-advanced-heading uagb-block-233add0f\"><h6 class=\"uagb-heading-text\">WERBUNG<\/h6><\/div>\n\n\n\n<p class=\"has-ast-global-color-5-color has-ast-global-color-2-background-color has-text-color has-background has-link-color wp-elements-ac6a7dfca116150f2a5ea3de96bc886e\">Du suchst noch nach einem praktischen Gaskocher? Wie w\u00e4re es mit dem BOXIO COOK!<br><br>*Die Links sind Affiliate Links. Wenn du dich f\u00fcr den Kauf einer BOXIO COOK  entscheidest, erhalten die Dachzeltnomaden eine Provision. Damit unterst\u00fctzt du uns &amp; unsere Arbeit. F\u00fcr dich kostet die BOXIO COOK deshalb nicht mehr.<\/p>\n\n\n\n<div class=\"wp-block-uagb-advanced-heading uagb-block-b21af034\"><p class=\"uagb-desc-text\">Der revolution\u00e4re Gaskocher in der Eurobox<\/p><h2 class=\"uagb-heading-text\"><strong>GASKOCHER| BOXIO &#8211; COOK<\/strong><\/h2><div class=\"uagb-separator\"><\/div><\/div>\n\n\n\n<p>Entfessel mit der BOXIO COOK deine kulinarische Kreativit\u00e4t im Freien. Der Premium Gaskocher ist nicht nur ein praktisches Kochger\u00e4t, sondern ein echter Gamechanger f\u00fcr das Kochen unter freiem Himmel.<\/p>\n\n\n\n<div class=\"wp-block-uagb-icon-list uagb-block-38a6ec48\"><div class=\"uagb-icon-list__wrap\">\n<div class=\"wp-block-uagb-icon-list-child uagb-block-091426e6\"><span class=\"uagb-icon-list__source-wrap\"><svg xmlns=\"https:\/\/www.w3.org\/2000\/svg\" viewBox=\"0 0 448 512\"><path d=\"M438.6 105.4C451.1 117.9 451.1 138.1 438.6 150.6L182.6 406.6C170.1 419.1 149.9 419.1 137.4 406.6L9.372 278.6C-3.124 266.1-3.124 245.9 9.372 233.4C21.87 220.9 42.13 220.9 54.63 233.4L159.1 338.7L393.4 105.4C405.9 92.88 426.1 92.88 438.6 105.4H438.6z\"><\/path><\/svg><\/span><span class=\"uagb-icon-list__label\">Leistungsstark und Effizient: Mit der 1500 Watt starken, regulierbaren Gasflamme erm\u00f6glicht die BOXIO COOK das Zubereiten von bis zu 30 Mahlzeiten mit einer handels\u00fcblichen EN 417 Gaskartusche (500g). Dank des Designs werden Gasverbrauch und Kochzeit optimiert.<\/span><\/div>\n\n\n\n<div class=\"wp-block-uagb-icon-list-child uagb-block-b11d1cb5\"><span class=\"uagb-icon-list__source-wrap\"><svg xmlns=\"https:\/\/www.w3.org\/2000\/svg\" viewBox=\"0 0 448 512\"><path d=\"M438.6 105.4C451.1 117.9 451.1 138.1 438.6 150.6L182.6 406.6C170.1 419.1 149.9 419.1 137.4 406.6L9.372 278.6C-3.124 266.1-3.124 245.9 9.372 233.4C21.87 220.9 42.13 220.9 54.63 233.4L159.1 338.7L393.4 105.4C405.9 92.88 426.1 92.88 438.6 105.4H438.6z\"><\/path><\/svg><\/span><span class=\"uagb-icon-list__label\">Hochwertige Bauweise &amp; Sicherheit: Gefertigt aus robustem Edelstahl mit Z\u00fcndsicherung und kippsicherem Design, garantiert die BOXIO COOK Langlebigkeit und sicheres Kochen unter allen Bedingungen.<\/span><\/div>\n\n\n\n<div class=\"wp-block-uagb-icon-list-child uagb-block-d8567ac4\"><span class=\"uagb-icon-list__source-wrap\"><svg xmlns=\"https:\/\/www.w3.org\/2000\/svg\" viewBox=\"0 0 448 512\"><path d=\"M438.6 105.4C451.1 117.9 451.1 138.1 438.6 150.6L182.6 406.6C170.1 419.1 149.9 419.1 137.4 406.6L9.372 278.6C-3.124 266.1-3.124 245.9 9.372 233.4C21.87 220.9 42.13 220.9 54.63 233.4L159.1 338.7L393.4 105.4C405.9 92.88 426.1 92.88 438.6 105.4H438.6z\"><\/path><\/svg><\/span><span class=\"uagb-icon-list__label\">Vielseitig und Mobil: Die BOXIO COOK bietet eine allumfassende L\u00f6sung f\u00fcr das Kochen im Freien, sie ist stapelbar mit allen BOXIO Produkten, und hat einen integriertem Stauraum, ideal f\u00fcr Camping, Vanlife und Outdoor-Abenteuer.<\/span><\/div>\n<\/div><\/div>\n<\/div>\n\n\n\n<div class=\"wp-block-uagb-container uagb-block-ae00b476 alignwide uagb-is-root-container\">\n<div class=\"wp-block-uagb-container uagb-block-3d544ad6\"><style type=\"text\/css\">.otter-masonry .blocks-gallery-grid .blocks-gallery-item img{ width:100% }<\/style><div class=\"otter-masonry\" data-margin=\"10\">\n<figure class=\"wp-block-gallery has-nested-images columns-2 is-cropped wp-block-gallery-1 is-layout-flex wp-block-gallery-is-layout-flex\">\n<figure class=\"wp-block-image size-full has-custom-border\"><img decoding=\"async\" width=\"1400\" height=\"1400\" data-id=\"130554\" src=\"https:\/\/dachzeltnomaden.com\/shop\/wp-content\/uploads\/2024\/08\/Dachzeltnomaden_Shop_Zubehoer_Kochen-BOXIO_COOK-3.webp\" alt=\"Dachzeltnomaden Shop Zubehoer Kochen Gaskocher Boxio Cook kaufen\" class=\"wp-image-130554\" style=\"border-radius:10px\" srcset=\"https:\/\/dachzeltnomaden.com\/shop\/wp-content\/uploads\/2024\/08\/Dachzeltnomaden_Shop_Zubehoer_Kochen-BOXIO_COOK-3.webp 1400w, https:\/\/dachzeltnomaden.com\/shop\/wp-content\/uploads\/2024\/08\/Dachzeltnomaden_Shop_Zubehoer_Kochen-BOXIO_COOK-3-300x300.webp 300w, https:\/\/dachzeltnomaden.com\/shop\/wp-content\/uploads\/2024\/08\/Dachzeltnomaden_Shop_Zubehoer_Kochen-BOXIO_COOK-3-1024x1024.webp 1024w, https:\/\/dachzeltnomaden.com\/shop\/wp-content\/uploads\/2024\/08\/Dachzeltnomaden_Shop_Zubehoer_Kochen-BOXIO_COOK-3-768x768.webp 768w, https:\/\/dachzeltnomaden.com\/shop\/wp-content\/uploads\/2024\/08\/Dachzeltnomaden_Shop_Zubehoer_Kochen-BOXIO_COOK-3-600x600.webp 600w, https:\/\/dachzeltnomaden.com\/shop\/wp-content\/uploads\/2024\/08\/Dachzeltnomaden_Shop_Zubehoer_Kochen-BOXIO_COOK-3-100x100.webp 100w\" sizes=\"(max-width: 1400px) 100vw, 1400px\" \/><\/figure>\n\n\n\n<figure class=\"wp-block-image size-full has-custom-border\"><img decoding=\"async\" width=\"1024\" height=\"1024\" data-id=\"130553\" src=\"https:\/\/dachzeltnomaden.com\/shop\/wp-content\/uploads\/2024\/08\/Dachzeltnomaden_Shop_Zubehoer_Kochen-BOXIO_COOK-2_1024_75.webp\" alt=\"Dachzeltnomaden Shop Zubehoer Kochen Gaskocher Boxio Cook kaufen\" class=\"wp-image-130553\" style=\"border-radius:10px\" srcset=\"https:\/\/dachzeltnomaden.com\/shop\/wp-content\/uploads\/2024\/08\/Dachzeltnomaden_Shop_Zubehoer_Kochen-BOXIO_COOK-2_1024_75.webp 1024w, https:\/\/dachzeltnomaden.com\/shop\/wp-content\/uploads\/2024\/08\/Dachzeltnomaden_Shop_Zubehoer_Kochen-BOXIO_COOK-2_1024_75-300x300.webp 300w, https:\/\/dachzeltnomaden.com\/shop\/wp-content\/uploads\/2024\/08\/Dachzeltnomaden_Shop_Zubehoer_Kochen-BOXIO_COOK-2_1024_75-768x768.webp 768w, https:\/\/dachzeltnomaden.com\/shop\/wp-content\/uploads\/2024\/08\/Dachzeltnomaden_Shop_Zubehoer_Kochen-BOXIO_COOK-2_1024_75-600x600.webp 600w, https:\/\/dachzeltnomaden.com\/shop\/wp-content\/uploads\/2024\/08\/Dachzeltnomaden_Shop_Zubehoer_Kochen-BOXIO_COOK-2_1024_75-100x100.webp 100w\" sizes=\"(max-width: 1024px) 100vw, 1024px\" \/><\/figure>\n\n\n\n<figure class=\"wp-block-image size-full has-custom-border\"><img decoding=\"async\" width=\"1024\" height=\"1024\" data-id=\"130552\" src=\"https:\/\/dachzeltnomaden.com\/shop\/wp-content\/uploads\/2024\/08\/Dachzeltnomaden_Shop_Zubehoer_Kochen-BOXIO_COOK-1_1024_25.webp\" alt=\"Dachzeltnomaden Shop Zubehoer Kochen Gaskocher Boxio Cook kaufen\" class=\"wp-image-130552\" style=\"border-radius:10px\" srcset=\"https:\/\/dachzeltnomaden.com\/shop\/wp-content\/uploads\/2024\/08\/Dachzeltnomaden_Shop_Zubehoer_Kochen-BOXIO_COOK-1_1024_25.webp 1024w, https:\/\/dachzeltnomaden.com\/shop\/wp-content\/uploads\/2024\/08\/Dachzeltnomaden_Shop_Zubehoer_Kochen-BOXIO_COOK-1_1024_25-300x300.webp 300w, https:\/\/dachzeltnomaden.com\/shop\/wp-content\/uploads\/2024\/08\/Dachzeltnomaden_Shop_Zubehoer_Kochen-BOXIO_COOK-1_1024_25-768x768.webp 768w, https:\/\/dachzeltnomaden.com\/shop\/wp-content\/uploads\/2024\/08\/Dachzeltnomaden_Shop_Zubehoer_Kochen-BOXIO_COOK-1_1024_25-600x600.webp 600w, https:\/\/dachzeltnomaden.com\/shop\/wp-content\/uploads\/2024\/08\/Dachzeltnomaden_Shop_Zubehoer_Kochen-BOXIO_COOK-1_1024_25-100x100.webp 100w\" sizes=\"(max-width: 1024px) 100vw, 1024px\" \/><\/figure>\n\n\n\n<figure class=\"wp-block-image size-full has-custom-border\"><img decoding=\"async\" width=\"1024\" height=\"1024\" data-id=\"130555\" src=\"https:\/\/dachzeltnomaden.com\/shop\/wp-content\/uploads\/2024\/08\/Dachzeltnomaden_Shop_Zubhoer_Kochen-BOXIO_COOK-4_1024_75.webp\" alt=\"Dachzeltnomaden Shop Zubehoer Kochen Gaskocher Boxio Cook kaufen\" class=\"wp-image-130555\" style=\"border-radius:10px\" srcset=\"https:\/\/dachzeltnomaden.com\/shop\/wp-content\/uploads\/2024\/08\/Dachzeltnomaden_Shop_Zubhoer_Kochen-BOXIO_COOK-4_1024_75.webp 1024w, https:\/\/dachzeltnomaden.com\/shop\/wp-content\/uploads\/2024\/08\/Dachzeltnomaden_Shop_Zubhoer_Kochen-BOXIO_COOK-4_1024_75-300x300.webp 300w, https:\/\/dachzeltnomaden.com\/shop\/wp-content\/uploads\/2024\/08\/Dachzeltnomaden_Shop_Zubhoer_Kochen-BOXIO_COOK-4_1024_75-768x768.webp 768w, https:\/\/dachzeltnomaden.com\/shop\/wp-content\/uploads\/2024\/08\/Dachzeltnomaden_Shop_Zubhoer_Kochen-BOXIO_COOK-4_1024_75-600x600.webp 600w, https:\/\/dachzeltnomaden.com\/shop\/wp-content\/uploads\/2024\/08\/Dachzeltnomaden_Shop_Zubhoer_Kochen-BOXIO_COOK-4_1024_75-100x100.webp 100w\" sizes=\"(max-width: 1024px) 100vw, 1024px\" \/><\/figure>\n<\/figure>\n<\/div><\/div>\n\n\n\n<div class=\"wp-block-uagb-container uagb-block-76ea1ad4\">\n<h3 class=\"wp-block-heading\">BOXIO COOK: DER MOBILE PREMIUM GASKOCHER<\/h3>\n\n\n\n<ul class=\"wp-block-list\">\n<li>Hochwertige Edelstahl-Konstruktion: Robust, langlebig und leicht zu reinigen f\u00fcr jahrelanges Kochen im Freien.<\/li>\n\n\n\n<li>Regulierbare Gasflamme: Pr\u00e4zise, stufenlose Temperaturkontrolle f\u00fcr perfekte Kochergebnisse.<\/li>\n\n\n\n<li>Integrierter Stauraum: Bietet Platz f\u00fcr Kochutensilien und zwei Halterungen f\u00fcr&nbsp;EN 417 Gaskartuschen, alles in einer kompakten Einheit.<\/li>\n\n\n\n<li>Stapelbar &amp; Transportfreundlich: Dank des innovativen BOXIO Eurobox Fromats leicht zu stapeln und zu transportieren.<\/li>\n\n\n\n<li>Leistungsstark: Mit einer Leistung von 1500 Watt, ideal f\u00fcr die Zubereitung von bis zu 30 Mahlzeiten mit einer herk\u00f6mmlichen Gaskartusche (500g).<\/li>\n<\/ul>\n<\/div>\n<\/div>\n\n\n\n<div class=\"wp-block-uagb-container uagb-block-6720d911 alignwide uagb-is-root-container\">\n<ul class=\"wp-block-list\">\n<li>Sicherheit: Ausgestattet mit Z\u00fcndsicherung und kippsicherer Konstruktion f\u00fcr ein sorgenfreies Kocherlebnis.<\/li>\n\n\n\n<li>Windresistent: Spezielles Design sch\u00fctzt die Flamme vor Wind, verbessert die Effizienz und verringert den Gasverbrauch.<\/li>\n\n\n\n<li>Integrierter Windschutz mit ausgekl\u00fcgelten Klappmechanismus<\/li>\n\n\n\n<li>F\u00fcr jedes Abenteuer geeignet: Perfekt als Campingkocher oder als mobile Kochstation auf der n\u00e4chsten Gartenparty.<\/li>\n\n\n\n<li>Einfache Bedienung: F\u00fcr Anf\u00e4nger und erfahrene Outdoor-K\u00f6che gleicherma\u00dfen geeignet.<\/li>\n<\/ul>\n\n\n\n<div class=\"wp-block-buttons is-layout-flex wp-block-buttons-is-layout-flex\">\n<div class=\"wp-block-button\"><a class=\"wp-block-button__link wp-element-button\" href=\"https:\/\/www.awin1.com\/cread.php?awinmid=28359&amp;awinaffid=728701&amp;platform=dl&amp;ued=https%3A%2F%2Fboxio.de%2Fproducts%2Fgaskocher%3F_gl%3D1*4p4qjk*_up*MQ..%26gclid%3DCj0KCQjw8MG1BhCoARIsAHxSiQllePG6RUssbYWFsCPBqvtrKAndznm407dd7J75ev8ltXBj0d3AyhcaAugUEALw_wcB\" target=\"_blank\" rel=\"noreferrer noopener\">Zur BOXIO COOK<\/a><\/div>\n<\/div>\n<\/div>\n","protected":false},"excerpt":{"rendered":"<p>Die BOXIO COOK ist ein premium Gaskocher f\u00fcrs Outdoor-Kochen. Das praktische Design in der Eurobox kombiniert mit einer Edelstahl-Konstruktion mit regulierbarer Gasflamme und Stauraum f\u00fcr Kochutensilien und Gaskartuschen schafft f\u00fcr Sicherheit und Komfort. Ideal f\u00fcr dein n\u00e4chstes Camping-, Vanlife oder Outdoor-Erlebnis.<\/p>\n<div class=\"wp-block-button\"><a class=\"wp-block-button__link wp-element-button\" href=\"https:\/\/www.awin1.com\/cread.php?awinmid=28359&amp;awinaffid=728701&amp;platform=dl&amp;ued=https%3A%2F%2Fboxio.de%2Fproducts%2Fgaskocher%3F_gl%3D1*4p4qjk*_up*MQ..%26gclid%3DCj0KCQjw8MG1BhCoARIsAHxSiQllePG6RUssbYWFsCPBqvtrKAndznm407dd7J75ev8ltXBj0d3AyhcaAugUEALw_wcB\" target=\"_blank\" rel=\"noreferrer noopener\">Zur BOXIO COOK<\/a><\/div>\n","protected":false},"featured_media":130541,"template":"","meta":{"_uag_custom_page_level_css":"","site-sidebar-layout":"default","site-content-layout":"","ast-site-content-layout":"default","site-content-style":"default","site-sidebar-style":"default","ast-global-header-display":"","ast-banner-title-visibility":"","ast-main-header-display":"","ast-hfb-above-header-display":"","ast-hfb-below-header-display":"","ast-hfb-mobile-header-display":"","site-post-title":"","ast-breadcrumbs-content":"","ast-featured-img":"","footer-sml-layout":"","ast-disable-related-posts":"","theme-transparent-header-meta":"","adv-header-id-meta":"","stick-header-meta":"","header-above-stick-meta":"","header-main-stick-meta":"","header-below-stick-meta":"","astra-migrate-meta-layouts":"default","ast-page-background-enabled":"default","ast-page-background-meta":{"desktop":{"background-color":"var(--ast-global-color-4)","background-image":"","background-repeat":"repeat","background-position":"center center","background-size":"auto","background-attachment":"scroll","background-type":"","background-media":"","overlay-type":"","overlay-color":"","overlay-opacity":"","overlay-gradient":""},"tablet":{"background-color":"","background-image":"","background-repeat":"repeat","background-position":"center center","background-size":"auto","background-attachment":"scroll","background-type":"","background-media":"","overlay-type":"","overlay-color":"","overlay-opacity":"","overlay-gradient":""},"mobile":{"background-color":"","background-image":"","background-repeat":"repeat","background-position":"center center","background-size":"auto","background-attachment":"scroll","background-type":"","background-media":"","overlay-type":"","overlay-color":"","overlay-opacity":"","overlay-gradient":""}},"ast-content-background-meta":{"desktop":{"background-color":"var(--ast-global-color-5)","background-image":"","background-repeat":"repeat","background-position":"center center","background-size":"auto","background-attachment":"scroll","background-type":"","background-media":"","overlay-type":"","overlay-color":"","overlay-opacity":"","overlay-gradient":""},"tablet":{"background-color":"var(--ast-global-color-5)","background-image":"","background-repeat":"repeat","background-position":"center center","background-size":"auto","background-attachment":"scroll","background-type":"","background-media":"","overlay-type":"","overlay-color":"","overlay-opacity":"","overlay-gradient":""},"mobile":{"background-color":"var(--ast-global-color-5)","background-image":"","background-repeat":"repeat","background-position":"center center","background-size":"auto","background-attachment":"scroll","background-type":"","background-media":"","overlay-type":"","overlay-color":"","overlay-opacity":"","overlay-gradient":""}},"_themeisle_gutenberg_block_has_review":false},"product_brand":[],"product_cat":[101,342],"product_tag":[],"class_list":{"0":"post-129275","1":"product","2":"type-product","3":"status-publish","4":"has-post-thumbnail","6":"product_cat-zubehoer","7":"product_cat-kochen","8":"desktop-align-left","9":"tablet-align-left","10":"mobile-align-left","11":"ast-product-gallery-layout-vertical-slider","12":"ast-product-tabs-layout-horizontal","14":"first","15":"instock","16":"purchasable","17":"product-type-external"},"exclude_global_add_ons":[],"addons":[],"uagb_featured_image_src":{"full":["https:\/\/dachzeltnomaden.com\/shop\/wp-content\/uploads\/2024\/08\/Dachzeltnomaden_Shop_Zubehoer_Kochen-BOXIO_Cook.webp",1400,1400,false],"thumbnail":["https:\/\/dachzeltnomaden.com\/shop\/wp-content\/uploads\/2024\/08\/Dachzeltnomaden_Shop_Zubehoer_Kochen-BOXIO_Cook-1024x1024.webp",600,600,true],"medium":["https:\/\/dachzeltnomaden.com\/shop\/wp-content\/uploads\/2024\/08\/Dachzeltnomaden_Shop_Zubehoer_Kochen-BOXIO_Cook-300x300.webp",300,300,true],"medium_large":["https:\/\/dachzeltnomaden.com\/shop\/wp-content\/uploads\/2024\/08\/Dachzeltnomaden_Shop_Zubehoer_Kochen-BOXIO_Cook-768x768.webp",768,768,true],"large":["https:\/\/dachzeltnomaden.com\/shop\/wp-content\/uploads\/2024\/08\/Dachzeltnomaden_Shop_Zubehoer_Kochen-BOXIO_Cook-1024x1024.webp",512,512,true],"1536x1536":["https:\/\/dachzeltnomaden.com\/shop\/wp-content\/uploads\/2024\/08\/Dachzeltnomaden_Shop_Zubehoer_Kochen-BOXIO_Cook.webp",1400,1400,false],"2048x2048":["https:\/\/dachzeltnomaden.com\/shop\/wp-content\/uploads\/2024\/08\/Dachzeltnomaden_Shop_Zubehoer_Kochen-BOXIO_Cook.webp",1400,1400,false],"woocommerce_thumbnail":["https:\/\/dachzeltnomaden.com\/shop\/wp-content\/uploads\/2024\/08\/Dachzeltnomaden_Shop_Zubehoer_Kochen-BOXIO_Cook-600x600.webp",600,600,true],"woocommerce_single":["https:\/\/dachzeltnomaden.com\/shop\/wp-content\/uploads\/2024\/08\/Dachzeltnomaden_Shop_Zubehoer_Kochen-BOXIO_Cook-1024x1024.webp",1024,1024,true],"woocommerce_gallery_thumbnail":["https:\/\/dachzeltnomaden.com\/shop\/wp-content\/uploads\/2024\/08\/Dachzeltnomaden_Shop_Zubehoer_Kochen-BOXIO_Cook-100x100.webp",100,100,true]},"uagb_author_info":{"display_name":"Jasmine","author_link":"https:\/\/dachzeltnomaden.com\/shop\/author\/"},"uagb_comment_info":0,"uagb_excerpt":"Die BOXIO COOK ist ein premium Gaskocher f\u00fcrs Outdoor-Kochen. Das praktische Design in der Eurobox kombiniert mit einer Edelstahl-Konstruktion mit regulierbarer Gasflamme und Stauraum f\u00fcr Kochutensilien und Gaskartuschen schafft f\u00fcr Sicherheit und Komfort. Ideal f\u00fcr dein n\u00e4chstes Camping-, Vanlife oder Outdoor-Erlebnis. Zur BOXIO COOK","_links":{"self":[{"href":"https:\/\/dachzeltnomaden.com\/shop\/wp-json\/wp\/v2\/product\/129275","targetHints":{"allow":["GET"]}}],"collection":[{"href":"https:\/\/dachzeltnomaden.com\/shop\/wp-json\/wp\/v2\/product"}],"about":[{"href":"https:\/\/dachzeltnomaden.com\/shop\/wp-json\/wp\/v2\/types\/product"}],"wp:featuredmedia":[{"embeddable":true,"href":"https:\/\/dachzeltnomaden.com\/shop\/wp-json\/wp\/v2\/media\/130541"}],"wp:attachment":[{"href":"https:\/\/dachzeltnomaden.com\/shop\/wp-json\/wp\/v2\/media?parent=129275"}],"wp:term":[{"taxonomy":"product_brand","embeddable":true,"href":"https:\/\/dachzeltnomaden.com\/shop\/wp-json\/wp\/v2\/product_brand?post=129275"},{"taxonomy":"product_cat","embeddable":true,"href":"https:\/\/dachzeltnomaden.com\/shop\/wp-json\/wp\/v2\/product_cat?post=129275"},{"taxonomy":"product_tag","embeddable":true,"href":"https:\/\/dachzeltnomaden.com\/shop\/wp-json\/wp\/v2\/product_tag?post=129275"}],"curies":[{"name":"wp","href":"https:\/\/api.w.org\/{rel}","templated":true}]}}