{"id":128886,"date":"2024-07-18T12:49:49","date_gmt":"2024-07-18T10:49:49","guid":{"rendered":"https:\/\/dachzeltnomaden.com\/shop\/?post_type=product&#038;p=128886"},"modified":"2025-10-17T10:17:16","modified_gmt":"2025-10-17T08:17:16","slug":"bia-outdoor-hartschalendachzelt-robert","status":"publish","type":"product","link":"https:\/\/dachzeltnomaden.com\/shop\/produkt\/bia-outdoor-hartschalendachzelt-robert\/","title":{"rendered":"BIA Outdoor &#8211; Hartschalendachzelt Robert"},"content":{"rendered":"\n<div class=\"wp-block-uagb-container uagb-block-21844d9f alignwide uagb-is-root-container\">\n<p><strong>WERBUNG<\/strong><\/p>\n\n\n\n<div class=\"wp-block-uagb-container uagb-block-665ff152\">\n<p class=\"has-ast-global-color-5-color has-text-color has-link-color wp-elements-60b811c84674423de130e241f3dd761d\">Du suchst noch nach einem Alu Hartschalen Dachzelt? Wie w\u00e4re es mit einem Dachzelt von BIA Outdoor!<br><br>*Die Links sind Affiliate Links. Wenn du dich f\u00fcr den Kauf eines BIA Outdoor Dachzeltes entscheidest, erhalten die Dachzeltnomaden eine Provision. Damit unterst\u00fctzt du uns &amp; unsere Arbeit. F\u00fcr dich kostet das Dachzelt deshalb nicht mehr.<\/p>\n<\/div>\n\n\n\n<p>Meet &#8220;Robert&#8221;: Dein Schl\u00fcssel zu grenzenloser Freiheit und Komfort auf Deinen Reisen! Dieses Hartschalendachzelt wurde mit den Bed\u00fcrfnissen von Entdeckern wie Dir im Blick entwickelt. Mit seinen einzigartigen Eigenschaften setzt &#8220;Robert&#8221; neue Ma\u00dfst\u00e4be f\u00fcr Camping und Reisen.<\/p>\n\n\n\n<div class=\"wp-block-uagb-container uagb-layout-flex uagb-block-11d783a7\">\n<div class=\"wp-block-uagb-container uagb-block-08f976dd\">\n<h4 class=\"wp-block-heading\"><strong>Leichte und schnelle Montage f\u00fcr unvergleichliche Flexibilit\u00e4t<\/strong><\/h4>\n\n\n\n<p class=\"has-text-align-left\" style=\"margin-top:0px;margin-bottom:0px\">Dank modernster Gasfedern ist die Montage von &#8220;Robert&#8221; so m\u00fchelos wie nie zuvor. Dein Abenteuer beginnt im Handumdrehen \u2013 mehr Zeit f\u00fcr die Dinge, die Du liebst.<\/p>\n\n\n\n<div class=\"wp-block-uagb-buttons uagb-buttons__outer-wrap uagb-btn__default-btn uagb-btn-tablet__default-btn uagb-btn-mobile__default-btn uagb-block-cfc97b5a\"><div class=\"uagb-buttons__wrap uagb-buttons-layout-wrap \">\n<div class=\"wp-block-uagb-buttons-child uagb-buttons__outer-wrap uagb-block-b579a338 wp-block-button\"><div class=\"uagb-button__wrapper\"><a class=\"uagb-buttons-repeater wp-block-button__link\" aria-label=\"\" href=\"https:\/\/goaff.pro\/zgihqd\" rel=\"follow noopener\" target=\"_blank\" role=\"button\"><div class=\"uagb-button__link\">Besuche Robert<\/div><\/a><\/div><\/div>\n<\/div><\/div>\n<\/div>\n\n\n\n<div class=\"wp-block-uagb-image alignleft uagb-block-e048ba49 wp-block-uagb-image--layout-default wp-block-uagb-image--effect-static wp-block-uagb-image--align-left\"><figure class=\"wp-block-uagb-image__figure\"><img decoding=\"async\" srcset=\"https:\/\/dachzeltnomaden.com\/shop\/wp-content\/uploads\/2024\/07\/Dachzelte-Web-240330-201099-1024x683.webp ,https:\/\/dachzeltnomaden.com\/shop\/wp-content\/uploads\/2024\/07\/Dachzelte-Web-240330-201099.webp 780w, https:\/\/dachzeltnomaden.com\/shop\/wp-content\/uploads\/2024\/07\/Dachzelte-Web-240330-201099.webp 360w\" sizes=\"auto, (max-width: 480px) 150px\" src=\"https:\/\/dachzeltnomaden.com\/shop\/wp-content\/uploads\/2024\/07\/Dachzelte-Web-240330-201099-1024x683.webp\" alt=\"\" class=\"uag-image-128902\" width=\"2500\" height=\"1667\" title=\"Dachzelte Web-240330-201099\" loading=\"lazy\" role=\"img\"\/><\/figure><\/div>\n<\/div>\n\n\n\n<div class=\"wp-block-uagb-container uagb-layout-flex uagb-block-0ebc61a9\">\n<div class=\"wp-block-uagb-image uagb-block-bc214cf7 wp-block-uagb-image--layout-default wp-block-uagb-image--effect-static wp-block-uagb-image--align-none\"><figure class=\"wp-block-uagb-image__figure\"><img decoding=\"async\" srcset=\"https:\/\/dachzeltnomaden.com\/shop\/wp-content\/uploads\/2024\/07\/Dachzelte-Web-240330-201091-1024x683.webp ,https:\/\/dachzeltnomaden.com\/shop\/wp-content\/uploads\/2024\/07\/Dachzelte-Web-240330-201091.webp 780w, https:\/\/dachzeltnomaden.com\/shop\/wp-content\/uploads\/2024\/07\/Dachzelte-Web-240330-201091.webp 360w\" sizes=\"auto, (max-width: 480px) 150px\" src=\"https:\/\/dachzeltnomaden.com\/shop\/wp-content\/uploads\/2024\/07\/Dachzelte-Web-240330-201091-1024x683.webp\" alt=\"\" class=\"uag-image-128904\" width=\"2500\" height=\"1667\" title=\"Dachzelte Web-240330-201091\" loading=\"lazy\" role=\"img\"\/><\/figure><\/div>\n\n\n\n<div class=\"wp-block-uagb-container uagb-block-78aae331\">\n<h4 class=\"wp-block-heading\"><strong>Robuste Hartschale f\u00fcr ultimativen Schutz<\/strong>&nbsp;<\/h4>\n\n\n\n<p class=\"has-text-align-left\" style=\"margin-top:0px;margin-bottom:0px\">Die Hartschale von &#8220;Robert&#8221; besteht aus leichtem, aber widerstandsf\u00e4higem Material und bietet dir so nicht nur optimalen Schutz, sondern auch Langlebigkeit f\u00fcr all deine Reisen. Dein Dachzelt, gebaut f\u00fcr jedes Abenteuer, wartet darauf, mit Dir die Welt zu erkunden.<\/p>\n\n\n\n<div class=\"wp-block-uagb-buttons uagb-buttons__outer-wrap uagb-btn__default-btn uagb-btn-tablet__default-btn uagb-btn-mobile__default-btn uagb-block-d97d37b4\"><div class=\"uagb-buttons__wrap uagb-buttons-layout-wrap \">\n<div class=\"wp-block-uagb-buttons-child uagb-buttons__outer-wrap uagb-block-02dd231b wp-block-button\"><div class=\"uagb-button__wrapper\"><a class=\"uagb-buttons-repeater wp-block-button__link\" aria-label=\"\" href=\"https:\/\/goaff.pro\/zgihqd\" rel=\"follow noopener\" target=\"_blank\" role=\"button\"><div class=\"uagb-button__link\">Besuche Robert<\/div><\/a><\/div><\/div>\n<\/div><\/div>\n<\/div>\n<\/div>\n\n\n\n<div class=\"wp-block-uagb-container uagb-layout-flex uagb-block-7acd32b4\">\n<div class=\"wp-block-uagb-container uagb-block-2e15407d\">\n<h4 class=\"wp-block-heading\"><strong>Gro\u00dfe Fenster f\u00fcr Panorama-Aussichten<\/strong>&nbsp;<\/h4>\n\n\n\n<p class=\"has-text-align-left\" style=\"margin-top:0px;margin-bottom:0px\">Genie\u00dfe atemberaubende Ausblicke an den sch\u00f6nsten Orten der Welt! Die gro\u00dfz\u00fcgigen Fenster von &#8220;Robert&#8221; bieten Dir eine beeindruckende Sicht, egal ob Du die Berge erklimmst, am Strand entspannst oder in der Wildnis campst.<\/p>\n\n\n\n<div class=\"wp-block-uagb-buttons uagb-buttons__outer-wrap uagb-btn__default-btn uagb-btn-tablet__default-btn uagb-btn-mobile__default-btn uagb-block-72e875e5\"><div class=\"uagb-buttons__wrap uagb-buttons-layout-wrap \">\n<div class=\"wp-block-uagb-buttons-child uagb-buttons__outer-wrap uagb-block-e31d537a wp-block-button\"><div class=\"uagb-button__wrapper\"><a class=\"uagb-buttons-repeater wp-block-button__link\" aria-label=\"\" href=\"https:\/\/goaff.pro\/zgihqd\" rel=\"follow noopener\" target=\"_blank\" role=\"button\"><div class=\"uagb-button__link\">Besuche Robert<\/div><\/a><\/div><\/div>\n<\/div><\/div>\n<\/div>\n\n\n\n<div class=\"wp-block-uagb-image uagb-block-964cdf22 wp-block-uagb-image--layout-default wp-block-uagb-image--effect-static wp-block-uagb-image--align-none\"><figure class=\"wp-block-uagb-image__figure\"><img decoding=\"async\" srcset=\"https:\/\/dachzeltnomaden.com\/shop\/wp-content\/uploads\/2024\/07\/Dachzelte-Web-240330-102903-1024x1024.webp ,https:\/\/dachzeltnomaden.com\/shop\/wp-content\/uploads\/2024\/07\/Dachzelte-Web-240330-102903.webp 780w, https:\/\/dachzeltnomaden.com\/shop\/wp-content\/uploads\/2024\/07\/Dachzelte-Web-240330-102903.webp 360w\" sizes=\"auto, (max-width: 480px) 150px\" src=\"https:\/\/dachzeltnomaden.com\/shop\/wp-content\/uploads\/2024\/07\/Dachzelte-Web-240330-102903-1024x1024.webp\" alt=\"\" class=\"uag-image-128905\" width=\"2500\" height=\"1667\" title=\"Dachzelte Web-240330-102903\" loading=\"lazy\" role=\"img\"\/><\/figure><\/div>\n<\/div>\n\n\n\n<div class=\"wp-block-uagb-container uagb-layout-flex uagb-block-7b9dbd05\">\n<div class=\"wp-block-uagb-image uagb-block-1ac9e6b7 wp-block-uagb-image--layout-default wp-block-uagb-image--effect-static wp-block-uagb-image--align-none\"><figure class=\"wp-block-uagb-image__figure\"><img decoding=\"async\" srcset=\"https:\/\/dachzeltnomaden.com\/shop\/wp-content\/uploads\/2024\/07\/Dachzelte-Web-240330--1024x1024.webp ,https:\/\/dachzeltnomaden.com\/shop\/wp-content\/uploads\/2024\/07\/Dachzelte-Web-240330-.webp 780w, https:\/\/dachzeltnomaden.com\/shop\/wp-content\/uploads\/2024\/07\/Dachzelte-Web-240330-.webp 360w\" sizes=\"auto, (max-width: 480px) 150px\" src=\"https:\/\/dachzeltnomaden.com\/shop\/wp-content\/uploads\/2024\/07\/Dachzelte-Web-240330--1024x1024.webp\" alt=\"\" class=\"uag-image-128906\" width=\"2500\" height=\"1667\" title=\"Dachzelte Web-240330-\" loading=\"lazy\" role=\"img\"\/><\/figure><\/div>\n\n\n\n<div class=\"wp-block-uagb-container uagb-block-7a13d7d2\">\n<h4 class=\"wp-block-heading\"><strong><strong>Mosquito-Netze f\u00fcr ungest\u00f6rten Schlaf<\/strong><\/strong><\/h4>\n\n\n\n<p class=\"has-text-align-left\" style=\"margin-top:0px;margin-bottom:0px\">Sch\u00fctze Deinen Innenraum vor ungebetenen G\u00e4sten! Die eingebauten Mosquito-Netze sorgen daf\u00fcr, dass Du ungest\u00f6rt die Ruhe der Natur genie\u00dfen kannst.<\/p>\n\n\n\n<div class=\"wp-block-uagb-buttons uagb-buttons__outer-wrap uagb-btn__default-btn uagb-btn-tablet__default-btn uagb-btn-mobile__default-btn uagb-block-13019b04\"><div class=\"uagb-buttons__wrap uagb-buttons-layout-wrap \">\n<div class=\"wp-block-uagb-buttons-child uagb-buttons__outer-wrap uagb-block-f40741af wp-block-button\"><div class=\"uagb-button__wrapper\"><a class=\"uagb-buttons-repeater wp-block-button__link\" aria-label=\"\" href=\"https:\/\/goaff.pro\/zgihqd\" rel=\"follow noopener\" target=\"_blank\" role=\"button\"><div class=\"uagb-button__link\">Besuche Robert<\/div><\/a><\/div><\/div>\n<\/div><\/div>\n<\/div>\n<\/div>\n\n\n\n<div class=\"wp-block-uagb-container uagb-layout-flex uagb-block-6380ce0f\">\n<div class=\"wp-block-uagb-container uagb-block-c9a742ab\">\n<h4 class=\"wp-block-heading\"><strong><strong><strong>Flexibel einstellbare Leiter f\u00fcr bequemen Zugang<\/strong>&nbsp;<\/strong><\/strong><\/h4>\n\n\n\n<p style=\"margin-top:0px;margin-bottom:0px\">Die Leiter von &#8220;Robert&#8221; ist nicht nur stabil, sondern auch flexibel einstellbar, um Dir den bequemsten Zugang zu Deinem mobilen Schlafgemach zu erm\u00f6glichen.<\/p>\n\n\n\n<h4 class=\"wp-block-heading\"><strong>Ausget\u00fcftelte Ablagef\u00e4cher f\u00fcr Ordnung und \u00dcbersicht<\/strong><\/h4>\n\n\n\n<p class=\"has-text-align-left\" style=\"margin-top:0px;margin-bottom:0px\">Mit durchdachten Ablagef\u00e4chern f\u00fcr Schuhe, Hab und Gut sowie Werkzeuge bleibt alles an seinem Platz. &#8220;Robert&#8221; macht das Campingleben so komfortabel wie m\u00f6glich.<\/p>\n\n\n\n<div class=\"wp-block-uagb-buttons uagb-buttons__outer-wrap uagb-btn__default-btn uagb-btn-tablet__default-btn uagb-btn-mobile__default-btn uagb-block-505498df\"><div class=\"uagb-buttons__wrap uagb-buttons-layout-wrap \">\n<div class=\"wp-block-uagb-buttons-child uagb-buttons__outer-wrap uagb-block-bc393c85 wp-block-button\"><div class=\"uagb-button__wrapper\"><a class=\"uagb-buttons-repeater wp-block-button__link\" aria-label=\"\" href=\"https:\/\/goaff.pro\/zgihqd\" rel=\"follow noopener\" target=\"_blank\" role=\"button\"><div class=\"uagb-button__link\">Besuche Robert<\/div><\/a><\/div><\/div>\n<\/div><\/div>\n<\/div>\n\n\n\n<div class=\"wp-block-uagb-image aligncenter uagb-block-f752a9d1 wp-block-uagb-image--layout-default wp-block-uagb-image--effect-static wp-block-uagb-image--align-center\"><figure class=\"wp-block-uagb-image__figure\"><img decoding=\"async\" srcset=\"https:\/\/dachzeltnomaden.com\/shop\/wp-content\/uploads\/2024\/07\/Dachzelte-Web-240330-201083-683x1024.webp ,https:\/\/dachzeltnomaden.com\/shop\/wp-content\/uploads\/2024\/07\/Dachzelte-Web-240330-201083.webp 780w, https:\/\/dachzeltnomaden.com\/shop\/wp-content\/uploads\/2024\/07\/Dachzelte-Web-240330-201083.webp 360w\" sizes=\"auto, (max-width: 480px) 150px\" src=\"https:\/\/dachzeltnomaden.com\/shop\/wp-content\/uploads\/2024\/07\/Dachzelte-Web-240330-201083-683x1024.webp\" alt=\"\" class=\"uag-image-128907\" width=\"2500\" height=\"1667\" title=\"Dachzelte Web-240330-201083\" loading=\"lazy\" role=\"img\"\/><\/figure><\/div>\n<\/div>\n\n\n\n<div class=\"wp-block-uagb-container uagb-layout-flex uagb-block-2ec11894\">\n<div class=\"wp-block-uagb-image uagb-block-a49f4386 wp-block-uagb-image--layout-default wp-block-uagb-image--effect-static wp-block-uagb-image--align-none\"><figure class=\"wp-block-uagb-image__figure\"><img decoding=\"async\" srcset=\"https:\/\/dachzeltnomaden.com\/shop\/wp-content\/uploads\/2024\/07\/Dachzelte-Web-240330-201099-1024x683.webp ,https:\/\/dachzeltnomaden.com\/shop\/wp-content\/uploads\/2024\/07\/Dachzelte-Web-240330-201099.webp 780w, https:\/\/dachzeltnomaden.com\/shop\/wp-content\/uploads\/2024\/07\/Dachzelte-Web-240330-201099.webp 360w\" sizes=\"auto, (max-width: 480px) 150px\" src=\"https:\/\/dachzeltnomaden.com\/shop\/wp-content\/uploads\/2024\/07\/Dachzelte-Web-240330-201099-1024x683.webp\" alt=\"\" class=\"uag-image-128902\" width=\"2500\" height=\"1667\" title=\"Dachzelte Web-240330-201099\" loading=\"lazy\" role=\"img\"\/><\/figure><\/div>\n\n\n\n<div class=\"wp-block-uagb-container uagb-block-e4e688b1\">\n<h4 class=\"wp-block-heading\"><strong><strong>Integrierte LED-Beleuchtung und Ladem\u00f6glichkeit f\u00fcr Kleinger\u00e4te&nbsp;<\/strong><\/strong><\/h4>\n\n\n\n<p class=\"has-text-align-left\" style=\"margin-top:0px;margin-bottom:0px\">&#8220;Robert&#8221; sorgt nicht nur nachts f\u00fcr die perfekte Atmosph\u00e4re mit integrierter LED-Beleuchtung, sondern bietet Dir auch die M\u00f6glichkeit, Deine Kleinger\u00e4te bequem \u00fcber eine Powerbank aufzuladen. So bleibst Du auch unterwegs immer vernetzt.<\/p>\n\n\n\n<div class=\"wp-block-uagb-buttons uagb-buttons__outer-wrap uagb-btn__default-btn uagb-btn-tablet__default-btn uagb-btn-mobile__default-btn uagb-block-dc7f18c6\"><div class=\"uagb-buttons__wrap uagb-buttons-layout-wrap \">\n<div class=\"wp-block-uagb-buttons-child uagb-buttons__outer-wrap uagb-block-85acd166 wp-block-button\"><div class=\"uagb-button__wrapper\"><a class=\"uagb-buttons-repeater wp-block-button__link\" aria-label=\"\" href=\"https:\/\/goaff.pro\/zgihqd\" rel=\"follow noopener\" target=\"_blank\" role=\"button\"><div class=\"uagb-button__link\">Besuche Robert<\/div><\/a><\/div><\/div>\n<\/div><\/div>\n<\/div>\n<\/div>\n\n\n\n<div class=\"wp-block-uagb-container uagb-layout-flex uagb-block-b71f0157\">\n<div class=\"wp-block-uagb-container uagb-block-4fe5d028\">\n<h4 class=\"wp-block-heading\"><strong><strong><strong>Besonderer Schlafkomfort dank hochwertiger Matratze<\/strong>&nbsp;<\/strong><\/strong><\/h4>\n\n\n\n<p class=\"has-text-align-left\" style=\"margin-top:0px;margin-bottom:0px\">Erlebe himmlischen Schlaf unter freiem Himmel! Die hochwertige, 7cm dicke Matratze von &#8220;Robert&#8221; bietet einen besonderen Schlafkomfort, damit Du ausgeruht und bereit f\u00fcr neue Erlebnisse in den Tag starten kannst.<\/p>\n\n\n\n<div class=\"wp-block-uagb-buttons uagb-buttons__outer-wrap uagb-btn__default-btn uagb-btn-tablet__default-btn uagb-btn-mobile__default-btn uagb-block-29373259\"><div class=\"uagb-buttons__wrap uagb-buttons-layout-wrap \">\n<div class=\"wp-block-uagb-buttons-child uagb-buttons__outer-wrap uagb-block-cf0cf57a wp-block-button\"><div class=\"uagb-button__wrapper\"><a class=\"uagb-buttons-repeater wp-block-button__link\" aria-label=\"\" href=\"https:\/\/goaff.pro\/zgihqd\" rel=\"follow noopener\" target=\"_blank\" role=\"button\"><div class=\"uagb-button__link\">Besuche Robert<\/div><\/a><\/div><\/div>\n<\/div><\/div>\n<\/div>\n\n\n\n<div class=\"wp-block-uagb-image uagb-block-b967e7d2 wp-block-uagb-image--layout-default wp-block-uagb-image--effect-static wp-block-uagb-image--align-none\"><figure class=\"wp-block-uagb-image__figure\"><img decoding=\"async\" srcset=\"https:\/\/dachzeltnomaden.com\/shop\/wp-content\/uploads\/2024\/07\/Dachzelte-Web-240330-2-1024x683.webp ,https:\/\/dachzeltnomaden.com\/shop\/wp-content\/uploads\/2024\/07\/Dachzelte-Web-240330-2.webp 780w, https:\/\/dachzeltnomaden.com\/shop\/wp-content\/uploads\/2024\/07\/Dachzelte-Web-240330-2.webp 360w\" sizes=\"auto, (max-width: 480px) 150px\" src=\"https:\/\/dachzeltnomaden.com\/shop\/wp-content\/uploads\/2024\/07\/Dachzelte-Web-240330-2-1024x683.webp\" alt=\"\" class=\"uag-image-128746\" width=\"2500\" height=\"1667\" title=\"Dachzelte-Web-240330-2\" loading=\"lazy\" role=\"img\"\/><\/figure><\/div>\n<\/div>\n\n\n\n<div class=\"wp-block-uagb-container uagb-layout-flex uagb-block-59ef0ae4\">\n<div class=\"wp-block-uagb-image uagb-block-332e1534 wp-block-uagb-image--layout-default wp-block-uagb-image--effect-static wp-block-uagb-image--align-none\"><figure class=\"wp-block-uagb-image__figure\"><img decoding=\"async\" srcset=\"https:\/\/dachzeltnomaden.com\/shop\/wp-content\/uploads\/2024\/07\/Dachzelte-Web-240330-201103-1024x683.webp ,https:\/\/dachzeltnomaden.com\/shop\/wp-content\/uploads\/2024\/07\/Dachzelte-Web-240330-201103.webp 780w, https:\/\/dachzeltnomaden.com\/shop\/wp-content\/uploads\/2024\/07\/Dachzelte-Web-240330-201103.webp 360w\" sizes=\"auto, (max-width: 480px) 150px\" src=\"https:\/\/dachzeltnomaden.com\/shop\/wp-content\/uploads\/2024\/07\/Dachzelte-Web-240330-201103-1024x683.webp\" alt=\"\" class=\"uag-image-128747\" width=\"2500\" height=\"1667\" title=\"Dachzelte-Web-240330-201103\" loading=\"lazy\" role=\"img\"\/><\/figure><\/div>\n\n\n\n<div class=\"wp-block-uagb-container uagb-block-40d5801f\">\n<h4 class=\"wp-block-heading\"><strong><strong><strong><strong>Langfristig mehr Komfort<\/strong>&nbsp;<\/strong><\/strong><\/strong><\/h4>\n\n\n\n<p class=\"has-text-align-left\" style=\"margin-top:0px;margin-bottom:0px\">Robert hat auch eine Matratzenunterlage aus hochelastischem Abstandsgewebe mit ca. 10mm Dicke. Sie dient der besseren Feuchtigkeitssteuerung im Zelt und erh\u00f6ht den Komfort.\u00a0<\/p>\n\n\n\n<div class=\"wp-block-uagb-buttons uagb-buttons__outer-wrap uagb-btn__default-btn uagb-btn-tablet__default-btn uagb-btn-mobile__default-btn uagb-block-369bb81f\"><div class=\"uagb-buttons__wrap uagb-buttons-layout-wrap \">\n<div class=\"wp-block-uagb-buttons-child uagb-buttons__outer-wrap uagb-block-6c83e62b wp-block-button\"><div class=\"uagb-button__wrapper\"><a class=\"uagb-buttons-repeater wp-block-button__link\" aria-label=\"\" href=\"https:\/\/goaff.pro\/zgihqd\" rel=\"follow noopener\" target=\"_blank\" role=\"button\"><div class=\"uagb-button__link\">Besuche Robert<\/div><\/a><\/div><\/div>\n<\/div><\/div>\n<\/div>\n<\/div>\n\n\n\n<p>Hol dir &#8220;Robert&#8221; \u2013 Dein perfektes Dachzelt f\u00fcr unvergessliche Abenteuer und erlebe die Freiheit des Campings in einer neuen Dimension!<\/p>\n\n\n\n<h4 class=\"wp-block-heading\"><strong>Technische Daten<\/strong><strong><\/strong><\/h4>\n\n\n\n<figure class=\"wp-block-table\"><table class=\"has-fixed-layout\"><tbody><tr><td>Gewicht<br><\/td><td>75kg<\/td><\/tr><tr><td>Ma\u00dfe geschlossen&nbsp;<br>(L x B x H)<\/td><td>210cm x 130cm x 17cm<\/td><\/tr><tr><td>Aufbauh\u00f6he geschlossen&nbsp;<br>(Dachzelt + Montageschienen, H)<\/td><td>19cm<\/td><\/tr><tr><td>Ma\u00dfe Innenraum ge\u00f6ffnet&nbsp;<br>(L x B x H)<\/td><td>205cm x 125cm x 80cm<\/td><\/tr><tr><td>Leiterh\u00f6he eingefahren<br><\/td><td>76,5cm<\/td><\/tr><tr><td>Leiterh\u00f6he ausgefahren<br><\/td><td>237cm<\/td><\/tr><tr><td>Leitersprossen<br><\/td><td>8<\/td><\/tr><tr><td>Leiter &#8211; max. zul\u00e4ssiges Gewicht<br><\/td><td>150kg<\/td><\/tr><tr><td>Material Corpus<br><\/td><td>Luftfahrtaluminium<\/td><\/tr><tr><td>Material Schnallen, Gasfedern<br><\/td><td>Edelstahl<\/td><\/tr><tr><td>Material Zeltstoff<br><\/td><td>310 g\/m\u00b2 Polyester-Baumwoll-Stoff<\/td><\/tr><\/tbody><\/table><\/figure>\n\n\n\n<h4 class=\"wp-block-heading\">Fahrzeuganforderungen<\/h4>\n\n\n\n<figure class=\"wp-block-table\"><table class=\"has-fixed-layout\"><tbody><tr><td>Maximal zul\u00e4ssige Dachlast&nbsp;(Dynamische Last, zzgl. Dachtr\u00e4gergewicht)<\/td><td>\u2265 75kg<\/td><\/tr><tr><td>Maximal zul\u00e4ssige Last Dachtr\u00e4ger<\/td><td>\u2265&nbsp;75kg<\/td><\/tr><\/tbody><\/table><\/figure>\n\n\n\n<div class=\"wp-block-uagb-buttons uagb-buttons__outer-wrap uagb-btn__default-btn uagb-btn-tablet__default-btn uagb-btn-mobile__default-btn uagb-block-23124e50\"><div class=\"uagb-buttons__wrap uagb-buttons-layout-wrap \">\n<div class=\"wp-block-uagb-buttons-child uagb-buttons__outer-wrap uagb-block-1f95b5fd wp-block-button\"><div class=\"uagb-button__wrapper\"><a class=\"uagb-buttons-repeater wp-block-button__link\" aria-label=\"\" href=\"https:\/\/goaff.pro\/zgihqd\" rel=\"follow noopener\" target=\"_blank\" role=\"button\"><div class=\"uagb-button__link\">Besuche Robert<\/div><\/a><\/div><\/div>\n<\/div><\/div>\n<\/div>\n","protected":false},"excerpt":{"rendered":"<p><a class=\"button\" href=\"https:\/\/goaff.pro\/zgihqd\" target=\"blank\" rel=\"noopener\">Zum BIA Outdoor Robert<\/a><\/p>\n","protected":false},"featured_media":128913,"template":"","meta":{"_uag_custom_page_level_css":"","site-sidebar-layout":"default","site-content-layout":"","ast-site-content-layout":"default","site-content-style":"default","site-sidebar-style":"default","ast-global-header-display":"","ast-banner-title-visibility":"","ast-main-header-display":"","ast-hfb-above-header-display":"","ast-hfb-below-header-display":"","ast-hfb-mobile-header-display":"","site-post-title":"","ast-breadcrumbs-content":"","ast-featured-img":"","footer-sml-layout":"","ast-disable-related-posts":"","theme-transparent-header-meta":"default","adv-header-id-meta":"","stick-header-meta":"default","header-above-stick-meta":"","header-main-stick-meta":"","header-below-stick-meta":"","astra-migrate-meta-layouts":"set","ast-page-background-enabled":"default","ast-page-background-meta":{"desktop":{"background-color":"var(--ast-global-color-4)","background-image":"","background-repeat":"repeat","background-position":"center center","background-size":"auto","background-attachment":"scroll","background-type":"","background-media":"","overlay-type":"","overlay-color":"","overlay-opacity":"","overlay-gradient":""},"tablet":{"background-color":"","background-image":"","background-repeat":"repeat","background-position":"center center","background-size":"auto","background-attachment":"scroll","background-type":"","background-media":"","overlay-type":"","overlay-color":"","overlay-opacity":"","overlay-gradient":""},"mobile":{"background-color":"","background-image":"","background-repeat":"repeat","background-position":"center center","background-size":"auto","background-attachment":"scroll","background-type":"","background-media":"","overlay-type":"","overlay-color":"","overlay-opacity":"","overlay-gradient":""}},"ast-content-background-meta":{"desktop":{"background-color":"var(--ast-global-color-5)","background-image":"","background-repeat":"repeat","background-position":"center center","background-size":"auto","background-attachment":"scroll","background-type":"","background-media":"","overlay-type":"","overlay-color":"","overlay-opacity":"","overlay-gradient":""},"tablet":{"background-color":"var(--ast-global-color-5)","background-image":"","background-repeat":"repeat","background-position":"center center","background-size":"auto","background-attachment":"scroll","background-type":"","background-media":"","overlay-type":"","overlay-color":"","overlay-opacity":"","overlay-gradient":""},"mobile":{"background-color":"var(--ast-global-color-5)","background-image":"","background-repeat":"repeat","background-position":"center center","background-size":"auto","background-attachment":"scroll","background-type":"","background-media":"","overlay-type":"","overlay-color":"","overlay-opacity":"","overlay-gradient":""}},"_themeisle_gutenberg_block_has_review":false},"product_brand":[],"product_cat":[127],"product_tag":[],"class_list":{"0":"post-128886","1":"product","2":"type-product","3":"status-publish","4":"has-post-thumbnail","6":"product_cat-neue-dachzelte-kaufen","7":"desktop-align-left","8":"tablet-align-left","9":"mobile-align-left","10":"ast-product-gallery-layout-vertical-slider","11":"ast-product-tabs-layout-horizontal","13":"first","14":"instock","15":"purchasable","16":"product-type-external"},"exclude_global_add_ons":[],"addons":[],"uagb_featured_image_src":{"full":["https:\/\/dachzeltnomaden.com\/shop\/wp-content\/uploads\/2024\/07\/WandSunriseWeb-240330-102682.jpg",2500,1667,false],"thumbnail":["https:\/\/dachzeltnomaden.com\/shop\/wp-content\/uploads\/2024\/07\/WandSunriseWeb-240330-102682-150x150.jpg",150,150,true],"medium":["https:\/\/dachzeltnomaden.com\/shop\/wp-content\/uploads\/2024\/07\/WandSunriseWeb-240330-102682-300x200.jpg",300,200,true],"medium_large":["https:\/\/dachzeltnomaden.com\/shop\/wp-content\/uploads\/2024\/07\/WandSunriseWeb-240330-102682-768x512.jpg",768,512,true],"large":["https:\/\/dachzeltnomaden.com\/shop\/wp-content\/uploads\/2024\/07\/WandSunriseWeb-240330-102682-1024x683.jpg",768,512,true],"1536x1536":["https:\/\/dachzeltnomaden.com\/shop\/wp-content\/uploads\/2024\/07\/WandSunriseWeb-240330-102682-1536x1024.jpg",1536,1024,true],"2048x2048":["https:\/\/dachzeltnomaden.com\/shop\/wp-content\/uploads\/2024\/07\/WandSunriseWeb-240330-102682-2048x1366.jpg",2048,1366,true],"woocommerce_thumbnail":["https:\/\/dachzeltnomaden.com\/shop\/wp-content\/uploads\/2024\/07\/WandSunriseWeb-240330-102682-600x600.jpg",600,600,true],"woocommerce_single":["https:\/\/dachzeltnomaden.com\/shop\/wp-content\/uploads\/2024\/07\/WandSunriseWeb-240330-102682-1024x683.jpg",1024,683,true],"woocommerce_gallery_thumbnail":["https:\/\/dachzeltnomaden.com\/shop\/wp-content\/uploads\/2024\/07\/WandSunriseWeb-240330-102682-100x100.jpg",100,100,true]},"uagb_author_info":{"display_name":"admin","author_link":"https:\/\/dachzeltnomaden.com\/shop\/author\/"},"uagb_comment_info":0,"uagb_excerpt":"Zum BIA Outdoor Robert","_links":{"self":[{"href":"https:\/\/dachzeltnomaden.com\/shop\/wp-json\/wp\/v2\/product\/128886","targetHints":{"allow":["GET"]}}],"collection":[{"href":"https:\/\/dachzeltnomaden.com\/shop\/wp-json\/wp\/v2\/product"}],"about":[{"href":"https:\/\/dachzeltnomaden.com\/shop\/wp-json\/wp\/v2\/types\/product"}],"wp:featuredmedia":[{"embeddable":true,"href":"https:\/\/dachzeltnomaden.com\/shop\/wp-json\/wp\/v2\/media\/128913"}],"wp:attachment":[{"href":"https:\/\/dachzeltnomaden.com\/shop\/wp-json\/wp\/v2\/media?parent=128886"}],"wp:term":[{"taxonomy":"product_brand","embeddable":true,"href":"https:\/\/dachzeltnomaden.com\/shop\/wp-json\/wp\/v2\/product_brand?post=128886"},{"taxonomy":"product_cat","embeddable":true,"href":"https:\/\/dachzeltnomaden.com\/shop\/wp-json\/wp\/v2\/product_cat?post=128886"},{"taxonomy":"product_tag","embeddable":true,"href":"https:\/\/dachzeltnomaden.com\/shop\/wp-json\/wp\/v2\/product_tag?post=128886"}],"curies":[{"name":"wp","href":"https:\/\/api.w.org\/{rel}","templated":true}]}}