{"id":128700,"date":"2024-07-15T13:12:36","date_gmt":"2024-07-15T11:12:36","guid":{"rendered":"https:\/\/dachzeltnomaden.com\/shop\/?post_type=product&#038;p=128700"},"modified":"2025-10-17T10:17:16","modified_gmt":"2025-10-17T08:17:16","slug":"bia-outdoor-hartschalendachzelt-gerald","status":"publish","type":"product","link":"https:\/\/dachzeltnomaden.com\/shop\/produkt\/bia-outdoor-hartschalendachzelt-gerald\/","title":{"rendered":"BIA Outdoor &#8211; Hartschalendachzelt Gerald"},"content":{"rendered":"\n<div class=\"wp-block-uagb-container uagb-block-21844d9f alignwide uagb-is-root-container\">\n<p><strong>WERBUNG<\/strong><\/p>\n\n\n\n<div class=\"wp-block-uagb-container uagb-block-665ff152\">\n<p class=\"has-ast-global-color-5-color has-text-color has-link-color wp-elements-60b811c84674423de130e241f3dd761d\">Du suchst noch nach einem Alu Hartschalen Dachzelt? Wie w\u00e4re es mit einem Dachzelt von BIA Outdoor!<br><br>*Die Links sind Affiliate Links. Wenn du dich f\u00fcr den Kauf eines BIA Outdoor Dachzeltes entscheidest, erhalten die Dachzeltnomaden eine Provision. Damit unterst\u00fctzt du uns &amp; unsere Arbeit. F\u00fcr dich kostet das Dachzelt deshalb nicht mehr.<\/p>\n<\/div>\n\n\n\n<p>Meet &#8220;Gerald&#8221;: Dein unvergleichliches Hartschalendachzelt, ma\u00dfgeschneidert f\u00fcr abenteuerlustige Entdecker! Diese einzigartige Dreiecksbauform vereint herausragende Merkmale und bietet ultimativen Komfort f\u00fcr deine Outdoor-Abenteuer.<\/p>\n\n\n\n<div class=\"wp-block-uagb-container uagb-layout-flex uagb-block-11d783a7\">\n<div class=\"wp-block-uagb-container uagb-block-08f976dd\">\n<h4 class=\"wp-block-heading\"><strong>Leichte und schnelle Montage f\u00fcr unvergleichliche Flexibilit\u00e4t<\/strong><\/h4>\n\n\n\n<p class=\"has-text-align-left\" style=\"margin-top:0px;margin-bottom:0px\">Mit fortschrittlichen Edelstahlgasfedern erm\u00f6glicht &#8220;Gerald&#8221; eine blitzschnelle und m\u00fchelose Montage. Dein Abenteuer kann beginnen, w\u00e4hrend andere noch mit dem Aufbau besch\u00e4ftigt sind.<\/p>\n\n\n\n<div class=\"wp-block-uagb-buttons uagb-buttons__outer-wrap uagb-btn__default-btn uagb-btn-tablet__default-btn uagb-btn-mobile__default-btn uagb-block-cfc97b5a\"><div class=\"uagb-buttons__wrap uagb-buttons-layout-wrap \">\n<div class=\"wp-block-uagb-buttons-child uagb-buttons__outer-wrap uagb-block-b579a338 wp-block-button\"><div class=\"uagb-button__wrapper\"><a class=\"uagb-buttons-repeater wp-block-button__link\" aria-label=\"\" href=\"https:\/\/bia-outdoor.com\/products\/hartschalendachzelte-gerald?ref=dachzeltnomaden\" rel=\"follow noopener\" target=\"_blank\" role=\"button\"><div class=\"uagb-button__link\">Besuche Gerald<\/div><\/a><\/div><\/div>\n<\/div><\/div>\n<\/div>\n\n\n\n<div class=\"wp-block-uagb-image alignleft uagb-block-e048ba49 wp-block-uagb-image--layout-default wp-block-uagb-image--effect-static wp-block-uagb-image--align-left\"><figure class=\"wp-block-uagb-image__figure\"><img decoding=\"async\" srcset=\"https:\/\/dachzeltnomaden.com\/shop\/wp-content\/uploads\/2024\/07\/Dachzelte-Web-240330-201093.webp ,https:\/\/dachzeltnomaden.com\/shop\/wp-content\/uploads\/2024\/07\/Dachzelte-Web-240330-201093.webp 780w, https:\/\/dachzeltnomaden.com\/shop\/wp-content\/uploads\/2024\/07\/Dachzelte-Web-240330-201093-1024x683.webp 360w\" sizes=\"auto, (max-width: 480px) 150px\" src=\"https:\/\/dachzeltnomaden.com\/shop\/wp-content\/uploads\/2024\/07\/Dachzelte-Web-240330-201093.webp\" alt=\"\" class=\"uag-image-128701\" width=\"2500\" height=\"1667\" title=\"Dachzelte-Web-240330-201093\" loading=\"lazy\" role=\"img\"\/><\/figure><\/div>\n<\/div>\n\n\n\n<div class=\"wp-block-uagb-container uagb-layout-flex uagb-block-0ebc61a9\">\n<div class=\"wp-block-uagb-image uagb-block-bc214cf7 wp-block-uagb-image--layout-default wp-block-uagb-image--effect-static wp-block-uagb-image--align-none\"><figure class=\"wp-block-uagb-image__figure\"><img decoding=\"async\" srcset=\"https:\/\/dachzeltnomaden.com\/shop\/wp-content\/uploads\/2024\/07\/Dachzelte-Web-240330-201092-1024x683.webp ,https:\/\/dachzeltnomaden.com\/shop\/wp-content\/uploads\/2024\/07\/Dachzelte-Web-240330-201092.webp 780w, https:\/\/dachzeltnomaden.com\/shop\/wp-content\/uploads\/2024\/07\/Dachzelte-Web-240330-201092.webp 360w\" sizes=\"auto, (max-width: 480px) 150px\" src=\"https:\/\/dachzeltnomaden.com\/shop\/wp-content\/uploads\/2024\/07\/Dachzelte-Web-240330-201092-1024x683.webp\" alt=\"\" class=\"uag-image-128702\" width=\"2500\" height=\"1667\" title=\"Dachzelte-Web-240330-201092\" loading=\"lazy\" role=\"img\"\/><\/figure><\/div>\n\n\n\n<div class=\"wp-block-uagb-container uagb-block-78aae331\">\n<h4 class=\"wp-block-heading\"><strong>Robuste Hartschale f\u00fcr ultimativen Schutz<\/strong>&nbsp;<\/h4>\n\n\n\n<p class=\"has-text-align-left\" style=\"margin-top:0px;margin-bottom:0px\">Die Hartschale von &#8220;Gerald&#8221; besteht aus leichtem, dennoch strapazierf\u00e4higem Material. Sie bietet nicht nur optimalen Schutz vor den Elementen, sondern garantiert auch Langlebigkeit f\u00fcr langanhaltende Expeditionen.<\/p>\n\n\n\n<div class=\"wp-block-uagb-buttons uagb-buttons__outer-wrap uagb-btn__default-btn uagb-btn-tablet__default-btn uagb-btn-mobile__default-btn uagb-block-eaf86ac2\"><div class=\"uagb-buttons__wrap uagb-buttons-layout-wrap \">\n<div class=\"wp-block-uagb-buttons-child uagb-buttons__outer-wrap uagb-block-62f6ccd4 wp-block-button\"><div class=\"uagb-button__wrapper\"><a class=\"uagb-buttons-repeater wp-block-button__link\" aria-label=\"\" href=\"https:\/\/bia-outdoor.com\/products\/hartschalendachzelte-gerald?ref=dachzeltnomaden\" rel=\"follow noopener\" target=\"_blank\" role=\"button\"><div class=\"uagb-button__link\">Besuche Gerald<\/div><\/a><\/div><\/div>\n<\/div><\/div>\n<\/div>\n<\/div>\n\n\n\n<div class=\"wp-block-uagb-container uagb-layout-flex uagb-block-7acd32b4\">\n<div class=\"wp-block-uagb-container uagb-block-2e15407d\">\n<h4 class=\"wp-block-heading\"><strong>Gro\u00dfe Fenster f\u00fcr Panorama-Aussichten<\/strong>&nbsp;<\/h4>\n\n\n\n<p class=\"has-text-align-left\" style=\"margin-top:0px;margin-bottom:0px\">Erlebe atemberaubende Ausblicke an den sch\u00f6nsten Orten der Welt! Die gro\u00dfz\u00fcgigen Fenster von &#8220;Gerald&#8221; bieten eine beeindruckende Sicht, sei es in den Bergen, am Strand oder in der unber\u00fchrten Wildnis.<\/p>\n\n\n\n<div class=\"wp-block-uagb-buttons uagb-buttons__outer-wrap uagb-btn__default-btn uagb-btn-tablet__default-btn uagb-btn-mobile__default-btn uagb-block-ff1af0a1\"><div class=\"uagb-buttons__wrap uagb-buttons-layout-wrap \">\n<div class=\"wp-block-uagb-buttons-child uagb-buttons__outer-wrap uagb-block-fca6ada9 wp-block-button\"><div class=\"uagb-button__wrapper\"><a class=\"uagb-buttons-repeater wp-block-button__link\" aria-label=\"\" href=\"https:\/\/bia-outdoor.com\/products\/hartschalendachzelte-gerald?ref=dachzeltnomaden\" rel=\"follow noopener\" target=\"_blank\" role=\"button\"><div class=\"uagb-button__link\">Besuche Gerald<\/div><\/a><\/div><\/div>\n<\/div><\/div>\n<\/div>\n\n\n\n<div class=\"wp-block-uagb-image uagb-block-964cdf22 wp-block-uagb-image--layout-default wp-block-uagb-image--effect-static wp-block-uagb-image--align-none\"><figure class=\"wp-block-uagb-image__figure\"><img decoding=\"async\" srcset=\"https:\/\/dachzeltnomaden.com\/shop\/wp-content\/uploads\/2024\/07\/Dachzelte-Web-240330-102895-1024x1024.webp ,https:\/\/dachzeltnomaden.com\/shop\/wp-content\/uploads\/2024\/07\/Dachzelte-Web-240330-102895.webp 780w, https:\/\/dachzeltnomaden.com\/shop\/wp-content\/uploads\/2024\/07\/Dachzelte-Web-240330-102895.webp 360w\" sizes=\"auto, (max-width: 480px) 150px\" src=\"https:\/\/dachzeltnomaden.com\/shop\/wp-content\/uploads\/2024\/07\/Dachzelte-Web-240330-102895-1024x1024.webp\" alt=\"\" class=\"uag-image-128703\" width=\"2500\" height=\"1667\" title=\"Dachzelte-Web-240330-102895\" loading=\"lazy\" role=\"img\"\/><\/figure><\/div>\n<\/div>\n\n\n\n<div class=\"wp-block-uagb-container uagb-layout-flex uagb-block-7b9dbd05\">\n<div class=\"wp-block-uagb-image uagb-block-1ac9e6b7 wp-block-uagb-image--layout-default wp-block-uagb-image--effect-static wp-block-uagb-image--align-none\"><figure class=\"wp-block-uagb-image__figure\"><img decoding=\"async\" srcset=\"https:\/\/dachzeltnomaden.com\/shop\/wp-content\/uploads\/2024\/07\/Dachzelte-Web-240330-102894-1024x1024.webp ,https:\/\/dachzeltnomaden.com\/shop\/wp-content\/uploads\/2024\/07\/Dachzelte-Web-240330-102894.webp 780w, https:\/\/dachzeltnomaden.com\/shop\/wp-content\/uploads\/2024\/07\/Dachzelte-Web-240330-102894.webp 360w\" sizes=\"auto, (max-width: 480px) 150px\" src=\"https:\/\/dachzeltnomaden.com\/shop\/wp-content\/uploads\/2024\/07\/Dachzelte-Web-240330-102894-1024x1024.webp\" alt=\"\" class=\"uag-image-128704\" width=\"2500\" height=\"1667\" title=\"Dachzelte Web-240330-102894\" loading=\"lazy\" role=\"img\"\/><\/figure><\/div>\n\n\n\n<div class=\"wp-block-uagb-container uagb-block-7a13d7d2\">\n<h4 class=\"wp-block-heading\"><strong><strong>Mosquito-Netze f\u00fcr ungest\u00f6rten Schlaf<\/strong><\/strong><\/h4>\n\n\n\n<p class=\"has-text-align-left\" style=\"margin-top:0px;margin-bottom:0px\">Sch\u00fctze Deine Ruhe vor unliebsamen G\u00e4sten! Die integrierten Mosquito-Netze gew\u00e4hrleisten einen ungest\u00f6rten Schlaf, selbst in den abgelegensten Naturparadiesen.<\/p>\n\n\n\n<div class=\"wp-block-uagb-buttons uagb-buttons__outer-wrap uagb-btn__default-btn uagb-btn-tablet__default-btn uagb-btn-mobile__default-btn uagb-block-6bb367bb\"><div class=\"uagb-buttons__wrap uagb-buttons-layout-wrap \">\n<div class=\"wp-block-uagb-buttons-child uagb-buttons__outer-wrap uagb-block-bb7d566d wp-block-button\"><div class=\"uagb-button__wrapper\"><a class=\"uagb-buttons-repeater wp-block-button__link\" aria-label=\"\" href=\"https:\/\/bia-outdoor.com\/products\/hartschalendachzelte-gerald?ref=dachzeltnomaden\" rel=\"follow noopener\" target=\"_blank\" role=\"button\"><div class=\"uagb-button__link\">Besuche Gerald<\/div><\/a><\/div><\/div>\n<\/div><\/div>\n<\/div>\n<\/div>\n\n\n\n<div class=\"wp-block-uagb-container uagb-layout-flex uagb-block-6380ce0f\">\n<div class=\"wp-block-uagb-container uagb-block-c9a742ab\">\n<h4 class=\"wp-block-heading\"><strong><strong><strong>Flexibel einstellbare Leiter f\u00fcr bequemen Zugang<\/strong>&nbsp;<\/strong><\/strong><\/h4>\n\n\n\n<p style=\"margin-top:0px;margin-bottom:0px\">Die stabilen und flexibel einstellbare Leiter von &#8220;Gerald&#8221; erm\u00f6glichen einen komfortablen Zugang zu Deinem mobilen Schlafgemach, ganz gleich, wo Dein Abenteuer Dich hinf\u00fchrt.<\/p>\n\n\n\n<h4 class=\"wp-block-heading\"><strong>Ausget\u00fcftelte Ablagef\u00e4cher f\u00fcr Ordnung und \u00dcbersicht<\/strong><\/h4>\n\n\n\n<p class=\"has-text-align-left\" style=\"margin-top:0px;margin-bottom:0px\">Intelligente Ablagef\u00e4cher f\u00fcr Schuhe, pers\u00f6nliche Gegenst\u00e4nde und Werkzeuge halten Dein Campingleben organisiert und \u00fcbersichtlich.<\/p>\n\n\n\n<div class=\"wp-block-uagb-buttons uagb-buttons__outer-wrap uagb-btn__default-btn uagb-btn-tablet__default-btn uagb-btn-mobile__default-btn uagb-block-ade95b0f\"><div class=\"uagb-buttons__wrap uagb-buttons-layout-wrap \">\n<div class=\"wp-block-uagb-buttons-child uagb-buttons__outer-wrap uagb-block-b80ca0d4 wp-block-button\"><div class=\"uagb-button__wrapper\"><a class=\"uagb-buttons-repeater wp-block-button__link\" aria-label=\"\" href=\"https:\/\/bia-outdoor.com\/products\/hartschalendachzelte-gerald?ref=dachzeltnomaden\" rel=\"follow noopener\" target=\"_blank\" role=\"button\"><div class=\"uagb-button__link\">Besuche Gerald<\/div><\/a><\/div><\/div>\n<\/div><\/div>\n<\/div>\n\n\n\n<div class=\"wp-block-uagb-image aligncenter uagb-block-f752a9d1 wp-block-uagb-image--layout-default wp-block-uagb-image--effect-static wp-block-uagb-image--align-center\"><figure class=\"wp-block-uagb-image__figure\"><img decoding=\"async\" srcset=\"https:\/\/dachzeltnomaden.com\/shop\/wp-content\/uploads\/2024\/07\/Dachzelte-Web-240330-201082-683x1024.webp ,https:\/\/dachzeltnomaden.com\/shop\/wp-content\/uploads\/2024\/07\/Dachzelte-Web-240330-201082.webp 780w, https:\/\/dachzeltnomaden.com\/shop\/wp-content\/uploads\/2024\/07\/Dachzelte-Web-240330-201082.webp 360w\" sizes=\"auto, (max-width: 480px) 150px\" src=\"https:\/\/dachzeltnomaden.com\/shop\/wp-content\/uploads\/2024\/07\/Dachzelte-Web-240330-201082-683x1024.webp\" alt=\"\" class=\"uag-image-128705\" width=\"398\" height=\"600\" title=\"Dachzelte-Web-240330-201082\" loading=\"lazy\" role=\"img\"\/><\/figure><\/div>\n<\/div>\n\n\n\n<div class=\"wp-block-uagb-container uagb-layout-flex uagb-block-2ec11894\">\n<div class=\"wp-block-uagb-image uagb-block-a49f4386 wp-block-uagb-image--layout-default wp-block-uagb-image--effect-static wp-block-uagb-image--align-none\"><figure class=\"wp-block-uagb-image__figure\"><img decoding=\"async\" srcset=\"https:\/\/dachzeltnomaden.com\/shop\/wp-content\/uploads\/2024\/07\/Dachzelte-Web-240330-201088-1024x683.webp ,https:\/\/dachzeltnomaden.com\/shop\/wp-content\/uploads\/2024\/07\/Dachzelte-Web-240330-201088.webp 780w, https:\/\/dachzeltnomaden.com\/shop\/wp-content\/uploads\/2024\/07\/Dachzelte-Web-240330-201088.webp 360w\" sizes=\"auto, (max-width: 480px) 150px\" src=\"https:\/\/dachzeltnomaden.com\/shop\/wp-content\/uploads\/2024\/07\/Dachzelte-Web-240330-201088-1024x683.webp\" alt=\"\" class=\"uag-image-128706\" width=\"2500\" height=\"1667\" title=\"Dachzelte-Web-240330-201088\" loading=\"lazy\" role=\"img\"\/><\/figure><\/div>\n\n\n\n<div class=\"wp-block-uagb-container uagb-block-e4e688b1\">\n<h4 class=\"wp-block-heading\"><strong><strong>Integrierte LED-Beleuchtung und Ladem\u00f6glichkeit f\u00fcr Kleinger\u00e4te&nbsp;<\/strong><\/strong><\/h4>\n\n\n\n<p class=\"has-text-align-left\" style=\"margin-top:0px;margin-bottom:0px\">&#8220;Gerald&#8221; schafft nicht nur nachts die perfekte Atmosph\u00e4re mit seiner integrierten LED-Beleuchtung, sondern bietet auch eine bequeme Ladem\u00f6glichkeit f\u00fcr Kleinger\u00e4te \u00fcber eine Powerbank. Bleibe stets vernetzt, egal wie weit Deine Abenteuer Dich f\u00fchren.<\/p>\n\n\n\n<div class=\"wp-block-uagb-buttons uagb-buttons__outer-wrap uagb-btn__default-btn uagb-btn-tablet__default-btn uagb-btn-mobile__default-btn uagb-block-5b53d547\"><div class=\"uagb-buttons__wrap uagb-buttons-layout-wrap \">\n<div class=\"wp-block-uagb-buttons-child uagb-buttons__outer-wrap uagb-block-4eb1788b wp-block-button\"><div class=\"uagb-button__wrapper\"><a class=\"uagb-buttons-repeater wp-block-button__link\" aria-label=\"\" href=\"https:\/\/bia-outdoor.com\/products\/hartschalendachzelte-gerald?ref=dachzeltnomaden\" rel=\"follow noopener\" target=\"_blank\" role=\"button\"><div class=\"uagb-button__link\">Besuche Gerald<\/div><\/a><\/div><\/div>\n<\/div><\/div>\n<\/div>\n<\/div>\n\n\n\n<div class=\"wp-block-uagb-container uagb-layout-flex uagb-block-b71f0157\">\n<div class=\"wp-block-uagb-container uagb-block-4fe5d028\">\n<h4 class=\"wp-block-heading\"><strong><strong><strong>Besonderer Schlafkomfort dank hochwertiger Matratze<\/strong>&nbsp;<\/strong><\/strong><\/h4>\n\n\n\n<p class=\"has-text-align-left\" style=\"margin-top:0px;margin-bottom:0px\">Erlebe himmlischen Schlaf unter freiem Himmel! Die hochwertige Matratze von &#8220;Gerald&#8221; bietet einen besonderen Schlafkomfort, damit Du ausgeruht und bereit f\u00fcr neue Erlebnisse in den Tag starten kannst.<\/p>\n\n\n\n<div class=\"wp-block-uagb-buttons uagb-buttons__outer-wrap uagb-btn__default-btn uagb-btn-tablet__default-btn uagb-btn-mobile__default-btn uagb-block-ee144476\"><div class=\"uagb-buttons__wrap uagb-buttons-layout-wrap \">\n<div class=\"wp-block-uagb-buttons-child uagb-buttons__outer-wrap uagb-block-7a556862 wp-block-button\"><div class=\"uagb-button__wrapper\"><a class=\"uagb-buttons-repeater wp-block-button__link\" aria-label=\"\" href=\"https:\/\/bia-outdoor.com\/products\/hartschalendachzelte-gerald?ref=dachzeltnomaden\" rel=\"follow noopener\" target=\"_blank\" role=\"button\"><div class=\"uagb-button__link\">Besuche Gerald<\/div><\/a><\/div><\/div>\n<\/div><\/div>\n<\/div>\n\n\n\n<div class=\"wp-block-uagb-image uagb-block-b967e7d2 wp-block-uagb-image--layout-default wp-block-uagb-image--effect-static wp-block-uagb-image--align-none\"><figure class=\"wp-block-uagb-image__figure\"><img decoding=\"async\" srcset=\"https:\/\/dachzeltnomaden.com\/shop\/wp-content\/uploads\/2024\/07\/Dachzelte-Web-240330-2-1024x683.webp ,https:\/\/dachzeltnomaden.com\/shop\/wp-content\/uploads\/2024\/07\/Dachzelte-Web-240330-2.webp 780w, https:\/\/dachzeltnomaden.com\/shop\/wp-content\/uploads\/2024\/07\/Dachzelte-Web-240330-2.webp 360w\" sizes=\"auto, (max-width: 480px) 150px\" src=\"https:\/\/dachzeltnomaden.com\/shop\/wp-content\/uploads\/2024\/07\/Dachzelte-Web-240330-2-1024x683.webp\" alt=\"\" class=\"uag-image-128746\" width=\"2500\" height=\"1667\" title=\"Dachzelte-Web-240330-2\" loading=\"lazy\" role=\"img\"\/><\/figure><\/div>\n<\/div>\n\n\n\n<div class=\"wp-block-uagb-container uagb-layout-flex uagb-block-59ef0ae4\">\n<div class=\"wp-block-uagb-image uagb-block-332e1534 wp-block-uagb-image--layout-default wp-block-uagb-image--effect-static wp-block-uagb-image--align-none\"><figure class=\"wp-block-uagb-image__figure\"><img decoding=\"async\" srcset=\"https:\/\/dachzeltnomaden.com\/shop\/wp-content\/uploads\/2024\/07\/Dachzelte-Web-240330-201103-1024x683.webp ,https:\/\/dachzeltnomaden.com\/shop\/wp-content\/uploads\/2024\/07\/Dachzelte-Web-240330-201103.webp 780w, https:\/\/dachzeltnomaden.com\/shop\/wp-content\/uploads\/2024\/07\/Dachzelte-Web-240330-201103.webp 360w\" sizes=\"auto, (max-width: 480px) 150px\" src=\"https:\/\/dachzeltnomaden.com\/shop\/wp-content\/uploads\/2024\/07\/Dachzelte-Web-240330-201103-1024x683.webp\" alt=\"\" class=\"uag-image-128747\" width=\"2500\" height=\"1667\" title=\"Dachzelte-Web-240330-201103\" loading=\"lazy\" role=\"img\"\/><\/figure><\/div>\n\n\n\n<div class=\"wp-block-uagb-container uagb-block-40d5801f\">\n<h4 class=\"wp-block-heading\"><strong><strong><strong><strong>Langfristig mehr Komfort<\/strong>&nbsp;<\/strong><\/strong><\/strong><\/h4>\n\n\n\n<p class=\"has-text-align-left\" style=\"margin-top:0px;margin-bottom:0px\">Gerald hat auch eine Matratzenunterlage aus hochelastischem Abstandsgewebe und ca. 10mm Dicke. Sie dient der besseren Feuchtigkeitssteuerung im Zelt und erh\u00f6ht den Komfort.<\/p>\n\n\n\n<div class=\"wp-block-uagb-buttons uagb-buttons__outer-wrap uagb-btn__default-btn uagb-btn-tablet__default-btn uagb-btn-mobile__default-btn uagb-block-1534e111\"><div class=\"uagb-buttons__wrap uagb-buttons-layout-wrap \">\n<div class=\"wp-block-uagb-buttons-child uagb-buttons__outer-wrap uagb-block-77514d82 wp-block-button\"><div class=\"uagb-button__wrapper\"><a class=\"uagb-buttons-repeater wp-block-button__link\" aria-label=\"\" href=\"https:\/\/bia-outdoor.com\/products\/hartschalendachzelte-gerald?ref=dachzeltnomaden\" rel=\"follow noopener\" target=\"_blank\" role=\"button\"><div class=\"uagb-button__link\">Besuche Gerald<\/div><\/a><\/div><\/div>\n<\/div><\/div>\n<\/div>\n<\/div>\n\n\n\n<p>Begib Dich mit &#8220;Gerald&#8221; auf ein einzigartiges Campingabenteuer und entdecke die Freiheit des Outdoor-Lebens auf eine v\u00f6llig neue Weise!<\/p>\n\n\n\n<h4 class=\"wp-block-heading\"><strong>Technische Daten<\/strong><strong><\/strong><\/h4>\n\n\n\n<figure class=\"wp-block-table\"><table><tbody><tr><td>Gewicht<br><\/td><td>73kg<\/td><\/tr><tr><td>Ma\u00dfe geschlossen&nbsp;<br>(L x B x H)<\/td><td>210cm x 130cm x 17cm<\/td><\/tr><tr><td>Aufbauh\u00f6he geschlossen&nbsp;<br>(Dachzelt + Montageschienen, H)<\/td><td>19cm<\/td><\/tr><tr><td>Ma\u00dfe Innenraum ge\u00f6ffnet&nbsp;<br>(L x B x H(h\u00f6chste))<\/td><td>205cm x 125cm x 130cm<\/td><\/tr><tr><td>Leiterh\u00f6he eingefahren<br><\/td><td>76,5cm<\/td><\/tr><tr><td>Leiterh\u00f6he ausgefahren<br><\/td><td>237cm<\/td><\/tr><tr><td>Leitersprossen<br><\/td><td>8<\/td><\/tr><tr><td>Leiter &#8211; max. zul\u00e4ssiges Gewicht<br><\/td><td>150kg<\/td><\/tr><tr><td>Material Corpus<br><\/td><td>Luftfahrtaluminium<\/td><\/tr><tr><td>Material Schnallen, Gasfedern<br><\/td><td>Edelstahl<\/td><\/tr><tr><td>Material Zeltstoff<br><\/td><td>310 g\/m\u00b2 Polyester-Baumwoll-Stoff<\/td><\/tr><\/tbody><\/table><\/figure>\n\n\n\n<h4 class=\"wp-block-heading\">Fahrzeuganforderungen<\/h4>\n\n\n\n<figure class=\"wp-block-table\"><table><tbody><tr><td>Maximal zul\u00e4ssige Dachlast&nbsp;(Dynamische Last, zzgl. Dachtr\u00e4gergewicht)<\/td><td>\u2265 73kg<\/td><\/tr><tr><td>Maximal zul\u00e4ssige Last Dachtr\u00e4ger<\/td><td>\u2265 73kg<\/td><\/tr><\/tbody><\/table><\/figure>\n\n\n\n<div class=\"wp-block-uagb-buttons uagb-buttons__outer-wrap uagb-btn__default-btn uagb-btn-tablet__default-btn uagb-btn-mobile__default-btn uagb-block-331b8a48\"><div class=\"uagb-buttons__wrap uagb-buttons-layout-wrap \">\n<div class=\"wp-block-uagb-buttons-child uagb-buttons__outer-wrap uagb-block-d31bb27a wp-block-button\"><div class=\"uagb-button__wrapper\"><a class=\"uagb-buttons-repeater wp-block-button__link\" aria-label=\"\" href=\"https:\/\/bia-outdoor.com\/products\/hartschalendachzelte-gerald?ref=dachzeltnomaden\" rel=\"follow noopener\" target=\"_blank\" role=\"button\"><div class=\"uagb-button__link\">Besuche Gerald<\/div><\/a><\/div><\/div>\n<\/div><\/div>\n<\/div>\n","protected":false},"excerpt":{"rendered":"<p><a class=\"button\" href=\"https:\/\/goaff.pro\/aicxlc\" target=\"blank\" rel=\"noopener\">Zum BIA Outdoor Dachzelt Gerald<\/a><\/p>\n","protected":false},"featured_media":128750,"template":"","meta":{"_uag_custom_page_level_css":"","site-sidebar-layout":"default","site-content-layout":"","ast-site-content-layout":"default","site-content-style":"default","site-sidebar-style":"default","ast-global-header-display":"","ast-banner-title-visibility":"","ast-main-header-display":"","ast-hfb-above-header-display":"","ast-hfb-below-header-display":"","ast-hfb-mobile-header-display":"","site-post-title":"","ast-breadcrumbs-content":"","ast-featured-img":"","footer-sml-layout":"","ast-disable-related-posts":"","theme-transparent-header-meta":"default","adv-header-id-meta":"","stick-header-meta":"default","header-above-stick-meta":"","header-main-stick-meta":"","header-below-stick-meta":"","astra-migrate-meta-layouts":"set","ast-page-background-enabled":"default","ast-page-background-meta":{"desktop":{"background-color":"var(--ast-global-color-4)","background-image":"","background-repeat":"repeat","background-position":"center center","background-size":"auto","background-attachment":"scroll","background-type":"","background-media":"","overlay-type":"","overlay-color":"","overlay-opacity":"","overlay-gradient":""},"tablet":{"background-color":"","background-image":"","background-repeat":"repeat","background-position":"center center","background-size":"auto","background-attachment":"scroll","background-type":"","background-media":"","overlay-type":"","overlay-color":"","overlay-opacity":"","overlay-gradient":""},"mobile":{"background-color":"","background-image":"","background-repeat":"repeat","background-position":"center center","background-size":"auto","background-attachment":"scroll","background-type":"","background-media":"","overlay-type":"","overlay-color":"","overlay-opacity":"","overlay-gradient":""}},"ast-content-background-meta":{"desktop":{"background-color":"var(--ast-global-color-5)","background-image":"","background-repeat":"repeat","background-position":"center center","background-size":"auto","background-attachment":"scroll","background-type":"","background-media":"","overlay-type":"","overlay-color":"","overlay-opacity":"","overlay-gradient":""},"tablet":{"background-color":"var(--ast-global-color-5)","background-image":"","background-repeat":"repeat","background-position":"center center","background-size":"auto","background-attachment":"scroll","background-type":"","background-media":"","overlay-type":"","overlay-color":"","overlay-opacity":"","overlay-gradient":""},"mobile":{"background-color":"var(--ast-global-color-5)","background-image":"","background-repeat":"repeat","background-position":"center center","background-size":"auto","background-attachment":"scroll","background-type":"","background-media":"","overlay-type":"","overlay-color":"","overlay-opacity":"","overlay-gradient":""}},"_themeisle_gutenberg_block_has_review":false},"product_brand":[],"product_cat":[127],"product_tag":[],"class_list":{"0":"post-128700","1":"product","2":"type-product","3":"status-publish","4":"has-post-thumbnail","6":"product_cat-neue-dachzelte-kaufen","7":"desktop-align-left","8":"tablet-align-left","9":"mobile-align-left","10":"ast-product-gallery-layout-vertical-slider","11":"ast-product-tabs-layout-horizontal","13":"first","14":"instock","15":"purchasable","16":"product-type-external"},"exclude_global_add_ons":[],"addons":[],"uagb_featured_image_src":{"full":["https:\/\/dachzeltnomaden.com\/shop\/wp-content\/uploads\/2024\/07\/Wand-Sunrise-Web-240330-102721.webp",2500,1735,false],"thumbnail":["https:\/\/dachzeltnomaden.com\/shop\/wp-content\/uploads\/2024\/07\/Wand-Sunrise-Web-240330-102721-150x150.webp",150,150,true],"medium":["https:\/\/dachzeltnomaden.com\/shop\/wp-content\/uploads\/2024\/07\/Wand-Sunrise-Web-240330-102721-300x208.webp",300,208,true],"medium_large":["https:\/\/dachzeltnomaden.com\/shop\/wp-content\/uploads\/2024\/07\/Wand-Sunrise-Web-240330-102721-768x533.webp",768,533,true],"large":["https:\/\/dachzeltnomaden.com\/shop\/wp-content\/uploads\/2024\/07\/Wand-Sunrise-Web-240330-102721-1024x711.webp",737,512,true],"1536x1536":["https:\/\/dachzeltnomaden.com\/shop\/wp-content\/uploads\/2024\/07\/Wand-Sunrise-Web-240330-102721-1536x1066.webp",1536,1066,true],"2048x2048":["https:\/\/dachzeltnomaden.com\/shop\/wp-content\/uploads\/2024\/07\/Wand-Sunrise-Web-240330-102721-2048x1421.webp",2048,1421,true],"woocommerce_thumbnail":["https:\/\/dachzeltnomaden.com\/shop\/wp-content\/uploads\/2024\/07\/Wand-Sunrise-Web-240330-102721-600x600.webp",600,600,true],"woocommerce_single":["https:\/\/dachzeltnomaden.com\/shop\/wp-content\/uploads\/2024\/07\/Wand-Sunrise-Web-240330-102721-1024x711.webp",1024,711,true],"woocommerce_gallery_thumbnail":["https:\/\/dachzeltnomaden.com\/shop\/wp-content\/uploads\/2024\/07\/Wand-Sunrise-Web-240330-102721-100x100.webp",100,100,true]},"uagb_author_info":{"display_name":"admin","author_link":"https:\/\/dachzeltnomaden.com\/shop\/author\/"},"uagb_comment_info":0,"uagb_excerpt":"Zum BIA Outdoor Dachzelt Gerald","_links":{"self":[{"href":"https:\/\/dachzeltnomaden.com\/shop\/wp-json\/wp\/v2\/product\/128700","targetHints":{"allow":["GET"]}}],"collection":[{"href":"https:\/\/dachzeltnomaden.com\/shop\/wp-json\/wp\/v2\/product"}],"about":[{"href":"https:\/\/dachzeltnomaden.com\/shop\/wp-json\/wp\/v2\/types\/product"}],"wp:featuredmedia":[{"embeddable":true,"href":"https:\/\/dachzeltnomaden.com\/shop\/wp-json\/wp\/v2\/media\/128750"}],"wp:attachment":[{"href":"https:\/\/dachzeltnomaden.com\/shop\/wp-json\/wp\/v2\/media?parent=128700"}],"wp:term":[{"taxonomy":"product_brand","embeddable":true,"href":"https:\/\/dachzeltnomaden.com\/shop\/wp-json\/wp\/v2\/product_brand?post=128700"},{"taxonomy":"product_cat","embeddable":true,"href":"https:\/\/dachzeltnomaden.com\/shop\/wp-json\/wp\/v2\/product_cat?post=128700"},{"taxonomy":"product_tag","embeddable":true,"href":"https:\/\/dachzeltnomaden.com\/shop\/wp-json\/wp\/v2\/product_tag?post=128700"}],"curies":[{"name":"wp","href":"https:\/\/api.w.org\/{rel}","templated":true}]}}