{"id":128696,"date":"2024-07-15T09:49:58","date_gmt":"2024-07-15T07:49:58","guid":{"rendered":"https:\/\/dachzeltnomaden.com\/shop\/?post_type=product&#038;p=128696"},"modified":"2026-03-08T09:38:51","modified_gmt":"2026-03-08T08:38:51","slug":"bia-outdoor-dachzelte","status":"publish","type":"product","link":"https:\/\/dachzeltnomaden.com\/shop\/produkt\/bia-outdoor-dachzelte\/","title":{"rendered":"BIA Outdoor<br>Dachzelte"},"content":{"rendered":"\n<p class=\"has-text-align-left\">WERBUNG<br><br>Du suchst ein BIA Outdoor Dachzelt? Dann bist du hier genau richtig! BIA Outdoor Dachzelte gibt es in folgenden Ausf\u00fchrungen:<\/p>\n\n\n\n<ul class=\"wp-block-list\">\n<li>Alu- Hartschalen Dachzelte<\/li>\n\n\n\n<li>Liegefl\u00e4che Breite: 120 cm<\/li>\n\n\n\n<li>Liegefl\u00e4che L\u00e4nge: 200 cm<\/li>\n\n\n\n<li>Gewicht: 70 &#8211; 72 kg<\/li>\n\n\n\n<li>Preis: 2.999 Euro<\/li>\n<\/ul>\n\n\n\n<p style=\"margin-top:30px\">*Die Links sind Affiliate Links. Wenn du dich f\u00fcr den Kauf eines Dachzeltes entscheidest, erhalten die Dachzeltnomaden eine Provision. Damit unterst\u00fctzt du uns &amp; unsere Arbeit. F\u00fcr dich kostet das Dachzelt deshalb nicht mehr.<br><br>Diese BIA Outdoor Modelle sind aktuell zu haben:<\/p>\n\n\n\n<div class=\"wp-block-uagb-container uagb-block-4e207270 default uagb-is-root-container\">\n<div class=\"wp-block-uagb-container uagb-block-754c70c4\">\n<div class=\"wp-block-group is-layout-constrained wp-container-core-group-is-layout-bdcbbb17 wp-block-group-is-layout-constrained\">\n<div class=\"wp-block-uagb-advanced-heading uagb-block-66f0d31e\"><h2 class=\"uagb-heading-text\">Gerald<\/h2><div class=\"uagb-separator\"><\/div><p class=\"uagb-desc-text\"><strong>2.999 \u20ac<\/strong><\/p><\/div>\n\n\n\n<div class=\"wp-block-uagb-image uagb-block-2bfd98ee wp-block-uagb-image--layout-default wp-block-uagb-image--effect-static wp-block-uagb-image--align-none\"><figure class=\"wp-block-uagb-image__figure\"><img decoding=\"async\" srcset=\"https:\/\/dachzeltnomaden.com\/shop\/wp-content\/uploads\/2024\/07\/dachzeltnomaden_shop_dachzelt_kaufen_BIA.Outdoor-Gerald_Alu_Dachzelt_600x600.webp ,https:\/\/dachzeltnomaden.com\/shop\/wp-content\/uploads\/2024\/07\/dachzeltnomaden_shop_dachzelt_kaufen_BIA.Outdoor-Gerald_Alu_Dachzelt_600x600.webp 780w, https:\/\/dachzeltnomaden.com\/shop\/wp-content\/uploads\/2024\/07\/dachzeltnomaden_shop_dachzelt_kaufen_BIA.Outdoor-Gerald_Alu_Dachzelt_600x600.webp 360w\" sizes=\"auto, (max-width: 480px) 150px\" src=\"https:\/\/dachzeltnomaden.com\/shop\/wp-content\/uploads\/2024\/07\/dachzeltnomaden_shop_dachzelt_kaufen_BIA.Outdoor-Gerald_Alu_Dachzelt_600x600.webp\" alt=\"dachzeltnomaden shop dachzelt kaufen BIA Outdoor Alu Hartschale Gerald\" class=\"uag-image-130173\" width=\"1024\" height=\"250\" title=\"dachzeltnomaden_shop_dachzelt_kaufen_BIA.Outdoor-Gerald_Alu_Dachzelt_600x600\" loading=\"lazy\" role=\"img\"\/><\/figure><\/div>\n\n\n\n<p class=\"has-ast-global-color-2-color has-text-color has-link-color wp-elements-c7531c73b0b1bc181b19030936fed4e1\">1 Person Dachzelt, Alu-Hartschale, flach, f\u00fcr Fahrzeuge ab 75 kg Dachlast<\/p>\n\n\n\n<hr class=\"wp-block-separator has-text-color has-ast-global-color-2-color has-alpha-channel-opacity has-ast-global-color-2-background-color has-background\"\/>\n\n\n\n<ul style=\"font-size:15px\" class=\"wp-block-list has-ast-global-color-2-color has-text-color has-link-color wp-elements-cccd38a2fcc2ccdbb713257dbd782c8e\">\n<li>Ma\u00dfe geschlossen: 210 x 8130x 17 cm\/ 19 cm inkl. Montageschienen<\/li>\n\n\n\n<li>Ma\u00dfe ge\u00f6ffnet: 205 x 125 x 130 cm<\/li>\n\n\n\n<li>Ma\u00dfe Matratze: 205 x 125 cm<\/li>\n\n\n\n<li>Gewicht: 70 kg<\/li>\n<\/ul>\n<\/div>\n\n\n\n<div class=\"wp-block-uagb-buttons uagb-buttons__outer-wrap uagb-btn__default-btn uagb-btn-tablet__default-btn uagb-btn-mobile__default-btn uagb-block-c48bea8a\"><div class=\"uagb-buttons__wrap uagb-buttons-layout-wrap \">\n<div class=\"wp-block-uagb-buttons-child uagb-buttons__outer-wrap uagb-block-560a85a0 wp-block-button\"><div class=\"uagb-button__wrapper\"><a class=\"uagb-buttons-repeater wp-block-button__link\" aria-label=\"\" href=\"#\" rel=\"follow noopener\" target=\"_self\" role=\"button\"><div class=\"uagb-button__link\">Zum BIA Outdoor Gerald<\/div><\/a><\/div><\/div>\n<\/div><\/div>\n<a class=\"spectra-container-link-overlay\" rel=\"noopener\" target=\"_blank\" href=\"https:\/\/bia-outdoor.com\/products\/hartschalendachzelte-gerald?ref=dachzeltnomaden&amp;sub_id=shop_biaoutdoor_gerald_bb_1\"> <\/a><\/div>\n\n\n\n<div class=\"wp-block-uagb-container uagb-block-751e462b\">\n<div class=\"wp-block-group is-layout-constrained wp-container-core-group-is-layout-bdcbbb17 wp-block-group-is-layout-constrained\">\n<div class=\"wp-block-uagb-advanced-heading uagb-block-a9630844\"><h2 class=\"uagb-heading-text\">Robert<\/h2><div class=\"uagb-separator\"><\/div><p class=\"uagb-desc-text\"><strong>2.999 \u20ac<\/strong><\/p><\/div>\n\n\n\n<div class=\"wp-block-uagb-image uagb-block-f3e48046 wp-block-uagb-image--layout-default wp-block-uagb-image--effect-static wp-block-uagb-image--align-none\"><figure class=\"wp-block-uagb-image__figure\"><img decoding=\"async\" srcset=\"https:\/\/dachzeltnomaden.com\/shop\/wp-content\/uploads\/2024\/07\/dachzeltnomaden-bia-outdoor-dachzelte-hartschalendachzelt-robert-384705.webp ,https:\/\/dachzeltnomaden.com\/shop\/wp-content\/uploads\/2024\/07\/dachzeltnomaden-bia-outdoor-dachzelte-hartschalendachzelt-robert-384705.webp 780w, https:\/\/dachzeltnomaden.com\/shop\/wp-content\/uploads\/2024\/07\/dachzeltnomaden-bia-outdoor-dachzelte-hartschalendachzelt-robert-384705.webp 360w\" sizes=\"auto, (max-width: 480px) 150px\" src=\"https:\/\/dachzeltnomaden.com\/shop\/wp-content\/uploads\/2024\/07\/dachzeltnomaden-bia-outdoor-dachzelte-hartschalendachzelt-robert-384705.webp\" alt=\"bia outdoor alu dachzelt robert kaufen produktbild\" class=\"uag-image-131274\" width=\"1024\" height=\"250\" title=\"dachzeltnomaden-bia-outdoor-dachzelte-hartschalendachzelt-robert-384705\" loading=\"lazy\" role=\"img\"\/><\/figure><\/div>\n\n\n\n<p class=\"has-ast-global-color-2-color has-text-color has-link-color wp-elements-ccb1191329e9f601d4e71a0eaf98cc45\">1 Person Dachzelt, Alu-Hartschale, flach, f\u00fcr Fahrzeuge ab 77 kg Dachlast<\/p>\n\n\n\n<hr class=\"wp-block-separator has-text-color has-ast-global-color-2-color has-alpha-channel-opacity has-ast-global-color-2-background-color has-background\"\/>\n\n\n\n<ul style=\"font-size:15px\" class=\"wp-block-list has-ast-global-color-2-color has-text-color has-link-color wp-elements-3d006fb5f3cf51189592c8f8fab93208\">\n<li>Ma\u00dfe geschlossen: 210 x 130 x 17 cm\/ 19 cm inkl. Montageschienen<\/li>\n\n\n\n<li>Ma\u00dfe ge\u00f6ffnet: 205 x 125 x 80 cm<\/li>\n\n\n\n<li>Ma\u00dfe Matratze: 205 x 125 cm<\/li>\n\n\n\n<li>Gewicht: 72 kg<\/li>\n<\/ul>\n<\/div>\n\n\n\n<div class=\"wp-block-uagb-buttons uagb-buttons__outer-wrap uagb-btn__default-btn uagb-btn-tablet__default-btn uagb-btn-mobile__default-btn uagb-block-e9253de5\"><div class=\"uagb-buttons__wrap uagb-buttons-layout-wrap \">\n<div class=\"wp-block-uagb-buttons-child uagb-buttons__outer-wrap uagb-block-7fedee46 wp-block-button\"><div class=\"uagb-button__wrapper\"><a class=\"uagb-buttons-repeater wp-block-button__link\" aria-label=\"\" href=\"#\" rel=\"follow noopener\" target=\"_self\" role=\"button\"><div class=\"uagb-button__link\">Zum BIA Outdoor Robert<\/div><\/a><\/div><\/div>\n<\/div><\/div>\n<a class=\"spectra-container-link-overlay\" rel=\"noopener\" target=\"_blank\" href=\"https:\/\/bia-outdoor.com\/products\/hartschalendachzelt-robert?ref=dachzeltnomaden&amp;sub_id=shop_biaoutdoor_robert_bb_1\"> <\/a><\/div>\n\n\n\n<div class=\"wp-block-uagb-container uag-hide-mob uagb-block-626bd2ce\"><a class=\"spectra-container-link-overlay\" rel=\"noopener\" href=\"https:\/\/dachzeltnomaden.com\/nb-flI-XL\"> <\/a><\/div>\n<\/div>\n\n\n\n<div class=\"wp-block-uagb-buttons uagb-buttons__outer-wrap uagb-btn__default-btn uagb-btn-tablet__default-btn uagb-btn-mobile__default-btn uagb-block-858a8c1b\"><div class=\"uagb-buttons__wrap uagb-buttons-layout-wrap \">\n<div class=\"wp-block-uagb-buttons-child uagb-buttons__outer-wrap uagb-block-2b389987 wp-block-button\"><div class=\"uagb-button__wrapper\"><a class=\"uagb-buttons-repeater wp-block-button__link\" aria-label=\"\" href=\"https:\/\/bia-outdoor.com\/collections\/dachzelte-zubehor?ref=dachzeltnomaden\" rel=\"follow noopener\" target=\"_blank\" role=\"button\"><div class=\"uagb-button__link\">Hier gehts zu den Dachzelten von BIA Outdoor<\/div><\/a><\/div><\/div>\n<\/div><\/div>\n\n\n\n<p><\/p>\n","protected":false},"excerpt":{"rendered":"<p>WERBUNG Du suchst ein BIA Outdoor Dachzelt? Dann bist du hier genau richtig! BIA Outdoor Dachzelte gibt es in folgenden [&hellip;]<\/p>\n","protected":false},"featured_media":130172,"template":"","meta":{"_uag_custom_page_level_css":"","site-sidebar-layout":"default","site-content-layout":"","ast-site-content-layout":"default","site-content-style":"default","site-sidebar-style":"default","ast-global-header-display":"","ast-banner-title-visibility":"","ast-main-header-display":"","ast-hfb-above-header-display":"","ast-hfb-below-header-display":"","ast-hfb-mobile-header-display":"","site-post-title":"","ast-breadcrumbs-content":"","ast-featured-img":"","footer-sml-layout":"","ast-disable-related-posts":"","theme-transparent-header-meta":"default","adv-header-id-meta":"","stick-header-meta":"default","header-above-stick-meta":"","header-main-stick-meta":"","header-below-stick-meta":"","astra-migrate-meta-layouts":"set","ast-page-background-enabled":"default","ast-page-background-meta":{"desktop":{"background-color":"var(--ast-global-color-4)","background-image":"","background-repeat":"repeat","background-position":"center center","background-size":"auto","background-attachment":"scroll","background-type":"","background-media":"","overlay-type":"","overlay-color":"","overlay-opacity":"","overlay-gradient":""},"tablet":{"background-color":"","background-image":"","background-repeat":"repeat","background-position":"center center","background-size":"auto","background-attachment":"scroll","background-type":"","background-media":"","overlay-type":"","overlay-color":"","overlay-opacity":"","overlay-gradient":""},"mobile":{"background-color":"","background-image":"","background-repeat":"repeat","background-position":"center center","background-size":"auto","background-attachment":"scroll","background-type":"","background-media":"","overlay-type":"","overlay-color":"","overlay-opacity":"","overlay-gradient":""}},"ast-content-background-meta":{"desktop":{"background-color":"var(--ast-global-color-5)","background-image":"","background-repeat":"repeat","background-position":"center center","background-size":"auto","background-attachment":"scroll","background-type":"","background-media":"","overlay-type":"","overlay-color":"","overlay-opacity":"","overlay-gradient":""},"tablet":{"background-color":"var(--ast-global-color-5)","background-image":"","background-repeat":"repeat","background-position":"center center","background-size":"auto","background-attachment":"scroll","background-type":"","background-media":"","overlay-type":"","overlay-color":"","overlay-opacity":"","overlay-gradient":""},"mobile":{"background-color":"var(--ast-global-color-5)","background-image":"","background-repeat":"repeat","background-position":"center center","background-size":"auto","background-attachment":"scroll","background-type":"","background-media":"","overlay-type":"","overlay-color":"","overlay-opacity":"","overlay-gradient":""}},"_themeisle_gutenberg_block_has_review":false},"product_brand":[],"product_cat":[108],"product_tag":[112,133],"class_list":{"0":"post-128696","1":"product","2":"type-product","3":"status-publish","4":"has-post-thumbnail","6":"product_cat-dachzelte","7":"product_tag-hartschalendachzelt","8":"product_tag-aluminium-hartschalendachzelt","9":"desktop-align-left","10":"tablet-align-left","11":"mobile-align-left","12":"ast-product-gallery-layout-vertical-slider","13":"ast-product-tabs-layout-horizontal","15":"first","16":"instock","17":"purchasable","18":"product-type-external"},"exclude_global_add_ons":[],"addons":[],"uagb_featured_image_src":{"full":["https:\/\/dachzeltnomaden.com\/shop\/wp-content\/uploads\/2024\/07\/dachzeltnomaden_shop_dachzelt_kaufen_BIA-Outdoor_1024_5.webp",1024,767,false],"thumbnail":["https:\/\/dachzeltnomaden.com\/shop\/wp-content\/uploads\/2024\/07\/dachzeltnomaden_shop_dachzelt_kaufen_BIA-Outdoor_1024_5.webp",600,449,false],"medium":["https:\/\/dachzeltnomaden.com\/shop\/wp-content\/uploads\/2024\/07\/dachzeltnomaden_shop_dachzelt_kaufen_BIA-Outdoor_1024_5-300x225.webp",300,225,true],"medium_large":["https:\/\/dachzeltnomaden.com\/shop\/wp-content\/uploads\/2024\/07\/dachzeltnomaden_shop_dachzelt_kaufen_BIA-Outdoor_1024_5-768x575.webp",768,575,true],"large":["https:\/\/dachzeltnomaden.com\/shop\/wp-content\/uploads\/2024\/07\/dachzeltnomaden_shop_dachzelt_kaufen_BIA-Outdoor_1024_5.webp",684,512,false],"1536x1536":["https:\/\/dachzeltnomaden.com\/shop\/wp-content\/uploads\/2024\/07\/dachzeltnomaden_shop_dachzelt_kaufen_BIA-Outdoor_1024_5.webp",1024,767,false],"2048x2048":["https:\/\/dachzeltnomaden.com\/shop\/wp-content\/uploads\/2024\/07\/dachzeltnomaden_shop_dachzelt_kaufen_BIA-Outdoor_1024_5.webp",1024,767,false],"woocommerce_thumbnail":["https:\/\/dachzeltnomaden.com\/shop\/wp-content\/uploads\/2024\/07\/dachzeltnomaden_shop_dachzelt_kaufen_BIA-Outdoor_1024_5-600x600.webp",600,600,true],"woocommerce_single":["https:\/\/dachzeltnomaden.com\/shop\/wp-content\/uploads\/2024\/07\/dachzeltnomaden_shop_dachzelt_kaufen_BIA-Outdoor_1024_5.webp",1024,767,false],"woocommerce_gallery_thumbnail":["https:\/\/dachzeltnomaden.com\/shop\/wp-content\/uploads\/2024\/07\/dachzeltnomaden_shop_dachzelt_kaufen_BIA-Outdoor_1024_5-100x100.webp",100,100,true]},"uagb_author_info":{"display_name":"Jasmine","author_link":"https:\/\/dachzeltnomaden.com\/shop\/author\/"},"uagb_comment_info":0,"uagb_excerpt":"WERBUNG Du suchst ein BIA Outdoor Dachzelt? Dann bist du hier genau richtig! BIA Outdoor Dachzelte gibt es in folgenden [&hellip;]","_links":{"self":[{"href":"https:\/\/dachzeltnomaden.com\/shop\/wp-json\/wp\/v2\/product\/128696","targetHints":{"allow":["GET"]}}],"collection":[{"href":"https:\/\/dachzeltnomaden.com\/shop\/wp-json\/wp\/v2\/product"}],"about":[{"href":"https:\/\/dachzeltnomaden.com\/shop\/wp-json\/wp\/v2\/types\/product"}],"wp:featuredmedia":[{"embeddable":true,"href":"https:\/\/dachzeltnomaden.com\/shop\/wp-json\/wp\/v2\/media\/130172"}],"wp:attachment":[{"href":"https:\/\/dachzeltnomaden.com\/shop\/wp-json\/wp\/v2\/media?parent=128696"}],"wp:term":[{"taxonomy":"product_brand","embeddable":true,"href":"https:\/\/dachzeltnomaden.com\/shop\/wp-json\/wp\/v2\/product_brand?post=128696"},{"taxonomy":"product_cat","embeddable":true,"href":"https:\/\/dachzeltnomaden.com\/shop\/wp-json\/wp\/v2\/product_cat?post=128696"},{"taxonomy":"product_tag","embeddable":true,"href":"https:\/\/dachzeltnomaden.com\/shop\/wp-json\/wp\/v2\/product_tag?post=128696"}],"curies":[{"name":"wp","href":"https:\/\/api.w.org\/{rel}","templated":true}]}}