{"id":128677,"date":"2024-07-11T11:29:04","date_gmt":"2024-07-11T09:29:04","guid":{"rendered":"https:\/\/dachzeltnomaden.com\/shop\/?post_type=product&#038;p=128677"},"modified":"2025-10-17T10:17:15","modified_gmt":"2025-10-17T08:17:15","slug":"layzee-spuelschuessel","status":"publish","type":"product","link":"https:\/\/dachzeltnomaden.com\/shop\/produkt\/layzee-spuelschuessel\/","title":{"rendered":"LAYZEE Sp\u00fclsch\u00fcssel"},"content":{"rendered":"\n<div class=\"wp-block-uagb-container uagb-block-be52fc24 alignwide uagb-is-root-container\">\n<div class=\"wp-block-uagb-advanced-heading uagb-block-233add0f\"><h6 class=\"uagb-heading-text\">WERBUNG<\/h6><\/div>\n\n\n\n<p class=\"has-ast-global-color-5-color has-ast-global-color-2-background-color has-text-color has-background has-link-color wp-elements-0cd9a7742ead582f0d099a56ade15454\">Du suchst noch nach einer  praktischen Sp\u00fclsch\u00fcssel f\u00fcr unterwegs? Wie w\u00e4re es mit der LAYZEE Sp\u00fclsch\u00fcssel!<br><br>*Die Links sind Affiliate Links. Wenn du dich f\u00fcr den Kauf einer  LAYZEE Sp\u00fclsch\u00fcssel entscheidest, erhalten die Dachzeltnomaden eine Provision. Damit unterst\u00fctzt du uns &amp; unsere Arbeit. F\u00fcr dich kostet die  LAYZEE Sp\u00fclsch\u00fcssel deshalb nicht mehr.<\/p>\n\n\n\n<div class=\"wp-block-uagb-advanced-heading uagb-block-b21af034\"><p class=\"uagb-desc-text\">Keine Sp\u00fclm\u00f6glichkeit in der N\u00e4he?<\/p><h2 class=\"uagb-heading-text\"><strong>Kein Problem mit der LAYZEE Sp\u00fclsch\u00fcssel!<\/strong><\/h2><div class=\"uagb-separator\"><\/div><\/div>\n\n\n\n<p>Faltbare Sp\u00fclsch\u00fcssel f\u00fcr die&nbsp;<a href=\"https:\/\/dachzeltnomaden.com\/shop\/produkt\/layzee-box\/\" data-type=\"product\" data-id=\"1552\">LAYZEE Box<\/a><br><br>Die faltbare Sp\u00fclsch\u00fcssel ist ein praktisches Zubeh\u00f6r f\u00fcr Deine LAYZEE Campingk\u00fcche. Zusammengefaltet l\u00e4sst sie sich platzsparend in Deiner Box verstauen. Wenn Du Geschirr etc. absp\u00fclen m\u00f6chtest, dann brauchst Du das Waschbecken nur auseinanderfalten und sie passgenau in das obere Fach stellen. Alternativ l\u00e4sst sie sich auf auf dem Deckeltisch nutzen.<br><br>Die Sp\u00fclsch\u00fcssel fasst 12 Liter und ist sehr kompakt faltbar. Durch eingen\u00e4hte Schlaufen l\u00e4sst sich sich einfach tragen, um sie z.B. zu entleeren. Das Material besteht aus PVC beschichtetem Polyester. Die schnelle und einfach L\u00f6sung um zwischendurch Kleinigkeiten abzuwaschen.<\/p>\n<\/div>\n\n\n\n<div class=\"wp-block-uagb-container uagb-block-ae00b476 alignwide uagb-is-root-container\">\n<div class=\"wp-block-uagb-container uagb-block-3d544ad6\"><style type=\"text\/css\">.otter-masonry .blocks-gallery-grid .blocks-gallery-item img{ width:100% }<\/style><div class=\"otter-masonry\" data-margin=\"10\">\n<figure class=\"wp-block-gallery has-nested-images columns-2 is-cropped wp-block-gallery-1 is-layout-flex wp-block-gallery-is-layout-flex\">\n<figure class=\"wp-block-image size-full\"><img decoding=\"async\" width=\"983\" height=\"229\" data-id=\"129156\" src=\"https:\/\/dachzeltnomaden.com\/shop\/wp-content\/uploads\/2024\/07\/logo_layzee.png\" alt=\"Dachzeltnomaden Shop Dachzelt Zubeh\u00f6r kaufen LAYZEE Logo\" class=\"wp-image-129156\" srcset=\"https:\/\/dachzeltnomaden.com\/shop\/wp-content\/uploads\/2024\/07\/logo_layzee.png 983w, https:\/\/dachzeltnomaden.com\/shop\/wp-content\/uploads\/2024\/07\/logo_layzee-300x70.png 300w, https:\/\/dachzeltnomaden.com\/shop\/wp-content\/uploads\/2024\/07\/logo_layzee-768x179.png 768w, https:\/\/dachzeltnomaden.com\/shop\/wp-content\/uploads\/2024\/07\/logo_layzee-600x140.png 600w\" sizes=\"(max-width: 983px) 100vw, 983px\" \/><\/figure>\n\n\n\n<figure class=\"wp-block-image size-full has-custom-border\"><img decoding=\"async\" width=\"1024\" height=\"1024\" data-id=\"128680\" src=\"https:\/\/dachzeltnomaden.com\/shop\/wp-content\/uploads\/2024\/07\/Dachzeltnomaden-Shop-Layzee-Faltschuessel-Camping-1.webp\" alt=\"Dachzeltnomaden Shop Zubehoer Kochen LAYZEE Spuelschuessel kaufen\" class=\"wp-image-128680\" style=\"border-radius:10px\" srcset=\"https:\/\/dachzeltnomaden.com\/shop\/wp-content\/uploads\/2024\/07\/Dachzeltnomaden-Shop-Layzee-Faltschuessel-Camping-1.webp 1024w, https:\/\/dachzeltnomaden.com\/shop\/wp-content\/uploads\/2024\/07\/Dachzeltnomaden-Shop-Layzee-Faltschuessel-Camping-1-600x600.webp 600w, https:\/\/dachzeltnomaden.com\/shop\/wp-content\/uploads\/2024\/07\/Dachzeltnomaden-Shop-Layzee-Faltschuessel-Camping-1-100x100.webp 100w, https:\/\/dachzeltnomaden.com\/shop\/wp-content\/uploads\/2024\/07\/Dachzeltnomaden-Shop-Layzee-Faltschuessel-Camping-1-300x300.webp 300w, https:\/\/dachzeltnomaden.com\/shop\/wp-content\/uploads\/2024\/07\/Dachzeltnomaden-Shop-Layzee-Faltschuessel-Camping-1-150x150.webp 150w, https:\/\/dachzeltnomaden.com\/shop\/wp-content\/uploads\/2024\/07\/Dachzeltnomaden-Shop-Layzee-Faltschuessel-Camping-1-768x768.webp 768w\" sizes=\"(max-width: 1024px) 100vw, 1024px\" \/><\/figure>\n\n\n\n<figure class=\"wp-block-image size-full has-custom-border\"><img decoding=\"async\" width=\"1024\" height=\"1024\" data-id=\"128679\" src=\"https:\/\/dachzeltnomaden.com\/shop\/wp-content\/uploads\/2024\/07\/Dachzeltnomaden-Shop-Faltbares-Waschbecken-12L-LAYZEE.webp\" alt=\"Dachzeltnomaden Shop Zubehoer Kochen LAYZEE Spuelschuessel kaufen\" class=\"wp-image-128679\" style=\"border-radius:10px\" srcset=\"https:\/\/dachzeltnomaden.com\/shop\/wp-content\/uploads\/2024\/07\/Dachzeltnomaden-Shop-Faltbares-Waschbecken-12L-LAYZEE.webp 1024w, https:\/\/dachzeltnomaden.com\/shop\/wp-content\/uploads\/2024\/07\/Dachzeltnomaden-Shop-Faltbares-Waschbecken-12L-LAYZEE-600x600.webp 600w, https:\/\/dachzeltnomaden.com\/shop\/wp-content\/uploads\/2024\/07\/Dachzeltnomaden-Shop-Faltbares-Waschbecken-12L-LAYZEE-100x100.webp 100w, https:\/\/dachzeltnomaden.com\/shop\/wp-content\/uploads\/2024\/07\/Dachzeltnomaden-Shop-Faltbares-Waschbecken-12L-LAYZEE-300x300.webp 300w, https:\/\/dachzeltnomaden.com\/shop\/wp-content\/uploads\/2024\/07\/Dachzeltnomaden-Shop-Faltbares-Waschbecken-12L-LAYZEE-150x150.webp 150w, https:\/\/dachzeltnomaden.com\/shop\/wp-content\/uploads\/2024\/07\/Dachzeltnomaden-Shop-Faltbares-Waschbecken-12L-LAYZEE-768x768.webp 768w\" sizes=\"(max-width: 1024px) 100vw, 1024px\" \/><\/figure>\n\n\n\n<figure class=\"wp-block-image size-full has-custom-border\"><img decoding=\"async\" width=\"1024\" height=\"1024\" data-id=\"128678\" src=\"https:\/\/dachzeltnomaden.com\/shop\/wp-content\/uploads\/2024\/07\/Dachzeltnomaden-Shop-Faltbare-Spuelschuessel-12L-LAYZEE.webp\" alt=\"Dachzeltnomaden Shop Zubehoer Kochen LAYZEE Spuelschuessel kaufen\" class=\"wp-image-128678\" style=\"border-radius:10px\" srcset=\"https:\/\/dachzeltnomaden.com\/shop\/wp-content\/uploads\/2024\/07\/Dachzeltnomaden-Shop-Faltbare-Spuelschuessel-12L-LAYZEE.webp 1024w, https:\/\/dachzeltnomaden.com\/shop\/wp-content\/uploads\/2024\/07\/Dachzeltnomaden-Shop-Faltbare-Spuelschuessel-12L-LAYZEE-600x600.webp 600w, https:\/\/dachzeltnomaden.com\/shop\/wp-content\/uploads\/2024\/07\/Dachzeltnomaden-Shop-Faltbare-Spuelschuessel-12L-LAYZEE-100x100.webp 100w, https:\/\/dachzeltnomaden.com\/shop\/wp-content\/uploads\/2024\/07\/Dachzeltnomaden-Shop-Faltbare-Spuelschuessel-12L-LAYZEE-300x300.webp 300w, https:\/\/dachzeltnomaden.com\/shop\/wp-content\/uploads\/2024\/07\/Dachzeltnomaden-Shop-Faltbare-Spuelschuessel-12L-LAYZEE-150x150.webp 150w, https:\/\/dachzeltnomaden.com\/shop\/wp-content\/uploads\/2024\/07\/Dachzeltnomaden-Shop-Faltbare-Spuelschuessel-12L-LAYZEE-768x768.webp 768w\" sizes=\"(max-width: 1024px) 100vw, 1024px\" \/><\/figure>\n<\/figure>\n<\/div><\/div>\n\n\n\n<div class=\"wp-block-uagb-container uagb-block-76ea1ad4\">\n<h3 class=\"wp-block-heading\">Deine Vorteile<\/h3>\n\n\n\n<ul id=\"wd-6634b4dc24376\" class=\"wp-block-list\">\n<li>passend f\u00fcr die LAYZEE Box<\/li>\n\n\n\n<li>Platzsparend und flexibel einsetzbar<\/li>\n\n\n\n<li>F\u00fcr den kleinen Abwasch zwischendurch<\/li>\n<\/ul>\n\n\n\n<div class=\"wp-block-buttons is-layout-flex wp-block-buttons-is-layout-flex\">\n<div class=\"wp-block-button\"><a class=\"wp-block-button__link wp-element-button\" href=\"https:\/\/t.adcell.com\/click.php?bid=266054-92838&amp;param0=https%3A%2F%2Flayzee.com%2Fzubehoer%2Fwaschbecken%2F\" target=\"_blank\" rel=\"noreferrer noopener\">Zur LAYZEE Sp\u00fclsch\u00fcssel<\/a><\/div>\n<\/div>\n<\/div>\n<\/div>\n","protected":false},"excerpt":{"rendered":"<p class=\"block-editor-rich-text__editable uagb-desc-text rich-text\" style=\"orphans: 2; widows: 2; --tw-border-spacing-x: 0; --tw-border-spacing-y: 0; --tw-translate-x: 0; --tw-translate-y: 0; --tw-rotate: 0; --tw-skew-x: 0; --tw-skew-y: 0; --tw-scale-x: 1; --tw-scale-y: 1; --tw-scroll-snap-strictness: proximity; --tw-ring-offset-width: 0px; --tw-ring-offset-color: #fff; --tw-ring-color: rgb(59 130 246 \/ 0.5); --tw-ring-offset-shadow: 0 0 #0000; --tw-ring-shadow: 0 0 #0000; --tw-shadow: 0 0 #0000; --tw-shadow-colored: 0 0 #0000; margin-bottom: 15px; box-sizing: border-box; line-height: 1.65em; word-break: break-word; font-style: normal; caret-color: #575757; text-wrap-mode: wrap; min-width: 1px; text-align: left;\" role=\"textbox\" aria-multiline=\"true\" aria-label=\"Write a Description\" aria-readonly=\"false\" data-wp-block-attribute-key=\"16\">Faltbare Sp\u00fclsch\u00fcssel f\u00fcr unterwegs<\/p>\n<p role=\"textbox\" aria-multiline=\"true\" aria-label=\"Write a Description\" aria-readonly=\"false\" data-wp-block-attribute-key=\"16\">\u00a0<\/p>\n<p role=\"textbox\" aria-multiline=\"true\" aria-label=\"Write a Description\" aria-readonly=\"false\" data-wp-block-attribute-key=\"16\"><a class=\"button\" style=\"font-size: 16px; font-style: normal; transition-delay: 0s;\" href=\"https:\/\/t.adcell.com\/click.php?bid=266054-92838&#038;param0=https%3A%2F%2Flayzee.com%2Fzubehoer%2Fwaschbecken%2F\" target=\"_blank\" rel=\"noopener\">Hier gehts zur LAYZEE Sp\u00fclsch\u00fcssel<\/a><\/p>\n","protected":false},"featured_media":128678,"template":"","meta":{"_uag_custom_page_level_css":"","site-sidebar-layout":"default","site-content-layout":"","ast-site-content-layout":"default","site-content-style":"default","site-sidebar-style":"default","ast-global-header-display":"","ast-banner-title-visibility":"","ast-main-header-display":"","ast-hfb-above-header-display":"","ast-hfb-below-header-display":"","ast-hfb-mobile-header-display":"","site-post-title":"","ast-breadcrumbs-content":"","ast-featured-img":"","footer-sml-layout":"","ast-disable-related-posts":"","theme-transparent-header-meta":"","adv-header-id-meta":"","stick-header-meta":"","header-above-stick-meta":"","header-main-stick-meta":"","header-below-stick-meta":"","astra-migrate-meta-layouts":"default","ast-page-background-enabled":"default","ast-page-background-meta":{"desktop":{"background-color":"var(--ast-global-color-4)","background-image":"","background-repeat":"repeat","background-position":"center center","background-size":"auto","background-attachment":"scroll","background-type":"","background-media":"","overlay-type":"","overlay-color":"","overlay-opacity":"","overlay-gradient":""},"tablet":{"background-color":"","background-image":"","background-repeat":"repeat","background-position":"center center","background-size":"auto","background-attachment":"scroll","background-type":"","background-media":"","overlay-type":"","overlay-color":"","overlay-opacity":"","overlay-gradient":""},"mobile":{"background-color":"","background-image":"","background-repeat":"repeat","background-position":"center center","background-size":"auto","background-attachment":"scroll","background-type":"","background-media":"","overlay-type":"","overlay-color":"","overlay-opacity":"","overlay-gradient":""}},"ast-content-background-meta":{"desktop":{"background-color":"var(--ast-global-color-5)","background-image":"","background-repeat":"repeat","background-position":"center center","background-size":"auto","background-attachment":"scroll","background-type":"","background-media":"","overlay-type":"","overlay-color":"","overlay-opacity":"","overlay-gradient":""},"tablet":{"background-color":"var(--ast-global-color-5)","background-image":"","background-repeat":"repeat","background-position":"center center","background-size":"auto","background-attachment":"scroll","background-type":"","background-media":"","overlay-type":"","overlay-color":"","overlay-opacity":"","overlay-gradient":""},"mobile":{"background-color":"var(--ast-global-color-5)","background-image":"","background-repeat":"repeat","background-position":"center center","background-size":"auto","background-attachment":"scroll","background-type":"","background-media":"","overlay-type":"","overlay-color":"","overlay-opacity":"","overlay-gradient":""}},"_themeisle_gutenberg_block_has_review":false},"product_brand":[],"product_cat":[101,342],"product_tag":[],"class_list":{"0":"post-128677","1":"product","2":"type-product","3":"status-publish","4":"has-post-thumbnail","6":"product_cat-zubehoer","7":"product_cat-kochen","8":"desktop-align-left","9":"tablet-align-left","10":"mobile-align-left","11":"ast-product-gallery-layout-vertical-slider","12":"ast-product-tabs-layout-horizontal","14":"first","15":"instock","16":"purchasable","17":"product-type-external"},"exclude_global_add_ons":[],"addons":[],"uagb_featured_image_src":{"full":["https:\/\/dachzeltnomaden.com\/shop\/wp-content\/uploads\/2024\/07\/Dachzeltnomaden-Shop-Faltbare-Spuelschuessel-12L-LAYZEE.webp",1024,1024,false],"thumbnail":["https:\/\/dachzeltnomaden.com\/shop\/wp-content\/uploads\/2024\/07\/Dachzeltnomaden-Shop-Faltbare-Spuelschuessel-12L-LAYZEE-150x150.webp",150,150,true],"medium":["https:\/\/dachzeltnomaden.com\/shop\/wp-content\/uploads\/2024\/07\/Dachzeltnomaden-Shop-Faltbare-Spuelschuessel-12L-LAYZEE-300x300.webp",300,300,true],"medium_large":["https:\/\/dachzeltnomaden.com\/shop\/wp-content\/uploads\/2024\/07\/Dachzeltnomaden-Shop-Faltbare-Spuelschuessel-12L-LAYZEE-768x768.webp",768,768,true],"large":["https:\/\/dachzeltnomaden.com\/shop\/wp-content\/uploads\/2024\/07\/Dachzeltnomaden-Shop-Faltbare-Spuelschuessel-12L-LAYZEE.webp",512,512,false],"1536x1536":["https:\/\/dachzeltnomaden.com\/shop\/wp-content\/uploads\/2024\/07\/Dachzeltnomaden-Shop-Faltbare-Spuelschuessel-12L-LAYZEE.webp",1024,1024,false],"2048x2048":["https:\/\/dachzeltnomaden.com\/shop\/wp-content\/uploads\/2024\/07\/Dachzeltnomaden-Shop-Faltbare-Spuelschuessel-12L-LAYZEE.webp",1024,1024,false],"woocommerce_thumbnail":["https:\/\/dachzeltnomaden.com\/shop\/wp-content\/uploads\/2024\/07\/Dachzeltnomaden-Shop-Faltbare-Spuelschuessel-12L-LAYZEE-600x600.webp",600,600,true],"woocommerce_single":["https:\/\/dachzeltnomaden.com\/shop\/wp-content\/uploads\/2024\/07\/Dachzeltnomaden-Shop-Faltbare-Spuelschuessel-12L-LAYZEE.webp",1024,1024,false],"woocommerce_gallery_thumbnail":["https:\/\/dachzeltnomaden.com\/shop\/wp-content\/uploads\/2024\/07\/Dachzeltnomaden-Shop-Faltbare-Spuelschuessel-12L-LAYZEE-100x100.webp",100,100,true]},"uagb_author_info":{"display_name":"admin","author_link":"https:\/\/dachzeltnomaden.com\/shop\/author\/"},"uagb_comment_info":0,"uagb_excerpt":"Faltbare Sp\u00fclsch\u00fcssel f\u00fcr unterwegs \u00a0 Hier gehts zur LAYZEE Sp\u00fclsch\u00fcssel","_links":{"self":[{"href":"https:\/\/dachzeltnomaden.com\/shop\/wp-json\/wp\/v2\/product\/128677","targetHints":{"allow":["GET"]}}],"collection":[{"href":"https:\/\/dachzeltnomaden.com\/shop\/wp-json\/wp\/v2\/product"}],"about":[{"href":"https:\/\/dachzeltnomaden.com\/shop\/wp-json\/wp\/v2\/types\/product"}],"wp:featuredmedia":[{"embeddable":true,"href":"https:\/\/dachzeltnomaden.com\/shop\/wp-json\/wp\/v2\/media\/128678"}],"wp:attachment":[{"href":"https:\/\/dachzeltnomaden.com\/shop\/wp-json\/wp\/v2\/media?parent=128677"}],"wp:term":[{"taxonomy":"product_brand","embeddable":true,"href":"https:\/\/dachzeltnomaden.com\/shop\/wp-json\/wp\/v2\/product_brand?post=128677"},{"taxonomy":"product_cat","embeddable":true,"href":"https:\/\/dachzeltnomaden.com\/shop\/wp-json\/wp\/v2\/product_cat?post=128677"},{"taxonomy":"product_tag","embeddable":true,"href":"https:\/\/dachzeltnomaden.com\/shop\/wp-json\/wp\/v2\/product_tag?post=128677"}],"curies":[{"name":"wp","href":"https:\/\/api.w.org\/{rel}","templated":true}]}}