{"id":128666,"date":"2024-07-11T10:48:40","date_gmt":"2024-07-11T08:48:40","guid":{"rendered":"https:\/\/dachzeltnomaden.com\/shop\/?post_type=product&#038;p=128666"},"modified":"2025-10-17T10:17:15","modified_gmt":"2025-10-17T08:17:15","slug":"layzee-bag","status":"publish","type":"product","link":"https:\/\/dachzeltnomaden.com\/shop\/produkt\/layzee-bag\/","title":{"rendered":"LAYZEE<br>LAYZEE Bag"},"content":{"rendered":"\n<div class=\"wp-block-uagb-container uagb-block-be52fc24 alignwide uagb-is-root-container\">\n<div class=\"wp-block-uagb-advanced-heading uagb-block-233add0f\"><h6 class=\"uagb-heading-text\">WERBUNG<\/h6><\/div>\n\n\n\n<p class=\"has-ast-global-color-5-color has-ast-global-color-2-background-color has-text-color has-background has-link-color wp-elements-72c519de2ce762aacc7dcfea62266dd3\">Du suchst noch nach einem praktischen Organizer f\u00fcr dein Fahrzeug? Wie w\u00e4re es mit dem LAYZEE Bag!<br><br>*Die Links sind Affiliate Links. Wenn du dich f\u00fcr den Kauf eines LAYZEE Bags entscheidest, erhalten die Dachzeltnomaden eine Provision. Damit unterst\u00fctzt du uns &amp; unsere Arbeit. F\u00fcr dich kostet der LAYZEE Bag deshalb nicht mehr.<\/p>\n\n\n\n<div class=\"wp-block-uagb-advanced-heading uagb-block-b21af034\"><p class=\"uagb-desc-text\">Ideal f\u00fcr den Fahrer- oder Beifahrersitz<\/p><h2 class=\"uagb-heading-text\">Packtasche f\u00fcr das Auto<\/h2><div class=\"uagb-separator\"><\/div><\/div>\n\n\n\n<p>Die<strong>\u00a0LAYZEE Bag<\/strong>\u00a0l\u00e4sst sich<strong>\u00a0leicht hinter dem Autositz<\/strong>\u00a0( Fahrersitz \/ Beifahrersitz ) befestigen.<br><br>Die Packtasche wird ganz\u00a0<strong>einfach mit Gurten<\/strong>\u00a0an den Kopfst\u00fctzen und am unteren Sitzbereich fixiert.<br><br>Ein Umherrutschen der Packtasche am Autositz wird dadurch verhindert. Die Tasche h\u00e4lt stabil kann gut beladen werden.\u00a0<strong>Es wird weder geklebt, noch gebohrt.<\/strong><br>In den\u00a0<strong>2 separaten F\u00e4chern<\/strong>\u00a0und insgesamt\u00a0<strong>ca. 25 Liter Stauvolumen<\/strong>\u00a0kann man eine ganze Menge verstauen und Ordnung in seinem Auto schaffen.<br><br>Ganz egal ob W\u00e4sche, B\u00fcrokram, Kinderspielzeug, Equipment f\u00fcr dein Hund oder alles andere was in Deinem Fahrzeug st\u00e4ndig hin und herfliegt verschwindet so dezent in der schicken\u00a0<strong>schwarzen Packtasche.\u00a0<\/strong><br><br><strong>Die Packtasche ist f\u00fcr\u00a0jedes\u00a0Alltagsauto, Minicamper oder Campervan geeignet.\u00a0<\/strong><\/p>\n<\/div>\n\n\n\n<div class=\"wp-block-uagb-container uagb-block-ae00b476 alignwide uagb-is-root-container\">\n<div class=\"wp-block-uagb-container uagb-block-3d544ad6\"><style type=\"text\/css\">.otter-masonry .blocks-gallery-grid .blocks-gallery-item img{ width:100% }<\/style><div class=\"otter-masonry\" data-margin=\"10\">\n<figure class=\"wp-block-gallery has-nested-images columns-2 is-cropped wp-block-gallery-1 is-layout-flex wp-block-gallery-is-layout-flex\">\n<figure class=\"wp-block-image size-full\"><img decoding=\"async\" width=\"1024\" height=\"1024\" data-id=\"128668\" src=\"https:\/\/dachzeltnomaden.com\/shop\/wp-content\/uploads\/2024\/07\/Dachzeltnomaden-Shop-autositz-tasche-schwarz-layzee-bag.webp\" alt=\"Dachzeltnomaden Shop Autositz Tasche Layzee Bag kaufen\" class=\"wp-image-128668\" srcset=\"https:\/\/dachzeltnomaden.com\/shop\/wp-content\/uploads\/2024\/07\/Dachzeltnomaden-Shop-autositz-tasche-schwarz-layzee-bag.webp 1024w, https:\/\/dachzeltnomaden.com\/shop\/wp-content\/uploads\/2024\/07\/Dachzeltnomaden-Shop-autositz-tasche-schwarz-layzee-bag-600x600.webp 600w, https:\/\/dachzeltnomaden.com\/shop\/wp-content\/uploads\/2024\/07\/Dachzeltnomaden-Shop-autositz-tasche-schwarz-layzee-bag-100x100.webp 100w, https:\/\/dachzeltnomaden.com\/shop\/wp-content\/uploads\/2024\/07\/Dachzeltnomaden-Shop-autositz-tasche-schwarz-layzee-bag-300x300.webp 300w, https:\/\/dachzeltnomaden.com\/shop\/wp-content\/uploads\/2024\/07\/Dachzeltnomaden-Shop-autositz-tasche-schwarz-layzee-bag-150x150.webp 150w, https:\/\/dachzeltnomaden.com\/shop\/wp-content\/uploads\/2024\/07\/Dachzeltnomaden-Shop-autositz-tasche-schwarz-layzee-bag-768x768.webp 768w\" sizes=\"(max-width: 1024px) 100vw, 1024px\" \/><\/figure>\n\n\n\n<figure class=\"wp-block-image size-full\"><img decoding=\"async\" width=\"1024\" height=\"1024\" data-id=\"128667\" src=\"https:\/\/dachzeltnomaden.com\/shop\/wp-content\/uploads\/2024\/07\/Dachzeltnomaden-Shop-LAYZEE-Bag-Packtasche-Autositz-Universal-Front.webp\" alt=\"Dachzeltnomaden Shop Autositz Tasche Layzee Bag kaufen\" class=\"wp-image-128667\" srcset=\"https:\/\/dachzeltnomaden.com\/shop\/wp-content\/uploads\/2024\/07\/Dachzeltnomaden-Shop-LAYZEE-Bag-Packtasche-Autositz-Universal-Front.webp 1024w, https:\/\/dachzeltnomaden.com\/shop\/wp-content\/uploads\/2024\/07\/Dachzeltnomaden-Shop-LAYZEE-Bag-Packtasche-Autositz-Universal-Front-600x600.webp 600w, https:\/\/dachzeltnomaden.com\/shop\/wp-content\/uploads\/2024\/07\/Dachzeltnomaden-Shop-LAYZEE-Bag-Packtasche-Autositz-Universal-Front-100x100.webp 100w, https:\/\/dachzeltnomaden.com\/shop\/wp-content\/uploads\/2024\/07\/Dachzeltnomaden-Shop-LAYZEE-Bag-Packtasche-Autositz-Universal-Front-300x300.webp 300w, https:\/\/dachzeltnomaden.com\/shop\/wp-content\/uploads\/2024\/07\/Dachzeltnomaden-Shop-LAYZEE-Bag-Packtasche-Autositz-Universal-Front-150x150.webp 150w, https:\/\/dachzeltnomaden.com\/shop\/wp-content\/uploads\/2024\/07\/Dachzeltnomaden-Shop-LAYZEE-Bag-Packtasche-Autositz-Universal-Front-768x768.webp 768w\" sizes=\"(max-width: 1024px) 100vw, 1024px\" \/><\/figure>\n\n\n\n<figure class=\"wp-block-image size-full\"><img decoding=\"async\" width=\"1024\" height=\"1024\" data-id=\"128671\" src=\"https:\/\/dachzeltnomaden.com\/shop\/wp-content\/uploads\/2024\/07\/Dachzeltnomaden-Shop-LAYZEE-Bag-Packtasche-Autositz-Universal-Seitenansicht.webp\" alt=\"Dachzeltnomaden Shop Autositz Tasche Layzee Bag kaufen\" class=\"wp-image-128671\" srcset=\"https:\/\/dachzeltnomaden.com\/shop\/wp-content\/uploads\/2024\/07\/Dachzeltnomaden-Shop-LAYZEE-Bag-Packtasche-Autositz-Universal-Seitenansicht.webp 1024w, https:\/\/dachzeltnomaden.com\/shop\/wp-content\/uploads\/2024\/07\/Dachzeltnomaden-Shop-LAYZEE-Bag-Packtasche-Autositz-Universal-Seitenansicht-600x600.webp 600w, https:\/\/dachzeltnomaden.com\/shop\/wp-content\/uploads\/2024\/07\/Dachzeltnomaden-Shop-LAYZEE-Bag-Packtasche-Autositz-Universal-Seitenansicht-100x100.webp 100w, https:\/\/dachzeltnomaden.com\/shop\/wp-content\/uploads\/2024\/07\/Dachzeltnomaden-Shop-LAYZEE-Bag-Packtasche-Autositz-Universal-Seitenansicht-300x300.webp 300w, https:\/\/dachzeltnomaden.com\/shop\/wp-content\/uploads\/2024\/07\/Dachzeltnomaden-Shop-LAYZEE-Bag-Packtasche-Autositz-Universal-Seitenansicht-150x150.webp 150w, https:\/\/dachzeltnomaden.com\/shop\/wp-content\/uploads\/2024\/07\/Dachzeltnomaden-Shop-LAYZEE-Bag-Packtasche-Autositz-Universal-Seitenansicht-768x768.webp 768w\" sizes=\"(max-width: 1024px) 100vw, 1024px\" \/><\/figure>\n\n\n\n<figure class=\"wp-block-image size-full\"><img decoding=\"async\" width=\"1024\" height=\"1024\" data-id=\"128674\" src=\"https:\/\/dachzeltnomaden.com\/shop\/wp-content\/uploads\/2024\/07\/Dachzeltnomaden-Shop-tasche-autositz-layzee-bag.webp\" alt=\"Dachzeltnomaden Shop Autositz Tasche Layzee Bag kaufen\" class=\"wp-image-128674\" srcset=\"https:\/\/dachzeltnomaden.com\/shop\/wp-content\/uploads\/2024\/07\/Dachzeltnomaden-Shop-tasche-autositz-layzee-bag.webp 1024w, https:\/\/dachzeltnomaden.com\/shop\/wp-content\/uploads\/2024\/07\/Dachzeltnomaden-Shop-tasche-autositz-layzee-bag-600x600.webp 600w, https:\/\/dachzeltnomaden.com\/shop\/wp-content\/uploads\/2024\/07\/Dachzeltnomaden-Shop-tasche-autositz-layzee-bag-100x100.webp 100w, https:\/\/dachzeltnomaden.com\/shop\/wp-content\/uploads\/2024\/07\/Dachzeltnomaden-Shop-tasche-autositz-layzee-bag-300x300.webp 300w, https:\/\/dachzeltnomaden.com\/shop\/wp-content\/uploads\/2024\/07\/Dachzeltnomaden-Shop-tasche-autositz-layzee-bag-150x150.webp 150w, https:\/\/dachzeltnomaden.com\/shop\/wp-content\/uploads\/2024\/07\/Dachzeltnomaden-Shop-tasche-autositz-layzee-bag-768x768.webp 768w\" sizes=\"(max-width: 1024px) 100vw, 1024px\" \/><\/figure>\n<\/figure>\n<\/div><\/div>\n\n\n\n<div class=\"wp-block-uagb-container uagb-block-76ea1ad4\">\n<h3 class=\"wp-block-heading\">Eigenschaften<\/h3>\n\n\n\n<ul class=\"wp-block-list\">\n<li><strong>Material:<\/strong>&nbsp;100% Polyestergewebe 600 DTEX mit wasserabweisender PVC-Beschichtung<\/li>\n\n\n\n<li><strong>Farbe:<\/strong>&nbsp;schwarz<\/li>\n\n\n\n<li><strong>Gewicht:<\/strong>&nbsp;ca. 2kg<\/li>\n\n\n\n<li><strong>Taschentiefe:<\/strong>&nbsp;9 cm<\/li>\n\n\n\n<li><strong>Volumen:<\/strong>&nbsp;ca. 25 l<\/li>\n\n\n\n<li><strong>Zuladung:<\/strong>&nbsp;ca. 5kg<\/li>\n\n\n\n<li><strong>Ma\u00dfe Tasche:<\/strong>&nbsp;58cm x 48cm x 9cm<\/li>\n<\/ul>\n\n\n\n<h3 class=\"wp-block-heading\">Lieferumfang:<\/h3>\n\n\n\n<ul class=\"wp-block-list\">\n<li>1 Packtasche<\/li>\n<\/ul>\n\n\n\n<div class=\"wp-block-buttons is-layout-flex wp-block-buttons-is-layout-flex\">\n<div class=\"wp-block-button\"><a class=\"wp-block-button__link wp-element-button\" href=\"https:\/\/t.adcell.com\/click.php?bid=266054-92838&amp;param0=https%3A%2F%2Flayzee.com%2Ffenstertaschen-varianten%2Fsitztasche%2F\" target=\"_blank\" rel=\"noreferrer noopener\">Zur LAYZEE Bag<\/a><\/div>\n<\/div>\n<\/div>\n<\/div>\n","protected":false},"excerpt":{"rendered":"<p role=\"textbox\" aria-multiline=\"true\" aria-label=\"Write a Description\" aria-readonly=\"false\" data-wp-block-attribute-key=\"16\">Die praktische Packtasche f\u00fcr deinen Autositz<\/p>\n<p role=\"textbox\" aria-multiline=\"true\" aria-label=\"Write a Description\" aria-readonly=\"false\" data-wp-block-attribute-key=\"16\">\u00a0<\/p>\n<p role=\"textbox\" aria-multiline=\"true\" aria-label=\"Write a Description\" aria-readonly=\"false\" data-wp-block-attribute-key=\"16\"><a class=\"button\" style=\"font-size: 16px; font-style: normal; transition-delay: 0s;\" href=\"https:\/\/t.adcell.com\/click.php?bid=266054-92838&amp;param0=https%3A%2F%2Flayzee.com%2Ffenstertaschen-varianten%2Fsitztasche%2F\" target=\"_blank\" rel=\"noopener\">Hier gehts zur LAYZEE Bag<\/a>\u00a0<\/p>\n","protected":false},"featured_media":128672,"template":"","meta":{"_uag_custom_page_level_css":"","site-sidebar-layout":"default","site-content-layout":"","ast-site-content-layout":"default","site-content-style":"default","site-sidebar-style":"default","ast-global-header-display":"","ast-banner-title-visibility":"","ast-main-header-display":"","ast-hfb-above-header-display":"","ast-hfb-below-header-display":"","ast-hfb-mobile-header-display":"","site-post-title":"","ast-breadcrumbs-content":"","ast-featured-img":"","footer-sml-layout":"","ast-disable-related-posts":"","theme-transparent-header-meta":"","adv-header-id-meta":"","stick-header-meta":"","header-above-stick-meta":"","header-main-stick-meta":"","header-below-stick-meta":"","astra-migrate-meta-layouts":"default","ast-page-background-enabled":"default","ast-page-background-meta":{"desktop":{"background-color":"var(--ast-global-color-4)","background-image":"","background-repeat":"repeat","background-position":"center center","background-size":"auto","background-attachment":"scroll","background-type":"","background-media":"","overlay-type":"","overlay-color":"","overlay-opacity":"","overlay-gradient":""},"tablet":{"background-color":"","background-image":"","background-repeat":"repeat","background-position":"center center","background-size":"auto","background-attachment":"scroll","background-type":"","background-media":"","overlay-type":"","overlay-color":"","overlay-opacity":"","overlay-gradient":""},"mobile":{"background-color":"","background-image":"","background-repeat":"repeat","background-position":"center center","background-size":"auto","background-attachment":"scroll","background-type":"","background-media":"","overlay-type":"","overlay-color":"","overlay-opacity":"","overlay-gradient":""}},"ast-content-background-meta":{"desktop":{"background-color":"var(--ast-global-color-5)","background-image":"","background-repeat":"repeat","background-position":"center center","background-size":"auto","background-attachment":"scroll","background-type":"","background-media":"","overlay-type":"","overlay-color":"","overlay-opacity":"","overlay-gradient":""},"tablet":{"background-color":"var(--ast-global-color-5)","background-image":"","background-repeat":"repeat","background-position":"center center","background-size":"auto","background-attachment":"scroll","background-type":"","background-media":"","overlay-type":"","overlay-color":"","overlay-opacity":"","overlay-gradient":""},"mobile":{"background-color":"var(--ast-global-color-5)","background-image":"","background-repeat":"repeat","background-position":"center center","background-size":"auto","background-attachment":"scroll","background-type":"","background-media":"","overlay-type":"","overlay-color":"","overlay-opacity":"","overlay-gradient":""}},"_themeisle_gutenberg_block_has_review":false},"product_brand":[],"product_cat":[101,225],"product_tag":[],"class_list":{"0":"post-128666","1":"product","2":"type-product","3":"status-publish","4":"has-post-thumbnail","6":"product_cat-zubehoer","7":"product_cat-aufbewahrung-ordnung","8":"desktop-align-left","9":"tablet-align-left","10":"mobile-align-left","11":"ast-product-gallery-layout-vertical-slider","12":"ast-product-tabs-layout-horizontal","14":"first","15":"instock","16":"purchasable","17":"product-type-external"},"exclude_global_add_ons":[],"addons":[],"uagb_featured_image_src":{"full":["https:\/\/dachzeltnomaden.com\/shop\/wp-content\/uploads\/2024\/07\/Dachzeltnomaden-Shop-Layzee-schwarzer-sitz-organizer-auto-layzee-bag.webp",1024,1024,false],"thumbnail":["https:\/\/dachzeltnomaden.com\/shop\/wp-content\/uploads\/2024\/07\/Dachzeltnomaden-Shop-Layzee-schwarzer-sitz-organizer-auto-layzee-bag-150x150.webp",150,150,true],"medium":["https:\/\/dachzeltnomaden.com\/shop\/wp-content\/uploads\/2024\/07\/Dachzeltnomaden-Shop-Layzee-schwarzer-sitz-organizer-auto-layzee-bag-300x300.webp",300,300,true],"medium_large":["https:\/\/dachzeltnomaden.com\/shop\/wp-content\/uploads\/2024\/07\/Dachzeltnomaden-Shop-Layzee-schwarzer-sitz-organizer-auto-layzee-bag-768x768.webp",768,768,true],"large":["https:\/\/dachzeltnomaden.com\/shop\/wp-content\/uploads\/2024\/07\/Dachzeltnomaden-Shop-Layzee-schwarzer-sitz-organizer-auto-layzee-bag.webp",512,512,false],"1536x1536":["https:\/\/dachzeltnomaden.com\/shop\/wp-content\/uploads\/2024\/07\/Dachzeltnomaden-Shop-Layzee-schwarzer-sitz-organizer-auto-layzee-bag.webp",1024,1024,false],"2048x2048":["https:\/\/dachzeltnomaden.com\/shop\/wp-content\/uploads\/2024\/07\/Dachzeltnomaden-Shop-Layzee-schwarzer-sitz-organizer-auto-layzee-bag.webp",1024,1024,false],"woocommerce_thumbnail":["https:\/\/dachzeltnomaden.com\/shop\/wp-content\/uploads\/2024\/07\/Dachzeltnomaden-Shop-Layzee-schwarzer-sitz-organizer-auto-layzee-bag-600x600.webp",600,600,true],"woocommerce_single":["https:\/\/dachzeltnomaden.com\/shop\/wp-content\/uploads\/2024\/07\/Dachzeltnomaden-Shop-Layzee-schwarzer-sitz-organizer-auto-layzee-bag.webp",1024,1024,false],"woocommerce_gallery_thumbnail":["https:\/\/dachzeltnomaden.com\/shop\/wp-content\/uploads\/2024\/07\/Dachzeltnomaden-Shop-Layzee-schwarzer-sitz-organizer-auto-layzee-bag-100x100.webp",100,100,true]},"uagb_author_info":{"display_name":"Jasmine","author_link":"https:\/\/dachzeltnomaden.com\/shop\/author\/"},"uagb_comment_info":0,"uagb_excerpt":"Die praktische Packtasche f\u00fcr deinen Autositz \u00a0 Hier gehts zur LAYZEE Bag\u00a0","_links":{"self":[{"href":"https:\/\/dachzeltnomaden.com\/shop\/wp-json\/wp\/v2\/product\/128666","targetHints":{"allow":["GET"]}}],"collection":[{"href":"https:\/\/dachzeltnomaden.com\/shop\/wp-json\/wp\/v2\/product"}],"about":[{"href":"https:\/\/dachzeltnomaden.com\/shop\/wp-json\/wp\/v2\/types\/product"}],"wp:featuredmedia":[{"embeddable":true,"href":"https:\/\/dachzeltnomaden.com\/shop\/wp-json\/wp\/v2\/media\/128672"}],"wp:attachment":[{"href":"https:\/\/dachzeltnomaden.com\/shop\/wp-json\/wp\/v2\/media?parent=128666"}],"wp:term":[{"taxonomy":"product_brand","embeddable":true,"href":"https:\/\/dachzeltnomaden.com\/shop\/wp-json\/wp\/v2\/product_brand?post=128666"},{"taxonomy":"product_cat","embeddable":true,"href":"https:\/\/dachzeltnomaden.com\/shop\/wp-json\/wp\/v2\/product_cat?post=128666"},{"taxonomy":"product_tag","embeddable":true,"href":"https:\/\/dachzeltnomaden.com\/shop\/wp-json\/wp\/v2\/product_tag?post=128666"}],"curies":[{"name":"wp","href":"https:\/\/api.w.org\/{rel}","templated":true}]}}