{"id":128647,"date":"2024-07-05T10:08:05","date_gmt":"2024-07-05T08:08:05","guid":{"rendered":"https:\/\/dachzeltnomaden.com\/shop\/?post_type=product&#038;p=128647"},"modified":"2025-10-17T10:17:14","modified_gmt":"2025-10-17T08:17:14","slug":"layzee-kuehlrucksack","status":"publish","type":"product","link":"https:\/\/dachzeltnomaden.com\/shop\/produkt\/layzee-kuehlrucksack\/","title":{"rendered":"LAYZEE K\u00fchlrucksack"},"content":{"rendered":"\n<div class=\"wp-block-uagb-container uagb-block-be52fc24 alignwide uagb-is-root-container\">\n<div class=\"wp-block-uagb-advanced-heading uagb-block-233add0f\"><h6 class=\"uagb-heading-text\">WERBUNG<\/h6><\/div>\n\n\n\n<p class=\"has-ast-global-color-5-color has-ast-global-color-2-background-color has-text-color has-background has-link-color wp-elements-abd3a2f895b17b010db4142c776bcdbf\">Du suchst noch nach einem praktischen K\u00fchlrucksack f\u00fcr unterwegs? Wie w\u00e4re es mit dem LAYZEE Cooler Bagpack!<br><br>*Die Links sind Affiliate Links. Wenn du dich f\u00fcr den Kauf eines LAYZEE K\u00fchlrucksacks entscheidest, erhalten die Dachzeltnomaden eine Provision. Damit unterst\u00fctzt du uns &amp; unsere Arbeit. F\u00fcr dich kostet der LAYZEE Cooler Bagpack deshalb nicht mehr.<\/p>\n\n\n\n<div class=\"wp-block-uagb-advanced-heading uagb-block-b21af034\"><p class=\"uagb-desc-text\">Unterwegs ohne Strom und Lust auf kalte Drinks?<\/p><h2 class=\"uagb-heading-text\"><strong>Kein Problem mit dem LAYZEE Cooler Bagpack<\/strong><\/h2><div class=\"uagb-separator\"><\/div><\/div>\n\n\n\n<p>Selbst in der urbanen Hektik: Der LAYZEE K\u00fchlrucksack sorgt daf\u00fcr, dass dein Durst auf kalte Drinks nie zu kurz kommt. Mit seiner&nbsp;<strong>F\u00fcllkapazit\u00e4t von 20l<\/strong>&nbsp;und der hochwirksamen&nbsp;<strong>Polyurethan-Isolierung<\/strong>&nbsp;h\u00e4lt er deine K\u00f6stlichkeiten w\u00e4hrend deiner Camping- und Picknickausfl\u00fcge bis zu&nbsp;<strong>4&nbsp;Tage lang frisch<\/strong>. Egal, ob du dich am See, Strand oder auf einem Festival vergn\u00fcgst, diese&nbsp;<strong>stromunabh\u00e4ngige K\u00fchlung mit Eisw\u00fcrfeln<\/strong>&nbsp;l\u00e4sst dich nie im Stich.<br><br>Entdecke die&nbsp;<strong>neueste Innovation: Der Magnetdeckel-Verschluss<\/strong>&nbsp;erm\u00f6glicht ein&nbsp;<strong>schnelles \u00d6ffnen und Schlie\u00dfen<\/strong>, ohne dauernd den l\u00e4stigen Rei\u00dfverschluss zu benutzen. Diese praktische Neuheit macht den Zugriff auf deine gek\u00fchlten Leckereien so einfach wie nie zuvor.<br><br>Mit seinem bequemen Tragekomfort und den&nbsp;<strong>vielseitigen Taschen<\/strong>&nbsp;f\u00fcr dein Zubeh\u00f6r ist der K\u00fchlrucksack stets dein verl\u00e4sslicher Begleiter. Und selbst wenn die Temperaturen steigen, bewahrt das&nbsp;<strong>wasserabweisende Nylongewebe<\/strong>&nbsp;deine Vorr\u00e4te sicher auf, w\u00e4hrend der&nbsp;<strong>integrierte Flaschen\u00f6ffner<\/strong>&nbsp;daf\u00fcr sorgt, dass du dein erfrischendes Getr\u00e4nk problemlos genie\u00dfen kannst.<br><br>Je nach Au\u00dfentemperatur und Deinen Eisw\u00fcrfelvolumen hast Du teilweise&nbsp;<strong>selbst nach Tagen noch eine entspannte K\u00fchlschranktemperatur<\/strong>. Der Rucksack bietet&nbsp;<strong>Platz f\u00fcr 36 Dosen oder 6 x 1-Liter-Flaschen<\/strong>, die aufrecht stehen k\u00f6nnen. Oder Du packst f\u00fcr den Grillabend am See, das klassische Sixpack ein und hast noch genug Stauraum f\u00fcr Lebensmittel.<br><br>Das Au\u00dfenmaterial besteht aus TPU900, einem&nbsp;<strong>ungiftigen Material der neusten Generation<\/strong>&nbsp;welches ausgesprochen&nbsp;<strong>elastisch, flexibel und wasserabweisend ist<\/strong>. Trotzdem sehr robust und langlebig, was die Verwendung von PVC \u00fcberfl\u00fcssig macht.<\/p>\n<\/div>\n\n\n\n<div class=\"wp-block-uagb-container uagb-block-ae00b476 alignwide uagb-is-root-container\">\n<div class=\"wp-block-uagb-container uagb-block-3d544ad6\"><style type=\"text\/css\">.otter-masonry .blocks-gallery-grid .blocks-gallery-item img{ width:100% }<\/style><div class=\"otter-masonry\" data-margin=\"10\">\n<figure class=\"wp-block-gallery has-nested-images columns-2 is-cropped wp-block-gallery-1 is-layout-flex wp-block-gallery-is-layout-flex\">\n<figure class=\"wp-block-image size-full has-custom-border\"><img decoding=\"async\" width=\"1024\" height=\"1024\" data-id=\"130595\" src=\"https:\/\/dachzeltnomaden.com\/shop\/wp-content\/uploads\/2024\/07\/Dachzeltnomaden-Shop-kuehlrucksack-layzee-outdoor_25.webp\" alt=\"Dachzeltnomaden Shop Zubehoer Kochen Kuehlrucksack Layzee Cooler Bagpack kaufen\" class=\"wp-image-130595\" style=\"border-radius:10px\" srcset=\"https:\/\/dachzeltnomaden.com\/shop\/wp-content\/uploads\/2024\/07\/Dachzeltnomaden-Shop-kuehlrucksack-layzee-outdoor_25.webp 1024w, https:\/\/dachzeltnomaden.com\/shop\/wp-content\/uploads\/2024\/07\/Dachzeltnomaden-Shop-kuehlrucksack-layzee-outdoor_25-300x300.webp 300w, https:\/\/dachzeltnomaden.com\/shop\/wp-content\/uploads\/2024\/07\/Dachzeltnomaden-Shop-kuehlrucksack-layzee-outdoor_25-768x768.webp 768w, https:\/\/dachzeltnomaden.com\/shop\/wp-content\/uploads\/2024\/07\/Dachzeltnomaden-Shop-kuehlrucksack-layzee-outdoor_25-600x600.webp 600w, https:\/\/dachzeltnomaden.com\/shop\/wp-content\/uploads\/2024\/07\/Dachzeltnomaden-Shop-kuehlrucksack-layzee-outdoor_25-100x100.webp 100w\" sizes=\"(max-width: 1024px) 100vw, 1024px\" \/><\/figure>\n\n\n\n<figure class=\"wp-block-image size-full has-custom-border\"><img decoding=\"async\" width=\"1024\" height=\"1024\" data-id=\"130593\" src=\"https:\/\/dachzeltnomaden.com\/shop\/wp-content\/uploads\/2024\/07\/Dachzeltnomaden-Shop-Kuehlrucksack-20L-Fassungsvermoegen_LAYZEE-1.webp\" alt=\"Dachzeltnomaden Shop Zubehoer Kochen Kuehlrucksack Layzee Cooler Bagpack kaufen\" class=\"wp-image-130593\" style=\"border-radius:10px\" srcset=\"https:\/\/dachzeltnomaden.com\/shop\/wp-content\/uploads\/2024\/07\/Dachzeltnomaden-Shop-Kuehlrucksack-20L-Fassungsvermoegen_LAYZEE-1.webp 1024w, https:\/\/dachzeltnomaden.com\/shop\/wp-content\/uploads\/2024\/07\/Dachzeltnomaden-Shop-Kuehlrucksack-20L-Fassungsvermoegen_LAYZEE-1-300x300.webp 300w, https:\/\/dachzeltnomaden.com\/shop\/wp-content\/uploads\/2024\/07\/Dachzeltnomaden-Shop-Kuehlrucksack-20L-Fassungsvermoegen_LAYZEE-1-768x768.webp 768w, https:\/\/dachzeltnomaden.com\/shop\/wp-content\/uploads\/2024\/07\/Dachzeltnomaden-Shop-Kuehlrucksack-20L-Fassungsvermoegen_LAYZEE-1-600x600.webp 600w, https:\/\/dachzeltnomaden.com\/shop\/wp-content\/uploads\/2024\/07\/Dachzeltnomaden-Shop-Kuehlrucksack-20L-Fassungsvermoegen_LAYZEE-1-100x100.webp 100w\" sizes=\"(max-width: 1024px) 100vw, 1024px\" \/><\/figure>\n\n\n\n<figure class=\"wp-block-image size-full has-custom-border\"><img decoding=\"async\" width=\"1024\" height=\"1024\" data-id=\"128652\" src=\"https:\/\/dachzeltnomaden.com\/shop\/wp-content\/uploads\/2024\/07\/Dachzeltnomaden-Shop-kuehlrucksack-anthrazit-layzee.webp\" alt=\"Dachzeltnomaden Shop Zubehoer Kochen Kuehlrucksack LAYZEE Cooler Bagpack kaufen\" class=\"wp-image-128652\" style=\"border-radius:10px\" srcset=\"https:\/\/dachzeltnomaden.com\/shop\/wp-content\/uploads\/2024\/07\/Dachzeltnomaden-Shop-kuehlrucksack-anthrazit-layzee.webp 1024w, https:\/\/dachzeltnomaden.com\/shop\/wp-content\/uploads\/2024\/07\/Dachzeltnomaden-Shop-kuehlrucksack-anthrazit-layzee-600x600.webp 600w, https:\/\/dachzeltnomaden.com\/shop\/wp-content\/uploads\/2024\/07\/Dachzeltnomaden-Shop-kuehlrucksack-anthrazit-layzee-100x100.webp 100w, https:\/\/dachzeltnomaden.com\/shop\/wp-content\/uploads\/2024\/07\/Dachzeltnomaden-Shop-kuehlrucksack-anthrazit-layzee-300x300.webp 300w, https:\/\/dachzeltnomaden.com\/shop\/wp-content\/uploads\/2024\/07\/Dachzeltnomaden-Shop-kuehlrucksack-anthrazit-layzee-150x150.webp 150w, https:\/\/dachzeltnomaden.com\/shop\/wp-content\/uploads\/2024\/07\/Dachzeltnomaden-Shop-kuehlrucksack-anthrazit-layzee-768x768.webp 768w\" sizes=\"(max-width: 1024px) 100vw, 1024px\" \/><\/figure>\n\n\n\n<figure class=\"wp-block-image size-full has-custom-border\"><img decoding=\"async\" width=\"1024\" height=\"1024\" data-id=\"130596\" src=\"https:\/\/dachzeltnomaden.com\/shop\/wp-content\/uploads\/2024\/07\/Dachzeltnomaden-Shop-layzee-kitchen-box-kuehlrucksack-wald_20.webp\" alt=\"Dachzeltnomaden Shop Zubehoer Kochen Kuehlrucksack Layzee Cooler Bagpack kaufen\" class=\"wp-image-130596\" style=\"border-radius:10px\" srcset=\"https:\/\/dachzeltnomaden.com\/shop\/wp-content\/uploads\/2024\/07\/Dachzeltnomaden-Shop-layzee-kitchen-box-kuehlrucksack-wald_20.webp 1024w, https:\/\/dachzeltnomaden.com\/shop\/wp-content\/uploads\/2024\/07\/Dachzeltnomaden-Shop-layzee-kitchen-box-kuehlrucksack-wald_20-300x300.webp 300w, https:\/\/dachzeltnomaden.com\/shop\/wp-content\/uploads\/2024\/07\/Dachzeltnomaden-Shop-layzee-kitchen-box-kuehlrucksack-wald_20-768x768.webp 768w, https:\/\/dachzeltnomaden.com\/shop\/wp-content\/uploads\/2024\/07\/Dachzeltnomaden-Shop-layzee-kitchen-box-kuehlrucksack-wald_20-600x600.webp 600w, https:\/\/dachzeltnomaden.com\/shop\/wp-content\/uploads\/2024\/07\/Dachzeltnomaden-Shop-layzee-kitchen-box-kuehlrucksack-wald_20-100x100.webp 100w\" sizes=\"(max-width: 1024px) 100vw, 1024px\" \/><\/figure>\n<\/figure>\n<\/div><\/div>\n\n\n\n<div class=\"wp-block-uagb-container uagb-block-76ea1ad4\">\n<h3 class=\"wp-block-heading\">Die Vorteile vom LAYZEE K\u00fchlrucksack:<\/h3>\n\n\n\n<ul id=\"wd-662a215aa1037\" class=\"wp-block-list\">\n<li>Bis zu 4 Tage K\u00fchlen ohne Strom &#8211; (Eisw\u00fcrfel\/K\u00fchlakku)<\/li>\n\n\n\n<li>20l Fassungsverm\u00f6gen (z.B. 6 PET Flaschen)<\/li>\n\n\n\n<li>Neue Innovation: Magnetdeckel statt Rei\u00dfverschluss<\/li>\n\n\n\n<li>wasserabweisendes Nylongewebe TPU900<\/li>\n\n\n\n<li>Bequemes Tragen dank R\u00fcckenpolsterung<\/li>\n\n\n\n<li>Individuell verstellbarem Brust- und H\u00fcftgurt und Schultergurten<\/li>\n\n\n\n<li>Integrierter Flaschen\u00f6ffner f\u00fcr sofortigen Getr\u00e4nkegenuss<\/li>\n\n\n\n<li>Gro\u00dfe Fronttasche (wasserdicht), 2 Netztaschen, Laschen und Spanngummis zum Aufh\u00e4ngen von Zubeh\u00f6r<\/li>\n\n\n\n<li>Bis zu 36 Dosen oder 6x PET Flaschen (1L)<\/li>\n<\/ul>\n\n\n\n<div class=\"wp-block-buttons is-layout-flex wp-block-buttons-is-layout-flex\">\n<div class=\"wp-block-button\"><a class=\"wp-block-button__link wp-element-button\" href=\"https:\/\/t.adcell.com\/click.php?bid=266054-92838&amp;param0=https%3A%2F%2Flayzee-camping.com%2Fshop%2Fkuehlrucksack-20l%2F\" target=\"_blank\" rel=\"noreferrer noopener\">Zum LAYZEE Cooler Bagpack<\/a><\/div>\n<\/div>\n<\/div>\n<\/div>\n","protected":false},"excerpt":{"rendered":"<p class=\"block-editor-rich-text__editable uagb-desc-text rich-text\" style=\"--tw-border-spacing-x: 0; --tw-border-spacing-y: 0; --tw-translate-x: 0; --tw-translate-y: 0; --tw-rotate: 0; --tw-skew-x: 0; --tw-skew-y: 0; --tw-scale-x: 1; --tw-scale-y: 1; --tw-scroll-snap-strictness: proximity; --tw-ring-offset-width: 0px; --tw-ring-offset-color: #fff; --tw-ring-color: rgb(59 130 246 \/ 0.5); --tw-ring-offset-shadow: 0 0 #0000; --tw-ring-shadow: 0 0 #0000; --tw-shadow: 0 0 #0000; --tw-shadow-colored: 0 0 #0000; margin-bottom: 15px; box-sizing: border-box; font-size: 17px; line-height: 1.65em; word-break: break-word; font-style: normal; caret-color: #575757; color: #575757; font-family: 'Be Vietnam Pro', sans-serif; white-space: pre-wrap; min-width: 1px;\" role=\"textbox\" aria-multiline=\"true\" aria-label=\"Write a Description\" aria-readonly=\"false\" data-wp-block-attribute-key=\"16\"><span style=\"font-style: normal; white-space: normal; color: #777777; font-family: Lato, Arial, Helvetica, sans-serif; font-size: 20px; font-variant-ligatures: normal; orphans: 2; text-align: center; widows: 2; text-decoration-thickness: initial; text-decoration-style: initial; text-decoration-color: initial;\">Bis zu<\/span><strong style=\"font-style: normal; white-space: normal; box-sizing: border-box; font-variant-ligatures: normal; font-variant-numeric: inherit; font-variant-east-asian: inherit; font-variant-alternates: inherit; font-variant-position: inherit; font-stretch: inherit; line-height: inherit; font-family: Lato, Arial, Helvetica, sans-serif; font-optical-sizing: inherit; font-kerning: inherit; font-feature-settings: inherit; font-variation-settings: inherit; font-size: 20px; color: #777777; orphans: 2; text-align: center; widows: 2; text-decoration-thickness: initial; text-decoration-style: initial; text-decoration-color: initial;\">\u00a04 Tage<\/strong><span style=\"font-style: normal; white-space: normal; color: #777777; font-family: Lato, Arial, Helvetica, sans-serif; font-size: 20px; font-variant-ligatures: normal; orphans: 2; text-align: center; widows: 2; text-decoration-thickness: initial; text-decoration-style: initial; text-decoration-color: initial;\">\u00a0kalte Getr\u00e4nke und Lebensmittel \u2013\u00a0<\/span><strong style=\"font-style: normal; white-space: normal; box-sizing: border-box; font-variant-ligatures: normal; font-variant-numeric: inherit; font-variant-east-asian: inherit; font-variant-alternates: inherit; font-variant-position: inherit; font-stretch: inherit; line-height: inherit; font-family: Lato, Arial, Helvetica, sans-serif; font-optical-sizing: inherit; font-kerning: inherit; font-feature-settings: inherit; font-variation-settings: inherit; font-size: 20px; color: #777777; orphans: 2; text-align: center; widows: 2; text-decoration-thickness: initial; text-decoration-style: initial; text-decoration-color: initial;\">OHNE Strom<\/strong><\/p>\n<p role=\"textbox\" aria-multiline=\"true\" aria-label=\"Write a Description\" aria-readonly=\"false\" data-wp-block-attribute-key=\"16\">\u00a0<\/p>\n<p role=\"textbox\" aria-multiline=\"true\" aria-label=\"Write a Description\" aria-readonly=\"false\" data-wp-block-attribute-key=\"16\"><a class=\"button\" style=\"font-size: 16px; font-style: normal; transition-delay: 0s;\" href=\"https:\/\/t.adcell.com\/click.php?bid=266054-92838&amp;param0=https%3A%2F%2Flayzee-camping.com%2Fshop%2Fkuehlrucksack-20l%2F\" target=\"_blank\" rel=\"noopener\">Hier gehts zum LAYZEE Cooler Bagpack<\/a><\/p>\n","protected":false},"featured_media":128652,"template":"","meta":{"_uag_custom_page_level_css":"","site-sidebar-layout":"default","site-content-layout":"","ast-site-content-layout":"default","site-content-style":"default","site-sidebar-style":"default","ast-global-header-display":"","ast-banner-title-visibility":"","ast-main-header-display":"","ast-hfb-above-header-display":"","ast-hfb-below-header-display":"","ast-hfb-mobile-header-display":"","site-post-title":"","ast-breadcrumbs-content":"","ast-featured-img":"","footer-sml-layout":"","ast-disable-related-posts":"","theme-transparent-header-meta":"","adv-header-id-meta":"","stick-header-meta":"","header-above-stick-meta":"","header-main-stick-meta":"","header-below-stick-meta":"","astra-migrate-meta-layouts":"default","ast-page-background-enabled":"default","ast-page-background-meta":{"desktop":{"background-color":"var(--ast-global-color-4)","background-image":"","background-repeat":"repeat","background-position":"center center","background-size":"auto","background-attachment":"scroll","background-type":"","background-media":"","overlay-type":"","overlay-color":"","overlay-opacity":"","overlay-gradient":""},"tablet":{"background-color":"","background-image":"","background-repeat":"repeat","background-position":"center center","background-size":"auto","background-attachment":"scroll","background-type":"","background-media":"","overlay-type":"","overlay-color":"","overlay-opacity":"","overlay-gradient":""},"mobile":{"background-color":"","background-image":"","background-repeat":"repeat","background-position":"center center","background-size":"auto","background-attachment":"scroll","background-type":"","background-media":"","overlay-type":"","overlay-color":"","overlay-opacity":"","overlay-gradient":""}},"ast-content-background-meta":{"desktop":{"background-color":"var(--ast-global-color-5)","background-image":"","background-repeat":"repeat","background-position":"center center","background-size":"auto","background-attachment":"scroll","background-type":"","background-media":"","overlay-type":"","overlay-color":"","overlay-opacity":"","overlay-gradient":""},"tablet":{"background-color":"var(--ast-global-color-5)","background-image":"","background-repeat":"repeat","background-position":"center center","background-size":"auto","background-attachment":"scroll","background-type":"","background-media":"","overlay-type":"","overlay-color":"","overlay-opacity":"","overlay-gradient":""},"mobile":{"background-color":"var(--ast-global-color-5)","background-image":"","background-repeat":"repeat","background-position":"center center","background-size":"auto","background-attachment":"scroll","background-type":"","background-media":"","overlay-type":"","overlay-color":"","overlay-opacity":"","overlay-gradient":""}},"_themeisle_gutenberg_block_has_review":false},"product_brand":[],"product_cat":[101,115],"product_tag":[],"class_list":{"0":"post-128647","1":"product","2":"type-product","3":"status-publish","4":"has-post-thumbnail","6":"product_cat-zubehoer","7":"product_cat-kuehlen","8":"desktop-align-left","9":"tablet-align-left","10":"mobile-align-left","11":"ast-product-gallery-layout-vertical-slider","12":"ast-product-tabs-layout-horizontal","14":"first","15":"instock","16":"purchasable","17":"product-type-external"},"exclude_global_add_ons":[],"addons":[],"uagb_featured_image_src":{"full":["https:\/\/dachzeltnomaden.com\/shop\/wp-content\/uploads\/2024\/07\/Dachzeltnomaden-Shop-kuehlrucksack-anthrazit-layzee.webp",1024,1024,false],"thumbnail":["https:\/\/dachzeltnomaden.com\/shop\/wp-content\/uploads\/2024\/07\/Dachzeltnomaden-Shop-kuehlrucksack-anthrazit-layzee-150x150.webp",150,150,true],"medium":["https:\/\/dachzeltnomaden.com\/shop\/wp-content\/uploads\/2024\/07\/Dachzeltnomaden-Shop-kuehlrucksack-anthrazit-layzee-300x300.webp",300,300,true],"medium_large":["https:\/\/dachzeltnomaden.com\/shop\/wp-content\/uploads\/2024\/07\/Dachzeltnomaden-Shop-kuehlrucksack-anthrazit-layzee-768x768.webp",768,768,true],"large":["https:\/\/dachzeltnomaden.com\/shop\/wp-content\/uploads\/2024\/07\/Dachzeltnomaden-Shop-kuehlrucksack-anthrazit-layzee.webp",512,512,false],"1536x1536":["https:\/\/dachzeltnomaden.com\/shop\/wp-content\/uploads\/2024\/07\/Dachzeltnomaden-Shop-kuehlrucksack-anthrazit-layzee.webp",1024,1024,false],"2048x2048":["https:\/\/dachzeltnomaden.com\/shop\/wp-content\/uploads\/2024\/07\/Dachzeltnomaden-Shop-kuehlrucksack-anthrazit-layzee.webp",1024,1024,false],"woocommerce_thumbnail":["https:\/\/dachzeltnomaden.com\/shop\/wp-content\/uploads\/2024\/07\/Dachzeltnomaden-Shop-kuehlrucksack-anthrazit-layzee-600x600.webp",600,600,true],"woocommerce_single":["https:\/\/dachzeltnomaden.com\/shop\/wp-content\/uploads\/2024\/07\/Dachzeltnomaden-Shop-kuehlrucksack-anthrazit-layzee.webp",1024,1024,false],"woocommerce_gallery_thumbnail":["https:\/\/dachzeltnomaden.com\/shop\/wp-content\/uploads\/2024\/07\/Dachzeltnomaden-Shop-kuehlrucksack-anthrazit-layzee-100x100.webp",100,100,true]},"uagb_author_info":{"display_name":"Jasmine","author_link":"https:\/\/dachzeltnomaden.com\/shop\/author\/"},"uagb_comment_info":0,"uagb_excerpt":"Bis zu\u00a04 Tage\u00a0kalte Getr\u00e4nke und Lebensmittel \u2013\u00a0OHNE Strom \u00a0 Hier gehts zum LAYZEE Cooler Bagpack","_links":{"self":[{"href":"https:\/\/dachzeltnomaden.com\/shop\/wp-json\/wp\/v2\/product\/128647","targetHints":{"allow":["GET"]}}],"collection":[{"href":"https:\/\/dachzeltnomaden.com\/shop\/wp-json\/wp\/v2\/product"}],"about":[{"href":"https:\/\/dachzeltnomaden.com\/shop\/wp-json\/wp\/v2\/types\/product"}],"wp:featuredmedia":[{"embeddable":true,"href":"https:\/\/dachzeltnomaden.com\/shop\/wp-json\/wp\/v2\/media\/128652"}],"wp:attachment":[{"href":"https:\/\/dachzeltnomaden.com\/shop\/wp-json\/wp\/v2\/media?parent=128647"}],"wp:term":[{"taxonomy":"product_brand","embeddable":true,"href":"https:\/\/dachzeltnomaden.com\/shop\/wp-json\/wp\/v2\/product_brand?post=128647"},{"taxonomy":"product_cat","embeddable":true,"href":"https:\/\/dachzeltnomaden.com\/shop\/wp-json\/wp\/v2\/product_cat?post=128647"},{"taxonomy":"product_tag","embeddable":true,"href":"https:\/\/dachzeltnomaden.com\/shop\/wp-json\/wp\/v2\/product_tag?post=128647"}],"curies":[{"name":"wp","href":"https:\/\/api.w.org\/{rel}","templated":true}]}}