{"id":128622,"date":"2024-07-05T09:42:18","date_gmt":"2024-07-05T07:42:18","guid":{"rendered":"https:\/\/dachzeltnomaden.com\/shop\/?post_type=product&#038;p=128622"},"modified":"2025-10-17T10:17:14","modified_gmt":"2025-10-17T08:17:14","slug":"layzee-kuehlbox","status":"publish","type":"product","link":"https:\/\/dachzeltnomaden.com\/shop\/produkt\/layzee-kuehlbox\/","title":{"rendered":"LAYZEE K\u00fchlbox"},"content":{"rendered":"\n<div class=\"wp-block-uagb-container uagb-block-be52fc24 alignwide uagb-is-root-container\">\n<div class=\"wp-block-uagb-advanced-heading uagb-block-233add0f\"><h6 class=\"uagb-heading-text\">WERBUNG<\/h6><\/div>\n\n\n\n<p class=\"has-ast-global-color-5-color has-ast-global-color-2-background-color has-text-color has-background has-link-color wp-elements-a7f5b9852d42938433587d91238533c7\">Du suchst noch nach einer autarken K\u00fchlbox f\u00fcr unterwegs? Wie w\u00e4re es mit der LAYZEE Cooler Box!<br><br>*Die Links sind Affiliate Links. Wenn du dich f\u00fcr den Kauf einer LAYZEE Cooler Box entscheidest, erhalten die Dachzeltnomaden eine Provision. Damit unterst\u00fctzt du uns &amp; unsere Arbeit. F\u00fcr dich kostet die LAYZEE Cooler Box deshalb nicht mehr.<\/p>\n\n\n\n<div class=\"wp-block-uagb-advanced-heading uagb-block-b21af034\"><p class=\"uagb-desc-text\">Hol dir die LAYZEE Cooler Box<\/p><h2 class=\"uagb-heading-text\">Stylisch Getr\u00e4nke &amp; Essen k\u00fchl halten!<\/h2><div class=\"uagb-separator\"><\/div><\/div>\n\n\n\n<p><strong>Die K\u00fchlbox mit Magnetdeckel-Verschluss h\u00e4lt deine Drinks und Lebensmittel bis zu 4 Tage lang kalt \u2013 ganz ohne Strom!<\/strong><br>Die&nbsp;<strong>LAYZEE Cooler Box<\/strong>&nbsp;ist der perfekte Begleiter f\u00fcr Picknicks, Campingausfl\u00fcge und andere Outdoor-Abenteuer.<br><br>LAYZEE setzt neue Ma\u00dfst\u00e4be mit dem&nbsp;<strong>innovativen Magnetverschluss<\/strong>. Diese Neuheit erm\u00f6glicht ein&nbsp;<strong>m\u00fcheloses \u00d6ffnen und Schlie\u00dfen<\/strong>, ohne dass du dich an deiner K\u00fchltasche mit einem herk\u00f6mmlichen Rei\u00dfverschluss herumschlagen musst.<br><br>Mit einem Fassungsverm\u00f6gen von&nbsp;<strong>13 Litern<\/strong>&nbsp;und einer hochwirksamen&nbsp;<strong>Polyurethan-Isolierung<\/strong>&nbsp;bleibt dein Proviant in der K\u00fchltasche je nach Au\u00dfentemperatur und Eisw\u00fcrfelvolumen<strong>&nbsp;bis zu 4 Tage lang frisch<\/strong>. Egal ob am See, Strand oder Festival, mit dieser&nbsp;<strong>stromunabh\u00e4ngige K\u00fchlung<\/strong>&nbsp;<strong>mit Eisw\u00fcrfeln<\/strong>&nbsp;bist du derjenige mit dem kalten Drink in der Hand.<br><br>Dank des wasserabweisenden Nylongewebes bleiben deine Vorr\u00e4te in der&nbsp;<strong>K\u00fchlbox<\/strong>&nbsp;selbst&nbsp;<strong>bei Regen gesch\u00fctzt.<\/strong><br><br>Und das Beste daran? N\u00fctzliche Features wie z.B. ein integrierte&nbsp;<strong>Flaschen\u00f6ffner, Reisverschlusstasche, \u00d6sen<\/strong>&nbsp;f\u00fcr Karabiner und Co. sowie der&nbsp;&nbsp;<strong>gepolsterte Gurt und Tragegriffe<\/strong> machen die Cooler Box zu einem Must-have f\u00fcr alle Outdoor-Enthusiasten.<\/p>\n<\/div>\n\n\n\n<div class=\"wp-block-uagb-container uagb-block-ae00b476 alignwide uagb-is-root-container\">\n<div class=\"wp-block-uagb-container uagb-block-3d544ad6\"><style type=\"text\/css\">.otter-masonry .blocks-gallery-grid .blocks-gallery-item img{ width:100% }<\/style><div class=\"otter-masonry\" data-margin=\"10\">\n<figure class=\"wp-block-gallery has-nested-images columns-2 is-cropped wp-block-gallery-1 is-layout-flex wp-block-gallery-is-layout-flex\">\n<figure class=\"wp-block-image size-full\"><img decoding=\"async\" width=\"1024\" height=\"1024\" data-id=\"128623\" src=\"https:\/\/dachzeltnomaden.com\/shop\/wp-content\/uploads\/2024\/07\/Dachzeltnomaden-Shop-kuehltasche-layzee-sizzling-lagoon-tuerkis.webp\" alt=\"Dachzeltnomaden Shop Zubehoer Kochen Kuehltasche Layzee Sizzling lagoon kaufen\" class=\"wp-image-128623\" srcset=\"https:\/\/dachzeltnomaden.com\/shop\/wp-content\/uploads\/2024\/07\/Dachzeltnomaden-Shop-kuehltasche-layzee-sizzling-lagoon-tuerkis.webp 1024w, https:\/\/dachzeltnomaden.com\/shop\/wp-content\/uploads\/2024\/07\/Dachzeltnomaden-Shop-kuehltasche-layzee-sizzling-lagoon-tuerkis-600x600.webp 600w, https:\/\/dachzeltnomaden.com\/shop\/wp-content\/uploads\/2024\/07\/Dachzeltnomaden-Shop-kuehltasche-layzee-sizzling-lagoon-tuerkis-100x100.webp 100w, https:\/\/dachzeltnomaden.com\/shop\/wp-content\/uploads\/2024\/07\/Dachzeltnomaden-Shop-kuehltasche-layzee-sizzling-lagoon-tuerkis-300x300.webp 300w, https:\/\/dachzeltnomaden.com\/shop\/wp-content\/uploads\/2024\/07\/Dachzeltnomaden-Shop-kuehltasche-layzee-sizzling-lagoon-tuerkis-150x150.webp 150w, https:\/\/dachzeltnomaden.com\/shop\/wp-content\/uploads\/2024\/07\/Dachzeltnomaden-Shop-kuehltasche-layzee-sizzling-lagoon-tuerkis-768x768.webp 768w\" sizes=\"(max-width: 1024px) 100vw, 1024px\" \/><\/figure>\n\n\n\n<figure class=\"wp-block-image size-full\"><img decoding=\"async\" width=\"1024\" height=\"1024\" data-id=\"130635\" src=\"https:\/\/dachzeltnomaden.com\/shop\/wp-content\/uploads\/2024\/07\/Dachzeltnomaden-Shop-Cooler-2.webp\" alt=\"Dachzeltnomaden Shop Zubehoer Kochen Kuehltasche Layzee Sizzling lagoon kaufen\" class=\"wp-image-130635\" srcset=\"https:\/\/dachzeltnomaden.com\/shop\/wp-content\/uploads\/2024\/07\/Dachzeltnomaden-Shop-Cooler-2.webp 1024w, https:\/\/dachzeltnomaden.com\/shop\/wp-content\/uploads\/2024\/07\/Dachzeltnomaden-Shop-Cooler-2-300x300.webp 300w, https:\/\/dachzeltnomaden.com\/shop\/wp-content\/uploads\/2024\/07\/Dachzeltnomaden-Shop-Cooler-2-768x768.webp 768w, https:\/\/dachzeltnomaden.com\/shop\/wp-content\/uploads\/2024\/07\/Dachzeltnomaden-Shop-Cooler-2-600x600.webp 600w, https:\/\/dachzeltnomaden.com\/shop\/wp-content\/uploads\/2024\/07\/Dachzeltnomaden-Shop-Cooler-2-100x100.webp 100w\" sizes=\"(max-width: 1024px) 100vw, 1024px\" \/><\/figure>\n\n\n\n<figure class=\"wp-block-image size-full\"><img decoding=\"async\" width=\"1024\" height=\"1024\" data-id=\"130638\" src=\"https:\/\/dachzeltnomaden.com\/shop\/wp-content\/uploads\/2024\/07\/Dachzeltnomaden-Shop-Kuehltasche-13L_anthrazit_Flaschenoeffner-1.webp\" alt=\"Dachzeltnomaden Shop Zubehoer Kochen Kuehltasche Layzee Sizzling lagoon kaufen\" class=\"wp-image-130638\" srcset=\"https:\/\/dachzeltnomaden.com\/shop\/wp-content\/uploads\/2024\/07\/Dachzeltnomaden-Shop-Kuehltasche-13L_anthrazit_Flaschenoeffner-1.webp 1024w, https:\/\/dachzeltnomaden.com\/shop\/wp-content\/uploads\/2024\/07\/Dachzeltnomaden-Shop-Kuehltasche-13L_anthrazit_Flaschenoeffner-1-300x300.webp 300w, https:\/\/dachzeltnomaden.com\/shop\/wp-content\/uploads\/2024\/07\/Dachzeltnomaden-Shop-Kuehltasche-13L_anthrazit_Flaschenoeffner-1-768x768.webp 768w, https:\/\/dachzeltnomaden.com\/shop\/wp-content\/uploads\/2024\/07\/Dachzeltnomaden-Shop-Kuehltasche-13L_anthrazit_Flaschenoeffner-1-600x600.webp 600w, https:\/\/dachzeltnomaden.com\/shop\/wp-content\/uploads\/2024\/07\/Dachzeltnomaden-Shop-Kuehltasche-13L_anthrazit_Flaschenoeffner-1-100x100.webp 100w\" sizes=\"(max-width: 1024px) 100vw, 1024px\" \/><\/figure>\n\n\n\n<figure class=\"wp-block-image size-full\"><img decoding=\"async\" width=\"1024\" height=\"1024\" data-id=\"130642\" src=\"https:\/\/dachzeltnomaden.com\/shop\/wp-content\/uploads\/2024\/07\/Dachzeltnomaden-Shop-layzee-cooler-kuehltasche-2.webp\" alt=\"Dachzeltnomaden Shop Zubehoer Kochen Kuehltasche Layzee Sizzling lagoon kaufen\" class=\"wp-image-130642\" srcset=\"https:\/\/dachzeltnomaden.com\/shop\/wp-content\/uploads\/2024\/07\/Dachzeltnomaden-Shop-layzee-cooler-kuehltasche-2.webp 1024w, https:\/\/dachzeltnomaden.com\/shop\/wp-content\/uploads\/2024\/07\/Dachzeltnomaden-Shop-layzee-cooler-kuehltasche-2-300x300.webp 300w, https:\/\/dachzeltnomaden.com\/shop\/wp-content\/uploads\/2024\/07\/Dachzeltnomaden-Shop-layzee-cooler-kuehltasche-2-768x768.webp 768w, https:\/\/dachzeltnomaden.com\/shop\/wp-content\/uploads\/2024\/07\/Dachzeltnomaden-Shop-layzee-cooler-kuehltasche-2-600x600.webp 600w, https:\/\/dachzeltnomaden.com\/shop\/wp-content\/uploads\/2024\/07\/Dachzeltnomaden-Shop-layzee-cooler-kuehltasche-2-100x100.webp 100w\" sizes=\"(max-width: 1024px) 100vw, 1024px\" \/><\/figure>\n<\/figure>\n<\/div><\/div>\n\n\n\n<div class=\"wp-block-uagb-container uagb-block-76ea1ad4\">\n<h3 class=\"wp-block-heading\">Die Vorteile der LAYZEE K\u00fchlbox:<\/h3>\n\n\n\n<ul id=\"wd-662a389769254\" class=\"wp-block-list\">\n<li>Bis zu 4 Tage k\u00fchlen ohne Strom &#8211; (Eisw\u00fcrfel\/K\u00fchlakku)<\/li>\n\n\n\n<li>13l Fassungsverm\u00f6gen<\/li>\n\n\n\n<li>Neue Innovation: Magnetdeckel statt Rei\u00dfverschluss<\/li>\n\n\n\n<li>wasserabweisendes Nylongewebe TPU900<\/li>\n\n\n\n<li>Bequemes Tragen dank Schultergurt<\/li>\n\n\n\n<li>Integrierter Flaschen\u00f6ffner f\u00fcr sofortigen Getr\u00e4nkegenuss<\/li>\n\n\n\n<li>Reisverschluss Fach (wasserdicht), Laschen zum Aufh\u00e4ngen von Zubeh\u00f6r<\/li>\n<\/ul>\n\n\n\n<div class=\"wp-block-buttons is-layout-flex wp-block-buttons-is-layout-flex\">\n<div class=\"wp-block-button\"><a class=\"wp-block-button__link wp-element-button\" href=\"https:\/\/t.adcell.com\/click.php?bid=266054-92838&amp;param0=https%3A%2F%2Flayzee.com%2Fkuehlbox-varianten%2Fkuehlbox-13l%2F\" target=\"_blank\" rel=\"noreferrer noopener\">Zur LAYZEE Cooler Box<\/a><\/div>\n<\/div>\n<\/div>\n<\/div>\n","protected":false},"excerpt":{"rendered":"<p class=\"block-editor-rich-text__editable uagb-desc-text rich-text\" style=\"--tw-border-spacing-x: 0; --tw-border-spacing-y: 0; --tw-translate-x: 0; --tw-translate-y: 0; --tw-rotate: 0; --tw-skew-x: 0; --tw-skew-y: 0; --tw-scale-x: 1; --tw-scale-y: 1; --tw-scroll-snap-strictness: proximity; --tw-ring-offset-width: 0px; --tw-ring-offset-color: #fff; --tw-ring-color: rgb(59 130 246 \/ 0.5); --tw-ring-offset-shadow: 0 0 #0000; --tw-ring-shadow: 0 0 #0000; --tw-shadow: 0 0 #0000; --tw-shadow-colored: 0 0 #0000; margin-bottom: 15px; box-sizing: border-box; font-size: 17px; line-height: 1.65em; word-break: break-word; font-style: normal; caret-color: #575757; color: #575757; font-family: 'Be Vietnam Pro', sans-serif; white-space: pre-wrap; min-width: 1px;\" role=\"textbox\" aria-multiline=\"true\" aria-label=\"Write a Description\" aria-readonly=\"false\" data-wp-block-attribute-key=\"16\"><span style=\"font-style: normal; white-space: normal; color: #777777; font-family: Lato, Arial, Helvetica, sans-serif; font-size: 20px; font-variant-ligatures: normal; orphans: 2; text-align: center; widows: 2; text-decoration-thickness: initial; text-decoration-style: initial; text-decoration-color: initial;\">Bis zu<\/span><strong style=\"font-style: normal; white-space: normal; box-sizing: border-box; font-variant-ligatures: normal; font-variant-numeric: inherit; font-variant-east-asian: inherit; font-variant-alternates: inherit; font-variant-position: inherit; font-stretch: inherit; line-height: inherit; font-family: Lato, Arial, Helvetica, sans-serif; font-optical-sizing: inherit; font-kerning: inherit; font-feature-settings: inherit; font-variation-settings: inherit; font-size: 20px; color: #777777; orphans: 2; text-align: center; widows: 2; text-decoration-thickness: initial; text-decoration-style: initial; text-decoration-color: initial;\">\u00a04 Tage<\/strong><span style=\"font-style: normal; white-space: normal; color: #777777; font-family: Lato, Arial, Helvetica, sans-serif; font-size: 20px; font-variant-ligatures: normal; orphans: 2; text-align: center; widows: 2; text-decoration-thickness: initial; text-decoration-style: initial; text-decoration-color: initial;\">\u00a0kalte Getr\u00e4nke und Lebensmittel \u2013\u00a0<\/span><strong style=\"font-style: normal; white-space: normal; box-sizing: border-box; font-variant-ligatures: normal; font-variant-numeric: inherit; font-variant-east-asian: inherit; font-variant-alternates: inherit; font-variant-position: inherit; font-stretch: inherit; line-height: inherit; font-family: Lato, Arial, Helvetica, sans-serif; font-optical-sizing: inherit; font-kerning: inherit; font-feature-settings: inherit; font-variation-settings: inherit; font-size: 20px; color: #777777; orphans: 2; text-align: center; widows: 2; text-decoration-thickness: initial; text-decoration-style: initial; text-decoration-color: initial;\">OHNE Strom<\/strong><\/p>\n<p role=\"textbox\" aria-multiline=\"true\" aria-label=\"Write a Description\" aria-readonly=\"false\" data-wp-block-attribute-key=\"16\">\u00a0<\/p>\n<p role=\"textbox\" aria-multiline=\"true\" aria-label=\"Write a Description\" aria-readonly=\"false\" data-wp-block-attribute-key=\"16\"><a class=\"button\" style=\"font-size: 16px; font-style: normal; transition-delay: 0s;\" href=\"https:\/\/t.adcell.com\/click.php?bid=266054-92838&#038;param0=https%3A%2F%2Flayzee.com%2Fkuehlbox-varianten%2Fkuehlbox-13l%2F\" target=\"_blank\" rel=\"noopener\">Hier gehts zur LAYZEE Cooler Box<\/a><\/p>\n","protected":false},"featured_media":128623,"template":"","meta":{"_uag_custom_page_level_css":"","site-sidebar-layout":"default","site-content-layout":"","ast-site-content-layout":"default","site-content-style":"default","site-sidebar-style":"default","ast-global-header-display":"","ast-banner-title-visibility":"","ast-main-header-display":"","ast-hfb-above-header-display":"","ast-hfb-below-header-display":"","ast-hfb-mobile-header-display":"","site-post-title":"","ast-breadcrumbs-content":"","ast-featured-img":"","footer-sml-layout":"","ast-disable-related-posts":"","theme-transparent-header-meta":"","adv-header-id-meta":"","stick-header-meta":"","header-above-stick-meta":"","header-main-stick-meta":"","header-below-stick-meta":"","astra-migrate-meta-layouts":"default","ast-page-background-enabled":"default","ast-page-background-meta":{"desktop":{"background-color":"var(--ast-global-color-4)","background-image":"","background-repeat":"repeat","background-position":"center center","background-size":"auto","background-attachment":"scroll","background-type":"","background-media":"","overlay-type":"","overlay-color":"","overlay-opacity":"","overlay-gradient":""},"tablet":{"background-color":"","background-image":"","background-repeat":"repeat","background-position":"center center","background-size":"auto","background-attachment":"scroll","background-type":"","background-media":"","overlay-type":"","overlay-color":"","overlay-opacity":"","overlay-gradient":""},"mobile":{"background-color":"","background-image":"","background-repeat":"repeat","background-position":"center center","background-size":"auto","background-attachment":"scroll","background-type":"","background-media":"","overlay-type":"","overlay-color":"","overlay-opacity":"","overlay-gradient":""}},"ast-content-background-meta":{"desktop":{"background-color":"var(--ast-global-color-5)","background-image":"","background-repeat":"repeat","background-position":"center center","background-size":"auto","background-attachment":"scroll","background-type":"","background-media":"","overlay-type":"","overlay-color":"","overlay-opacity":"","overlay-gradient":""},"tablet":{"background-color":"var(--ast-global-color-5)","background-image":"","background-repeat":"repeat","background-position":"center center","background-size":"auto","background-attachment":"scroll","background-type":"","background-media":"","overlay-type":"","overlay-color":"","overlay-opacity":"","overlay-gradient":""},"mobile":{"background-color":"var(--ast-global-color-5)","background-image":"","background-repeat":"repeat","background-position":"center center","background-size":"auto","background-attachment":"scroll","background-type":"","background-media":"","overlay-type":"","overlay-color":"","overlay-opacity":"","overlay-gradient":""}},"_themeisle_gutenberg_block_has_review":false},"product_brand":[],"product_cat":[101,115],"product_tag":[],"class_list":{"0":"post-128622","1":"product","2":"type-product","3":"status-publish","4":"has-post-thumbnail","6":"product_cat-zubehoer","7":"product_cat-kuehlen","8":"desktop-align-left","9":"tablet-align-left","10":"mobile-align-left","11":"ast-product-gallery-layout-vertical-slider","12":"ast-product-tabs-layout-horizontal","14":"first","15":"instock","16":"purchasable","17":"product-type-external"},"exclude_global_add_ons":[],"addons":[],"uagb_featured_image_src":{"full":["https:\/\/dachzeltnomaden.com\/shop\/wp-content\/uploads\/2024\/07\/Dachzeltnomaden-Shop-kuehltasche-layzee-sizzling-lagoon-tuerkis.webp",1024,1024,false],"thumbnail":["https:\/\/dachzeltnomaden.com\/shop\/wp-content\/uploads\/2024\/07\/Dachzeltnomaden-Shop-kuehltasche-layzee-sizzling-lagoon-tuerkis-150x150.webp",150,150,true],"medium":["https:\/\/dachzeltnomaden.com\/shop\/wp-content\/uploads\/2024\/07\/Dachzeltnomaden-Shop-kuehltasche-layzee-sizzling-lagoon-tuerkis-300x300.webp",300,300,true],"medium_large":["https:\/\/dachzeltnomaden.com\/shop\/wp-content\/uploads\/2024\/07\/Dachzeltnomaden-Shop-kuehltasche-layzee-sizzling-lagoon-tuerkis-768x768.webp",768,768,true],"large":["https:\/\/dachzeltnomaden.com\/shop\/wp-content\/uploads\/2024\/07\/Dachzeltnomaden-Shop-kuehltasche-layzee-sizzling-lagoon-tuerkis.webp",512,512,false],"1536x1536":["https:\/\/dachzeltnomaden.com\/shop\/wp-content\/uploads\/2024\/07\/Dachzeltnomaden-Shop-kuehltasche-layzee-sizzling-lagoon-tuerkis.webp",1024,1024,false],"2048x2048":["https:\/\/dachzeltnomaden.com\/shop\/wp-content\/uploads\/2024\/07\/Dachzeltnomaden-Shop-kuehltasche-layzee-sizzling-lagoon-tuerkis.webp",1024,1024,false],"woocommerce_thumbnail":["https:\/\/dachzeltnomaden.com\/shop\/wp-content\/uploads\/2024\/07\/Dachzeltnomaden-Shop-kuehltasche-layzee-sizzling-lagoon-tuerkis-600x600.webp",600,600,true],"woocommerce_single":["https:\/\/dachzeltnomaden.com\/shop\/wp-content\/uploads\/2024\/07\/Dachzeltnomaden-Shop-kuehltasche-layzee-sizzling-lagoon-tuerkis.webp",1024,1024,false],"woocommerce_gallery_thumbnail":["https:\/\/dachzeltnomaden.com\/shop\/wp-content\/uploads\/2024\/07\/Dachzeltnomaden-Shop-kuehltasche-layzee-sizzling-lagoon-tuerkis-100x100.webp",100,100,true]},"uagb_author_info":{"display_name":"admin","author_link":"https:\/\/dachzeltnomaden.com\/shop\/author\/"},"uagb_comment_info":0,"uagb_excerpt":"Bis zu\u00a04 Tage\u00a0kalte Getr\u00e4nke und Lebensmittel \u2013\u00a0OHNE Strom \u00a0 Hier gehts zur LAYZEE Cooler Box","_links":{"self":[{"href":"https:\/\/dachzeltnomaden.com\/shop\/wp-json\/wp\/v2\/product\/128622","targetHints":{"allow":["GET"]}}],"collection":[{"href":"https:\/\/dachzeltnomaden.com\/shop\/wp-json\/wp\/v2\/product"}],"about":[{"href":"https:\/\/dachzeltnomaden.com\/shop\/wp-json\/wp\/v2\/types\/product"}],"wp:featuredmedia":[{"embeddable":true,"href":"https:\/\/dachzeltnomaden.com\/shop\/wp-json\/wp\/v2\/media\/128623"}],"wp:attachment":[{"href":"https:\/\/dachzeltnomaden.com\/shop\/wp-json\/wp\/v2\/media?parent=128622"}],"wp:term":[{"taxonomy":"product_brand","embeddable":true,"href":"https:\/\/dachzeltnomaden.com\/shop\/wp-json\/wp\/v2\/product_brand?post=128622"},{"taxonomy":"product_cat","embeddable":true,"href":"https:\/\/dachzeltnomaden.com\/shop\/wp-json\/wp\/v2\/product_cat?post=128622"},{"taxonomy":"product_tag","embeddable":true,"href":"https:\/\/dachzeltnomaden.com\/shop\/wp-json\/wp\/v2\/product_tag?post=128622"}],"curies":[{"name":"wp","href":"https:\/\/api.w.org\/{rel}","templated":true}]}}