{"id":128495,"date":"2024-06-10T12:02:17","date_gmt":"2024-06-10T10:02:17","guid":{"rendered":"https:\/\/dachzeltnomaden.com\/shop\/?post_type=product&#038;p=128495"},"modified":"2025-10-17T10:17:12","modified_gmt":"2025-10-17T08:17:12","slug":"layzee-tumbler","status":"publish","type":"product","link":"https:\/\/dachzeltnomaden.com\/shop\/produkt\/layzee-tumbler\/","title":{"rendered":"LAYZEE Tumbler"},"content":{"rendered":"\n<div class=\"wp-block-uagb-container uagb-block-be52fc24 alignwide uagb-is-root-container\">\n<div class=\"wp-block-uagb-advanced-heading uagb-block-233add0f\"><h6 class=\"uagb-heading-text\">WERBUNG<\/h6><\/div>\n\n\n\n<p class=\"has-ast-global-color-5-color has-ast-global-color-2-background-color has-text-color has-background has-link-color wp-elements-f359f779e2867959fc0f039fcbfe7906\">Du suchst noch nach praktischen Trinkgef\u00e4\u00dfen f\u00fcr unterwegs? Wie w\u00e4re es mit den bunten Thermobechern von LAYZEE!<br><br>*Die Links sind Affiliate Links. Wenn du dich f\u00fcr den Kauf eines LAYZEEThermobechers entscheidest, erhalten die Dachzeltnomaden eine Provision. Damit unterst\u00fctzt du uns &amp; unsere Arbeit. F\u00fcr dich kostet der LAYZEE Thermobecher deshalb nicht mehr.<\/p>\n\n\n\n<div class=\"wp-block-uagb-advanced-heading uagb-block-b21af034\"><p class=\"uagb-desc-text\">Hol Dir einen stylischen&nbsp;<strong>Thermobecher<\/strong>&nbsp;in Deiner LAYZEE Lieblingsfarbe!<\/p><h2 class=\"uagb-heading-text\">Das Auge trinkt mit!<\/h2><div class=\"uagb-separator\"><\/div><\/div>\n\n\n\n<p>Die handlichen&nbsp;Becher aus Edelstahl&nbsp;sind perfekt f\u00fcr&nbsp;hei\u00dfe Getr\u00e4nke&nbsp;an k\u00fchlen Tagen und <strong>eiskalte Drinks<\/strong>&nbsp;an warmen Sommertagen. Der&nbsp;<strong>Thermobecher<\/strong>&nbsp;besteht aus strapazierf\u00e4higem Edelstahl mit&nbsp;<strong>doppelwandiger Vakuumisolierung.&nbsp;<\/strong>Mit dem&nbsp;<strong>mitgelieferten<\/strong>&nbsp;<strong>Deckel<\/strong>&nbsp;kannst Du Dein Getr\u00e4nk ein paar Stunden stehen lassen und es anschlie\u00dfend noch hei\u00df bzw. kalt genie\u00dfen!<br><br>Durch die spezielle Beschichtung wird der Becher von au\u00dfen nicht hei\u00df. Der&nbsp;<strong>LAYZEE Thermobecher ist<\/strong>&nbsp;<strong>sp\u00fclmaschinenfest!<\/strong><br>Durch die&nbsp;<strong>breite \u00d6ffnung<\/strong>&nbsp;ist Dein LAYZEE Becher&nbsp;<strong>einfach<\/strong>&nbsp;zu reinigen und&nbsp;<strong>zu bef\u00fcllen<\/strong>!<br><strong>Praktisch:<\/strong>&nbsp;Falls Du stolzer Besitzer einer LAYZEE Box bist, haben die Edelstahlbecher die perfekte Gr\u00f6sse um sie platzsparend zu verstauen.<\/p>\n<\/div>\n\n\n\n<div class=\"wp-block-uagb-container uagb-block-ae00b476 alignwide uagb-is-root-container\">\n<div class=\"wp-block-uagb-container uagb-block-3d544ad6\"><style type=\"text\/css\">.otter-masonry .blocks-gallery-grid .blocks-gallery-item img{ width:100% }<\/style><div class=\"otter-masonry\" data-margin=\"10\">\n<figure class=\"wp-block-gallery has-nested-images columns-2 is-cropped wp-block-gallery-1 is-layout-flex wp-block-gallery-is-layout-flex\">\n<figure class=\"wp-block-image size-full has-custom-border\"><img decoding=\"async\" width=\"1024\" height=\"1024\" data-id=\"130536\" src=\"https:\/\/dachzeltnomaden.com\/shop\/wp-content\/uploads\/2024\/06\/Dachzeltnomaden_Shol_Zubehoer_Kochen_Layzee_kaffee-thermo-becher-edelstahl-layzee-orange.webp\" alt=\"Dachzeltnomaden Shop Zubehoer Kochen Layzee Kaffee Thermo Becher kaufen\" class=\"wp-image-130536\" style=\"border-radius:10px\" srcset=\"https:\/\/dachzeltnomaden.com\/shop\/wp-content\/uploads\/2024\/06\/Dachzeltnomaden_Shol_Zubehoer_Kochen_Layzee_kaffee-thermo-becher-edelstahl-layzee-orange.webp 1024w, https:\/\/dachzeltnomaden.com\/shop\/wp-content\/uploads\/2024\/06\/Dachzeltnomaden_Shol_Zubehoer_Kochen_Layzee_kaffee-thermo-becher-edelstahl-layzee-orange-300x300.webp 300w, https:\/\/dachzeltnomaden.com\/shop\/wp-content\/uploads\/2024\/06\/Dachzeltnomaden_Shol_Zubehoer_Kochen_Layzee_kaffee-thermo-becher-edelstahl-layzee-orange-768x768.webp 768w, https:\/\/dachzeltnomaden.com\/shop\/wp-content\/uploads\/2024\/06\/Dachzeltnomaden_Shol_Zubehoer_Kochen_Layzee_kaffee-thermo-becher-edelstahl-layzee-orange-600x600.webp 600w, https:\/\/dachzeltnomaden.com\/shop\/wp-content\/uploads\/2024\/06\/Dachzeltnomaden_Shol_Zubehoer_Kochen_Layzee_kaffee-thermo-becher-edelstahl-layzee-orange-100x100.webp 100w\" sizes=\"(max-width: 1024px) 100vw, 1024px\" \/><\/figure>\n\n\n\n<figure class=\"wp-block-image size-full has-custom-border\"><img decoding=\"async\" width=\"1024\" height=\"1024\" data-id=\"130538\" src=\"https:\/\/dachzeltnomaden.com\/shop\/wp-content\/uploads\/2024\/06\/Dachzeltnomaden_Shol_Zubehoer_Kochen_Layzee_Thermo_Edelstahlbecher_Tumbler.webp\" alt=\"Dachzeltnomaden Shop Zubehoer Kochen Layzee Camping Becher Thermo kaufen\" class=\"wp-image-130538\" style=\"border-radius:10px\" srcset=\"https:\/\/dachzeltnomaden.com\/shop\/wp-content\/uploads\/2024\/06\/Dachzeltnomaden_Shol_Zubehoer_Kochen_Layzee_Thermo_Edelstahlbecher_Tumbler.webp 1024w, https:\/\/dachzeltnomaden.com\/shop\/wp-content\/uploads\/2024\/06\/Dachzeltnomaden_Shol_Zubehoer_Kochen_Layzee_Thermo_Edelstahlbecher_Tumbler-300x300.webp 300w, https:\/\/dachzeltnomaden.com\/shop\/wp-content\/uploads\/2024\/06\/Dachzeltnomaden_Shol_Zubehoer_Kochen_Layzee_Thermo_Edelstahlbecher_Tumbler-768x768.webp 768w, https:\/\/dachzeltnomaden.com\/shop\/wp-content\/uploads\/2024\/06\/Dachzeltnomaden_Shol_Zubehoer_Kochen_Layzee_Thermo_Edelstahlbecher_Tumbler-600x600.webp 600w, https:\/\/dachzeltnomaden.com\/shop\/wp-content\/uploads\/2024\/06\/Dachzeltnomaden_Shol_Zubehoer_Kochen_Layzee_Thermo_Edelstahlbecher_Tumbler-100x100.webp 100w\" sizes=\"(max-width: 1024px) 100vw, 1024px\" \/><\/figure>\n\n\n\n<figure class=\"wp-block-image size-full has-custom-border\"><img decoding=\"async\" width=\"1024\" height=\"1024\" data-id=\"130534\" src=\"https:\/\/dachzeltnomaden.com\/shop\/wp-content\/uploads\/2024\/06\/Dachzeltnomaden_Shol_Zubehoer_Kochen_Layzee_camping-becher-thermo-orange-tuerkis-scaled-1_1024_75.webp\" alt=\"Dachzeltnomaden Shop Zubehoer Kochen Layzee Camping Becher Thermo kaufen\" class=\"wp-image-130534\" style=\"border-radius:10px\" srcset=\"https:\/\/dachzeltnomaden.com\/shop\/wp-content\/uploads\/2024\/06\/Dachzeltnomaden_Shol_Zubehoer_Kochen_Layzee_camping-becher-thermo-orange-tuerkis-scaled-1_1024_75.webp 1024w, https:\/\/dachzeltnomaden.com\/shop\/wp-content\/uploads\/2024\/06\/Dachzeltnomaden_Shol_Zubehoer_Kochen_Layzee_camping-becher-thermo-orange-tuerkis-scaled-1_1024_75-300x300.webp 300w, https:\/\/dachzeltnomaden.com\/shop\/wp-content\/uploads\/2024\/06\/Dachzeltnomaden_Shol_Zubehoer_Kochen_Layzee_camping-becher-thermo-orange-tuerkis-scaled-1_1024_75-768x768.webp 768w, https:\/\/dachzeltnomaden.com\/shop\/wp-content\/uploads\/2024\/06\/Dachzeltnomaden_Shol_Zubehoer_Kochen_Layzee_camping-becher-thermo-orange-tuerkis-scaled-1_1024_75-600x600.webp 600w, https:\/\/dachzeltnomaden.com\/shop\/wp-content\/uploads\/2024\/06\/Dachzeltnomaden_Shol_Zubehoer_Kochen_Layzee_camping-becher-thermo-orange-tuerkis-scaled-1_1024_75-100x100.webp 100w\" sizes=\"(max-width: 1024px) 100vw, 1024px\" \/><\/figure>\n\n\n\n<figure class=\"wp-block-image size-full has-custom-border\"><img decoding=\"async\" width=\"1024\" height=\"1024\" data-id=\"130535\" src=\"https:\/\/dachzeltnomaden.com\/shop\/wp-content\/uploads\/2024\/06\/Dachzeltnomaden_Shol_Zubehoer_Kochen_Layzee_fruehstueck-tee-becher-thermo.webp\" alt=\"Dachzeltnomaden Shop Zubehoer Kochen Layzee Thermo Becher Fruehstueck kaufen\" class=\"wp-image-130535\" style=\"border-radius:10px\" srcset=\"https:\/\/dachzeltnomaden.com\/shop\/wp-content\/uploads\/2024\/06\/Dachzeltnomaden_Shol_Zubehoer_Kochen_Layzee_fruehstueck-tee-becher-thermo.webp 1024w, https:\/\/dachzeltnomaden.com\/shop\/wp-content\/uploads\/2024\/06\/Dachzeltnomaden_Shol_Zubehoer_Kochen_Layzee_fruehstueck-tee-becher-thermo-300x300.webp 300w, https:\/\/dachzeltnomaden.com\/shop\/wp-content\/uploads\/2024\/06\/Dachzeltnomaden_Shol_Zubehoer_Kochen_Layzee_fruehstueck-tee-becher-thermo-768x768.webp 768w, https:\/\/dachzeltnomaden.com\/shop\/wp-content\/uploads\/2024\/06\/Dachzeltnomaden_Shol_Zubehoer_Kochen_Layzee_fruehstueck-tee-becher-thermo-600x600.webp 600w, https:\/\/dachzeltnomaden.com\/shop\/wp-content\/uploads\/2024\/06\/Dachzeltnomaden_Shol_Zubehoer_Kochen_Layzee_fruehstueck-tee-becher-thermo-100x100.webp 100w\" sizes=\"(max-width: 1024px) 100vw, 1024px\" \/><\/figure>\n<\/figure>\n<\/div><\/div>\n\n\n\n<div class=\"wp-block-uagb-container uagb-block-76ea1ad4\">\n<h3 class=\"wp-block-heading\">Die Vorteile vom LAYZEE Thermobecher:<\/h3>\n\n\n\n<ul class=\"wp-block-list\">\n<li>Passend f\u00fcr die LAYZEE Box<\/li>\n\n\n\n<li>Doppelwandige Vakuumisolierung<\/li>\n\n\n\n<li>Sp\u00fclmaschinen geeignet<\/li>\n\n\n\n<li>Erh\u00e4ltlich in unseren 3 schicken LAYZEE Farben<\/li>\n\n\n\n<li>Langlebige Au\u00dfen- und Innenh\u00fclle aus lebensmittelechtem 18\/8-Edelstahl<\/li>\n\n\n\n<li>Ber\u00fchrungssicher bei extrem hei\u00dfen und kalten Getr\u00e4nken<\/li>\n\n\n\n<li>Ideal f\u00fcr kalte Biere und andere hei\u00dfe oder kalte Getr\u00e4nke<\/li>\n\n\n\n<li>Breite \u00d6ffnung f\u00fcr einfaches Bef\u00fcllen und Reinigen<\/li>\n<\/ul>\n\n\n\n<div class=\"wp-block-buttons is-layout-flex wp-block-buttons-is-layout-flex\">\n<div class=\"wp-block-button\"><a class=\"wp-block-button__link wp-element-button\" href=\"https:\/\/t.adcell.com\/click.php?bid=266054-92838&amp;param0=https%3A%2F%2Flayzee-camping.com%2Fshop%2Fthermobecher%2F\" target=\"_blank\" rel=\"noreferrer noopener\">Zum LAYZEE Thermobecher<\/a><\/div>\n<\/div>\n<\/div>\n<\/div>\n","protected":false},"excerpt":{"rendered":"<p class=\"block-editor-rich-text__editable uagb-desc-text rich-text\" style=\"--tw-border-spacing-x: 0; --tw-border-spacing-y: 0; --tw-translate-x: 0; --tw-translate-y: 0; --tw-rotate: 0; --tw-skew-x: 0; --tw-skew-y: 0; --tw-scale-x: 1; --tw-scale-y: 1; --tw-scroll-snap-strictness: proximity; --tw-ring-offset-width: 0px; --tw-ring-offset-color: #fff; --tw-ring-color: rgb(59 130 246 \/ 0.5); --tw-ring-offset-shadow: 0 0 #0000; --tw-ring-shadow: 0 0 #0000; --tw-shadow: 0 0 #0000; --tw-shadow-colored: 0 0 #0000; margin-bottom: 15px; box-sizing: border-box; font-size: 17px; line-height: 1.65em; word-break: break-word; font-style: normal; caret-color: #575757; color: #575757; font-family: 'Be Vietnam Pro', sans-serif; white-space: pre-wrap; min-width: 1px;\" role=\"textbox\" aria-multiline=\"true\" aria-label=\"Write a Description\" aria-readonly=\"false\" data-wp-block-attribute-key=\"16\">Hol Dir einen stylischen\u00a0<strong style=\"--tw-border-spacing-x: 0; --tw-border-spacing-y: 0; --tw-translate-x: 0; --tw-translate-y: 0; --tw-rotate: 0; --tw-skew-x: 0; --tw-skew-y: 0; --tw-scale-x: 1; --tw-scale-y: 1; --tw-scroll-snap-strictness: proximity; --tw-ring-offset-width: 0px; --tw-ring-offset-color: #fff; --tw-ring-color: rgb(59 130 246 \/ 0.5); --tw-ring-offset-shadow: 0 0 #0000; --tw-ring-shadow: 0 0 #0000; --tw-shadow: 0 0 #0000; --tw-shadow-colored: 0 0 #0000; box-sizing: border-box;\">Thermobecher<\/strong>\u00a0in Deiner LAYZEE Lieblingsfarbe!<\/p>\n<p>Die handlichen Becher aus Edelstahl sind perfekt f\u00fcr hei\u00dfe Getr\u00e4nke an k\u00fchlen Tagen und an warmen Sommertagen. Der Thermobecher besteht aus strapazierf\u00e4higem Edelstahl mit doppelwandiger Vakuumisolierung. Mit dem mitgelieferten Deckel kannst Du Dein Getr\u00e4nk ein paar Stunden stehen lassen und es anschlie\u00dfend noch hei\u00df bzw. kalt genie\u00dfen!<\/p>\n<p><a class=\"button\" style=\"font-size: 16px; font-style: normal; transition-delay: 0s;\" href=\"https:\/\/t.adcell.com\/click.php?bid=266054-92838&amp;param0=https%3A%2F%2Flayzee-camping.com%2Fshop%2Fthermobecher%2F\" target=\"blank\" rel=\"noopener\">Hier gehts zum LAYZEE Tumbler<\/a><\/p>\n","protected":false},"featured_media":130534,"template":"","meta":{"_uag_custom_page_level_css":"","site-sidebar-layout":"default","site-content-layout":"","ast-site-content-layout":"default","site-content-style":"default","site-sidebar-style":"default","ast-global-header-display":"","ast-banner-title-visibility":"","ast-main-header-display":"","ast-hfb-above-header-display":"","ast-hfb-below-header-display":"","ast-hfb-mobile-header-display":"","site-post-title":"","ast-breadcrumbs-content":"","ast-featured-img":"","footer-sml-layout":"","ast-disable-related-posts":"","theme-transparent-header-meta":"","adv-header-id-meta":"","stick-header-meta":"","header-above-stick-meta":"","header-main-stick-meta":"","header-below-stick-meta":"","astra-migrate-meta-layouts":"default","ast-page-background-enabled":"default","ast-page-background-meta":{"desktop":{"background-color":"var(--ast-global-color-4)","background-image":"","background-repeat":"repeat","background-position":"center center","background-size":"auto","background-attachment":"scroll","background-type":"","background-media":"","overlay-type":"","overlay-color":"","overlay-opacity":"","overlay-gradient":""},"tablet":{"background-color":"","background-image":"","background-repeat":"repeat","background-position":"center center","background-size":"auto","background-attachment":"scroll","background-type":"","background-media":"","overlay-type":"","overlay-color":"","overlay-opacity":"","overlay-gradient":""},"mobile":{"background-color":"","background-image":"","background-repeat":"repeat","background-position":"center center","background-size":"auto","background-attachment":"scroll","background-type":"","background-media":"","overlay-type":"","overlay-color":"","overlay-opacity":"","overlay-gradient":""}},"ast-content-background-meta":{"desktop":{"background-color":"var(--ast-global-color-5)","background-image":"","background-repeat":"repeat","background-position":"center center","background-size":"auto","background-attachment":"scroll","background-type":"","background-media":"","overlay-type":"","overlay-color":"","overlay-opacity":"","overlay-gradient":""},"tablet":{"background-color":"var(--ast-global-color-5)","background-image":"","background-repeat":"repeat","background-position":"center center","background-size":"auto","background-attachment":"scroll","background-type":"","background-media":"","overlay-type":"","overlay-color":"","overlay-opacity":"","overlay-gradient":""},"mobile":{"background-color":"var(--ast-global-color-5)","background-image":"","background-repeat":"repeat","background-position":"center center","background-size":"auto","background-attachment":"scroll","background-type":"","background-media":"","overlay-type":"","overlay-color":"","overlay-opacity":"","overlay-gradient":""}},"_themeisle_gutenberg_block_has_review":false},"product_brand":[],"product_cat":[101,342],"product_tag":[],"class_list":{"0":"post-128495","1":"product","2":"type-product","3":"status-publish","4":"has-post-thumbnail","6":"product_cat-zubehoer","7":"product_cat-kochen","8":"desktop-align-left","9":"tablet-align-left","10":"mobile-align-left","11":"ast-product-gallery-layout-vertical-slider","12":"ast-product-tabs-layout-horizontal","14":"first","15":"instock","16":"purchasable","17":"product-type-external"},"exclude_global_add_ons":[],"addons":[],"uagb_featured_image_src":{"full":["https:\/\/dachzeltnomaden.com\/shop\/wp-content\/uploads\/2024\/06\/Dachzeltnomaden_Shol_Zubehoer_Kochen_Layzee_camping-becher-thermo-orange-tuerkis-scaled-1_1024_75.webp",1024,1024,false],"thumbnail":["https:\/\/dachzeltnomaden.com\/shop\/wp-content\/uploads\/2024\/06\/Dachzeltnomaden_Shol_Zubehoer_Kochen_Layzee_camping-becher-thermo-orange-tuerkis-scaled-1_1024_75.webp",600,600,false],"medium":["https:\/\/dachzeltnomaden.com\/shop\/wp-content\/uploads\/2024\/06\/Dachzeltnomaden_Shol_Zubehoer_Kochen_Layzee_camping-becher-thermo-orange-tuerkis-scaled-1_1024_75-300x300.webp",300,300,true],"medium_large":["https:\/\/dachzeltnomaden.com\/shop\/wp-content\/uploads\/2024\/06\/Dachzeltnomaden_Shol_Zubehoer_Kochen_Layzee_camping-becher-thermo-orange-tuerkis-scaled-1_1024_75-768x768.webp",768,768,true],"large":["https:\/\/dachzeltnomaden.com\/shop\/wp-content\/uploads\/2024\/06\/Dachzeltnomaden_Shol_Zubehoer_Kochen_Layzee_camping-becher-thermo-orange-tuerkis-scaled-1_1024_75.webp",512,512,false],"1536x1536":["https:\/\/dachzeltnomaden.com\/shop\/wp-content\/uploads\/2024\/06\/Dachzeltnomaden_Shol_Zubehoer_Kochen_Layzee_camping-becher-thermo-orange-tuerkis-scaled-1_1024_75.webp",1024,1024,false],"2048x2048":["https:\/\/dachzeltnomaden.com\/shop\/wp-content\/uploads\/2024\/06\/Dachzeltnomaden_Shol_Zubehoer_Kochen_Layzee_camping-becher-thermo-orange-tuerkis-scaled-1_1024_75.webp",1024,1024,false],"woocommerce_thumbnail":["https:\/\/dachzeltnomaden.com\/shop\/wp-content\/uploads\/2024\/06\/Dachzeltnomaden_Shol_Zubehoer_Kochen_Layzee_camping-becher-thermo-orange-tuerkis-scaled-1_1024_75-600x600.webp",600,600,true],"woocommerce_single":["https:\/\/dachzeltnomaden.com\/shop\/wp-content\/uploads\/2024\/06\/Dachzeltnomaden_Shol_Zubehoer_Kochen_Layzee_camping-becher-thermo-orange-tuerkis-scaled-1_1024_75.webp",1024,1024,false],"woocommerce_gallery_thumbnail":["https:\/\/dachzeltnomaden.com\/shop\/wp-content\/uploads\/2024\/06\/Dachzeltnomaden_Shol_Zubehoer_Kochen_Layzee_camping-becher-thermo-orange-tuerkis-scaled-1_1024_75-100x100.webp",100,100,true]},"uagb_author_info":{"display_name":"Jasmine","author_link":"https:\/\/dachzeltnomaden.com\/shop\/author\/"},"uagb_comment_info":0,"uagb_excerpt":"Hol Dir einen stylischen\u00a0Thermobecher\u00a0in Deiner LAYZEE Lieblingsfarbe! Die handlichen Becher aus Edelstahl sind perfekt f\u00fcr hei\u00dfe Getr\u00e4nke an k\u00fchlen Tagen und an warmen Sommertagen. Der Thermobecher besteht aus strapazierf\u00e4higem Edelstahl mit doppelwandiger Vakuumisolierung. Mit dem mitgelieferten Deckel kannst Du Dein Getr\u00e4nk ein paar Stunden stehen lassen und es anschlie\u00dfend noch hei\u00df bzw. kalt genie\u00dfen!Hier gehts&hellip;","_links":{"self":[{"href":"https:\/\/dachzeltnomaden.com\/shop\/wp-json\/wp\/v2\/product\/128495","targetHints":{"allow":["GET"]}}],"collection":[{"href":"https:\/\/dachzeltnomaden.com\/shop\/wp-json\/wp\/v2\/product"}],"about":[{"href":"https:\/\/dachzeltnomaden.com\/shop\/wp-json\/wp\/v2\/types\/product"}],"wp:featuredmedia":[{"embeddable":true,"href":"https:\/\/dachzeltnomaden.com\/shop\/wp-json\/wp\/v2\/media\/130534"}],"wp:attachment":[{"href":"https:\/\/dachzeltnomaden.com\/shop\/wp-json\/wp\/v2\/media?parent=128495"}],"wp:term":[{"taxonomy":"product_brand","embeddable":true,"href":"https:\/\/dachzeltnomaden.com\/shop\/wp-json\/wp\/v2\/product_brand?post=128495"},{"taxonomy":"product_cat","embeddable":true,"href":"https:\/\/dachzeltnomaden.com\/shop\/wp-json\/wp\/v2\/product_cat?post=128495"},{"taxonomy":"product_tag","embeddable":true,"href":"https:\/\/dachzeltnomaden.com\/shop\/wp-json\/wp\/v2\/product_tag?post=128495"}],"curies":[{"name":"wp","href":"https:\/\/api.w.org\/{rel}","templated":true}]}}