{"id":1266,"date":"2024-01-12T14:04:02","date_gmt":"2024-01-12T13:04:02","guid":{"rendered":"https:\/\/shop.dachzeltnomaden.com\/?post_type=product&#038;p=1266"},"modified":"2026-03-08T07:22:22","modified_gmt":"2026-03-08T06:22:22","slug":"qeedo-dachzelte","status":"publish","type":"product","link":"https:\/\/dachzeltnomaden.com\/shop\/produkt\/qeedo-dachzelte\/","title":{"rendered":"qeedo<br>Dachzelte"},"content":{"rendered":"\n<p class=\"has-text-align-left\">WERBUNG<br><br>Du suchst ein qeedo Dachzelt? Dann bist du hier genau richtig! qeedo Dachzelte gibt es in folgenden Ausf\u00fchrungen:<\/p>\n\n\n\n<ul class=\"wp-block-list\">\n<li>Klappdachzelte, Hartschalen Dachzelte, aufblasbare Dachzelte<\/li>\n\n\n\n<li>Thermohaube + Zuladung je nach Modell m\u00f6glich<\/li>\n\n\n\n<li>Liegefl\u00e4che Breite: 110-140 cm<\/li>\n\n\n\n<li>Gewicht: ab 39 Kg<\/li>\n\n\n\n<li>Preis: ab 1298 Euro<\/li>\n<\/ul>\n\n\n\n<p>*Die Links sind Affiliate Links. Wenn du dich f\u00fcr den Kauf eines Dachzeltes entscheidest, erhalten die Dachzeltnomaden eine Provision. Damit unterst\u00fctzt du uns &amp; unsere Arbeit. F\u00fcr dich kostet das Dachzelt deshalb nicht mehr.<br><br>Diese qeedo Dachzelt Modelle sind aktuell zu haben:<\/p>\n\n\n\n<div class=\"wp-block-uagb-container uagb-block-59993f54 default uagb-is-root-container\">\n<div class=\"wp-block-uagb-container uagb-block-c56be715 default uagb-is-root-container\">\n<div class=\"wp-block-group is-layout-constrained wp-container-core-group-is-layout-bdcbbb17 wp-block-group-is-layout-constrained\">\n<div class=\"wp-block-uagb-advanced-heading uagb-block-3d3c16d3\"><h2 class=\"uagb-heading-text\">Freedom Slim 2<\/h2><div class=\"uagb-separator\"><\/div><p class=\"uagb-desc-text\"><strong>2.499 \u20ac<\/strong><\/p><\/div>\n\n\n\n<div class=\"wp-block-uagb-image uagb-block-c4349972 wp-block-uagb-image--layout-default wp-block-uagb-image--effect-static wp-block-uagb-image--align-none\"><figure class=\"wp-block-uagb-image__figure\"><img decoding=\"async\" srcset=\"https:\/\/dachzeltnomaden.com\/shop\/wp-content\/uploads\/2024\/01\/dachzeltnomaden-qeedo-dachzelt-freedom-slim-2-kaufen.webp ,https:\/\/dachzeltnomaden.com\/shop\/wp-content\/uploads\/2024\/01\/dachzeltnomaden-qeedo-dachzelt-freedom-slim-2-kaufen.webp 780w, https:\/\/dachzeltnomaden.com\/shop\/wp-content\/uploads\/2024\/01\/dachzeltnomaden-qeedo-dachzelt-freedom-slim-2-kaufen.webp 360w\" sizes=\"auto, (max-width: 480px) 150px\" src=\"https:\/\/dachzeltnomaden.com\/shop\/wp-content\/uploads\/2024\/01\/dachzeltnomaden-qeedo-dachzelt-freedom-slim-2-kaufen.webp\" alt=\"qeedo freedom slim 2 alu hartschalen dachzelt kaufen decathlon\" class=\"uag-image-132265\" width=\"1024\" height=\"250\" title=\"dachzeltnomaden-qeedo-dachzelt-freedom-slim-2-kaufen\" loading=\"lazy\" role=\"img\"\/><\/figure><\/div>\n\n\n\n<p class=\"has-ast-global-color-2-color has-text-color has-link-color wp-elements-feedcf3c4bf6efed659d60280dbe5073\">Dachzelt f\u00fcr 1-2 Personen, Alu-Hartschale, f\u00fcr Fahrzeuge ab 67 kg Dachlast<\/p>\n\n\n\n<hr class=\"wp-block-separator has-text-color has-ast-global-color-2-color has-alpha-channel-opacity has-ast-global-color-2-background-color has-background\"\/>\n\n\n\n<ul style=\"font-size:15px\" class=\"wp-block-list has-ast-global-color-2-color has-text-color has-link-color wp-elements-e52ad4556737e076151be9858c6f2cd8\">\n<li>Ma\u00dfe geschlossen: 224 x 155 x 18 cm<\/li>\n\n\n\n<li>Ma\u00dfe ge\u00f6ffnet: 210 x 140 x 120 cm<\/li>\n\n\n\n<li>Ma\u00dfe Matratze: 210 x 140 x 8,0 cm<\/li>\n\n\n\n<li>Gewicht: 62 kg (ohne Leiter)<\/li>\n<\/ul>\n<\/div>\n\n\n\n<div class=\"wp-block-uagb-buttons uagb-buttons__outer-wrap uagb-btn__default-btn uagb-btn-tablet__default-btn uagb-btn-mobile__default-btn uagb-block-e2bb357d\"><div class=\"uagb-buttons__wrap uagb-buttons-layout-wrap \">\n<div class=\"wp-block-uagb-buttons-child uagb-buttons__outer-wrap uagb-block-631faa5e wp-block-button\"><div class=\"uagb-button__wrapper\"><a class=\"uagb-buttons-repeater wp-block-button__link\" aria-label=\"\" href=\"#\" rel=\"follow noopener\" target=\"_self\" role=\"button\"><div class=\"uagb-button__link\">Zum Freedom Slim<\/div><\/a><\/div><\/div>\n<\/div><\/div>\n<a class=\"spectra-container-link-overlay\" rel=\"noopener\" target=\"_blank\" href=\"https:\/\/www.awin1.com\/cread.php?awinmid=14353&amp;awinaffid=728701&amp;platform=dl&amp;ued=https%3A%2F%2Fwww.decathlon.de%2Fp%2Fmp%2Fdachzelt-fur-2-personen-freedom-slim-2-robustes-hardcover-autodachzelt%2F5639d0f1-0dd6-43e6-bc81-79ad49c7a74b%2Fc3&amp;clickred=shop_qeedo_freedomslim_decathlon_bb_1\"> <\/a><\/div>\n\n\n\n<div class=\"wp-block-uagb-container uagb-block-15d5dd2d default uagb-is-root-container\">\n<div class=\"wp-block-group is-layout-constrained wp-container-core-group-is-layout-bdcbbb17 wp-block-group-is-layout-constrained\">\n<div class=\"wp-block-uagb-advanced-heading uagb-block-9d890500\"><h2 class=\"uagb-heading-text\">Freedom Air 2<\/h2><div class=\"uagb-separator\"><\/div><p class=\"uagb-desc-text\"><strong>2.098 \u20ac<\/strong><\/p><\/div>\n\n\n\n<div class=\"wp-block-uagb-image uagb-block-979faf06 wp-block-uagb-image--layout-default wp-block-uagb-image--effect-static wp-block-uagb-image--align-none\"><figure class=\"wp-block-uagb-image__figure\"><img decoding=\"async\" srcset=\"https:\/\/dachzeltnomaden.com\/shop\/wp-content\/uploads\/2024\/01\/dachzeltnomaden-qeedo-dachzelte-freedom-air-2-aufblasbar-kaufen-decathlon.webp ,https:\/\/dachzeltnomaden.com\/shop\/wp-content\/uploads\/2024\/01\/dachzeltnomaden-qeedo-dachzelte-freedom-air-2-aufblasbar-kaufen-decathlon.webp 780w, https:\/\/dachzeltnomaden.com\/shop\/wp-content\/uploads\/2024\/01\/dachzeltnomaden-qeedo-dachzelte-freedom-air-2-aufblasbar-kaufen-decathlon.webp 360w\" sizes=\"auto, (max-width: 480px) 150px\" src=\"https:\/\/dachzeltnomaden.com\/shop\/wp-content\/uploads\/2024\/01\/dachzeltnomaden-qeedo-dachzelte-freedom-air-2-aufblasbar-kaufen-decathlon.webp\" alt=\"qeedo aufblasbares dachzelt freedom air 2 kaufen decathlon\" class=\"uag-image-132266\" width=\"1024\" height=\"250\" title=\"dachzeltnomaden-qeedo-dachzelte-freedom-air-2-aufblasbar-kaufen-decathlon\" loading=\"lazy\" role=\"img\"\/><\/figure><\/div>\n\n\n\n<p class=\"has-ast-global-color-2-color has-text-color has-link-color wp-elements-e321f04052ee03e017008e167fc8850a\">Geeignet f\u00fcr 1-2 Personen, aufblasbares Dachzelt, f\u00fcr Fahrzeuge ab 56 kg Dachlast<\/p>\n\n\n\n<hr class=\"wp-block-separator has-text-color has-ast-global-color-2-color has-alpha-channel-opacity has-ast-global-color-2-background-color has-background\"\/>\n\n\n\n<ul style=\"font-size:15px\" class=\"wp-block-list has-ast-global-color-2-color has-text-color has-link-color wp-elements-756792fc9a38c8563d1b1a20cce9e491\">\n<li>Ma\u00dfe geschlossen: 150 x 102 x 38 cm<\/li>\n\n\n\n<li>Ma\u00dfe ge\u00f6ffnet: 210 x 140 x 125 cm<\/li>\n\n\n\n<li>Ma\u00dfe Matratze: 210 x 140 x 6,0 cm<\/li>\n\n\n\n<li>Gewicht: 51 kg (ohne Leiter)<\/li>\n<\/ul>\n<\/div>\n\n\n\n<div class=\"wp-block-uagb-buttons uagb-buttons__outer-wrap uagb-btn__default-btn uagb-btn-tablet__default-btn uagb-btn-mobile__default-btn uagb-block-9773b122\"><div class=\"uagb-buttons__wrap uagb-buttons-layout-wrap \">\n<div class=\"wp-block-uagb-buttons-child uagb-buttons__outer-wrap uagb-block-740763c4 wp-block-button\"><div class=\"uagb-button__wrapper\"><a class=\"uagb-buttons-repeater wp-block-button__link\" aria-label=\"\" href=\"#\" rel=\"follow noopener\" target=\"_self\" role=\"button\"><div class=\"uagb-button__link\">Zum Freedom Air 2<\/div><\/a><\/div><\/div>\n<\/div><\/div>\n<a class=\"spectra-container-link-overlay\" rel=\"noopener\" target=\"_blank\" href=\"https:\/\/www.awin1.com\/cread.php?awinmid=14353&amp;awinaffid=728701&amp;platform=dl&amp;ued=https%3A%2F%2Fwww.decathlon.de%2Fp%2Fmp%2Fsoftcover-dachzelt-aufblasbar-freedom-air-2-personen-fur-auto-van%2Fe3d80839-6045-428a-a16d-c0efe0cf0a84%2Fc3&amp;clickref=shop_qeedo_freedomAir2_decathlon_bb_1\"> <\/a><\/div>\n\n\n\n<div class=\"wp-block-uagb-container uagb-block-549b2c05\">\n<div class=\"wp-block-group is-layout-constrained wp-container-core-group-is-layout-bdcbbb17 wp-block-group-is-layout-constrained\">\n<div class=\"wp-block-uagb-advanced-heading uagb-block-64d2fc5a\"><h2 class=\"uagb-heading-text\">Freedom Compact 1+<\/h2><div class=\"uagb-separator\"><\/div><p class=\"uagb-desc-text\"><strong>1.298 \u20ac<\/strong><\/p><\/div>\n\n\n\n<div class=\"wp-block-uagb-image uagb-block-cda1c6a3 wp-block-uagb-image--layout-default wp-block-uagb-image--effect-static wp-block-uagb-image--align-none\"><figure class=\"wp-block-uagb-image__figure\"><img decoding=\"async\" srcset=\"https:\/\/dachzeltnomaden.com\/shop\/wp-content\/uploads\/2024\/01\/dachzeltnomaden-qeedo-dachzelte-compact-1-offen-frau.webp ,https:\/\/dachzeltnomaden.com\/shop\/wp-content\/uploads\/2024\/01\/dachzeltnomaden-qeedo-dachzelte-compact-1-offen-frau.webp 780w, https:\/\/dachzeltnomaden.com\/shop\/wp-content\/uploads\/2024\/01\/dachzeltnomaden-qeedo-dachzelte-compact-1-offen-frau.webp 360w\" sizes=\"auto, (max-width: 480px) 150px\" src=\"https:\/\/dachzeltnomaden.com\/shop\/wp-content\/uploads\/2024\/01\/dachzeltnomaden-qeedo-dachzelte-compact-1-offen-frau.webp\" alt=\"qeedo freedom compact 1+ klappdachzelt kaufen decathlon\" class=\"uag-image-132267\" width=\"1024\" height=\"250\" title=\"dachzeltnomaden-qeedo-dachzelte-compact-1-+-offen-frau\" loading=\"lazy\" role=\"img\"\/><\/figure><\/div>\n\n\n\n<p class=\"has-ast-global-color-2-color has-text-color has-link-color wp-elements-b72502fd806419789a4292dd8e9acfa6\">1 Personen Dachzelt, Klappdachzelt, f\u00fcr Fahrzeuge ab 44 kg Dachlast<\/p>\n\n\n\n<hr class=\"wp-block-separator has-text-color has-ast-global-color-2-color has-alpha-channel-opacity has-ast-global-color-2-background-color has-background\"\/>\n\n\n\n<ul style=\"font-size:15px\" class=\"wp-block-list has-ast-global-color-2-color has-text-color has-link-color wp-elements-3b7e7834091bc8f5c5c33e1ba3e4bffe\">\n<li>Ma\u00dfe geschlossen: 117 x 110 x 33 cm<\/li>\n\n\n\n<li>Ma\u00dfe ge\u00f6ffnet: 218 x 117 x 92 cm<\/li>\n\n\n\n<li>Ma\u00dfe Matratze: 210 x 110 x 7,0 cm<\/li>\n\n\n\n<li>Gewicht: 39 kg (ohne Leiter)<\/li>\n<\/ul>\n<\/div>\n\n\n\n<div class=\"wp-block-uagb-buttons uagb-buttons__outer-wrap uagb-btn__default-btn uagb-btn-tablet__default-btn uagb-btn-mobile__default-btn uagb-block-7c96cdbe\"><div class=\"uagb-buttons__wrap uagb-buttons-layout-wrap \">\n<div class=\"wp-block-uagb-buttons-child uagb-buttons__outer-wrap uagb-block-92b8d11f wp-block-button\"><div class=\"uagb-button__wrapper\"><a class=\"uagb-buttons-repeater wp-block-button__link\" aria-label=\"\" href=\"#\" rel=\"follow noopener\" target=\"_self\" role=\"button\"><div class=\"uagb-button__link\">Zum Freedom Compact 1+<\/div><\/a><\/div><\/div>\n<\/div><\/div>\n<a class=\"spectra-container-link-overlay\" rel=\"noopener\" target=\"_blank\" href=\"https:\/\/www.awin1.com\/cread.php?awinmid=14353&amp;awinaffid=728701&amp;platform=dl&amp;ued=https%3A%2F%2Fwww.decathlon.de%2Fp%2Fmp%2Fqeedo%2Fdachzelt-fuer-1-2-personen-freedom-compact-1-kompaktes-softcover-autodachzelt%2F_%2FR-p-12936c52-2261-44bb-a898-bdfba3564050%3Fmc%3D12936c52-2261-44bb-a898-bdfba3564050_c3%26c%3Dgrau\"> <\/a><\/div>\n<\/div>\n\n\n\n<div class=\"wp-block-uagb-container uagb-block-266adc31 default uagb-is-root-container\">\n<div class=\"wp-block-uagb-container uagb-block-fc578f9b default uagb-is-root-container\">\n<div class=\"wp-block-group is-layout-constrained wp-container-core-group-is-layout-bdcbbb17 wp-block-group-is-layout-constrained\">\n<div class=\"wp-block-uagb-advanced-heading uagb-block-faf84b70\"><h2 class=\"uagb-heading-text\">Freedom Light<\/h2><div class=\"uagb-separator\"><\/div><p class=\"uagb-desc-text\"><strong>1.699 \u20ac<\/strong><\/p><\/div>\n\n\n\n<div class=\"wp-block-uagb-image uagb-block-db9c4701 wp-block-uagb-image--layout-default wp-block-uagb-image--effect-static wp-block-uagb-image--align-none\"><figure class=\"wp-block-uagb-image__figure\"><img decoding=\"async\" srcset=\"https:\/\/dachzeltnomaden.com\/shop\/wp-content\/uploads\/2024\/01\/dachzeltnomaden-shop-dachzelte-qeedo-freedom-light-kaufen.webp ,https:\/\/dachzeltnomaden.com\/shop\/wp-content\/uploads\/2024\/01\/dachzeltnomaden-shop-dachzelte-qeedo-freedom-light-kaufen.webp 780w, https:\/\/dachzeltnomaden.com\/shop\/wp-content\/uploads\/2024\/01\/dachzeltnomaden-shop-dachzelte-qeedo-freedom-light-kaufen.webp 360w\" sizes=\"auto, (max-width: 480px) 150px\" src=\"https:\/\/dachzeltnomaden.com\/shop\/wp-content\/uploads\/2024\/01\/dachzeltnomaden-shop-dachzelte-qeedo-freedom-light-kaufen.webp\" alt=\"qeedo dachzelt freedom light kaufen\" class=\"uag-image-140136\" width=\"1024\" height=\"250\" title=\"dachzeltnomaden-shop-dachzelte-qeedo-freedom-light-kaufen\" loading=\"lazy\" role=\"img\"\/><\/figure><\/div>\n\n\n\n<p class=\"has-ast-global-color-2-color has-text-color has-link-color wp-elements-edad44f0517fd44b721972c277e297ad\">Dachzelt f\u00fcr 1-2 Personen, Alu-Hartschale, f\u00fcr Fahrzeuge ab 51 kg Dachlast<\/p>\n\n\n\n<hr class=\"wp-block-separator has-text-color has-ast-global-color-2-color has-alpha-channel-opacity has-ast-global-color-2-background-color has-background\"\/>\n\n\n\n<ul style=\"font-size:15px\" class=\"wp-block-list has-ast-global-color-2-color has-text-color has-link-color wp-elements-921455cec0b429ff8fd94c02dd0a6837\">\n<li>Ma\u00dfe geschlossen: 225 x 155 x 28 cm<\/li>\n\n\n\n<li>Ma\u00dfe ge\u00f6ffnet: 217 x 154 x 154 cm<\/li>\n\n\n\n<li>Ma\u00dfe Matratze: 205 x 140 x 5 cm<\/li>\n\n\n\n<li>Gewicht: 45.5 kg<\/li>\n<\/ul>\n<\/div>\n\n\n\n<div class=\"wp-block-uagb-buttons uagb-buttons__outer-wrap uagb-btn__default-btn uagb-btn-tablet__default-btn uagb-btn-mobile__default-btn uagb-block-f6a5d49c\"><div class=\"uagb-buttons__wrap uagb-buttons-layout-wrap \">\n<div class=\"wp-block-uagb-buttons-child uagb-buttons__outer-wrap uagb-block-86bed811 wp-block-button\"><div class=\"uagb-button__wrapper\"><a class=\"uagb-buttons-repeater wp-block-button__link\" aria-label=\"\" href=\"#\" rel=\"follow noopener\" target=\"_self\" role=\"button\"><div class=\"uagb-button__link\">Zum Freedom Light<\/div><\/a><\/div><\/div>\n<\/div><\/div>\n<a class=\"spectra-container-link-overlay\" rel=\"noopener\" target=\"_blank\" href=\"https:\/\/www.awin1.com\/cread.php?awinmid=14353&amp;awinaffid=728701&amp;platform=dl&amp;ued=https%3A%2F%2Fwww.decathlon.de%2Fp%2Fmp%2Fdachzelt-freedom-light-l-leichtes-soft-top-dachzelt-dunkelgrau%2F85666d52-c7b1-461e-a4cc-dce77c5feec9%2Fc3&amp;clickref=shop_qeedo_freedomlight_decathlon_bb_1\"> <\/a><\/div>\n\n\n\n<div class=\"wp-block-uagb-container uagb-block-2140178b default uagb-is-root-container\">\n<div class=\"wp-block-group is-layout-constrained wp-container-core-group-is-layout-bdcbbb17 wp-block-group-is-layout-constrained\">\n<div class=\"wp-block-uagb-advanced-heading uagb-block-ff5aeba3\"><h2 class=\"uagb-heading-text\">Freedom Hybrid 2<\/h2><div class=\"uagb-separator\"><\/div><p class=\"uagb-desc-text\"><strong>2.598 \u20ac<\/strong><\/p><\/div>\n\n\n\n<div class=\"wp-block-uagb-image uagb-block-33f86fb6 wp-block-uagb-image--layout-default wp-block-uagb-image--effect-static wp-block-uagb-image--align-none\"><figure class=\"wp-block-uagb-image__figure\"><img decoding=\"async\" srcset=\"https:\/\/dachzeltnomaden.com\/shop\/wp-content\/uploads\/2024\/01\/dachzeltnomaden-shop-dachzelte-qeedo-freedom-hybrid-2-kaufen.webp ,https:\/\/dachzeltnomaden.com\/shop\/wp-content\/uploads\/2024\/01\/dachzeltnomaden-shop-dachzelte-qeedo-freedom-hybrid-2-kaufen.webp 780w, https:\/\/dachzeltnomaden.com\/shop\/wp-content\/uploads\/2024\/01\/dachzeltnomaden-shop-dachzelte-qeedo-freedom-hybrid-2-kaufen.webp 360w\" sizes=\"auto, (max-width: 480px) 150px\" src=\"https:\/\/dachzeltnomaden.com\/shop\/wp-content\/uploads\/2024\/01\/dachzeltnomaden-shop-dachzelte-qeedo-freedom-hybrid-2-kaufen.webp\" alt=\"qeedo dachzelt freedom hybrid 2 kaufen\" class=\"uag-image-140137\" width=\"1024\" height=\"250\" title=\"dachzeltnomaden-shop-dachzelte-qeedo-freedom-hybrid-2-kaufen\" loading=\"lazy\" role=\"img\"\/><\/figure><\/div>\n\n\n\n<p class=\"has-ast-global-color-2-color has-text-color has-link-color wp-elements-f31ce6e83bcc006c7ef7809ba65db41d\">Dachzelt f\u00fcr 1-2 Personen, Alu-Hartschale, f\u00fcr Fahrzeuge ab 65 kg Dachlast<\/p>\n\n\n\n<hr class=\"wp-block-separator has-text-color has-ast-global-color-2-color has-alpha-channel-opacity has-ast-global-color-2-background-color has-background\"\/>\n\n\n\n<ul style=\"font-size:15px\" class=\"wp-block-list has-ast-global-color-2-color has-text-color has-link-color wp-elements-674f417b0d3e45f2391f80a37cfd4dc2\">\n<li>Ma\u00dfe geschlossen: 145 x 106 x 29 cm<\/li>\n\n\n\n<li>Ma\u00dfe ge\u00f6ffnet: 230 x 140 x 100 cm<\/li>\n\n\n\n<li>Ma\u00dfe Matratze: 210 x 125 x 7 cm<\/li>\n\n\n\n<li>Gewicht: 60 kg<\/li>\n<\/ul>\n<\/div>\n\n\n\n<div class=\"wp-block-uagb-buttons uagb-buttons__outer-wrap uagb-btn__default-btn uagb-btn-tablet__default-btn uagb-btn-mobile__default-btn uagb-block-275d71dc\"><div class=\"uagb-buttons__wrap uagb-buttons-layout-wrap \">\n<div class=\"wp-block-uagb-buttons-child uagb-buttons__outer-wrap uagb-block-64ab3764 wp-block-button\"><div class=\"uagb-button__wrapper\"><a class=\"uagb-buttons-repeater wp-block-button__link\" aria-label=\"\" href=\"#\" rel=\"follow noopener\" target=\"_self\" role=\"button\"><div class=\"uagb-button__link\">Zum Freedom Hybrid 2<\/div><\/a><\/div><\/div>\n<\/div><\/div>\n<a class=\"spectra-container-link-overlay\" rel=\"noopener\" target=\"_blank\" href=\"https:\/\/www.awin1.com\/cread.php?awinmid=14353&amp;awinaffid=728701&amp;platform=dl&amp;ued=https%3A%2F%2Fwww.decathlon.de%2Fp%2Fmp%2Ffreedom-hybrid-2-personen-hartschalen-dachzelt-klappbar%2Fa0f0a275-91e3-40e9-acbb-7fd8bd8286b7%2Fc1&amp;clickref=shop_qeedo_hybrid2_decathlon_bb_1\"> <\/a><\/div>\n\n\n\n<div class=\"wp-block-uagb-container uag-hide-mob uagb-block-f0305d7e\"><a class=\"spectra-container-link-overlay\" rel=\"noopener\" target=\"_blank\" href=\"https:\/\/www.awin1.com\/cread.php?awinmid=14353&amp;awinaffid=728701&amp;platform=dl&amp;ued=https%3A%2F%2Fwww.decathlon.de%2Fp%2Fmp%2Fqeedo%2Fdachzelt-fuer-1-2-personen-freedom-compact-1-kompaktes-softcover-autodachzelt%2F_%2FR-p-12936c52-2261-44bb-a898-bdfba3564050%3Fmc%3D12936c52-2261-44bb-a898-bdfba3564050_c3%26c%3Dgrau\"> <\/a><\/div>\n<\/div>\n","protected":false},"excerpt":{"rendered":"<p>WERBUNG Du suchst ein qeedo Dachzelt? Dann bist du hier genau richtig! qeedo Dachzelte gibt es in folgenden Ausf\u00fchrungen: *Die [&hellip;]<\/p>\n","protected":false},"featured_media":132268,"template":"","meta":{"_uag_custom_page_level_css":"","site-sidebar-layout":"default","site-content-layout":"","ast-site-content-layout":"default","site-content-style":"default","site-sidebar-style":"default","ast-global-header-display":"","ast-banner-title-visibility":"","ast-main-header-display":"","ast-hfb-above-header-display":"","ast-hfb-below-header-display":"","ast-hfb-mobile-header-display":"","site-post-title":"","ast-breadcrumbs-content":"","ast-featured-img":"","footer-sml-layout":"","ast-disable-related-posts":"","theme-transparent-header-meta":"","adv-header-id-meta":"","stick-header-meta":"","header-above-stick-meta":"","header-main-stick-meta":"","header-below-stick-meta":"","astra-migrate-meta-layouts":"default","ast-page-background-enabled":"default","ast-page-background-meta":{"desktop":{"background-color":"var(--ast-global-color-4)","background-image":"","background-repeat":"repeat","background-position":"center center","background-size":"auto","background-attachment":"scroll","background-type":"","background-media":"","overlay-type":"","overlay-color":"","overlay-opacity":"","overlay-gradient":""},"tablet":{"background-color":"","background-image":"","background-repeat":"repeat","background-position":"center center","background-size":"auto","background-attachment":"scroll","background-type":"","background-media":"","overlay-type":"","overlay-color":"","overlay-opacity":"","overlay-gradient":""},"mobile":{"background-color":"","background-image":"","background-repeat":"repeat","background-position":"center center","background-size":"auto","background-attachment":"scroll","background-type":"","background-media":"","overlay-type":"","overlay-color":"","overlay-opacity":"","overlay-gradient":""}},"ast-content-background-meta":{"desktop":{"background-color":"var(--ast-global-color-5)","background-image":"","background-repeat":"repeat","background-position":"center center","background-size":"auto","background-attachment":"scroll","background-type":"","background-media":"","overlay-type":"","overlay-color":"","overlay-opacity":"","overlay-gradient":""},"tablet":{"background-color":"var(--ast-global-color-5)","background-image":"","background-repeat":"repeat","background-position":"center center","background-size":"auto","background-attachment":"scroll","background-type":"","background-media":"","overlay-type":"","overlay-color":"","overlay-opacity":"","overlay-gradient":""},"mobile":{"background-color":"var(--ast-global-color-5)","background-image":"","background-repeat":"repeat","background-position":"center center","background-size":"auto","background-attachment":"scroll","background-type":"","background-media":"","overlay-type":"","overlay-color":"","overlay-opacity":"","overlay-gradient":""}},"_themeisle_gutenberg_block_has_review":false},"product_brand":[],"product_cat":[108],"product_tag":[231,323,324,325],"class_list":{"0":"post-1266","1":"product","2":"type-product","3":"status-publish","4":"has-post-thumbnail","6":"product_cat-dachzelte","7":"product_tag-klappdachzelt","8":"product_tag-qeedo-dachzelte","9":"product_tag-aufblasbares-dachzelt","10":"product_tag-freedom-dachzelte","11":"desktop-align-left","12":"tablet-align-left","13":"mobile-align-left","14":"ast-product-gallery-layout-vertical-slider","15":"ast-product-tabs-layout-horizontal","17":"first","18":"instock","19":"taxable","20":"shipping-taxable","21":"purchasable","22":"product-type-external"},"exclude_global_add_ons":[],"addons":[],"uagb_featured_image_src":{"full":["https:\/\/dachzeltnomaden.com\/shop\/wp-content\/uploads\/2024\/01\/dachzeltnomaden-qeedo-dachzelte-compact-1-geschlossen.webp",800,450,false],"thumbnail":["https:\/\/dachzeltnomaden.com\/shop\/wp-content\/uploads\/2024\/01\/dachzeltnomaden-qeedo-dachzelte-compact-1-geschlossen-600x450.webp",600,450,true],"medium":["https:\/\/dachzeltnomaden.com\/shop\/wp-content\/uploads\/2024\/01\/dachzeltnomaden-qeedo-dachzelte-compact-1-geschlossen-300x169.webp",300,169,true],"medium_large":["https:\/\/dachzeltnomaden.com\/shop\/wp-content\/uploads\/2024\/01\/dachzeltnomaden-qeedo-dachzelte-compact-1-geschlossen-768x432.webp",768,432,true],"large":["https:\/\/dachzeltnomaden.com\/shop\/wp-content\/uploads\/2024\/01\/dachzeltnomaden-qeedo-dachzelte-compact-1-geschlossen.webp",800,450,false],"1536x1536":["https:\/\/dachzeltnomaden.com\/shop\/wp-content\/uploads\/2024\/01\/dachzeltnomaden-qeedo-dachzelte-compact-1-geschlossen.webp",800,450,false],"2048x2048":["https:\/\/dachzeltnomaden.com\/shop\/wp-content\/uploads\/2024\/01\/dachzeltnomaden-qeedo-dachzelte-compact-1-geschlossen.webp",800,450,false],"woocommerce_thumbnail":["https:\/\/dachzeltnomaden.com\/shop\/wp-content\/uploads\/2024\/01\/dachzeltnomaden-qeedo-dachzelte-compact-1-geschlossen-600x450.webp",600,450,true],"woocommerce_single":["https:\/\/dachzeltnomaden.com\/shop\/wp-content\/uploads\/2024\/01\/dachzeltnomaden-qeedo-dachzelte-compact-1-geschlossen.webp",800,450,false],"woocommerce_gallery_thumbnail":["https:\/\/dachzeltnomaden.com\/shop\/wp-content\/uploads\/2024\/01\/dachzeltnomaden-qeedo-dachzelte-compact-1-geschlossen-100x100.webp",100,100,true]},"uagb_author_info":{"display_name":"Jasmine","author_link":"https:\/\/dachzeltnomaden.com\/shop\/author\/"},"uagb_comment_info":0,"uagb_excerpt":"WERBUNG Du suchst ein qeedo Dachzelt? Dann bist du hier genau richtig! qeedo Dachzelte gibt es in folgenden Ausf\u00fchrungen: *Die [&hellip;]","_links":{"self":[{"href":"https:\/\/dachzeltnomaden.com\/shop\/wp-json\/wp\/v2\/product\/1266","targetHints":{"allow":["GET"]}}],"collection":[{"href":"https:\/\/dachzeltnomaden.com\/shop\/wp-json\/wp\/v2\/product"}],"about":[{"href":"https:\/\/dachzeltnomaden.com\/shop\/wp-json\/wp\/v2\/types\/product"}],"wp:featuredmedia":[{"embeddable":true,"href":"https:\/\/dachzeltnomaden.com\/shop\/wp-json\/wp\/v2\/media\/132268"}],"wp:attachment":[{"href":"https:\/\/dachzeltnomaden.com\/shop\/wp-json\/wp\/v2\/media?parent=1266"}],"wp:term":[{"taxonomy":"product_brand","embeddable":true,"href":"https:\/\/dachzeltnomaden.com\/shop\/wp-json\/wp\/v2\/product_brand?post=1266"},{"taxonomy":"product_cat","embeddable":true,"href":"https:\/\/dachzeltnomaden.com\/shop\/wp-json\/wp\/v2\/product_cat?post=1266"},{"taxonomy":"product_tag","embeddable":true,"href":"https:\/\/dachzeltnomaden.com\/shop\/wp-json\/wp\/v2\/product_tag?post=1266"}],"curies":[{"name":"wp","href":"https:\/\/api.w.org\/{rel}","templated":true}]}}