{"id":404,"date":"2024-01-12T09:55:24","date_gmt":"2024-01-12T08:55:24","guid":{"rendered":"https:\/\/shop.dachzeltnomaden.com\/versandarten\/"},"modified":"2026-02-26T16:48:02","modified_gmt":"2026-02-26T15:48:02","slug":"versandarten","status":"publish","type":"page","link":"https:\/\/dachzeltnomaden.com\/shop\/versandarten\/","title":{"rendered":"Versandarten"},"content":{"rendered":"\n<div class=\"wp-block-uagb-container uagb-block-84a80958 alignfull uagb-is-root-container\"><div class=\"uagb-container-inner-blocks-wrap\">\n<div class=\"wp-block-uagb-container uagb-block-2c347008 alignfull uagb-is-root-container\"><div class=\"uagb-container-inner-blocks-wrap\">\n<h1 class=\"wp-block-heading\">Versandkosten<\/h1>\n\n\n\n<p>Du m\u00f6chtest dich auch als&nbsp;<strong>Dachzeltnomade outen&nbsp;<\/strong>und etwas \u00fcber den DZN Shop bestellen? Super!<\/p>\n\n\n\n<h2 class=\"wp-block-heading\">Versanddauer<\/h2>\n\n\n\n<p>Der Versand von Merch erfolgt innerhalb von 2 Werktagen und wird mit DHL verschickt.<\/p>\n\n\n\n<h2 class=\"wp-block-heading\">Versandkosten<\/h2>\n\n\n\n<p>Folgende Versandkosten gibt es in unserem Shop und sind abh\u00e4ngig vom bestellten Produkt. Die Versandkosten beinhalten au\u00dferdem die Kosten f\u00fcr Verpackung.<\/p>\n\n\n\n<p>Deutschland<\/p>\n\n\n\n<ul class=\"wp-block-list\">\n<li>Brief klein 1,50\u20ac<\/li>\n\n\n\n<li>Brief gro\u00df 2,10\u20ac<\/li>\n\n\n\n<li>Paket klein 5,90\u20ac<\/li>\n\n\n\n<li>Paket gro\u00df 6,90\u20ac<\/li>\n<\/ul>\n\n\n\n<p>Dachzelte werden separat berechnet.<\/p>\n\n\n\n<p>Europa<\/p>\n\n\n\n<ul class=\"wp-block-list\">\n<li>Brief klein 2,70\u20ac<\/li>\n\n\n\n<li>Brief gro\u00df 4,70\u20ac<\/li>\n\n\n\n<li>Paket klein 10,50\u20ac<\/li>\n\n\n\n<li>Paket gro\u00df 16,50\u20ac<\/li>\n<\/ul>\n\n\n\n<p>Schweiz und andere Drittl\u00e4nder<\/p>\n\n\n\n<ul class=\"wp-block-list\">\n<li>Brief klein 2,70\u20ac<\/li>\n\n\n\n<li>Brief gro\u00df 4,70\u20ac<\/li>\n\n\n\n<li>Paket klein 19,50\u20ac<\/li>\n\n\n\n<li>Paket gro\u00df 23,50\u20ac<\/li>\n<\/ul>\n\n\n\n<p>F\u00fcr den Versand in die Schweiz empfehlen wir den Dienstleister&nbsp;<a href=\"https:\/\/meineinkauf.ch\/\" target=\"_blank\" rel=\"noreferrer noopener\">MeinEinkauf.ch<\/a>&nbsp;zu nutzen. Nach einer einmaligen Registrierung k\u00f6nnen Pakete zzgl. einer kleinen Bearbeitungsgeb\u00fchr zum innerdeutschen Versandtarif bestellt werden. Einfuhr und Verzollung inklusive.<\/p>\n<\/div><\/div>\n<\/div><\/div>\n","protected":false},"excerpt":{"rendered":"<p>Versandkosten Du m\u00f6chtest dich auch als&nbsp;Dachzeltnomade outen&nbsp;und etwas \u00fcber den DZN Shop bestellen? Super! Versanddauer Der Versand von Merch erfolgt [&hellip;]<\/p>\n","protected":false},"author":1,"featured_media":0,"parent":0,"menu_order":0,"comment_status":"closed","ping_status":"closed","template":"","meta":{"_uag_custom_page_level_css":"","site-sidebar-layout":"default","site-content-layout":"","ast-site-content-layout":"default","site-content-style":"default","site-sidebar-style":"default","ast-global-header-display":"","ast-banner-title-visibility":"","ast-main-header-display":"","ast-hfb-above-header-display":"","ast-hfb-below-header-display":"","ast-hfb-mobile-header-display":"","site-post-title":"","ast-breadcrumbs-content":"","ast-featured-img":"","footer-sml-layout":"","ast-disable-related-posts":"","theme-transparent-header-meta":"","adv-header-id-meta":"","stick-header-meta":"","header-above-stick-meta":"","header-main-stick-meta":"","header-below-stick-meta":"","astra-migrate-meta-layouts":"default","ast-page-background-enabled":"default","ast-page-background-meta":{"desktop":{"background-color":"var(--ast-global-color-4)","background-image":"","background-repeat":"repeat","background-position":"center center","background-size":"auto","background-attachment":"scroll","background-type":"","background-media":"","overlay-type":"","overlay-color":"","overlay-opacity":"","overlay-gradient":""},"tablet":{"background-color":"","background-image":"","background-repeat":"repeat","background-position":"center center","background-size":"auto","background-attachment":"scroll","background-type":"","background-media":"","overlay-type":"","overlay-color":"","overlay-opacity":"","overlay-gradient":""},"mobile":{"background-color":"","background-image":"","background-repeat":"repeat","background-position":"center center","background-size":"auto","background-attachment":"scroll","background-type":"","background-media":"","overlay-type":"","overlay-color":"","overlay-opacity":"","overlay-gradient":""}},"ast-content-background-meta":{"desktop":{"background-color":"var(--ast-global-color-5)","background-image":"","background-repeat":"repeat","background-position":"center center","background-size":"auto","background-attachment":"scroll","background-type":"","background-media":"","overlay-type":"","overlay-color":"","overlay-opacity":"","overlay-gradient":""},"tablet":{"background-color":"var(--ast-global-color-5)","background-image":"","background-repeat":"repeat","background-position":"center center","background-size":"auto","background-attachment":"scroll","background-type":"","background-media":"","overlay-type":"","overlay-color":"","overlay-opacity":"","overlay-gradient":""},"mobile":{"background-color":"var(--ast-global-color-5)","background-image":"","background-repeat":"repeat","background-position":"center center","background-size":"auto","background-attachment":"scroll","background-type":"","background-media":"","overlay-type":"","overlay-color":"","overlay-opacity":"","overlay-gradient":""}},"_themeisle_gutenberg_block_has_review":false,"footnotes":""},"class_list":["post-404","page","type-page","status-publish","hentry"],"uagb_featured_image_src":{"full":false,"thumbnail":false,"medium":false,"medium_large":false,"large":false,"1536x1536":false,"2048x2048":false,"woocommerce_thumbnail":false,"woocommerce_single":false,"woocommerce_gallery_thumbnail":false},"uagb_author_info":{"display_name":"admin","author_link":"https:\/\/dachzeltnomaden.com\/shop\/author\/admin\/"},"uagb_comment_info":0,"uagb_excerpt":"Versandkosten Du m\u00f6chtest dich auch als&nbsp;Dachzeltnomade outen&nbsp;und etwas \u00fcber den DZN Shop bestellen? Super! Versanddauer Der Versand von Merch erfolgt [&hellip;]","_links":{"self":[{"href":"https:\/\/dachzeltnomaden.com\/shop\/wp-json\/wp\/v2\/pages\/404","targetHints":{"allow":["GET"]}}],"collection":[{"href":"https:\/\/dachzeltnomaden.com\/shop\/wp-json\/wp\/v2\/pages"}],"about":[{"href":"https:\/\/dachzeltnomaden.com\/shop\/wp-json\/wp\/v2\/types\/page"}],"author":[{"embeddable":true,"href":"https:\/\/dachzeltnomaden.com\/shop\/wp-json\/wp\/v2\/users\/1"}],"replies":[{"embeddable":true,"href":"https:\/\/dachzeltnomaden.com\/shop\/wp-json\/wp\/v2\/comments?post=404"}],"version-history":[{"count":3,"href":"https:\/\/dachzeltnomaden.com\/shop\/wp-json\/wp\/v2\/pages\/404\/revisions"}],"predecessor-version":[{"id":139921,"href":"https:\/\/dachzeltnomaden.com\/shop\/wp-json\/wp\/v2\/pages\/404\/revisions\/139921"}],"wp:attachment":[{"href":"https:\/\/dachzeltnomaden.com\/shop\/wp-json\/wp\/v2\/media?parent=404"}],"curies":[{"name":"wp","href":"https:\/\/api.w.org\/{rel}","templated":true}]}}